{"id":9966,"date":"2020-08-11T15:04:43","date_gmt":"2020-08-11T07:04:43","guid":{"rendered":"https:\/\/dmi65.com\/vung\/nam-phi-nuoc-khung-hoang\/"},"modified":"2020-08-11T15:04:44","modified_gmt":"2020-08-11T07:04:44","slug":"nam-phi-nuoc-khung-hoang","status":"publish","type":"page","link":"https:\/\/dmi65.com\/vi\/vung\/nam-phi-nuoc-khung-hoang\/","title":{"rendered":"Nam Phi n\u01b0\u1edbc kh\u1ee7ng ho\u1ea3ng"},"content":{"rendered":"<div class=\"wpb-content-wrapper\"><p>[vc_row][vc_column][vc_column_text]Nam Phi n\u01b0\u1edbc kh\u1ee7ng ho\u1ea3ng: Nam Phi l\u00e0 m\u1ed9t qu\u1ed1c gia kho\u1ea3ng hai l\u1ea7n k\u00edch th\u01b0\u1edbc c\u1ee7a Texas, n\u00f3 l\u00e0 nh\u00e0 c\u1ee7a 49.000.000 ng\u01b0\u1eddi. \u0110\u1ea5t n\u01b0\u1edbc n\u00e0y \u0111\u00e3 \u0111\u01b0\u1ee3c b\u00e3i ngang b\u1edfi \u1ea3nh h\u01b0\u1edfng t\u1eeb c\u00e1c ph\u00e2n bi\u1ec7t ch\u1ee7ng t\u1ed9c l\u00e2u d\u00e0i \u0111\u1ee9ng \u0111\u1ebfn s\u1ef1 t\u00e0n ph\u00e1 r\u1eb1ng c\u00e1c b\u1ec7nh nh\u01b0 HIV\/AIDS v\u00e0 TB \u0111\u00e3 g\u00e2y ra. B\u00e2y gi\u1edd m\u1ed9t cu\u1ed9c kh\u1ee7ng ho\u1ea3ng d\u1ec7t trong kho\u1ea3ng c\u00e1ch: n\u01b0\u1edbc. Khi ng\u00e0y c\u00e0ng c\u00f3 nhi\u1ec1u ng\u01b0\u1eddi di chuy\u1ec3n v\u00e0o c\u00e1c th\u00e0nh ph\u1ed1 t\u1eeb c\u00e1c l\u00e0ng n\u00f4ng th\u00f4n \u00e1p l\u1ef1c cho th\u00e0nh ph\u1ed1 \u0111\u1ec3 \u0111\u00e1p \u1ee9ng nhu c\u1ea7u n\u01b0\u1edbc l\u00e0 bao gi\u1edd gia t\u0103ng.<\/p>\n<p>C\u00f3 nhi\u1ec1u l\u00fd do m\u00e0 thu\u1ed9c t\u00ednh n\u00e0y cu\u1ed9c kh\u1ee7ng ho\u1ea3ng n\u01b0\u1edbc \u0111ang ph\u00e1t tri\u1ec3n \u1edf Nam Phi. Bi\u1ebfn \u0111\u1ed5i kh\u00ed h\u1eadu \u0111\u00e3 \u1ea3nh h\u01b0\u1edfng \u0111\u1ebfn ngu\u1ed3n cung c\u1ea5p n\u01b0\u1edbc trong khu v\u1ef1c. M\u01b0a th\u01b0\u1eddng \u0111\u1ebfn v\u00e0 cung c\u1ea5p n\u01b0\u1edbc c\u1ee7a qu\u1ed1c gia \u0111\u00e3 \u0111\u1ebfn th\u01b0\u1eddng xuy\u00ean. V\u00ed d\u1ee5 trong Durban c\u00e1c \u0111\u1eadp l\u00e0 20 ph\u1ea7n tr\u0103m th\u1ea5p h\u01a1n \u1edf \u0111\u1ea7u 2010. Do th\u1ef1c t\u1ebf n\u00e0y, c\u00e1c th\u00e0nh ph\u1ed1 \u0111ang t\u00ecm c\u00e1ch \u00e1p d\u1ee5ng h\u1ea1n ch\u1ebf n\u01b0\u1edbc tr\u00ean c\u1ed9ng \u0111\u1ed3ng m\u1ed9t v\u1ea5n \u0111\u1ec1 m\u00e0 Durban trong khu\u00f4n m\u1eb7t \u0111\u1eb7c bi\u1ec7t l\u00e0 b\u1ecb \u0111\u00e1nh c\u1eafp n\u01b0\u1edbc. Theo m\u1ed9t b\u00e1o c\u00e1o 35 ph\u1ea7n tr\u0103m c\u1ee7a c\u00e1c th\u00e0nh ph\u1ed1 n\u01b0\u1edbc b\u1ecb \u0111\u00e1nh c\u1eafp ho\u1eb7c \u0111\u01b0a ra th\u00f4ng qua c\u00e1c k\u1ebft n\u1ed1i b\u1ea5t h\u1ee3p ph\u00e1p.<\/p>\n<p>Ngo\u00e0i ra, c\u00e1c bi\u1ec7n ph\u00e1p ng\u0103n ng\u1eeba \u0111\u01b0\u1ee3c \u0111\u1eb7t t\u1ea1i ch\u1ed7 nh\u01b0 vi\u1ec7c x\u00e2y d\u1ef1ng c\u00e1c \u0111\u1eadp trong khu v\u1ef1c \u0111\u00e3 th\u1eadm ch\u00ed kh\u00f4ng b\u1eaft \u0111\u1ea7u ho\u1eb7c v\u1eabn c\u00f2n trong qu\u00e1 tr\u00ecnh \u0111ang \u0111\u01b0\u1ee3c x\u00e2y d\u1ef1ng v\u00e0 nh\u1eefng c\u1ea5u tr\u00fac \u0111\u01b0\u1ee3c t\u1ea1i ch\u1ed7 b\u00e2y gi\u1edd \u0111ang d\u1ea7n s\u1ee5p \u0111\u1ed5. Nh\u1eefng ng\u01b0\u1eddi \u1edf khu v\u1ef1c n\u00f4ng th\u00f4n v\u1eabn c\u00f2n thi\u1ebfu ti\u1ebfp c\u1eadn v\u1edbi n\u01b0\u1edbc. M\u1ed9t b\u00e1o c\u00e1o \u0111\u00e3 n\u00f3i r\u1eb1ng kho\u1ea3ng 5.000.000 ng\u01b0\u1eddi thi\u1ebfu ti\u1ebfp c\u1eadn v\u1edbi n\u01b0\u1edbc v\u00e0 15.000.000 thi\u1ebfu quy\u1ec1n truy c\u1eadp v\u00e0o v\u1ec7 sinh c\u01a1 b\u1ea3n. Con s\u1ed1 n\u00e0y \u0111\u00e3 \u0111\u01b0\u1ee3c c\u1ea3i thi\u1ec7n r\u1ea5t nhi\u1ec1u k\u1ec3 t\u1eeb khi k\u1ebft th\u00fac apartheid trong 1994, Tuy nhi\u00ean nh\u1eefng con s\u1ed1 n\u00e0y v\u1eabn c\u00f2n qu\u00e1 cao v\u00e0 kh\u00f4ng ph\u1ea3i m\u1ed9t ng\u01b0\u1eddi bao gi\u1edd n\u00ean thi\u1ebfu quy\u1ec1n truy c\u1eadp v\u00e0o s\u1ef1 c\u1ea7n thi\u1ebft c\u01a1 b\u1ea3n nh\u1ea5t c\u1ee7a cu\u1ed9c s\u1ed1ng, \u0111\u00f3 l\u00e0 n\u01b0\u1edbc.<\/p>\n<p>\u0110i\u1ec1u th\u00fa v\u1ecb \u0111\u1ee7 Nam Phi t\u1ef1 h\u00e0o l\u00e0 m\u1ed9t trong nh\u1eefng h\u1ec7 th\u1ed1ng n\u01b0\u1edbc s\u1ea1ch nh\u1ea5t tr\u00ean th\u1ebf gi\u1edbi, Tuy nhi\u00ean do thi\u1ebfu v\u1ec7 sinh v\u00e0 truy c\u1eadp v\u00e0o c\u00e1c c\u1ed9ng \u0111\u1ed3ng n\u00f4ng th\u00f4n c\u1ee7a \u0111\u1ea5t n\u01b0\u1edbc l\u00e0 m\u1ed1i \u0111e d\u1ecda c\u1ee7a b\u1ec7nh sinh ra \u0111\u01b0\u1ee3c t\u0103ng \u0111\u1ec1u \u0111\u1eb7n. S\u00f4ng Vaal, s\u00f4ng l\u1edbn nh\u1ea5t \u1edf Nam Phi v\u00e0 c\u00e1c \u0111\u1ecba \u0111i\u1ec3m du l\u1ecbch ph\u1ed5 bi\u1ebfn \u0111ang tr\u1edf n\u00ean ng\u00e0y c\u00e0ng b\u1ecb nhi\u1ec5m v\u1eadt li\u1ec7u ph\u00e2n do thi\u1ebfu ngu\u1ed3n cung c\u1ea5p v\u1ec7 sinh.<\/p>\n<p>L\u01b0\u1ee3ng m\u01b0a c\u1ee7a Nam Phi lu\u00f4n bi\u1ebfn \u0111\u1ed5i v\u00e0 kh\u00f4ng l\u01b0\u1eddng tr\u01b0\u1edbc \u0111\u01b0\u1ee3c. \u0110i\u1ec1u n\u00e0y v\u1eabn l\u00e0 m\u1ed9t trong nh\u1eefng r\u1ee7i ro l\u1edbn h\u01a1n \u0111\u1ec3 m\u01b0a-Fed n\u00f4ng nghi\u1ec7p, nh\u01b0 Karoo n\u00f4ng d\u00e2n (B\u1eafc Cape) hi\u1ec7n \u0111ang tr\u1ea3i qua. V\u1eadt t\u01b0 \u0111\u00e1ng tin c\u1eady c\u00f3 th\u1ec3 \u0111\u01b0\u1ee3c cung c\u1ea5p cho ng\u01b0\u1eddi s\u1eed d\u1ee5ng n\u01b0\u1edbc \u0111\u00f4 th\u1ecb v\u00e0 c\u00f4ng nghi\u1ec7p-v\u00e0 n\u00f4ng d\u00e2n th\u1ee7y l\u1ee3i-n\u1ebfu c\u01a1 s\u1edf h\u1ea1 t\u1ea7ng l\u01b0u tr\u1eef \u0111\u01b0\u1ee3c x\u00e2y d\u1ef1ng v\u1edbi \u0111\u1ee7 n\u0103ng l\u1ef1c \u0111\u1ec3 \u0111\u1ed1i ph\u00f3 v\u1edbi th\u1eddi k\u1ef3 kh\u00f4 th\u01b0\u1eddng xuy\u00ean. Nh\u01b0ng c\u01a1 s\u1edf h\u1ea1 t\u1ea7ng \u0111\u00f3 ph\u1ea3i \u0111\u01b0\u1ee3c qu\u1ea3n l\u00fd v\u1edbi m\u1ed9t con m\u1eaft c\u1ea3nh gi\u00e1c v\u1ec1 kh\u00ed h\u1eadu lu\u00f4n thay \u0111\u1ed5i.<\/p>\n<p>Nghi\u00ean c\u1ee9u g\u1ea7n \u0111\u00e2y \u0111\u00e3 ch\u1ec9 ra r\u1eb1ng ngu\u1ed3n cung c\u1ea5p n\u01b0\u1edbc ng\u1ea7m Ch\u00e2u Phi ch\u01b0a b\u1ecb \u1ea3nh h\u01b0\u1edfng ti\u00eau c\u1ef1c. Nhi\u1ec7t \u0111\u1ed9 n\u00f3ng h\u01a1n s\u1ebd th\u1ea5y bay h\u01a1i h\u01a1n t\u1eeb b\u1ec1 m\u1eb7t \u0111\u1ea5t, nh\u01b0ng n\u00f3 c\u0169ng d\u1ef1 ki\u1ebfn r\u1eb1ng c\u00e1c c\u01a1n b\u00e3o s\u1ebd tr\u1edf n\u00ean d\u1eef d\u1ed9i h\u01a1n. M\u01b0a s\u1ebd r\u01a1i trong m\u1ed9t th\u1eddi gian ng\u1eafn h\u01a1n v\u00e0 \u0111i\u1ec1u n\u00e0y t\u1ea1o ra n\u1ea1p ti\u1ec1n nhi\u1ec1u h\u01a1n ch\u1eadm, m\u01b0a nh\u1eb9 nh\u00e0ng. Hi\u1ec7u \u1ee9ng t\u01b0\u01a1ng t\u1ef1 c\u00f3 th\u1ec3 nh\u00ecn th\u1ea5y d\u00f2ng s\u00f4ng t\u0103ng l\u00ean. T\u1ea1i th\u1eddi \u0111i\u1ec3m n\u00e0y, Nam Phi ch\u1ec9 s\u1eed d\u1ee5ng kho\u1ea3ng 30% n\u01b0\u1edbc trong c\u00e1c con s\u00f4ng v\u00e0 d\u01b0\u1edbi \u0111\u1ea5t. S\u1eed d\u1ee5ng nhi\u1ec1u h\u01a1n nhanh ch\u00f3ng tr\u1edf n\u00ean \u0111\u1eaft h\u01a1n. Nh\u01b0ng bi\u1ebfn \u0111\u1ed5i kh\u00ed h\u1eadu c\u00f3 th\u1ec3 gi\u00fap. Hi\u1ec7n nay, ch\u1ec9 c\u00f3 8% l\u01b0\u1ee3ng m\u01b0a th\u1ef1c s\u1ef1 ch\u1ea1y v\u00e0o c\u00e1c con s\u00f4ng v\u00e0 sau \u0111\u00f3 c\u00f3 s\u1eb5n \u0111\u1ec3 \u0111\u01b0\u1ee3c s\u1eed d\u1ee5ng ho\u1eb7c l\u01b0u tr\u1eef trong c\u00e1c \u0111\u1eadp. N\u1ebfu l\u01b0\u1ee3ng m\u01b0a tr\u1edf n\u00ean d\u1eef d\u1ed9i h\u01a1n, t\u1ef7 l\u1ec7 \u0111\u00f3 s\u1ebd l\u1edbn h\u01a1n.<\/p>\n<p>C\u00e1c \u0111\u00f4 th\u1ecb nh\u01b0 <a href=\"https:\/\/en.wikipedia.org\/wiki\/George,_Western_Cape\" target=\"_blank\" rel=\"noopener noreferrer\">George<\/a>, n\u1eb1m \u1edf t\u1ec9nh Western Cape, \u0111\u00e3 kh\u1eafc ph\u1ee5c cu\u1ed9c kh\u1ee7ng ho\u1ea3ng n\u01b0\u1edbc b\u1eb1ng c\u00e1ch s\u1eed d\u1ee5ng DMI-65 trong c\u00e1c nh\u00e0 m\u00e1y x\u1eed tr\u1ecb n\u01b0\u1edbc u\u1ed1ng c\u1ee7a h\u1ecd. DMI-65 l\u00e0 m\u1ed9t ph\u01b0\u01a1ng ti\u1ec7n l\u1ecdc x\u00fac t\u00e1c ti\u00ean ti\u1ebfn lo\u1ea1i b\u1ecf c\u00e1c kim lo\u1ea1i n\u1eb7ng t\u1eeb ngu\u1ed3n cung c\u1ea5p n\u01b0\u1edbc m\u1eb7t \u0111\u1ea5t. C\u00e1c c\u1ed9ng \u0111\u1ed3ng \u0111\u1ecba ph\u01b0\u01a1ng \u1edf George Municipality tr\u01b0\u1edbc \u0111\u00e2y \u0111\u00e3 c\u00f3 nh\u1eefng v\u1ea5n \u0111\u1ec1 kh\u1ee7ng khi\u1ebfp v\u1edbi l\u01b0\u1ee3ng s\u1eaft v\u00e0 mangan qu\u00e1 m\u1ee9c trong vi\u1ec7c cung c\u1ea5p n\u01b0\u1edbc c\u1ee7a h\u1ecd, n\u01b0\u1edbc tr\u00f4ng m\u00e0u n\u00e2u v\u00e0 c\u00f3 m\u00f9i h\u00f4i. K\u1ec3 t\u1eeb khi th\u1ef1c hi\u1ec7n DMI-65 ch\u1ea5t l\u01b0\u1ee3ng n\u01b0\u1edbc u\u1ed1ng c\u1ee7a \u0111\u1ecba ph\u01b0\u01a1ng \u0111\u00e3 c\u1ea3i thi\u1ec7n r\u00f5 r\u1ec7t, \u0111\u1ebfn m\u1ee9c m\u00e0 ch\u00ednh quy\u1ec1n George b\u00e2y gi\u1edd cung c\u1ea5p n\u01b0\u1edbc u\u1ed1ng cho c\u00e1c th\u1ecb tr\u1ea5n xung quanh. C\u00f3 m\u1ed9t s\u1ed1 th\u1ecb tr\u1ea5n kh\u00e1c b\u00e2y gi\u1edd t\u00ecm c\u00e1ch \u0111\u1ec3 th\u1ef1c hi\u1ec7n <a href=\"https:\/\/dmi65.com\/vi\/ky-thuat\/lam-the-nao-no-works\/\">DMI-65<\/a> \u0111\u1ec3 c\u1ea3i thi\u1ec7n ch\u1ea5t l\u01b0\u1ee3ng n\u01b0\u1edbc u\u1ed1ng c\u1ed9ng \u0111\u1ed3ng c\u1ee7a h\u1ecd.<\/p>\n<h4>DMI-65 l\u00e0 m\u1ed9t ph\u01b0\u01a1ng ti\u1ec7n l\u1ecdc x\u00fac t\u00e1c ti\u00ean ti\u1ebfn gi\u00fap lo\u1ea1i b\u1ecf c\u00e1c kim lo\u1ea1i n\u1eb7ng v\u00e0 c\u00f3 th\u1ec3 \u0111\u01b0\u1ee3c s\u1eed d\u1ee5ng \u0111\u1ec3 h\u1ed7 tr\u1ee3 cho cu\u1ed9c kh\u1ee7ng ho\u1ea3ng n\u01b0\u1edbc Nam Phi.<\/h4>\n<p>[\/vc_column_text][\/vc_column][\/vc_row][vc_row content_placement=&#8221;middle&#8221; css=&#8221;.vc_custom_1592794121420{padding-top: 20px !important;padding-right: 20px !important;padding-bottom: 5px !important;padding-left: 20px !important;}&#8221; el_class=&#8221;cta&#8221;][vc_column]<div class=\"dt-fancy-separator\" style=\"width: 100%;\"><div class=\"dt-fancy-title\"><span class=\"separator-holder separator-left\"><\/span>H\u1ecfi th\u0103m \u0111\u1ec3 t\u00ecm hi\u1ec3u c\u00e1ch DMI-65\u00ae ph\u01b0\u01a1ng ti\u1ec7n truy\u1ec1n th\u00f4ng l\u1ecdc c\u00f3 th\u1ec3 h\u1ed7 tr\u1ee3 v\u1edbi cu\u1ed9c kh\u1ee7ng ho\u1ea3ng n\u01b0\u1edbc Nam Phi<span class=\"separator-holder separator-right\"><\/span><\/div><\/div>[vc_btn title=&#8221;H\u1ecfi&#8221; style=&#8221;custom&#8221; custom_background=&#8221;#162441&#8243; custom_text=&#8221;#ffffff&#8221; shape=&#8221;square&#8221; size=&#8221;lg&#8221; align=&#8221;center&#8221; i_align=&#8221;right&#8221; i_icon_fontawesome=&#8221;fas fa-chevron-right&#8221; add_icon=&#8221;true&#8221; css=&#8221;.vc_custom_1592793128520{margin-top: 20px !important;}&#8221; el_class=&#8221;ctaButton sg-popup-id-8233&#8243;][\/vc_column][\/vc_row][vc_row][vc_column][vc_empty_space]<div class=\"dt-fancy-separator title-left\" style=\"width: 100%;\"><div class=\"dt-fancy-title\"><span class=\"separator-holder separator-left\"><\/span>Nam Phi nghi\u00ean c\u1ee9u t\u00ecnh hu\u1ed1ng<span class=\"separator-holder separator-right\"><\/span><\/div><\/div>[vc_empty_space][\/vc_column][\/vc_row][vc_row][vc_column][vc_basic_grid post_type=&#8221;post&#8221; max_items=&#8221;2&#8243; element_width=&#8221;6&#8243; item=&#8221;masonryGrid_Default&#8221; grid_id=&#8221;vc_gid:1597129268861-a296b67c-b68b-2&#8243; taxonomies=&#8221;944&#8243;][\/vc_column][\/vc_row]<\/p>\n<\/div>","protected":false},"excerpt":{"rendered":"<p>[vc_row][vc_column][vc_column_text]Nam Phi n\u01b0\u1edbc kh\u1ee7ng ho\u1ea3ng: Nam Phi l\u00e0 m\u1ed9t qu\u1ed1c gia kho\u1ea3ng hai l\u1ea7n k\u00edch th\u01b0\u1edbc c\u1ee7a Texas, n\u00f3 l\u00e0 nh\u00e0 c\u1ee7a 49.000.000 ng\u01b0\u1eddi. \u0110\u1ea5t n\u01b0\u1edbc n\u00e0y \u0111\u00e3 \u0111\u01b0\u1ee3c b\u00e3i ngang b\u1edfi \u1ea3nh h\u01b0\u1edfng t\u1eeb c\u00e1c ph\u00e2n bi\u1ec7t ch\u1ee7ng t\u1ed9c l\u00e2u d\u00e0i \u0111\u1ee9ng \u0111\u1ebfn s\u1ef1 t\u00e0n ph\u00e1 r\u1eb1ng c\u00e1c b\u1ec7nh nh\u01b0 HIV\/AIDS v\u00e0 TB \u0111\u00e3&hellip;<\/p>\n","protected":false},"author":1,"featured_media":0,"parent":7178,"menu_order":0,"comment_status":"closed","ping_status":"closed","template":"","meta":{"content-type":"","footnotes":""},"class_list":["post-9966","page","type-page","status-publish","hentry","description-off"],"yoast_head":"<!-- This site is optimized with the Yoast SEO plugin v25.2 - https:\/\/yoast.com\/wordpress\/plugins\/seo\/ -->\n<title>Gi\u1ea3i quy\u1ebft cu\u1ed9c kh\u1ee7ng ho\u1ea3ng n\u01b0\u1edbc Nam Phi v\u1edbi DMI-65 - % DMI-65\u00ae<\/title>\n<meta name=\"description\" content=\"DMI-65 l\u00e0 m\u1ed9t ph\u01b0\u01a1ng ti\u1ec7n l\u1ecdc x\u00fac t\u00e1c ti\u00ean ti\u1ebfn gi\u00fap lo\u1ea1i b\u1ecf c\u00e1c kim lo\u1ea1i n\u1eb7ng v\u00e0 c\u00f3 th\u1ec3 \u0111\u01b0\u1ee3c s\u1eed d\u1ee5ng \u0111\u1ec3 h\u1ed7 tr\u1ee3 cho cu\u1ed9c kh\u1ee7ng ho\u1ea3ng n\u01b0\u1edbc Nam Phi.\" \/>\n<meta name=\"robots\" content=\"index, follow, max-snippet:-1, max-image-preview:large, max-video-preview:-1\" \/>\n<link rel=\"canonical\" href=\"https:\/\/dmi65.com\/vi\/vung\/nam-phi-nuoc-khung-hoang\/\" \/>\n<meta property=\"og:locale\" content=\"vi_VN\" \/>\n<meta property=\"og:type\" content=\"article\" \/>\n<meta property=\"og:title\" content=\"Gi\u1ea3i quy\u1ebft cu\u1ed9c kh\u1ee7ng ho\u1ea3ng n\u01b0\u1edbc Nam Phi v\u1edbi DMI-65 - % DMI-65\u00ae\" \/>\n<meta property=\"og:description\" content=\"DMI-65 l\u00e0 m\u1ed9t ph\u01b0\u01a1ng ti\u1ec7n l\u1ecdc x\u00fac t\u00e1c ti\u00ean ti\u1ebfn gi\u00fap lo\u1ea1i b\u1ecf c\u00e1c kim lo\u1ea1i n\u1eb7ng v\u00e0 c\u00f3 th\u1ec3 \u0111\u01b0\u1ee3c s\u1eed d\u1ee5ng \u0111\u1ec3 h\u1ed7 tr\u1ee3 cho cu\u1ed9c kh\u1ee7ng ho\u1ea3ng n\u01b0\u1edbc Nam Phi.\" \/>\n<meta property=\"og:url\" content=\"https:\/\/dmi65.com\/vi\/vung\/nam-phi-nuoc-khung-hoang\/\" \/>\n<meta property=\"og:site_name\" content=\"DMI-65\u00ae\" \/>\n<meta property=\"article:modified_time\" content=\"2020-08-11T07:04:44+00:00\" \/>\n<meta property=\"og:image\" content=\"https:\/\/dmi65.com\/wp-content\/uploads\/2020\/06\/dmi65_Logo_Blk.png\" \/>\n\t<meta property=\"og:image:width\" content=\"466\" \/>\n\t<meta property=\"og:image:height\" content=\"200\" \/>\n\t<meta property=\"og:image:type\" content=\"image\/png\" \/>\n<meta name=\"twitter:card\" content=\"summary_large_image\" \/>\n<meta name=\"twitter:label1\" content=\"Est. reading time\" \/>\n\t<meta name=\"twitter:data1\" content=\"8 minutes\" \/>\n<script type=\"application\/ld+json\" class=\"yoast-schema-graph\">{\"@context\":\"https:\/\/schema.org\",\"@graph\":[{\"@type\":\"WebPage\",\"@id\":\"https:\/\/dmi65.com\/vi\/vung\/nam-phi-nuoc-khung-hoang\/\",\"url\":\"https:\/\/dmi65.com\/vi\/vung\/nam-phi-nuoc-khung-hoang\/\",\"name\":\"Gi\u1ea3i quy\u1ebft cu\u1ed9c kh\u1ee7ng ho\u1ea3ng n\u01b0\u1edbc Nam Phi v\u1edbi DMI-65 - % DMI-65\u00ae\",\"isPartOf\":{\"@id\":\"https:\/\/dmi65.com\/vi\/#website\"},\"datePublished\":\"2020-08-11T07:04:43+00:00\",\"dateModified\":\"2020-08-11T07:04:44+00:00\",\"description\":\"DMI-65 l\u00e0 m\u1ed9t ph\u01b0\u01a1ng ti\u1ec7n l\u1ecdc x\u00fac t\u00e1c ti\u00ean ti\u1ebfn gi\u00fap lo\u1ea1i b\u1ecf c\u00e1c kim lo\u1ea1i n\u1eb7ng v\u00e0 c\u00f3 th\u1ec3 \u0111\u01b0\u1ee3c s\u1eed d\u1ee5ng \u0111\u1ec3 h\u1ed7 tr\u1ee3 cho cu\u1ed9c kh\u1ee7ng ho\u1ea3ng n\u01b0\u1edbc Nam Phi.\",\"breadcrumb\":{\"@id\":\"https:\/\/dmi65.com\/vi\/vung\/nam-phi-nuoc-khung-hoang\/#breadcrumb\"},\"inLanguage\":\"vi-VN\",\"potentialAction\":[{\"@type\":\"ReadAction\",\"target\":[\"https:\/\/dmi65.com\/vi\/vung\/nam-phi-nuoc-khung-hoang\/\"]}]},{\"@type\":\"BreadcrumbList\",\"@id\":\"https:\/\/dmi65.com\/vi\/vung\/nam-phi-nuoc-khung-hoang\/#breadcrumb\",\"itemListElement\":[{\"@type\":\"ListItem\",\"position\":1,\"name\":\"Home\",\"item\":\"https:\/\/dmi65.com\/vi\/\"},{\"@type\":\"ListItem\",\"position\":2,\"name\":\"V\u00f9ng\",\"item\":\"https:\/\/dmi65.com\/vi\/vung\/\"},{\"@type\":\"ListItem\",\"position\":3,\"name\":\"Nam Phi n\u01b0\u1edbc kh\u1ee7ng ho\u1ea3ng\"}]},{\"@type\":\"WebSite\",\"@id\":\"https:\/\/dmi65.com\/vi\/#website\",\"url\":\"https:\/\/dmi65.com\/vi\/\",\"name\":\"DMI-65\u00ae\",\"description\":\"Water Filtration &amp; Reverse Osmosis Treatment, Catalytic Media\",\"publisher\":{\"@id\":\"https:\/\/dmi65.com\/vi\/#organization\"},\"potentialAction\":[{\"@type\":\"SearchAction\",\"target\":{\"@type\":\"EntryPoint\",\"urlTemplate\":\"https:\/\/dmi65.com\/vi\/?s={search_term_string}\"},\"query-input\":{\"@type\":\"PropertyValueSpecification\",\"valueRequired\":true,\"valueName\":\"search_term_string\"}}],\"inLanguage\":\"vi-VN\"},{\"@type\":\"Organization\",\"@id\":\"https:\/\/dmi65.com\/vi\/#organization\",\"name\":\"DMI-65 & Quantum Filtration Pty Ltd\",\"url\":\"https:\/\/dmi65.com\/vi\/\",\"logo\":{\"@type\":\"ImageObject\",\"inLanguage\":\"vi-VN\",\"@id\":\"https:\/\/dmi65.com\/vi\/#\/schema\/logo\/image\/\",\"url\":\"https:\/\/dmi65.com\/wp-content\/uploads\/2020\/04\/dmi65.png\",\"contentUrl\":\"https:\/\/dmi65.com\/wp-content\/uploads\/2020\/04\/dmi65.png\",\"width\":440,\"height\":205,\"caption\":\"DMI-65 & Quantum Filtration Pty Ltd\"},\"image\":{\"@id\":\"https:\/\/dmi65.com\/vi\/#\/schema\/logo\/image\/\"},\"sameAs\":[\"https:\/\/www.linkedin.com\/company\/dmi-65\",\"https:\/\/www.youtube.com\/channel\/UCbXoMn5KBp2jrnx4KR_Qg4A\"]}]}<\/script>\n<!-- \/ Yoast SEO plugin. -->","yoast_head_json":{"title":"Gi\u1ea3i quy\u1ebft cu\u1ed9c kh\u1ee7ng ho\u1ea3ng n\u01b0\u1edbc Nam Phi v\u1edbi DMI-65 - % DMI-65\u00ae","description":"DMI-65 l\u00e0 m\u1ed9t ph\u01b0\u01a1ng ti\u1ec7n l\u1ecdc x\u00fac t\u00e1c ti\u00ean ti\u1ebfn gi\u00fap lo\u1ea1i b\u1ecf c\u00e1c kim lo\u1ea1i n\u1eb7ng v\u00e0 c\u00f3 th\u1ec3 \u0111\u01b0\u1ee3c s\u1eed d\u1ee5ng \u0111\u1ec3 h\u1ed7 tr\u1ee3 cho cu\u1ed9c kh\u1ee7ng ho\u1ea3ng n\u01b0\u1edbc Nam Phi.","robots":{"index":"index","follow":"follow","max-snippet":"max-snippet:-1","max-image-preview":"max-image-preview:large","max-video-preview":"max-video-preview:-1"},"canonical":"https:\/\/dmi65.com\/vi\/vung\/nam-phi-nuoc-khung-hoang\/","og_locale":"vi_VN","og_type":"article","og_title":"Gi\u1ea3i quy\u1ebft cu\u1ed9c kh\u1ee7ng ho\u1ea3ng n\u01b0\u1edbc Nam Phi v\u1edbi DMI-65 - % DMI-65\u00ae","og_description":"DMI-65 l\u00e0 m\u1ed9t ph\u01b0\u01a1ng ti\u1ec7n l\u1ecdc x\u00fac t\u00e1c ti\u00ean ti\u1ebfn gi\u00fap lo\u1ea1i b\u1ecf c\u00e1c kim lo\u1ea1i n\u1eb7ng v\u00e0 c\u00f3 th\u1ec3 \u0111\u01b0\u1ee3c s\u1eed d\u1ee5ng \u0111\u1ec3 h\u1ed7 tr\u1ee3 cho cu\u1ed9c kh\u1ee7ng ho\u1ea3ng n\u01b0\u1edbc Nam Phi.","og_url":"https:\/\/dmi65.com\/vi\/vung\/nam-phi-nuoc-khung-hoang\/","og_site_name":"DMI-65\u00ae","article_modified_time":"2020-08-11T07:04:44+00:00","og_image":[{"width":466,"height":200,"url":"https:\/\/dmi65.com\/wp-content\/uploads\/2020\/06\/dmi65_Logo_Blk.png","type":"image\/png"}],"twitter_card":"summary_large_image","twitter_misc":{"Est. reading time":"8 minutes"},"schema":{"@context":"https:\/\/schema.org","@graph":[{"@type":"WebPage","@id":"https:\/\/dmi65.com\/vi\/vung\/nam-phi-nuoc-khung-hoang\/","url":"https:\/\/dmi65.com\/vi\/vung\/nam-phi-nuoc-khung-hoang\/","name":"Gi\u1ea3i quy\u1ebft cu\u1ed9c kh\u1ee7ng ho\u1ea3ng n\u01b0\u1edbc Nam Phi v\u1edbi DMI-65 - % DMI-65\u00ae","isPartOf":{"@id":"https:\/\/dmi65.com\/vi\/#website"},"datePublished":"2020-08-11T07:04:43+00:00","dateModified":"2020-08-11T07:04:44+00:00","description":"DMI-65 l\u00e0 m\u1ed9t ph\u01b0\u01a1ng ti\u1ec7n l\u1ecdc x\u00fac t\u00e1c ti\u00ean ti\u1ebfn gi\u00fap lo\u1ea1i b\u1ecf c\u00e1c kim lo\u1ea1i n\u1eb7ng v\u00e0 c\u00f3 th\u1ec3 \u0111\u01b0\u1ee3c s\u1eed d\u1ee5ng \u0111\u1ec3 h\u1ed7 tr\u1ee3 cho cu\u1ed9c kh\u1ee7ng ho\u1ea3ng n\u01b0\u1edbc Nam Phi.","breadcrumb":{"@id":"https:\/\/dmi65.com\/vi\/vung\/nam-phi-nuoc-khung-hoang\/#breadcrumb"},"inLanguage":"vi-VN","potentialAction":[{"@type":"ReadAction","target":["https:\/\/dmi65.com\/vi\/vung\/nam-phi-nuoc-khung-hoang\/"]}]},{"@type":"BreadcrumbList","@id":"https:\/\/dmi65.com\/vi\/vung\/nam-phi-nuoc-khung-hoang\/#breadcrumb","itemListElement":[{"@type":"ListItem","position":1,"name":"Home","item":"https:\/\/dmi65.com\/vi\/"},{"@type":"ListItem","position":2,"name":"V\u00f9ng","item":"https:\/\/dmi65.com\/vi\/vung\/"},{"@type":"ListItem","position":3,"name":"Nam Phi n\u01b0\u1edbc kh\u1ee7ng ho\u1ea3ng"}]},{"@type":"WebSite","@id":"https:\/\/dmi65.com\/vi\/#website","url":"https:\/\/dmi65.com\/vi\/","name":"DMI-65\u00ae","description":"Water Filtration &amp; Reverse Osmosis Treatment, Catalytic Media","publisher":{"@id":"https:\/\/dmi65.com\/vi\/#organization"},"potentialAction":[{"@type":"SearchAction","target":{"@type":"EntryPoint","urlTemplate":"https:\/\/dmi65.com\/vi\/?s={search_term_string}"},"query-input":{"@type":"PropertyValueSpecification","valueRequired":true,"valueName":"search_term_string"}}],"inLanguage":"vi-VN"},{"@type":"Organization","@id":"https:\/\/dmi65.com\/vi\/#organization","name":"DMI-65 & Quantum Filtration Pty Ltd","url":"https:\/\/dmi65.com\/vi\/","logo":{"@type":"ImageObject","inLanguage":"vi-VN","@id":"https:\/\/dmi65.com\/vi\/#\/schema\/logo\/image\/","url":"https:\/\/dmi65.com\/wp-content\/uploads\/2020\/04\/dmi65.png","contentUrl":"https:\/\/dmi65.com\/wp-content\/uploads\/2020\/04\/dmi65.png","width":440,"height":205,"caption":"DMI-65 & Quantum Filtration Pty Ltd"},"image":{"@id":"https:\/\/dmi65.com\/vi\/#\/schema\/logo\/image\/"},"sameAs":["https:\/\/www.linkedin.com\/company\/dmi-65","https:\/\/www.youtube.com\/channel\/UCbXoMn5KBp2jrnx4KR_Qg4A"]}]}},"_links":{"self":[{"href":"https:\/\/dmi65.com\/vi\/wp-json\/wp\/v2\/pages\/9966","targetHints":{"allow":["GET"]}}],"collection":[{"href":"https:\/\/dmi65.com\/vi\/wp-json\/wp\/v2\/pages"}],"about":[{"href":"https:\/\/dmi65.com\/vi\/wp-json\/wp\/v2\/types\/page"}],"author":[{"embeddable":true,"href":"https:\/\/dmi65.com\/vi\/wp-json\/wp\/v2\/users\/1"}],"replies":[{"embeddable":true,"href":"https:\/\/dmi65.com\/vi\/wp-json\/wp\/v2\/comments?post=9966"}],"version-history":[{"count":1,"href":"https:\/\/dmi65.com\/vi\/wp-json\/wp\/v2\/pages\/9966\/revisions"}],"predecessor-version":[{"id":9967,"href":"https:\/\/dmi65.com\/vi\/wp-json\/wp\/v2\/pages\/9966\/revisions\/9967"}],"up":[{"embeddable":true,"href":"https:\/\/dmi65.com\/vi\/wp-json\/wp\/v2\/pages\/7178"}],"wp:attachment":[{"href":"https:\/\/dmi65.com\/vi\/wp-json\/wp\/v2\/media?parent=9966"}],"curies":[{"name":"wp","href":"https:\/\/api.w.org\/{rel}","templated":true}]}}