{"id":9912,"date":"2020-08-11T14:33:57","date_gmt":"2020-08-11T06:33:57","guid":{"rendered":"https:\/\/dmi65.com\/vung\/trung-quoc-uong-nuoc\/"},"modified":"2020-08-11T14:34:00","modified_gmt":"2020-08-11T06:34:00","slug":"trung-quoc-uong-nuoc","status":"publish","type":"page","link":"https:\/\/dmi65.com\/vi\/vung\/trung-quoc-uong-nuoc\/","title":{"rendered":"Trung Qu\u1ed1c u\u1ed1ng n\u01b0\u1edbc"},"content":{"rendered":"<div class=\"wpb-content-wrapper\"><p>[vc_row][vc_column][vc_column_text]<strong>Trung Qu\u1ed1c u\u1ed1ng n\u01b0\u1edbc:<\/strong> V\u1ea5n \u0111\u1ec1 c\u1ea5p n\u01b0\u1edbc c\u1ee7a Trung Qu\u1ed1c n\u1ed5i ti\u1ebfng tr\u00ean to\u00e0n c\u1ea7u. Tuy nhi\u00ean, v\u1ea5n \u0111\u1ec1 ch\u00ednh \u0111\u1ed1i m\u1eb7t v\u1edbi Trung Qu\u1ed1c l\u00e0 l\u00e0m th\u1ebf n\u00e0o \u0111\u1ec3 ph\u00e2n ph\u1ed1i n\u01b0\u1edbc c\u1ee7a n\u00f3, ch\u1ee9 kh\u00f4ng ph\u1ea3i l\u00e0 thi\u1ebfu n\u01b0\u1edbc m\u1ed7i se. 80% ngu\u1ed3n cung c\u1ea5p n\u01b0\u1edbc c\u1ee7a Trung Qu\u1ed1c n\u1eb1m \u1edf <a href=\"https:\/\/en.wikipedia.org\/wiki\/South_China\" target=\"_blank\" rel=\"noopener noreferrer\">mi\u1ec1n Nam Trung Qu\u1ed1c<\/a>. Nh\u01b0ng n\u01b0\u1edbc n\u00e0y kh\u00f4ng th\u1ec3 \u0111\u01b0\u1ee3c s\u1eed d\u1ee5ng b\u1edfi d\u00e2n s\u1ed1 c\u1ee7a 12 t\u1ec9nh Trung Qu\u1ed1c \u0111\u1ea1i di\u1ec7n cho 41% t\u1ed5ng d\u00e2n s\u1ed1, 38% n\u00f4ng nghi\u1ec7p Trung Qu\u1ed1c, 46% trong ng\u00e0nh c\u00f4ng nghi\u1ec7p c\u1ee7a m\u00ecnh, v\u00e0 50% c\u1ee7a th\u1ebf h\u1ec7 \u0111i\u1ec7n c\u1ee7a n\u00f3. T\u00e1m trong s\u1ed1 c\u00e1c t\u1ec9nh n\u00e0y hi\u1ec7n \u0111ang tr\u1ea3i qua s\u1ef1 khan hi\u1ebfm n\u01b0\u1edbc c\u1ea5p t\u00ednh, trong khi \u1edf b\u1ed1n t\u1ec9nh n\u01b0\u1edbc ch\u1ec9 \u0111\u01a1n thu\u1ea7n l\u00e0 &#8220;khan hi\u1ebfm&#8221;, v\u00e0 hai t\u1ec9nh ch\u1ee7 y\u1ebfu l\u00e0 sa m\u1ea1c. H\u01a1n n\u1eefa, v\u1ea5n \u0111\u1ec1 l\u00e0 nh\u1eadn \u0111\u01b0\u1ee3c t\u1ed3i t\u1ec7 h\u01a1n, v\u1edbi 28.000 con s\u00f4ng \u1edf Trung Qu\u1ed1c \u0111\u00e3 kh\u00f4 l\u00ean trong 25 n\u0103m qua. V\u00e0 s\u1ef1 th\u00e8m \u0103n c\u1ee7a Trung Qu\u1ed1c cho n\u01b0\u1edbc ti\u1ebfp t\u1ee5c ph\u00e1t tri\u1ec3n, v\u1edbi d\u1ef1 b\u00e1o ti\u00eau th\u1ee5 t\u0103ng l\u00ean \u0111\u1ebfn 670.000.000.000 m\u00e9t kh\u1ed1i m\u1ed9t n\u0103m v\u00e0o \u0111\u1ea7u th\u1eadp ni\u00ean 2020s.<\/p>\n<p>Th\u00eam v\u00e0o v\u1ea5n \u0111\u1ec1 l\u00e0 m\u1ed9t th\u1ef1c t\u1ebf l\u00e0 khai th\u00e1c m\u1ecf than l\u00e0 m\u1ed9t n\u01b0\u1edbc chuy\u00ean s\u00e2u c\u0169ng nh\u01b0 qu\u00e1 tr\u00ecnh g\u00e2y \u00f4 nhi\u1ec5m, v\u00e0 85% l\u01b0\u1ee3ng than \u0111\u00e1 \u1edf Trung Qu\u1ed1c n\u1eb1m \u1edf c\u00e1c t\u1ec9nh, n\u01a1i n\u01b0\u1edbc l\u00e0 khan hi\u1ebfm v\u00e0 ph\u1ea3i \u0111\u01b0\u1ee3c chia s\u1ebb v\u1edbi m\u1ed9t ng\u00e0nh c\u00f4ng nghi\u1ec7p n\u00f4ng nghi\u1ec7p l\u1edbn. B\u00e1o c\u00e1o 20% c\u1ee7a t\u1ea5t c\u1ea3 c\u00e1c n\u01b0\u1edbc s\u1eed d\u1ee5ng t\u1ea1i Trung Qu\u1ed1c l\u00e0 cho khai th\u00e1c m\u1ecf, ch\u1ebf bi\u1ebfn, ho\u1eb7c ti\u00eau th\u1ee5 than, v\u00e0 g\u1ea7n 70% l\u00e0 cho c\u00e1c m\u1ee5c \u0111\u00edch n\u00f4ng nghi\u1ec7p. T\u1ed1c \u0111\u1ed9 t\u0103ng tr\u01b0\u1edfng nhanh ch\u00f3ng trong nhu c\u1ea7u n\u01b0\u1edbc, k\u1ebft h\u1ee3p v\u1edbi m\u1ed9t s\u1ef1 ph\u1ee5 thu\u1ed9c v\u00e0o ng\u1ea7m \u0111\u01b0\u1ee3c r\u00fat ra t\u1eeb c\u00e1c t\u1ea7ng ng\u1eadm, \u0111\u00e3 d\u1eabn \u0111\u1ebfn m\u1ed9t v\u1ea5n \u0111\u1ec1 m\u1edbi-s\u1ee5t l\u00fan. \u0110i\u1ec1u n\u00e0y \u0111\u1eb7t ra m\u1ed9t m\u1ed1i \u0111e d\u1ecda \u0111\u1ebfn h\u01a1n 50 th\u00e0nh ph\u1ed1 \u1edf Trung Qu\u1ed1c v\u00e0 \u0111ang \u0111\u01b0\u1ee3c gi\u00e1m s\u00e1t ch\u1eb7t ch\u1ebd c\u1ee7a ch\u00ednh ph\u1ee7.<\/p>\n<p>Urbanisation \u0111\u00e3 g\u00e2y ra m\u1ed9t v\u1ea5n \u0111\u1ec1 l\u1edbn cho x\u00e3 h\u1ed9i t\u1ea7ng l\u1edbp trung h\u1ecdc \u0111ang ph\u00e1t tri\u1ec3n nhanh ch\u00f3ng. Nh\u1eefng con s\u1ed1 l\u1edbn c\u1ee7a nh\u1eefng ng\u01b0\u1eddi \u0111ang di chuy\u1ec3n \u0111\u1ebfn c\u00e1c th\u00e0nh ph\u1ed1 cho c\u00e1c c\u01a1 h\u1ed9i vi\u1ec7c l\u00e0m, b\u00e2y gi\u1edd c\u00f3 k\u1ef3 v\u1ecdng cao h\u01a1n v\u00e0 ch\u1ea5t l\u01b0\u1ee3ng n\u01b0\u1edbc l\u00e0 kh\u00f4ng th\u1ec3 thi\u1ebfu cho l\u1ed1i s\u1ed1ng \u0111\u00f3. Nhi\u1ec1u th\u00e0nh ph\u1ed1 tr\u00ean kh\u1eafp Trung Qu\u1ed1c \u0111ang s\u1eed d\u1ee5ng c\u00e1c b\u1ed9 l\u1ecdc c\u00e1t nhanh ch\u00f3ng trong c\u00e1c nh\u00e0 m\u00e1y x\u1eed tr\u1ecb n\u01b0\u1edbc c\u1ee7a th\u00e0nh ph\u1ed1.<\/p>\n<h4><a href=\"https:\/\/dmi65.com\/vi\/ky-thuat\/lam-the-nao-no-works\/\">DMI-65<\/a> c\u00f3 th\u1ec3 d\u1ec5 d\u00e0ng \u0111\u01b0\u1ee3c s\u1eed d\u1ee5ng trong c\u00e1c b\u1ed9 l\u1ecdc, \u0111\u1ec3 lo\u1ea1i b\u1ecf c\u00e1c kim lo\u1ea1i n\u1eb7ng t\u1eeb ngu\u1ed3n cung c\u1ea5p n\u01b0\u1edbc m\u1eb7t \u0111\u1ea5t v\u00e0 c\u1ea3i thi\u1ec7n \u0111\u00e1ng k\u1ec3 ch\u1ea5t l\u01b0\u1ee3ng n\u01b0\u1edbc u\u1ed1ng cho c\u00e1c c\u1ed9ng \u0111\u1ed3ng \u0111\u1ecba ph\u01b0\u01a1ng.<\/h4>\n<p>D\u01b0\u1edbi s\u1ef1 qu\u1ea3n l\u00fd c\u1ee7a xi Jinping, B\u1eafc Kinh, Thi\u00ean T\u00e2n, v\u00e0 c\u00e1c t\u1ec9nh l\u00e2n c\u1eadn c\u1ee7a H\u00e0 B\u1eafc \u0111\u00e3 ph\u00e1t tri\u1ec3n \u0111\u00e1ng k\u1ec3. Tuy nhi\u00ean, 112.000.000 ng\u01b0\u1eddi s\u1ed1ng \u1edf \u0111\u00f3 qu\u1ea3n l\u00fd v\u1edbi \u00edt h\u01a1n m\u1ee9c ti\u00eau th\u1ee5 n\u01b0\u1edbc h\u00e0ng n\u0103m b\u00ecnh qu\u00e2n c\u1ee7a \u1ea3 R\u1eadp Saudi. N\u0103m 2016, th\u1ecb tr\u01b0\u1edfng B\u1eafc Kinh th\u00f4ng b\u00e1o r\u1eb1ng ch\u1ee7 y\u1ebfu l\u00e0 do s\u1ef1 khan hi\u1ebfm n\u01b0\u1edbc, d\u00e2n s\u1ed1 c\u1ee7a th\u00e0nh ph\u1ed1 kh\u00f4ng th\u1ec3 t\u0103ng l\u00ean tr\u00ean 23.000.000 ng\u01b0\u1eddi. Trong 2016, t\u1ec9nh Cam T\u00fac ph\u1ea3i \u0111\u1ed1i m\u1eb7t v\u1edbi nh\u1eefng v\u1ea5n \u0111\u1ec1 nghi\u00eam tr\u1ecdng v\u00e0 c\u01b0 d\u00e2n ch\u1ec9 c\u00f3 th\u1ec3 ti\u1ebfp c\u1eadn v\u1edbi n\u01b0\u1edbc trong m\u1ed9t gi\u1edd m\u1ed9t ng\u00e0y, v\u00e0 sau \u0111\u00f3 \u0111\u00e3 ph\u1ea3i v\u1eadn chuy\u1ec3n n\u01b0\u1edbc v\u00e0o c\u00e1c t\u1ea7ng cao c\u1ee7a h\u1ecd<\/p>\n<p>Ch\u00ednh ph\u1ee7 c\u00f4ng b\u1ed1 v\u00e0o n\u0103m 2015 r\u1eb1ng n\u00f3 s\u1ebd \u0111\u1ea7u t\u01b0 CNY800 t\u1ef7 USD (127 t\u1ef7 USD) v\u00e0o vi\u1ec7c c\u1ea3i thi\u1ec7n th\u1ee7y l\u1ee3i th\u00f4ng qua c\u00e1c d\u1ef1 \u00e1n b\u1ea3o t\u1ed3n n\u01b0\u1edbc, nhi\u1ec1u trong s\u1ed1 \u0111\u00f3 \u0111\u00e3 \u0111\u01b0\u1ee3c t\u1eadp trung v\u00e0o vi\u1ec7c c\u1ea3i thi\u1ec7n th\u1ee7y l\u1ee3i. Ch\u00ednh ph\u1ee7 c\u0169ng b\u00e1o c\u00e1o k\u1ebf ho\u1ea1ch \u0111\u1ea7u t\u01b0 h\u01a1n CNY6 t\u1ef7 trong v\u00e0i n\u0103m t\u1edbi c\u1ea3i thi\u1ec7n c\u01a1 s\u1edf h\u1ea1 t\u1ea7ng n\u01b0\u1edbc c\u1ee7a Trung Qu\u1ed1c v\u00e0 gi\u1ea3m \u00f4 nhi\u1ec5m n\u01b0\u1edbc.<\/p>\n<p>K\u1ebf ho\u1ea1ch c\u1ee7a Trung Qu\u1ed1c \u0111\u1ec3 gi\u1ea3i quy\u1ebft \u00f4 nhi\u1ec5m n\u01b0\u1edbc \u0111\u01b0\u1ee3c bao g\u1ed3m trong <a href=\"https:\/\/www.chinawaterrisk.org\/notices\/chinas-13th-five-year-plan-2016-2020\/\">k\u1ebf ho\u1ea1ch<\/a>n\u0103m th\u1ee9 13, trong \u0111\u00f3 c\u00f3 chi\u1ebfn l\u01b0\u1ee3c c\u1ee7a ch\u00ednh ph\u1ee7 \u0111\u1ec3 ch\u1ed1ng l\u1ea1i v\u1ea5n \u0111\u1ec1 n\u00e0y, c\u0169ng nh\u01b0 c\u00e1c k\u1ebf ho\u1ea1ch ph\u00e2n b\u1ed5 2013 n\u01b0\u1edbc cho s\u1ef1 ph\u00e1t tri\u1ec3n c\u1ee7a c\u00e1c c\u0103n c\u1ee9 than v\u00e0 2015 10-Point n\u01b0\u1edbc k\u1ebf ho\u1ea1ch. 10-\u0111i\u1ec3m n\u01b0\u1edbc k\u1ebf ho\u1ea1ch t\u1eadp trung v\u00e0o vi\u1ec7c th\u00fac \u0111\u1ea9y t\u00e1i ch\u1ebf v\u00e0 gi\u1ea3m m\u1ee9c \u0111\u1ed9 \u00f4 nhi\u1ec5m \u0111\u1ec3 t\u0103ng ngu\u1ed3n cung c\u1ea5p n\u01b0\u1edbc. C\u00e1c 13 n\u0103m k\u1ebf ho\u1ea1ch l\u1eadp ra c\u00e1c m\u1ee5c ti\u00eau v\u00e0 quy \u0111\u1ecbnh m\u00e0 b\u1ed9 s\u1ebd c\u00f3 tr\u00e1ch nhi\u1ec7m th\u1ef1c hi\u1ec7n t\u1eebng ph\u1ea7n c\u1ee7a k\u1ebf ho\u1ea1ch.[\/vc_column_text][\/vc_column][\/vc_row][vc_row content_placement=&#8221;middle&#8221; css=&#8221;.vc_custom_1592794121420{padding-top: 20px !important;padding-right: 20px !important;padding-bottom: 5px !important;padding-left: 20px !important;}&#8221; el_class=&#8221;cta&#8221;][vc_column]<div class=\"dt-fancy-separator\" style=\"width: 100%;\"><div class=\"dt-fancy-title\"><span class=\"separator-holder separator-left\"><\/span>H\u1ecfi th\u0103m \u0111\u1ec3 t\u00ecm hi\u1ec3u c\u00e1ch DMI-65\u00ae ph\u01b0\u01a1ng ti\u1ec7n truy\u1ec1n th\u00f4ng l\u1ecdc c\u00f3 th\u1ec3 \u0111\u01b0\u1ee3c s\u1eed d\u1ee5ng cho n\u01b0\u1edbc u\u1ed1ng Trung Qu\u1ed1c.<span class=\"separator-holder separator-right\"><\/span><\/div><\/div>[vc_btn title=&#8221;H\u1ecfi&#8221; style=&#8221;custom&#8221; custom_background=&#8221;#162441&#8243; custom_text=&#8221;#ffffff&#8221; shape=&#8221;square&#8221; size=&#8221;lg&#8221; align=&#8221;center&#8221; i_align=&#8221;right&#8221; i_icon_fontawesome=&#8221;fas fa-chevron-right&#8221; add_icon=&#8221;true&#8221; css=&#8221;.vc_custom_1592793128520{margin-top: 20px !important;}&#8221; el_class=&#8221;ctaButton sg-popup-id-8233&#8243;][\/vc_column][\/vc_row]<\/p>\n<\/div>","protected":false},"excerpt":{"rendered":"<p>[vc_row][vc_column][vc_column_text]Trung Qu\u1ed1c u\u1ed1ng n\u01b0\u1edbc: V\u1ea5n \u0111\u1ec1 c\u1ea5p n\u01b0\u1edbc c\u1ee7a Trung Qu\u1ed1c n\u1ed5i ti\u1ebfng tr\u00ean to\u00e0n c\u1ea7u. Tuy nhi\u00ean, v\u1ea5n \u0111\u1ec1 ch\u00ednh \u0111\u1ed1i m\u1eb7t v\u1edbi Trung Qu\u1ed1c l\u00e0 l\u00e0m th\u1ebf n\u00e0o \u0111\u1ec3 ph\u00e2n ph\u1ed1i n\u01b0\u1edbc c\u1ee7a n\u00f3, ch\u1ee9 kh\u00f4ng ph\u1ea3i l\u00e0 thi\u1ebfu n\u01b0\u1edbc m\u1ed7i se. 80% ngu\u1ed3n cung c\u1ea5p n\u01b0\u1edbc c\u1ee7a Trung Qu\u1ed1c n\u1eb1m \u1edf mi\u1ec1n&hellip;<\/p>\n","protected":false},"author":1,"featured_media":0,"parent":7178,"menu_order":0,"comment_status":"closed","ping_status":"closed","template":"","meta":{"content-type":"","footnotes":""},"class_list":["post-9912","page","type-page","status-publish","hentry","description-off"],"yoast_head":"<!-- This site is optimized with the Yoast SEO plugin v25.2 - https:\/\/yoast.com\/wordpress\/plugins\/seo\/ -->\n<title>N\u01b0\u1edbc u\u1ed1ng Trung Qu\u1ed1c s\u1eed d\u1ee5ng l\u1ecdc Media - %sitename%%<\/title>\n<meta name=\"description\" content=\"Trung Qu\u1ed1c u\u1ed1ng n\u01b0\u1edbc: c\u00e1c v\u1ea5n \u0111\u1ec1 ch\u00ednh ph\u1ea3i \u0111\u1ed1i m\u1eb7t v\u1edbi Trung Qu\u1ed1c l\u00e0 l\u00e0m th\u1ebf n\u00e0o \u0111\u1ec3 ph\u00e2n ph\u1ed1i n\u01b0\u1edbc c\u1ee7a n\u00f3, ch\u1ee9 kh\u00f4ng ph\u1ea3i l\u00e0 thi\u1ebfu n\u01b0\u1edbc m\u1ed7i se.\" \/>\n<meta name=\"robots\" content=\"index, follow, max-snippet:-1, max-image-preview:large, max-video-preview:-1\" \/>\n<link rel=\"canonical\" href=\"https:\/\/dmi65.com\/vi\/vung\/trung-quoc-uong-nuoc\/\" \/>\n<meta property=\"og:locale\" content=\"vi_VN\" \/>\n<meta property=\"og:type\" content=\"article\" \/>\n<meta property=\"og:title\" content=\"N\u01b0\u1edbc u\u1ed1ng Trung Qu\u1ed1c s\u1eed d\u1ee5ng l\u1ecdc Media - %sitename%%\" \/>\n<meta property=\"og:description\" content=\"Trung Qu\u1ed1c u\u1ed1ng n\u01b0\u1edbc: c\u00e1c v\u1ea5n \u0111\u1ec1 ch\u00ednh ph\u1ea3i \u0111\u1ed1i m\u1eb7t v\u1edbi Trung Qu\u1ed1c l\u00e0 l\u00e0m th\u1ebf n\u00e0o \u0111\u1ec3 ph\u00e2n ph\u1ed1i n\u01b0\u1edbc c\u1ee7a n\u00f3, ch\u1ee9 kh\u00f4ng ph\u1ea3i l\u00e0 thi\u1ebfu n\u01b0\u1edbc m\u1ed7i se.\" \/>\n<meta property=\"og:url\" content=\"https:\/\/dmi65.com\/vi\/vung\/trung-quoc-uong-nuoc\/\" \/>\n<meta property=\"og:site_name\" content=\"DMI-65\u00ae\" \/>\n<meta property=\"article:modified_time\" content=\"2020-08-11T06:34:00+00:00\" \/>\n<meta property=\"og:image\" content=\"https:\/\/dmi65.com\/wp-content\/uploads\/2020\/06\/dmi65_Logo_Blk.png\" \/>\n\t<meta property=\"og:image:width\" content=\"466\" \/>\n\t<meta property=\"og:image:height\" content=\"200\" \/>\n\t<meta property=\"og:image:type\" content=\"image\/png\" \/>\n<meta name=\"twitter:card\" content=\"summary_large_image\" \/>\n<meta name=\"twitter:label1\" content=\"Est. reading time\" \/>\n\t<meta name=\"twitter:data1\" content=\"6 minutes\" \/>\n<script type=\"application\/ld+json\" class=\"yoast-schema-graph\">{\"@context\":\"https:\/\/schema.org\",\"@graph\":[{\"@type\":\"WebPage\",\"@id\":\"https:\/\/dmi65.com\/vi\/vung\/trung-quoc-uong-nuoc\/\",\"url\":\"https:\/\/dmi65.com\/vi\/vung\/trung-quoc-uong-nuoc\/\",\"name\":\"N\u01b0\u1edbc u\u1ed1ng Trung Qu\u1ed1c s\u1eed d\u1ee5ng l\u1ecdc Media - %sitename%%\",\"isPartOf\":{\"@id\":\"https:\/\/dmi65.com\/vi\/#website\"},\"datePublished\":\"2020-08-11T06:33:57+00:00\",\"dateModified\":\"2020-08-11T06:34:00+00:00\",\"description\":\"Trung Qu\u1ed1c u\u1ed1ng n\u01b0\u1edbc: c\u00e1c v\u1ea5n \u0111\u1ec1 ch\u00ednh ph\u1ea3i \u0111\u1ed1i m\u1eb7t v\u1edbi Trung Qu\u1ed1c l\u00e0 l\u00e0m th\u1ebf n\u00e0o \u0111\u1ec3 ph\u00e2n ph\u1ed1i n\u01b0\u1edbc c\u1ee7a n\u00f3, ch\u1ee9 kh\u00f4ng ph\u1ea3i l\u00e0 thi\u1ebfu n\u01b0\u1edbc m\u1ed7i se.\",\"breadcrumb\":{\"@id\":\"https:\/\/dmi65.com\/vi\/vung\/trung-quoc-uong-nuoc\/#breadcrumb\"},\"inLanguage\":\"vi-VN\",\"potentialAction\":[{\"@type\":\"ReadAction\",\"target\":[\"https:\/\/dmi65.com\/vi\/vung\/trung-quoc-uong-nuoc\/\"]}]},{\"@type\":\"BreadcrumbList\",\"@id\":\"https:\/\/dmi65.com\/vi\/vung\/trung-quoc-uong-nuoc\/#breadcrumb\",\"itemListElement\":[{\"@type\":\"ListItem\",\"position\":1,\"name\":\"Home\",\"item\":\"https:\/\/dmi65.com\/vi\/\"},{\"@type\":\"ListItem\",\"position\":2,\"name\":\"V\u00f9ng\",\"item\":\"https:\/\/dmi65.com\/vi\/vung\/\"},{\"@type\":\"ListItem\",\"position\":3,\"name\":\"Trung Qu\u1ed1c u\u1ed1ng n\u01b0\u1edbc\"}]},{\"@type\":\"WebSite\",\"@id\":\"https:\/\/dmi65.com\/vi\/#website\",\"url\":\"https:\/\/dmi65.com\/vi\/\",\"name\":\"DMI-65\u00ae\",\"description\":\"Water Filtration &amp; Reverse Osmosis Treatment, Catalytic Media\",\"publisher\":{\"@id\":\"https:\/\/dmi65.com\/vi\/#organization\"},\"potentialAction\":[{\"@type\":\"SearchAction\",\"target\":{\"@type\":\"EntryPoint\",\"urlTemplate\":\"https:\/\/dmi65.com\/vi\/?s={search_term_string}\"},\"query-input\":{\"@type\":\"PropertyValueSpecification\",\"valueRequired\":true,\"valueName\":\"search_term_string\"}}],\"inLanguage\":\"vi-VN\"},{\"@type\":\"Organization\",\"@id\":\"https:\/\/dmi65.com\/vi\/#organization\",\"name\":\"DMI-65 & Quantum Filtration Pty Ltd\",\"url\":\"https:\/\/dmi65.com\/vi\/\",\"logo\":{\"@type\":\"ImageObject\",\"inLanguage\":\"vi-VN\",\"@id\":\"https:\/\/dmi65.com\/vi\/#\/schema\/logo\/image\/\",\"url\":\"https:\/\/dmi65.com\/wp-content\/uploads\/2020\/04\/dmi65.png\",\"contentUrl\":\"https:\/\/dmi65.com\/wp-content\/uploads\/2020\/04\/dmi65.png\",\"width\":440,\"height\":205,\"caption\":\"DMI-65 & Quantum Filtration Pty Ltd\"},\"image\":{\"@id\":\"https:\/\/dmi65.com\/vi\/#\/schema\/logo\/image\/\"},\"sameAs\":[\"https:\/\/www.linkedin.com\/company\/dmi-65\",\"https:\/\/www.youtube.com\/channel\/UCbXoMn5KBp2jrnx4KR_Qg4A\"]}]}<\/script>\n<!-- \/ Yoast SEO plugin. -->","yoast_head_json":{"title":"N\u01b0\u1edbc u\u1ed1ng Trung Qu\u1ed1c s\u1eed d\u1ee5ng l\u1ecdc Media - %sitename%%","description":"Trung Qu\u1ed1c u\u1ed1ng n\u01b0\u1edbc: c\u00e1c v\u1ea5n \u0111\u1ec1 ch\u00ednh ph\u1ea3i \u0111\u1ed1i m\u1eb7t v\u1edbi Trung Qu\u1ed1c l\u00e0 l\u00e0m th\u1ebf n\u00e0o \u0111\u1ec3 ph\u00e2n ph\u1ed1i n\u01b0\u1edbc c\u1ee7a n\u00f3, ch\u1ee9 kh\u00f4ng ph\u1ea3i l\u00e0 thi\u1ebfu n\u01b0\u1edbc m\u1ed7i se.","robots":{"index":"index","follow":"follow","max-snippet":"max-snippet:-1","max-image-preview":"max-image-preview:large","max-video-preview":"max-video-preview:-1"},"canonical":"https:\/\/dmi65.com\/vi\/vung\/trung-quoc-uong-nuoc\/","og_locale":"vi_VN","og_type":"article","og_title":"N\u01b0\u1edbc u\u1ed1ng Trung Qu\u1ed1c s\u1eed d\u1ee5ng l\u1ecdc Media - %sitename%%","og_description":"Trung Qu\u1ed1c u\u1ed1ng n\u01b0\u1edbc: c\u00e1c v\u1ea5n \u0111\u1ec1 ch\u00ednh ph\u1ea3i \u0111\u1ed1i m\u1eb7t v\u1edbi Trung Qu\u1ed1c l\u00e0 l\u00e0m th\u1ebf n\u00e0o \u0111\u1ec3 ph\u00e2n ph\u1ed1i n\u01b0\u1edbc c\u1ee7a n\u00f3, ch\u1ee9 kh\u00f4ng ph\u1ea3i l\u00e0 thi\u1ebfu n\u01b0\u1edbc m\u1ed7i se.","og_url":"https:\/\/dmi65.com\/vi\/vung\/trung-quoc-uong-nuoc\/","og_site_name":"DMI-65\u00ae","article_modified_time":"2020-08-11T06:34:00+00:00","og_image":[{"width":466,"height":200,"url":"https:\/\/dmi65.com\/wp-content\/uploads\/2020\/06\/dmi65_Logo_Blk.png","type":"image\/png"}],"twitter_card":"summary_large_image","twitter_misc":{"Est. reading time":"6 minutes"},"schema":{"@context":"https:\/\/schema.org","@graph":[{"@type":"WebPage","@id":"https:\/\/dmi65.com\/vi\/vung\/trung-quoc-uong-nuoc\/","url":"https:\/\/dmi65.com\/vi\/vung\/trung-quoc-uong-nuoc\/","name":"N\u01b0\u1edbc u\u1ed1ng Trung Qu\u1ed1c s\u1eed d\u1ee5ng l\u1ecdc Media - %sitename%%","isPartOf":{"@id":"https:\/\/dmi65.com\/vi\/#website"},"datePublished":"2020-08-11T06:33:57+00:00","dateModified":"2020-08-11T06:34:00+00:00","description":"Trung Qu\u1ed1c u\u1ed1ng n\u01b0\u1edbc: c\u00e1c v\u1ea5n \u0111\u1ec1 ch\u00ednh ph\u1ea3i \u0111\u1ed1i m\u1eb7t v\u1edbi Trung Qu\u1ed1c l\u00e0 l\u00e0m th\u1ebf n\u00e0o \u0111\u1ec3 ph\u00e2n ph\u1ed1i n\u01b0\u1edbc c\u1ee7a n\u00f3, ch\u1ee9 kh\u00f4ng ph\u1ea3i l\u00e0 thi\u1ebfu n\u01b0\u1edbc m\u1ed7i se.","breadcrumb":{"@id":"https:\/\/dmi65.com\/vi\/vung\/trung-quoc-uong-nuoc\/#breadcrumb"},"inLanguage":"vi-VN","potentialAction":[{"@type":"ReadAction","target":["https:\/\/dmi65.com\/vi\/vung\/trung-quoc-uong-nuoc\/"]}]},{"@type":"BreadcrumbList","@id":"https:\/\/dmi65.com\/vi\/vung\/trung-quoc-uong-nuoc\/#breadcrumb","itemListElement":[{"@type":"ListItem","position":1,"name":"Home","item":"https:\/\/dmi65.com\/vi\/"},{"@type":"ListItem","position":2,"name":"V\u00f9ng","item":"https:\/\/dmi65.com\/vi\/vung\/"},{"@type":"ListItem","position":3,"name":"Trung Qu\u1ed1c u\u1ed1ng n\u01b0\u1edbc"}]},{"@type":"WebSite","@id":"https:\/\/dmi65.com\/vi\/#website","url":"https:\/\/dmi65.com\/vi\/","name":"DMI-65\u00ae","description":"Water Filtration &amp; Reverse Osmosis Treatment, Catalytic Media","publisher":{"@id":"https:\/\/dmi65.com\/vi\/#organization"},"potentialAction":[{"@type":"SearchAction","target":{"@type":"EntryPoint","urlTemplate":"https:\/\/dmi65.com\/vi\/?s={search_term_string}"},"query-input":{"@type":"PropertyValueSpecification","valueRequired":true,"valueName":"search_term_string"}}],"inLanguage":"vi-VN"},{"@type":"Organization","@id":"https:\/\/dmi65.com\/vi\/#organization","name":"DMI-65 & Quantum Filtration Pty Ltd","url":"https:\/\/dmi65.com\/vi\/","logo":{"@type":"ImageObject","inLanguage":"vi-VN","@id":"https:\/\/dmi65.com\/vi\/#\/schema\/logo\/image\/","url":"https:\/\/dmi65.com\/wp-content\/uploads\/2020\/04\/dmi65.png","contentUrl":"https:\/\/dmi65.com\/wp-content\/uploads\/2020\/04\/dmi65.png","width":440,"height":205,"caption":"DMI-65 & Quantum Filtration Pty Ltd"},"image":{"@id":"https:\/\/dmi65.com\/vi\/#\/schema\/logo\/image\/"},"sameAs":["https:\/\/www.linkedin.com\/company\/dmi-65","https:\/\/www.youtube.com\/channel\/UCbXoMn5KBp2jrnx4KR_Qg4A"]}]}},"_links":{"self":[{"href":"https:\/\/dmi65.com\/vi\/wp-json\/wp\/v2\/pages\/9912","targetHints":{"allow":["GET"]}}],"collection":[{"href":"https:\/\/dmi65.com\/vi\/wp-json\/wp\/v2\/pages"}],"about":[{"href":"https:\/\/dmi65.com\/vi\/wp-json\/wp\/v2\/types\/page"}],"author":[{"embeddable":true,"href":"https:\/\/dmi65.com\/vi\/wp-json\/wp\/v2\/users\/1"}],"replies":[{"embeddable":true,"href":"https:\/\/dmi65.com\/vi\/wp-json\/wp\/v2\/comments?post=9912"}],"version-history":[{"count":3,"href":"https:\/\/dmi65.com\/vi\/wp-json\/wp\/v2\/pages\/9912\/revisions"}],"predecessor-version":[{"id":9915,"href":"https:\/\/dmi65.com\/vi\/wp-json\/wp\/v2\/pages\/9912\/revisions\/9915"}],"up":[{"embeddable":true,"href":"https:\/\/dmi65.com\/vi\/wp-json\/wp\/v2\/pages\/7178"}],"wp:attachment":[{"href":"https:\/\/dmi65.com\/vi\/wp-json\/wp\/v2\/media?parent=9912"}],"curies":[{"name":"wp","href":"https:\/\/api.w.org\/{rel}","templated":true}]}}