{"id":9866,"date":"2020-08-10T20:31:49","date_gmt":"2020-08-10T12:31:49","guid":{"rendered":"https:\/\/dmi65.com\/vung\/an-do-uong-nuoc\/"},"modified":"2020-08-10T20:31:52","modified_gmt":"2020-08-10T12:31:52","slug":"an-do-uong-nuoc","status":"publish","type":"page","link":"https:\/\/dmi65.com\/vi\/vung\/an-do-uong-nuoc\/","title":{"rendered":"\u1ea4n \u0110\u1ed9 u\u1ed1ng n\u01b0\u1edbc"},"content":{"rendered":"<div class=\"wpb-content-wrapper\"><p>[vc_row][vc_column][vc_column_text]<strong>\u1ea4n \u0110\u1ed9 n\u01b0\u1edbc u\u1ed1ng:<\/strong> V\u1edbi d\u00e2n s\u1ed1 \u0111a d\u1ea1ng l\u00e0 ba l\u1ea7n k\u00edch th\u01b0\u1edbc c\u1ee7a Hoa K\u1ef3 nh\u01b0ng m\u1ed9t ph\u1ea7n ba k\u00edch th\u01b0\u1edbc v\u1eadt l\u00fd, <a href=\"https:\/\/www.unicef.org\/india\/what-we-do\/clean-drinking-water\">\u1ea4n \u0110\u1ed9<\/a> c\u00f3 d\u00e2n s\u1ed1 l\u1edbn th\u1ee9 hai tr\u00ean th\u1ebf gi\u1edbi. M\u1eb7c d\u00f9 \u1ea4n \u0110\u1ed9 \u0111\u00e3 th\u1ef1c hi\u1ec7n nh\u1eefng c\u1ea3i ti\u1ebfn trong nh\u1eefng th\u1eadp k\u1ef7 qua cho c\u1ea3 s\u1ef1 s\u1eb5n c\u00f3 v\u00e0 ch\u1ea5t l\u01b0\u1ee3ng c\u1ee7a h\u1ec7 th\u1ed1ng n\u01b0\u1edbc u\u1ed1ng \u0111\u00f4 th\u1ecb, d\u00e2n s\u1ed1 l\u1edbn c\u1ee7a n\u00f3 \u0111\u00e3 nh\u1ea5n m\u1ea1nh ngu\u1ed3n n\u01b0\u1edbc k\u1ebf ho\u1ea1ch v\u00e0 c\u00e1c khu v\u1ef1c n\u00f4ng th\u00f4n \u0111\u01b0\u1ee3c tr\u00e1i ra ngo\u00e0i. Ngo\u00e0i ra, t\u0103ng tr\u01b0\u1edfng nhanh ch\u00f3ng t\u1ea1i c\u00e1c khu v\u1ef1c \u0111\u00f4 th\u1ecb c\u1ee7a \u1ea4n \u0110\u1ed9 \u0111\u00e3 k\u00e9o d\u00e0i c\u00e1c gi\u1ea3i ph\u00e1p c\u1ee7a ch\u00ednh ph\u1ee7, \u0111\u00e3 b\u1ecb t\u1ed5n h\u1ea1i b\u1edfi h\u01a1n-t\u01b0 nh\u00e2n h\u00f3a.<\/p>\n<p>B\u1ea5t k\u1ec3 nh\u1eefng c\u1ea3i ti\u1ebfn \u0111\u1ed1i v\u1edbi n\u01b0\u1edbc u\u1ed1ng, nhi\u1ec1u ngu\u1ed3n n\u01b0\u1edbc kh\u00e1c b\u1ecb \u00f4 nhi\u1ec5m c\u1ea3 sinh h\u1ecdc v\u00e0 h\u00f3a ch\u1ea5t, v\u00e0 h\u01a1n 21% c\u00e1c b\u1ec7nh c\u1ee7a qu\u1ed1c gia c\u00f3 li\u00ean quan \u0111\u1ebfn n\u01b0\u1edbc. H\u01a1n n\u1eefa, ch\u1ec9 c\u00f3 33% c\u1ee7a \u0111\u1ea5t n\u01b0\u1edbc c\u00f3 quy\u1ec1n truy c\u1eadp v\u00e0o v\u1ec7 sinh truy\u1ec1n th\u1ed1ng. M\u1ed9t trong nh\u1eefng m\u1ed1i quan t\u00e2m l\u00e0 \u1ea4n \u0110\u1ed9 c\u00f3 th\u1ec3 thi\u1ebfu t\u1ed5ng th\u1ec3 d\u00e0i h\u1ea1n s\u1eb5n c\u00f3 c\u1ee7a t\u00e0i nguy\u00ean n\u01b0\u1edbc b\u1ed5 sung. Trong khi c\u00e1c t\u1ea7ng ng\u1eadm n\u01b0\u1edbc c\u1ee7a \u1ea4n \u0110\u1ed9 hi\u1ec7n \u0111ang li\u00ean k\u1ebft v\u1edbi ngu\u1ed3n b\u1ed5 sung, qu\u1ed1c gia n\u00e0y c\u0169ng l\u00e0 m\u1ed9t nh\u00e0 s\u1ea3n xu\u1ea5t ng\u0169 c\u1ed1c l\u1edbn v\u1edbi m\u1ed9t nhu c\u1ea7n l\u1edbn cho n\u01b0\u1edbc \u0111\u1ec3 h\u1ed7 tr\u1ee3 h\u00e0ng h\u00f3a. Nh\u01b0 v\u1edbi t\u1ea5t c\u1ea3 c\u00e1c n\u01b0\u1edbc c\u00f3 s\u1ea3n l\u01b0\u1ee3ng n\u00f4ng nghi\u1ec7p l\u1edbn, ti\u00eau th\u1ee5 n\u01b0\u1edbc d\u01b0 th\u1eeba cho s\u1ea3n xu\u1ea5t th\u1ef1c ph\u1ea9m l\u00e0m suy y\u1ebfu b\u1ea3ng n\u01b0\u1edbc t\u1ed5ng th\u1ec3.<\/p>\n<p>Nhi\u1ec1u c\u1ed9ng \u0111\u1ed3ng n\u00f4ng th\u00f4n \u1edf \u1ea4n \u0110\u1ed9 n\u1eb1m \u1edf v\u00f9ng ngo\u1ea1i \u00f4 c\u1ee7a \u0111\u00f4 th\u1ecb r\u1ed9ng l\u1edbn c\u0169ng c\u00f3 s\u1ef1 l\u1ef1a ch\u1ecdn \u00edt nh\u01b0ng \u0111\u1ec3 khoan gi\u1ebfng \u0111\u1ec3 truy c\u1eadp ngu\u1ed3n n\u01b0\u1edbc ng\u1ea7m. Tuy nhi\u00ean, b\u1ea5t k\u1ef3 h\u1ec7 th\u1ed1ng n\u01b0\u1edbc b\u1ed5 sung th\u00eam v\u00e0o s\u1ef1 suy gi\u1ea3m t\u1ed5ng th\u1ec3 c\u1ee7a n\u01b0\u1edbc. Kh\u00f4ng c\u00f3 c\u00e2u tr\u1ea3 l\u1eddi d\u1ec5 d\u00e0ng cho \u1ea4n \u0110\u1ed9 m\u00e0 ph\u1ea3i khai th\u00e1c v\u00e0o ngu\u1ed3n n\u01b0\u1edbc cho th\u1ef1c ph\u1ea9m v\u00e0 th\u1ee9c \u0103n c\u1ee7a con ng\u01b0\u1eddi, nh\u01b0ng s\u1ef1 s\u1eb5n c\u00f3 c\u1ee7a n\u01b0\u1edbc t\u1ed5ng th\u1ec3 c\u1ee7a \u1ea4n \u0110\u1ed9 \u0111ang ch\u1ea1y kh\u00f4. Ngo\u00e0i ra, s\u1ef1 khan hi\u1ebfm n\u01b0\u1edbc \u1edf \u1ea4n \u0111\u1ed9 d\u1ef1 ki\u1ebfn l\u00e0m x\u1ea5u \u0111i khi d\u00e2n s\u1ed1 t\u1ed5ng th\u1ec3 d\u1ef1 ki\u1ebfn t\u0103ng l\u00ean 1.600.000.000 theo n\u0103m 2050. \u0110\u1ec3 k\u1ebft th\u00fac, s\u1ef1 khan hi\u1ebfm n\u01b0\u1edbc to\u00e0n c\u1ea7u d\u1ef1 ki\u1ebfn s\u1ebd tr\u1edf th\u00e0nh m\u1ed9t nguy\u00ean nh\u00e2n h\u00e0ng \u0111\u1ea7u c\u1ee7a cu\u1ed9c xung \u0111\u1ed9t ch\u00ednh tr\u1ecb qu\u1ed1c gia trong t\u01b0\u01a1ng lai, v\u00e0 ti\u00ean l\u01b0\u1ee3ng cho \u1ea4n \u0110\u1ed9 l\u00e0 kh\u00f4ng c\u00f3 kh\u00e1c nhau.<\/p>\n<p>Tr\u00ean m\u1ed9t l\u01b0u \u00fd t\u00edch c\u1ef1c, m\u1ed9t s\u1ed1 khu v\u1ef1c c\u1ee7a \u1ea4n \u0110\u1ed9 l\u00e0 may m\u1eafn \u0111\u1ec3 c\u00f3 m\u1ed9t kh\u00ed h\u1eadu t\u01b0\u01a1ng \u0111\u1ed1i \u1ea9m \u01b0\u1edbt, ngay c\u1ea3 trong c\u00e1c khu v\u1ef1c kh\u00f4 c\u1eb1n nh\u1ea5t. Tuy nhi\u00ean, kh\u00f4ng c\u00f3 ch\u01b0\u01a1ng tr\u00ecnh B\u1ed3n m\u01b0a t\u1ea1i ch\u1ed7, h\u1ea7u h\u1ebft c\u00e1c n\u01b0\u1edbc \u0111\u01b0\u1ee3c di d\u1eddi ho\u1eb7c kh\u00f4 thay v\u00ec s\u1eed d\u1ee5ng. Trong c\u00e1c l\u0129nh v\u1ef1c n\u00e0y, thu ho\u1ea1ch m\u01b0a c\u00f3 th\u1ec3 l\u00e0 m\u1ed9t gi\u1ea3i ph\u00e1p cho b\u1ed9 s\u01b0u t\u1eadp n\u01b0\u1edbc. N\u01b0\u1edbc thu gom c\u00f3 th\u1ec3 \u0111\u01b0\u1ee3c s\u1eed d\u1ee5ng ngay l\u1eadp t\u1ee9c cho n\u00f4ng nghi\u1ec7p, v\u00e0 v\u1edbi c\u1ea3i thi\u1ec7n th\u1ef1c h\u00e0nh l\u1ecdc \u0111\u1ec3 gi\u1ea3m t\u00e1c nh\u00e2n g\u00e2y b\u1ec7nh n\u01b0\u1edbc, c\u0169ng nhanh ch\u00f3ng c\u00f3 s\u1eb5n cho ng\u01b0\u1eddi ti\u00eau d\u00f9ng.<\/p>\n<h4><a href=\"https:\/\/dmi65.com\/vi\/ky-thuat\/lam-the-nao-no-works\/\">DMI-65<\/a> c\u00f3 th\u1ec3 gi\u00fap trong khu v\u1ef1c n\u00e0y, b\u1eb1ng c\u00e1ch \u0111\u01b0\u1ee3c s\u1eed d\u1ee5ng trong c\u00e1c b\u1ed9 l\u1ecdc th\u01b0\u01a1ng m\u1ea1i, kim lo\u1ea1i n\u1eb7ng phi\u1ec1n to\u00e1i c\u00f3 th\u1ec3 \u0111\u01b0\u1ee3c g\u1ee1 b\u1ecf. \u0110i\u1ec1u n\u00e0y s\u1ebd gi\u00fap c\u1ea3i thi\u1ec7n ch\u1ea5t l\u01b0\u1ee3ng n\u01b0\u1edbc t\u1ed5ng th\u1ec3 tr\u00ean kh\u1eafp c\u00e1c c\u1ed9ng \u0111\u1ed3ng \u1edf \u1ea4n \u0110\u1ed9.<\/h4>\n<p>[\/vc_column_text][\/vc_column][\/vc_row][vc_row content_placement=&#8221;middle&#8221; css=&#8221;.vc_custom_1592794121420{padding-top: 20px !important;padding-right: 20px !important;padding-bottom: 5px !important;padding-left: 20px !important;}&#8221; el_class=&#8221;cta&#8221;][vc_column]<div class=\"dt-fancy-separator\" style=\"width: 100%;\"><div class=\"dt-fancy-title\"><span class=\"separator-holder separator-left\"><\/span>H\u1ecfi th\u0103m \u0111\u1ec3 t\u00ecm hi\u1ec3u c\u00e1ch DMI-65\u00ae ph\u01b0\u01a1ng ti\u1ec7n truy\u1ec1n th\u00f4ng l\u1ecdc c\u00f3 th\u1ec3 h\u1ed7 tr\u1ee3 v\u1edbi l\u1ecdc Media cho \u1ea4n \u0110\u1ed9 n\u01b0\u1edbc u\u1ed1ng.<span class=\"separator-holder separator-right\"><\/span><\/div><\/div>[vc_btn title=&#8221;H\u1ecfi&#8221; style=&#8221;custom&#8221; custom_background=&#8221;#162441&#8243; custom_text=&#8221;#ffffff&#8221; shape=&#8221;square&#8221; size=&#8221;lg&#8221; align=&#8221;center&#8221; i_align=&#8221;right&#8221; i_icon_fontawesome=&#8221;fas fa-chevron-right&#8221; add_icon=&#8221;true&#8221; css=&#8221;.vc_custom_1592793128520{margin-top: 20px !important;}&#8221; el_class=&#8221;ctaButton sg-popup-id-8233&#8243;][\/vc_column][\/vc_row]<\/p>\n<\/div>","protected":false},"excerpt":{"rendered":"<p>[vc_row][vc_column][vc_column_text]\u1ea4n \u0110\u1ed9 n\u01b0\u1edbc u\u1ed1ng: V\u1edbi d\u00e2n s\u1ed1 \u0111a d\u1ea1ng l\u00e0 ba l\u1ea7n k\u00edch th\u01b0\u1edbc c\u1ee7a Hoa K\u1ef3 nh\u01b0ng m\u1ed9t ph\u1ea7n ba k\u00edch th\u01b0\u1edbc v\u1eadt l\u00fd, \u1ea4n \u0110\u1ed9 c\u00f3 d\u00e2n s\u1ed1 l\u1edbn th\u1ee9 hai tr\u00ean th\u1ebf gi\u1edbi. M\u1eb7c d\u00f9 \u1ea4n \u0110\u1ed9 \u0111\u00e3 th\u1ef1c hi\u1ec7n nh\u1eefng c\u1ea3i ti\u1ebfn trong nh\u1eefng th\u1eadp k\u1ef7 qua cho c\u1ea3 s\u1ef1 s\u1eb5n&hellip;<\/p>\n","protected":false},"author":1,"featured_media":0,"parent":7178,"menu_order":0,"comment_status":"closed","ping_status":"closed","template":"","meta":{"content-type":"","footnotes":""},"class_list":["post-9866","page","type-page","status-publish","hentry","description-off"],"yoast_head":"<!-- This site is optimized with the Yoast SEO plugin v25.2 - https:\/\/yoast.com\/wordpress\/plugins\/seo\/ -->\n<title>L\u1ecdc truy\u1ec1n th\u00f4ng-an to\u00e0n \u1ea4n \u0110\u1ed9 u\u1ed1ng n\u01b0\u1edbc - % DMI-65\u00ae<\/title>\n<meta name=\"description\" content=\"V\u1edbi m\u1ed9t d\u00e2n s\u1ed1 l\u1edbn-\u1ea4n \u0110\u1ed9 ph\u1ea3i \u0111\u1ed1i m\u1eb7t v\u1edbi nh\u1eefng th\u00e1ch th\u1ee9c \u0111\u00e1ng k\u1ec3 v\u1edbi s\u1ea1ch &amp; n\u01b0\u1edbc u\u1ed1ng an to\u00e0n c\u00f3 th\u1ec3 \u0111\u01b0\u1ee3c h\u1ed7 tr\u1ee3 v\u1edbi DMI-65 ph\u01b0\u01a1ng ti\u1ec7n truy\u1ec1n th\u00f4ng.\" \/>\n<meta name=\"robots\" content=\"index, follow, max-snippet:-1, max-image-preview:large, max-video-preview:-1\" \/>\n<link rel=\"canonical\" href=\"https:\/\/dmi65.com\/vi\/vung\/an-do-uong-nuoc\/\" \/>\n<meta property=\"og:locale\" content=\"vi_VN\" \/>\n<meta property=\"og:type\" content=\"article\" \/>\n<meta property=\"og:title\" content=\"L\u1ecdc truy\u1ec1n th\u00f4ng-an to\u00e0n \u1ea4n \u0110\u1ed9 u\u1ed1ng n\u01b0\u1edbc - % DMI-65\u00ae\" \/>\n<meta property=\"og:description\" content=\"V\u1edbi m\u1ed9t d\u00e2n s\u1ed1 l\u1edbn-\u1ea4n \u0110\u1ed9 ph\u1ea3i \u0111\u1ed1i m\u1eb7t v\u1edbi nh\u1eefng th\u00e1ch th\u1ee9c \u0111\u00e1ng k\u1ec3 v\u1edbi s\u1ea1ch &amp; n\u01b0\u1edbc u\u1ed1ng an to\u00e0n c\u00f3 th\u1ec3 \u0111\u01b0\u1ee3c h\u1ed7 tr\u1ee3 v\u1edbi DMI-65 ph\u01b0\u01a1ng ti\u1ec7n truy\u1ec1n th\u00f4ng.\" \/>\n<meta property=\"og:url\" content=\"https:\/\/dmi65.com\/vi\/vung\/an-do-uong-nuoc\/\" \/>\n<meta property=\"og:site_name\" content=\"DMI-65\u00ae\" \/>\n<meta property=\"article:modified_time\" content=\"2020-08-10T12:31:52+00:00\" \/>\n<meta property=\"og:image\" content=\"https:\/\/dmi65.com\/wp-content\/uploads\/2020\/06\/dmi65_Logo_Blk.png\" \/>\n\t<meta property=\"og:image:width\" content=\"466\" \/>\n\t<meta property=\"og:image:height\" content=\"200\" \/>\n\t<meta property=\"og:image:type\" content=\"image\/png\" \/>\n<meta name=\"twitter:card\" content=\"summary_large_image\" \/>\n<meta name=\"twitter:label1\" content=\"Est. reading time\" \/>\n\t<meta name=\"twitter:data1\" content=\"5 minutes\" \/>\n<script type=\"application\/ld+json\" class=\"yoast-schema-graph\">{\"@context\":\"https:\/\/schema.org\",\"@graph\":[{\"@type\":\"WebPage\",\"@id\":\"https:\/\/dmi65.com\/vi\/vung\/an-do-uong-nuoc\/\",\"url\":\"https:\/\/dmi65.com\/vi\/vung\/an-do-uong-nuoc\/\",\"name\":\"L\u1ecdc truy\u1ec1n th\u00f4ng-an to\u00e0n \u1ea4n \u0110\u1ed9 u\u1ed1ng n\u01b0\u1edbc - % DMI-65\u00ae\",\"isPartOf\":{\"@id\":\"https:\/\/dmi65.com\/vi\/#website\"},\"datePublished\":\"2020-08-10T12:31:49+00:00\",\"dateModified\":\"2020-08-10T12:31:52+00:00\",\"description\":\"V\u1edbi m\u1ed9t d\u00e2n s\u1ed1 l\u1edbn-\u1ea4n \u0110\u1ed9 ph\u1ea3i \u0111\u1ed1i m\u1eb7t v\u1edbi nh\u1eefng th\u00e1ch th\u1ee9c \u0111\u00e1ng k\u1ec3 v\u1edbi s\u1ea1ch & n\u01b0\u1edbc u\u1ed1ng an to\u00e0n c\u00f3 th\u1ec3 \u0111\u01b0\u1ee3c h\u1ed7 tr\u1ee3 v\u1edbi DMI-65 ph\u01b0\u01a1ng ti\u1ec7n truy\u1ec1n th\u00f4ng.\",\"breadcrumb\":{\"@id\":\"https:\/\/dmi65.com\/vi\/vung\/an-do-uong-nuoc\/#breadcrumb\"},\"inLanguage\":\"vi-VN\",\"potentialAction\":[{\"@type\":\"ReadAction\",\"target\":[\"https:\/\/dmi65.com\/vi\/vung\/an-do-uong-nuoc\/\"]}]},{\"@type\":\"BreadcrumbList\",\"@id\":\"https:\/\/dmi65.com\/vi\/vung\/an-do-uong-nuoc\/#breadcrumb\",\"itemListElement\":[{\"@type\":\"ListItem\",\"position\":1,\"name\":\"Home\",\"item\":\"https:\/\/dmi65.com\/vi\/\"},{\"@type\":\"ListItem\",\"position\":2,\"name\":\"V\u00f9ng\",\"item\":\"https:\/\/dmi65.com\/vi\/vung\/\"},{\"@type\":\"ListItem\",\"position\":3,\"name\":\"\u1ea4n \u0110\u1ed9 u\u1ed1ng n\u01b0\u1edbc\"}]},{\"@type\":\"WebSite\",\"@id\":\"https:\/\/dmi65.com\/vi\/#website\",\"url\":\"https:\/\/dmi65.com\/vi\/\",\"name\":\"DMI-65\u00ae\",\"description\":\"Water Filtration &amp; Reverse Osmosis Treatment, Catalytic Media\",\"publisher\":{\"@id\":\"https:\/\/dmi65.com\/vi\/#organization\"},\"potentialAction\":[{\"@type\":\"SearchAction\",\"target\":{\"@type\":\"EntryPoint\",\"urlTemplate\":\"https:\/\/dmi65.com\/vi\/?s={search_term_string}\"},\"query-input\":{\"@type\":\"PropertyValueSpecification\",\"valueRequired\":true,\"valueName\":\"search_term_string\"}}],\"inLanguage\":\"vi-VN\"},{\"@type\":\"Organization\",\"@id\":\"https:\/\/dmi65.com\/vi\/#organization\",\"name\":\"DMI-65 & Quantum Filtration Pty Ltd\",\"url\":\"https:\/\/dmi65.com\/vi\/\",\"logo\":{\"@type\":\"ImageObject\",\"inLanguage\":\"vi-VN\",\"@id\":\"https:\/\/dmi65.com\/vi\/#\/schema\/logo\/image\/\",\"url\":\"https:\/\/dmi65.com\/wp-content\/uploads\/2020\/04\/dmi65.png\",\"contentUrl\":\"https:\/\/dmi65.com\/wp-content\/uploads\/2020\/04\/dmi65.png\",\"width\":440,\"height\":205,\"caption\":\"DMI-65 & Quantum Filtration Pty Ltd\"},\"image\":{\"@id\":\"https:\/\/dmi65.com\/vi\/#\/schema\/logo\/image\/\"},\"sameAs\":[\"https:\/\/www.linkedin.com\/company\/dmi-65\",\"https:\/\/www.youtube.com\/channel\/UCbXoMn5KBp2jrnx4KR_Qg4A\"]}]}<\/script>\n<!-- \/ Yoast SEO plugin. -->","yoast_head_json":{"title":"L\u1ecdc truy\u1ec1n th\u00f4ng-an to\u00e0n \u1ea4n \u0110\u1ed9 u\u1ed1ng n\u01b0\u1edbc - % DMI-65\u00ae","description":"V\u1edbi m\u1ed9t d\u00e2n s\u1ed1 l\u1edbn-\u1ea4n \u0110\u1ed9 ph\u1ea3i \u0111\u1ed1i m\u1eb7t v\u1edbi nh\u1eefng th\u00e1ch th\u1ee9c \u0111\u00e1ng k\u1ec3 v\u1edbi s\u1ea1ch & n\u01b0\u1edbc u\u1ed1ng an to\u00e0n c\u00f3 th\u1ec3 \u0111\u01b0\u1ee3c h\u1ed7 tr\u1ee3 v\u1edbi DMI-65 ph\u01b0\u01a1ng ti\u1ec7n truy\u1ec1n th\u00f4ng.","robots":{"index":"index","follow":"follow","max-snippet":"max-snippet:-1","max-image-preview":"max-image-preview:large","max-video-preview":"max-video-preview:-1"},"canonical":"https:\/\/dmi65.com\/vi\/vung\/an-do-uong-nuoc\/","og_locale":"vi_VN","og_type":"article","og_title":"L\u1ecdc truy\u1ec1n th\u00f4ng-an to\u00e0n \u1ea4n \u0110\u1ed9 u\u1ed1ng n\u01b0\u1edbc - % DMI-65\u00ae","og_description":"V\u1edbi m\u1ed9t d\u00e2n s\u1ed1 l\u1edbn-\u1ea4n \u0110\u1ed9 ph\u1ea3i \u0111\u1ed1i m\u1eb7t v\u1edbi nh\u1eefng th\u00e1ch th\u1ee9c \u0111\u00e1ng k\u1ec3 v\u1edbi s\u1ea1ch & n\u01b0\u1edbc u\u1ed1ng an to\u00e0n c\u00f3 th\u1ec3 \u0111\u01b0\u1ee3c h\u1ed7 tr\u1ee3 v\u1edbi DMI-65 ph\u01b0\u01a1ng ti\u1ec7n truy\u1ec1n th\u00f4ng.","og_url":"https:\/\/dmi65.com\/vi\/vung\/an-do-uong-nuoc\/","og_site_name":"DMI-65\u00ae","article_modified_time":"2020-08-10T12:31:52+00:00","og_image":[{"width":466,"height":200,"url":"https:\/\/dmi65.com\/wp-content\/uploads\/2020\/06\/dmi65_Logo_Blk.png","type":"image\/png"}],"twitter_card":"summary_large_image","twitter_misc":{"Est. reading time":"5 minutes"},"schema":{"@context":"https:\/\/schema.org","@graph":[{"@type":"WebPage","@id":"https:\/\/dmi65.com\/vi\/vung\/an-do-uong-nuoc\/","url":"https:\/\/dmi65.com\/vi\/vung\/an-do-uong-nuoc\/","name":"L\u1ecdc truy\u1ec1n th\u00f4ng-an to\u00e0n \u1ea4n \u0110\u1ed9 u\u1ed1ng n\u01b0\u1edbc - % DMI-65\u00ae","isPartOf":{"@id":"https:\/\/dmi65.com\/vi\/#website"},"datePublished":"2020-08-10T12:31:49+00:00","dateModified":"2020-08-10T12:31:52+00:00","description":"V\u1edbi m\u1ed9t d\u00e2n s\u1ed1 l\u1edbn-\u1ea4n \u0110\u1ed9 ph\u1ea3i \u0111\u1ed1i m\u1eb7t v\u1edbi nh\u1eefng th\u00e1ch th\u1ee9c \u0111\u00e1ng k\u1ec3 v\u1edbi s\u1ea1ch & n\u01b0\u1edbc u\u1ed1ng an to\u00e0n c\u00f3 th\u1ec3 \u0111\u01b0\u1ee3c h\u1ed7 tr\u1ee3 v\u1edbi DMI-65 ph\u01b0\u01a1ng ti\u1ec7n truy\u1ec1n th\u00f4ng.","breadcrumb":{"@id":"https:\/\/dmi65.com\/vi\/vung\/an-do-uong-nuoc\/#breadcrumb"},"inLanguage":"vi-VN","potentialAction":[{"@type":"ReadAction","target":["https:\/\/dmi65.com\/vi\/vung\/an-do-uong-nuoc\/"]}]},{"@type":"BreadcrumbList","@id":"https:\/\/dmi65.com\/vi\/vung\/an-do-uong-nuoc\/#breadcrumb","itemListElement":[{"@type":"ListItem","position":1,"name":"Home","item":"https:\/\/dmi65.com\/vi\/"},{"@type":"ListItem","position":2,"name":"V\u00f9ng","item":"https:\/\/dmi65.com\/vi\/vung\/"},{"@type":"ListItem","position":3,"name":"\u1ea4n \u0110\u1ed9 u\u1ed1ng n\u01b0\u1edbc"}]},{"@type":"WebSite","@id":"https:\/\/dmi65.com\/vi\/#website","url":"https:\/\/dmi65.com\/vi\/","name":"DMI-65\u00ae","description":"Water Filtration &amp; Reverse Osmosis Treatment, Catalytic Media","publisher":{"@id":"https:\/\/dmi65.com\/vi\/#organization"},"potentialAction":[{"@type":"SearchAction","target":{"@type":"EntryPoint","urlTemplate":"https:\/\/dmi65.com\/vi\/?s={search_term_string}"},"query-input":{"@type":"PropertyValueSpecification","valueRequired":true,"valueName":"search_term_string"}}],"inLanguage":"vi-VN"},{"@type":"Organization","@id":"https:\/\/dmi65.com\/vi\/#organization","name":"DMI-65 & Quantum Filtration Pty Ltd","url":"https:\/\/dmi65.com\/vi\/","logo":{"@type":"ImageObject","inLanguage":"vi-VN","@id":"https:\/\/dmi65.com\/vi\/#\/schema\/logo\/image\/","url":"https:\/\/dmi65.com\/wp-content\/uploads\/2020\/04\/dmi65.png","contentUrl":"https:\/\/dmi65.com\/wp-content\/uploads\/2020\/04\/dmi65.png","width":440,"height":205,"caption":"DMI-65 & Quantum Filtration Pty Ltd"},"image":{"@id":"https:\/\/dmi65.com\/vi\/#\/schema\/logo\/image\/"},"sameAs":["https:\/\/www.linkedin.com\/company\/dmi-65","https:\/\/www.youtube.com\/channel\/UCbXoMn5KBp2jrnx4KR_Qg4A"]}]}},"_links":{"self":[{"href":"https:\/\/dmi65.com\/vi\/wp-json\/wp\/v2\/pages\/9866","targetHints":{"allow":["GET"]}}],"collection":[{"href":"https:\/\/dmi65.com\/vi\/wp-json\/wp\/v2\/pages"}],"about":[{"href":"https:\/\/dmi65.com\/vi\/wp-json\/wp\/v2\/types\/page"}],"author":[{"embeddable":true,"href":"https:\/\/dmi65.com\/vi\/wp-json\/wp\/v2\/users\/1"}],"replies":[{"embeddable":true,"href":"https:\/\/dmi65.com\/vi\/wp-json\/wp\/v2\/comments?post=9866"}],"version-history":[{"count":3,"href":"https:\/\/dmi65.com\/vi\/wp-json\/wp\/v2\/pages\/9866\/revisions"}],"predecessor-version":[{"id":9869,"href":"https:\/\/dmi65.com\/vi\/wp-json\/wp\/v2\/pages\/9866\/revisions\/9869"}],"up":[{"embeddable":true,"href":"https:\/\/dmi65.com\/vi\/wp-json\/wp\/v2\/pages\/7178"}],"wp:attachment":[{"href":"https:\/\/dmi65.com\/vi\/wp-json\/wp\/v2\/media?parent=9866"}],"curies":[{"name":"wp","href":"https:\/\/api.w.org\/{rel}","templated":true}]}}