{"id":9258,"date":"2020-06-30T18:59:21","date_gmt":"2020-06-30T10:59:21","guid":{"rendered":"https:\/\/dmi65.com\/nganh-cong-nghiep\/xu-tri-nuoc-cho-power-generation\/"},"modified":"2020-06-30T18:59:34","modified_gmt":"2020-06-30T10:59:34","slug":"xu-tri-nuoc-cho-power-generation","status":"publish","type":"page","link":"https:\/\/dmi65.com\/vi\/nganh-cong-nghiep\/xu-tri-nuoc-cho-power-generation\/","title":{"rendered":"X\u1eed tr\u1ecb n\u01b0\u1edbc cho Power Generation"},"content":{"rendered":"<div class=\"wpb-content-wrapper\"><p>[vc_row][vc_column][vc_column_text css=&#8221;.vc_custom_1593503585420{margin-top: 15px !important;margin-bottom: 15px !important;}&#8221;]<strong>X\u1eed tr\u1ecb n\u01b0\u1edbc cho Power Generation:<\/strong> Trong th\u00e1ng Gi\u00eang c\u1ee7a 2016 Quantum l\u1ecdc Medium ti\u1ebfn h\u00e0nh m\u1ed9t lo\u1ea1t c\u00e1c chuy\u1ebfn th\u0103m trang web \u0111\u1ec3 \u0111\u00e1nh gi\u00e1 c\u00e1c t\u00f9y ch\u1ecdn \u0111\u1ec3 n\u00e2ng c\u1ea5p nh\u00e0 m\u00e1y x\u1eed l\u00ed n\u01b0\u1edbc cho nh\u00e0 <a href=\"http:\/\/www.edra.energy\/photo-gallery\/kuala-langat-power-plant\" target=\"_blank\" rel=\"noopener noreferrer\">m\u00e1y \u0111i\u1ec7n Kuala Langat (KLPP)<\/a>. M\u1ee5c ti\u00eau l\u00e0 \u0111\u1ec3 l\u00e0m n\u1ed5i b\u1eadt c\u00e1c t\u00f9y ch\u1ecdn chi ph\u00ed th\u1ea5p v\u1edbi m\u1ed9t t\u00e1c \u0111\u1ed9ng th\u1ea5p tr\u00ean Serviceability th\u1ef1c v\u1eadt \u0111\u1ec3 t\u0103ng hi\u1ec7u su\u1ea5t th\u1ef1c v\u1eadt, hi\u1ec7u qu\u1ea3 v\u00e0 \u0111\u1ed9 tin c\u1eady, v\u00e0 kh\u1ea3 n\u0103ng \u0111\u1ec3 \u0111\u1ed1i ph\u00f3 t\u1ed1t h\u01a1n v\u1edbi nh\u1eefng thay \u0111\u1ed5i t\u1ea3i theo m\u00f9a c\u00f3 kinh nghi\u1ec7m trong vi\u1ec7c cung c\u1ea5p n\u01b0\u1edbc th\u00f4.<\/p>\n<p>C\u00e1c ho\u1ea1t \u0111\u1ed9ng c\u1ee7a KLPP \u0111\u00e3 b\u1eaft \u0111\u1ea7u k\u1ec3 t\u1eeb khi 1996 s\u1eed d\u1ee5ng tuabin kh\u00ed chu k\u1ef3 k\u1ebft h\u1ee3p v\u00e0 nh\u00e0 m\u00e1y hi\u1ec7n \u0111ang \u0111\u00f3ng g\u00f3p 675MW n\u0103ng l\u1ef1c th\u1ebf h\u1ec7 \u0111i\u1ec7n l\u01b0\u1edbi. Kh\u1ea3 n\u0103ng c\u1ee7a nh\u00e0 m\u00e1y \u0111\u1ec3 cung c\u1ea5p \u0111i\u1ec7n cho m\u1ea1ng l\u01b0\u1edbi theo ngh\u0129a v\u1ee5 c\u1ee7a m\u00ecnh theo Hi\u1ec7p \u0111\u1ecbnh mua \u0111i\u1ec7n ph\u1ee5 thu\u1ed9c v\u00e0o m\u1ed9t s\u1ed1 y\u1ebfu t\u1ed1 bao g\u1ed3m c\u1ea3 ngu\u1ed3n cung c\u1ea5p n\u01b0\u1edbc s\u1ea1ch \u0111\u00e1ng tin c\u1eady cho m\u1ee5c \u0111\u00edch l\u00e0m m\u00e1t. Trung b\u00ecnh, KLPP r\u00fat 20.000 m\u00e9t kh\u1ed1i n\u01b0\u1edbc \u0111\u01b0\u1ee3c x\u1eed l\u00fd cho ho\u1ea1t \u0111\u1ed9ng h\u00e0ng ng\u00e0y c\u1ee7a n\u00f3. \u0110\u1ed1i v\u1edbi ho\u1ea1t \u0111\u1ed9ng t\u1ed1i \u01b0u v\u00e0 cu\u1ed9c s\u1ed1ng c\u1ee7a nh\u00e0 m\u00e1y, n\u01b0\u1edbc c\u1ea7n ph\u1ea3i \u0111\u01b0\u1ee3c l\u00e0m s\u1ea1ch c\u00e0ng t\u1ed1t v\u1edbi n\u1ed9i dung th\u1ea5p c\u1ee7a ch\u1ea5t h\u1eefu c\u01a1 ho\u1eb7c v\u00f4 t\u00ednh s\u1ebd t\u00e1c \u0111\u1ed9ng \u0111\u1ebfn ho\u1ea1t \u0111\u1ed9ng c\u1ee7a nh\u00e0 m\u00e1y.<\/p>\n<p>C\u00f3 b\u1ed1n khu v\u1ef1c ngu\u1ed3n \u0111i\u1ec7n c\u1ee7a nh\u00e0 m\u00e1y, n\u01a1i ti\u1ec1m n\u0103ng cho nh\u1eefng c\u1ea3i ti\u1ebfn \u0111\u00e1ng k\u1ec3 \u0111\u00e3 \u0111\u01b0\u1ee3c x\u00e1c \u0111\u1ecbnh.<br \/>\n\u2022 Kh\u1ea3 n\u0103ng th\u00eam n\u01b0\u1edbc bore v\u00e0o ngu\u1ed3n cung c\u1ea5p n\u01b0\u1edbc th\u00f4<br \/>\n\u2022 L\u00e0m r\u00f5 n\u01b0\u1edbc th\u00f4 tr\u01b0\u1edbc khi v\u00e0o nh\u00e0 m\u00e1y<br \/>\n\u2022 T\u1ed1i \u01b0u h\u00f3a c\u1ee7a ch\u01b0\u01a1ng tr\u00ecnh d\u00f9ng thu\u1ed1c flocculent\/polymer (Inc. lo\u1ea1i v\u00e0 li\u1ec1u l\u01b0\u1ee3ng t\u1ef7 l\u1ec7)<br \/>\n\u2022 Thay \u0111\u1ed5i c\u00e1c ph\u01b0\u01a1ng ti\u1ec7n truy\u1ec1n th\u00f4ng trong c\u00e1c b\u1ed9 l\u1ecdc c\u00e1t nhanh ch\u00f3ng \u0111\u1ec3 DMI65\u00ae[\/vc_column_text][\/vc_column][\/vc_row][vc_row][vc_column][vc_column_text css=&#8221;.vc_custom_1593503610377{margin-bottom: 0px !important;}&#8221;]<strong>BORE WATER ADDITION<\/strong><\/p>\n<p>It was suggested that the area surrounding the plant be assessed for suitability and potential quality and quantity of several bores to add to the plant raw water supply. The addition of bores would not only provide greater flexibility in terms of seasonal blending with river water to ensure sufficient quantities of water in the dry season, could also be used to lower suspended solids and turbidity loadings on the plant during the wet season.<\/p>\n<p>There is a likelihood that there will be traces of iron and manganese in the bore water, but the use of DMI65 filtration media will remove this and provide an improvement to the usual mechanical filtration duties.<\/p>\n<p><strong>CLARIFICATION<\/strong><\/p>\n<p>The high turbidity and suspended solids levels in the raw water could be greatly reduced by clarification prior to entering the water treatment plant. The existing plant is fixed in size and capacity, however a pre-clarification stage will dramatically reduce the load on the current plant.<\/p>\n<p>A traditional clarifier and upstream floc\/polymer dosing system to handle 1ML\/hr would cost well over USD $1M and take up a considerable land area to install and was therefore not practical in this case. With a very low retention time this type of system would also require very high chemical usage.<\/p>\n<p><strong>POLYMER OPTIMISATION<\/strong><\/p>\n<p>A range of polymer samples were supplied during the site visit. Jar testing has been carried out using the range of samples and highlighted a particular polymer most suited to this raw water. A local polymer supply company is able to supply a very similar product in powdered form and at a very reasonable price that would suit the mixing\/batching system mentioned above.<\/p>\n<p><strong>MEDIA CHANGE-OUT IN RAPID SAND FILTERS<\/strong><\/p>\n<p>During our visit one of the rapid sand filters was drained for inspection. The sand in the filters has never been changed and is now very hard-packed and is in need of replacement. The filter was filled whilst we were watching and the infiltration rate of the incoming water was very poor with most of the water just flowing across over the top of the sand and down through cracks in the hard packed sand rather than down through it. We proposed to replace the media with <a href=\"http:\/\/dmi65.com\/vi\/ky-thuat\/lam-the-nao-no-works\/\">DMI65\u00ae filtration media<\/a>.<\/p>\n<p>The DMI65 will remove the existing and cope with any rise in iron or manganese levels that can be encountered in raw water sources with varying quality. The DMI65 requires a low level of free chlorine (0.2-0.3mg\/L) to activate the media. This is easily achieved as it only requires moving of the existing chlorine dosing point to just prior to the media filters. The chlorine residual will remain and still act as disinfection for the treated water lagoon.<\/p>\n<p>The DMI65\u00ae also provides the perfect filtration coefficient resulting in excellent mechanical filtration lowering suspended solids and turbidity levels.<\/p>\n<p>The addition of the DMI media and replacement of the filtration nozzles improved not only the quality of water from the media filters, but also the quantity of water through the filters.<\/p>\n<p>Sample Results<\/p>\n<p><img loading=\"lazy\" decoding=\"async\" class=\"alignnone wp-image-9046\" src=\"http:\/\/dmi65.com\/wp-content\/uploads\/2020\/06\/Lagoons.jpg\" alt=\"\" width=\"499\" height=\"287\" srcset=\"https:\/\/dmi65.com\/wp-content\/uploads\/2020\/06\/Lagoons.jpg 1780w, https:\/\/dmi65.com\/wp-content\/uploads\/2020\/06\/Lagoons-300x173.jpg 300w, https:\/\/dmi65.com\/wp-content\/uploads\/2020\/06\/Lagoons-1024x589.jpg 1024w, https:\/\/dmi65.com\/wp-content\/uploads\/2020\/06\/Lagoons-768x442.jpg 768w, https:\/\/dmi65.com\/wp-content\/uploads\/2020\/06\/Lagoons-1536x884.jpg 1536w\" sizes=\"auto, (max-width: 499px) 100vw, 499px\" \/><\/p>\n<p>With a peak NTU of 1000 and an average inlet TSS of 286 you can see that the outlet of lagoon B has been maintained generally around 80 NTU with an average of 86 NTU.<\/p>\n<p><strong>OVERALL PLANT OUTPUT<\/strong><\/p>\n<p>The results from the plant post media filters after the replacement of the old sand media with the new DMI65 media have been consistently excellent.<\/p>\n<p>The expected results from the media filters after the upgrade were:<\/p>\n<ul>\n<li>TSS &lt; 5mg\/L<\/li>\n<li>Turbidity &lt; 2 NTU<\/li>\n<\/ul>\n<p><strong>Sample Results<\/strong><\/p>\n<p>Media Filter Performance &#8211; NTU In Vs Out<\/p>\n<p><strong><img loading=\"lazy\" decoding=\"async\" class=\"alignnone wp-image-9057\" src=\"http:\/\/dmi65.com\/wp-content\/uploads\/2020\/06\/DMIFilters.jpg\" alt=\"\" width=\"500\" height=\"278\" srcset=\"https:\/\/dmi65.com\/wp-content\/uploads\/2020\/06\/DMIFilters.jpg 1568w, https:\/\/dmi65.com\/wp-content\/uploads\/2020\/06\/DMIFilters-300x167.jpg 300w, https:\/\/dmi65.com\/wp-content\/uploads\/2020\/06\/DMIFilters-1024x569.jpg 1024w, https:\/\/dmi65.com\/wp-content\/uploads\/2020\/06\/DMIFilters-768x427.jpg 768w, https:\/\/dmi65.com\/wp-content\/uploads\/2020\/06\/DMIFilters-1536x854.jpg 1536w\" sizes=\"auto, (max-width: 500px) 100vw, 500px\" \/>\u00a0<\/strong><\/p>\n<p>Summary<\/p>\n<p><span style=\"text-decoration: underline;\">Quantum believes that the upgrade has been a success, addressing the main objectives of the upgrade with excellent results.<\/span>[\/vc_column_text][vc_empty_space height=&#8221;20px&#8221;]<blockquote class=\"text-big shortcode-blockquote block-style-widget\"><p>C\u00f4ng tr\u00ecnh n\u01b0\u1edbc George Municipal, Nam Phi, s\u1eed d\u1ee5ng h\u01a1n 550 t\u1ea5n DMI-65\u00ae. George n\u01b0\u1edbc c\u00f3 m\u00e0u cao c\u00f3 ch\u1ee9a axit humic v\u00e0 Fulvic-m\u00e0u n\u01b0\u1edbc th\u00f4 l\u00e0 kho\u1ea3ng. 800 c\u00e1c \u0111\u01a1n v\u1ecb m\u00e0u PtCo. Lo\u1ea1i n\u01b0\u1edbc n\u00e0y \u0111\u01b0\u1ee3c coi l\u00e0 m\u1ed9t trong nh\u1eefng kh\u00f3 kh\u0103n nh\u1ea5t \u0111\u1ec3 l\u1ecdc. Lo\u1ea1i b\u1ecf s\u1eaft l\u00e0 r\u1ea5t hi\u1ec7u qu\u1ea3 b\u1ea5t k\u1ec3 pH. S\u1eaft d\u01b0 cao nh\u1ea5t \u0111\u01b0\u1ee3c t\u00ecm th\u1ea5y l\u00e0 0,01 mg\/L. Lo\u1ea1i b\u1ecf mangan c\u0169ng r\u1ea5t hi\u1ec7u qu\u1ea3. C\u00e1c mangan cao nh\u1ea5t c\u00f2n l\u1ea1i \u0111\u01b0\u1ee3c t\u00ecm th\u1ea5y l\u00e0 0,06 mg\/l MN \u0111\u01b0\u1ee3c lo\u1ea1i b\u1ecf t\u1ed1t nh\u1ea5t \u1edf pH 8 cao h\u01a1n. L\u1ee3i \u00edch b\u1ed5 sung c\u1ee7a vi\u1ec7c lo\u1ea1i b\u1ecf nh\u00f4m ngay c\u1ea3 \u1edf pH cao h\u01a1n. \u0110\u1ed9 \u0111\u1ee5c cao nh\u1ea5t \u0111\u01b0\u1ee3c ghi nh\u1eadn l\u00e0 0,06 NTU. Theo x\u00e9t nghi\u1ec7m c\u1ee7a ch\u00fang t\u00f4i, m\u00e0u s\u1eafc cao nh\u1ea5t l\u00e0 4 mg\/l PtCo nh\u01b0ng h\u1ea7u h\u1ebft th\u1eddi gian m\u00e0u s\u1eafc th\u1ea5p h\u01a1n m\u00e0u c\u1ee7a n\u01b0\u1edbc c\u1ea5t mua t\u1eeb m\u1ed9t hi\u1ec7u thu\u1ed1c \u1edf George. Nh\u00e0 m\u00e1y \u0111\u00e3 ch\u1ea1y t\u1eeb \u0111\u1ea7u th\u00e1ng 2007 v\u00e0 ti\u1ebfp t\u1ee5c c\u00f3 k\u1ebft qu\u1ea3 xu\u1ea5t s\u1eafc. George Municipal water Works, s\u1eed d\u1ee5ng c\u00f9ng m\u1ed9t DMI-65\u00ae b\u1ed9 l\u1ecdc ph\u01b0\u01a1ng ti\u1ec7n truy\u1ec1n th\u00f4ng trong h\u01a1n 13 n\u0103m, kh\u00f4ng c\u00f3 th\u1ea5t b\u1ea1i ho\u1eb7c gi\u1ea3m hi\u1ec7u su\u1ea5t.<\/p>\n<\/blockquote>[vc_empty_space height=&#8221;20px&#8221;]<blockquote class=\"text-big shortcode-blockquote block-style-widget\"><p>Nh\u00e0 m\u00e1y x\u1eed tr\u1ecb n\u01b0\u1edbc c\u1ee7a Witbank Municipal \u1edf Durban, Nam Phi bao g\u1ed3m 18 b\u1ed9 l\u1ecdc c\u00e1t nhanh ch\u00f3ng s\u1eed d\u1ee5ng 1200 t\u1ea5n b\u1ed9 l\u1ecdc ph\u01b0\u01a1ng ti\u1ec7n truy\u1ec1n th\u00f4ng \u0111\u1ec3 lo\u1ea1i b\u1ecf s\u1eaft v\u00e0 mangan t\u1eeb ngu\u1ed3n n\u01b0\u1edbc m\u1eb7t \u0111\u1ea5t \u0111\u1ecba ph\u01b0\u01a1ng. C\u00e1c chuy\u00ean gia x\u1eed l\u00fd n\u01b0\u1edbc \u0111\u1ecba ph\u01b0\u01a1ng v\u00e0 t\u00e1c nh\u00e2n DMI-65\u00ae, c\u00f4ng ngh\u1ec7 n\u01b0\u1edbc Cape, \u0111\u00e3 ch\u1ee9ng minh hi\u1ec7u su\u1ea5t v\u00e0 l\u1ee3i \u00edch chi ph\u00ed c\u1ee7a vi\u1ec7c n\u00e2ng c\u1ea5p h\u1ec7 th\u1ed1ng DMI-65\u00ae, b\u1edfi th\u1eed nghi\u1ec7m th\u00ed \u0111i\u1ec3m th\u00e0nh c\u00f4ng trong 2018. N\u00e2ng c\u1ea5p cho nh\u00e0 m\u00e1y b\u1eaft \u0111\u1ea7u v\u00e0o 2019 v\u00e0 d\u1ef1 ki\u1ebfn s\u1ebd \u0111\u01b0\u1ee3c ho\u00e0n th\u00e0nh v\u00e0o cu\u1ed1i 2020.<\/p>\n<\/blockquote>[\/vc_column][\/vc_row][vc_row css=&#8221;.vc_custom_1593496115589{margin-top: 15px !important;}&#8221;][vc_column]<div class=\"dt-fancy-separator\" style=\"width: 100%;\"><div class=\"dt-fancy-title\"><span class=\"separator-holder separator-left\"><\/span>Nghi\u00ean c\u1ee9u tr\u01b0\u1eddng h\u1ee3p cho x\u1eed tr\u1ecb n\u01b0\u1edbc trong ng\u00e0nh c\u00f4ng nghi\u1ec7p \u0111i\u1ec7n th\u1ebf h\u1ec7<span class=\"separator-holder separator-right\"><\/span><\/div><\/div>[vc_basic_grid post_type=&#8221;post&#8221; max_items=&#8221;2&#8243; element_width=&#8221;6&#8243; item=&#8221;masonryGrid_Default&#8221; grid_id=&#8221;vc_gid:1593503547783-362694d3-af74-7&#8243; taxonomies=&#8221;800&#8243; css=&#8221;.vc_custom_1593499493079{margin-top: 30px !important;}&#8221;][\/vc_column][\/vc_row][vc_row content_placement=&#8221;middle&#8221; css=&#8221;.vc_custom_1592798106994{margin-top: 30px !important;padding-top: 20px !important;padding-right: 20px !important;padding-bottom: 5px !important;padding-left: 20px !important;}&#8221; el_class=&#8221;cta&#8221;][vc_column]<div class=\"dt-fancy-separator\" style=\"width: 100%;\"><div class=\"dt-fancy-title\"><span class=\"separator-holder separator-left\"><\/span>H\u1ecfi th\u0103m \u0111\u1ec3 t\u00ecm hi\u1ec3u c\u00e1ch DMI-65\u00ae ph\u01b0\u01a1ng ti\u1ec7n truy\u1ec1n th\u00f4ng l\u1ecdc c\u00f3 th\u1ec3 \u0111\u01b0\u1ee3c s\u1eed d\u1ee5ng \u0111\u1ec3 x\u1eed tr\u1ecb n\u01b0\u1edbc trong ng\u00e0nh c\u00f4ng nghi\u1ec7p th\u1ebf h\u1ec7 \u0111i\u1ec7n<span class=\"separator-holder separator-right\"><\/span><\/div><\/div>[vc_btn title=&#8221;H\u1ecfi&#8221; style=&#8221;custom&#8221; custom_background=&#8221;#162441&#8243; custom_text=&#8221;#ffffff&#8221; shape=&#8221;square&#8221; size=&#8221;lg&#8221; align=&#8221;center&#8221; i_align=&#8221;right&#8221; i_icon_fontawesome=&#8221;fas fa-chevron-right&#8221; add_icon=&#8221;true&#8221; css=&#8221;.vc_custom_1592793128520{margin-top: 20px !important;}&#8221; el_class=&#8221;ctaButton sg-popup-id-8233&#8243;][\/vc_column][\/vc_row]<\/p>\n<\/div>","protected":false},"excerpt":{"rendered":"<p>[vc_row][vc_column][vc_column_text css=&#8221;.vc_custom_1593503585420{margin-top: 15px !important;margin-bottom: 15px !important;}&#8221;]X\u1eed tr\u1ecb n\u01b0\u1edbc cho Power Generation: Trong th\u00e1ng Gi\u00eang c\u1ee7a 2016 Quantum l\u1ecdc Medium ti\u1ebfn h\u00e0nh m\u1ed9t lo\u1ea1t c\u00e1c chuy\u1ebfn th\u0103m trang web \u0111\u1ec3 \u0111\u00e1nh gi\u00e1 c\u00e1c t\u00f9y ch\u1ecdn \u0111\u1ec3 n\u00e2ng c\u1ea5p nh\u00e0 m\u00e1y x\u1eed l\u00ed n\u01b0\u1edbc cho nh\u00e0 m\u00e1y \u0111i\u1ec7n Kuala Langat (KLPP). M\u1ee5c ti\u00eau l\u00e0 \u0111\u1ec3 l\u00e0m n\u1ed5i&hellip;<\/p>\n","protected":false},"author":1,"featured_media":0,"parent":7112,"menu_order":0,"comment_status":"closed","ping_status":"closed","template":"","meta":{"content-type":"","footnotes":""},"class_list":["post-9258","page","type-page","status-publish","hentry","description-off"],"yoast_head":"<!-- This site is optimized with the Yoast SEO plugin v25.2 - https:\/\/yoast.com\/wordpress\/plugins\/seo\/ -->\n<title>X\u1eed li\u1ec7u n\u01b0\u1edbc Power Generation, l\u1ecdc Media th\u00e1ng - DMI-65\u00ae<\/title>\n<meta name=\"description\" content=\"DMI-65\u00ae c\u00f3 th\u1ec3 \u0111\u01b0\u1ee3c s\u1eed d\u1ee5ng \u0111\u1ec3 x\u1eed tr\u1ecb n\u01b0\u1edbc trong th\u1ebf h\u1ec7 \u0111i\u1ec7n, nh\u00e0 m\u00e1y \u0111i\u1ec7n v\u00e0 c\u00e1c ng\u00e0nh c\u00f4ng nghi\u1ec7p t\u1ea1o ra \u0111i\u1ec7n t\u1eeb ngu\u1ed3n n\u0103ng l\u01b0\u1ee3ng ch\u00ednh.\" \/>\n<meta name=\"robots\" content=\"index, follow, max-snippet:-1, max-image-preview:large, max-video-preview:-1\" \/>\n<link rel=\"canonical\" href=\"https:\/\/dmi65.com\/vi\/nganh-cong-nghiep\/xu-tri-nuoc-cho-power-generation\/\" \/>\n<meta property=\"og:locale\" content=\"vi_VN\" \/>\n<meta property=\"og:type\" content=\"article\" \/>\n<meta property=\"og:title\" content=\"X\u1eed li\u1ec7u n\u01b0\u1edbc Power Generation, l\u1ecdc Media th\u00e1ng - DMI-65\u00ae\" \/>\n<meta property=\"og:description\" content=\"DMI-65\u00ae c\u00f3 th\u1ec3 \u0111\u01b0\u1ee3c s\u1eed d\u1ee5ng \u0111\u1ec3 x\u1eed tr\u1ecb n\u01b0\u1edbc trong th\u1ebf h\u1ec7 \u0111i\u1ec7n, nh\u00e0 m\u00e1y \u0111i\u1ec7n v\u00e0 c\u00e1c ng\u00e0nh c\u00f4ng nghi\u1ec7p t\u1ea1o ra \u0111i\u1ec7n t\u1eeb ngu\u1ed3n n\u0103ng l\u01b0\u1ee3ng ch\u00ednh.\" \/>\n<meta property=\"og:url\" content=\"https:\/\/dmi65.com\/vi\/nganh-cong-nghiep\/xu-tri-nuoc-cho-power-generation\/\" \/>\n<meta property=\"og:site_name\" content=\"DMI-65\u00ae\" \/>\n<meta property=\"article:modified_time\" content=\"2020-06-30T10:59:34+00:00\" \/>\n<meta property=\"og:image\" content=\"http:\/\/dmi65.com\/wp-content\/uploads\/2020\/06\/Lagoons.jpg\" \/>\n<meta name=\"twitter:card\" content=\"summary_large_image\" \/>\n<meta name=\"twitter:label1\" content=\"Est. reading time\" \/>\n\t<meta name=\"twitter:data1\" content=\"9 minutes\" \/>\n<script type=\"application\/ld+json\" class=\"yoast-schema-graph\">{\"@context\":\"https:\/\/schema.org\",\"@graph\":[{\"@type\":\"WebPage\",\"@id\":\"https:\/\/dmi65.com\/vi\/nganh-cong-nghiep\/xu-tri-nuoc-cho-power-generation\/\",\"url\":\"https:\/\/dmi65.com\/vi\/nganh-cong-nghiep\/xu-tri-nuoc-cho-power-generation\/\",\"name\":\"X\u1eed li\u1ec7u n\u01b0\u1edbc Power Generation, l\u1ecdc Media th\u00e1ng - DMI-65\u00ae\",\"isPartOf\":{\"@id\":\"https:\/\/dmi65.com\/vi\/#website\"},\"primaryImageOfPage\":{\"@id\":\"https:\/\/dmi65.com\/vi\/nganh-cong-nghiep\/xu-tri-nuoc-cho-power-generation\/#primaryimage\"},\"image\":{\"@id\":\"https:\/\/dmi65.com\/vi\/nganh-cong-nghiep\/xu-tri-nuoc-cho-power-generation\/#primaryimage\"},\"thumbnailUrl\":\"http:\/\/dmi65.com\/wp-content\/uploads\/2020\/06\/Lagoons.jpg\",\"datePublished\":\"2020-06-30T10:59:21+00:00\",\"dateModified\":\"2020-06-30T10:59:34+00:00\",\"description\":\"DMI-65\u00ae c\u00f3 th\u1ec3 \u0111\u01b0\u1ee3c s\u1eed d\u1ee5ng \u0111\u1ec3 x\u1eed tr\u1ecb n\u01b0\u1edbc trong th\u1ebf h\u1ec7 \u0111i\u1ec7n, nh\u00e0 m\u00e1y \u0111i\u1ec7n v\u00e0 c\u00e1c ng\u00e0nh c\u00f4ng nghi\u1ec7p t\u1ea1o ra \u0111i\u1ec7n t\u1eeb ngu\u1ed3n n\u0103ng l\u01b0\u1ee3ng ch\u00ednh.\",\"breadcrumb\":{\"@id\":\"https:\/\/dmi65.com\/vi\/nganh-cong-nghiep\/xu-tri-nuoc-cho-power-generation\/#breadcrumb\"},\"inLanguage\":\"vi-VN\",\"potentialAction\":[{\"@type\":\"ReadAction\",\"target\":[\"https:\/\/dmi65.com\/vi\/nganh-cong-nghiep\/xu-tri-nuoc-cho-power-generation\/\"]}]},{\"@type\":\"ImageObject\",\"inLanguage\":\"vi-VN\",\"@id\":\"https:\/\/dmi65.com\/vi\/nganh-cong-nghiep\/xu-tri-nuoc-cho-power-generation\/#primaryimage\",\"url\":\"http:\/\/dmi65.com\/wp-content\/uploads\/2020\/06\/Lagoons.jpg\",\"contentUrl\":\"http:\/\/dmi65.com\/wp-content\/uploads\/2020\/06\/Lagoons.jpg\"},{\"@type\":\"BreadcrumbList\",\"@id\":\"https:\/\/dmi65.com\/vi\/nganh-cong-nghiep\/xu-tri-nuoc-cho-power-generation\/#breadcrumb\",\"itemListElement\":[{\"@type\":\"ListItem\",\"position\":1,\"name\":\"Home\",\"item\":\"https:\/\/dmi65.com\/vi\/\"},{\"@type\":\"ListItem\",\"position\":2,\"name\":\"Ng\u00e0nh c\u00f4ng nghi\u1ec7p\",\"item\":\"https:\/\/dmi65.com\/vi\/nganh-cong-nghiep\/\"},{\"@type\":\"ListItem\",\"position\":3,\"name\":\"X\u1eed tr\u1ecb n\u01b0\u1edbc cho Power Generation\"}]},{\"@type\":\"WebSite\",\"@id\":\"https:\/\/dmi65.com\/vi\/#website\",\"url\":\"https:\/\/dmi65.com\/vi\/\",\"name\":\"DMI-65\u00ae\",\"description\":\"Water Filtration &amp; Reverse Osmosis Treatment, Catalytic Media\",\"publisher\":{\"@id\":\"https:\/\/dmi65.com\/vi\/#organization\"},\"potentialAction\":[{\"@type\":\"SearchAction\",\"target\":{\"@type\":\"EntryPoint\",\"urlTemplate\":\"https:\/\/dmi65.com\/vi\/?s={search_term_string}\"},\"query-input\":{\"@type\":\"PropertyValueSpecification\",\"valueRequired\":true,\"valueName\":\"search_term_string\"}}],\"inLanguage\":\"vi-VN\"},{\"@type\":\"Organization\",\"@id\":\"https:\/\/dmi65.com\/vi\/#organization\",\"name\":\"DMI-65 & Quantum Filtration Pty Ltd\",\"url\":\"https:\/\/dmi65.com\/vi\/\",\"logo\":{\"@type\":\"ImageObject\",\"inLanguage\":\"vi-VN\",\"@id\":\"https:\/\/dmi65.com\/vi\/#\/schema\/logo\/image\/\",\"url\":\"https:\/\/dmi65.com\/wp-content\/uploads\/2020\/04\/dmi65.png\",\"contentUrl\":\"https:\/\/dmi65.com\/wp-content\/uploads\/2020\/04\/dmi65.png\",\"width\":440,\"height\":205,\"caption\":\"DMI-65 & Quantum Filtration Pty Ltd\"},\"image\":{\"@id\":\"https:\/\/dmi65.com\/vi\/#\/schema\/logo\/image\/\"},\"sameAs\":[\"https:\/\/www.linkedin.com\/company\/dmi-65\",\"https:\/\/www.youtube.com\/channel\/UCbXoMn5KBp2jrnx4KR_Qg4A\"]}]}<\/script>\n<!-- \/ Yoast SEO plugin. -->","yoast_head_json":{"title":"X\u1eed li\u1ec7u n\u01b0\u1edbc Power Generation, l\u1ecdc Media th\u00e1ng - DMI-65\u00ae","description":"DMI-65\u00ae c\u00f3 th\u1ec3 \u0111\u01b0\u1ee3c s\u1eed d\u1ee5ng \u0111\u1ec3 x\u1eed tr\u1ecb n\u01b0\u1edbc trong th\u1ebf h\u1ec7 \u0111i\u1ec7n, nh\u00e0 m\u00e1y \u0111i\u1ec7n v\u00e0 c\u00e1c ng\u00e0nh c\u00f4ng nghi\u1ec7p t\u1ea1o ra \u0111i\u1ec7n t\u1eeb ngu\u1ed3n n\u0103ng l\u01b0\u1ee3ng ch\u00ednh.","robots":{"index":"index","follow":"follow","max-snippet":"max-snippet:-1","max-image-preview":"max-image-preview:large","max-video-preview":"max-video-preview:-1"},"canonical":"https:\/\/dmi65.com\/vi\/nganh-cong-nghiep\/xu-tri-nuoc-cho-power-generation\/","og_locale":"vi_VN","og_type":"article","og_title":"X\u1eed li\u1ec7u n\u01b0\u1edbc Power Generation, l\u1ecdc Media th\u00e1ng - DMI-65\u00ae","og_description":"DMI-65\u00ae c\u00f3 th\u1ec3 \u0111\u01b0\u1ee3c s\u1eed d\u1ee5ng \u0111\u1ec3 x\u1eed tr\u1ecb n\u01b0\u1edbc trong th\u1ebf h\u1ec7 \u0111i\u1ec7n, nh\u00e0 m\u00e1y \u0111i\u1ec7n v\u00e0 c\u00e1c ng\u00e0nh c\u00f4ng nghi\u1ec7p t\u1ea1o ra \u0111i\u1ec7n t\u1eeb ngu\u1ed3n n\u0103ng l\u01b0\u1ee3ng ch\u00ednh.","og_url":"https:\/\/dmi65.com\/vi\/nganh-cong-nghiep\/xu-tri-nuoc-cho-power-generation\/","og_site_name":"DMI-65\u00ae","article_modified_time":"2020-06-30T10:59:34+00:00","og_image":[{"url":"http:\/\/dmi65.com\/wp-content\/uploads\/2020\/06\/Lagoons.jpg","type":"","width":"","height":""}],"twitter_card":"summary_large_image","twitter_misc":{"Est. reading time":"9 minutes"},"schema":{"@context":"https:\/\/schema.org","@graph":[{"@type":"WebPage","@id":"https:\/\/dmi65.com\/vi\/nganh-cong-nghiep\/xu-tri-nuoc-cho-power-generation\/","url":"https:\/\/dmi65.com\/vi\/nganh-cong-nghiep\/xu-tri-nuoc-cho-power-generation\/","name":"X\u1eed li\u1ec7u n\u01b0\u1edbc Power Generation, l\u1ecdc Media th\u00e1ng - DMI-65\u00ae","isPartOf":{"@id":"https:\/\/dmi65.com\/vi\/#website"},"primaryImageOfPage":{"@id":"https:\/\/dmi65.com\/vi\/nganh-cong-nghiep\/xu-tri-nuoc-cho-power-generation\/#primaryimage"},"image":{"@id":"https:\/\/dmi65.com\/vi\/nganh-cong-nghiep\/xu-tri-nuoc-cho-power-generation\/#primaryimage"},"thumbnailUrl":"http:\/\/dmi65.com\/wp-content\/uploads\/2020\/06\/Lagoons.jpg","datePublished":"2020-06-30T10:59:21+00:00","dateModified":"2020-06-30T10:59:34+00:00","description":"DMI-65\u00ae c\u00f3 th\u1ec3 \u0111\u01b0\u1ee3c s\u1eed d\u1ee5ng \u0111\u1ec3 x\u1eed tr\u1ecb n\u01b0\u1edbc trong th\u1ebf h\u1ec7 \u0111i\u1ec7n, nh\u00e0 m\u00e1y \u0111i\u1ec7n v\u00e0 c\u00e1c ng\u00e0nh c\u00f4ng nghi\u1ec7p t\u1ea1o ra \u0111i\u1ec7n t\u1eeb ngu\u1ed3n n\u0103ng l\u01b0\u1ee3ng ch\u00ednh.","breadcrumb":{"@id":"https:\/\/dmi65.com\/vi\/nganh-cong-nghiep\/xu-tri-nuoc-cho-power-generation\/#breadcrumb"},"inLanguage":"vi-VN","potentialAction":[{"@type":"ReadAction","target":["https:\/\/dmi65.com\/vi\/nganh-cong-nghiep\/xu-tri-nuoc-cho-power-generation\/"]}]},{"@type":"ImageObject","inLanguage":"vi-VN","@id":"https:\/\/dmi65.com\/vi\/nganh-cong-nghiep\/xu-tri-nuoc-cho-power-generation\/#primaryimage","url":"http:\/\/dmi65.com\/wp-content\/uploads\/2020\/06\/Lagoons.jpg","contentUrl":"http:\/\/dmi65.com\/wp-content\/uploads\/2020\/06\/Lagoons.jpg"},{"@type":"BreadcrumbList","@id":"https:\/\/dmi65.com\/vi\/nganh-cong-nghiep\/xu-tri-nuoc-cho-power-generation\/#breadcrumb","itemListElement":[{"@type":"ListItem","position":1,"name":"Home","item":"https:\/\/dmi65.com\/vi\/"},{"@type":"ListItem","position":2,"name":"Ng\u00e0nh c\u00f4ng nghi\u1ec7p","item":"https:\/\/dmi65.com\/vi\/nganh-cong-nghiep\/"},{"@type":"ListItem","position":3,"name":"X\u1eed tr\u1ecb n\u01b0\u1edbc cho Power Generation"}]},{"@type":"WebSite","@id":"https:\/\/dmi65.com\/vi\/#website","url":"https:\/\/dmi65.com\/vi\/","name":"DMI-65\u00ae","description":"Water Filtration &amp; Reverse Osmosis Treatment, Catalytic Media","publisher":{"@id":"https:\/\/dmi65.com\/vi\/#organization"},"potentialAction":[{"@type":"SearchAction","target":{"@type":"EntryPoint","urlTemplate":"https:\/\/dmi65.com\/vi\/?s={search_term_string}"},"query-input":{"@type":"PropertyValueSpecification","valueRequired":true,"valueName":"search_term_string"}}],"inLanguage":"vi-VN"},{"@type":"Organization","@id":"https:\/\/dmi65.com\/vi\/#organization","name":"DMI-65 & Quantum Filtration Pty Ltd","url":"https:\/\/dmi65.com\/vi\/","logo":{"@type":"ImageObject","inLanguage":"vi-VN","@id":"https:\/\/dmi65.com\/vi\/#\/schema\/logo\/image\/","url":"https:\/\/dmi65.com\/wp-content\/uploads\/2020\/04\/dmi65.png","contentUrl":"https:\/\/dmi65.com\/wp-content\/uploads\/2020\/04\/dmi65.png","width":440,"height":205,"caption":"DMI-65 & Quantum Filtration Pty Ltd"},"image":{"@id":"https:\/\/dmi65.com\/vi\/#\/schema\/logo\/image\/"},"sameAs":["https:\/\/www.linkedin.com\/company\/dmi-65","https:\/\/www.youtube.com\/channel\/UCbXoMn5KBp2jrnx4KR_Qg4A"]}]}},"_links":{"self":[{"href":"https:\/\/dmi65.com\/vi\/wp-json\/wp\/v2\/pages\/9258","targetHints":{"allow":["GET"]}}],"collection":[{"href":"https:\/\/dmi65.com\/vi\/wp-json\/wp\/v2\/pages"}],"about":[{"href":"https:\/\/dmi65.com\/vi\/wp-json\/wp\/v2\/types\/page"}],"author":[{"embeddable":true,"href":"https:\/\/dmi65.com\/vi\/wp-json\/wp\/v2\/users\/1"}],"replies":[{"embeddable":true,"href":"https:\/\/dmi65.com\/vi\/wp-json\/wp\/v2\/comments?post=9258"}],"version-history":[{"count":1,"href":"https:\/\/dmi65.com\/vi\/wp-json\/wp\/v2\/pages\/9258\/revisions"}],"predecessor-version":[{"id":9261,"href":"https:\/\/dmi65.com\/vi\/wp-json\/wp\/v2\/pages\/9258\/revisions\/9261"}],"up":[{"embeddable":true,"href":"https:\/\/dmi65.com\/vi\/wp-json\/wp\/v2\/pages\/7112"}],"wp:attachment":[{"href":"https:\/\/dmi65.com\/vi\/wp-json\/wp\/v2\/media?parent=9258"}],"curies":[{"name":"wp","href":"https:\/\/api.w.org\/{rel}","templated":true}]}}