{"id":9228,"date":"2020-06-30T18:54:10","date_gmt":"2020-06-30T10:54:10","guid":{"rendered":"https:\/\/dmi65.com\/nganh-cong-nghiep\/xu-tri-nuoc-cho-giay-nganh-bot-giay\/"},"modified":"2020-06-30T18:54:24","modified_gmt":"2020-06-30T10:54:24","slug":"xu-tri-nuoc-cho-giay-nganh-bot-giay","status":"publish","type":"page","link":"https:\/\/dmi65.com\/vi\/nganh-cong-nghiep\/xu-tri-nuoc-cho-giay-nganh-bot-giay\/","title":{"rendered":"X\u1eed tr\u1ecb n\u01b0\u1edbc cho gi\u1ea5y &amp; ng\u00e0nh b\u1ed9t gi\u1ea5y"},"content":{"rendered":"<div class=\"wpb-content-wrapper\"><p>[vc_row][vc_column][vc_column_text css=&#8221;.vc_custom_1593504327971{margin-top: 15px !important;margin-bottom: 15px !important;}&#8221;]<strong>X\u1eed tr\u1ecb n\u01b0\u1edbc gi\u1ea5y &amp;Amp; ng\u00e0nh b\u1ed9t gi\u1ea5y:<\/strong> Nh\u00e0 cung c\u1ea5p h\u00f3a ch\u1ea5t b\u1ed9t gi\u1ea5y v\u00e0 c\u00e1c chuy\u00ean gia x\u1eed l\u00fd n\u01b0\u1edbc, <a href=\"http:\/\/www.lautan-luas.com\/en\/\" target=\"_blank\" rel=\"noopener noreferrer\">PT Lautan LUAS Tbk<\/a>, l\u00e0 \u0111\u1ed1i t\u00e1c c\u1ee7a Quantum l\u1ecdc mediums v\u00e0 DMI-65\u00ae \u0111\u1ea1i l\u00fd \u1edf Indonesia v\u00e0 \u0111\u00f4ng nam \u00e1.<\/p>\n<p>Lautan LUAS cung c\u1ea5p h\u00e0ng ng\u00e0n s\u1ea3n ph\u1ea9m v\u00e0 h\u00f3a ch\u1ea5t chuy\u00ean d\u1ee5ng t\u1ed1t nh\u1ea5t \u0111\u01b0\u1ee3c d\u00f9ng trong ng\u00e0nh s\u1ea3n xu\u1ea5t gi\u1ea5y v\u00e0 b\u1ed9t gi\u1ea5y. Trong h\u01a1n 20 n\u0103m Lautan LUAS \u0111\u00e3 s\u1eed d\u1ee5ng v\u00e0 ch\u1ec9 \u0111\u1ecbnh DMI-65\u00ae l\u00e0 gi\u1ea3i ph\u00e1p t\u1ed1t nh\u1ea5t cho vi\u1ec7c lo\u1ea1i b\u1ecf s\u1eaft v\u00e0 mangan cho c\u00e1c ng\u00e0nh c\u00f4ng nghi\u1ec7p bao g\u1ed3m s\u1ea3n xu\u1ea5t gi\u1ea5y v\u00e0 b\u1ed9t gi\u1ea5y.<\/p>\n<p>S\u1eaft v\u00e0 mangan \u1edf c\u1ea5p \u0111\u1ed9 th\u1ea5p 0,3 v\u00e0 0,5 ppm t\u01b0\u01a1ng \u1ee9ng c\u00f3 th\u1ec3 t\u1ea1o nhu\u1ed9m phi\u1ec1n to\u00e1i v\u00e0 c\u00e1c \u0111i\u1ec3m tr\u00ean c\u00e1c s\u1ea3n ph\u1ea9m gi\u1ea5y. Tr\u01b0\u1eddng h\u1ee3p c\u00e1c s\u1ea3n ph\u1ea9m t\u1ed1t nh\u1ea5t, gi\u1ea5y ch\u1ea5t l\u01b0\u1ee3ng cao v\u00e0 b\u1ed9t gi\u1ea5y \u0111\u01b0\u1ee3c y\u00eau c\u1ea7u, lo\u1ea1i b\u1ecf s\u1eaft v\u00e0 mangan t\u1eeb ngu\u1ed3n n\u01b0\u1edbc s\u1eed d\u1ee5ng c\u00f4ng nghi\u1ec7p l\u00e0 t\u1ed1i quan tr\u1ecdng. C\u00e1c nh\u00e0 s\u1ea3n xu\u1ea5t t\u1ed1t nh\u1ea5t c\u1ee7a s\u1ea3n ph\u1ea9m gi\u1ea5y tr\u00ean th\u1ebf gi\u1edbi t\u00ecm th\u1ea5y trong th\u00edch h\u1ee3p h\u01a1n \u0111\u1ec3 lo\u1ea1i b\u1ecf s\u1eaft v\u00e0 mangan \u0111\u1ebfn m\u1ee9c kh\u00f4ng th\u1ec3 ph\u00e1t hi\u1ec7n, n\u1ebfu c\u00f3. DMI-65\u00ae l\u00e0 m\u1ed9t hi\u1ec7u su\u1ea5t cao v\u00e0 gi\u1ea3i ph\u00e1p hi\u1ec7u qu\u1ea3 chi ph\u00ed c\u00f3 th\u1ec3 lo\u1ea1i b\u1ecf s\u1eaft v\u00e0 mangan \u0111\u1ebfn \u00edt h\u01a1n 0.05 mg\/L.<\/p>\n<p>Trong 2012 v\u00e0 2013 Lautan LUAS cung c\u1ea5p DMI-65\u00ae l\u00e0 m\u1ed9t gi\u1ea3i ph\u00e1p quan tr\u1ecdng cho c\u00e1c nh\u00e0 m\u00e1y x\u1eed tr\u1ecb n\u01b0\u1edbc v\u00e0 b\u1ed9t gi\u1ea5y Ch\u00e2u \u00e1 t\u1ea1i Pindo Deli, Indonesia.[\/vc_column_text][\/vc_column][\/vc_row][vc_row][vc_column][vc_empty_space height=&#8221;20px&#8221;][vc_column_text css=&#8221;.vc_custom_1593504798632{margin-bottom: 0px !important;}&#8221;]<\/p>\n<h4><strong>DMI-65\u00ae cho c\u00f4ng nghi\u1ec7p gi\u1ea5y v\u00e0 b\u1ed9t \u0111i\u1ec1u tr\u1ecb n\u01b0\u1edbc<\/strong><\/h4>\n<p><strong>s\u1eaft v\u00e0 MANGAN lo\u1ea1i b\u1ecf:<\/strong> X\u00e2y d\u1ef1ng s\u1eaft v\u00e0 mangan trong h\u1ec7 th\u1ed1ng l\u1ecdc k\u1ebft qu\u1ea3 trong qu\u00e1 tr\u00ecnh b\u1ea3o tr\u00ec overheads r\u1ea5t cao, m\u1ea5t s\u1ea3n xu\u1ea5t v\u00e0 c\u00f3 kh\u1ea3 n\u0103ng h\u1ec7 th\u1ed1ng th\u1ea5t b\u1ea1i. DMI-65\u00ae lo\u1ea1i b\u1ecf hi\u1ec7u qu\u1ea3 s\u1eaft h\u00f2a tan \u0111\u1ebfn m\u1ee9c g\u1ea7n nh\u01b0 kh\u00f4ng th\u1ec3 ph\u00e1t hi\u1ec7n th\u1ea5p nh\u01b0 0.005 mg\/L v\u00e0 mangan \u0111\u1ebfn 0.001 mg\/L c\u0169ng nh\u01b0 h\u1ea1t, c\u00f3 hi\u1ec7u qu\u1ea3 lo\u1ea1i b\u1ecf nguy c\u01a1 n\u00e0y.<\/p>\n<p><strong>lo\u1ea1i b\u1ecf t\u1ed5ng ch\u1ea5t r\u1eafn L\u01a0 l\u1eedng v\u00e0 \u0111\u1ed9 \u0111\u1ee5c:<\/strong> C\u00e1c DMI-65\u00ae c\u0169ng cung c\u1ea5p h\u1ec7 s\u1ed1 l\u1ecdc ho\u00e0n h\u1ea3o d\u1eabn \u0111\u1ebfn l\u1ecdc c\u01a1 kh\u00ed tuy\u1ec7t v\u1eddi l\u00e0m gi\u1ea3m t\u1ed5ng ch\u1ea5t r\u1eafn l\u01a1 l\u1eedng (TSS) \u0111\u1ec3 \u00edt h\u01a1n 1mg\/L v\u00e0 m\u1ee9c \u0111\u1ed9 \u0111\u1ee5c \u00edt h\u01a1n 1 NTU.<\/p>\n<p><strong>GI\u1ea2M CHI PH\u00cd:<\/strong> T\u1ed5ng chi ph\u00ed c\u1ee7a s\u1eaft v\u00e0 mangan lo\u1ea1i b\u1ecf h\u1ec7 th\u1ed1ng l\u1ecdc n\u01b0\u1edbc l\u00e0 \u0111\u00e1ng k\u1ec3 \u00edt h\u01a1n so v\u1edbi c\u00e1c gi\u1ea3i ph\u00e1p thay th\u1ebf, hi\u1ec7u qu\u1ea3, nh\u01b0ng t\u01b0\u01a1ng \u0111\u1ed1i \u0111\u01a1n gi\u1ea3n, c\u1ee7a DMI-65 h\u1ec7 th\u1ed1ng d\u1ef1a tr\u00ean\u00ae l\u00e0m gi\u1ea3m chi ti\u00eau v\u1ed1n \u0111\u1ea7u t\u01b0 tr\u00ean th\u1ef1c v\u1eadt ph\u1ee9c t\u1ea1p c\u0169ng nh\u01b0 c\u00e1c ho\u1ea1t \u0111\u1ed9ng li\u00ean t\u1ee5c chi ti\u00eau trong h\u00f3a ch\u1ea5t, \u0111i\u1ec7n v\u00e0 r\u1eeda m\u1eb7t n\u01b0\u1edbc th\u1ea3i ph\u1ee5c h\u1ed3i.<\/p>\n<p><strong>l\u01b0u l\u01b0\u1ee3ng cao gi\u00e1:<\/strong> C\u00f4ng ngh\u1ec7 truy\u1ec1n c\u1ee7a DMI-65\u00ae th\u00fac \u0111\u1ea9y t\u1ed1c \u0111\u1ed9 \u00f4xi h\u00f3a cao nh\u1ea5t c\u1ee7a b\u1ea5t k\u1ef3 ph\u01b0\u01a1ng ti\u1ec7n l\u1ecdc x\u00fac t\u00e1c n\u00e0o. \u0110i\u1ec1u n\u00e0y cho ph\u00e9p m\u1ed9t t\u1ef7 l\u1ec7 l\u01b0u l\u01b0\u1ee3ng n\u01b0\u1edbc cao h\u01a1n \u0111\u00e1ng k\u1ec3 \u0111\u1ec3 \u0111\u1ea1t \u0111\u01b0\u1ee3c c\u00f9ng m\u1ed9t m\u1ee9c \u0111\u1ed9 lo\u1ea1i b\u1ecf s\u1eaft v\u00e0 mangan. DMI-65 c\u00f3 th\u1ec3 ho\u1ea1t \u0111\u1ed9ng t\u1ea1i c\u00e1c v\u1eadn t\u1ed1c l\u1ecdc tuy\u1ebfn t\u00ednh l\u00ean \u0111\u1ebfn hai l\u1ea7n c\u1ee7a c\u00e1c ph\u01b0\u01a1ng ti\u1ec7n truy\u1ec1n th\u00f4ng th\u00f4ng th\u01b0\u1eddng v\u1edbi m\u1ed9t s\u1ef1 gi\u1ea3m t\u01b0\u01a1ng \u1ee9ng trong chi ph\u00ed thi\u1ebft b\u1ecb v\u1ed1n.<\/p>\n<p><strong>kh\u1ea3 n\u0103ng ch\u1ecbu t\u1ea3i cao:<\/strong> DMI-65\u00ae c\u0169ng c\u00f3 kh\u1ea3 n\u0103ng t\u1ea3i s\u1eaft v\u00e0 mangan cao h\u01a1n, c\u00f3 th\u1ec3 k\u00e9o d\u00e0i th\u1eddi gian ch\u1ea1y b\u1ed9 l\u1ecdc v\u00e0 th\u1eddi gian gi\u1eefa vi\u1ec7c r\u1eeda m\u1eb7t, do \u0111\u00f3 l\u00e0m gi\u1ea3m s\u1ef1 ng\u1eebng ho\u1ea1t \u0111\u1ed9ng, chi ph\u00ed v\u1eadn h\u00e0nh v\u00e0 l\u00e3ng ph\u00ed.<\/p>\n<p><strong>t\u00e1i t\u1ea1o kh\u00f4ng b\u1eaft bu\u1ed9c:<\/strong> C\u00e1c ph\u01b0\u01a1ng ti\u1ec7n truy\u1ec1n th\u00f4ng ho\u1ea1t \u0111\u1ed9ng v\u1edbi m\u1ed9t ti\u00eam li\u00ean t\u1ee5c c\u1ee7a natri hypochlorite \u1edf m\u1ee9c th\u1ea5p c\u00f2n l\u1ea1i (0,1 \u0111\u1ebfn 0,3 mg\/L) m\u00e0 lo\u1ea1i b\u1ecf s\u1ef1 c\u1ea7n cho kali permanganat.<\/p>\n<p><strong>m\u00f4i tr\u01b0\u1eddng ho\u1ea1t \u0111\u1ed9ng r\u1ed9ng:<\/strong> Hi\u1ec7u su\u1ea5t \u1ed5n \u0111\u1ecbnh v\u00e0 th\u1ecfa \u0111\u00e1ng \u1edf pH 5,8 \u0111\u1ebfn 8,6 v\u00e0 nhi\u1ec7t \u0111\u1ed9 ho\u1ea1t \u0111\u1ed9ng t\u1ed1i \u0111a 113 \u00b0 F (45 \u00b0 c) l\u00e0m gi\u1ea3m nhu c\u1ea7n \u0111\u1ea7u t\u01b0 \u0111\u1ec3 thay \u0111\u1ed5i m\u00f4i tr\u01b0\u1eddng ho\u1ea1t \u0111\u1ed9ng.<\/p>\n<p><strong>cu\u1ed9c s\u1ed1ng l\u00e2u d\u00e0i:<\/strong> DMI-65\u00ae kh\u00f4ng \u0111\u01b0\u1ee3c ti\u00eau th\u1ee5 trong qu\u00e1 tr\u00ecnh n\u00e0y cho n\u00f3 m\u1ed9t cu\u1ed9c s\u1ed1ng ho\u1ea1t \u0111\u1ed9ng d\u1ef1 ki\u1ebfn l\u00ean \u0111\u1ebfn 10 n\u0103m, cung c\u1ea5p nh\u1eefng l\u1ee3i th\u1ebf \u0111\u00e1ng k\u1ec3 so v\u1edbi c\u00e1c qu\u00e1 tr\u00ecnh ho\u1eb7c ph\u01b0\u01a1ng ti\u1ec7n truy\u1ec1n th\u00f4ng kh\u00e1c. C\u00e1c ph\u01b0\u01a1ng ti\u1ec7n truy\u1ec1n th\u00f4ng kh\u00f4ng hi\u1ec3n th\u1ecb m\u1ed9t kh\u1ea3 n\u0103ng m\u1ee5c n\u00e1t \u0111\u1ec3 l\u00e0m c\u00f4ng vi\u1ec7c x\u00fac t\u00e1c c\u1ee7a n\u00f3. Trong th\u1eddi gian t\u1eeb 5 \u0111\u1ebfn 10 n\u0103m, th\u00f4ng qua nhi\u1ec1u ho\u1ea1t \u0111\u1ed9ng r\u1eeda s\u1ea1ch c\u1ee7a gi\u01b0\u1eddng \u0111\u1ec3 lo\u1ea1i b\u1ecf ch\u1ea5t r\u1eafn gi\u1eef l\u1ea1i, m\u1ed9t m\u1ea5t m\u00e1t c\u1ee7a c\u00e1c ph\u01b0\u01a1ng ti\u1ec7n truy\u1ec1n th\u00f4ng x\u1ea3y ra b\u1eb1ng c\u00e1ch li\u00ean l\u1ea1c gi\u1eefa c\u00e1c h\u1ea1t v\u00e0 m\u00e0i m\u00f2n c\u01a1 kh\u00ed.[\/vc_column_text][\/vc_column][\/vc_row][vc_row content_placement=&#8221;middle&#8221; css=&#8221;.vc_custom_1592798106994{margin-top: 30px !important;padding-top: 20px !important;padding-right: 20px !important;padding-bottom: 5px !important;padding-left: 20px !important;}&#8221; el_class=&#8221;cta&#8221;][vc_column]<div class=\"dt-fancy-separator\" style=\"width: 100%;\"><div class=\"dt-fancy-title\"><span class=\"separator-holder separator-left\"><\/span>H\u1ecfi th\u0103m \u0111\u1ec3 t\u00ecm hi\u1ec3u c\u00e1ch DMI-65\u00ae ph\u01b0\u01a1ng ti\u1ec7n truy\u1ec1n th\u00f4ng l\u1ecdc cho gi\u1ea5y &amp;amp; ng\u00e0nh c\u00f4ng nghi\u1ec7p b\u1ed9t gi\u1ea5y.<span class=\"separator-holder separator-right\"><\/span><\/div><\/div>[vc_btn title=&#8221;H\u1ecfi&#8221; style=&#8221;custom&#8221; custom_background=&#8221;#162441&#8243; custom_text=&#8221;#ffffff&#8221; shape=&#8221;square&#8221; size=&#8221;lg&#8221; align=&#8221;center&#8221; i_align=&#8221;right&#8221; i_icon_fontawesome=&#8221;fas fa-chevron-right&#8221; add_icon=&#8221;true&#8221; css=&#8221;.vc_custom_1592793128520{margin-top: 20px !important;}&#8221; el_class=&#8221;ctaButton sg-popup-id-8233&#8243;][\/vc_column][\/vc_row]<\/p>\n<\/div>","protected":false},"excerpt":{"rendered":"<p>[vc_row][vc_column][vc_column_text css=&#8221;.vc_custom_1593504327971{margin-top: 15px !important;margin-bottom: 15px !important;}&#8221;]X\u1eed tr\u1ecb n\u01b0\u1edbc gi\u1ea5y &amp;Amp; ng\u00e0nh b\u1ed9t gi\u1ea5y: Nh\u00e0 cung c\u1ea5p h\u00f3a ch\u1ea5t b\u1ed9t gi\u1ea5y v\u00e0 c\u00e1c chuy\u00ean gia x\u1eed l\u00fd n\u01b0\u1edbc, PT Lautan LUAS Tbk, l\u00e0 \u0111\u1ed1i t\u00e1c c\u1ee7a Quantum l\u1ecdc mediums v\u00e0 DMI-65\u00ae \u0111\u1ea1i l\u00fd \u1edf Indonesia v\u00e0 \u0111\u00f4ng nam \u00e1. Lautan LUAS cung c\u1ea5p h\u00e0ng ng\u00e0n s\u1ea3n&hellip;<\/p>\n","protected":false},"author":1,"featured_media":0,"parent":7112,"menu_order":0,"comment_status":"closed","ping_status":"closed","template":"","meta":{"content-type":"","footnotes":""},"class_list":["post-9228","page","type-page","status-publish","hentry","description-off"],"yoast_head":"<!-- This site is optimized with the Yoast SEO plugin v25.2 - https:\/\/yoast.com\/wordpress\/plugins\/seo\/ -->\n<title>X\u1eed tr\u1ecb n\u01b0\u1edbc cho gi\u1ea5y &amp; b\u1ed9t gi\u1ea5y, l\u1ecdc truy\u1ec1n th\u00f4ng - DMI-65\u00ae<\/title>\n<meta name=\"description\" content=\"DMI-65\u00ae l\u00e0 n\u01b0\u1edbc \u0111i\u1ec1u tr\u1ecb t\u1ed1t nh\u1ea5t cho c\u00e1c ng\u00e0nh c\u00f4ng nghi\u1ec7p gi\u1ea5y &amp;, s\u1eaft v\u00e0 mangan lo\u1ea1i b\u1ecf cho c\u00e1c ng\u00e0nh c\u00f4ng nghi\u1ec7p s\u1ea3n xu\u1ea5t.\" \/>\n<meta name=\"robots\" content=\"index, follow, max-snippet:-1, max-image-preview:large, max-video-preview:-1\" \/>\n<link rel=\"canonical\" href=\"https:\/\/dmi65.com\/vi\/nganh-cong-nghiep\/xu-tri-nuoc-cho-giay-nganh-bot-giay\/\" \/>\n<meta property=\"og:locale\" content=\"vi_VN\" \/>\n<meta property=\"og:type\" content=\"article\" \/>\n<meta property=\"og:title\" content=\"X\u1eed tr\u1ecb n\u01b0\u1edbc cho gi\u1ea5y &amp; b\u1ed9t gi\u1ea5y, l\u1ecdc truy\u1ec1n th\u00f4ng - DMI-65\u00ae\" \/>\n<meta property=\"og:description\" content=\"DMI-65\u00ae l\u00e0 n\u01b0\u1edbc \u0111i\u1ec1u tr\u1ecb t\u1ed1t nh\u1ea5t cho c\u00e1c ng\u00e0nh c\u00f4ng nghi\u1ec7p gi\u1ea5y &amp;, s\u1eaft v\u00e0 mangan lo\u1ea1i b\u1ecf cho c\u00e1c ng\u00e0nh c\u00f4ng nghi\u1ec7p s\u1ea3n xu\u1ea5t.\" \/>\n<meta property=\"og:url\" content=\"https:\/\/dmi65.com\/vi\/nganh-cong-nghiep\/xu-tri-nuoc-cho-giay-nganh-bot-giay\/\" \/>\n<meta property=\"og:site_name\" content=\"DMI-65\u00ae\" \/>\n<meta property=\"article:modified_time\" content=\"2020-06-30T10:54:24+00:00\" \/>\n<meta property=\"og:image\" content=\"https:\/\/dmi65.com\/wp-content\/uploads\/2020\/06\/dmi65_Logo_Blk.png\" \/>\n\t<meta property=\"og:image:width\" content=\"466\" \/>\n\t<meta property=\"og:image:height\" content=\"200\" \/>\n\t<meta property=\"og:image:type\" content=\"image\/png\" \/>\n<meta name=\"twitter:card\" content=\"summary_large_image\" \/>\n<meta name=\"twitter:label1\" content=\"Est. reading time\" \/>\n\t<meta name=\"twitter:data1\" content=\"7 minutes\" \/>\n<script type=\"application\/ld+json\" class=\"yoast-schema-graph\">{\"@context\":\"https:\/\/schema.org\",\"@graph\":[{\"@type\":\"WebPage\",\"@id\":\"https:\/\/dmi65.com\/vi\/nganh-cong-nghiep\/xu-tri-nuoc-cho-giay-nganh-bot-giay\/\",\"url\":\"https:\/\/dmi65.com\/vi\/nganh-cong-nghiep\/xu-tri-nuoc-cho-giay-nganh-bot-giay\/\",\"name\":\"X\u1eed tr\u1ecb n\u01b0\u1edbc cho gi\u1ea5y & b\u1ed9t gi\u1ea5y, l\u1ecdc truy\u1ec1n th\u00f4ng - DMI-65\u00ae\",\"isPartOf\":{\"@id\":\"https:\/\/dmi65.com\/vi\/#website\"},\"datePublished\":\"2020-06-30T10:54:10+00:00\",\"dateModified\":\"2020-06-30T10:54:24+00:00\",\"description\":\"DMI-65\u00ae l\u00e0 n\u01b0\u1edbc \u0111i\u1ec1u tr\u1ecb t\u1ed1t nh\u1ea5t cho c\u00e1c ng\u00e0nh c\u00f4ng nghi\u1ec7p gi\u1ea5y &, s\u1eaft v\u00e0 mangan lo\u1ea1i b\u1ecf cho c\u00e1c ng\u00e0nh c\u00f4ng nghi\u1ec7p s\u1ea3n xu\u1ea5t.\",\"breadcrumb\":{\"@id\":\"https:\/\/dmi65.com\/vi\/nganh-cong-nghiep\/xu-tri-nuoc-cho-giay-nganh-bot-giay\/#breadcrumb\"},\"inLanguage\":\"vi-VN\",\"potentialAction\":[{\"@type\":\"ReadAction\",\"target\":[\"https:\/\/dmi65.com\/vi\/nganh-cong-nghiep\/xu-tri-nuoc-cho-giay-nganh-bot-giay\/\"]}]},{\"@type\":\"BreadcrumbList\",\"@id\":\"https:\/\/dmi65.com\/vi\/nganh-cong-nghiep\/xu-tri-nuoc-cho-giay-nganh-bot-giay\/#breadcrumb\",\"itemListElement\":[{\"@type\":\"ListItem\",\"position\":1,\"name\":\"Home\",\"item\":\"https:\/\/dmi65.com\/vi\/\"},{\"@type\":\"ListItem\",\"position\":2,\"name\":\"Ng\u00e0nh c\u00f4ng nghi\u1ec7p\",\"item\":\"https:\/\/dmi65.com\/vi\/nganh-cong-nghiep\/\"},{\"@type\":\"ListItem\",\"position\":3,\"name\":\"X\u1eed tr\u1ecb n\u01b0\u1edbc cho gi\u1ea5y &amp; ng\u00e0nh b\u1ed9t gi\u1ea5y\"}]},{\"@type\":\"WebSite\",\"@id\":\"https:\/\/dmi65.com\/vi\/#website\",\"url\":\"https:\/\/dmi65.com\/vi\/\",\"name\":\"DMI-65\u00ae\",\"description\":\"Water Filtration &amp; Reverse Osmosis Treatment, Catalytic Media\",\"publisher\":{\"@id\":\"https:\/\/dmi65.com\/vi\/#organization\"},\"potentialAction\":[{\"@type\":\"SearchAction\",\"target\":{\"@type\":\"EntryPoint\",\"urlTemplate\":\"https:\/\/dmi65.com\/vi\/?s={search_term_string}\"},\"query-input\":{\"@type\":\"PropertyValueSpecification\",\"valueRequired\":true,\"valueName\":\"search_term_string\"}}],\"inLanguage\":\"vi-VN\"},{\"@type\":\"Organization\",\"@id\":\"https:\/\/dmi65.com\/vi\/#organization\",\"name\":\"DMI-65 & Quantum Filtration Pty Ltd\",\"url\":\"https:\/\/dmi65.com\/vi\/\",\"logo\":{\"@type\":\"ImageObject\",\"inLanguage\":\"vi-VN\",\"@id\":\"https:\/\/dmi65.com\/vi\/#\/schema\/logo\/image\/\",\"url\":\"https:\/\/dmi65.com\/wp-content\/uploads\/2020\/04\/dmi65.png\",\"contentUrl\":\"https:\/\/dmi65.com\/wp-content\/uploads\/2020\/04\/dmi65.png\",\"width\":440,\"height\":205,\"caption\":\"DMI-65 & Quantum Filtration Pty Ltd\"},\"image\":{\"@id\":\"https:\/\/dmi65.com\/vi\/#\/schema\/logo\/image\/\"},\"sameAs\":[\"https:\/\/www.linkedin.com\/company\/dmi-65\",\"https:\/\/www.youtube.com\/channel\/UCbXoMn5KBp2jrnx4KR_Qg4A\"]}]}<\/script>\n<!-- \/ Yoast SEO plugin. -->","yoast_head_json":{"title":"X\u1eed tr\u1ecb n\u01b0\u1edbc cho gi\u1ea5y & b\u1ed9t gi\u1ea5y, l\u1ecdc truy\u1ec1n th\u00f4ng - DMI-65\u00ae","description":"DMI-65\u00ae l\u00e0 n\u01b0\u1edbc \u0111i\u1ec1u tr\u1ecb t\u1ed1t nh\u1ea5t cho c\u00e1c ng\u00e0nh c\u00f4ng nghi\u1ec7p gi\u1ea5y &, s\u1eaft v\u00e0 mangan lo\u1ea1i b\u1ecf cho c\u00e1c ng\u00e0nh c\u00f4ng nghi\u1ec7p s\u1ea3n xu\u1ea5t.","robots":{"index":"index","follow":"follow","max-snippet":"max-snippet:-1","max-image-preview":"max-image-preview:large","max-video-preview":"max-video-preview:-1"},"canonical":"https:\/\/dmi65.com\/vi\/nganh-cong-nghiep\/xu-tri-nuoc-cho-giay-nganh-bot-giay\/","og_locale":"vi_VN","og_type":"article","og_title":"X\u1eed tr\u1ecb n\u01b0\u1edbc cho gi\u1ea5y & b\u1ed9t gi\u1ea5y, l\u1ecdc truy\u1ec1n th\u00f4ng - DMI-65\u00ae","og_description":"DMI-65\u00ae l\u00e0 n\u01b0\u1edbc \u0111i\u1ec1u tr\u1ecb t\u1ed1t nh\u1ea5t cho c\u00e1c ng\u00e0nh c\u00f4ng nghi\u1ec7p gi\u1ea5y &, s\u1eaft v\u00e0 mangan lo\u1ea1i b\u1ecf cho c\u00e1c ng\u00e0nh c\u00f4ng nghi\u1ec7p s\u1ea3n xu\u1ea5t.","og_url":"https:\/\/dmi65.com\/vi\/nganh-cong-nghiep\/xu-tri-nuoc-cho-giay-nganh-bot-giay\/","og_site_name":"DMI-65\u00ae","article_modified_time":"2020-06-30T10:54:24+00:00","og_image":[{"width":466,"height":200,"url":"https:\/\/dmi65.com\/wp-content\/uploads\/2020\/06\/dmi65_Logo_Blk.png","type":"image\/png"}],"twitter_card":"summary_large_image","twitter_misc":{"Est. reading time":"7 minutes"},"schema":{"@context":"https:\/\/schema.org","@graph":[{"@type":"WebPage","@id":"https:\/\/dmi65.com\/vi\/nganh-cong-nghiep\/xu-tri-nuoc-cho-giay-nganh-bot-giay\/","url":"https:\/\/dmi65.com\/vi\/nganh-cong-nghiep\/xu-tri-nuoc-cho-giay-nganh-bot-giay\/","name":"X\u1eed tr\u1ecb n\u01b0\u1edbc cho gi\u1ea5y & b\u1ed9t gi\u1ea5y, l\u1ecdc truy\u1ec1n th\u00f4ng - DMI-65\u00ae","isPartOf":{"@id":"https:\/\/dmi65.com\/vi\/#website"},"datePublished":"2020-06-30T10:54:10+00:00","dateModified":"2020-06-30T10:54:24+00:00","description":"DMI-65\u00ae l\u00e0 n\u01b0\u1edbc \u0111i\u1ec1u tr\u1ecb t\u1ed1t nh\u1ea5t cho c\u00e1c ng\u00e0nh c\u00f4ng nghi\u1ec7p gi\u1ea5y &, s\u1eaft v\u00e0 mangan lo\u1ea1i b\u1ecf cho c\u00e1c ng\u00e0nh c\u00f4ng nghi\u1ec7p s\u1ea3n xu\u1ea5t.","breadcrumb":{"@id":"https:\/\/dmi65.com\/vi\/nganh-cong-nghiep\/xu-tri-nuoc-cho-giay-nganh-bot-giay\/#breadcrumb"},"inLanguage":"vi-VN","potentialAction":[{"@type":"ReadAction","target":["https:\/\/dmi65.com\/vi\/nganh-cong-nghiep\/xu-tri-nuoc-cho-giay-nganh-bot-giay\/"]}]},{"@type":"BreadcrumbList","@id":"https:\/\/dmi65.com\/vi\/nganh-cong-nghiep\/xu-tri-nuoc-cho-giay-nganh-bot-giay\/#breadcrumb","itemListElement":[{"@type":"ListItem","position":1,"name":"Home","item":"https:\/\/dmi65.com\/vi\/"},{"@type":"ListItem","position":2,"name":"Ng\u00e0nh c\u00f4ng nghi\u1ec7p","item":"https:\/\/dmi65.com\/vi\/nganh-cong-nghiep\/"},{"@type":"ListItem","position":3,"name":"X\u1eed tr\u1ecb n\u01b0\u1edbc cho gi\u1ea5y &amp; ng\u00e0nh b\u1ed9t gi\u1ea5y"}]},{"@type":"WebSite","@id":"https:\/\/dmi65.com\/vi\/#website","url":"https:\/\/dmi65.com\/vi\/","name":"DMI-65\u00ae","description":"Water Filtration &amp; Reverse Osmosis Treatment, Catalytic Media","publisher":{"@id":"https:\/\/dmi65.com\/vi\/#organization"},"potentialAction":[{"@type":"SearchAction","target":{"@type":"EntryPoint","urlTemplate":"https:\/\/dmi65.com\/vi\/?s={search_term_string}"},"query-input":{"@type":"PropertyValueSpecification","valueRequired":true,"valueName":"search_term_string"}}],"inLanguage":"vi-VN"},{"@type":"Organization","@id":"https:\/\/dmi65.com\/vi\/#organization","name":"DMI-65 & Quantum Filtration Pty Ltd","url":"https:\/\/dmi65.com\/vi\/","logo":{"@type":"ImageObject","inLanguage":"vi-VN","@id":"https:\/\/dmi65.com\/vi\/#\/schema\/logo\/image\/","url":"https:\/\/dmi65.com\/wp-content\/uploads\/2020\/04\/dmi65.png","contentUrl":"https:\/\/dmi65.com\/wp-content\/uploads\/2020\/04\/dmi65.png","width":440,"height":205,"caption":"DMI-65 & Quantum Filtration Pty Ltd"},"image":{"@id":"https:\/\/dmi65.com\/vi\/#\/schema\/logo\/image\/"},"sameAs":["https:\/\/www.linkedin.com\/company\/dmi-65","https:\/\/www.youtube.com\/channel\/UCbXoMn5KBp2jrnx4KR_Qg4A"]}]}},"_links":{"self":[{"href":"https:\/\/dmi65.com\/vi\/wp-json\/wp\/v2\/pages\/9228","targetHints":{"allow":["GET"]}}],"collection":[{"href":"https:\/\/dmi65.com\/vi\/wp-json\/wp\/v2\/pages"}],"about":[{"href":"https:\/\/dmi65.com\/vi\/wp-json\/wp\/v2\/types\/page"}],"author":[{"embeddable":true,"href":"https:\/\/dmi65.com\/vi\/wp-json\/wp\/v2\/users\/1"}],"replies":[{"embeddable":true,"href":"https:\/\/dmi65.com\/vi\/wp-json\/wp\/v2\/comments?post=9228"}],"version-history":[{"count":1,"href":"https:\/\/dmi65.com\/vi\/wp-json\/wp\/v2\/pages\/9228\/revisions"}],"predecessor-version":[{"id":9229,"href":"https:\/\/dmi65.com\/vi\/wp-json\/wp\/v2\/pages\/9228\/revisions\/9229"}],"up":[{"embeddable":true,"href":"https:\/\/dmi65.com\/vi\/wp-json\/wp\/v2\/pages\/7112"}],"wp:attachment":[{"href":"https:\/\/dmi65.com\/vi\/wp-json\/wp\/v2\/media?parent=9228"}],"curies":[{"name":"wp","href":"https:\/\/api.w.org\/{rel}","templated":true}]}}