{"id":9192,"date":"2020-06-30T18:51:19","date_gmt":"2020-06-30T10:51:19","guid":{"rendered":"https:\/\/dmi65.com\/nganh-cong-nghiep\/xu-tri-nuoc-uong-thanh-pho\/"},"modified":"2020-06-30T18:51:20","modified_gmt":"2020-06-30T10:51:20","slug":"xu-tri-nuoc-uong-thanh-pho","status":"publish","type":"page","link":"https:\/\/dmi65.com\/vi\/nganh-cong-nghiep\/xu-tri-nuoc-uong-thanh-pho\/","title":{"rendered":"X\u1eed tr\u1ecb n\u01b0\u1edbc u\u1ed1ng th\u00e0nh ph\u1ed1"},"content":{"rendered":"<div class=\"wpb-content-wrapper\"><p>[vc_row][vc_column][vc_column_text css=&#8221;.vc_custom_1593483956340{margin-top: 15px !important;margin-bottom: 15px !important;}&#8221;]<strong>X\u1eed tr\u1ecb n\u01b0\u1edbc u\u1ed1ng th\u00e0nh ph\u1ed1:<\/strong> Quy\u1ec1n truy c\u1eadp v\u00e0o n\u01b0\u1edbc u\u1ed1ng an to\u00e0n \u0111\u01b0\u1ee3c coi l\u00e0 m\u1ed9t quy\u1ec1n c\u01a1 b\u1ea3n c\u1ee7a con ng\u01b0\u1eddi. Tuy nhi\u00ean,<a href=\"https:\/\/www.who.int\/news-room\/detail\/12-07-2017-2-1-billion-people-lack-safe-drinking-water-at-home-more-than-twice-as-many-lack-safe-sanitation\" target=\"_blank\" rel=\"noopener noreferrer\"> h\u01a1n m\u1ed9t ph\u1ea7n s\u00e1u d\u00e2n s\u1ed1 th\u1ebf gi\u1edbi, ch\u1ee7 y\u1ebfu \u1edf c\u00e1c n\u01b0\u1edbc \u0111ang ph\u00e1t tri\u1ec3n, thi\u1ebfu truy c\u1eadp \u0111\u00e1ng tin c\u1eady v\u00e0o n\u01b0\u1edbc nh\u01b0 v\u1eady<\/a>. Kh\u00e1ch h\u00e0ng ph\u00e0n n\u00e0n v\u1edbi c\u00e1c c\u00f4ng ty n\u01b0\u1edbc u\u1ed1ng v\u1ec1 c\u00e1c s\u1ef1 c\u1ed1 nh\u01b0 h\u01b0\u01a1ng v\u1ecb, m\u00f9i, m\u00e0u s\u1eafc, ch\u1ea5t nh\u1eddn, \u00e1p su\u1ea5t th\u1ea5p v\u00e0 kh\u00f4ng cung c\u1ea5p n\u01b0\u1edbc. T\u1ea1i V\u01b0\u01a1ng Qu\u1ed1c Anh, ng\u01b0\u1eddi ta \u01b0\u1edbc t\u00ednh r\u1eb1ng m\u1ed9t ph\u1ea7n ba c\u1ee7a t\u1ea5t c\u1ea3 c\u00e1c khi\u1ebfu n\u1ea1i c\u1ee7a kh\u00e1ch h\u00e0ng li\u00ean quan \u0111\u1ebfn n\u01b0\u1edbc u\u1ed1ng c\u00f3 li\u00ean quan \u0111\u1ebfn s\u1ef1 \u0111\u1ed5i m\u00e0u n\u01b0\u1edbc (Cook et al., 2005). Nh\u1eefng khi\u1ebfu n\u1ea1i n\u00e0y l\u00e0m suy y\u1ebfu r\u1ea5t nhi\u1ec1u ni\u1ec1m tin c\u1ee7a kh\u00e1ch h\u00e0ng trong c\u00e1c c\u00f4ng ty n\u01b0\u1edbc.[\/vc_column_text][\/vc_column][\/vc_row][vc_row][vc_column][vc_column_text css=&#8221;.vc_custom_1593484138974{margin-bottom: 0px !important;}&#8221;]Iron and Manganese contamination of water have long been considered to only lead to aesthetic problems, in that they are secondary contaminants that have little or no adverse health effects. However, research conducted by Wasserman et al. (2006) indicated a relationship between increased Mn concentrations in drinking water and reduced intellectual functions of children. Increased levels of Iron and Manganese concentrations have been found to be the main cause of drinking water discolouration (Slaats, 2002). Furthermore, discoloured water could also lead to coloured stains on laundries and sinks, increased treatment costs, reduced treatment capacity and increased pumping costs. Water with high concentrations of Iron and Manganese has been found to give water an unpleasant metallic taste and vegetables cooked with it become dark and look unappetizing (Herman, 1996).<\/p>\n<p>High Iron and Manganese levels can lead to non-compliance with drinking water regulations. The drinking water standard for most jurisdictions for iron is 0.3 milligrams per liter (mg\/l), and the standard for manganese is 0.05 mg\/l respectively. The quality of water changes as it travels from source to consumers in Water Distribution Networks (\u2018WDNs\u2019). Although water companies generally set post-treatment targets of Fe and Mn to about 3% of their respective MCLs, low concentrations of Fe and Mn still enter the network and gradually accumulate on pipe walls within WDNs. Given the wrong conditions, such as high flows created by a water main burst or high diurnal consumption of drinking water, these accumulated particles may subsequently lead to water discolouration and end up in customers\u2019 taps.<\/p>\n<p>In order to begin the process of oxidation of the iron (and manganese) in solution DMI-65\u00ae is designed to operate in the presence of chlorine or other oxidants. In this process the oxidant removes electrons and is consumed in<\/p>\n<p>the process. The operator needs to ensure that there is a 0.1 \u2013 0.3 ppm free chlorine residual in the effluent water. Chlorine, fed as sodium hypochlorite or bleach (12.5% NaOCl), is the preferred oxidant since it is relatively inexpensive, readily available around the world and it is effective. It also performs the vast majority of any disinfectant process.<\/p>\n<p>Unlike ion exchange resins where higher regenerant dosages will increase the ion exchange capacity, NaOCl residuals or concentrations higher than required to oxidize the Iron and Manganese do not increase the oxidative properties of the media. Additionally, since the media is often used to pretreat waters prior to an RO system a higher free chlorine residual would require more extensive post treatment to reduce the residual and protect the membranes from chlorine attack.<\/p>\n<p>DMI-65\u00ae has been certified to the <a href=\"http:\/\/dmi65.com\/vi\/ky-thuat\/chung-nhan-chat-luong-nuoc\/\">US Standard of NSF\/ANSI 61 for Drinking Water System Components<\/a> and for use in England and Wales Under Regulation 31(4)(a) of the water supply (Water Quality) regulations 2010 and has also been tested by many other <a href=\"http:\/\/dmi65.com\/vi\/ky-thuat\/phong-thi-nghiem-thu-nghiem\/\">water treatment authorities and laboratories<\/a>.[\/vc_column_text][vc_empty_space height=&#8221;20px&#8221;]<blockquote class=\"text-big shortcode-blockquote block-style-widget\"><p>C\u00f4ng tr\u00ecnh n\u01b0\u1edbc George Municipal, Nam Phi, s\u1eed d\u1ee5ng h\u01a1n 550 t\u1ea5n DMI-65\u00ae. George n\u01b0\u1edbc c\u00f3 m\u00e0u cao c\u00f3 ch\u1ee9a axit humic v\u00e0 Fulvic-m\u00e0u n\u01b0\u1edbc th\u00f4 l\u00e0 kho\u1ea3ng. 800 c\u00e1c \u0111\u01a1n v\u1ecb m\u00e0u PtCo. Lo\u1ea1i n\u01b0\u1edbc n\u00e0y \u0111\u01b0\u1ee3c coi l\u00e0 m\u1ed9t trong nh\u1eefng kh\u00f3 kh\u0103n nh\u1ea5t \u0111\u1ec3 l\u1ecdc. Lo\u1ea1i b\u1ecf s\u1eaft l\u00e0 r\u1ea5t hi\u1ec7u qu\u1ea3 b\u1ea5t k\u1ec3 pH. S\u1eaft d\u01b0 cao nh\u1ea5t \u0111\u01b0\u1ee3c t\u00ecm th\u1ea5y l\u00e0 0,01 mg\/L. Lo\u1ea1i b\u1ecf mangan c\u0169ng r\u1ea5t hi\u1ec7u qu\u1ea3. C\u00e1c mangan cao nh\u1ea5t c\u00f2n l\u1ea1i \u0111\u01b0\u1ee3c t\u00ecm th\u1ea5y l\u00e0 0,06 mg\/l MN \u0111\u01b0\u1ee3c lo\u1ea1i b\u1ecf t\u1ed1t nh\u1ea5t \u1edf pH 8 cao h\u01a1n. L\u1ee3i \u00edch b\u1ed5 sung c\u1ee7a vi\u1ec7c lo\u1ea1i b\u1ecf nh\u00f4m ngay c\u1ea3 \u1edf pH cao h\u01a1n. \u0110\u1ed9 \u0111\u1ee5c cao nh\u1ea5t \u0111\u01b0\u1ee3c ghi nh\u1eadn l\u00e0 0,06 NTU. Theo x\u00e9t nghi\u1ec7m c\u1ee7a ch\u00fang t\u00f4i, m\u00e0u s\u1eafc cao nh\u1ea5t l\u00e0 4 mg\/l PtCo nh\u01b0ng h\u1ea7u h\u1ebft th\u1eddi gian m\u00e0u s\u1eafc th\u1ea5p h\u01a1n m\u00e0u c\u1ee7a n\u01b0\u1edbc c\u1ea5t mua t\u1eeb m\u1ed9t hi\u1ec7u thu\u1ed1c \u1edf George. Nh\u00e0 m\u00e1y \u0111\u00e3 ch\u1ea1y t\u1eeb \u0111\u1ea7u th\u00e1ng 2007 v\u00e0 ti\u1ebfp t\u1ee5c c\u00f3 k\u1ebft qu\u1ea3 xu\u1ea5t s\u1eafc. George Municipal water Works, s\u1eed d\u1ee5ng c\u00f9ng m\u1ed9t DMI-65\u00ae b\u1ed9 l\u1ecdc ph\u01b0\u01a1ng ti\u1ec7n truy\u1ec1n th\u00f4ng trong h\u01a1n 13 n\u0103m, kh\u00f4ng c\u00f3 th\u1ea5t b\u1ea1i ho\u1eb7c gi\u1ea3m hi\u1ec7u su\u1ea5t.<\/p>\n<\/blockquote>[vc_empty_space height=&#8221;20px&#8221;]<blockquote class=\"text-big shortcode-blockquote block-style-widget\"><p>Nh\u00e0 m\u00e1y x\u1eed tr\u1ecb n\u01b0\u1edbc c\u1ee7a Witbank Municipal \u1edf Durban, Nam Phi bao g\u1ed3m 18 b\u1ed9 l\u1ecdc c\u00e1t nhanh ch\u00f3ng s\u1eed d\u1ee5ng 1200 t\u1ea5n b\u1ed9 l\u1ecdc ph\u01b0\u01a1ng ti\u1ec7n truy\u1ec1n th\u00f4ng \u0111\u1ec3 lo\u1ea1i b\u1ecf s\u1eaft v\u00e0 mangan t\u1eeb ngu\u1ed3n n\u01b0\u1edbc m\u1eb7t \u0111\u1ea5t \u0111\u1ecba ph\u01b0\u01a1ng. C\u00e1c chuy\u00ean gia x\u1eed l\u00fd n\u01b0\u1edbc \u0111\u1ecba ph\u01b0\u01a1ng v\u00e0 t\u00e1c nh\u00e2n DMI-65\u00ae, c\u00f4ng ngh\u1ec7 n\u01b0\u1edbc Cape, \u0111\u00e3 ch\u1ee9ng minh hi\u1ec7u su\u1ea5t v\u00e0 l\u1ee3i \u00edch chi ph\u00ed c\u1ee7a vi\u1ec7c n\u00e2ng c\u1ea5p h\u1ec7 th\u1ed1ng DMI-65\u00ae, b\u1edfi th\u1eed nghi\u1ec7m th\u00ed \u0111i\u1ec3m th\u00e0nh c\u00f4ng trong 2018. N\u00e2ng c\u1ea5p cho nh\u00e0 m\u00e1y b\u1eaft \u0111\u1ea7u v\u00e0o 2019 v\u00e0 d\u1ef1 ki\u1ebfn s\u1ebd \u0111\u01b0\u1ee3c ho\u00e0n th\u00e0nh v\u00e0o cu\u1ed1i 2020.<\/p>\n<\/blockquote>[\/vc_column][\/vc_row][vc_row css=&#8221;.vc_custom_1593496115589{margin-top: 15px !important;}&#8221;][vc_column]<div class=\"dt-fancy-separator\" style=\"width: 100%;\"><div class=\"dt-fancy-title\"><span class=\"separator-holder separator-left\"><\/span>Nghi\u00ean c\u1ee9u t\u00ecnh hu\u1ed1ng cho c\u00e1c \u1ee9ng d\u1ee5ng n\u01b0\u1edbc u\u1ed1ng th\u00e0nh ph\u1ed1<span class=\"separator-holder separator-right\"><\/span><\/div><\/div>[vc_basic_grid post_type=&#8221;post&#8221; max_items=&#8221;2&#8243; element_width=&#8221;6&#8243; item=&#8221;masonryGrid_Default&#8221; grid_id=&#8221;vc_gid:1593497762693-41b75922-5425-4&#8243; taxonomies=&#8221;679&#8243; css=&#8221;.vc_custom_1593496256234{margin-top: 30px !important;}&#8221;][\/vc_column][\/vc_row][vc_row content_placement=&#8221;middle&#8221; css=&#8221;.vc_custom_1592798106994{margin-top: 30px !important;padding-top: 20px !important;padding-right: 20px !important;padding-bottom: 5px !important;padding-left: 20px !important;}&#8221; el_class=&#8221;cta&#8221;][vc_column]<div class=\"dt-fancy-separator\" style=\"width: 100%;\"><div class=\"dt-fancy-title\"><span class=\"separator-holder separator-left\"><\/span>H\u1ecfi th\u0103m \u0111\u1ec3 t\u00ecm hi\u1ec3u c\u00e1ch DMI-65\u00ae ph\u01b0\u01a1ng ti\u1ec7n truy\u1ec1n th\u00f4ng l\u1ecdc cho c\u00e1c \u1ee9ng d\u1ee5ng n\u01b0\u1edbc u\u1ed1ng \u0111\u00f4 th\u1ecb<span class=\"separator-holder separator-right\"><\/span><\/div><\/div>[vc_btn title=&#8221;H\u1ecfi&#8221; style=&#8221;custom&#8221; custom_background=&#8221;#162441&#8243; custom_text=&#8221;#ffffff&#8221; shape=&#8221;square&#8221; size=&#8221;lg&#8221; align=&#8221;center&#8221; i_align=&#8221;right&#8221; i_icon_fontawesome=&#8221;fas fa-chevron-right&#8221; add_icon=&#8221;true&#8221; css=&#8221;.vc_custom_1592793128520{margin-top: 20px !important;}&#8221; el_class=&#8221;ctaButton sg-popup-id-8233&#8243;][\/vc_column][\/vc_row]<\/p>\n<\/div>","protected":false},"excerpt":{"rendered":"<p>[vc_row][vc_column][vc_column_text css=&#8221;.vc_custom_1593483956340{margin-top: 15px !important;margin-bottom: 15px !important;}&#8221;]X\u1eed tr\u1ecb n\u01b0\u1edbc u\u1ed1ng th\u00e0nh ph\u1ed1: Quy\u1ec1n truy c\u1eadp v\u00e0o n\u01b0\u1edbc u\u1ed1ng an to\u00e0n \u0111\u01b0\u1ee3c coi l\u00e0 m\u1ed9t quy\u1ec1n c\u01a1 b\u1ea3n c\u1ee7a con ng\u01b0\u1eddi. Tuy nhi\u00ean, h\u01a1n m\u1ed9t ph\u1ea7n s\u00e1u d\u00e2n s\u1ed1 th\u1ebf gi\u1edbi, ch\u1ee7 y\u1ebfu \u1edf c\u00e1c n\u01b0\u1edbc \u0111ang ph\u00e1t tri\u1ec3n, thi\u1ebfu truy c\u1eadp \u0111\u00e1ng tin c\u1eady v\u00e0o n\u01b0\u1edbc&hellip;<\/p>\n","protected":false},"author":1,"featured_media":0,"parent":7112,"menu_order":0,"comment_status":"closed","ping_status":"closed","template":"","meta":{"content-type":"","footnotes":""},"class_list":["post-9192","page","type-page","status-publish","hentry","description-off"],"yoast_head":"<!-- This site is optimized with the Yoast SEO plugin v25.2 - https:\/\/yoast.com\/wordpress\/plugins\/seo\/ -->\n<title>X\u1eed tr\u1ecb n\u01b0\u1edbc u\u1ed1ng Muncipal, l\u1ecdc Media th\u00e1ng - DMI-65\u00ae<\/title>\n<meta name=\"description\" content=\"DMI-65\u00ae c\u00f3 th\u1ec3 \u0111\u01b0\u1ee3c s\u1eed d\u1ee5ng trong x\u1eed tr\u1ecb n\u01b0\u1edbc u\u1ed1ng \u0111\u00f4 th\u1ecb, \u0111\u1eb7c bi\u1ec7t l\u00e0 \u1edf c\u00e1c n\u01b0\u1edbc \u0111ang ph\u00e1t tri\u1ec3n thi\u1ebfu ti\u1ebfp c\u1eadn \u0111\u00e1ng tin c\u1eady \u0111\u1ec3 l\u00e0m s\u1ea1ch n\u01b0\u1edbc.\" \/>\n<meta name=\"robots\" content=\"index, follow, max-snippet:-1, max-image-preview:large, max-video-preview:-1\" \/>\n<link rel=\"canonical\" href=\"https:\/\/dmi65.com\/vi\/nganh-cong-nghiep\/xu-tri-nuoc-uong-thanh-pho\/\" \/>\n<meta property=\"og:locale\" content=\"vi_VN\" \/>\n<meta property=\"og:type\" content=\"article\" \/>\n<meta property=\"og:title\" content=\"X\u1eed tr\u1ecb n\u01b0\u1edbc u\u1ed1ng Muncipal, l\u1ecdc Media th\u00e1ng - DMI-65\u00ae\" \/>\n<meta property=\"og:description\" content=\"DMI-65\u00ae c\u00f3 th\u1ec3 \u0111\u01b0\u1ee3c s\u1eed d\u1ee5ng trong x\u1eed tr\u1ecb n\u01b0\u1edbc u\u1ed1ng \u0111\u00f4 th\u1ecb, \u0111\u1eb7c bi\u1ec7t l\u00e0 \u1edf c\u00e1c n\u01b0\u1edbc \u0111ang ph\u00e1t tri\u1ec3n thi\u1ebfu ti\u1ebfp c\u1eadn \u0111\u00e1ng tin c\u1eady \u0111\u1ec3 l\u00e0m s\u1ea1ch n\u01b0\u1edbc.\" \/>\n<meta property=\"og:url\" content=\"https:\/\/dmi65.com\/vi\/nganh-cong-nghiep\/xu-tri-nuoc-uong-thanh-pho\/\" \/>\n<meta property=\"og:site_name\" content=\"DMI-65\u00ae\" \/>\n<meta property=\"article:modified_time\" content=\"2020-06-30T10:51:20+00:00\" \/>\n<meta property=\"og:image\" content=\"https:\/\/dmi65.com\/wp-content\/uploads\/2020\/06\/dmi65_Logo_Blk.png\" \/>\n\t<meta property=\"og:image:width\" content=\"466\" \/>\n\t<meta property=\"og:image:height\" content=\"200\" \/>\n\t<meta property=\"og:image:type\" content=\"image\/png\" \/>\n<meta name=\"twitter:card\" content=\"summary_large_image\" \/>\n<meta name=\"twitter:label1\" content=\"Est. reading time\" \/>\n\t<meta name=\"twitter:data1\" content=\"7 minutes\" \/>\n<script type=\"application\/ld+json\" class=\"yoast-schema-graph\">{\"@context\":\"https:\/\/schema.org\",\"@graph\":[{\"@type\":\"WebPage\",\"@id\":\"https:\/\/dmi65.com\/vi\/nganh-cong-nghiep\/xu-tri-nuoc-uong-thanh-pho\/\",\"url\":\"https:\/\/dmi65.com\/vi\/nganh-cong-nghiep\/xu-tri-nuoc-uong-thanh-pho\/\",\"name\":\"X\u1eed tr\u1ecb n\u01b0\u1edbc u\u1ed1ng Muncipal, l\u1ecdc Media th\u00e1ng - DMI-65\u00ae\",\"isPartOf\":{\"@id\":\"https:\/\/dmi65.com\/vi\/#website\"},\"datePublished\":\"2020-06-30T10:51:19+00:00\",\"dateModified\":\"2020-06-30T10:51:20+00:00\",\"description\":\"DMI-65\u00ae c\u00f3 th\u1ec3 \u0111\u01b0\u1ee3c s\u1eed d\u1ee5ng trong x\u1eed tr\u1ecb n\u01b0\u1edbc u\u1ed1ng \u0111\u00f4 th\u1ecb, \u0111\u1eb7c bi\u1ec7t l\u00e0 \u1edf c\u00e1c n\u01b0\u1edbc \u0111ang ph\u00e1t tri\u1ec3n thi\u1ebfu ti\u1ebfp c\u1eadn \u0111\u00e1ng tin c\u1eady \u0111\u1ec3 l\u00e0m s\u1ea1ch n\u01b0\u1edbc.\",\"breadcrumb\":{\"@id\":\"https:\/\/dmi65.com\/vi\/nganh-cong-nghiep\/xu-tri-nuoc-uong-thanh-pho\/#breadcrumb\"},\"inLanguage\":\"vi-VN\",\"potentialAction\":[{\"@type\":\"ReadAction\",\"target\":[\"https:\/\/dmi65.com\/vi\/nganh-cong-nghiep\/xu-tri-nuoc-uong-thanh-pho\/\"]}]},{\"@type\":\"BreadcrumbList\",\"@id\":\"https:\/\/dmi65.com\/vi\/nganh-cong-nghiep\/xu-tri-nuoc-uong-thanh-pho\/#breadcrumb\",\"itemListElement\":[{\"@type\":\"ListItem\",\"position\":1,\"name\":\"Home\",\"item\":\"https:\/\/dmi65.com\/vi\/\"},{\"@type\":\"ListItem\",\"position\":2,\"name\":\"Ng\u00e0nh c\u00f4ng nghi\u1ec7p\",\"item\":\"https:\/\/dmi65.com\/vi\/nganh-cong-nghiep\/\"},{\"@type\":\"ListItem\",\"position\":3,\"name\":\"X\u1eed tr\u1ecb n\u01b0\u1edbc u\u1ed1ng th\u00e0nh ph\u1ed1\"}]},{\"@type\":\"WebSite\",\"@id\":\"https:\/\/dmi65.com\/vi\/#website\",\"url\":\"https:\/\/dmi65.com\/vi\/\",\"name\":\"DMI-65\u00ae\",\"description\":\"Water Filtration &amp; Reverse Osmosis Treatment, Catalytic Media\",\"publisher\":{\"@id\":\"https:\/\/dmi65.com\/vi\/#organization\"},\"potentialAction\":[{\"@type\":\"SearchAction\",\"target\":{\"@type\":\"EntryPoint\",\"urlTemplate\":\"https:\/\/dmi65.com\/vi\/?s={search_term_string}\"},\"query-input\":{\"@type\":\"PropertyValueSpecification\",\"valueRequired\":true,\"valueName\":\"search_term_string\"}}],\"inLanguage\":\"vi-VN\"},{\"@type\":\"Organization\",\"@id\":\"https:\/\/dmi65.com\/vi\/#organization\",\"name\":\"DMI-65 & Quantum Filtration Pty Ltd\",\"url\":\"https:\/\/dmi65.com\/vi\/\",\"logo\":{\"@type\":\"ImageObject\",\"inLanguage\":\"vi-VN\",\"@id\":\"https:\/\/dmi65.com\/vi\/#\/schema\/logo\/image\/\",\"url\":\"https:\/\/dmi65.com\/wp-content\/uploads\/2020\/04\/dmi65.png\",\"contentUrl\":\"https:\/\/dmi65.com\/wp-content\/uploads\/2020\/04\/dmi65.png\",\"width\":440,\"height\":205,\"caption\":\"DMI-65 & Quantum Filtration Pty Ltd\"},\"image\":{\"@id\":\"https:\/\/dmi65.com\/vi\/#\/schema\/logo\/image\/\"},\"sameAs\":[\"https:\/\/www.linkedin.com\/company\/dmi-65\",\"https:\/\/www.youtube.com\/channel\/UCbXoMn5KBp2jrnx4KR_Qg4A\"]}]}<\/script>\n<!-- \/ Yoast SEO plugin. -->","yoast_head_json":{"title":"X\u1eed tr\u1ecb n\u01b0\u1edbc u\u1ed1ng Muncipal, l\u1ecdc Media th\u00e1ng - DMI-65\u00ae","description":"DMI-65\u00ae c\u00f3 th\u1ec3 \u0111\u01b0\u1ee3c s\u1eed d\u1ee5ng trong x\u1eed tr\u1ecb n\u01b0\u1edbc u\u1ed1ng \u0111\u00f4 th\u1ecb, \u0111\u1eb7c bi\u1ec7t l\u00e0 \u1edf c\u00e1c n\u01b0\u1edbc \u0111ang ph\u00e1t tri\u1ec3n thi\u1ebfu ti\u1ebfp c\u1eadn \u0111\u00e1ng tin c\u1eady \u0111\u1ec3 l\u00e0m s\u1ea1ch n\u01b0\u1edbc.","robots":{"index":"index","follow":"follow","max-snippet":"max-snippet:-1","max-image-preview":"max-image-preview:large","max-video-preview":"max-video-preview:-1"},"canonical":"https:\/\/dmi65.com\/vi\/nganh-cong-nghiep\/xu-tri-nuoc-uong-thanh-pho\/","og_locale":"vi_VN","og_type":"article","og_title":"X\u1eed tr\u1ecb n\u01b0\u1edbc u\u1ed1ng Muncipal, l\u1ecdc Media th\u00e1ng - DMI-65\u00ae","og_description":"DMI-65\u00ae c\u00f3 th\u1ec3 \u0111\u01b0\u1ee3c s\u1eed d\u1ee5ng trong x\u1eed tr\u1ecb n\u01b0\u1edbc u\u1ed1ng \u0111\u00f4 th\u1ecb, \u0111\u1eb7c bi\u1ec7t l\u00e0 \u1edf c\u00e1c n\u01b0\u1edbc \u0111ang ph\u00e1t tri\u1ec3n thi\u1ebfu ti\u1ebfp c\u1eadn \u0111\u00e1ng tin c\u1eady \u0111\u1ec3 l\u00e0m s\u1ea1ch n\u01b0\u1edbc.","og_url":"https:\/\/dmi65.com\/vi\/nganh-cong-nghiep\/xu-tri-nuoc-uong-thanh-pho\/","og_site_name":"DMI-65\u00ae","article_modified_time":"2020-06-30T10:51:20+00:00","og_image":[{"width":466,"height":200,"url":"https:\/\/dmi65.com\/wp-content\/uploads\/2020\/06\/dmi65_Logo_Blk.png","type":"image\/png"}],"twitter_card":"summary_large_image","twitter_misc":{"Est. reading time":"7 minutes"},"schema":{"@context":"https:\/\/schema.org","@graph":[{"@type":"WebPage","@id":"https:\/\/dmi65.com\/vi\/nganh-cong-nghiep\/xu-tri-nuoc-uong-thanh-pho\/","url":"https:\/\/dmi65.com\/vi\/nganh-cong-nghiep\/xu-tri-nuoc-uong-thanh-pho\/","name":"X\u1eed tr\u1ecb n\u01b0\u1edbc u\u1ed1ng Muncipal, l\u1ecdc Media th\u00e1ng - DMI-65\u00ae","isPartOf":{"@id":"https:\/\/dmi65.com\/vi\/#website"},"datePublished":"2020-06-30T10:51:19+00:00","dateModified":"2020-06-30T10:51:20+00:00","description":"DMI-65\u00ae c\u00f3 th\u1ec3 \u0111\u01b0\u1ee3c s\u1eed d\u1ee5ng trong x\u1eed tr\u1ecb n\u01b0\u1edbc u\u1ed1ng \u0111\u00f4 th\u1ecb, \u0111\u1eb7c bi\u1ec7t l\u00e0 \u1edf c\u00e1c n\u01b0\u1edbc \u0111ang ph\u00e1t tri\u1ec3n thi\u1ebfu ti\u1ebfp c\u1eadn \u0111\u00e1ng tin c\u1eady \u0111\u1ec3 l\u00e0m s\u1ea1ch n\u01b0\u1edbc.","breadcrumb":{"@id":"https:\/\/dmi65.com\/vi\/nganh-cong-nghiep\/xu-tri-nuoc-uong-thanh-pho\/#breadcrumb"},"inLanguage":"vi-VN","potentialAction":[{"@type":"ReadAction","target":["https:\/\/dmi65.com\/vi\/nganh-cong-nghiep\/xu-tri-nuoc-uong-thanh-pho\/"]}]},{"@type":"BreadcrumbList","@id":"https:\/\/dmi65.com\/vi\/nganh-cong-nghiep\/xu-tri-nuoc-uong-thanh-pho\/#breadcrumb","itemListElement":[{"@type":"ListItem","position":1,"name":"Home","item":"https:\/\/dmi65.com\/vi\/"},{"@type":"ListItem","position":2,"name":"Ng\u00e0nh c\u00f4ng nghi\u1ec7p","item":"https:\/\/dmi65.com\/vi\/nganh-cong-nghiep\/"},{"@type":"ListItem","position":3,"name":"X\u1eed tr\u1ecb n\u01b0\u1edbc u\u1ed1ng th\u00e0nh ph\u1ed1"}]},{"@type":"WebSite","@id":"https:\/\/dmi65.com\/vi\/#website","url":"https:\/\/dmi65.com\/vi\/","name":"DMI-65\u00ae","description":"Water Filtration &amp; Reverse Osmosis Treatment, Catalytic Media","publisher":{"@id":"https:\/\/dmi65.com\/vi\/#organization"},"potentialAction":[{"@type":"SearchAction","target":{"@type":"EntryPoint","urlTemplate":"https:\/\/dmi65.com\/vi\/?s={search_term_string}"},"query-input":{"@type":"PropertyValueSpecification","valueRequired":true,"valueName":"search_term_string"}}],"inLanguage":"vi-VN"},{"@type":"Organization","@id":"https:\/\/dmi65.com\/vi\/#organization","name":"DMI-65 & Quantum Filtration Pty Ltd","url":"https:\/\/dmi65.com\/vi\/","logo":{"@type":"ImageObject","inLanguage":"vi-VN","@id":"https:\/\/dmi65.com\/vi\/#\/schema\/logo\/image\/","url":"https:\/\/dmi65.com\/wp-content\/uploads\/2020\/04\/dmi65.png","contentUrl":"https:\/\/dmi65.com\/wp-content\/uploads\/2020\/04\/dmi65.png","width":440,"height":205,"caption":"DMI-65 & Quantum Filtration Pty Ltd"},"image":{"@id":"https:\/\/dmi65.com\/vi\/#\/schema\/logo\/image\/"},"sameAs":["https:\/\/www.linkedin.com\/company\/dmi-65","https:\/\/www.youtube.com\/channel\/UCbXoMn5KBp2jrnx4KR_Qg4A"]}]}},"_links":{"self":[{"href":"https:\/\/dmi65.com\/vi\/wp-json\/wp\/v2\/pages\/9192","targetHints":{"allow":["GET"]}}],"collection":[{"href":"https:\/\/dmi65.com\/vi\/wp-json\/wp\/v2\/pages"}],"about":[{"href":"https:\/\/dmi65.com\/vi\/wp-json\/wp\/v2\/types\/page"}],"author":[{"embeddable":true,"href":"https:\/\/dmi65.com\/vi\/wp-json\/wp\/v2\/users\/1"}],"replies":[{"embeddable":true,"href":"https:\/\/dmi65.com\/vi\/wp-json\/wp\/v2\/comments?post=9192"}],"version-history":[{"count":1,"href":"https:\/\/dmi65.com\/vi\/wp-json\/wp\/v2\/pages\/9192\/revisions"}],"predecessor-version":[{"id":9193,"href":"https:\/\/dmi65.com\/vi\/wp-json\/wp\/v2\/pages\/9192\/revisions\/9193"}],"up":[{"embeddable":true,"href":"https:\/\/dmi65.com\/vi\/wp-json\/wp\/v2\/pages\/7112"}],"wp:attachment":[{"href":"https:\/\/dmi65.com\/vi\/wp-json\/wp\/v2\/media?parent=9192"}],"curies":[{"name":"wp","href":"https:\/\/api.w.org\/{rel}","templated":true}]}}