{"id":9160,"date":"2020-06-30T18:45:19","date_gmt":"2020-06-30T10:45:19","guid":{"rendered":"https:\/\/dmi65.com\/nganh-cong-nghiep\/xu-tri-nuoc-khai-thac\/"},"modified":"2020-06-30T18:45:22","modified_gmt":"2020-06-30T10:45:22","slug":"xu-tri-nuoc-khai-thac","status":"publish","type":"page","link":"https:\/\/dmi65.com\/vi\/nganh-cong-nghiep\/xu-tri-nuoc-khai-thac\/","title":{"rendered":"X\u1eed tr\u1ecb n\u01b0\u1edbc khai th\u00e1c"},"content":{"rendered":"<div class=\"wpb-content-wrapper\"><p>[vc_row][vc_column][vc_column_text css=&#8221;.vc_custom_1593505072963{margin-top: 15px !important;margin-bottom: 15px !important;}&#8221;]<strong>DMI-65\u00ae for Mining Water Treatment:<\/strong><\/p>\n<blockquote><p>Water management is emerging as the pre-eminent sustainability issue within the Global Energy and Mining Resource Industries. With water being the most important resource in all mining and quarrying developments and operations; it can be used and abused.<\/p><\/blockquote>\n<p>Miners often work in dry, remote areas, where environmental issues make water sourcing, use and disposal particularly problematic. With hard rock mines in particular using water in all steps of the mining process, from drinking water production, cooling equipment, separating waste from valuable minerals to controlling dust, working with such large volumes of water presents a variety of risks.<\/p>\n<p>Mining water treatment applications include potable water treatment for mine sites, process water treatment, product recovery, recycle water treatment systems, residuals management and a variety of other treatment technologies<\/p>\n<p>In order to comply with regulations and ensure that the quality of water leaving mine sites is not adversely affecting water users downstream, mining companies develop water management plans to minimize the potential for water contamination, and to prevent the release of polluted water into the environment. Surrounding surface and groundwater quality is monitored, and a number of treatment processes can be used to ensure mine water meets regulatory standards prior to being discharged.<\/p>\n<p>Awareness of environmental impacts and concern for the environment has increased in recent decades, resulting in more stringent environmental regulations worldwide and a corresponding response from the international mining industry. Environmentally responsible practices, especially relating to water, have become central to the viability and acceptance of a modern mining operation. Water management strategies are used to minimize the environmental impact of mining operations, and are now at the heart of\u00a0 mine development, operation, and restoration activities. Increasingly, companies exceed regulatory compliance in order to provide clean water to surrounding communities.<\/p>\n<p>DMI-65\u00ae is an extremely powerful silica sand based catalytic action water filtration media that is designed for the removal of Iron and Manganese without the use of potassium permanganate through an <a href=\"http:\/\/dmi65.com\/vi\/ky-thuat\/advanced-oxy-hoa-qua-trinh-cho-nuoc-loc\/\">Advanced Oxidation Process<\/a>.[\/vc_column_text][\/vc_column][\/vc_row][vc_row][vc_column][vc_column_text css=&#8221;.vc_custom_1593505452357{margin-bottom: 0px !important;}&#8221;]Incorporation of a DMI-65\u00ae based filtration system in the water management strategy will:<\/p>\n<ul>\n<li>Reduce iron and manganese contamination in drinking water to well below health authority standards<\/li>\n<li>materially reduce the symptoms of iron and manganese fouling<\/li>\n<li>remove impurities to control deposition, carryover, and corrosion in the boiler systems<\/li>\n<li>prevent the clogging of water feed systems<\/li>\n<li>Reduce iron and manganese contamination in waste to well below regulatory limits to allow reuse or discharge into the environment<\/li>\n<\/ul>\n<p>DMI-65\u00ae is infused technology and not just a surface coating technology, unlike other catalytic water filtration media, which removes the chance of any chemical leaching into the water stream.<\/p>\n<p>In order to begin the process of oxidation of the iron (and manganese) in solution DMI-65\u00ae is designed to operate in the presence of chlorine or other oxidant. In this process the oxidant removes electrons and is consumed in the process. The operator needs to ensure that there is a 0.1 \u2013 0.3 ppm free chlorine residual in the effluent water.<\/p>\n<p>Chlorine, fed as sodium hypochlorite or bleach (12.5% NaOCl), is the preferred oxidant since it is relatively inexpensive, readily available around the world and it is effective. It also performs the vast majority of any disinfectant process.<\/p>\n<p>Unlike ion exchange resins where higher regenerant dosages will increase the ion exchange capacity, NaOCl residuals or concentrations higher than required to oxidize the Fe and Mn do not increase the oxidative properties of the media.<\/p>\n<p>DMI-65\u00ae has been certified to the US Standard of <a href=\"http:\/\/dmi65.com\/vi\/ky-thuat\/chung-nhan-chat-luong-nuoc\/\">NSF\/ANSI 61 for Drinking Water System Components<\/a> and for use in England and Wales Under Regulation 31(4)(a) of the water supply (<a href=\"https:\/\/www.wqa.org\/\" target=\"_blank\" rel=\"noopener noreferrer\">Water Quality<\/a>) regulations 2010 and has also been tested by many other water treatment authorities and laboratories.<\/p>\n<p>DMI-65\u00ae is manufactured in Australia[\/vc_column_text][vc_empty_space height=&#8221;20px&#8221;]<div class=\"dt-fancy-separator title-left\" style=\"width: 100%;\"><div class=\"dt-fancy-title\"><span class=\"separator-holder separator-left\"><\/span>Khai th\u00e1c n\u01b0\u1edbc \u0111i\u1ec1u tr\u1ecb @ Fortescue kim lo\u1ea1i nh\u00f3m<span class=\"separator-holder separator-right\"><\/span><\/div><\/div><blockquote class=\"text-small shortcode-blockquote block-style-widget\"><p>M\u1ecf Cloudbreak c\u1ee7a nh\u00f3m kim lo\u1ea1i Fortescue \u0111\u00e3 gi\u00e0nh \u0111\u01b0\u1ee3c s\u1ef1 c\u00f4ng nh\u1eadn v\u00e0 gi\u1ea3i th\u01b0\u1edfng qu\u1ed1c gia v\u1edbi Hi\u1ec7p h\u1ed9i n\u01b0\u1edbc \u00dac cho ch\u01b0\u01a1ng tr\u00ecnh qu\u1ea3n l\u00fd \u0111\u1ea5t ng\u1ea7m ti\u00ean ti\u1ebfn c\u1ee7a h\u1ecd. V\u1edbi c\u00f4ng su\u1ea5t 25 gigalitres c\u1ee7a n\u01b0\u1edbc n\u1ea1p v\u00e0o m\u1ed7i n\u0103m, ch\u01b0\u01a1ng tr\u00ecnh n\u1ea1p ti\u1ec1n \u0111\u01b0\u1ee3c qu\u1ea3n l\u00fd Cloudbreak l\u00e0 m\u1ed9t trong nh\u1eefng ch\u01b0\u01a1ng tr\u00ecnh n\u1ea1p ti\u1ec1n c\u00f3 qu\u1ea3n l\u00fd l\u1edbn nh\u1ea5t v\u00e0 ph\u1ee9c t\u1ea1p \u1edf \u00dac. \u0110\u1ec1 \u00e1n, l\u1ea7n \u0111\u1ea7u ti\u00ean \u0111\u01b0\u1ee3c th\u00e0nh l\u1eadp v\u00e0o n\u0103m 2008, l\u00e0 m\u1ed9t c\u00e1ch ti\u1ebfp c\u1eadn s\u00e1ng t\u1ea1o \u0111\u1ec3 gi\u1ea3m nh\u1eb9 t\u00e1c \u0111\u1ed9ng m\u00f4i tr\u01b0\u1eddng li\u00ean quan \u0111\u1ebfn x\u1ea3 b\u1ec1 m\u1eb7t v\u00e0 kh\u1eed n\u01b0\u1edbc trong khi c\u0169ng b\u1ea3o t\u1ed3n t\u00e0i nguy\u00ean n\u01b0\u1edbc cho ngu\u1ed3n cung c\u1ea5p th\u1ee7y \u0111i\u1ec7n c\u1ee7a t\u00f4i trong t\u01b0\u01a1ng lai.<\/p>\n<p>&nbsp;<\/p>\n<p>Lo\u1ea1i b\u1ecf s\u1eaft v\u00e0 mangan \u0111\u00f3ng m\u1ed9t vai tr\u00f2 quan tr\u1ecdng trong vi\u1ec7c qu\u1ea3n l\u00fd h\u1ec7 th\u1ed1ng x\u1eed l\u00ed n\u01b0\u1edbc t\u1ea1i trang web Cloudbreak Mine. Nh\u00e0 m\u00e1y x\u1eed l\u00fd n\u01b0\u1edbc s\u1eed d\u1ee5ng DMI-65\u00ae \u0111\u1ec3 \u0111i\u1ec1u tr\u1ecb c\u00e1c c\u1ea5p n\u01b0\u1edbc m\u1eb7t \u0111\u1ea5t cao c\u1ee7a s\u1eaft v\u00e0 mangan \u0111\u1ec3 \u0111\u00e1p \u1ee9ng ti\u00eau chu\u1ea9n n\u01b0\u1edbc u\u1ed1ng \u00dac nh\u01b0 l\u00e0 m\u1ed9t thay th\u1ebf cho qu\u00e1 tr\u00ecnh th\u1ea9m th\u1ea5u ng\u01b0\u1ee3c t\u1ed1n k\u00e9m (RO).<\/p>\n<p>&nbsp;<\/p>\n<p>Gi\u00e1m s\u00e1t n\u01b0\u1edbc Fortescue Mark Botica cho bi\u1ebft &#8220;ph\u01b0\u01a1ng ti\u1ec7n truy\u1ec1n th\u00f4ng DMI-65 \u0111\u01b0\u1ee3c s\u1eed d\u1ee5ng trong nh\u00e0 m\u00e1y \u0111i\u1ec1u tr\u1ecb n\u00e0y m\u1ed9t c\u00e1ch nh\u1ea5t qu\u00e1n l\u00e0m gi\u1ea3m s\u1eaft v\u00e0 mangan \u0111\u1ebfn m\u1ee9c c\u1ef1c th\u1ea5p. Sau khi l\u1ecdc qua DMI-65\u00ae, m\u1ee9c mangan \u0111\u00e3 \u0111i t\u1eeb 0,939 mg\/l \u0111\u1ebfn 0.02 mg\/l khi tr\u1ed9n v\u1edbi cung c\u1ea5p n\u01b0\u1edbc u\u1ed1ng kh\u00e1c c\u1ee7a ch\u00fang t\u00f4i. &#8221;<\/p>\n<p>&nbsp;<\/p>\n<p>\u0110\u1ec1 \u00e1n \u0111\u1ebfn nay \u0111\u00e3 th\u00e0nh c\u00f4ng nh\u01b0 v\u1eady m\u00e0 n\u00f3 \u0111\u00e3 \u0111\u01b0\u1ee3c trao gi\u1ea3i th\u01b0\u1edfng qu\u1ed1c gia cho c\u01a1 s\u1edf h\u1ea1 t\u1ea7ng d\u1ef1 \u00e1n \u0111\u1ed5i m\u1edbi t\u1ea1i h\u1ed9i ngh\u1ecb Ozwater11 v\u00e0 c\u0169ng \u0111\u00e3 gi\u00e0nh gi\u1ea3i th\u01b0\u1edfng s\u00e1ng t\u1ea1o c\u01a1 s\u1edf h\u1ea1 t\u1ea7ng n\u01b0\u1edbc T\u00e2y \u00dac trong 2010.<\/p>\n<\/blockquote>[\/vc_column][\/vc_row][vc_row css=&#8221;.vc_custom_1593496115589{margin-top: 15px !important;}&#8221;][vc_column]<div class=\"dt-fancy-separator\" style=\"width: 100%;\"><div class=\"dt-fancy-title\"><span class=\"separator-holder separator-left\"><\/span>Nghi\u00ean c\u1ee9u tr\u01b0\u1eddng h\u1ee3p khai th\u00e1c n\u01b0\u1edbc \u0111i\u1ec1u tr\u1ecb<span class=\"separator-holder separator-right\"><\/span><\/div><\/div>[vc_basic_grid post_type=&#8221;post&#8221; max_items=&#8221;2&#8243; element_width=&#8221;6&#8243; item=&#8221;masonryGrid_Default&#8221; grid_id=&#8221;vc_gid:1593505949244-8c9e1ee4-6f8b-7&#8243; taxonomies=&#8221;564&#8243; css=&#8221;.vc_custom_1593505268264{margin-top: 30px !important;}&#8221;][\/vc_column][\/vc_row][vc_row content_placement=&#8221;middle&#8221; css=&#8221;.vc_custom_1592798106994{margin-top: 30px !important;padding-top: 20px !important;padding-right: 20px !important;padding-bottom: 5px !important;padding-left: 20px !important;}&#8221; el_class=&#8221;cta&#8221;][vc_column]<div class=\"dt-fancy-separator\" style=\"width: 100%;\"><div class=\"dt-fancy-title\"><span class=\"separator-holder separator-left\"><\/span>H\u1ecfi th\u0103m \u0111\u1ec3 t\u00ecm hi\u1ec3u c\u00e1ch DMI-65\u00ae ph\u01b0\u01a1ng ti\u1ec7n truy\u1ec1n th\u00f4ng l\u1ecdc \u0111\u1ec3 \u0111i\u1ec1u tr\u1ecb n\u01b0\u1edbc khai th\u00e1c<span class=\"separator-holder separator-right\"><\/span><\/div><\/div>[vc_btn title=&#8221;H\u1ecfi&#8221; style=&#8221;custom&#8221; custom_background=&#8221;#162441&#8243; custom_text=&#8221;#ffffff&#8221; shape=&#8221;square&#8221; size=&#8221;lg&#8221; align=&#8221;center&#8221; i_align=&#8221;right&#8221; i_icon_fontawesome=&#8221;fas fa-chevron-right&#8221; add_icon=&#8221;true&#8221; css=&#8221;.vc_custom_1592793128520{margin-top: 20px !important;}&#8221; el_class=&#8221;ctaButton sg-popup-id-8233&#8243;][\/vc_column][\/vc_row]<\/p>\n<\/div>","protected":false},"excerpt":{"rendered":"<p>[vc_row][vc_column][vc_column_text css=&#8221;.vc_custom_1593505072963{margin-top: 15px !important;margin-bottom: 15px !important;}&#8221;]DMI-65\u00ae for Mining Water Treatment: Water management is emerging as the pre-eminent sustainability issue within the Global Energy and Mining Resource Industries. With water being the most important resource in all mining and quarrying developments and operations; it can be used and abused. Miners often work in dry, remote areas,&hellip;<\/p>\n","protected":false},"author":1,"featured_media":0,"parent":7112,"menu_order":0,"comment_status":"closed","ping_status":"closed","template":"","meta":{"content-type":"","footnotes":""},"class_list":["post-9160","page","type-page","status-publish","hentry","description-off"],"yoast_head":"<!-- This site is optimized with the Yoast SEO plugin v25.2 - https:\/\/yoast.com\/wordpress\/plugins\/seo\/ -->\n<title>Khai th\u00e1c n\u01b0\u1edbc x\u1eed li\u1ec7u, l\u1ecdc Media th\u00e1ng - DMI-65\u00ae<\/title>\n<meta name=\"description\" content=\"DMI-65\u00ae l\u00e0 gi\u1ea3i ph\u00e1p t\u1ed1t nh\u1ea5t cho x\u1eed tr\u1ecb n\u01b0\u1edbc khai th\u00e1c m\u1ecf, v\u00e0 c\u00f3 th\u1ec3 \u0111\u01b0\u1ee3c s\u1eed d\u1ee5ng \u0111\u1ec3 lo\u1ea1i b\u1ecf s\u1eaft, mangan v\u00e0 kim lo\u1ea1i n\u1eb7ng, \u0111\u1ec3 tu\u00e2n th\u1ee7 c\u00e1c quy \u0111\u1ecbnh.\" \/>\n<meta name=\"robots\" content=\"index, follow, max-snippet:-1, max-image-preview:large, max-video-preview:-1\" \/>\n<link rel=\"canonical\" href=\"https:\/\/dmi65.com\/vi\/nganh-cong-nghiep\/xu-tri-nuoc-khai-thac\/\" \/>\n<meta property=\"og:locale\" content=\"vi_VN\" \/>\n<meta property=\"og:type\" content=\"article\" \/>\n<meta property=\"og:title\" content=\"Khai th\u00e1c n\u01b0\u1edbc x\u1eed li\u1ec7u, l\u1ecdc Media th\u00e1ng - DMI-65\u00ae\" \/>\n<meta property=\"og:description\" content=\"DMI-65\u00ae l\u00e0 gi\u1ea3i ph\u00e1p t\u1ed1t nh\u1ea5t cho x\u1eed tr\u1ecb n\u01b0\u1edbc khai th\u00e1c m\u1ecf, v\u00e0 c\u00f3 th\u1ec3 \u0111\u01b0\u1ee3c s\u1eed d\u1ee5ng \u0111\u1ec3 lo\u1ea1i b\u1ecf s\u1eaft, mangan v\u00e0 kim lo\u1ea1i n\u1eb7ng, \u0111\u1ec3 tu\u00e2n th\u1ee7 c\u00e1c quy \u0111\u1ecbnh.\" \/>\n<meta property=\"og:url\" content=\"https:\/\/dmi65.com\/vi\/nganh-cong-nghiep\/xu-tri-nuoc-khai-thac\/\" \/>\n<meta property=\"og:site_name\" content=\"DMI-65\u00ae\" \/>\n<meta property=\"article:modified_time\" content=\"2020-06-30T10:45:22+00:00\" \/>\n<meta property=\"og:image\" content=\"https:\/\/dmi65.com\/wp-content\/uploads\/2020\/06\/dmi65_Logo_Blk.png\" \/>\n\t<meta property=\"og:image:width\" content=\"466\" \/>\n\t<meta property=\"og:image:height\" content=\"200\" \/>\n\t<meta property=\"og:image:type\" content=\"image\/png\" \/>\n<meta name=\"twitter:card\" content=\"summary_large_image\" \/>\n<meta name=\"twitter:label1\" content=\"Est. reading time\" \/>\n\t<meta name=\"twitter:data1\" content=\"7 minutes\" \/>\n<script type=\"application\/ld+json\" class=\"yoast-schema-graph\">{\"@context\":\"https:\/\/schema.org\",\"@graph\":[{\"@type\":\"WebPage\",\"@id\":\"https:\/\/dmi65.com\/vi\/nganh-cong-nghiep\/xu-tri-nuoc-khai-thac\/\",\"url\":\"https:\/\/dmi65.com\/vi\/nganh-cong-nghiep\/xu-tri-nuoc-khai-thac\/\",\"name\":\"Khai th\u00e1c n\u01b0\u1edbc x\u1eed li\u1ec7u, l\u1ecdc Media th\u00e1ng - DMI-65\u00ae\",\"isPartOf\":{\"@id\":\"https:\/\/dmi65.com\/vi\/#website\"},\"datePublished\":\"2020-06-30T10:45:19+00:00\",\"dateModified\":\"2020-06-30T10:45:22+00:00\",\"description\":\"DMI-65\u00ae l\u00e0 gi\u1ea3i ph\u00e1p t\u1ed1t nh\u1ea5t cho x\u1eed tr\u1ecb n\u01b0\u1edbc khai th\u00e1c m\u1ecf, v\u00e0 c\u00f3 th\u1ec3 \u0111\u01b0\u1ee3c s\u1eed d\u1ee5ng \u0111\u1ec3 lo\u1ea1i b\u1ecf s\u1eaft, mangan v\u00e0 kim lo\u1ea1i n\u1eb7ng, \u0111\u1ec3 tu\u00e2n th\u1ee7 c\u00e1c quy \u0111\u1ecbnh.\",\"breadcrumb\":{\"@id\":\"https:\/\/dmi65.com\/vi\/nganh-cong-nghiep\/xu-tri-nuoc-khai-thac\/#breadcrumb\"},\"inLanguage\":\"vi-VN\",\"potentialAction\":[{\"@type\":\"ReadAction\",\"target\":[\"https:\/\/dmi65.com\/vi\/nganh-cong-nghiep\/xu-tri-nuoc-khai-thac\/\"]}]},{\"@type\":\"BreadcrumbList\",\"@id\":\"https:\/\/dmi65.com\/vi\/nganh-cong-nghiep\/xu-tri-nuoc-khai-thac\/#breadcrumb\",\"itemListElement\":[{\"@type\":\"ListItem\",\"position\":1,\"name\":\"Home\",\"item\":\"https:\/\/dmi65.com\/vi\/\"},{\"@type\":\"ListItem\",\"position\":2,\"name\":\"Ng\u00e0nh c\u00f4ng nghi\u1ec7p\",\"item\":\"https:\/\/dmi65.com\/vi\/nganh-cong-nghiep\/\"},{\"@type\":\"ListItem\",\"position\":3,\"name\":\"X\u1eed tr\u1ecb n\u01b0\u1edbc khai th\u00e1c\"}]},{\"@type\":\"WebSite\",\"@id\":\"https:\/\/dmi65.com\/vi\/#website\",\"url\":\"https:\/\/dmi65.com\/vi\/\",\"name\":\"DMI-65\u00ae\",\"description\":\"Water Filtration &amp; Reverse Osmosis Treatment, Catalytic Media\",\"publisher\":{\"@id\":\"https:\/\/dmi65.com\/vi\/#organization\"},\"potentialAction\":[{\"@type\":\"SearchAction\",\"target\":{\"@type\":\"EntryPoint\",\"urlTemplate\":\"https:\/\/dmi65.com\/vi\/?s={search_term_string}\"},\"query-input\":{\"@type\":\"PropertyValueSpecification\",\"valueRequired\":true,\"valueName\":\"search_term_string\"}}],\"inLanguage\":\"vi-VN\"},{\"@type\":\"Organization\",\"@id\":\"https:\/\/dmi65.com\/vi\/#organization\",\"name\":\"DMI-65 & Quantum Filtration Pty Ltd\",\"url\":\"https:\/\/dmi65.com\/vi\/\",\"logo\":{\"@type\":\"ImageObject\",\"inLanguage\":\"vi-VN\",\"@id\":\"https:\/\/dmi65.com\/vi\/#\/schema\/logo\/image\/\",\"url\":\"https:\/\/dmi65.com\/wp-content\/uploads\/2020\/04\/dmi65.png\",\"contentUrl\":\"https:\/\/dmi65.com\/wp-content\/uploads\/2020\/04\/dmi65.png\",\"width\":440,\"height\":205,\"caption\":\"DMI-65 & Quantum Filtration Pty Ltd\"},\"image\":{\"@id\":\"https:\/\/dmi65.com\/vi\/#\/schema\/logo\/image\/\"},\"sameAs\":[\"https:\/\/www.linkedin.com\/company\/dmi-65\",\"https:\/\/www.youtube.com\/channel\/UCbXoMn5KBp2jrnx4KR_Qg4A\"]}]}<\/script>\n<!-- \/ Yoast SEO plugin. -->","yoast_head_json":{"title":"Khai th\u00e1c n\u01b0\u1edbc x\u1eed li\u1ec7u, l\u1ecdc Media th\u00e1ng - DMI-65\u00ae","description":"DMI-65\u00ae l\u00e0 gi\u1ea3i ph\u00e1p t\u1ed1t nh\u1ea5t cho x\u1eed tr\u1ecb n\u01b0\u1edbc khai th\u00e1c m\u1ecf, v\u00e0 c\u00f3 th\u1ec3 \u0111\u01b0\u1ee3c s\u1eed d\u1ee5ng \u0111\u1ec3 lo\u1ea1i b\u1ecf s\u1eaft, mangan v\u00e0 kim lo\u1ea1i n\u1eb7ng, \u0111\u1ec3 tu\u00e2n th\u1ee7 c\u00e1c quy \u0111\u1ecbnh.","robots":{"index":"index","follow":"follow","max-snippet":"max-snippet:-1","max-image-preview":"max-image-preview:large","max-video-preview":"max-video-preview:-1"},"canonical":"https:\/\/dmi65.com\/vi\/nganh-cong-nghiep\/xu-tri-nuoc-khai-thac\/","og_locale":"vi_VN","og_type":"article","og_title":"Khai th\u00e1c n\u01b0\u1edbc x\u1eed li\u1ec7u, l\u1ecdc Media th\u00e1ng - DMI-65\u00ae","og_description":"DMI-65\u00ae l\u00e0 gi\u1ea3i ph\u00e1p t\u1ed1t nh\u1ea5t cho x\u1eed tr\u1ecb n\u01b0\u1edbc khai th\u00e1c m\u1ecf, v\u00e0 c\u00f3 th\u1ec3 \u0111\u01b0\u1ee3c s\u1eed d\u1ee5ng \u0111\u1ec3 lo\u1ea1i b\u1ecf s\u1eaft, mangan v\u00e0 kim lo\u1ea1i n\u1eb7ng, \u0111\u1ec3 tu\u00e2n th\u1ee7 c\u00e1c quy \u0111\u1ecbnh.","og_url":"https:\/\/dmi65.com\/vi\/nganh-cong-nghiep\/xu-tri-nuoc-khai-thac\/","og_site_name":"DMI-65\u00ae","article_modified_time":"2020-06-30T10:45:22+00:00","og_image":[{"width":466,"height":200,"url":"https:\/\/dmi65.com\/wp-content\/uploads\/2020\/06\/dmi65_Logo_Blk.png","type":"image\/png"}],"twitter_card":"summary_large_image","twitter_misc":{"Est. reading time":"7 minutes"},"schema":{"@context":"https:\/\/schema.org","@graph":[{"@type":"WebPage","@id":"https:\/\/dmi65.com\/vi\/nganh-cong-nghiep\/xu-tri-nuoc-khai-thac\/","url":"https:\/\/dmi65.com\/vi\/nganh-cong-nghiep\/xu-tri-nuoc-khai-thac\/","name":"Khai th\u00e1c n\u01b0\u1edbc x\u1eed li\u1ec7u, l\u1ecdc Media th\u00e1ng - DMI-65\u00ae","isPartOf":{"@id":"https:\/\/dmi65.com\/vi\/#website"},"datePublished":"2020-06-30T10:45:19+00:00","dateModified":"2020-06-30T10:45:22+00:00","description":"DMI-65\u00ae l\u00e0 gi\u1ea3i ph\u00e1p t\u1ed1t nh\u1ea5t cho x\u1eed tr\u1ecb n\u01b0\u1edbc khai th\u00e1c m\u1ecf, v\u00e0 c\u00f3 th\u1ec3 \u0111\u01b0\u1ee3c s\u1eed d\u1ee5ng \u0111\u1ec3 lo\u1ea1i b\u1ecf s\u1eaft, mangan v\u00e0 kim lo\u1ea1i n\u1eb7ng, \u0111\u1ec3 tu\u00e2n th\u1ee7 c\u00e1c quy \u0111\u1ecbnh.","breadcrumb":{"@id":"https:\/\/dmi65.com\/vi\/nganh-cong-nghiep\/xu-tri-nuoc-khai-thac\/#breadcrumb"},"inLanguage":"vi-VN","potentialAction":[{"@type":"ReadAction","target":["https:\/\/dmi65.com\/vi\/nganh-cong-nghiep\/xu-tri-nuoc-khai-thac\/"]}]},{"@type":"BreadcrumbList","@id":"https:\/\/dmi65.com\/vi\/nganh-cong-nghiep\/xu-tri-nuoc-khai-thac\/#breadcrumb","itemListElement":[{"@type":"ListItem","position":1,"name":"Home","item":"https:\/\/dmi65.com\/vi\/"},{"@type":"ListItem","position":2,"name":"Ng\u00e0nh c\u00f4ng nghi\u1ec7p","item":"https:\/\/dmi65.com\/vi\/nganh-cong-nghiep\/"},{"@type":"ListItem","position":3,"name":"X\u1eed tr\u1ecb n\u01b0\u1edbc khai th\u00e1c"}]},{"@type":"WebSite","@id":"https:\/\/dmi65.com\/vi\/#website","url":"https:\/\/dmi65.com\/vi\/","name":"DMI-65\u00ae","description":"Water Filtration &amp; Reverse Osmosis Treatment, Catalytic Media","publisher":{"@id":"https:\/\/dmi65.com\/vi\/#organization"},"potentialAction":[{"@type":"SearchAction","target":{"@type":"EntryPoint","urlTemplate":"https:\/\/dmi65.com\/vi\/?s={search_term_string}"},"query-input":{"@type":"PropertyValueSpecification","valueRequired":true,"valueName":"search_term_string"}}],"inLanguage":"vi-VN"},{"@type":"Organization","@id":"https:\/\/dmi65.com\/vi\/#organization","name":"DMI-65 & Quantum Filtration Pty Ltd","url":"https:\/\/dmi65.com\/vi\/","logo":{"@type":"ImageObject","inLanguage":"vi-VN","@id":"https:\/\/dmi65.com\/vi\/#\/schema\/logo\/image\/","url":"https:\/\/dmi65.com\/wp-content\/uploads\/2020\/04\/dmi65.png","contentUrl":"https:\/\/dmi65.com\/wp-content\/uploads\/2020\/04\/dmi65.png","width":440,"height":205,"caption":"DMI-65 & Quantum Filtration Pty Ltd"},"image":{"@id":"https:\/\/dmi65.com\/vi\/#\/schema\/logo\/image\/"},"sameAs":["https:\/\/www.linkedin.com\/company\/dmi-65","https:\/\/www.youtube.com\/channel\/UCbXoMn5KBp2jrnx4KR_Qg4A"]}]}},"_links":{"self":[{"href":"https:\/\/dmi65.com\/vi\/wp-json\/wp\/v2\/pages\/9160","targetHints":{"allow":["GET"]}}],"collection":[{"href":"https:\/\/dmi65.com\/vi\/wp-json\/wp\/v2\/pages"}],"about":[{"href":"https:\/\/dmi65.com\/vi\/wp-json\/wp\/v2\/types\/page"}],"author":[{"embeddable":true,"href":"https:\/\/dmi65.com\/vi\/wp-json\/wp\/v2\/users\/1"}],"replies":[{"embeddable":true,"href":"https:\/\/dmi65.com\/vi\/wp-json\/wp\/v2\/comments?post=9160"}],"version-history":[{"count":1,"href":"https:\/\/dmi65.com\/vi\/wp-json\/wp\/v2\/pages\/9160\/revisions"}],"predecessor-version":[{"id":9161,"href":"https:\/\/dmi65.com\/vi\/wp-json\/wp\/v2\/pages\/9160\/revisions\/9161"}],"up":[{"embeddable":true,"href":"https:\/\/dmi65.com\/vi\/wp-json\/wp\/v2\/pages\/7112"}],"wp:attachment":[{"href":"https:\/\/dmi65.com\/vi\/wp-json\/wp\/v2\/media?parent=9160"}],"curies":[{"name":"wp","href":"https:\/\/api.w.org\/{rel}","templated":true}]}}