{"id":7237,"date":"2020-06-16T12:05:38","date_gmt":"2020-06-16T04:05:38","guid":{"rendered":"http:\/\/dmi65.com\/lien-he\/"},"modified":"2020-06-16T12:05:38","modified_gmt":"2020-06-16T04:05:38","slug":"lien-he","status":"publish","type":"page","link":"https:\/\/dmi65.com\/vi\/lien-he\/","title":{"rendered":"Li\u00ean h\u1ec7"},"content":{"rendered":"<div class=\"wpb-content-wrapper\"><p>[vc_row css=&#8221;.vc_custom_1592193885405{margin-bottom: 15px !important;}&#8221;][vc_column]<div class=\"dt-fancy-separator title-left h4-size\" style=\"width: 100%;\"><div class=\"dt-fancy-title\"><span class=\"separator-holder separator-left\"><\/span>DMI-65 v\u1edbi c\u00f4ng ngh\u1ec7 infusion l\u00e0 m\u1ed9t ph\u01b0\u01a1ng ti\u1ec7n x\u00fac t\u00e1c oxy h\u00f3a n\u00e2ng cao cho s\u1eaft lo\u1ea1i b\u1ecf v\u00e0 mangan \u0111\u00e3 \u0111\u01b0\u1ee3c s\u1eed d\u1ee5ng trong m\u1ed9t lo\u1ea1t c\u00e1c \u1ee9ng d\u1ee5ng \u1edf 40 qu\u1ed1c gia tr\u00ean to\u00e0n th\u1ebf gi\u1edbi trong h\u01a1n 15 n\u0103m. \u0110\u01b0\u1ee3c s\u1ea3n xu\u1ea5t \u0111\u1ed9c quy\u1ec1n t\u1ea1i T\u00e2y \u00dac b\u1edfi Quantum l\u1ecdc Medium Pty Ltd.<span class=\"separator-holder separator-right\"><\/span><\/div><\/div>[\/vc_column][\/vc_row][vc_row css=&#8221;.vc_custom_1592193634485{margin-top: 15px !important;margin-bottom: 15px !important;padding-top: 15px !important;}&#8221;][vc_column width=&#8221;1\/2&#8243;][vc_column_text]<strong>DMI-65 Vasse tr\u1ee5 s\u1edf ch\u00ednh<\/strong><\/p>\n<p>\u0110i\u1ec7n tho\u1ea1i l\u1ecdc l\u01b0\u1ee3ng t\u1eed trung b\u00ecnh: + 618 9755 8212<\/p>\n<p>Th\u01b0 \u0111i\u1ec7n t\u1eed: <a href=\"mailto:james@dmi65.com\">James@dmi65.com<\/a><\/p>\n<p><strong>Kho Collie DMI-65:<\/strong><\/p>\n<p>\u0110i\u1ec7n tho\u1ea1i l\u1ecdc l\u01b0\u1ee3ng t\u1eed trung b\u00ecnh (+ 618) 9734 3641<\/p>\n<p>Th\u01b0 \u0111i\u1ec7n t\u1eed: <a href=\"mailto:info@dmi65.com\">info@dmi65.com<\/a><\/p>\n<p><strong>DMI-65 Perth kho:<\/strong><\/p>\n<p>\u0110i\u1ec7n tho\u1ea1i l\u1ecdc l\u01b0\u1ee3ng t\u1eed trung b\u00ecnh (+ 61) 1300 303 281<\/p>\n<p>Th\u01b0 \u0111i\u1ec7n t\u1eed: <a href=\"mailto:info@dmi65.com\">info@dmi65.com<\/a>[\/vc_column_text][contact-form-7 id=&#8221;0&#8243;][\/vc_column][vc_column width=&#8221;1\/2&#8243;][vc_gmaps link=&#8221;#E-8_JTNDaWZyYW1lJTIwc3JjJTNEJTIyaHR0cHMlM0ElMkYlMkZ3d3cuZ29vZ2xlLmNvbSUyRm1hcHMlMkZlbWJlZCUzRnBiJTNEJTIxMW0xNCUyMTFtOCUyMTFtMyUyMTFkMTMyODAuOTk5MDM1MDE2OTgzJTIxMmQxMTUuMjMxMzg4NyUyMTNkLTMzLjY3NjU5NjUlMjEzbTIlMjExaTEwMjQlMjEyaTc2OCUyMTRmMTMuMSUyMTNtMyUyMTFtMiUyMTFzMHgwJTI1M0EweDcxYmQ2OTliNDQ3ZGQwNzAlMjEyc1F1YW50dW0lMjUyMEZpbHRyYXRpb24lMjUyME1lZGl1bSUyNTIwUHR5JTI1MjBMdGQlMjE1ZTAlMjEzbTIlMjExc2VuJTIxMnNhdSUyMTR2MTU5MjE5MzAxNzk0NSUyMTVtMiUyMTFzZW4lMjEyc2F1JTIyJTIwd2lkdGglM0QlMjI2MDAlMjIlMjBoZWlnaHQlM0QlMjI0NTAlMjIlMjBmcmFtZWJvcmRlciUzRCUyMjAlMjIlMjBzdHlsZSUzRCUyMmJvcmRlciUzQTAlM0IlMjIlMjBhbGxvd2Z1bGxzY3JlZW4lM0QlMjIlMjIlMjBhcmlhLWhpZGRlbiUzRCUyMmZhbHNlJTIyJTIwdGFiaW5kZXglM0QlMjIwJTIyJTNFJTNDJTJGaWZyYW1lJTNF&#8221;][\/vc_column][\/vc_row]<\/p>\n<\/div>","protected":false},"excerpt":{"rendered":"<p>[vc_row css=&#8221;.vc_custom_1592193885405{margin-bottom: 15px !important;}&#8221;][vc_column][\/vc_column][\/vc_row][vc_row css=&#8221;.vc_custom_1592193634485{margin-top: 15px !important;margin-bottom: 15px !important;padding-top: 15px !important;}&#8221;][vc_column width=&#8221;1\/2&#8243;][vc_column_text]DMI-65 Vasse tr\u1ee5 s\u1edf ch\u00ednh \u0110i\u1ec7n tho\u1ea1i l\u1ecdc l\u01b0\u1ee3ng t\u1eed trung b\u00ecnh: + 618 9755 8212 Th\u01b0 \u0111i\u1ec7n t\u1eed: James@dmi65.com Kho Collie DMI-65: \u0110i\u1ec7n tho\u1ea1i l\u1ecdc l\u01b0\u1ee3ng t\u1eed trung b\u00ecnh (+ 618) 9734 3641 Th\u01b0 \u0111i\u1ec7n t\u1eed: info@dmi65.com DMI-65 Perth kho: \u0110i\u1ec7n tho\u1ea1i l\u1ecdc&hellip;<\/p>\n","protected":false},"author":1,"featured_media":0,"parent":0,"menu_order":70,"comment_status":"closed","ping_status":"closed","template":"","meta":{"content-type":"","footnotes":""},"class_list":["post-7237","page","type-page","status-publish","hentry","description-off"],"yoast_head":"<!-- This site is optimized with the Yoast SEO plugin v25.2 - https:\/\/yoast.com\/wordpress\/plugins\/seo\/ -->\n<title>Li\u00ean h\u1ec7 - DMI-65\u00ae, nh\u00e0 ph\u00e2n ph\u1ed1i l\u1ecdc n\u01b0\u1edbc &amp; c\u00e1c chuy\u00ean gia<\/title>\n<meta name=\"description\" content=\"DMI-65 v\u1edbi c\u00f4ng ngh\u1ec7 infusion l\u00e0 m\u1ed9t ph\u01b0\u01a1ng ti\u1ec7n x\u00fac t\u00e1c oxy h\u00f3a n\u00e2ng cao cho s\u1eaft lo\u1ea1i b\u1ecf v\u00e0 mangan c\u00f3 th\u1ec3 \u0111\u01b0\u1ee3c s\u1eed d\u1ee5ng tr\u00ean nhi\u1ec1u ng\u00e0nh c\u00f4ng nghi\u1ec7p.\" \/>\n<meta name=\"robots\" content=\"index, follow, max-snippet:-1, max-image-preview:large, max-video-preview:-1\" \/>\n<link rel=\"canonical\" href=\"https:\/\/dmi65.com\/vi\/lien-he\/\" \/>\n<meta property=\"og:locale\" content=\"vi_VN\" \/>\n<meta property=\"og:type\" content=\"article\" \/>\n<meta property=\"og:title\" content=\"Li\u00ean h\u1ec7 - DMI-65\u00ae, nh\u00e0 ph\u00e2n ph\u1ed1i l\u1ecdc n\u01b0\u1edbc &amp; c\u00e1c chuy\u00ean gia\" \/>\n<meta property=\"og:description\" content=\"DMI-65 v\u1edbi c\u00f4ng ngh\u1ec7 infusion l\u00e0 m\u1ed9t ph\u01b0\u01a1ng ti\u1ec7n x\u00fac t\u00e1c oxy h\u00f3a n\u00e2ng cao cho s\u1eaft lo\u1ea1i b\u1ecf v\u00e0 mangan c\u00f3 th\u1ec3 \u0111\u01b0\u1ee3c s\u1eed d\u1ee5ng tr\u00ean nhi\u1ec1u ng\u00e0nh c\u00f4ng nghi\u1ec7p.\" \/>\n<meta property=\"og:url\" content=\"https:\/\/dmi65.com\/vi\/lien-he\/\" \/>\n<meta property=\"og:site_name\" content=\"DMI-65\u00ae\" \/>\n<meta property=\"og:image\" content=\"https:\/\/dmi65.com\/wp-content\/uploads\/2020\/06\/dmi65_Logo_Blk.png\" \/>\n\t<meta property=\"og:image:width\" content=\"466\" \/>\n\t<meta property=\"og:image:height\" content=\"200\" \/>\n\t<meta property=\"og:image:type\" content=\"image\/png\" \/>\n<meta name=\"twitter:card\" content=\"summary_large_image\" \/>\n<meta name=\"twitter:label1\" content=\"Est. reading time\" \/>\n\t<meta name=\"twitter:data1\" content=\"1 minute\" \/>\n<script type=\"application\/ld+json\" class=\"yoast-schema-graph\">{\"@context\":\"https:\/\/schema.org\",\"@graph\":[{\"@type\":\"WebPage\",\"@id\":\"https:\/\/dmi65.com\/vi\/lien-he\/\",\"url\":\"https:\/\/dmi65.com\/vi\/lien-he\/\",\"name\":\"Li\u00ean h\u1ec7 - DMI-65\u00ae, nh\u00e0 ph\u00e2n ph\u1ed1i l\u1ecdc n\u01b0\u1edbc & c\u00e1c chuy\u00ean gia\",\"isPartOf\":{\"@id\":\"https:\/\/dmi65.com\/vi\/#website\"},\"datePublished\":\"2020-06-16T04:05:38+00:00\",\"description\":\"DMI-65 v\u1edbi c\u00f4ng ngh\u1ec7 infusion l\u00e0 m\u1ed9t ph\u01b0\u01a1ng ti\u1ec7n x\u00fac t\u00e1c oxy h\u00f3a n\u00e2ng cao cho s\u1eaft lo\u1ea1i b\u1ecf v\u00e0 mangan c\u00f3 th\u1ec3 \u0111\u01b0\u1ee3c s\u1eed d\u1ee5ng tr\u00ean nhi\u1ec1u ng\u00e0nh c\u00f4ng nghi\u1ec7p.\",\"breadcrumb\":{\"@id\":\"https:\/\/dmi65.com\/vi\/lien-he\/#breadcrumb\"},\"inLanguage\":\"vi-VN\",\"potentialAction\":[{\"@type\":\"ReadAction\",\"target\":[\"https:\/\/dmi65.com\/vi\/lien-he\/\"]}]},{\"@type\":\"BreadcrumbList\",\"@id\":\"https:\/\/dmi65.com\/vi\/lien-he\/#breadcrumb\",\"itemListElement\":[{\"@type\":\"ListItem\",\"position\":1,\"name\":\"Home\",\"item\":\"https:\/\/dmi65.com\/vi\/\"},{\"@type\":\"ListItem\",\"position\":2,\"name\":\"Li\u00ean h\u1ec7\"}]},{\"@type\":\"WebSite\",\"@id\":\"https:\/\/dmi65.com\/vi\/#website\",\"url\":\"https:\/\/dmi65.com\/vi\/\",\"name\":\"DMI-65\u00ae\",\"description\":\"Water Filtration &amp; Reverse Osmosis Treatment, Catalytic Media\",\"publisher\":{\"@id\":\"https:\/\/dmi65.com\/vi\/#organization\"},\"potentialAction\":[{\"@type\":\"SearchAction\",\"target\":{\"@type\":\"EntryPoint\",\"urlTemplate\":\"https:\/\/dmi65.com\/vi\/?s={search_term_string}\"},\"query-input\":{\"@type\":\"PropertyValueSpecification\",\"valueRequired\":true,\"valueName\":\"search_term_string\"}}],\"inLanguage\":\"vi-VN\"},{\"@type\":\"Organization\",\"@id\":\"https:\/\/dmi65.com\/vi\/#organization\",\"name\":\"DMI-65 & Quantum Filtration Pty Ltd\",\"url\":\"https:\/\/dmi65.com\/vi\/\",\"logo\":{\"@type\":\"ImageObject\",\"inLanguage\":\"vi-VN\",\"@id\":\"https:\/\/dmi65.com\/vi\/#\/schema\/logo\/image\/\",\"url\":\"https:\/\/dmi65.com\/wp-content\/uploads\/2020\/04\/dmi65.png\",\"contentUrl\":\"https:\/\/dmi65.com\/wp-content\/uploads\/2020\/04\/dmi65.png\",\"width\":440,\"height\":205,\"caption\":\"DMI-65 & Quantum Filtration Pty Ltd\"},\"image\":{\"@id\":\"https:\/\/dmi65.com\/vi\/#\/schema\/logo\/image\/\"},\"sameAs\":[\"https:\/\/www.linkedin.com\/company\/dmi-65\",\"https:\/\/www.youtube.com\/channel\/UCbXoMn5KBp2jrnx4KR_Qg4A\"]}]}<\/script>\n<!-- \/ Yoast SEO plugin. -->","yoast_head_json":{"title":"Li\u00ean h\u1ec7 - DMI-65\u00ae, nh\u00e0 ph\u00e2n ph\u1ed1i l\u1ecdc n\u01b0\u1edbc & c\u00e1c chuy\u00ean gia","description":"DMI-65 v\u1edbi c\u00f4ng ngh\u1ec7 infusion l\u00e0 m\u1ed9t ph\u01b0\u01a1ng ti\u1ec7n x\u00fac t\u00e1c oxy h\u00f3a n\u00e2ng cao cho s\u1eaft lo\u1ea1i b\u1ecf v\u00e0 mangan c\u00f3 th\u1ec3 \u0111\u01b0\u1ee3c s\u1eed d\u1ee5ng tr\u00ean nhi\u1ec1u ng\u00e0nh c\u00f4ng nghi\u1ec7p.","robots":{"index":"index","follow":"follow","max-snippet":"max-snippet:-1","max-image-preview":"max-image-preview:large","max-video-preview":"max-video-preview:-1"},"canonical":"https:\/\/dmi65.com\/vi\/lien-he\/","og_locale":"vi_VN","og_type":"article","og_title":"Li\u00ean h\u1ec7 - DMI-65\u00ae, nh\u00e0 ph\u00e2n ph\u1ed1i l\u1ecdc n\u01b0\u1edbc & c\u00e1c chuy\u00ean gia","og_description":"DMI-65 v\u1edbi c\u00f4ng ngh\u1ec7 infusion l\u00e0 m\u1ed9t ph\u01b0\u01a1ng ti\u1ec7n x\u00fac t\u00e1c oxy h\u00f3a n\u00e2ng cao cho s\u1eaft lo\u1ea1i b\u1ecf v\u00e0 mangan c\u00f3 th\u1ec3 \u0111\u01b0\u1ee3c s\u1eed d\u1ee5ng tr\u00ean nhi\u1ec1u ng\u00e0nh c\u00f4ng nghi\u1ec7p.","og_url":"https:\/\/dmi65.com\/vi\/lien-he\/","og_site_name":"DMI-65\u00ae","og_image":[{"width":466,"height":200,"url":"https:\/\/dmi65.com\/wp-content\/uploads\/2020\/06\/dmi65_Logo_Blk.png","type":"image\/png"}],"twitter_card":"summary_large_image","twitter_misc":{"Est. reading time":"1 minute"},"schema":{"@context":"https:\/\/schema.org","@graph":[{"@type":"WebPage","@id":"https:\/\/dmi65.com\/vi\/lien-he\/","url":"https:\/\/dmi65.com\/vi\/lien-he\/","name":"Li\u00ean h\u1ec7 - DMI-65\u00ae, nh\u00e0 ph\u00e2n ph\u1ed1i l\u1ecdc n\u01b0\u1edbc & c\u00e1c chuy\u00ean gia","isPartOf":{"@id":"https:\/\/dmi65.com\/vi\/#website"},"datePublished":"2020-06-16T04:05:38+00:00","description":"DMI-65 v\u1edbi c\u00f4ng ngh\u1ec7 infusion l\u00e0 m\u1ed9t ph\u01b0\u01a1ng ti\u1ec7n x\u00fac t\u00e1c oxy h\u00f3a n\u00e2ng cao cho s\u1eaft lo\u1ea1i b\u1ecf v\u00e0 mangan c\u00f3 th\u1ec3 \u0111\u01b0\u1ee3c s\u1eed d\u1ee5ng tr\u00ean nhi\u1ec1u ng\u00e0nh c\u00f4ng nghi\u1ec7p.","breadcrumb":{"@id":"https:\/\/dmi65.com\/vi\/lien-he\/#breadcrumb"},"inLanguage":"vi-VN","potentialAction":[{"@type":"ReadAction","target":["https:\/\/dmi65.com\/vi\/lien-he\/"]}]},{"@type":"BreadcrumbList","@id":"https:\/\/dmi65.com\/vi\/lien-he\/#breadcrumb","itemListElement":[{"@type":"ListItem","position":1,"name":"Home","item":"https:\/\/dmi65.com\/vi\/"},{"@type":"ListItem","position":2,"name":"Li\u00ean h\u1ec7"}]},{"@type":"WebSite","@id":"https:\/\/dmi65.com\/vi\/#website","url":"https:\/\/dmi65.com\/vi\/","name":"DMI-65\u00ae","description":"Water Filtration &amp; Reverse Osmosis Treatment, Catalytic Media","publisher":{"@id":"https:\/\/dmi65.com\/vi\/#organization"},"potentialAction":[{"@type":"SearchAction","target":{"@type":"EntryPoint","urlTemplate":"https:\/\/dmi65.com\/vi\/?s={search_term_string}"},"query-input":{"@type":"PropertyValueSpecification","valueRequired":true,"valueName":"search_term_string"}}],"inLanguage":"vi-VN"},{"@type":"Organization","@id":"https:\/\/dmi65.com\/vi\/#organization","name":"DMI-65 & Quantum Filtration Pty Ltd","url":"https:\/\/dmi65.com\/vi\/","logo":{"@type":"ImageObject","inLanguage":"vi-VN","@id":"https:\/\/dmi65.com\/vi\/#\/schema\/logo\/image\/","url":"https:\/\/dmi65.com\/wp-content\/uploads\/2020\/04\/dmi65.png","contentUrl":"https:\/\/dmi65.com\/wp-content\/uploads\/2020\/04\/dmi65.png","width":440,"height":205,"caption":"DMI-65 & Quantum Filtration Pty Ltd"},"image":{"@id":"https:\/\/dmi65.com\/vi\/#\/schema\/logo\/image\/"},"sameAs":["https:\/\/www.linkedin.com\/company\/dmi-65","https:\/\/www.youtube.com\/channel\/UCbXoMn5KBp2jrnx4KR_Qg4A"]}]}},"_links":{"self":[{"href":"https:\/\/dmi65.com\/vi\/wp-json\/wp\/v2\/pages\/7237","targetHints":{"allow":["GET"]}}],"collection":[{"href":"https:\/\/dmi65.com\/vi\/wp-json\/wp\/v2\/pages"}],"about":[{"href":"https:\/\/dmi65.com\/vi\/wp-json\/wp\/v2\/types\/page"}],"author":[{"embeddable":true,"href":"https:\/\/dmi65.com\/vi\/wp-json\/wp\/v2\/users\/1"}],"replies":[{"embeddable":true,"href":"https:\/\/dmi65.com\/vi\/wp-json\/wp\/v2\/comments?post=7237"}],"version-history":[{"count":0,"href":"https:\/\/dmi65.com\/vi\/wp-json\/wp\/v2\/pages\/7237\/revisions"}],"wp:attachment":[{"href":"https:\/\/dmi65.com\/vi\/wp-json\/wp\/v2\/media?parent=7237"}],"curies":[{"name":"wp","href":"https:\/\/api.w.org\/{rel}","templated":true}]}}