{"id":6308,"date":"2020-06-09T19:49:09","date_gmt":"2020-06-09T11:49:09","guid":{"rendered":"http:\/\/dmi65.com\/loc-nuoc-uu-diem\/"},"modified":"2020-06-09T19:49:09","modified_gmt":"2020-06-09T11:49:09","slug":"loc-nuoc-uu-diem","status":"publish","type":"page","link":"https:\/\/dmi65.com\/vi\/ky-thuat\/loc-nuoc-uu-diem\/","title":{"rendered":"L\u1ecdc n\u01b0\u1edbc \u01b0u \u0111i\u1ec3m"},"content":{"rendered":"<div class=\"wpb-content-wrapper\"><p>[vc_row][vc_column]<div class=\"dt-fancy-separator title-left h2-size style-disabled\" style=\"width: 100%;\"><div class=\"dt-fancy-title\"><span class=\"separator-holder separator-left\"><\/span>\u01afu \u0111i\u1ec3m c\u1ee7a DMI-65 cho l\u1ecdc n\u01b0\u1edbc<span class=\"separator-holder separator-right\"><\/span><\/div><\/div>[vc_separator color=&#8221;custom&#8221; accent_color=&#8221;#162441&#8243; css=&#8221;.vc_custom_1590629801215{margin-top: 15px !important;margin-bottom: 15px !important;}&#8221;][vc_column_text]<\/p>\n<p style=\"text-align: left;\">DMI-65 l\u00e0 m\u1ed9t ph\u01b0\u01a1ng ti\u1ec7n truy\u1ec1n th\u00f4ng c\u00f4ng ngh\u1ec7 l\u1ecdc x\u00fac t\u00e1c mang t\u00ednh c\u00e1ch m\u1ea1ng \u0111\u01b0\u1ee3c thi\u1ebft k\u1ebf \u0111\u1ec3 lo\u1ea1i b\u1ecf s\u1eaft v\u00e0 mangan m\u00e0 kh\u00f4ng c\u1ea7n s\u1eed d\u1ee5ng kali permanganat. C\u1ea5u tr\u00fac vi x\u1ed1p \u0111\u1ed9c \u0111\u00e1o c\u1ee7a DMI-65 c\u00f3 hi\u1ec7u qu\u1ea3 lo\u1ea1i b\u1ecf s\u1eaft h\u00f2a tan \u0111\u1ebfn m\u1ee9c th\u1ea5p nh\u1ea5t l\u00e0 0,001 ppm v\u00e0 mangan \u0111\u1ebfn 0,001 ppm. DMI-65 ho\u1ea1t \u0111\u1ed9ng nh\u01b0 m\u1ed9t ch\u1ea5t x\u00fac t\u00e1c oxy h\u00f3a v\u1edbi qu\u00e1 tr\u00ecnh oxy h\u00f3a ngay l\u1eadp t\u1ee9c v\u00e0 l\u1ecdc c\u00e1c k\u1ebft t\u1ee7a kh\u00f4ng h\u00f2a tan. C\u00e1c ph\u01b0\u01a1ng ti\u1ec7n truy\u1ec1n th\u00f4ng \u0111\u00e3 \u0111\u01b0\u1ee3c s\u1eed d\u1ee5ng r\u1ed9ng r\u00e3i trong m\u1ed9t lo\u1ea1t c\u00e1c \u1ee9ng d\u1ee5ng trong h\u01a1n 30 n\u0103m.<\/p>\n<p>[\/vc_column_text]<div class=\"uavc-list-icon uavc-list-icon-wrapper ult-adjust-bottom-margin   vc_custom_1590633244219  vc_custom_1590633244219\"><ul class=\"uavc-list\"><li><div class=\"uavc-list-content\" id=\"list-icon-wrap-1159\">\n<div class=\"uavc-list-icon  \" data-animation=\"\" data-animation-delay=\"03\" style=\"margin-right:20px;\"><div class=\"ult-just-icon-wrapper  \"><div class=\"align-icon\" style=\"text-align:center;\">\n<div class=\"aio-icon none \"  style=\"color:#81d742;font-size:20px;display:inline-block;\">\n\t<i class=\"fas fa-check\"><\/i>\n<\/div><\/div><\/div>\n<\/div><span  data-ultimate-target='#list-icon-wrap-1159 .uavc-list-desc'  data-responsive-json-new='{\"font-size\":\"\",\"line-height\":\"\"}'  class=\"uavc-list-desc ult-responsive\" style=\"\"><strong>Lo\u1ea1i b\u1ecf kali permanganate:<\/strong> Ho\u1ea1t \u0111\u1ed9ng v\u1edbi ti\u00eam li\u00ean t\u1ee5c c\u1ee7a natri hypochlorite \u1edf m\u1ee9c th\u1ea5p c\u00f2n l\u1ea1i (0,1 \u0111\u1ebfn 0,3 ppm)<\/span><\/div><\/li><li><div class=\"uavc-list-content\" id=\"list-icon-wrap-8287\">\n<div class=\"uavc-list-icon  \" data-animation=\"\" data-animation-delay=\"03\" style=\"margin-right:20px;\"><div class=\"ult-just-icon-wrapper  \"><div class=\"align-icon\" style=\"text-align:center;\">\n<div class=\"aio-icon none \"  style=\"color:#81d742;font-size:20px;display:inline-block;\">\n\t<i class=\"fas fa-check\"><\/i>\n<\/div><\/div><\/div>\n<\/div><span  data-ultimate-target='#list-icon-wrap-8287 .uavc-list-desc'  data-responsive-json-new='{\"font-size\":\"\",\"line-height\":\"\"}'  class=\"uavc-list-desc ult-responsive\" style=\"\"><strong>Ph\u1ea1m vi ph r\u1ed9ng:<\/strong> Hi\u1ec7u su\u1ea5t \u1ed5n \u0111\u1ecbnh v\u00e0 th\u1ecfa \u0111\u00e1ng \u1edf pH 5,8 \u0111\u1ebfn 8,6<\/p>\n<p><\/span><\/div><\/li><li><div class=\"uavc-list-content\" id=\"list-icon-wrap-8189\">\n<div class=\"uavc-list-icon  \" data-animation=\"\" data-animation-delay=\"03\" style=\"margin-right:20px;\"><div class=\"ult-just-icon-wrapper  \"><div class=\"align-icon\" style=\"text-align:center;\">\n<div class=\"aio-icon none \"  style=\"color:#81d742;font-size:20px;display:inline-block;\">\n\t<i class=\"fas fa-check\"><\/i>\n<\/div><\/div><\/div>\n<\/div><span  data-ultimate-target='#list-icon-wrap-8189 .uavc-list-desc'  data-responsive-json-new='{\"font-size\":\"\",\"line-height\":\"\"}'  class=\"uavc-list-desc ult-responsive\" style=\"\"><strong>L\u01b0u l\u01b0\u1ee3ng cao gi\u00e1:<\/strong> DMI-65 c\u00f3 th\u1ec3 ho\u1ea1t \u0111\u1ed9ng t\u1ea1i c\u00e1c v\u1eadn t\u1ed1c l\u1ecdc tuy\u1ebfn t\u00ednh l\u00ean \u0111\u1ebfn hai l\u1ea7n c\u00e1c ph\u01b0\u01a1ng ti\u1ec7n truy\u1ec1n th\u00f4ng th\u00f4ng th\u01b0\u1eddng v\u1edbi nhi\u1ec7t \u0111\u1ed9 ho\u1ea1t \u0111\u1ed9ng cao h\u01a1n. Nhi\u1ec7t \u0111\u1ed9 ho\u1ea1t \u0111\u1ed9ng t\u1ed1i \u0111a 113 \u00b0 F (45 \u00b0 C)<\/p>\n<p><\/span><\/div><\/li><li><div class=\"uavc-list-content\" id=\"list-icon-wrap-6469\">\n<div class=\"uavc-list-icon  \" data-animation=\"\" data-animation-delay=\"03\" style=\"margin-right:20px;\"><div class=\"ult-just-icon-wrapper  \"><div class=\"align-icon\" style=\"text-align:center;\">\n<div class=\"aio-icon none \"  style=\"color:#81d742;font-size:20px;display:inline-block;\">\n\t<i class=\"fas fa-check\"><\/i>\n<\/div><\/div><\/div>\n<\/div><span  data-ultimate-target='#list-icon-wrap-6469 .uavc-list-desc'  data-responsive-json-new='{\"font-size\":\"\",\"line-height\":\"\"}'  class=\"uavc-list-desc ult-responsive\" style=\"\"><strong>Cu\u1ed9c s\u1ed1ng l\u00e2u d\u00e0i:<\/strong> DMI-65 kh\u00f4ng \u0111\u01b0\u1ee3c ti\u00eau th\u1ee5 trong qu\u00e1 tr\u00ecnh cung c\u1ea5p nh\u1eefng l\u1ee3i th\u1ebf \u0111\u00e1ng k\u1ec3 so v\u1edbi c\u00e1c qu\u00e1 tr\u00ecnh ho\u1eb7c ph\u01b0\u01a1ng ti\u1ec7n truy\u1ec1n th\u00f4ng kh\u00e1c<\/p>\n<p><\/span><\/div><\/li><li><div class=\"uavc-list-content\" id=\"list-icon-wrap-8731\">\n<div class=\"uavc-list-icon  \" data-animation=\"\" data-animation-delay=\"03\" style=\"margin-right:20px;\"><div class=\"ult-just-icon-wrapper  \"><div class=\"align-icon\" style=\"text-align:center;\">\n<div class=\"aio-icon none \"  style=\"color:#81d742;font-size:20px;display:inline-block;\">\n\t<i class=\"fas fa-check\"><\/i>\n<\/div><\/div><\/div>\n<\/div><span  data-ultimate-target='#list-icon-wrap-8731 .uavc-list-desc'  data-responsive-json-new='{\"font-size\":\"\",\"line-height\":\"\"}'  class=\"uavc-list-desc ult-responsive\" style=\"\"><strong>T\u00e1i t\u1ea1o kh\u00f4ng b\u1eaft bu\u1ed9c:<\/strong> Sau khi k\u00edch ho\u1ea1t ban \u0111\u1ea7u ch\u1ec9 c\u00f3 ngu\u1ed3n c\u1ea5p d\u1eef li\u1ec7u natri hypochlorite l\u00e0 b\u1eaft bu\u1ed9c.<\/p>\n<p><\/span><\/div><\/li><li><div class=\"uavc-list-content\" id=\"list-icon-wrap-3749\">\n<div class=\"uavc-list-icon  \" data-animation=\"\" data-animation-delay=\"03\" style=\"margin-right:20px;\"><div class=\"ult-just-icon-wrapper  \"><div class=\"align-icon\" style=\"text-align:center;\">\n<div class=\"aio-icon none \"  style=\"color:#81d742;font-size:20px;display:inline-block;\">\n\t<i class=\"fas fa-check\"><\/i>\n<\/div><\/div><\/div>\n<\/div><span  data-ultimate-target='#list-icon-wrap-3749 .uavc-list-desc'  data-responsive-json-new='{\"font-size\":\"\",\"line-height\":\"\"}'  class=\"uavc-list-desc ult-responsive\" style=\"\"><strong>H\u1ec7 th\u1ed1ng t\u01b0\u01a1ng th\u00edch:<\/strong> T\u00ednh ch\u1ea5t v\u1eadt l\u00fd t\u01b0\u01a1ng t\u1ef1 nh\u01b0 c\u00e1c ph\u01b0\u01a1ng ti\u1ec7n truy\u1ec1n th\u00f4ng c\u1ea1nh tranh cho ph\u00e9p chuy\u1ec3n \u0111\u1ed5i DMI-65 m\u00e0 kh\u00f4ng c\u00f3 s\u1eeda \u0111\u1ed5i ph\u1ea7n c\u1ee9ng l\u1edbn<\/p>\n<p><\/span><\/div><\/li><li><div class=\"uavc-list-content\" id=\"list-icon-wrap-5006\">\n<div class=\"uavc-list-icon  \" data-animation=\"\" data-animation-delay=\"03\" style=\"margin-right:20px;\"><div class=\"ult-just-icon-wrapper  \"><div class=\"align-icon\" style=\"text-align:center;\">\n<div class=\"aio-icon none \"  style=\"color:#81d742;font-size:20px;display:inline-block;\">\n\t<i class=\"fas fa-check\"><\/i>\n<\/div><\/div><\/div>\n<\/div><span  data-ultimate-target='#list-icon-wrap-5006 .uavc-list-desc'  data-responsive-json-new='{\"font-size\":\"\",\"line-height\":\"\"}'  class=\"uavc-list-desc ult-responsive\" style=\"\"><strong>Lo\u1ea1i b\u1ecf asen:<\/strong> DMI-65 \u0111\u00e3 \u0111\u01b0\u1ee3c cho l\u00e0 c\u00f3 hi\u1ec7u qu\u1ea3 trong vi\u1ec7c lo\u1ea1i b\u1ecf asen li\u00ean k\u1ebft v\u1edbi c\u00e1c \u1ea3nh h\u01b0\u1edfng c\u00f3 ch\u1ee9a s\u1eaft. N\u1ebfu c\u1ea7n thi\u1ebft ferric clorua c\u00f3 th\u1ec3 \u0111\u01b0\u1ee3c gi\u1edbi thi\u1ec7u \u0111\u1ec3 \u0111i\u1ec1u tr\u1ecb n\u01b0\u1edbc v\u1edbi m\u1ee9c \u0111\u1ed9 th\u1ea5p \u1ea3nh h\u01b0\u1edfng s\u1eaft ho\u1eb7c \u0111\u1ec3 t\u0103ng c\u01b0\u1eddng lo\u1ea1i b\u1ecf khi \u0111i\u1ec1u tr\u1ecb n\u01b0\u1edbc v\u1edbi m\u1ee9c \u0111\u1ed9 cao c\u1ee7a asen<\/p>\n<p><\/span><\/div><\/li><\/ul><\/div>[\/vc_column][\/vc_row]<\/p>\n<\/div>","protected":false},"excerpt":{"rendered":"<p>[vc_row][vc_column][vc_separator color=&#8221;custom&#8221; accent_color=&#8221;#162441&#8243; css=&#8221;.vc_custom_1590629801215{margin-top: 15px !important;margin-bottom: 15px !important;}&#8221;][vc_column_text] DMI-65 l\u00e0 m\u1ed9t ph\u01b0\u01a1ng ti\u1ec7n truy\u1ec1n th\u00f4ng c\u00f4ng ngh\u1ec7 l\u1ecdc x\u00fac t\u00e1c mang t\u00ednh c\u00e1ch m\u1ea1ng \u0111\u01b0\u1ee3c thi\u1ebft k\u1ebf \u0111\u1ec3 lo\u1ea1i b\u1ecf s\u1eaft v\u00e0 mangan m\u00e0 kh\u00f4ng c\u1ea7n s\u1eed d\u1ee5ng kali permanganat. C\u1ea5u tr\u00fac vi x\u1ed1p \u0111\u1ed9c \u0111\u00e1o c\u1ee7a DMI-65 c\u00f3 hi\u1ec7u qu\u1ea3 lo\u1ea1i b\u1ecf s\u1eaft h\u00f2a&hellip;<\/p>\n","protected":false},"author":1,"featured_media":0,"parent":7172,"menu_order":0,"comment_status":"closed","ping_status":"closed","template":"","meta":{"content-type":"","footnotes":""},"class_list":["post-6308","page","type-page","status-publish","hentry","description-off"],"yoast_head":"<!-- This site is optimized with the Yoast SEO plugin v25.2 - https:\/\/yoast.com\/wordpress\/plugins\/seo\/ -->\n<title>L\u1ecdc n\u01b0\u1edbc \u01b0u \u0111i\u1ec3m - DMI-65\u00ae<\/title>\n<meta name=\"robots\" content=\"index, follow, max-snippet:-1, max-image-preview:large, max-video-preview:-1\" \/>\n<link rel=\"canonical\" href=\"https:\/\/dmi65.com\/vi\/ky-thuat\/loc-nuoc-uu-diem\/\" \/>\n<meta property=\"og:locale\" content=\"vi_VN\" \/>\n<meta property=\"og:type\" content=\"article\" \/>\n<meta property=\"og:title\" content=\"L\u1ecdc n\u01b0\u1edbc \u01b0u \u0111i\u1ec3m - DMI-65\u00ae\" \/>\n<meta property=\"og:description\" content=\"[vc_row][vc_column][vc_separator color=&#8221;custom&#8221; accent_color=&#8221;#162441&#8243; css=&#8221;.vc_custom_1590629801215{margin-top: 15px !important;margin-bottom: 15px !important;}&#8221;][vc_column_text] DMI-65 l\u00e0 m\u1ed9t ph\u01b0\u01a1ng ti\u1ec7n truy\u1ec1n th\u00f4ng c\u00f4ng ngh\u1ec7 l\u1ecdc x\u00fac t\u00e1c mang t\u00ednh c\u00e1ch m\u1ea1ng \u0111\u01b0\u1ee3c thi\u1ebft k\u1ebf \u0111\u1ec3 lo\u1ea1i b\u1ecf s\u1eaft v\u00e0 mangan m\u00e0 kh\u00f4ng c\u1ea7n s\u1eed d\u1ee5ng kali permanganat. C\u1ea5u tr\u00fac vi x\u1ed1p \u0111\u1ed9c \u0111\u00e1o c\u1ee7a DMI-65 c\u00f3 hi\u1ec7u qu\u1ea3 lo\u1ea1i b\u1ecf s\u1eaft h\u00f2a&hellip;\" \/>\n<meta property=\"og:url\" content=\"https:\/\/dmi65.com\/vi\/ky-thuat\/loc-nuoc-uu-diem\/\" \/>\n<meta property=\"og:site_name\" content=\"DMI-65\u00ae\" \/>\n<meta property=\"og:image\" content=\"https:\/\/dmi65.com\/wp-content\/uploads\/2020\/06\/dmi65_Logo_Blk.png\" \/>\n\t<meta property=\"og:image:width\" content=\"466\" \/>\n\t<meta property=\"og:image:height\" content=\"200\" \/>\n\t<meta property=\"og:image:type\" content=\"image\/png\" \/>\n<meta name=\"twitter:card\" content=\"summary_large_image\" \/>\n<meta name=\"twitter:label1\" content=\"Est. reading time\" \/>\n\t<meta name=\"twitter:data1\" content=\"3 minutes\" \/>\n<script type=\"application\/ld+json\" class=\"yoast-schema-graph\">{\"@context\":\"https:\/\/schema.org\",\"@graph\":[{\"@type\":\"WebPage\",\"@id\":\"https:\/\/dmi65.com\/vi\/ky-thuat\/loc-nuoc-uu-diem\/\",\"url\":\"https:\/\/dmi65.com\/vi\/ky-thuat\/loc-nuoc-uu-diem\/\",\"name\":\"L\u1ecdc n\u01b0\u1edbc \u01b0u \u0111i\u1ec3m - DMI-65\u00ae\",\"isPartOf\":{\"@id\":\"https:\/\/dmi65.com\/vi\/#website\"},\"datePublished\":\"2020-06-09T11:49:09+00:00\",\"breadcrumb\":{\"@id\":\"https:\/\/dmi65.com\/vi\/ky-thuat\/loc-nuoc-uu-diem\/#breadcrumb\"},\"inLanguage\":\"vi-VN\",\"potentialAction\":[{\"@type\":\"ReadAction\",\"target\":[\"https:\/\/dmi65.com\/vi\/ky-thuat\/loc-nuoc-uu-diem\/\"]}]},{\"@type\":\"BreadcrumbList\",\"@id\":\"https:\/\/dmi65.com\/vi\/ky-thuat\/loc-nuoc-uu-diem\/#breadcrumb\",\"itemListElement\":[{\"@type\":\"ListItem\",\"position\":1,\"name\":\"Home\",\"item\":\"https:\/\/dmi65.com\/vi\/\"},{\"@type\":\"ListItem\",\"position\":2,\"name\":\"K\u1ef9 thu\u1eadt\",\"item\":\"https:\/\/dmi65.com\/vi\/ky-thuat\/\"},{\"@type\":\"ListItem\",\"position\":3,\"name\":\"L\u1ecdc n\u01b0\u1edbc \u01b0u \u0111i\u1ec3m\"}]},{\"@type\":\"WebSite\",\"@id\":\"https:\/\/dmi65.com\/vi\/#website\",\"url\":\"https:\/\/dmi65.com\/vi\/\",\"name\":\"DMI-65\u00ae\",\"description\":\"Water Filtration &amp; Reverse Osmosis Treatment, Catalytic Media\",\"publisher\":{\"@id\":\"https:\/\/dmi65.com\/vi\/#organization\"},\"potentialAction\":[{\"@type\":\"SearchAction\",\"target\":{\"@type\":\"EntryPoint\",\"urlTemplate\":\"https:\/\/dmi65.com\/vi\/?s={search_term_string}\"},\"query-input\":{\"@type\":\"PropertyValueSpecification\",\"valueRequired\":true,\"valueName\":\"search_term_string\"}}],\"inLanguage\":\"vi-VN\"},{\"@type\":\"Organization\",\"@id\":\"https:\/\/dmi65.com\/vi\/#organization\",\"name\":\"DMI-65 & Quantum Filtration Pty Ltd\",\"url\":\"https:\/\/dmi65.com\/vi\/\",\"logo\":{\"@type\":\"ImageObject\",\"inLanguage\":\"vi-VN\",\"@id\":\"https:\/\/dmi65.com\/vi\/#\/schema\/logo\/image\/\",\"url\":\"https:\/\/dmi65.com\/wp-content\/uploads\/2020\/04\/dmi65.png\",\"contentUrl\":\"https:\/\/dmi65.com\/wp-content\/uploads\/2020\/04\/dmi65.png\",\"width\":440,\"height\":205,\"caption\":\"DMI-65 & Quantum Filtration Pty Ltd\"},\"image\":{\"@id\":\"https:\/\/dmi65.com\/vi\/#\/schema\/logo\/image\/\"},\"sameAs\":[\"https:\/\/www.linkedin.com\/company\/dmi-65\",\"https:\/\/www.youtube.com\/channel\/UCbXoMn5KBp2jrnx4KR_Qg4A\"]}]}<\/script>\n<!-- \/ Yoast SEO plugin. -->","yoast_head_json":{"title":"L\u1ecdc n\u01b0\u1edbc \u01b0u \u0111i\u1ec3m - DMI-65\u00ae","robots":{"index":"index","follow":"follow","max-snippet":"max-snippet:-1","max-image-preview":"max-image-preview:large","max-video-preview":"max-video-preview:-1"},"canonical":"https:\/\/dmi65.com\/vi\/ky-thuat\/loc-nuoc-uu-diem\/","og_locale":"vi_VN","og_type":"article","og_title":"L\u1ecdc n\u01b0\u1edbc \u01b0u \u0111i\u1ec3m - DMI-65\u00ae","og_description":"[vc_row][vc_column][vc_separator color=&#8221;custom&#8221; accent_color=&#8221;#162441&#8243; css=&#8221;.vc_custom_1590629801215{margin-top: 15px !important;margin-bottom: 15px !important;}&#8221;][vc_column_text] DMI-65 l\u00e0 m\u1ed9t ph\u01b0\u01a1ng ti\u1ec7n truy\u1ec1n th\u00f4ng c\u00f4ng ngh\u1ec7 l\u1ecdc x\u00fac t\u00e1c mang t\u00ednh c\u00e1ch m\u1ea1ng \u0111\u01b0\u1ee3c thi\u1ebft k\u1ebf \u0111\u1ec3 lo\u1ea1i b\u1ecf s\u1eaft v\u00e0 mangan m\u00e0 kh\u00f4ng c\u1ea7n s\u1eed d\u1ee5ng kali permanganat. C\u1ea5u tr\u00fac vi x\u1ed1p \u0111\u1ed9c \u0111\u00e1o c\u1ee7a DMI-65 c\u00f3 hi\u1ec7u qu\u1ea3 lo\u1ea1i b\u1ecf s\u1eaft h\u00f2a&hellip;","og_url":"https:\/\/dmi65.com\/vi\/ky-thuat\/loc-nuoc-uu-diem\/","og_site_name":"DMI-65\u00ae","og_image":[{"width":466,"height":200,"url":"https:\/\/dmi65.com\/wp-content\/uploads\/2020\/06\/dmi65_Logo_Blk.png","type":"image\/png"}],"twitter_card":"summary_large_image","twitter_misc":{"Est. reading time":"3 minutes"},"schema":{"@context":"https:\/\/schema.org","@graph":[{"@type":"WebPage","@id":"https:\/\/dmi65.com\/vi\/ky-thuat\/loc-nuoc-uu-diem\/","url":"https:\/\/dmi65.com\/vi\/ky-thuat\/loc-nuoc-uu-diem\/","name":"L\u1ecdc n\u01b0\u1edbc \u01b0u \u0111i\u1ec3m - DMI-65\u00ae","isPartOf":{"@id":"https:\/\/dmi65.com\/vi\/#website"},"datePublished":"2020-06-09T11:49:09+00:00","breadcrumb":{"@id":"https:\/\/dmi65.com\/vi\/ky-thuat\/loc-nuoc-uu-diem\/#breadcrumb"},"inLanguage":"vi-VN","potentialAction":[{"@type":"ReadAction","target":["https:\/\/dmi65.com\/vi\/ky-thuat\/loc-nuoc-uu-diem\/"]}]},{"@type":"BreadcrumbList","@id":"https:\/\/dmi65.com\/vi\/ky-thuat\/loc-nuoc-uu-diem\/#breadcrumb","itemListElement":[{"@type":"ListItem","position":1,"name":"Home","item":"https:\/\/dmi65.com\/vi\/"},{"@type":"ListItem","position":2,"name":"K\u1ef9 thu\u1eadt","item":"https:\/\/dmi65.com\/vi\/ky-thuat\/"},{"@type":"ListItem","position":3,"name":"L\u1ecdc n\u01b0\u1edbc \u01b0u \u0111i\u1ec3m"}]},{"@type":"WebSite","@id":"https:\/\/dmi65.com\/vi\/#website","url":"https:\/\/dmi65.com\/vi\/","name":"DMI-65\u00ae","description":"Water Filtration &amp; Reverse Osmosis Treatment, Catalytic Media","publisher":{"@id":"https:\/\/dmi65.com\/vi\/#organization"},"potentialAction":[{"@type":"SearchAction","target":{"@type":"EntryPoint","urlTemplate":"https:\/\/dmi65.com\/vi\/?s={search_term_string}"},"query-input":{"@type":"PropertyValueSpecification","valueRequired":true,"valueName":"search_term_string"}}],"inLanguage":"vi-VN"},{"@type":"Organization","@id":"https:\/\/dmi65.com\/vi\/#organization","name":"DMI-65 & Quantum Filtration Pty Ltd","url":"https:\/\/dmi65.com\/vi\/","logo":{"@type":"ImageObject","inLanguage":"vi-VN","@id":"https:\/\/dmi65.com\/vi\/#\/schema\/logo\/image\/","url":"https:\/\/dmi65.com\/wp-content\/uploads\/2020\/04\/dmi65.png","contentUrl":"https:\/\/dmi65.com\/wp-content\/uploads\/2020\/04\/dmi65.png","width":440,"height":205,"caption":"DMI-65 & Quantum Filtration Pty Ltd"},"image":{"@id":"https:\/\/dmi65.com\/vi\/#\/schema\/logo\/image\/"},"sameAs":["https:\/\/www.linkedin.com\/company\/dmi-65","https:\/\/www.youtube.com\/channel\/UCbXoMn5KBp2jrnx4KR_Qg4A"]}]}},"_links":{"self":[{"href":"https:\/\/dmi65.com\/vi\/wp-json\/wp\/v2\/pages\/6308","targetHints":{"allow":["GET"]}}],"collection":[{"href":"https:\/\/dmi65.com\/vi\/wp-json\/wp\/v2\/pages"}],"about":[{"href":"https:\/\/dmi65.com\/vi\/wp-json\/wp\/v2\/types\/page"}],"author":[{"embeddable":true,"href":"https:\/\/dmi65.com\/vi\/wp-json\/wp\/v2\/users\/1"}],"replies":[{"embeddable":true,"href":"https:\/\/dmi65.com\/vi\/wp-json\/wp\/v2\/comments?post=6308"}],"version-history":[{"count":0,"href":"https:\/\/dmi65.com\/vi\/wp-json\/wp\/v2\/pages\/6308\/revisions"}],"up":[{"embeddable":true,"href":"https:\/\/dmi65.com\/vi\/wp-json\/wp\/v2\/pages\/7172"}],"wp:attachment":[{"href":"https:\/\/dmi65.com\/vi\/wp-json\/wp\/v2\/media?parent=6308"}],"curies":[{"name":"wp","href":"https:\/\/api.w.org\/{rel}","templated":true}]}}