{"id":6244,"date":"2020-06-09T19:43:23","date_gmt":"2020-06-09T11:43:23","guid":{"rendered":"http:\/\/dmi65.com\/phong-thi-nghiem-thu-nghiem\/"},"modified":"2020-06-09T19:43:25","modified_gmt":"2020-06-09T11:43:25","slug":"phong-thi-nghiem-thu-nghiem","status":"publish","type":"page","link":"https:\/\/dmi65.com\/vi\/ky-thuat\/phong-thi-nghiem-thu-nghiem\/","title":{"rendered":"Ki\u1ec3m tra ph\u00f2ng th\u00ed nghi\u1ec7m"},"content":{"rendered":"<div class=\"wpb-content-wrapper\"><p>[vc_row][vc_column][vc_row_inner][vc_column_inner][vc_column_text]<\/p>\n<h4>GI\u1ea4Y CH\u1ee8NG NH\u1eacN PH\u00c2N T\u00cdCH<\/h4>\n<p>[\/vc_column_text][vc_btn title=&#8221;LO\u1ea0I B\u1ece ASEN TRONG TH\u1eec NGHI\u1ec6M N\u01af\u1edaC BORE&#8221; style=&#8221;outline-custom&#8221; outline_custom_color=&#8221;#dd4949&#8243; outline_custom_hover_background=&#8221;#dd2c2c&#8221; outline_custom_hover_text=&#8221;#ffffff&#8221; shape=&#8221;square&#8221; align=&#8221;left&#8221; i_icon_fontawesome=&#8221;fas fa-file-pdf&#8221; add_icon=&#8221;true&#8221; link=&#8221;url:%2Fwp-content%2Fuploads%2F2014%2F07%2FQuantum-Filtration-Arsenic-in-Bore-water-Removal-Trial-_1_2.pdf|&#8221;][vc_btn title=&#8221;C\u00c1C X\u00c9T NGHI\u1ec6M N\u01af\u1edaC M\u1ede R\u1ed8NG TR\u00caN N\u01af\u1edaC BORE&#8221; style=&#8221;outline-custom&#8221; outline_custom_color=&#8221;#dd4949&#8243; outline_custom_hover_background=&#8221;#dd2c2c&#8221; outline_custom_hover_text=&#8221;#ffffff&#8221; shape=&#8221;square&#8221; align=&#8221;left&#8221; i_icon_fontawesome=&#8221;fas fa-file-pdf&#8221; add_icon=&#8221;true&#8221; link=&#8221;url:%2Fwp-content%2Fuploads%2F2014%2F07%2FCertificate-of-Analysis-Water-SW-Health-Campus.pdf|&#8221;][vc_btn title=&#8221;S\u1eaeT D\u00d9NG TH\u1eec C\u00c1T MANGAN 1&#8243; style=&#8221;outline-custom&#8221; outline_custom_color=&#8221;#dd4949&#8243; outline_custom_hover_background=&#8221;#dd2c2c&#8221; outline_custom_hover_text=&#8221;#ffffff&#8221; shape=&#8221;square&#8221; align=&#8221;left&#8221; i_icon_fontawesome=&#8221;fas fa-file-pdf&#8221; add_icon=&#8221;true&#8221; link=&#8221;url:%2Fwp-content%2Fuploads%2F2014%2F07%2FCertificate-of-Analysis-iron-manganese-Sand-Media-Trial1.pdf|&#8221;][vc_btn title=&#8221;S\u1eaeT MANGAN TH\u1eec NGHI\u1ec6M C\u00c1T 2&#8243; style=&#8221;outline-custom&#8221; outline_custom_color=&#8221;#dd4949&#8243; outline_custom_hover_background=&#8221;#dd2c2c&#8221; outline_custom_hover_text=&#8221;#ffffff&#8221; shape=&#8221;square&#8221; align=&#8221;left&#8221; i_icon_fontawesome=&#8221;fas fa-file-pdf&#8221; add_icon=&#8221;true&#8221; link=&#8221;url:%2Fwp-content%2Fuploads%2F2014%2F07%2FCertificate-of-Analysis-Iron-Manganese-Sand-Media-Trial-_21.pdf|&#8221;][vc_btn title=&#8221;PHI\u00caN T\u00d2A C\u00d4NG TR\u00ccNH N\u01af\u1edaC GEORGE MUNICIPAL&#8221; style=&#8221;outline-custom&#8221; outline_custom_color=&#8221;#dd4949&#8243; outline_custom_hover_background=&#8221;#dd2c2c&#8221; outline_custom_hover_text=&#8221;#ffffff&#8221; shape=&#8221;square&#8221; align=&#8221;left&#8221; i_icon_fontawesome=&#8221;fas fa-file-pdf&#8221; add_icon=&#8221;true&#8221; link=&#8221;url:%2Fwp-content%2Fuploads%2F2020%2F05%2FGeorge-trial-results-WTC-2008.pdf|&#8221;][\/vc_column_inner][\/vc_row_inner][\/vc_column][\/vc_row]<\/p>\n<\/div>","protected":false},"excerpt":{"rendered":"<p>[vc_row][vc_column][vc_row_inner][vc_column_inner][vc_column_text] GI\u1ea4Y CH\u1ee8NG NH\u1eacN PH\u00c2N T\u00cdCH [\/vc_column_text][vc_btn title=&#8221;LO\u1ea0I B\u1ece ASEN TRONG TH\u1eec NGHI\u1ec6M N\u01af\u1edaC BORE&#8221; style=&#8221;outline-custom&#8221; outline_custom_color=&#8221;#dd4949&#8243; outline_custom_hover_background=&#8221;#dd2c2c&#8221; outline_custom_hover_text=&#8221;#ffffff&#8221; shape=&#8221;square&#8221; align=&#8221;left&#8221; i_icon_fontawesome=&#8221;fas fa-file-pdf&#8221; add_icon=&#8221;true&#8221; link=&#8221;url:%2Fwp-content%2Fuploads%2F2014%2F07%2FQuantum-Filtration-Arsenic-in-Bore-water-Removal-Trial-_1_2.pdf|&#8221;][vc_btn title=&#8221;C\u00c1C X\u00c9T NGHI\u1ec6M N\u01af\u1edaC M\u1ede R\u1ed8NG TR\u00caN N\u01af\u1edaC BORE&#8221; style=&#8221;outline-custom&#8221; outline_custom_color=&#8221;#dd4949&#8243; outline_custom_hover_background=&#8221;#dd2c2c&#8221; outline_custom_hover_text=&#8221;#ffffff&#8221; shape=&#8221;square&#8221; align=&#8221;left&#8221; i_icon_fontawesome=&#8221;fas fa-file-pdf&#8221; add_icon=&#8221;true&#8221; link=&#8221;url:%2Fwp-content%2Fuploads%2F2014%2F07%2FCertificate-of-Analysis-Water-SW-Health-Campus.pdf|&#8221;][vc_btn title=&#8221;S\u1eaeT D\u00d9NG TH\u1eec C\u00c1T MANGAN 1&#8243; style=&#8221;outline-custom&#8221; outline_custom_color=&#8221;#dd4949&#8243; outline_custom_hover_background=&#8221;#dd2c2c&#8221; outline_custom_hover_text=&#8221;#ffffff&#8221; shape=&#8221;square&#8221;&hellip;<\/p>\n","protected":false},"author":1,"featured_media":0,"parent":7172,"menu_order":0,"comment_status":"closed","ping_status":"closed","template":"","meta":{"content-type":"","footnotes":""},"class_list":["post-6244","page","type-page","status-publish","hentry","description-off"],"yoast_head":"<!-- This site is optimized with the Yoast SEO plugin v25.2 - https:\/\/yoast.com\/wordpress\/plugins\/seo\/ -->\n<title>Ki\u1ec3m tra ph\u00f2ng th\u00ed nghi\u1ec7m - DMI-65\u00ae<\/title>\n<meta name=\"robots\" content=\"noindex, follow\" \/>\n<meta property=\"og:locale\" content=\"vi_VN\" \/>\n<meta property=\"og:type\" content=\"article\" \/>\n<meta property=\"og:title\" content=\"Ki\u1ec3m tra ph\u00f2ng th\u00ed nghi\u1ec7m - DMI-65\u00ae\" \/>\n<meta property=\"og:description\" content=\"[vc_row][vc_column][vc_row_inner][vc_column_inner][vc_column_text] GI\u1ea4Y CH\u1ee8NG NH\u1eacN PH\u00c2N T\u00cdCH [\/vc_column_text][vc_btn title=&#8221;LO\u1ea0I B\u1ece ASEN TRONG TH\u1eec NGHI\u1ec6M N\u01af\u1edaC BORE&#8221; style=&#8221;outline-custom&#8221; outline_custom_color=&#8221;#dd4949&#8243; outline_custom_hover_background=&#8221;#dd2c2c&#8221; outline_custom_hover_text=&#8221;#ffffff&#8221; shape=&#8221;square&#8221; align=&#8221;left&#8221; i_icon_fontawesome=&#8221;fas fa-file-pdf&#8221; add_icon=&#8221;true&#8221; link=&#8221;url:%2Fwp-content%2Fuploads%2F2014%2F07%2FQuantum-Filtration-Arsenic-in-Bore-water-Removal-Trial-_1_2.pdf|&#8221;][vc_btn title=&#8221;C\u00c1C X\u00c9T NGHI\u1ec6M N\u01af\u1edaC M\u1ede R\u1ed8NG TR\u00caN N\u01af\u1edaC BORE&#8221; style=&#8221;outline-custom&#8221; outline_custom_color=&#8221;#dd4949&#8243; outline_custom_hover_background=&#8221;#dd2c2c&#8221; outline_custom_hover_text=&#8221;#ffffff&#8221; shape=&#8221;square&#8221; align=&#8221;left&#8221; i_icon_fontawesome=&#8221;fas fa-file-pdf&#8221; add_icon=&#8221;true&#8221; link=&#8221;url:%2Fwp-content%2Fuploads%2F2014%2F07%2FCertificate-of-Analysis-Water-SW-Health-Campus.pdf|&#8221;][vc_btn title=&#8221;S\u1eaeT D\u00d9NG TH\u1eec C\u00c1T MANGAN 1&#8243; style=&#8221;outline-custom&#8221; outline_custom_color=&#8221;#dd4949&#8243; outline_custom_hover_background=&#8221;#dd2c2c&#8221; outline_custom_hover_text=&#8221;#ffffff&#8221; shape=&#8221;square&#8221;&hellip;\" \/>\n<meta property=\"og:url\" content=\"https:\/\/dmi65.com\/vi\/ky-thuat\/phong-thi-nghiem-thu-nghiem\/\" \/>\n<meta property=\"og:site_name\" content=\"DMI-65\u00ae\" \/>\n<meta property=\"article:modified_time\" content=\"2020-06-09T11:43:25+00:00\" \/>\n<meta property=\"og:image\" content=\"https:\/\/dmi65.com\/wp-content\/uploads\/2020\/06\/dmi65_Logo_Blk.png\" \/>\n\t<meta property=\"og:image:width\" content=\"466\" \/>\n\t<meta property=\"og:image:height\" content=\"200\" \/>\n\t<meta property=\"og:image:type\" content=\"image\/png\" \/>\n<meta name=\"twitter:card\" content=\"summary_large_image\" \/>\n<meta name=\"twitter:label1\" content=\"Est. reading time\" \/>\n\t<meta name=\"twitter:data1\" content=\"1 minute\" \/>\n<script type=\"application\/ld+json\" class=\"yoast-schema-graph\">{\"@context\":\"https:\/\/schema.org\",\"@graph\":[{\"@type\":\"WebPage\",\"@id\":\"https:\/\/dmi65.com\/vi\/ky-thuat\/phong-thi-nghiem-thu-nghiem\/\",\"url\":\"https:\/\/dmi65.com\/vi\/ky-thuat\/phong-thi-nghiem-thu-nghiem\/\",\"name\":\"Ki\u1ec3m tra ph\u00f2ng th\u00ed nghi\u1ec7m - DMI-65\u00ae\",\"isPartOf\":{\"@id\":\"https:\/\/dmi65.com\/vi\/#website\"},\"datePublished\":\"2020-06-09T11:43:23+00:00\",\"dateModified\":\"2020-06-09T11:43:25+00:00\",\"breadcrumb\":{\"@id\":\"https:\/\/dmi65.com\/vi\/ky-thuat\/phong-thi-nghiem-thu-nghiem\/#breadcrumb\"},\"inLanguage\":\"vi-VN\",\"potentialAction\":[{\"@type\":\"ReadAction\",\"target\":[\"https:\/\/dmi65.com\/vi\/ky-thuat\/phong-thi-nghiem-thu-nghiem\/\"]}]},{\"@type\":\"BreadcrumbList\",\"@id\":\"https:\/\/dmi65.com\/vi\/ky-thuat\/phong-thi-nghiem-thu-nghiem\/#breadcrumb\",\"itemListElement\":[{\"@type\":\"ListItem\",\"position\":1,\"name\":\"Home\",\"item\":\"https:\/\/dmi65.com\/vi\/\"},{\"@type\":\"ListItem\",\"position\":2,\"name\":\"K\u1ef9 thu\u1eadt\",\"item\":\"https:\/\/dmi65.com\/vi\/ky-thuat\/\"},{\"@type\":\"ListItem\",\"position\":3,\"name\":\"Ki\u1ec3m tra ph\u00f2ng th\u00ed nghi\u1ec7m\"}]},{\"@type\":\"WebSite\",\"@id\":\"https:\/\/dmi65.com\/vi\/#website\",\"url\":\"https:\/\/dmi65.com\/vi\/\",\"name\":\"DMI-65\u00ae\",\"description\":\"Water Filtration &amp; Reverse Osmosis Treatment, Catalytic Media\",\"publisher\":{\"@id\":\"https:\/\/dmi65.com\/vi\/#organization\"},\"potentialAction\":[{\"@type\":\"SearchAction\",\"target\":{\"@type\":\"EntryPoint\",\"urlTemplate\":\"https:\/\/dmi65.com\/vi\/?s={search_term_string}\"},\"query-input\":{\"@type\":\"PropertyValueSpecification\",\"valueRequired\":true,\"valueName\":\"search_term_string\"}}],\"inLanguage\":\"vi-VN\"},{\"@type\":\"Organization\",\"@id\":\"https:\/\/dmi65.com\/vi\/#organization\",\"name\":\"DMI-65 & Quantum Filtration Pty Ltd\",\"url\":\"https:\/\/dmi65.com\/vi\/\",\"logo\":{\"@type\":\"ImageObject\",\"inLanguage\":\"vi-VN\",\"@id\":\"https:\/\/dmi65.com\/vi\/#\/schema\/logo\/image\/\",\"url\":\"https:\/\/dmi65.com\/wp-content\/uploads\/2020\/04\/dmi65.png\",\"contentUrl\":\"https:\/\/dmi65.com\/wp-content\/uploads\/2020\/04\/dmi65.png\",\"width\":440,\"height\":205,\"caption\":\"DMI-65 & Quantum Filtration Pty Ltd\"},\"image\":{\"@id\":\"https:\/\/dmi65.com\/vi\/#\/schema\/logo\/image\/\"},\"sameAs\":[\"https:\/\/www.linkedin.com\/company\/dmi-65\",\"https:\/\/www.youtube.com\/channel\/UCbXoMn5KBp2jrnx4KR_Qg4A\"]}]}<\/script>\n<!-- \/ Yoast SEO plugin. -->","yoast_head_json":{"title":"Ki\u1ec3m tra ph\u00f2ng th\u00ed nghi\u1ec7m - DMI-65\u00ae","robots":{"index":"noindex","follow":"follow"},"og_locale":"vi_VN","og_type":"article","og_title":"Ki\u1ec3m tra ph\u00f2ng th\u00ed nghi\u1ec7m - DMI-65\u00ae","og_description":"[vc_row][vc_column][vc_row_inner][vc_column_inner][vc_column_text] GI\u1ea4Y CH\u1ee8NG NH\u1eacN PH\u00c2N T\u00cdCH [\/vc_column_text][vc_btn title=&#8221;LO\u1ea0I B\u1ece ASEN TRONG TH\u1eec NGHI\u1ec6M N\u01af\u1edaC BORE&#8221; style=&#8221;outline-custom&#8221; outline_custom_color=&#8221;#dd4949&#8243; outline_custom_hover_background=&#8221;#dd2c2c&#8221; outline_custom_hover_text=&#8221;#ffffff&#8221; shape=&#8221;square&#8221; align=&#8221;left&#8221; i_icon_fontawesome=&#8221;fas fa-file-pdf&#8221; add_icon=&#8221;true&#8221; link=&#8221;url:%2Fwp-content%2Fuploads%2F2014%2F07%2FQuantum-Filtration-Arsenic-in-Bore-water-Removal-Trial-_1_2.pdf|&#8221;][vc_btn title=&#8221;C\u00c1C X\u00c9T NGHI\u1ec6M N\u01af\u1edaC M\u1ede R\u1ed8NG TR\u00caN N\u01af\u1edaC BORE&#8221; style=&#8221;outline-custom&#8221; outline_custom_color=&#8221;#dd4949&#8243; outline_custom_hover_background=&#8221;#dd2c2c&#8221; outline_custom_hover_text=&#8221;#ffffff&#8221; shape=&#8221;square&#8221; align=&#8221;left&#8221; i_icon_fontawesome=&#8221;fas fa-file-pdf&#8221; add_icon=&#8221;true&#8221; link=&#8221;url:%2Fwp-content%2Fuploads%2F2014%2F07%2FCertificate-of-Analysis-Water-SW-Health-Campus.pdf|&#8221;][vc_btn title=&#8221;S\u1eaeT D\u00d9NG TH\u1eec C\u00c1T MANGAN 1&#8243; style=&#8221;outline-custom&#8221; outline_custom_color=&#8221;#dd4949&#8243; outline_custom_hover_background=&#8221;#dd2c2c&#8221; outline_custom_hover_text=&#8221;#ffffff&#8221; shape=&#8221;square&#8221;&hellip;","og_url":"https:\/\/dmi65.com\/vi\/ky-thuat\/phong-thi-nghiem-thu-nghiem\/","og_site_name":"DMI-65\u00ae","article_modified_time":"2020-06-09T11:43:25+00:00","og_image":[{"width":466,"height":200,"url":"https:\/\/dmi65.com\/wp-content\/uploads\/2020\/06\/dmi65_Logo_Blk.png","type":"image\/png"}],"twitter_card":"summary_large_image","twitter_misc":{"Est. reading time":"1 minute"},"schema":{"@context":"https:\/\/schema.org","@graph":[{"@type":"WebPage","@id":"https:\/\/dmi65.com\/vi\/ky-thuat\/phong-thi-nghiem-thu-nghiem\/","url":"https:\/\/dmi65.com\/vi\/ky-thuat\/phong-thi-nghiem-thu-nghiem\/","name":"Ki\u1ec3m tra ph\u00f2ng th\u00ed nghi\u1ec7m - DMI-65\u00ae","isPartOf":{"@id":"https:\/\/dmi65.com\/vi\/#website"},"datePublished":"2020-06-09T11:43:23+00:00","dateModified":"2020-06-09T11:43:25+00:00","breadcrumb":{"@id":"https:\/\/dmi65.com\/vi\/ky-thuat\/phong-thi-nghiem-thu-nghiem\/#breadcrumb"},"inLanguage":"vi-VN","potentialAction":[{"@type":"ReadAction","target":["https:\/\/dmi65.com\/vi\/ky-thuat\/phong-thi-nghiem-thu-nghiem\/"]}]},{"@type":"BreadcrumbList","@id":"https:\/\/dmi65.com\/vi\/ky-thuat\/phong-thi-nghiem-thu-nghiem\/#breadcrumb","itemListElement":[{"@type":"ListItem","position":1,"name":"Home","item":"https:\/\/dmi65.com\/vi\/"},{"@type":"ListItem","position":2,"name":"K\u1ef9 thu\u1eadt","item":"https:\/\/dmi65.com\/vi\/ky-thuat\/"},{"@type":"ListItem","position":3,"name":"Ki\u1ec3m tra ph\u00f2ng th\u00ed nghi\u1ec7m"}]},{"@type":"WebSite","@id":"https:\/\/dmi65.com\/vi\/#website","url":"https:\/\/dmi65.com\/vi\/","name":"DMI-65\u00ae","description":"Water Filtration &amp; Reverse Osmosis Treatment, Catalytic Media","publisher":{"@id":"https:\/\/dmi65.com\/vi\/#organization"},"potentialAction":[{"@type":"SearchAction","target":{"@type":"EntryPoint","urlTemplate":"https:\/\/dmi65.com\/vi\/?s={search_term_string}"},"query-input":{"@type":"PropertyValueSpecification","valueRequired":true,"valueName":"search_term_string"}}],"inLanguage":"vi-VN"},{"@type":"Organization","@id":"https:\/\/dmi65.com\/vi\/#organization","name":"DMI-65 & Quantum Filtration Pty Ltd","url":"https:\/\/dmi65.com\/vi\/","logo":{"@type":"ImageObject","inLanguage":"vi-VN","@id":"https:\/\/dmi65.com\/vi\/#\/schema\/logo\/image\/","url":"https:\/\/dmi65.com\/wp-content\/uploads\/2020\/04\/dmi65.png","contentUrl":"https:\/\/dmi65.com\/wp-content\/uploads\/2020\/04\/dmi65.png","width":440,"height":205,"caption":"DMI-65 & Quantum Filtration Pty Ltd"},"image":{"@id":"https:\/\/dmi65.com\/vi\/#\/schema\/logo\/image\/"},"sameAs":["https:\/\/www.linkedin.com\/company\/dmi-65","https:\/\/www.youtube.com\/channel\/UCbXoMn5KBp2jrnx4KR_Qg4A"]}]}},"_links":{"self":[{"href":"https:\/\/dmi65.com\/vi\/wp-json\/wp\/v2\/pages\/6244","targetHints":{"allow":["GET"]}}],"collection":[{"href":"https:\/\/dmi65.com\/vi\/wp-json\/wp\/v2\/pages"}],"about":[{"href":"https:\/\/dmi65.com\/vi\/wp-json\/wp\/v2\/types\/page"}],"author":[{"embeddable":true,"href":"https:\/\/dmi65.com\/vi\/wp-json\/wp\/v2\/users\/1"}],"replies":[{"embeddable":true,"href":"https:\/\/dmi65.com\/vi\/wp-json\/wp\/v2\/comments?post=6244"}],"version-history":[{"count":0,"href":"https:\/\/dmi65.com\/vi\/wp-json\/wp\/v2\/pages\/6244\/revisions"}],"up":[{"embeddable":true,"href":"https:\/\/dmi65.com\/vi\/wp-json\/wp\/v2\/pages\/7172"}],"wp:attachment":[{"href":"https:\/\/dmi65.com\/vi\/wp-json\/wp\/v2\/media?parent=6244"}],"curies":[{"name":"wp","href":"https:\/\/api.w.org\/{rel}","templated":true}]}}