{"id":6164,"date":"2020-06-09T19:28:06","date_gmt":"2020-06-09T11:28:06","guid":{"rendered":"http:\/\/dmi65.com\/chung-nhan-chat-luong-nuoc\/"},"modified":"2020-06-09T19:28:12","modified_gmt":"2020-06-09T11:28:12","slug":"chung-nhan-chat-luong-nuoc","status":"publish","type":"page","link":"https:\/\/dmi65.com\/vi\/ky-thuat\/chung-nhan-chat-luong-nuoc\/","title":{"rendered":"Ch\u1ee9ng nh\u1eadn &amp; ch\u1ea5t l\u01b0\u1ee3ng n\u01b0\u1edbc"},"content":{"rendered":"<div class=\"wpb-content-wrapper\"><p>[vc_row][vc_column width=&#8221;2\/3&#8243;][vc_column_text]<\/p>\n<h4>Hi\u1ec7p h\u1ed9i ch\u1ea5t l\u01b0\u1ee3ng n\u01b0\u1edbc<\/h4>\n<p><strong>C\u00c1C TH\u00c0NH PH\u1ea6N H\u1ec6 TH\u1ed0NG N\u01af\u1edaC U\u1ed0NG \u0110\u01af\u1ee2C CH\u1ee8NG NH\u1eacN<\/strong><\/p>\n<p>NSF\/ANSI-61 (03\/05\/2012): C\u00e1c th\u00e0nh ph\u1ea7n h\u1ec7 th\u1ed1ng n\u01b0\u1edbc u\u1ed1ng \u2013 hi\u1ec7u \u1ee9ng s\u1ee9c kh\u1ecfe l\u00e0 trong v\u00f2ng WQA c\u1ee7a ANSI v\u00e0 SCC ph\u00ea duy\u1ec7t ph\u1ea1m vi c\u00f4ng nh\u1eadn theo ch\u01b0\u01a1ng tr\u00ecnh th\u00e0nh ph\u1ea7n h\u1ec7 th\u1ed1ng n\u01b0\u1edbc u\u1ed1ng<\/p>\n<p>Ti\u00eau chu\u1ea9n n\u00e0y thi\u1ebft l\u1eadp c\u00e1c y\u00eau c\u1ea7u v\u1ec1 hi\u1ec7u \u1ee9ng s\u1ee9c kh\u1ecfe t\u1ed1i thi\u1ec3u \u0111\u1ed1i v\u1edbi c\u00e1c ch\u1ea5t g\u00e2y \u00f4 nhi\u1ec5m h\u00f3a h\u1ecdc v\u00e0 c\u00e1c t\u1ea1p t\u00ednh \u0111\u01b0\u1ee3c truy\u1ec1n \u0111\u1ea1t gi\u00e1n ti\u1ebfp \u0111\u1ebfn n\u01b0\u1edbc u\u1ed1ng t\u1eeb c\u00e1c s\u1ea3n ph\u1ea9m, linh ki\u1ec7n v\u00e0 v\u1eadt li\u1ec7u \u0111\u01b0\u1ee3c s\u1eed d\u1ee5ng trong h\u1ec7 th\u1ed1ng n\u01b0\u1edbc u\u1ed1ng. Ti\u00eau chu\u1ea9n n\u00e0y kh\u00f4ng thi\u1ebft l\u1eadp hi\u1ec7u su\u1ea5t, h\u01b0\u01a1ng v\u1ecb v\u00e0 m\u00f9i h\u00f4i, ho\u1eb7c c\u00e1c y\u00eau c\u1ea7u h\u1ed7 tr\u1ee3 t\u0103ng tr\u01b0\u1edfng vi khu\u1ea9n cho c\u00e1c s\u1ea3n ph\u1ea9m H\u1ec7 th\u1ed1ng n\u01b0\u1edbc u\u1ed1ng, linh ki\u1ec7n, ho\u1eb7c v\u1eadt li\u1ec7u.<\/p>\n<p>S\u1ea3n ph\u1ea9m x\u1eed tr\u1ecb n\u01b0\u1edbc u\u1ed1ng \u0111\u01b0\u1ee3c ch\u1ee9ng nh\u1eadn NSF\/ANSI 61 ch\u01b0a ki\u1ec3m tra ho\u1eb7c \u0111\u00e1nh gi\u00e1 hi\u1ec7u su\u1ea5t gi\u1ea3m \u00f4 nhi\u1ec5m. Ki\u1ec3m tra v\u00e0 x\u00e1c nh\u1eadn ch\u1ea5t g\u00e2y \u00f4 nhi\u1ec5m s\u1ebd \u0111\u01b0\u1ee3c \u0111\u00e1nh gi\u00e1 qua c\u00e1c ti\u00eau chu\u1ea9n x\u1eed tr\u1ecb n\u01b0\u1edbc u\u1ed1ng c\u1ee7a ng\u00e0nh c\u00f4ng nghi\u1ec7p.<\/p>\n<p><strong>Anh v\u00e0 x\u1ee9 Wales<\/strong><\/p>\n<p><em>Theo quy \u0111\u1ecbnh 31 (4) (a) c\u1ee7a c\u1ea5p n\u01b0\u1edbc (ch\u1ea5t l\u01b0\u1ee3ng n\u01b0\u1edbc) quy \u0111\u1ecbnh 2010 SL s\u1ed1 994 (W. 99)<\/em>[\/vc_column_text][\/vc_column][vc_column width=&#8221;1\/3&#8243;][vc_single_image image=&#8221;4791&#8243; img_size=&#8221;full&#8221;][vc_single_image image=&#8221;5126&#8243; img_size=&#8221;full&#8221; onclick=&#8221;link_image&#8221;][\/vc_column][\/vc_row]<\/p>\n<\/div>","protected":false},"excerpt":{"rendered":"<p>[vc_row][vc_column width=&#8221;2\/3&#8243;][vc_column_text] Hi\u1ec7p h\u1ed9i ch\u1ea5t l\u01b0\u1ee3ng n\u01b0\u1edbc C\u00c1C TH\u00c0NH PH\u1ea6N H\u1ec6 TH\u1ed0NG N\u01af\u1edaC U\u1ed0NG \u0110\u01af\u1ee2C CH\u1ee8NG NH\u1eacN NSF\/ANSI-61 (03\/05\/2012): C\u00e1c th\u00e0nh ph\u1ea7n h\u1ec7 th\u1ed1ng n\u01b0\u1edbc u\u1ed1ng \u2013 hi\u1ec7u \u1ee9ng s\u1ee9c kh\u1ecfe l\u00e0 trong v\u00f2ng WQA c\u1ee7a ANSI v\u00e0 SCC ph\u00ea duy\u1ec7t ph\u1ea1m vi c\u00f4ng nh\u1eadn theo ch\u01b0\u01a1ng tr\u00ecnh th\u00e0nh ph\u1ea7n h\u1ec7 th\u1ed1ng n\u01b0\u1edbc u\u1ed1ng Ti\u00eau&hellip;<\/p>\n","protected":false},"author":1,"featured_media":0,"parent":7172,"menu_order":0,"comment_status":"closed","ping_status":"closed","template":"","meta":{"content-type":"","footnotes":""},"class_list":["post-6164","page","type-page","status-publish","hentry","description-off"],"yoast_head":"<!-- This site is optimized with the Yoast SEO plugin v25.2 - https:\/\/yoast.com\/wordpress\/plugins\/seo\/ -->\n<title>Ch\u1ee9ng nh\u1eadn &amp; ch\u1ea5t l\u01b0\u1ee3ng n\u01b0\u1edbc - DMI-65\u00ae<\/title>\n<meta name=\"robots\" content=\"index, follow, max-snippet:-1, max-image-preview:large, max-video-preview:-1\" \/>\n<link rel=\"canonical\" href=\"https:\/\/dmi65.com\/vi\/ky-thuat\/chung-nhan-chat-luong-nuoc\/\" \/>\n<meta property=\"og:locale\" content=\"vi_VN\" \/>\n<meta property=\"og:type\" content=\"article\" \/>\n<meta property=\"og:title\" content=\"Ch\u1ee9ng nh\u1eadn &amp; ch\u1ea5t l\u01b0\u1ee3ng n\u01b0\u1edbc - DMI-65\u00ae\" \/>\n<meta property=\"og:description\" content=\"[vc_row][vc_column width=&#8221;2\/3&#8243;][vc_column_text] Hi\u1ec7p h\u1ed9i ch\u1ea5t l\u01b0\u1ee3ng n\u01b0\u1edbc C\u00c1C TH\u00c0NH PH\u1ea6N H\u1ec6 TH\u1ed0NG N\u01af\u1edaC U\u1ed0NG \u0110\u01af\u1ee2C CH\u1ee8NG NH\u1eacN NSF\/ANSI-61 (03\/05\/2012): C\u00e1c th\u00e0nh ph\u1ea7n h\u1ec7 th\u1ed1ng n\u01b0\u1edbc u\u1ed1ng \u2013 hi\u1ec7u \u1ee9ng s\u1ee9c kh\u1ecfe l\u00e0 trong v\u00f2ng WQA c\u1ee7a ANSI v\u00e0 SCC ph\u00ea duy\u1ec7t ph\u1ea1m vi c\u00f4ng nh\u1eadn theo ch\u01b0\u01a1ng tr\u00ecnh th\u00e0nh ph\u1ea7n h\u1ec7 th\u1ed1ng n\u01b0\u1edbc u\u1ed1ng Ti\u00eau&hellip;\" \/>\n<meta property=\"og:url\" content=\"https:\/\/dmi65.com\/vi\/ky-thuat\/chung-nhan-chat-luong-nuoc\/\" \/>\n<meta property=\"og:site_name\" content=\"DMI-65\u00ae\" \/>\n<meta property=\"article:modified_time\" content=\"2020-06-09T11:28:12+00:00\" \/>\n<meta property=\"og:image\" content=\"https:\/\/dmi65.com\/wp-content\/uploads\/2020\/06\/dmi65_Logo_Blk.png\" \/>\n\t<meta property=\"og:image:width\" content=\"466\" \/>\n\t<meta property=\"og:image:height\" content=\"200\" \/>\n\t<meta property=\"og:image:type\" content=\"image\/png\" \/>\n<meta name=\"twitter:card\" content=\"summary_large_image\" \/>\n<meta name=\"twitter:label1\" content=\"Est. reading time\" \/>\n\t<meta name=\"twitter:data1\" content=\"2 minutes\" \/>\n<script type=\"application\/ld+json\" class=\"yoast-schema-graph\">{\"@context\":\"https:\/\/schema.org\",\"@graph\":[{\"@type\":\"WebPage\",\"@id\":\"https:\/\/dmi65.com\/vi\/ky-thuat\/chung-nhan-chat-luong-nuoc\/\",\"url\":\"https:\/\/dmi65.com\/vi\/ky-thuat\/chung-nhan-chat-luong-nuoc\/\",\"name\":\"Ch\u1ee9ng nh\u1eadn &amp; ch\u1ea5t l\u01b0\u1ee3ng n\u01b0\u1edbc - DMI-65\u00ae\",\"isPartOf\":{\"@id\":\"https:\/\/dmi65.com\/vi\/#website\"},\"datePublished\":\"2020-06-09T11:28:06+00:00\",\"dateModified\":\"2020-06-09T11:28:12+00:00\",\"breadcrumb\":{\"@id\":\"https:\/\/dmi65.com\/vi\/ky-thuat\/chung-nhan-chat-luong-nuoc\/#breadcrumb\"},\"inLanguage\":\"vi-VN\",\"potentialAction\":[{\"@type\":\"ReadAction\",\"target\":[\"https:\/\/dmi65.com\/vi\/ky-thuat\/chung-nhan-chat-luong-nuoc\/\"]}]},{\"@type\":\"BreadcrumbList\",\"@id\":\"https:\/\/dmi65.com\/vi\/ky-thuat\/chung-nhan-chat-luong-nuoc\/#breadcrumb\",\"itemListElement\":[{\"@type\":\"ListItem\",\"position\":1,\"name\":\"Home\",\"item\":\"https:\/\/dmi65.com\/vi\/\"},{\"@type\":\"ListItem\",\"position\":2,\"name\":\"K\u1ef9 thu\u1eadt\",\"item\":\"https:\/\/dmi65.com\/vi\/ky-thuat\/\"},{\"@type\":\"ListItem\",\"position\":3,\"name\":\"Ch\u1ee9ng nh\u1eadn &amp; ch\u1ea5t l\u01b0\u1ee3ng n\u01b0\u1edbc\"}]},{\"@type\":\"WebSite\",\"@id\":\"https:\/\/dmi65.com\/vi\/#website\",\"url\":\"https:\/\/dmi65.com\/vi\/\",\"name\":\"DMI-65\u00ae\",\"description\":\"Water Filtration &amp; Reverse Osmosis Treatment, Catalytic Media\",\"publisher\":{\"@id\":\"https:\/\/dmi65.com\/vi\/#organization\"},\"potentialAction\":[{\"@type\":\"SearchAction\",\"target\":{\"@type\":\"EntryPoint\",\"urlTemplate\":\"https:\/\/dmi65.com\/vi\/?s={search_term_string}\"},\"query-input\":{\"@type\":\"PropertyValueSpecification\",\"valueRequired\":true,\"valueName\":\"search_term_string\"}}],\"inLanguage\":\"vi-VN\"},{\"@type\":\"Organization\",\"@id\":\"https:\/\/dmi65.com\/vi\/#organization\",\"name\":\"DMI-65 & Quantum Filtration Pty Ltd\",\"url\":\"https:\/\/dmi65.com\/vi\/\",\"logo\":{\"@type\":\"ImageObject\",\"inLanguage\":\"vi-VN\",\"@id\":\"https:\/\/dmi65.com\/vi\/#\/schema\/logo\/image\/\",\"url\":\"https:\/\/dmi65.com\/wp-content\/uploads\/2020\/04\/dmi65.png\",\"contentUrl\":\"https:\/\/dmi65.com\/wp-content\/uploads\/2020\/04\/dmi65.png\",\"width\":440,\"height\":205,\"caption\":\"DMI-65 & Quantum Filtration Pty Ltd\"},\"image\":{\"@id\":\"https:\/\/dmi65.com\/vi\/#\/schema\/logo\/image\/\"},\"sameAs\":[\"https:\/\/www.linkedin.com\/company\/dmi-65\",\"https:\/\/www.youtube.com\/channel\/UCbXoMn5KBp2jrnx4KR_Qg4A\"]}]}<\/script>\n<!-- \/ Yoast SEO plugin. -->","yoast_head_json":{"title":"Ch\u1ee9ng nh\u1eadn &amp; ch\u1ea5t l\u01b0\u1ee3ng n\u01b0\u1edbc - DMI-65\u00ae","robots":{"index":"index","follow":"follow","max-snippet":"max-snippet:-1","max-image-preview":"max-image-preview:large","max-video-preview":"max-video-preview:-1"},"canonical":"https:\/\/dmi65.com\/vi\/ky-thuat\/chung-nhan-chat-luong-nuoc\/","og_locale":"vi_VN","og_type":"article","og_title":"Ch\u1ee9ng nh\u1eadn &amp; ch\u1ea5t l\u01b0\u1ee3ng n\u01b0\u1edbc - DMI-65\u00ae","og_description":"[vc_row][vc_column width=&#8221;2\/3&#8243;][vc_column_text] Hi\u1ec7p h\u1ed9i ch\u1ea5t l\u01b0\u1ee3ng n\u01b0\u1edbc C\u00c1C TH\u00c0NH PH\u1ea6N H\u1ec6 TH\u1ed0NG N\u01af\u1edaC U\u1ed0NG \u0110\u01af\u1ee2C CH\u1ee8NG NH\u1eacN NSF\/ANSI-61 (03\/05\/2012): C\u00e1c th\u00e0nh ph\u1ea7n h\u1ec7 th\u1ed1ng n\u01b0\u1edbc u\u1ed1ng \u2013 hi\u1ec7u \u1ee9ng s\u1ee9c kh\u1ecfe l\u00e0 trong v\u00f2ng WQA c\u1ee7a ANSI v\u00e0 SCC ph\u00ea duy\u1ec7t ph\u1ea1m vi c\u00f4ng nh\u1eadn theo ch\u01b0\u01a1ng tr\u00ecnh th\u00e0nh ph\u1ea7n h\u1ec7 th\u1ed1ng n\u01b0\u1edbc u\u1ed1ng Ti\u00eau&hellip;","og_url":"https:\/\/dmi65.com\/vi\/ky-thuat\/chung-nhan-chat-luong-nuoc\/","og_site_name":"DMI-65\u00ae","article_modified_time":"2020-06-09T11:28:12+00:00","og_image":[{"width":466,"height":200,"url":"https:\/\/dmi65.com\/wp-content\/uploads\/2020\/06\/dmi65_Logo_Blk.png","type":"image\/png"}],"twitter_card":"summary_large_image","twitter_misc":{"Est. reading time":"2 minutes"},"schema":{"@context":"https:\/\/schema.org","@graph":[{"@type":"WebPage","@id":"https:\/\/dmi65.com\/vi\/ky-thuat\/chung-nhan-chat-luong-nuoc\/","url":"https:\/\/dmi65.com\/vi\/ky-thuat\/chung-nhan-chat-luong-nuoc\/","name":"Ch\u1ee9ng nh\u1eadn &amp; ch\u1ea5t l\u01b0\u1ee3ng n\u01b0\u1edbc - DMI-65\u00ae","isPartOf":{"@id":"https:\/\/dmi65.com\/vi\/#website"},"datePublished":"2020-06-09T11:28:06+00:00","dateModified":"2020-06-09T11:28:12+00:00","breadcrumb":{"@id":"https:\/\/dmi65.com\/vi\/ky-thuat\/chung-nhan-chat-luong-nuoc\/#breadcrumb"},"inLanguage":"vi-VN","potentialAction":[{"@type":"ReadAction","target":["https:\/\/dmi65.com\/vi\/ky-thuat\/chung-nhan-chat-luong-nuoc\/"]}]},{"@type":"BreadcrumbList","@id":"https:\/\/dmi65.com\/vi\/ky-thuat\/chung-nhan-chat-luong-nuoc\/#breadcrumb","itemListElement":[{"@type":"ListItem","position":1,"name":"Home","item":"https:\/\/dmi65.com\/vi\/"},{"@type":"ListItem","position":2,"name":"K\u1ef9 thu\u1eadt","item":"https:\/\/dmi65.com\/vi\/ky-thuat\/"},{"@type":"ListItem","position":3,"name":"Ch\u1ee9ng nh\u1eadn &amp; ch\u1ea5t l\u01b0\u1ee3ng n\u01b0\u1edbc"}]},{"@type":"WebSite","@id":"https:\/\/dmi65.com\/vi\/#website","url":"https:\/\/dmi65.com\/vi\/","name":"DMI-65\u00ae","description":"Water Filtration &amp; Reverse Osmosis Treatment, Catalytic Media","publisher":{"@id":"https:\/\/dmi65.com\/vi\/#organization"},"potentialAction":[{"@type":"SearchAction","target":{"@type":"EntryPoint","urlTemplate":"https:\/\/dmi65.com\/vi\/?s={search_term_string}"},"query-input":{"@type":"PropertyValueSpecification","valueRequired":true,"valueName":"search_term_string"}}],"inLanguage":"vi-VN"},{"@type":"Organization","@id":"https:\/\/dmi65.com\/vi\/#organization","name":"DMI-65 & Quantum Filtration Pty Ltd","url":"https:\/\/dmi65.com\/vi\/","logo":{"@type":"ImageObject","inLanguage":"vi-VN","@id":"https:\/\/dmi65.com\/vi\/#\/schema\/logo\/image\/","url":"https:\/\/dmi65.com\/wp-content\/uploads\/2020\/04\/dmi65.png","contentUrl":"https:\/\/dmi65.com\/wp-content\/uploads\/2020\/04\/dmi65.png","width":440,"height":205,"caption":"DMI-65 & Quantum Filtration Pty Ltd"},"image":{"@id":"https:\/\/dmi65.com\/vi\/#\/schema\/logo\/image\/"},"sameAs":["https:\/\/www.linkedin.com\/company\/dmi-65","https:\/\/www.youtube.com\/channel\/UCbXoMn5KBp2jrnx4KR_Qg4A"]}]}},"_links":{"self":[{"href":"https:\/\/dmi65.com\/vi\/wp-json\/wp\/v2\/pages\/6164","targetHints":{"allow":["GET"]}}],"collection":[{"href":"https:\/\/dmi65.com\/vi\/wp-json\/wp\/v2\/pages"}],"about":[{"href":"https:\/\/dmi65.com\/vi\/wp-json\/wp\/v2\/types\/page"}],"author":[{"embeddable":true,"href":"https:\/\/dmi65.com\/vi\/wp-json\/wp\/v2\/users\/1"}],"replies":[{"embeddable":true,"href":"https:\/\/dmi65.com\/vi\/wp-json\/wp\/v2\/comments?post=6164"}],"version-history":[{"count":0,"href":"https:\/\/dmi65.com\/vi\/wp-json\/wp\/v2\/pages\/6164\/revisions"}],"up":[{"embeddable":true,"href":"https:\/\/dmi65.com\/vi\/wp-json\/wp\/v2\/pages\/7172"}],"wp:attachment":[{"href":"https:\/\/dmi65.com\/vi\/wp-json\/wp\/v2\/media?parent=6164"}],"curies":[{"name":"wp","href":"https:\/\/api.w.org\/{rel}","templated":true}]}}