{"id":10002,"date":"2020-08-11T15:07:12","date_gmt":"2020-08-11T07:07:12","guid":{"rendered":"https:\/\/dmi65.com\/vung\/nuoc-uong-dong-nam-a\/"},"modified":"2020-08-11T15:07:23","modified_gmt":"2020-08-11T07:07:23","slug":"nuoc-uong-dong-nam-a","status":"publish","type":"page","link":"https:\/\/dmi65.com\/vi\/vung\/nuoc-uong-dong-nam-a\/","title":{"rendered":"N\u01b0\u1edbc u\u1ed1ng \u0111\u00f4ng nam \u00e1"},"content":{"rendered":"<div class=\"wpb-content-wrapper\"><p>[vc_row][vc_column][vc_column_text]N\u01b0\u1edbc u\u1ed1ng \u0111\u00f4ng nam \u00e1: <a href=\"https:\/\/en.wikipedia.org\/wiki\/Southeast_Asia\" target=\"_blank\" rel=\"noopener noreferrer\">\u0111\u00f4ng nam \u00e1<\/a> l\u00e0 m\u1ed9t trong nh\u1eefng khu v\u1ef1c n\u0103ng \u0111\u1ed9ng v\u1ec1 kinh t\u1ebf nh\u1ea5t th\u1ebf gi\u1edbi, c\u0169ng nh\u01b0, m\u1ed9t trong nh\u1eefng khu v\u1ef1c d\u1ec5 b\u1ecb t\u1ed5n th\u01b0\u01a1ng nh\u1ea5t \u0111\u1ebfn \u1ea3nh h\u01b0\u1edfng c\u1ee7a bi\u1ebfn \u0111\u1ed5i kh\u00ed h\u1eadu. C\u00e1c th\u00e0nh ph\u1ed1 ph\u00e1t tri\u1ec3n nhanh \u1edf \u0111\u00f4ng nam \u00e1 c\u00f3 \u0111\u1ed3ng th\u1eddi gi\u1ea3i quy\u1ebft c\u00e1c c\u1ea5p \u0111\u1ed9 kh\u00e1c nhau c\u1ee7a c\u00e1c th\u00e1ch th\u1ee9c n\u01b0\u1edbc, ch\u1eb3ng h\u1ea1n nh\u01b0 t\u0103ng truy c\u1eadp v\u00e0o n\u01b0\u1edbc u\u1ed1ng v\u00e0 v\u1ec7 sinh v\u00e0 l\u1eadp k\u1ebf ho\u1ea1ch cho gia t\u0103ng l\u0169 l\u1ee5t, \u1edf m\u1ee9c thu nh\u1eadp th\u1ea5p h\u01a1n so v\u1edbi kinh nghi\u1ec7m c\u1ee7a c\u00e1c th\u00e0nh ph\u1ed1 \u1edf mi\u1ec1n b\u1eafc to\u00e0n c\u1ea7u. Ch\u1ea5t l\u01b0\u1ee3ng n\u01b0\u1edbc \u0111\u00e3 n\u1ed5i l\u00ean nh\u01b0 l\u00e0 m\u1ed1i quan t\u00e2m an ninh n\u01b0\u1edbc trong t\u01b0\u01a1ng lai c\u1ee7a to\u00e0n b\u1ed9 khu v\u1ef1c. C\u1ee5 th\u1ec3 h\u01a1n, c\u00e1c th\u1ea3m h\u1ecda m\u00e3nh li\u1ec7t h\u01a1n, \u0111\u1eb7c bi\u1ec7t l\u00e0 l\u0169 l\u1ee5t, c\u00f3 kh\u1ea3 n\u0103ng gi\u1ea3m ch\u1ea5t l\u01b0\u1ee3ng n\u01b0\u1edbc \u1edf c\u00e1c n\u01b0\u1edbc Indonesia, Philippines, Vi\u1ec7t Nam, Malaysia, v\u00e0 Th\u00e1i Lan ngay sau s\u1ef1 ki\u1ec7n, c\u0169ng nh\u01b0 trong m\u1ed9t th\u1eddi gian d\u00e0i th\u00f4ng qua thi\u1ec7t h\u1ea1i c\u01a1 s\u1edf h\u1ea1 t\u1ea7ng.<\/p>\n<p>N\u01b0\u1edbc u\u1ed1ng trong khu v\u1ef1c \u0111\u00f4 th\u1ecb th\u01b0\u1eddng c\u00f3 ngu\u1ed3n g\u1ed1c t\u1eeb n\u01b0\u1edbc m\u1eb7t \u1edf L\u00e0o, Myanma v\u00e0 Malaysia. Ng\u01b0\u1ee3c l\u1ea1i, ph\u1ea7n l\u1edbn ng\u01b0\u1eddi s\u1eed d\u1ee5ng n\u01b0\u1edbc \u1edf Campuchia ph\u1ee5 thu\u1ed9c v\u00e0o n\u01b0\u1edbc ng\u1ea7m nh\u01b0 l\u00e0 ngu\u1ed3n th\u1ee9c u\u1ed1ng ch\u00ednh c\u1ee7a h\u1ecd, dao \u0111\u1ed9ng t\u1eeb kho\u1ea3ng 20% trong \u0111\u00f4 th\u1ecb v\u00e0 50% t\u1ea1i c\u00e1c khu v\u1ef1c n\u00f4ng th\u00f4n \u1edf Campuchia \u0111\u1ebfn \u00edt nh\u1ea5t 90% \u1edf c\u1ea3 hai khu v\u1ef1c \u0111\u00f4 th\u1ecb v\u00e0 n\u00f4ng th\u00f4n \u1edf Indonesia. Tr\u00ean kh\u1eafp khu v\u1ef1c, vi\u1ec7c s\u1eed d\u1ee5ng n\u01b0\u1edbc ng\u1ea7m l\u00e0 ph\u1ed5 bi\u1ebfn trong s\u1ed1 nh\u1eefng ng\u01b0\u1eddi d\u00f9ng n\u1ed9i \u0111\u1ecba \u1edf c\u00e1c v\u00f9ng n\u00f4ng th\u00f4n v\u00e0 \u0111ang gia t\u0103ng do nhu c\u1ea7u t\u1eeb m\u1ed9t d\u00e2n s\u1ed1 ng\u00e0y c\u00e0ng t\u0103ng, c\u0169ng nh\u01b0 nhu c\u1ea7u theo m\u00f9a trong m\u00f9a h\u00e8. Vi\u1ec7c s\u1eed d\u1ee5ng gia t\u0103ng c\u00e1c m\u00e1y b\u01a1m n\u01b0\u1edbc \u0111i\u1ec7n kh\u00ed \u0111\u1ec3 s\u1eed d\u1ee5ng trong n\u01b0\u1edbc c\u0169ng c\u00f3 th\u1ec3 l\u00e0m t\u0103ng t\u1ef7 l\u1ec7 khai th\u00e1c \u0111\u1ea5t ng\u1ea7m. V\u1ea5n \u0111\u1ec1 ch\u1ea5t l\u01b0\u1ee3ng ch\u00ednh \u0111\u1ed1i v\u1edbi n\u01b0\u1edbc ng\u1ea7m n\u1ed9i \u0111\u1ecba l\u00e0 s\u1ef1 \u00f4 nhi\u1ec5m t\u1eeb th\u1ea3i v\u00e0 r\u00f2 r\u1ec9 c\u00e1c c\u01a1 s\u1edf v\u1ec7 sinh trong khu\u00f4n vi\u00ean. C\u00e1c v\u1ea5n \u0111\u1ec1 ch\u1ea5t l\u01b0\u1ee3ng quan tr\u1ecdng kh\u00e1c l\u00e0 \u00f4 nhi\u1ec5m t\u1eeb thu\u1ed1c tr\u1eeb s\u00e2u, ngu\u1ed3n c\u00f4ng nghi\u1ec7p v\u00e0 x\u00e2m nh\u1eadp m\u1eb7n. M\u1ed9t s\u1ed1 d\u00e2n s\u1ed1 \u0111\u00e3 ph\u1ea3n \u1ee9ng v\u1edbi nh\u1eefng v\u1ea5n \u0111\u1ec1 n\u00e0y b\u1eb1ng c\u00e1ch khai th\u00e1c m\u1ee9c \u0111\u1ed9 s\u00e2u h\u01a1n c\u1ee7a n\u01b0\u1edbc ng\u1ea7m. \u00d4 nhi\u1ec5m n\u01b0\u1edbc b\u1ec1 m\u1eb7t trong khu v\u1ef1c c\u0169ng \u0111\u00e3 \u0111\u01b0\u1ee3c t\u00ecm th\u1ea5y \u0111\u1ec3 t\u00e1c \u0111\u1ed9ng \u0111\u1ebfn ch\u1ea5t l\u01b0\u1ee3ng ng\u1ea7m \u0111\u00e1ng k\u1ec3.<\/p>\n<p>Ngay c\u1ea3 nh\u1eefng qu\u1ed1c gia \u00edt ti\u1ebfp x\u00fac v\u1edbi c\u00e1c s\u1ef1 ki\u1ec7n Thi\u00ean tai, an ninh n\u01b0\u1edbc v\u1eabn l\u00e0 m\u1ed9t m\u1ed1i quan t\u00e2m l\u1edbn, v\u00ec h\u1ecd ph\u1ea3i x\u00e2y d\u1ef1ng n\u0103ng l\u1ef1c \u0111\u1ec3 \u0111\u1ecba ch\u1ec9 s\u1ed1 l\u01b0\u1ee3ng n\u01b0\u1edbc v\u00e0 th\u00e1ch th\u1ee9c ch\u1ea5t l\u01b0\u1ee3ng, \u0111\u1eb7c bi\u1ec7t l\u00e0 trong m\u00f9a kh\u00f4. T\u1ea7m quan tr\u1ecdng c\u1ee7a ch\u1ea5t l\u01b0\u1ee3ng n\u01b0\u1edbc trong vi\u1ec7c \u0111\u1ea3m b\u1ea3o an ninh n\u01b0\u1edbc tr\u00ean kh\u1eafp \u0111\u00f4ng nam \u00e1 cho th\u1ea5y r\u1eb1ng c\u1ea7n ph\u1ea3i t\u1eadp trung c\u00e1c d\u1ef1 \u00e1n ph\u00e1t tri\u1ec3n li\u00ean quan \u0111\u1ebfn n\u01b0\u1edbc trong t\u01b0\u01a1ng lai \u0111\u01b0\u1ee3c ti\u1ebfn h\u00e0nh trong khu v\u1ef1c \u1edf m\u1ecdi c\u1ea5p \u0111\u1ed9. X\u00e2y d\u1ef1ng s\u1ef1 m\u1ea1nh m\u1ebd c\u1ee7a c\u01a1 s\u1edf h\u1ea1 t\u1ea7ng n\u01b0\u1edbc \u0111\u1ebfn c\u00e1c s\u1ef1 ki\u1ec7n Thi\u00ean tai v\u00e0 l\u1eadp k\u1ebf ho\u1ea1ch v\u1ec7 sinh \u0111\u1ec3 bao g\u1ed3m c\u00e1c khu v\u1ef1c \u0111\u00f4 th\u1ecb m\u1edf r\u1ed9ng s\u1ebd r\u1ea5t quan tr\u1ecdng \u0111\u1ec3 \u0111\u1ea3m b\u1ea3o an ninh n\u01b0\u1edbc trong t\u01b0\u01a1ng lai v\u1ec1 ch\u1ea5t l\u01b0\u1ee3ng n\u01b0\u1edbc tr\u00ean to\u00e0n khu v\u1ef1c. Hai h\u00e0nh \u0111\u1ed9ng n\u00e0y s\u1ebd \u0111\u01b0\u1ee3c n\u1ed5i b\u1eadt cho s\u1ef1 ph\u00e1t tri\u1ec3n b\u1ec1n v\u1eefng c\u1ee7a c\u1ea3 hai th\u00e0nh ph\u1ed1 \u0111ang l\u00ean c\u1ee7a khu v\u1ef1c v\u00e0 th\u00e0nh l\u1eadp c\u00e1c khu v\u1ef1c \u0111\u00f4 th\u1ecb Mega.<\/p>\n<p><b>DMI-65 c\u00f3 th\u1ec3 gi\u00fap \u0111\u1ea1t \u0111\u01b0\u1ee3c an ninh n\u01b0\u1edbc, trong su\u1ed1t to\u00e0n b\u1ed9 khu v\u1ef1c \u0111\u00f4ng nam \u00e1.<\/b> B\u1edfi \u0111\u01b0\u1ee3c s\u1eed d\u1ee5ng trong nh\u00e0 m\u00e1y x\u1eed tr\u1ecb n\u01b0\u1edbc th\u00e0nh ph\u1ed1 v\u00e0 c\u00e1c b\u1ed9 l\u1ecdc th\u01b0\u01a1ng m\u1ea1i, phi\u1ec1n to\u00e1i kim lo\u1ea1i n\u1eb7ng c\u00f3 th\u1ec3 \u0111\u01b0\u1ee3c g\u1ee1 b\u1ecf. \u0110i\u1ec1u n\u00e0y s\u1ebd gi\u00fap c\u1ea3i thi\u1ec7n ch\u1ea5t l\u01b0\u1ee3ng n\u01b0\u1edbc t\u1ed5ng th\u1ec3 v\u00e0 cung c\u1ea5p ngu\u1ed3n n\u01b0\u1edbc s\u1ea1ch cho c\u00e1c c\u1ed9ng \u0111\u1ed3ng \u0111\u1ecba ph\u01b0\u01a1ng trong khu v\u1ef1c.<\/p>\n<p>[\/vc_column_text][\/vc_column][\/vc_row][vc_row content_placement=&#8221;middle&#8221; css=&#8221;.vc_custom_1592794121420{padding-top: 20px !important;padding-right: 20px !important;padding-bottom: 5px !important;padding-left: 20px !important;}&#8221; el_class=&#8221;cta&#8221;][vc_column]<div class=\"dt-fancy-separator\" style=\"width: 100%;\"><div class=\"dt-fancy-title\"><span class=\"separator-holder separator-left\"><\/span>H\u1ecfi th\u0103m \u0111\u1ec3 t\u00ecm hi\u1ec3u c\u00e1ch DMI-65\u00ae ph\u01b0\u01a1ng ti\u1ec7n truy\u1ec1n th\u00f4ng l\u1ecdc c\u00f3 th\u1ec3 h\u1ed7 tr\u1ee3 v\u1edbi n\u01b0\u1edbc u\u1ed1ng cho \u0111\u00f4ng nam \u00e1.<span class=\"separator-holder separator-right\"><\/span><\/div><\/div>[vc_btn title=&#8221;H\u1ecfi&#8221; style=&#8221;custom&#8221; custom_background=&#8221;#162441&#8243; custom_text=&#8221;#ffffff&#8221; shape=&#8221;square&#8221; size=&#8221;lg&#8221; align=&#8221;center&#8221; i_align=&#8221;right&#8221; i_icon_fontawesome=&#8221;fas fa-chevron-right&#8221; add_icon=&#8221;true&#8221; css=&#8221;.vc_custom_1592793128520{margin-top: 20px !important;}&#8221; el_class=&#8221;ctaButton sg-popup-id-8233&#8243;][\/vc_column][\/vc_row][vc_row][vc_column][vc_empty_space]<div class=\"dt-fancy-separator title-left\" style=\"width: 100%;\"><div class=\"dt-fancy-title\"><span class=\"separator-holder separator-left\"><\/span>Nghi\u00ean c\u1ee9u tr\u01b0\u1eddng h\u1ee3p \u0111\u00f4ng nam \u00e1<span class=\"separator-holder separator-right\"><\/span><\/div><\/div>[vc_empty_space][\/vc_column][\/vc_row][vc_row][vc_column][vc_basic_grid post_type=&#8221;post&#8221; max_items=&#8221;4&#8243; element_width=&#8221;6&#8243; item=&#8221;masonryGrid_Default&#8221; grid_id=&#8221;vc_gid:1597129153488-2b5893f5-76e2-7&#8243; taxonomies=&#8221;1409&#8243;][\/vc_column][\/vc_row]<\/p>\n<\/div>","protected":false},"excerpt":{"rendered":"<p>[vc_row][vc_column][vc_column_text]N\u01b0\u1edbc u\u1ed1ng \u0111\u00f4ng nam \u00e1: \u0111\u00f4ng nam \u00e1 l\u00e0 m\u1ed9t trong nh\u1eefng khu v\u1ef1c n\u0103ng \u0111\u1ed9ng v\u1ec1 kinh t\u1ebf nh\u1ea5t th\u1ebf gi\u1edbi, c\u0169ng nh\u01b0, m\u1ed9t trong nh\u1eefng khu v\u1ef1c d\u1ec5 b\u1ecb t\u1ed5n th\u01b0\u01a1ng nh\u1ea5t \u0111\u1ebfn \u1ea3nh h\u01b0\u1edfng c\u1ee7a bi\u1ebfn \u0111\u1ed5i kh\u00ed h\u1eadu. C\u00e1c th\u00e0nh ph\u1ed1 ph\u00e1t tri\u1ec3n nhanh \u1edf \u0111\u00f4ng nam \u00e1 c\u00f3 \u0111\u1ed3ng th\u1eddi&hellip;<\/p>\n","protected":false},"author":1,"featured_media":0,"parent":7178,"menu_order":0,"comment_status":"closed","ping_status":"closed","template":"","meta":{"content-type":"","footnotes":""},"class_list":["post-10002","page","type-page","status-publish","hentry","description-off"],"yoast_head":"<!-- This site is optimized with the Yoast SEO plugin v25.2 - https:\/\/yoast.com\/wordpress\/plugins\/seo\/ -->\n<title>N\u01b0\u1edbc u\u1ed1ng \u0111\u00f4ng nam \u00e1 v\u1edbi l\u1ecdc Media - sitename%%<\/title>\n<meta name=\"description\" content=\"DMI-65 c\u00f3 th\u1ec3 gi\u00fap \u0111\u1ea1t \u0111\u01b0\u1ee3c an ninh n\u01b0\u1edbc, trong to\u00e0n b\u1ed9 khu v\u1ef1c \u0111\u00f4ng nam \u00e1, lo\u1ea1i b\u1ecf c\u00e1c kim lo\u1ea1i n\u1eb7ng \u0111\u1ec3 u\u1ed1ng ch\u1ea5t l\u01b0\u1ee3ng n\u01b0\u1edbc.\" \/>\n<meta name=\"robots\" content=\"index, follow, max-snippet:-1, max-image-preview:large, max-video-preview:-1\" \/>\n<link rel=\"canonical\" href=\"https:\/\/dmi65.com\/vi\/vung\/nuoc-uong-dong-nam-a\/\" \/>\n<meta property=\"og:locale\" content=\"vi_VN\" \/>\n<meta property=\"og:type\" content=\"article\" \/>\n<meta property=\"og:title\" content=\"N\u01b0\u1edbc u\u1ed1ng \u0111\u00f4ng nam \u00e1 v\u1edbi l\u1ecdc Media - sitename%%\" \/>\n<meta property=\"og:description\" content=\"DMI-65 c\u00f3 th\u1ec3 gi\u00fap \u0111\u1ea1t \u0111\u01b0\u1ee3c an ninh n\u01b0\u1edbc, trong to\u00e0n b\u1ed9 khu v\u1ef1c \u0111\u00f4ng nam \u00e1, lo\u1ea1i b\u1ecf c\u00e1c kim lo\u1ea1i n\u1eb7ng \u0111\u1ec3 u\u1ed1ng ch\u1ea5t l\u01b0\u1ee3ng n\u01b0\u1edbc.\" \/>\n<meta property=\"og:url\" content=\"https:\/\/dmi65.com\/vi\/vung\/nuoc-uong-dong-nam-a\/\" \/>\n<meta property=\"og:site_name\" content=\"DMI-65\u00ae\" \/>\n<meta property=\"article:modified_time\" content=\"2020-08-11T07:07:23+00:00\" \/>\n<meta property=\"og:image\" content=\"https:\/\/dmi65.com\/wp-content\/uploads\/2020\/06\/dmi65_Logo_Blk.png\" \/>\n\t<meta property=\"og:image:width\" content=\"466\" \/>\n\t<meta property=\"og:image:height\" content=\"200\" \/>\n\t<meta property=\"og:image:type\" content=\"image\/png\" \/>\n<meta name=\"twitter:card\" content=\"summary_large_image\" \/>\n<meta name=\"twitter:label1\" content=\"Est. reading time\" \/>\n\t<meta name=\"twitter:data1\" content=\"6 minutes\" \/>\n<script type=\"application\/ld+json\" class=\"yoast-schema-graph\">{\"@context\":\"https:\/\/schema.org\",\"@graph\":[{\"@type\":\"WebPage\",\"@id\":\"https:\/\/dmi65.com\/vi\/vung\/nuoc-uong-dong-nam-a\/\",\"url\":\"https:\/\/dmi65.com\/vi\/vung\/nuoc-uong-dong-nam-a\/\",\"name\":\"N\u01b0\u1edbc u\u1ed1ng \u0111\u00f4ng nam \u00e1 v\u1edbi l\u1ecdc Media - sitename%%\",\"isPartOf\":{\"@id\":\"https:\/\/dmi65.com\/vi\/#website\"},\"datePublished\":\"2020-08-11T07:07:12+00:00\",\"dateModified\":\"2020-08-11T07:07:23+00:00\",\"description\":\"DMI-65 c\u00f3 th\u1ec3 gi\u00fap \u0111\u1ea1t \u0111\u01b0\u1ee3c an ninh n\u01b0\u1edbc, trong to\u00e0n b\u1ed9 khu v\u1ef1c \u0111\u00f4ng nam \u00e1, lo\u1ea1i b\u1ecf c\u00e1c kim lo\u1ea1i n\u1eb7ng \u0111\u1ec3 u\u1ed1ng ch\u1ea5t l\u01b0\u1ee3ng n\u01b0\u1edbc.\",\"breadcrumb\":{\"@id\":\"https:\/\/dmi65.com\/vi\/vung\/nuoc-uong-dong-nam-a\/#breadcrumb\"},\"inLanguage\":\"vi-VN\",\"potentialAction\":[{\"@type\":\"ReadAction\",\"target\":[\"https:\/\/dmi65.com\/vi\/vung\/nuoc-uong-dong-nam-a\/\"]}]},{\"@type\":\"BreadcrumbList\",\"@id\":\"https:\/\/dmi65.com\/vi\/vung\/nuoc-uong-dong-nam-a\/#breadcrumb\",\"itemListElement\":[{\"@type\":\"ListItem\",\"position\":1,\"name\":\"Home\",\"item\":\"https:\/\/dmi65.com\/vi\/\"},{\"@type\":\"ListItem\",\"position\":2,\"name\":\"V\u00f9ng\",\"item\":\"https:\/\/dmi65.com\/vi\/vung\/\"},{\"@type\":\"ListItem\",\"position\":3,\"name\":\"N\u01b0\u1edbc u\u1ed1ng \u0111\u00f4ng nam \u00e1\"}]},{\"@type\":\"WebSite\",\"@id\":\"https:\/\/dmi65.com\/vi\/#website\",\"url\":\"https:\/\/dmi65.com\/vi\/\",\"name\":\"DMI-65\u00ae\",\"description\":\"Water Filtration &amp; Reverse Osmosis Treatment, Catalytic Media\",\"publisher\":{\"@id\":\"https:\/\/dmi65.com\/vi\/#organization\"},\"potentialAction\":[{\"@type\":\"SearchAction\",\"target\":{\"@type\":\"EntryPoint\",\"urlTemplate\":\"https:\/\/dmi65.com\/vi\/?s={search_term_string}\"},\"query-input\":{\"@type\":\"PropertyValueSpecification\",\"valueRequired\":true,\"valueName\":\"search_term_string\"}}],\"inLanguage\":\"vi-VN\"},{\"@type\":\"Organization\",\"@id\":\"https:\/\/dmi65.com\/vi\/#organization\",\"name\":\"DMI-65 & Quantum Filtration Pty Ltd\",\"url\":\"https:\/\/dmi65.com\/vi\/\",\"logo\":{\"@type\":\"ImageObject\",\"inLanguage\":\"vi-VN\",\"@id\":\"https:\/\/dmi65.com\/vi\/#\/schema\/logo\/image\/\",\"url\":\"https:\/\/dmi65.com\/wp-content\/uploads\/2020\/04\/dmi65.png\",\"contentUrl\":\"https:\/\/dmi65.com\/wp-content\/uploads\/2020\/04\/dmi65.png\",\"width\":440,\"height\":205,\"caption\":\"DMI-65 & Quantum Filtration Pty Ltd\"},\"image\":{\"@id\":\"https:\/\/dmi65.com\/vi\/#\/schema\/logo\/image\/\"},\"sameAs\":[\"https:\/\/www.linkedin.com\/company\/dmi-65\",\"https:\/\/www.youtube.com\/channel\/UCbXoMn5KBp2jrnx4KR_Qg4A\"]}]}<\/script>\n<!-- \/ Yoast SEO plugin. -->","yoast_head_json":{"title":"N\u01b0\u1edbc u\u1ed1ng \u0111\u00f4ng nam \u00e1 v\u1edbi l\u1ecdc Media - sitename%%","description":"DMI-65 c\u00f3 th\u1ec3 gi\u00fap \u0111\u1ea1t \u0111\u01b0\u1ee3c an ninh n\u01b0\u1edbc, trong to\u00e0n b\u1ed9 khu v\u1ef1c \u0111\u00f4ng nam \u00e1, lo\u1ea1i b\u1ecf c\u00e1c kim lo\u1ea1i n\u1eb7ng \u0111\u1ec3 u\u1ed1ng ch\u1ea5t l\u01b0\u1ee3ng n\u01b0\u1edbc.","robots":{"index":"index","follow":"follow","max-snippet":"max-snippet:-1","max-image-preview":"max-image-preview:large","max-video-preview":"max-video-preview:-1"},"canonical":"https:\/\/dmi65.com\/vi\/vung\/nuoc-uong-dong-nam-a\/","og_locale":"vi_VN","og_type":"article","og_title":"N\u01b0\u1edbc u\u1ed1ng \u0111\u00f4ng nam \u00e1 v\u1edbi l\u1ecdc Media - sitename%%","og_description":"DMI-65 c\u00f3 th\u1ec3 gi\u00fap \u0111\u1ea1t \u0111\u01b0\u1ee3c an ninh n\u01b0\u1edbc, trong to\u00e0n b\u1ed9 khu v\u1ef1c \u0111\u00f4ng nam \u00e1, lo\u1ea1i b\u1ecf c\u00e1c kim lo\u1ea1i n\u1eb7ng \u0111\u1ec3 u\u1ed1ng ch\u1ea5t l\u01b0\u1ee3ng n\u01b0\u1edbc.","og_url":"https:\/\/dmi65.com\/vi\/vung\/nuoc-uong-dong-nam-a\/","og_site_name":"DMI-65\u00ae","article_modified_time":"2020-08-11T07:07:23+00:00","og_image":[{"width":466,"height":200,"url":"https:\/\/dmi65.com\/wp-content\/uploads\/2020\/06\/dmi65_Logo_Blk.png","type":"image\/png"}],"twitter_card":"summary_large_image","twitter_misc":{"Est. reading time":"6 minutes"},"schema":{"@context":"https:\/\/schema.org","@graph":[{"@type":"WebPage","@id":"https:\/\/dmi65.com\/vi\/vung\/nuoc-uong-dong-nam-a\/","url":"https:\/\/dmi65.com\/vi\/vung\/nuoc-uong-dong-nam-a\/","name":"N\u01b0\u1edbc u\u1ed1ng \u0111\u00f4ng nam \u00e1 v\u1edbi l\u1ecdc Media - sitename%%","isPartOf":{"@id":"https:\/\/dmi65.com\/vi\/#website"},"datePublished":"2020-08-11T07:07:12+00:00","dateModified":"2020-08-11T07:07:23+00:00","description":"DMI-65 c\u00f3 th\u1ec3 gi\u00fap \u0111\u1ea1t \u0111\u01b0\u1ee3c an ninh n\u01b0\u1edbc, trong to\u00e0n b\u1ed9 khu v\u1ef1c \u0111\u00f4ng nam \u00e1, lo\u1ea1i b\u1ecf c\u00e1c kim lo\u1ea1i n\u1eb7ng \u0111\u1ec3 u\u1ed1ng ch\u1ea5t l\u01b0\u1ee3ng n\u01b0\u1edbc.","breadcrumb":{"@id":"https:\/\/dmi65.com\/vi\/vung\/nuoc-uong-dong-nam-a\/#breadcrumb"},"inLanguage":"vi-VN","potentialAction":[{"@type":"ReadAction","target":["https:\/\/dmi65.com\/vi\/vung\/nuoc-uong-dong-nam-a\/"]}]},{"@type":"BreadcrumbList","@id":"https:\/\/dmi65.com\/vi\/vung\/nuoc-uong-dong-nam-a\/#breadcrumb","itemListElement":[{"@type":"ListItem","position":1,"name":"Home","item":"https:\/\/dmi65.com\/vi\/"},{"@type":"ListItem","position":2,"name":"V\u00f9ng","item":"https:\/\/dmi65.com\/vi\/vung\/"},{"@type":"ListItem","position":3,"name":"N\u01b0\u1edbc u\u1ed1ng \u0111\u00f4ng nam \u00e1"}]},{"@type":"WebSite","@id":"https:\/\/dmi65.com\/vi\/#website","url":"https:\/\/dmi65.com\/vi\/","name":"DMI-65\u00ae","description":"Water Filtration &amp; Reverse Osmosis Treatment, Catalytic Media","publisher":{"@id":"https:\/\/dmi65.com\/vi\/#organization"},"potentialAction":[{"@type":"SearchAction","target":{"@type":"EntryPoint","urlTemplate":"https:\/\/dmi65.com\/vi\/?s={search_term_string}"},"query-input":{"@type":"PropertyValueSpecification","valueRequired":true,"valueName":"search_term_string"}}],"inLanguage":"vi-VN"},{"@type":"Organization","@id":"https:\/\/dmi65.com\/vi\/#organization","name":"DMI-65 & Quantum Filtration Pty Ltd","url":"https:\/\/dmi65.com\/vi\/","logo":{"@type":"ImageObject","inLanguage":"vi-VN","@id":"https:\/\/dmi65.com\/vi\/#\/schema\/logo\/image\/","url":"https:\/\/dmi65.com\/wp-content\/uploads\/2020\/04\/dmi65.png","contentUrl":"https:\/\/dmi65.com\/wp-content\/uploads\/2020\/04\/dmi65.png","width":440,"height":205,"caption":"DMI-65 & Quantum Filtration Pty Ltd"},"image":{"@id":"https:\/\/dmi65.com\/vi\/#\/schema\/logo\/image\/"},"sameAs":["https:\/\/www.linkedin.com\/company\/dmi-65","https:\/\/www.youtube.com\/channel\/UCbXoMn5KBp2jrnx4KR_Qg4A"]}]}},"_links":{"self":[{"href":"https:\/\/dmi65.com\/vi\/wp-json\/wp\/v2\/pages\/10002","targetHints":{"allow":["GET"]}}],"collection":[{"href":"https:\/\/dmi65.com\/vi\/wp-json\/wp\/v2\/pages"}],"about":[{"href":"https:\/\/dmi65.com\/vi\/wp-json\/wp\/v2\/types\/page"}],"author":[{"embeddable":true,"href":"https:\/\/dmi65.com\/vi\/wp-json\/wp\/v2\/users\/1"}],"replies":[{"embeddable":true,"href":"https:\/\/dmi65.com\/vi\/wp-json\/wp\/v2\/comments?post=10002"}],"version-history":[{"count":3,"href":"https:\/\/dmi65.com\/vi\/wp-json\/wp\/v2\/pages\/10002\/revisions"}],"predecessor-version":[{"id":10005,"href":"https:\/\/dmi65.com\/vi\/wp-json\/wp\/v2\/pages\/10002\/revisions\/10005"}],"up":[{"embeddable":true,"href":"https:\/\/dmi65.com\/vi\/wp-json\/wp\/v2\/pages\/7178"}],"wp:attachment":[{"href":"https:\/\/dmi65.com\/vi\/wp-json\/wp\/v2\/media?parent=10002"}],"curies":[{"name":"wp","href":"https:\/\/api.w.org\/{rel}","templated":true}]}}