{"id":9999,"date":"2020-08-11T15:07:07","date_gmt":"2020-08-11T07:07:07","guid":{"rendered":"https:\/\/dmi65.com\/bolge\/guneydogu-asya-icme-suyu\/"},"modified":"2020-08-11T15:07:23","modified_gmt":"2020-08-11T07:07:23","slug":"guneydogu-asya-icme-suyu","status":"publish","type":"page","link":"https:\/\/dmi65.com\/tr\/bolge\/guneydogu-asya-icme-suyu\/","title":{"rendered":"G\u00fcneydo\u011fu Asya \u0130\u00e7me Suyu"},"content":{"rendered":"<div class=\"wpb-content-wrapper\"><p>[vc_row][vc_column][vc_column_text]G\u00fcneydo\u011fu Asya \u0130\u00e7me Suyu: <a href=\"https:\/\/en.wikipedia.org\/wiki\/Southeast_Asia\" target=\"_blank\" rel=\"noopener noreferrer\">G\u00fcneydo\u011fu Asya,<\/a> iklim de\u011fi\u015fikli\u011finin etkilerine kar\u015f\u0131 en savunmas\u0131z b\u00f6lgelerden biri oldu\u011fu gibi, d\u00fcnyan\u0131n ekonomik a\u00e7\u0131dan en dinamik b\u00f6lgelerinden biridir. G\u00fcneydo\u011fu Asya&#8217;da h\u0131zla b\u00fcy\u00fcyen \u015fehirler ayn\u0131 anda i\u00e7me suyu ve sanitasyon ve artan sel i\u00e7in planlama eri\u015fim ve artan sel i\u00e7in planlama gibi su sorunlar\u0131 farkl\u0131 d\u00fczeylerde ele almak zorunda, k\u00fcresel Kuzey \u015fehirlerin deneyimleri ile kar\u015f\u0131la\u015ft\u0131r\u0131ld\u0131\u011f\u0131nda daha d\u00fc\u015f\u00fck gelir d\u00fczeylerinde. Su kalitesi t\u00fcm b\u00f6lge i\u00e7in gelecekteki en \u00f6nemli su g\u00fcvenli\u011fi sorunu olarak ortaya \u00e7\u0131km\u0131\u015ft\u0131r. \u00d6zellikle, daha yo\u011fun afetler, \u00f6zellikle sel, Endonezya, Filipinler, Vietnam, Malezya ve Tayland hemen olaydan sonra \u00fclkelerde su kalitesini azaltmak i\u00e7in potansiyele sahip, hem de altyap\u0131 hasar\u0131 ile daha uzun bir s\u00fcre i\u00e7in.<\/p>\n<p>Kentsel alanlarda i\u00e7me i\u00e7in ev i\u00e7i su en yayg\u0131n Laos, Myanmar ve Malezya y\u00fczey suyu kaynaklar\u0131ndan elde edilir. Buna kar\u015f\u0131l\u0131k, Kambo\u00e7ya&#8217;daki su kullan\u0131c\u0131lar\u0131n\u0131n \u00e7o\u011funlu\u011fu birincil i\u00e7me suyu kayna\u011f\u0131 olarak yeralt\u0131 suyuna ba\u011f\u0131ml\u0131d\u0131r, bu da kentsel alanlarda yakla\u015f\u0131k %20&#8217;den Kambo\u00e7ya&#8217;daki k\u0131rsal alanlarda %50&#8217;ye, Endonezya&#8217;da hem kentsel hem de k\u0131rsal alanlarda en az %90&#8217;a kadar de\u011fi\u015fmektedir. B\u00f6lge genelinde yeralt\u0131 suyu kullan\u0131m\u0131 k\u0131rsal kesimdeki yerli kullan\u0131c\u0131lar aras\u0131nda yayg\u0131nd\u0131r ve artan n\u00fcfusun yan\u0131 s\u0131ra yaz aylar\u0131nda mevsimsel talep nedeniyle artmaktad\u0131r. Ev kullan\u0131m\u0131 i\u00e7in elektrikli su pompalar\u0131 artan kullan\u0131m\u0131 da yeralt\u0131 suyu \u00e7\u0131karma oranlar\u0131n\u0131 art\u0131rabilir. Evsel yeralt\u0131 sular\u0131 i\u00e7in temel kalite sorunu at\u0131k su ve yerinde sanitasyon tesislerinin s\u0131z\u0131nt\u0131s\u0131 ndan kaynaklanan kirlenmedir. Di\u011fer \u00f6nemli kalite sorunlar\u0131 pestisitler, end\u00fcstriyel kaynaklardan kaynaklanan kontaminasyon ve tuzlu madde giri\u015fidir. N\u00fcfusun bir k\u0131sm\u0131 bu sorunlara daha derin yeralt\u0131 sular\u0131na dokunarak yan\u0131t ver. B\u00f6lgedeki y\u00fczey suyu kirlili\u011finin yeralt\u0131 suyu kalitesini de \u00f6nemli \u00f6l\u00e7\u00fcde etkiledi\u011fi tespit edilmi\u015ftir.<\/p>\n<p>Afet olaylar\u0131na daha az maruz kalan \u00fclkeler bile, su g\u00fcvenli\u011fi, \u00f6zellikle kurak mevsimde su miktar\u0131 ve kalite zorluklar\u0131n\u0131 giderme kapasitesi olu\u015fturmak zorunda olduklar\u0131 i\u00e7in \u00f6nemli bir sorun olmaya devam etmektedir. G\u00fcneydo\u011fu Asya&#8217;da su g\u00fcvenli\u011finin sa\u011flanmas\u0131nda su kalitesinin \u00f6nemi, b\u00f6lgede her d\u00fczeyde y\u00fcr\u00fct\u00fclen suyla ilgili kalk\u0131nma projelerinin odak noktas\u0131 olmas\u0131 gerekti\u011fini g\u00f6stermektedir. Su altyap\u0131s\u0131n\u0131n afet olaylar\u0131na sa\u011flaml\u0131\u011f\u0131n\u0131n olu\u015fturulmas\u0131 ve geni\u015fleyen kentsel alanlar\u0131n korunmas\u0131 i\u00e7in sanitasyon planlamas\u0131, b\u00f6lge genelinde su kalitesi a\u00e7\u0131s\u0131ndan gelecekteki su g\u00fcvenli\u011fini sa\u011flamak i\u00e7in \u00e7ok \u00f6nemli olacakt\u0131r. Bu iki eylem, hem b\u00f6lgenin geli\u015fmekte olan \u015fehirlerinin hem de kurulan mega metropol alanlar\u0131n\u0131n s\u00fcrd\u00fcr\u00fclebilir geli\u015fimi i\u00e7in g\u00f6ze \u00e7arpacakt\u0131r.<\/p>\n<p><b>DMI-65, G\u00fcneydo\u011fu Asya&#8217;n\u0131n t\u00fcm b\u00f6lgesinde su g\u00fcvenli\u011fi sa\u011flanmas\u0131na yard\u0131mc\u0131 olabilir.<\/b> Belediye Su Ar\u0131tma Tesisleri ve ticari filtrelerde kullan\u0131lmakla ba\u015f belas\u0131 a\u011f\u0131r metaller giderilebilir. Bu, genel su kalitesinin iyile\u015ftirilmesine ve b\u00f6lgedeki yerel toplumlara temiz i\u00e7me suyu kaynaklar\u0131 sa\u011flanmas\u0131na yard\u0131mc\u0131 olacakt\u0131r.<\/p>\n<p>[\/vc_column_text][\/vc_column][\/vc_row][vc_row content_placement=&#8221;middle&#8221; css=&#8221;.vc_custom_1592794121420{padding-top: 20px !important;padding-right: 20px !important;padding-bottom: 5px !important;padding-left: 20px !important;}&#8221; el_class=&#8221;cta&#8221;][vc_column]<div class=\"dt-fancy-separator\" style=\"width: 100%;\"><div class=\"dt-fancy-title\"><span class=\"separator-holder separator-left\"><\/span>DMI-65\u00ae filtrasyon medyas\u0131n\u0131n G\u00fcneydo\u011fu Asya i\u00e7in i\u00e7me suyuna nas\u0131l yard\u0131mc\u0131 olabilece\u011fini \u00f6\u011frenmek i\u00e7in bilgi edinin.<span class=\"separator-holder separator-right\"><\/span><\/div><\/div>[vc_btn title=&#8221;Sormak&#8221; style=&#8221;custom&#8221; custom_background=&#8221;#162441&#8243; custom_text=&#8221;#ffffff&#8221; shape=&#8221;square&#8221; size=&#8221;lg&#8221; align=&#8221;center&#8221; i_align=&#8221;right&#8221; i_icon_fontawesome=&#8221;fas fa-chevron-right&#8221; add_icon=&#8221;true&#8221; css=&#8221;.vc_custom_1592793128520{margin-top: 20px !important;}&#8221; el_class=&#8221;ctaButton sg-popup-id-8233&#8243;][\/vc_column][\/vc_row][vc_row][vc_column][vc_empty_space]<div class=\"dt-fancy-separator title-left\" style=\"width: 100%;\"><div class=\"dt-fancy-title\"><span class=\"separator-holder separator-left\"><\/span>Vaka \u00c7al\u0131\u015fmalar\u0131 G\u00fcneydo\u011fu Asya<span class=\"separator-holder separator-right\"><\/span><\/div><\/div>[vc_empty_space][\/vc_column][\/vc_row][vc_row][vc_column][vc_basic_grid post_type=&#8221;post&#8221; max_items=&#8221;4&#8243; element_width=&#8221;6&#8243; item=&#8221;masonryGrid_Default&#8221; grid_id=&#8221;vc_gid:1597129153488-2b5893f5-76e2-7&#8243; taxonomies=&#8221;1409&#8243;][\/vc_column][\/vc_row]<\/p>\n<\/div>","protected":false},"excerpt":{"rendered":"<p>[vc_row][vc_column][vc_column_text]G\u00fcneydo\u011fu Asya \u0130\u00e7me Suyu: G\u00fcneydo\u011fu Asya, iklim de\u011fi\u015fikli\u011finin etkilerine kar\u015f\u0131 en savunmas\u0131z b\u00f6lgelerden biri oldu\u011fu gibi, d\u00fcnyan\u0131n ekonomik a\u00e7\u0131dan en dinamik b\u00f6lgelerinden biridir. G\u00fcneydo\u011fu Asya&#8217;da h\u0131zla b\u00fcy\u00fcyen \u015fehirler ayn\u0131 anda i\u00e7me suyu ve sanitasyon ve artan sel i\u00e7in planlama eri\u015fim ve artan sel i\u00e7in planlama gibi su sorunlar\u0131 farkl\u0131 d\u00fczeylerde ele almak zorunda, k\u00fcresel Kuzey&hellip;<\/p>\n","protected":false},"author":1,"featured_media":0,"parent":7134,"menu_order":0,"comment_status":"closed","ping_status":"closed","template":"","meta":{"content-type":"","footnotes":""},"class_list":["post-9999","page","type-page","status-publish","hentry","description-off"],"yoast_head":"<!-- This site is optimized with the Yoast SEO plugin v25.2 - https:\/\/yoast.com\/wordpress\/plugins\/seo\/ -->\n<title>Filtrasyon Lu G\u00fcneydo\u011fu Asya \u0130\u00e7me Suyu - DMI-65\u00ae<\/title>\n<meta name=\"description\" content=\"DMI-65, G\u00fcneydo\u011fu Asya&#039;n\u0131n t\u00fcm b\u00f6lgesinde su g\u00fcvenli\u011fi sa\u011flanmas\u0131na yard\u0131mc\u0131 olarak a\u011f\u0131r metalleri i\u00e7me suyu kalitesine giderebilir.\" \/>\n<meta name=\"robots\" content=\"index, follow, max-snippet:-1, max-image-preview:large, max-video-preview:-1\" \/>\n<link rel=\"canonical\" href=\"https:\/\/dmi65.com\/tr\/bolge\/guneydogu-asya-icme-suyu\/\" \/>\n<meta property=\"og:locale\" content=\"tr_TR\" \/>\n<meta property=\"og:type\" content=\"article\" \/>\n<meta property=\"og:title\" content=\"Filtrasyon Lu G\u00fcneydo\u011fu Asya \u0130\u00e7me Suyu - DMI-65\u00ae\" \/>\n<meta property=\"og:description\" content=\"DMI-65, G\u00fcneydo\u011fu Asya&#039;n\u0131n t\u00fcm b\u00f6lgesinde su g\u00fcvenli\u011fi sa\u011flanmas\u0131na yard\u0131mc\u0131 olarak a\u011f\u0131r metalleri i\u00e7me suyu kalitesine giderebilir.\" \/>\n<meta property=\"og:url\" content=\"https:\/\/dmi65.com\/tr\/bolge\/guneydogu-asya-icme-suyu\/\" \/>\n<meta property=\"og:site_name\" content=\"DMI-65\u00ae\" \/>\n<meta property=\"article:modified_time\" content=\"2020-08-11T07:07:23+00:00\" \/>\n<meta property=\"og:image\" content=\"https:\/\/dmi65.com\/wp-content\/uploads\/2020\/06\/dmi65_Logo_Blk.png\" \/>\n\t<meta property=\"og:image:width\" content=\"466\" \/>\n\t<meta property=\"og:image:height\" content=\"200\" \/>\n\t<meta property=\"og:image:type\" content=\"image\/png\" \/>\n<meta name=\"twitter:card\" content=\"summary_large_image\" \/>\n<meta name=\"twitter:label1\" content=\"Tahmini okuma s\u00fcresi\" \/>\n\t<meta name=\"twitter:data1\" content=\"4 dakika\" \/>\n<script type=\"application\/ld+json\" class=\"yoast-schema-graph\">{\"@context\":\"https:\/\/schema.org\",\"@graph\":[{\"@type\":\"WebPage\",\"@id\":\"https:\/\/dmi65.com\/tr\/bolge\/guneydogu-asya-icme-suyu\/\",\"url\":\"https:\/\/dmi65.com\/tr\/bolge\/guneydogu-asya-icme-suyu\/\",\"name\":\"Filtrasyon Lu G\u00fcneydo\u011fu Asya \u0130\u00e7me Suyu - DMI-65\u00ae\",\"isPartOf\":{\"@id\":\"https:\/\/dmi65.com\/tr\/#website\"},\"datePublished\":\"2020-08-11T07:07:07+00:00\",\"dateModified\":\"2020-08-11T07:07:23+00:00\",\"description\":\"DMI-65, G\u00fcneydo\u011fu Asya'n\u0131n t\u00fcm b\u00f6lgesinde su g\u00fcvenli\u011fi sa\u011flanmas\u0131na yard\u0131mc\u0131 olarak a\u011f\u0131r metalleri i\u00e7me suyu kalitesine giderebilir.\",\"breadcrumb\":{\"@id\":\"https:\/\/dmi65.com\/tr\/bolge\/guneydogu-asya-icme-suyu\/#breadcrumb\"},\"inLanguage\":\"tr\",\"potentialAction\":[{\"@type\":\"ReadAction\",\"target\":[\"https:\/\/dmi65.com\/tr\/bolge\/guneydogu-asya-icme-suyu\/\"]}]},{\"@type\":\"BreadcrumbList\",\"@id\":\"https:\/\/dmi65.com\/tr\/bolge\/guneydogu-asya-icme-suyu\/#breadcrumb\",\"itemListElement\":[{\"@type\":\"ListItem\",\"position\":1,\"name\":\"Home\",\"item\":\"https:\/\/dmi65.com\/tr\/\"},{\"@type\":\"ListItem\",\"position\":2,\"name\":\"B\u00f6lge\",\"item\":\"https:\/\/dmi65.com\/tr\/bolge\/\"},{\"@type\":\"ListItem\",\"position\":3,\"name\":\"G\u00fcneydo\u011fu Asya \u0130\u00e7me Suyu\"}]},{\"@type\":\"WebSite\",\"@id\":\"https:\/\/dmi65.com\/tr\/#website\",\"url\":\"https:\/\/dmi65.com\/tr\/\",\"name\":\"DMI-65\u00ae\",\"description\":\"Water Filtration &amp; Reverse Osmosis Treatment, Catalytic Media\",\"publisher\":{\"@id\":\"https:\/\/dmi65.com\/tr\/#organization\"},\"potentialAction\":[{\"@type\":\"SearchAction\",\"target\":{\"@type\":\"EntryPoint\",\"urlTemplate\":\"https:\/\/dmi65.com\/tr\/?s={search_term_string}\"},\"query-input\":{\"@type\":\"PropertyValueSpecification\",\"valueRequired\":true,\"valueName\":\"search_term_string\"}}],\"inLanguage\":\"tr\"},{\"@type\":\"Organization\",\"@id\":\"https:\/\/dmi65.com\/tr\/#organization\",\"name\":\"DMI-65 & Quantum Filtration Pty Ltd\",\"url\":\"https:\/\/dmi65.com\/tr\/\",\"logo\":{\"@type\":\"ImageObject\",\"inLanguage\":\"tr\",\"@id\":\"https:\/\/dmi65.com\/tr\/#\/schema\/logo\/image\/\",\"url\":\"https:\/\/dmi65.com\/wp-content\/uploads\/2020\/04\/dmi65.png\",\"contentUrl\":\"https:\/\/dmi65.com\/wp-content\/uploads\/2020\/04\/dmi65.png\",\"width\":440,\"height\":205,\"caption\":\"DMI-65 & Quantum Filtration Pty Ltd\"},\"image\":{\"@id\":\"https:\/\/dmi65.com\/tr\/#\/schema\/logo\/image\/\"},\"sameAs\":[\"https:\/\/www.linkedin.com\/company\/dmi-65\",\"https:\/\/www.youtube.com\/channel\/UCbXoMn5KBp2jrnx4KR_Qg4A\"]}]}<\/script>\n<!-- \/ Yoast SEO plugin. -->","yoast_head_json":{"title":"Filtrasyon Lu G\u00fcneydo\u011fu Asya \u0130\u00e7me Suyu - DMI-65\u00ae","description":"DMI-65, G\u00fcneydo\u011fu Asya'n\u0131n t\u00fcm b\u00f6lgesinde su g\u00fcvenli\u011fi sa\u011flanmas\u0131na yard\u0131mc\u0131 olarak a\u011f\u0131r metalleri i\u00e7me suyu kalitesine giderebilir.","robots":{"index":"index","follow":"follow","max-snippet":"max-snippet:-1","max-image-preview":"max-image-preview:large","max-video-preview":"max-video-preview:-1"},"canonical":"https:\/\/dmi65.com\/tr\/bolge\/guneydogu-asya-icme-suyu\/","og_locale":"tr_TR","og_type":"article","og_title":"Filtrasyon Lu G\u00fcneydo\u011fu Asya \u0130\u00e7me Suyu - DMI-65\u00ae","og_description":"DMI-65, G\u00fcneydo\u011fu Asya'n\u0131n t\u00fcm b\u00f6lgesinde su g\u00fcvenli\u011fi sa\u011flanmas\u0131na yard\u0131mc\u0131 olarak a\u011f\u0131r metalleri i\u00e7me suyu kalitesine giderebilir.","og_url":"https:\/\/dmi65.com\/tr\/bolge\/guneydogu-asya-icme-suyu\/","og_site_name":"DMI-65\u00ae","article_modified_time":"2020-08-11T07:07:23+00:00","og_image":[{"width":466,"height":200,"url":"https:\/\/dmi65.com\/wp-content\/uploads\/2020\/06\/dmi65_Logo_Blk.png","type":"image\/png"}],"twitter_card":"summary_large_image","twitter_misc":{"Tahmini okuma s\u00fcresi":"4 dakika"},"schema":{"@context":"https:\/\/schema.org","@graph":[{"@type":"WebPage","@id":"https:\/\/dmi65.com\/tr\/bolge\/guneydogu-asya-icme-suyu\/","url":"https:\/\/dmi65.com\/tr\/bolge\/guneydogu-asya-icme-suyu\/","name":"Filtrasyon Lu G\u00fcneydo\u011fu Asya \u0130\u00e7me Suyu - DMI-65\u00ae","isPartOf":{"@id":"https:\/\/dmi65.com\/tr\/#website"},"datePublished":"2020-08-11T07:07:07+00:00","dateModified":"2020-08-11T07:07:23+00:00","description":"DMI-65, G\u00fcneydo\u011fu Asya'n\u0131n t\u00fcm b\u00f6lgesinde su g\u00fcvenli\u011fi sa\u011flanmas\u0131na yard\u0131mc\u0131 olarak a\u011f\u0131r metalleri i\u00e7me suyu kalitesine giderebilir.","breadcrumb":{"@id":"https:\/\/dmi65.com\/tr\/bolge\/guneydogu-asya-icme-suyu\/#breadcrumb"},"inLanguage":"tr","potentialAction":[{"@type":"ReadAction","target":["https:\/\/dmi65.com\/tr\/bolge\/guneydogu-asya-icme-suyu\/"]}]},{"@type":"BreadcrumbList","@id":"https:\/\/dmi65.com\/tr\/bolge\/guneydogu-asya-icme-suyu\/#breadcrumb","itemListElement":[{"@type":"ListItem","position":1,"name":"Home","item":"https:\/\/dmi65.com\/tr\/"},{"@type":"ListItem","position":2,"name":"B\u00f6lge","item":"https:\/\/dmi65.com\/tr\/bolge\/"},{"@type":"ListItem","position":3,"name":"G\u00fcneydo\u011fu Asya \u0130\u00e7me Suyu"}]},{"@type":"WebSite","@id":"https:\/\/dmi65.com\/tr\/#website","url":"https:\/\/dmi65.com\/tr\/","name":"DMI-65\u00ae","description":"Water Filtration &amp; Reverse Osmosis Treatment, Catalytic Media","publisher":{"@id":"https:\/\/dmi65.com\/tr\/#organization"},"potentialAction":[{"@type":"SearchAction","target":{"@type":"EntryPoint","urlTemplate":"https:\/\/dmi65.com\/tr\/?s={search_term_string}"},"query-input":{"@type":"PropertyValueSpecification","valueRequired":true,"valueName":"search_term_string"}}],"inLanguage":"tr"},{"@type":"Organization","@id":"https:\/\/dmi65.com\/tr\/#organization","name":"DMI-65 & Quantum Filtration Pty Ltd","url":"https:\/\/dmi65.com\/tr\/","logo":{"@type":"ImageObject","inLanguage":"tr","@id":"https:\/\/dmi65.com\/tr\/#\/schema\/logo\/image\/","url":"https:\/\/dmi65.com\/wp-content\/uploads\/2020\/04\/dmi65.png","contentUrl":"https:\/\/dmi65.com\/wp-content\/uploads\/2020\/04\/dmi65.png","width":440,"height":205,"caption":"DMI-65 & Quantum Filtration Pty Ltd"},"image":{"@id":"https:\/\/dmi65.com\/tr\/#\/schema\/logo\/image\/"},"sameAs":["https:\/\/www.linkedin.com\/company\/dmi-65","https:\/\/www.youtube.com\/channel\/UCbXoMn5KBp2jrnx4KR_Qg4A"]}]}},"_links":{"self":[{"href":"https:\/\/dmi65.com\/tr\/wp-json\/wp\/v2\/pages\/9999","targetHints":{"allow":["GET"]}}],"collection":[{"href":"https:\/\/dmi65.com\/tr\/wp-json\/wp\/v2\/pages"}],"about":[{"href":"https:\/\/dmi65.com\/tr\/wp-json\/wp\/v2\/types\/page"}],"author":[{"embeddable":true,"href":"https:\/\/dmi65.com\/tr\/wp-json\/wp\/v2\/users\/1"}],"replies":[{"embeddable":true,"href":"https:\/\/dmi65.com\/tr\/wp-json\/wp\/v2\/comments?post=9999"}],"version-history":[{"count":3,"href":"https:\/\/dmi65.com\/tr\/wp-json\/wp\/v2\/pages\/9999\/revisions"}],"predecessor-version":[{"id":10007,"href":"https:\/\/dmi65.com\/tr\/wp-json\/wp\/v2\/pages\/9999\/revisions\/10007"}],"up":[{"embeddable":true,"href":"https:\/\/dmi65.com\/tr\/wp-json\/wp\/v2\/pages\/7134"}],"wp:attachment":[{"href":"https:\/\/dmi65.com\/tr\/wp-json\/wp\/v2\/media?parent=9999"}],"curies":[{"name":"wp","href":"https:\/\/api.w.org\/{rel}","templated":true}]}}