{"id":9961,"date":"2020-08-11T15:04:32","date_gmt":"2020-08-11T07:04:32","guid":{"rendered":"https:\/\/dmi65.com\/bolge\/guney-afrika-su-krizi\/"},"modified":"2020-08-11T15:04:33","modified_gmt":"2020-08-11T07:04:33","slug":"guney-afrika-su-krizi","status":"publish","type":"page","link":"https:\/\/dmi65.com\/tr\/bolge\/guney-afrika-su-krizi\/","title":{"rendered":"G\u00fcney Afrika Su Krizi"},"content":{"rendered":"<div class=\"wpb-content-wrapper\"><p>[vc_row][vc_column][vc_column_text]G\u00fcney Afrika Su Krizi: G\u00fcney Afrika Teksas yakla\u015f\u0131k iki kat\u0131 b\u00fcy\u00fckl\u00fc\u011f\u00fcnde bir \u00fclkedir, 49 milyon ki\u015fiye ev sahipli\u011fi yapmaktad\u0131r. Bu \u00fclke, uzun s\u00fcredir devam eden \u0131rk\u00e7\u0131l\u0131ktan HIV\/AIDS ve T\u00fcberk\u00fcloz gibi hastal\u0131klar\u0131n yol a\u00e7t\u0131\u011f\u0131 tahribata kadar etkileri yle kaplanm\u0131\u015ft\u0131r. \u015eimdi ba\u015fka bir kriz uzakta beliriyor: Su. K\u0131rsal k\u00f6ylerden \u015fehirlere giderek daha fazla insan g\u00f6\u00e7 ettik\u00e7e, \u015fehrin su taleplerini kar\u015f\u0131lamas\u0131 y\u00f6n\u00fcndeki bask\u0131 giderek artmaktad\u0131r.<\/p>\n<p>G\u00fcney Afrika&#8217;da bu b\u00fcy\u00fcyen su krizine atfedilen bir\u00e7ok nedeni vard\u0131r. \u0130klim de\u011fi\u015fikli\u011fi b\u00f6lgedeki su kaynaklar\u0131n\u0131 etkiledi. Genellikle gelen ve \u00fclkenin su kayna\u011f\u0131 ya\u011fmurlar seyrek geldi. \u00d6rne\u011fin Durban&#8217;da barajlar 2010&#8217;un ba\u015f\u0131ndan y\u00fczde 20 daha d\u00fc\u015f\u00fck. Bu nedenle, \u015fehirler toplumlara su k\u0131s\u0131tlamalar\u0131 empoze etmek i\u00e7in \u00f6zellikle Durban y\u00fczleri ba\u015fka bir sorun \u00e7al\u0131nt\u0131 su ar\u0131yoruz. Bir rapora g\u00f6re \u015fehirlerin y\u00fczde 35&#8217;i su \u00e7al\u0131n\u0131yor ya da yasad\u0131\u015f\u0131 ba\u011flant\u0131larla da\u011f\u0131t\u0131labiliyor.<\/p>\n<p>Ayr\u0131ca, b\u00f6lgede baraj in\u015faat\u0131na ba\u015flanmam\u0131\u015f ve hala in\u015fa edilme s\u00fcrecinde olan \u00f6nleyici tedbirler de yava\u015f yava\u015f \u00e7\u00f6k\u00fcyor. K\u0131rsal kesimdekilerin hala suya eri\u015fimi yok. Bir raporda, yakla\u015f\u0131k 5 milyon ki\u015finin suya eri\u015fimi olmad\u0131\u011f\u0131 ve 15 milyon ki\u015finin temel sanitasyona eri\u015fimden yoksun oldu\u011fu belirtiliyor. Bu say\u0131 1994 y\u0131l\u0131nda Apartheid sona ermesinden bu yana b\u00fcy\u00fck \u00f6l\u00e7\u00fcde iyile\u015fmi\u015ftir, ancak bu say\u0131lar hala \u00e7ok y\u00fcksek ve bir ki\u015fi hi\u00e7 su hayat\u0131n en temel gereklili\u011fi, eri\u015fim eksikli\u011fi olmamal\u0131d\u0131r.<\/p>\n<p>\u0130lgin\u00e7tir ki G\u00fcney Afrika d\u00fcnyan\u0131n en temiz su sistemlerinden biri \u00f6v\u00fcnme, ancak \u00fclkenin k\u0131rsal topluluklarda sanitasyon ve eri\u015fim eksikli\u011fi nedeniyle su kaynakl\u0131 hastal\u0131k tehdidi giderek artmaktad\u0131r. Vaal Nehri, G\u00fcney Afrika&#8217;n\u0131n en b\u00fcy\u00fck nehri ve pop\u00fcler turistik hedef giderek sanitasyon malzemeleri eksikli\u011fi nedeniyle d\u0131\u015fk\u0131 malzeme ile kirlenmi\u015f hale gelmektedir.<\/p>\n<p>G\u00fcney Afrika&#8217;n\u0131n ya\u011f\u0131\u015f her zaman de\u011fi\u015fken ve \u00f6ng\u00f6r\u00fclemeyen olmu\u015ftur. Karoo \u00e7ift\u00e7iler (Northern Cape) \u015fu anda ya\u015f\u0131yoruz gibi bu, ya\u011fmurla beslenen tar\u0131m i\u00e7in b\u00fcy\u00fck risklerden biri olmaya devam etmektedir. Depolama altyap\u0131s\u0131 d\u00fczenli kuru d\u00f6nemlerle ba\u015fa \u00e7\u0131kabilecek kapasiteye sahip olarak in\u015fa edilirse, kentsel ve end\u00fcstriyel su kullan\u0131c\u0131lar\u0131na ve sulama \u00e7ift\u00e7ilerine g\u00fcvenilir malzemeler sa\u011flanabilir. Ama bu altyap\u0131 s\u00fcrekli de\u011fi\u015fen iklim \u00fczerinde dikkatli bir g\u00f6z ile y\u00f6netilmelidir.<\/p>\n<p>Son ara\u015ft\u0131rmalar Afrika yeralt\u0131 suyu kaynaklar\u0131 hen\u00fcz olumsuz etkilenmedi\u011fini g\u00f6stermi\u015ftir. Daha s\u0131cak s\u0131cakl\u0131klar kara y\u00fczeyinden daha fazla buharla\u015fma g\u00f6receksiniz, ama ayn\u0131 zamanda f\u0131rt\u0131nalar daha yo\u011fun hale gelmesi bekleniyor. Daha fazla ya\u011fmur daha k\u0131sa bir s\u00fcre i\u00e7inde d\u00fc\u015fecek ve bu yava\u015f, hafif ya\u011fmur daha fazla \u015farj \u00fcretir. Ayn\u0131 etki nehir ak\u0131\u015flar\u0131n\u0131n artt\u0131\u011f\u0131n\u0131 g\u00f6rebilir. \u015eu anda, G\u00fcney Afrika nehirleri ve yeralt\u0131 su sadece yakla\u015f\u0131k% 30 kullan\u0131r. Daha fazla kullanmak h\u0131zla daha pahal\u0131 hale gelecekti. Ama iklim de\u011fi\u015fikli\u011fi yard\u0131mc\u0131 olabilir. \u015eu anda, ya\u011f\u0131\u015f sadece% 8 asl\u0131nda nehirlere akar ve daha sonra kullan\u0131labilir kullan\u0131labilir veya barajlarda depolanabilir. E\u011fer ya\u011f\u0131\u015f daha yo\u011fun hale gelirse, bu oran daha fazla olacakt\u0131r.<\/p>\n<p>Bat\u0131 Cape Eyaleti&#8217;nde bulunan <a href=\"https:\/\/en.wikipedia.org\/wiki\/George,_Western_Cape\" target=\"_blank\" rel=\"noopener noreferrer\">George<\/a>gibi belediyeler, i\u00e7me suyu ar\u0131tma tesislerinde DMI-65 kullanarak su krizini giderdi. DMI-65, a\u011f\u0131r metalleri yeralt\u0131 su kaynaklar\u0131ndan uzakla\u015ft\u0131ran geli\u015fmi\u015f bir katalitik filtre ortam\u0131d\u0131r. George Belediyesi yerel topluluklar daha \u00f6nce kendi su kayna\u011f\u0131 a\u015f\u0131r\u0131 demir ve manganez d\u00fczeyleri ile korkun\u00e7 sorunlar vard\u0131, su rengi kahverengi g\u00f6r\u00fcn\u00fcyordu ve k\u00f6t\u00fc bir koku vard\u0131. DMI-65&#8217;in uygulanmas\u0131ndan bu yana yerel i\u00e7me suyu kalitesi belirgin bir \u015fekilde artmaktad\u0131r ve George H\u00fck\u00fcmeti art\u0131k \u00e7evre il\u00e7elere i\u00e7me suyu sa\u011flamaktad\u0131r. \u015eimdi kendi toplum i\u00e7me suyu kalitesini art\u0131rmak i\u00e7in <a href=\"https:\/\/dmi65.com\/tr\/teknik\/nasil-calisir\/\">DMI-65<\/a> uygulamak isteyen birka\u00e7 di\u011fer il\u00e7eler vard\u0131r.<\/p>\n<h4>DMI-65 a\u011f\u0131r metaller kald\u0131r\u0131r ve G\u00fcney Afrika su krizi ile yard\u0131mc\u0131 olmak i\u00e7in kullan\u0131labilir geli\u015fmi\u015f bir katalitik filtre medyad\u0131r.<\/h4>\n<p>[\/vc_column_text][\/vc_column][\/vc_row][vc_row content_placement=&#8221;middle&#8221; css=&#8221;.vc_custom_1592794121420{padding-top: 20px !important;padding-right: 20px !important;padding-bottom: 5px !important;padding-left: 20px !important;}&#8221; el_class=&#8221;cta&#8221;][vc_column]<div class=\"dt-fancy-separator\" style=\"width: 100%;\"><div class=\"dt-fancy-title\"><span class=\"separator-holder separator-left\"><\/span>Nas\u0131l DMI-65\u00ae filtrasyon medya G\u00fcney Afrika Su Krizi ile yard\u0131mc\u0131 olabilir \u00f6\u011frenmek i\u00e7in sorun<span class=\"separator-holder separator-right\"><\/span><\/div><\/div>[vc_btn title=&#8221;Sormak&#8221; style=&#8221;custom&#8221; custom_background=&#8221;#162441&#8243; custom_text=&#8221;#ffffff&#8221; shape=&#8221;square&#8221; size=&#8221;lg&#8221; align=&#8221;center&#8221; i_align=&#8221;right&#8221; i_icon_fontawesome=&#8221;fas fa-chevron-right&#8221; add_icon=&#8221;true&#8221; css=&#8221;.vc_custom_1592793128520{margin-top: 20px !important;}&#8221; el_class=&#8221;ctaButton sg-popup-id-8233&#8243;][\/vc_column][\/vc_row][vc_row][vc_column][vc_empty_space]<div class=\"dt-fancy-separator title-left\" style=\"width: 100%;\"><div class=\"dt-fancy-title\"><span class=\"separator-holder separator-left\"><\/span>G\u00fcney Afrika Vaka \u00c7al\u0131\u015fmalar\u0131<span class=\"separator-holder separator-right\"><\/span><\/div><\/div>[vc_empty_space][\/vc_column][\/vc_row][vc_row][vc_column][vc_basic_grid post_type=&#8221;post&#8221; max_items=&#8221;2&#8243; element_width=&#8221;6&#8243; item=&#8221;masonryGrid_Default&#8221; grid_id=&#8221;vc_gid:1597129268861-a296b67c-b68b-2&#8243; taxonomies=&#8221;944&#8243;][\/vc_column][\/vc_row]<\/p>\n<\/div>","protected":false},"excerpt":{"rendered":"<p>[vc_row][vc_column][vc_column_text]G\u00fcney Afrika Su Krizi: G\u00fcney Afrika Teksas yakla\u015f\u0131k iki kat\u0131 b\u00fcy\u00fckl\u00fc\u011f\u00fcnde bir \u00fclkedir, 49 milyon ki\u015fiye ev sahipli\u011fi yapmaktad\u0131r. Bu \u00fclke, uzun s\u00fcredir devam eden \u0131rk\u00e7\u0131l\u0131ktan HIV\/AIDS ve T\u00fcberk\u00fcloz gibi hastal\u0131klar\u0131n yol a\u00e7t\u0131\u011f\u0131 tahribata kadar etkileri yle kaplanm\u0131\u015ft\u0131r. \u015eimdi ba\u015fka bir kriz uzakta beliriyor: Su. K\u0131rsal k\u00f6ylerden \u015fehirlere giderek daha fazla insan g\u00f6\u00e7 ettik\u00e7e, \u015fehrin&hellip;<\/p>\n","protected":false},"author":1,"featured_media":0,"parent":7134,"menu_order":0,"comment_status":"closed","ping_status":"closed","template":"","meta":{"content-type":"","footnotes":""},"class_list":["post-9961","page","type-page","status-publish","hentry","description-off"],"yoast_head":"<!-- This site is optimized with the Yoast SEO plugin v25.2 - https:\/\/yoast.com\/wordpress\/plugins\/seo\/ -->\n<title>DMI-65%sep%DMI-65\u00ae ile G\u00fcney Afrika su krizinin \u00e7\u00f6z\u00fcm\u00fc - DMI-65\u00ae<\/title>\n<meta name=\"description\" content=\"DMI-65 a\u011f\u0131r metaller kald\u0131r\u0131r ve G\u00fcney Afrika su krizi ile yard\u0131mc\u0131 olmak i\u00e7in kullan\u0131labilir geli\u015fmi\u015f bir katalitik filtre medyad\u0131r.\" \/>\n<meta name=\"robots\" content=\"index, follow, max-snippet:-1, max-image-preview:large, max-video-preview:-1\" \/>\n<link rel=\"canonical\" href=\"https:\/\/dmi65.com\/tr\/bolge\/guney-afrika-su-krizi\/\" \/>\n<meta property=\"og:locale\" content=\"tr_TR\" \/>\n<meta property=\"og:type\" content=\"article\" \/>\n<meta property=\"og:title\" content=\"DMI-65%sep%DMI-65\u00ae ile G\u00fcney Afrika su krizinin \u00e7\u00f6z\u00fcm\u00fc - DMI-65\u00ae\" \/>\n<meta property=\"og:description\" content=\"DMI-65 a\u011f\u0131r metaller kald\u0131r\u0131r ve G\u00fcney Afrika su krizi ile yard\u0131mc\u0131 olmak i\u00e7in kullan\u0131labilir geli\u015fmi\u015f bir katalitik filtre medyad\u0131r.\" \/>\n<meta property=\"og:url\" content=\"https:\/\/dmi65.com\/tr\/bolge\/guney-afrika-su-krizi\/\" \/>\n<meta property=\"og:site_name\" content=\"DMI-65\u00ae\" \/>\n<meta property=\"article:modified_time\" content=\"2020-08-11T07:04:33+00:00\" \/>\n<meta property=\"og:image\" content=\"https:\/\/dmi65.com\/wp-content\/uploads\/2020\/06\/dmi65_Logo_Blk.png\" \/>\n\t<meta property=\"og:image:width\" content=\"466\" \/>\n\t<meta property=\"og:image:height\" content=\"200\" \/>\n\t<meta property=\"og:image:type\" content=\"image\/png\" \/>\n<meta name=\"twitter:card\" content=\"summary_large_image\" \/>\n<meta name=\"twitter:label1\" content=\"Tahmini okuma s\u00fcresi\" \/>\n\t<meta name=\"twitter:data1\" content=\"4 dakika\" \/>\n<script type=\"application\/ld+json\" class=\"yoast-schema-graph\">{\"@context\":\"https:\/\/schema.org\",\"@graph\":[{\"@type\":\"WebPage\",\"@id\":\"https:\/\/dmi65.com\/tr\/bolge\/guney-afrika-su-krizi\/\",\"url\":\"https:\/\/dmi65.com\/tr\/bolge\/guney-afrika-su-krizi\/\",\"name\":\"DMI-65%sep%DMI-65\u00ae ile G\u00fcney Afrika su krizinin \u00e7\u00f6z\u00fcm\u00fc - DMI-65\u00ae\",\"isPartOf\":{\"@id\":\"https:\/\/dmi65.com\/tr\/#website\"},\"datePublished\":\"2020-08-11T07:04:32+00:00\",\"dateModified\":\"2020-08-11T07:04:33+00:00\",\"description\":\"DMI-65 a\u011f\u0131r metaller kald\u0131r\u0131r ve G\u00fcney Afrika su krizi ile yard\u0131mc\u0131 olmak i\u00e7in kullan\u0131labilir geli\u015fmi\u015f bir katalitik filtre medyad\u0131r.\",\"breadcrumb\":{\"@id\":\"https:\/\/dmi65.com\/tr\/bolge\/guney-afrika-su-krizi\/#breadcrumb\"},\"inLanguage\":\"tr\",\"potentialAction\":[{\"@type\":\"ReadAction\",\"target\":[\"https:\/\/dmi65.com\/tr\/bolge\/guney-afrika-su-krizi\/\"]}]},{\"@type\":\"BreadcrumbList\",\"@id\":\"https:\/\/dmi65.com\/tr\/bolge\/guney-afrika-su-krizi\/#breadcrumb\",\"itemListElement\":[{\"@type\":\"ListItem\",\"position\":1,\"name\":\"Home\",\"item\":\"https:\/\/dmi65.com\/tr\/\"},{\"@type\":\"ListItem\",\"position\":2,\"name\":\"B\u00f6lge\",\"item\":\"https:\/\/dmi65.com\/tr\/bolge\/\"},{\"@type\":\"ListItem\",\"position\":3,\"name\":\"G\u00fcney Afrika Su Krizi\"}]},{\"@type\":\"WebSite\",\"@id\":\"https:\/\/dmi65.com\/tr\/#website\",\"url\":\"https:\/\/dmi65.com\/tr\/\",\"name\":\"DMI-65\u00ae\",\"description\":\"Water Filtration &amp; Reverse Osmosis Treatment, Catalytic Media\",\"publisher\":{\"@id\":\"https:\/\/dmi65.com\/tr\/#organization\"},\"potentialAction\":[{\"@type\":\"SearchAction\",\"target\":{\"@type\":\"EntryPoint\",\"urlTemplate\":\"https:\/\/dmi65.com\/tr\/?s={search_term_string}\"},\"query-input\":{\"@type\":\"PropertyValueSpecification\",\"valueRequired\":true,\"valueName\":\"search_term_string\"}}],\"inLanguage\":\"tr\"},{\"@type\":\"Organization\",\"@id\":\"https:\/\/dmi65.com\/tr\/#organization\",\"name\":\"DMI-65 & Quantum Filtration Pty Ltd\",\"url\":\"https:\/\/dmi65.com\/tr\/\",\"logo\":{\"@type\":\"ImageObject\",\"inLanguage\":\"tr\",\"@id\":\"https:\/\/dmi65.com\/tr\/#\/schema\/logo\/image\/\",\"url\":\"https:\/\/dmi65.com\/wp-content\/uploads\/2020\/04\/dmi65.png\",\"contentUrl\":\"https:\/\/dmi65.com\/wp-content\/uploads\/2020\/04\/dmi65.png\",\"width\":440,\"height\":205,\"caption\":\"DMI-65 & Quantum Filtration Pty Ltd\"},\"image\":{\"@id\":\"https:\/\/dmi65.com\/tr\/#\/schema\/logo\/image\/\"},\"sameAs\":[\"https:\/\/www.linkedin.com\/company\/dmi-65\",\"https:\/\/www.youtube.com\/channel\/UCbXoMn5KBp2jrnx4KR_Qg4A\"]}]}<\/script>\n<!-- \/ Yoast SEO plugin. -->","yoast_head_json":{"title":"DMI-65%sep%DMI-65\u00ae ile G\u00fcney Afrika su krizinin \u00e7\u00f6z\u00fcm\u00fc - DMI-65\u00ae","description":"DMI-65 a\u011f\u0131r metaller kald\u0131r\u0131r ve G\u00fcney Afrika su krizi ile yard\u0131mc\u0131 olmak i\u00e7in kullan\u0131labilir geli\u015fmi\u015f bir katalitik filtre medyad\u0131r.","robots":{"index":"index","follow":"follow","max-snippet":"max-snippet:-1","max-image-preview":"max-image-preview:large","max-video-preview":"max-video-preview:-1"},"canonical":"https:\/\/dmi65.com\/tr\/bolge\/guney-afrika-su-krizi\/","og_locale":"tr_TR","og_type":"article","og_title":"DMI-65%sep%DMI-65\u00ae ile G\u00fcney Afrika su krizinin \u00e7\u00f6z\u00fcm\u00fc - DMI-65\u00ae","og_description":"DMI-65 a\u011f\u0131r metaller kald\u0131r\u0131r ve G\u00fcney Afrika su krizi ile yard\u0131mc\u0131 olmak i\u00e7in kullan\u0131labilir geli\u015fmi\u015f bir katalitik filtre medyad\u0131r.","og_url":"https:\/\/dmi65.com\/tr\/bolge\/guney-afrika-su-krizi\/","og_site_name":"DMI-65\u00ae","article_modified_time":"2020-08-11T07:04:33+00:00","og_image":[{"width":466,"height":200,"url":"https:\/\/dmi65.com\/wp-content\/uploads\/2020\/06\/dmi65_Logo_Blk.png","type":"image\/png"}],"twitter_card":"summary_large_image","twitter_misc":{"Tahmini okuma s\u00fcresi":"4 dakika"},"schema":{"@context":"https:\/\/schema.org","@graph":[{"@type":"WebPage","@id":"https:\/\/dmi65.com\/tr\/bolge\/guney-afrika-su-krizi\/","url":"https:\/\/dmi65.com\/tr\/bolge\/guney-afrika-su-krizi\/","name":"DMI-65%sep%DMI-65\u00ae ile G\u00fcney Afrika su krizinin \u00e7\u00f6z\u00fcm\u00fc - DMI-65\u00ae","isPartOf":{"@id":"https:\/\/dmi65.com\/tr\/#website"},"datePublished":"2020-08-11T07:04:32+00:00","dateModified":"2020-08-11T07:04:33+00:00","description":"DMI-65 a\u011f\u0131r metaller kald\u0131r\u0131r ve G\u00fcney Afrika su krizi ile yard\u0131mc\u0131 olmak i\u00e7in kullan\u0131labilir geli\u015fmi\u015f bir katalitik filtre medyad\u0131r.","breadcrumb":{"@id":"https:\/\/dmi65.com\/tr\/bolge\/guney-afrika-su-krizi\/#breadcrumb"},"inLanguage":"tr","potentialAction":[{"@type":"ReadAction","target":["https:\/\/dmi65.com\/tr\/bolge\/guney-afrika-su-krizi\/"]}]},{"@type":"BreadcrumbList","@id":"https:\/\/dmi65.com\/tr\/bolge\/guney-afrika-su-krizi\/#breadcrumb","itemListElement":[{"@type":"ListItem","position":1,"name":"Home","item":"https:\/\/dmi65.com\/tr\/"},{"@type":"ListItem","position":2,"name":"B\u00f6lge","item":"https:\/\/dmi65.com\/tr\/bolge\/"},{"@type":"ListItem","position":3,"name":"G\u00fcney Afrika Su Krizi"}]},{"@type":"WebSite","@id":"https:\/\/dmi65.com\/tr\/#website","url":"https:\/\/dmi65.com\/tr\/","name":"DMI-65\u00ae","description":"Water Filtration &amp; Reverse Osmosis Treatment, Catalytic Media","publisher":{"@id":"https:\/\/dmi65.com\/tr\/#organization"},"potentialAction":[{"@type":"SearchAction","target":{"@type":"EntryPoint","urlTemplate":"https:\/\/dmi65.com\/tr\/?s={search_term_string}"},"query-input":{"@type":"PropertyValueSpecification","valueRequired":true,"valueName":"search_term_string"}}],"inLanguage":"tr"},{"@type":"Organization","@id":"https:\/\/dmi65.com\/tr\/#organization","name":"DMI-65 & Quantum Filtration Pty Ltd","url":"https:\/\/dmi65.com\/tr\/","logo":{"@type":"ImageObject","inLanguage":"tr","@id":"https:\/\/dmi65.com\/tr\/#\/schema\/logo\/image\/","url":"https:\/\/dmi65.com\/wp-content\/uploads\/2020\/04\/dmi65.png","contentUrl":"https:\/\/dmi65.com\/wp-content\/uploads\/2020\/04\/dmi65.png","width":440,"height":205,"caption":"DMI-65 & Quantum Filtration Pty Ltd"},"image":{"@id":"https:\/\/dmi65.com\/tr\/#\/schema\/logo\/image\/"},"sameAs":["https:\/\/www.linkedin.com\/company\/dmi-65","https:\/\/www.youtube.com\/channel\/UCbXoMn5KBp2jrnx4KR_Qg4A"]}]}},"_links":{"self":[{"href":"https:\/\/dmi65.com\/tr\/wp-json\/wp\/v2\/pages\/9961","targetHints":{"allow":["GET"]}}],"collection":[{"href":"https:\/\/dmi65.com\/tr\/wp-json\/wp\/v2\/pages"}],"about":[{"href":"https:\/\/dmi65.com\/tr\/wp-json\/wp\/v2\/types\/page"}],"author":[{"embeddable":true,"href":"https:\/\/dmi65.com\/tr\/wp-json\/wp\/v2\/users\/1"}],"replies":[{"embeddable":true,"href":"https:\/\/dmi65.com\/tr\/wp-json\/wp\/v2\/comments?post=9961"}],"version-history":[{"count":3,"href":"https:\/\/dmi65.com\/tr\/wp-json\/wp\/v2\/pages\/9961\/revisions"}],"predecessor-version":[{"id":9964,"href":"https:\/\/dmi65.com\/tr\/wp-json\/wp\/v2\/pages\/9961\/revisions\/9964"}],"up":[{"embeddable":true,"href":"https:\/\/dmi65.com\/tr\/wp-json\/wp\/v2\/pages\/7134"}],"wp:attachment":[{"href":"https:\/\/dmi65.com\/tr\/wp-json\/wp\/v2\/media?parent=9961"}],"curies":[{"name":"wp","href":"https:\/\/api.w.org\/{rel}","templated":true}]}}