{"id":9907,"date":"2020-08-11T14:33:53","date_gmt":"2020-08-11T06:33:53","guid":{"rendered":"https:\/\/dmi65.com\/bolge\/cin-icme-suyu\/"},"modified":"2020-08-11T14:33:55","modified_gmt":"2020-08-11T06:33:55","slug":"cin-icme-suyu","status":"publish","type":"page","link":"https:\/\/dmi65.com\/tr\/bolge\/cin-icme-suyu\/","title":{"rendered":"\u00c7in \u0130\u00e7me Suyu"},"content":{"rendered":"<div class=\"wpb-content-wrapper\"><p>[vc_row][vc_column][vc_column_text]<strong>\u00c7in i\u00e7me suyu:<\/strong> \u00c7in&#8217;in su temini sorunlar\u0131 d\u00fcnya \u00e7ap\u0131nda iyi bilinmektedir. Ancak, \u00c7in&#8217;in kar\u015f\u0131 kar\u015f\u0131ya oldu\u011fu temel sorun, kendi ba\u015f\u0131na su eksikli\u011fi yerine, su da\u011f\u0131tmak i\u00e7in nas\u0131l. \u00c7in&#8217;in su kaynaklar\u0131n\u0131n% 80 <a href=\"https:\/\/en.wikipedia.org\/wiki\/South_China\" target=\"_blank\" rel=\"noopener noreferrer\">g\u00fcney \u00c7in&#8217;de<\/a>yat\u0131yor. Ancak bu su, toplam n\u00fcfusunun %41&#8217;ini, \u00c7in tar\u0131m\u0131n\u0131n %38&#8217;ini, sanayisinin %46&#8217;s\u0131n\u0131 ve enerji \u00fcretim g\u00fcc\u00fcn\u00fcn %50&#8217;sini temsil eden 12 \u00c7in eyaletinin n\u00fcfusu taraf\u0131ndan kullan\u0131lamaz. Bu illerden sekizinde \u015fu anda akut su k\u0131tl\u0131\u011f\u0131 ya\u015fan\u0131rken, d\u00f6rt ilde su sadece &#8220;k\u0131t&#8221;, iki ilde ise b\u00fcy\u00fck oranda \u00e7\u00f6l bulunuyor. Dahas\u0131, \u00e7in&#8217;deki 28.000 nehrin son 25 y\u0131lda kuruyup kuruyarak sorun giderek k\u00f6t\u00fcle\u015fiyor. Ve \u00c7in&#8217;in su i\u015ftah\u0131 artmaya devam ediyor ve t\u00fcketimin 2020&#8217;lerin ba\u015f\u0131nda y\u0131lda 670 milyar metrek\u00fcpe \u00e7\u0131kaca\u011f\u0131 tahmin ediliyor.<\/p>\n<p>K\u00f6m\u00fcr madencili\u011finin su yo\u011fun oldu\u011fu kadar kirletici bir s\u00fcre\u00e7 oldu\u011fu ve \u00c7in&#8217;deki k\u00f6m\u00fcr rezervlerinin %85&#8217;inin suyun az oldu\u011fu ve b\u00fcy\u00fck bir tar\u0131m sekt\u00f6r\u00fcyle payla\u015f\u0131lmas\u0131 gereken illerde bulunmas\u0131 da soruna ek leniyor. Bildirildi\u011fine g\u00f6re \u00c7in&#8217;de t\u00fcm su kullan\u0131m\u0131n\u0131n% 20 madencilik, i\u015fleme veya k\u00f6m\u00fcr t\u00fcketimi i\u00e7in, ve neredeyse% 70 tar\u0131msal ama\u00e7lar i\u00e7indir. Su talebindeki h\u0131zl\u0131 b\u00fcy\u00fcme, akiferlerden al\u0131nan yeralt\u0131 suyuna olan g\u00fcvenle birle\u015fti\u011finde, yeni bir soruna yol a\u00e7m\u0131\u015ft\u0131r &#8211; \u00e7\u00f6kme. Bu, \u00c7in&#8217;deki 50&#8217;den fazla \u015fehir i\u00e7in bir tehdit olu\u015fturuyor ve h\u00fck\u00fcmet taraf\u0131ndan yak\u0131ndan takip ediliyor.<\/p>\n<p>Kentle\u015fme h\u0131zla b\u00fcy\u00fcyen orta s\u0131n\u0131f toplum i\u00e7in b\u00fcy\u00fck bir sorun te\u015fkil etmi\u015ftir. \u0130stihdam f\u0131rsatlar\u0131 i\u00e7in \u015fehirlere ta\u015f\u0131nan \u00e7ok say\u0131da insan, art\u0131k daha y\u00fcksek beklentilere sahip ve su kalitesi bu ya\u015fam tarz\u0131n\u0131n ayr\u0131lmaz bir par\u00e7as\u0131d\u0131r. \u00c7in genelinde bir\u00e7ok \u015fehir kendi Belediye Su Ar\u0131tma Tesisleri&#8217;nde h\u0131zl\u0131 kum filtreleri kullan\u0131yor.<\/p>\n<h4><a href=\"https:\/\/dmi65.com\/tr\/teknik\/nasil-calisir\/\">DMI-65<\/a> kolayca yeralt\u0131 su kayna\u011f\u0131 a\u011f\u0131r metaller kald\u0131rmak ve \u00f6nemli \u00f6l\u00e7\u00fcde yerel topluluklar i\u00e7in i\u00e7me suyu kalitesini art\u0131rmak i\u00e7in, bu filtreler kullan\u0131labilir.<\/h4>\n<p>Xi Jinping y\u00f6netimi alt\u0131nda, Pekin, Tianjin ve Hebei \u00e7evresindeki il \u00f6nemli \u00f6l\u00e7\u00fcde geli\u015fmi\u015ftir. Ancak, orada ya\u015fayan 112 milyon ki\u015fi Suudi Arabistan&#8217;\u0131n ki\u015fi ba\u015f\u0131na d\u00fc\u015fen y\u0131ll\u0131k su t\u00fcketimi daha az ile y\u00f6netmek. 2016 y\u0131l\u0131nda Pekin Belediye Ba\u015fkan\u0131, \u00f6ncelikle su k\u0131tl\u0131\u011f\u0131 nedeniyle \u015fehrin n\u00fcfusunun 23 milyonun \u00fczerine \u00e7\u0131kamayaca\u011f\u0131n\u0131 a\u00e7\u0131klad\u0131. 2016 y\u0131l\u0131nda Gansu eyaleti ciddi sorunlarla kar\u015f\u0131la\u015ft\u0131 ve b\u00f6lge sakinleri g\u00fcnde sadece bir saat su yla kar\u015f\u0131la\u015ft\u0131lar ve daha sonra suyu y\u00fcksek katl\u0131 dairelerine ta\u015f\u0131mak zorunda kald\u0131lar.<\/p>\n<p>H\u00fck\u00fcmet 2015 y\u0131l\u0131nda, \u00e7o\u011fu sulaman\u0131n iyile\u015ftirilmesine odaklanan su koruma projeleri yoluyla sulaman\u0131n iyile\u015ftirilmesi i\u00e7in CNY800 milyar (127 milyar ABD Dolar\u0131) yat\u0131r\u0131m yapaca\u011f\u0131n\u0131 duyurdu. H\u00fck\u00fcmet ayr\u0131ca \u00f6n\u00fcm\u00fczdeki birka\u00e7 y\u0131l i\u00e7inde \u00c7in&#8217;in su altyap\u0131s\u0131n\u0131 iyile\u015ftirmek ve su kirlili\u011fini azaltmak i\u00e7in CNY6 trilyon&#8217;dan fazla yat\u0131r\u0131m yapmay\u0131 planl\u0131yor.<\/p>\n<p>\u00c7in&#8217;in su kirlili\u011fini ele alma <a href=\"https:\/\/www.chinawaterrisk.org\/notices\/chinas-13th-five-year-plan-2016-2020\/\">planlar\u0131,<\/a>h\u00fck\u00fcmetin bu sorunla m\u00fccadele stratejisini i\u00e7eren 13. 10 Maddelik Su Plan\u0131, su arz\u0131n\u0131 art\u0131rmak i\u00e7in geri d\u00f6n\u00fc\u015f\u00fcm\u00fcte\u015fvik etmeye ve kirlilik seviyelerini azaltmaya odaklanmaktad\u0131r. 13. Be\u015f Y\u0131ll\u0131k Plan, hedefler belirler ve plan\u0131n her bir b\u00f6l\u00fcm\u00fcn\u00fcn uygulanmas\u0131ndan hangi bakanl\u0131\u011f\u0131n sorumlu olaca\u011f\u0131n\u0131 \u00f6ng\u00f6rmektedir.[\/vc_column_text][\/vc_column][\/vc_row][vc_row content_placement=&#8221;middle&#8221; css=&#8221;.vc_custom_1592794121420{padding-top: 20px !important;padding-right: 20px !important;padding-bottom: 5px !important;padding-left: 20px !important;}&#8221; el_class=&#8221;cta&#8221;][vc_column]<div class=\"dt-fancy-separator\" style=\"width: 100%;\"><div class=\"dt-fancy-title\"><span class=\"separator-holder separator-left\"><\/span>Nas\u0131l DMI-65\u00ae filtrasyon medya \u00c7in i\u00e7me suyu i\u00e7in kullan\u0131labilir \u00f6\u011frenmek i\u00e7in bilgi almak.<span class=\"separator-holder separator-right\"><\/span><\/div><\/div>[vc_btn title=&#8221;Sormak&#8221; style=&#8221;custom&#8221; custom_background=&#8221;#162441&#8243; custom_text=&#8221;#ffffff&#8221; shape=&#8221;square&#8221; size=&#8221;lg&#8221; align=&#8221;center&#8221; i_align=&#8221;right&#8221; i_icon_fontawesome=&#8221;fas fa-chevron-right&#8221; add_icon=&#8221;true&#8221; css=&#8221;.vc_custom_1592793128520{margin-top: 20px !important;}&#8221; el_class=&#8221;ctaButton sg-popup-id-8233&#8243;][\/vc_column][\/vc_row]<\/p>\n<\/div>","protected":false},"excerpt":{"rendered":"<p>[vc_row][vc_column][vc_column_text]\u00c7in i\u00e7me suyu: \u00c7in&#8217;in su temini sorunlar\u0131 d\u00fcnya \u00e7ap\u0131nda iyi bilinmektedir. Ancak, \u00c7in&#8217;in kar\u015f\u0131 kar\u015f\u0131ya oldu\u011fu temel sorun, kendi ba\u015f\u0131na su eksikli\u011fi yerine, su da\u011f\u0131tmak i\u00e7in nas\u0131l. \u00c7in&#8217;in su kaynaklar\u0131n\u0131n% 80 g\u00fcney \u00c7in&#8217;deyat\u0131yor. Ancak bu su, toplam n\u00fcfusunun %41&#8217;ini, \u00c7in tar\u0131m\u0131n\u0131n %38&#8217;ini, sanayisinin %46&#8217;s\u0131n\u0131 ve enerji \u00fcretim g\u00fcc\u00fcn\u00fcn %50&#8217;sini temsil eden 12 \u00c7in eyaletinin n\u00fcfusu&hellip;<\/p>\n","protected":false},"author":1,"featured_media":0,"parent":7134,"menu_order":0,"comment_status":"closed","ping_status":"closed","template":"","meta":{"content-type":"","footnotes":""},"class_list":["post-9907","page","type-page","status-publish","hentry","description-off"],"yoast_head":"<!-- This site is optimized with the Yoast SEO plugin v25.2 - https:\/\/yoast.com\/wordpress\/plugins\/seo\/ -->\n<title>\u00c7in \u0130\u00e7me Suyu Filtrasyon Medya kullanarak - DMI-65\u00ae<\/title>\n<meta name=\"description\" content=\"\u00c7in \u0130\u00e7me Suyu: \u00c7in&#039;in kar\u015f\u0131 kar\u015f\u0131ya oldu\u011fu temel sorun, kendi ba\u015f\u0131na su eksikli\u011fi yerine, suyunun nas\u0131l da\u011f\u0131t\u0131lacak oldu\u011fudur.\" \/>\n<meta name=\"robots\" content=\"index, follow, max-snippet:-1, max-image-preview:large, max-video-preview:-1\" \/>\n<link rel=\"canonical\" href=\"https:\/\/dmi65.com\/tr\/bolge\/cin-icme-suyu\/\" \/>\n<meta property=\"og:locale\" content=\"tr_TR\" \/>\n<meta property=\"og:type\" content=\"article\" \/>\n<meta property=\"og:title\" content=\"\u00c7in \u0130\u00e7me Suyu Filtrasyon Medya kullanarak - DMI-65\u00ae\" \/>\n<meta property=\"og:description\" content=\"\u00c7in \u0130\u00e7me Suyu: \u00c7in&#039;in kar\u015f\u0131 kar\u015f\u0131ya oldu\u011fu temel sorun, kendi ba\u015f\u0131na su eksikli\u011fi yerine, suyunun nas\u0131l da\u011f\u0131t\u0131lacak oldu\u011fudur.\" \/>\n<meta property=\"og:url\" content=\"https:\/\/dmi65.com\/tr\/bolge\/cin-icme-suyu\/\" \/>\n<meta property=\"og:site_name\" content=\"DMI-65\u00ae\" \/>\n<meta property=\"article:modified_time\" content=\"2020-08-11T06:33:55+00:00\" \/>\n<meta property=\"og:image\" content=\"https:\/\/dmi65.com\/wp-content\/uploads\/2020\/06\/dmi65_Logo_Blk.png\" \/>\n\t<meta property=\"og:image:width\" content=\"466\" \/>\n\t<meta property=\"og:image:height\" content=\"200\" \/>\n\t<meta property=\"og:image:type\" content=\"image\/png\" \/>\n<meta name=\"twitter:card\" content=\"summary_large_image\" \/>\n<meta name=\"twitter:label1\" content=\"Tahmini okuma s\u00fcresi\" \/>\n\t<meta name=\"twitter:data1\" content=\"4 dakika\" \/>\n<script type=\"application\/ld+json\" class=\"yoast-schema-graph\">{\"@context\":\"https:\/\/schema.org\",\"@graph\":[{\"@type\":\"WebPage\",\"@id\":\"https:\/\/dmi65.com\/tr\/bolge\/cin-icme-suyu\/\",\"url\":\"https:\/\/dmi65.com\/tr\/bolge\/cin-icme-suyu\/\",\"name\":\"\u00c7in \u0130\u00e7me Suyu Filtrasyon Medya kullanarak - DMI-65\u00ae\",\"isPartOf\":{\"@id\":\"https:\/\/dmi65.com\/tr\/#website\"},\"datePublished\":\"2020-08-11T06:33:53+00:00\",\"dateModified\":\"2020-08-11T06:33:55+00:00\",\"description\":\"\u00c7in \u0130\u00e7me Suyu: \u00c7in'in kar\u015f\u0131 kar\u015f\u0131ya oldu\u011fu temel sorun, kendi ba\u015f\u0131na su eksikli\u011fi yerine, suyunun nas\u0131l da\u011f\u0131t\u0131lacak oldu\u011fudur.\",\"breadcrumb\":{\"@id\":\"https:\/\/dmi65.com\/tr\/bolge\/cin-icme-suyu\/#breadcrumb\"},\"inLanguage\":\"tr\",\"potentialAction\":[{\"@type\":\"ReadAction\",\"target\":[\"https:\/\/dmi65.com\/tr\/bolge\/cin-icme-suyu\/\"]}]},{\"@type\":\"BreadcrumbList\",\"@id\":\"https:\/\/dmi65.com\/tr\/bolge\/cin-icme-suyu\/#breadcrumb\",\"itemListElement\":[{\"@type\":\"ListItem\",\"position\":1,\"name\":\"Home\",\"item\":\"https:\/\/dmi65.com\/tr\/\"},{\"@type\":\"ListItem\",\"position\":2,\"name\":\"B\u00f6lge\",\"item\":\"https:\/\/dmi65.com\/tr\/bolge\/\"},{\"@type\":\"ListItem\",\"position\":3,\"name\":\"\u00c7in \u0130\u00e7me Suyu\"}]},{\"@type\":\"WebSite\",\"@id\":\"https:\/\/dmi65.com\/tr\/#website\",\"url\":\"https:\/\/dmi65.com\/tr\/\",\"name\":\"DMI-65\u00ae\",\"description\":\"Water Filtration &amp; Reverse Osmosis Treatment, Catalytic Media\",\"publisher\":{\"@id\":\"https:\/\/dmi65.com\/tr\/#organization\"},\"potentialAction\":[{\"@type\":\"SearchAction\",\"target\":{\"@type\":\"EntryPoint\",\"urlTemplate\":\"https:\/\/dmi65.com\/tr\/?s={search_term_string}\"},\"query-input\":{\"@type\":\"PropertyValueSpecification\",\"valueRequired\":true,\"valueName\":\"search_term_string\"}}],\"inLanguage\":\"tr\"},{\"@type\":\"Organization\",\"@id\":\"https:\/\/dmi65.com\/tr\/#organization\",\"name\":\"DMI-65 & Quantum Filtration Pty Ltd\",\"url\":\"https:\/\/dmi65.com\/tr\/\",\"logo\":{\"@type\":\"ImageObject\",\"inLanguage\":\"tr\",\"@id\":\"https:\/\/dmi65.com\/tr\/#\/schema\/logo\/image\/\",\"url\":\"https:\/\/dmi65.com\/wp-content\/uploads\/2020\/04\/dmi65.png\",\"contentUrl\":\"https:\/\/dmi65.com\/wp-content\/uploads\/2020\/04\/dmi65.png\",\"width\":440,\"height\":205,\"caption\":\"DMI-65 & Quantum Filtration Pty Ltd\"},\"image\":{\"@id\":\"https:\/\/dmi65.com\/tr\/#\/schema\/logo\/image\/\"},\"sameAs\":[\"https:\/\/www.linkedin.com\/company\/dmi-65\",\"https:\/\/www.youtube.com\/channel\/UCbXoMn5KBp2jrnx4KR_Qg4A\"]}]}<\/script>\n<!-- \/ Yoast SEO plugin. -->","yoast_head_json":{"title":"\u00c7in \u0130\u00e7me Suyu Filtrasyon Medya kullanarak - DMI-65\u00ae","description":"\u00c7in \u0130\u00e7me Suyu: \u00c7in'in kar\u015f\u0131 kar\u015f\u0131ya oldu\u011fu temel sorun, kendi ba\u015f\u0131na su eksikli\u011fi yerine, suyunun nas\u0131l da\u011f\u0131t\u0131lacak oldu\u011fudur.","robots":{"index":"index","follow":"follow","max-snippet":"max-snippet:-1","max-image-preview":"max-image-preview:large","max-video-preview":"max-video-preview:-1"},"canonical":"https:\/\/dmi65.com\/tr\/bolge\/cin-icme-suyu\/","og_locale":"tr_TR","og_type":"article","og_title":"\u00c7in \u0130\u00e7me Suyu Filtrasyon Medya kullanarak - DMI-65\u00ae","og_description":"\u00c7in \u0130\u00e7me Suyu: \u00c7in'in kar\u015f\u0131 kar\u015f\u0131ya oldu\u011fu temel sorun, kendi ba\u015f\u0131na su eksikli\u011fi yerine, suyunun nas\u0131l da\u011f\u0131t\u0131lacak oldu\u011fudur.","og_url":"https:\/\/dmi65.com\/tr\/bolge\/cin-icme-suyu\/","og_site_name":"DMI-65\u00ae","article_modified_time":"2020-08-11T06:33:55+00:00","og_image":[{"width":466,"height":200,"url":"https:\/\/dmi65.com\/wp-content\/uploads\/2020\/06\/dmi65_Logo_Blk.png","type":"image\/png"}],"twitter_card":"summary_large_image","twitter_misc":{"Tahmini okuma s\u00fcresi":"4 dakika"},"schema":{"@context":"https:\/\/schema.org","@graph":[{"@type":"WebPage","@id":"https:\/\/dmi65.com\/tr\/bolge\/cin-icme-suyu\/","url":"https:\/\/dmi65.com\/tr\/bolge\/cin-icme-suyu\/","name":"\u00c7in \u0130\u00e7me Suyu Filtrasyon Medya kullanarak - DMI-65\u00ae","isPartOf":{"@id":"https:\/\/dmi65.com\/tr\/#website"},"datePublished":"2020-08-11T06:33:53+00:00","dateModified":"2020-08-11T06:33:55+00:00","description":"\u00c7in \u0130\u00e7me Suyu: \u00c7in'in kar\u015f\u0131 kar\u015f\u0131ya oldu\u011fu temel sorun, kendi ba\u015f\u0131na su eksikli\u011fi yerine, suyunun nas\u0131l da\u011f\u0131t\u0131lacak oldu\u011fudur.","breadcrumb":{"@id":"https:\/\/dmi65.com\/tr\/bolge\/cin-icme-suyu\/#breadcrumb"},"inLanguage":"tr","potentialAction":[{"@type":"ReadAction","target":["https:\/\/dmi65.com\/tr\/bolge\/cin-icme-suyu\/"]}]},{"@type":"BreadcrumbList","@id":"https:\/\/dmi65.com\/tr\/bolge\/cin-icme-suyu\/#breadcrumb","itemListElement":[{"@type":"ListItem","position":1,"name":"Home","item":"https:\/\/dmi65.com\/tr\/"},{"@type":"ListItem","position":2,"name":"B\u00f6lge","item":"https:\/\/dmi65.com\/tr\/bolge\/"},{"@type":"ListItem","position":3,"name":"\u00c7in \u0130\u00e7me Suyu"}]},{"@type":"WebSite","@id":"https:\/\/dmi65.com\/tr\/#website","url":"https:\/\/dmi65.com\/tr\/","name":"DMI-65\u00ae","description":"Water Filtration &amp; Reverse Osmosis Treatment, Catalytic Media","publisher":{"@id":"https:\/\/dmi65.com\/tr\/#organization"},"potentialAction":[{"@type":"SearchAction","target":{"@type":"EntryPoint","urlTemplate":"https:\/\/dmi65.com\/tr\/?s={search_term_string}"},"query-input":{"@type":"PropertyValueSpecification","valueRequired":true,"valueName":"search_term_string"}}],"inLanguage":"tr"},{"@type":"Organization","@id":"https:\/\/dmi65.com\/tr\/#organization","name":"DMI-65 & Quantum Filtration Pty Ltd","url":"https:\/\/dmi65.com\/tr\/","logo":{"@type":"ImageObject","inLanguage":"tr","@id":"https:\/\/dmi65.com\/tr\/#\/schema\/logo\/image\/","url":"https:\/\/dmi65.com\/wp-content\/uploads\/2020\/04\/dmi65.png","contentUrl":"https:\/\/dmi65.com\/wp-content\/uploads\/2020\/04\/dmi65.png","width":440,"height":205,"caption":"DMI-65 & Quantum Filtration Pty Ltd"},"image":{"@id":"https:\/\/dmi65.com\/tr\/#\/schema\/logo\/image\/"},"sameAs":["https:\/\/www.linkedin.com\/company\/dmi-65","https:\/\/www.youtube.com\/channel\/UCbXoMn5KBp2jrnx4KR_Qg4A"]}]}},"_links":{"self":[{"href":"https:\/\/dmi65.com\/tr\/wp-json\/wp\/v2\/pages\/9907","targetHints":{"allow":["GET"]}}],"collection":[{"href":"https:\/\/dmi65.com\/tr\/wp-json\/wp\/v2\/pages"}],"about":[{"href":"https:\/\/dmi65.com\/tr\/wp-json\/wp\/v2\/types\/page"}],"author":[{"embeddable":true,"href":"https:\/\/dmi65.com\/tr\/wp-json\/wp\/v2\/users\/1"}],"replies":[{"embeddable":true,"href":"https:\/\/dmi65.com\/tr\/wp-json\/wp\/v2\/comments?post=9907"}],"version-history":[{"count":3,"href":"https:\/\/dmi65.com\/tr\/wp-json\/wp\/v2\/pages\/9907\/revisions"}],"predecessor-version":[{"id":9911,"href":"https:\/\/dmi65.com\/tr\/wp-json\/wp\/v2\/pages\/9907\/revisions\/9911"}],"up":[{"embeddable":true,"href":"https:\/\/dmi65.com\/tr\/wp-json\/wp\/v2\/pages\/7134"}],"wp:attachment":[{"href":"https:\/\/dmi65.com\/tr\/wp-json\/wp\/v2\/media?parent=9907"}],"curies":[{"name":"wp","href":"https:\/\/api.w.org\/{rel}","templated":true}]}}