{"id":9862,"date":"2020-08-10T20:31:37","date_gmt":"2020-08-10T12:31:37","guid":{"rendered":"https:\/\/dmi65.com\/bolge\/hindistan-icme-suyu\/"},"modified":"2020-08-10T20:31:42","modified_gmt":"2020-08-10T12:31:42","slug":"hindistan-icme-suyu","status":"publish","type":"page","link":"https:\/\/dmi65.com\/tr\/bolge\/hindistan-icme-suyu\/","title":{"rendered":"Hindistan \u0130\u00e7me Suyu"},"content":{"rendered":"<div class=\"wpb-content-wrapper\"><p>[vc_row][vc_column][vc_column_text]<strong>Hindistan \u0130\u00e7me Suyu:<\/strong> Amerika Birle\u015fik Devletleri&#8217;nin \u00fc\u00e7 kat\u0131 b\u00fcy\u00fckl\u00fc\u011f\u00fcnde ama fiziksel boyutu \u00fc\u00e7te biri olan farkl\u0131 bir n\u00fcfusa sahip olan <a href=\"https:\/\/www.unicef.org\/india\/what-we-do\/clean-drinking-water\">Hindistan,<\/a> d\u00fcnyan\u0131n en b\u00fcy\u00fck ikinci n\u00fcfusuna sahiptir. Hindistan son y\u0131llarda belediye i\u00e7me suyu sistemlerinin hem kullan\u0131labilirli\u011fi hem de kalitesinde iyile\u015ftirmeler yapm\u0131\u015f olsa da, b\u00fcy\u00fck n\u00fcfusu planlanan su kaynaklar\u0131 n\u0131n ve k\u0131rsal alanlar\u0131n d\u0131\u015far\u0131da b\u0131rak\u0131ld\u0131\u011f\u0131n\u0131 vurgulam\u0131\u015ft\u0131r. Buna ek olarak, Hindistan&#8217;\u0131n kentsel alanlarda h\u0131zl\u0131 b\u00fcy\u00fcme a\u015f\u0131r\u0131 \u00f6zelle\u015ftirme taraf\u0131ndan tehlikeye edilmi\u015f h\u00fck\u00fcmet \u00e7\u00f6z\u00fcmleri, gerdi.<\/p>\n<p>\u0130\u00e7me suyundaki iyile\u015ftirmelerne bak\u0131lmaks\u0131z\u0131n, di\u011fer pek \u00e7ok su kayna\u011f\u0131 hem biyolojik hem de kimyasal kirleticilerle kirlenmi\u015f ve \u00fclkedeki hastal\u0131klar\u0131n %21&#8217;den fazlas\u0131 suyla ilgili. Dahas\u0131, \u00fclkenin yaln\u0131zca %33&#8217;\u00fc geleneksel sanitasyona eri\u015febiliyorum. Bir endi\u015fe Hindistan doldurulabilir su kaynaklar\u0131n\u0131n genel uzun vadeli kullan\u0131labilirli\u011fi eksikli\u011fi olabilir. Hindistan&#8217;\u0131n akiferler \u015fu anda kaynaklar\u0131 doldurma ile ili\u015fkili iken, \u00fclke de emtia desteklemek i\u00e7in su i\u00e7in b\u00fcy\u00fck bir ihtiya\u00e7 ile b\u00fcy\u00fck bir tah\u0131l \u00fcreticisidir. B\u00fcy\u00fck tar\u0131msal \u00fcretimi olan t\u00fcm \u00fclkelerde oldu\u011fu gibi, g\u0131da \u00fcretimi i\u00e7in a\u015f\u0131r\u0131 su t\u00fcketimi genel su tablas\u0131t\u00fcketir.<\/p>\n<p>Hindistan&#8217;da kentsel yay\u0131lma eteklerinde bulunan bir\u00e7ok k\u0131rsal topluluklar da \u00e7ok az se\u00e7enek var ama yeralt\u0131 suyu kaynaklar\u0131na eri\u015fmek i\u00e7in kuyular sondaj. Ancak, herhangi bir ek su sistemi su genel t\u00fckenmesi ekler. G\u0131da ve insan r\u0131z\u0131k i\u00e7in su kaynaklar\u0131na dokunun gereken Hindistan i\u00e7in kolay bir cevap yoktur, ancak Hindistan&#8217;\u0131n genel su durumu kuru \u00e7al\u0131\u015f\u0131yor. Buna ek olarak, Hindistan&#8217;da su k\u0131tl\u0131\u011f\u0131 genel n\u00fcfus 2050 y\u0131l\u0131na kadar 1,6 milyar artmas\u0131 bekleniyor olarak k\u00f6t\u00fcle\u015fmesi bekleniyor. Bu ama\u00e7la, k\u00fcresel su k\u0131tl\u0131\u011f\u0131 gelecekte ulusal siyasi \u00e7at\u0131\u015fman\u0131n \u00f6nde gelen nedeni haline gelmesi bekleniyor ve Hindistan i\u00e7in prognoz farkl\u0131 de\u011fildir.<\/p>\n<p>Olumlu bir kayda g\u00f6re, Hindistan&#8217;\u0131n baz\u0131 alanlarda nispeten \u0131slak iklimi\u00e7in \u015fansl\u0131, en kurak b\u00f6lgelerde bile. Ancak, yerinde hi\u00e7bir ya\u011fmur yakalama programlar\u0131 ile, su \u00e7o\u011fu yerinden veya yerine kullan\u0131lan kurutulur. Bu alanlarda, ya\u011fmur hasat su toplama i\u00e7in bir \u00e7\u00f6z\u00fcm olabilir. Toplanan su hemen tar\u0131m i\u00e7in kullan\u0131labilir, ve su kaynakl\u0131 patojenleri azaltmak i\u00e7in geli\u015ftirilmi\u015f filtrasyon uygulamalar\u0131 ile, ayn\u0131 zamanda h\u0131zl\u0131 bir \u015fekilde insan t\u00fcketimi i\u00e7in kullan\u0131labilir.<\/p>\n<h4><a href=\"https:\/\/dmi65.com\/tr\/teknik\/nasil-calisir\/\">DMI-65<\/a> bu alanda yard\u0131mc\u0131 olabilir, ticari filtreler de kullan\u0131larak, s\u0131k\u0131nt\u0131 a\u011f\u0131r metaller kald\u0131r\u0131labilir. Bu Hindistan&#8217;da topluluklar boyunca genel su kalitesini art\u0131rmak yard\u0131mc\u0131 olacakt\u0131r.<\/h4>\n<p>[\/vc_column_text][\/vc_column][\/vc_row][vc_row content_placement=&#8221;middle&#8221; css=&#8221;.vc_custom_1592794121420{padding-top: 20px !important;padding-right: 20px !important;padding-bottom: 5px !important;padding-left: 20px !important;}&#8221; el_class=&#8221;cta&#8221;][vc_column]<div class=\"dt-fancy-separator\" style=\"width: 100%;\"><div class=\"dt-fancy-title\"><span class=\"separator-holder separator-left\"><\/span>Nas\u0131l DMI-65\u00ae filtrasyon medya Hindistan i\u00e7me suyu i\u00e7in Filtrasyon Medya ile yard\u0131mc\u0131 olabilir \u00f6\u011frenmek i\u00e7in sorun.<span class=\"separator-holder separator-right\"><\/span><\/div><\/div>[vc_btn title=&#8221;Sormak&#8221; style=&#8221;custom&#8221; custom_background=&#8221;#162441&#8243; custom_text=&#8221;#ffffff&#8221; shape=&#8221;square&#8221; size=&#8221;lg&#8221; align=&#8221;center&#8221; i_align=&#8221;right&#8221; i_icon_fontawesome=&#8221;fas fa-chevron-right&#8221; add_icon=&#8221;true&#8221; css=&#8221;.vc_custom_1592793128520{margin-top: 20px !important;}&#8221; el_class=&#8221;ctaButton sg-popup-id-8233&#8243;][\/vc_column][\/vc_row]<\/p>\n<\/div>","protected":false},"excerpt":{"rendered":"<p>[vc_row][vc_column][vc_column_text]Hindistan \u0130\u00e7me Suyu: Amerika Birle\u015fik Devletleri&#8217;nin \u00fc\u00e7 kat\u0131 b\u00fcy\u00fckl\u00fc\u011f\u00fcnde ama fiziksel boyutu \u00fc\u00e7te biri olan farkl\u0131 bir n\u00fcfusa sahip olan Hindistan, d\u00fcnyan\u0131n en b\u00fcy\u00fck ikinci n\u00fcfusuna sahiptir. Hindistan son y\u0131llarda belediye i\u00e7me suyu sistemlerinin hem kullan\u0131labilirli\u011fi hem de kalitesinde iyile\u015ftirmeler yapm\u0131\u015f olsa da, b\u00fcy\u00fck n\u00fcfusu planlanan su kaynaklar\u0131 n\u0131n ve k\u0131rsal alanlar\u0131n d\u0131\u015far\u0131da b\u0131rak\u0131ld\u0131\u011f\u0131n\u0131 vurgulam\u0131\u015ft\u0131r.&hellip;<\/p>\n","protected":false},"author":1,"featured_media":0,"parent":7134,"menu_order":0,"comment_status":"closed","ping_status":"closed","template":"","meta":{"content-type":"","footnotes":""},"class_list":["post-9862","page","type-page","status-publish","hentry","description-off"],"yoast_head":"<!-- This site is optimized with the Yoast SEO plugin v25.2 - https:\/\/yoast.com\/wordpress\/plugins\/seo\/ -->\n<title>Filtrasyon Medya - G\u00fcvenli Hindistan \u0130\u00e7me Suyu - DMI-65\u00ae<\/title>\n<meta name=\"description\" content=\"B\u00fcy\u00fck bir n\u00fcfusa sahip - Hindistan DMI-65 medya ile yard\u0131mc\u0131 olabilir temiz ve g\u00fcvenli i\u00e7me suyu ile \u00f6nemli zorluklarla kar\u015f\u0131 kar\u015f\u0131ya.\" \/>\n<meta name=\"robots\" content=\"index, follow, max-snippet:-1, max-image-preview:large, max-video-preview:-1\" \/>\n<link rel=\"canonical\" href=\"https:\/\/dmi65.com\/tr\/bolge\/hindistan-icme-suyu\/\" \/>\n<meta property=\"og:locale\" content=\"tr_TR\" \/>\n<meta property=\"og:type\" content=\"article\" \/>\n<meta property=\"og:title\" content=\"Filtrasyon Medya - G\u00fcvenli Hindistan \u0130\u00e7me Suyu - DMI-65\u00ae\" \/>\n<meta property=\"og:description\" content=\"B\u00fcy\u00fck bir n\u00fcfusa sahip - Hindistan DMI-65 medya ile yard\u0131mc\u0131 olabilir temiz ve g\u00fcvenli i\u00e7me suyu ile \u00f6nemli zorluklarla kar\u015f\u0131 kar\u015f\u0131ya.\" \/>\n<meta property=\"og:url\" content=\"https:\/\/dmi65.com\/tr\/bolge\/hindistan-icme-suyu\/\" \/>\n<meta property=\"og:site_name\" content=\"DMI-65\u00ae\" \/>\n<meta property=\"article:modified_time\" content=\"2020-08-10T12:31:42+00:00\" \/>\n<meta property=\"og:image\" content=\"https:\/\/dmi65.com\/wp-content\/uploads\/2020\/06\/dmi65_Logo_Blk.png\" \/>\n\t<meta property=\"og:image:width\" content=\"466\" \/>\n\t<meta property=\"og:image:height\" content=\"200\" \/>\n\t<meta property=\"og:image:type\" content=\"image\/png\" \/>\n<meta name=\"twitter:card\" content=\"summary_large_image\" \/>\n<meta name=\"twitter:label1\" content=\"Tahmini okuma s\u00fcresi\" \/>\n\t<meta name=\"twitter:data1\" content=\"3 dakika\" \/>\n<script type=\"application\/ld+json\" class=\"yoast-schema-graph\">{\"@context\":\"https:\/\/schema.org\",\"@graph\":[{\"@type\":\"WebPage\",\"@id\":\"https:\/\/dmi65.com\/tr\/bolge\/hindistan-icme-suyu\/\",\"url\":\"https:\/\/dmi65.com\/tr\/bolge\/hindistan-icme-suyu\/\",\"name\":\"Filtrasyon Medya - G\u00fcvenli Hindistan \u0130\u00e7me Suyu - DMI-65\u00ae\",\"isPartOf\":{\"@id\":\"https:\/\/dmi65.com\/tr\/#website\"},\"datePublished\":\"2020-08-10T12:31:37+00:00\",\"dateModified\":\"2020-08-10T12:31:42+00:00\",\"description\":\"B\u00fcy\u00fck bir n\u00fcfusa sahip - Hindistan DMI-65 medya ile yard\u0131mc\u0131 olabilir temiz ve g\u00fcvenli i\u00e7me suyu ile \u00f6nemli zorluklarla kar\u015f\u0131 kar\u015f\u0131ya.\",\"breadcrumb\":{\"@id\":\"https:\/\/dmi65.com\/tr\/bolge\/hindistan-icme-suyu\/#breadcrumb\"},\"inLanguage\":\"tr\",\"potentialAction\":[{\"@type\":\"ReadAction\",\"target\":[\"https:\/\/dmi65.com\/tr\/bolge\/hindistan-icme-suyu\/\"]}]},{\"@type\":\"BreadcrumbList\",\"@id\":\"https:\/\/dmi65.com\/tr\/bolge\/hindistan-icme-suyu\/#breadcrumb\",\"itemListElement\":[{\"@type\":\"ListItem\",\"position\":1,\"name\":\"Home\",\"item\":\"https:\/\/dmi65.com\/tr\/\"},{\"@type\":\"ListItem\",\"position\":2,\"name\":\"B\u00f6lge\",\"item\":\"https:\/\/dmi65.com\/tr\/bolge\/\"},{\"@type\":\"ListItem\",\"position\":3,\"name\":\"Hindistan \u0130\u00e7me Suyu\"}]},{\"@type\":\"WebSite\",\"@id\":\"https:\/\/dmi65.com\/tr\/#website\",\"url\":\"https:\/\/dmi65.com\/tr\/\",\"name\":\"DMI-65\u00ae\",\"description\":\"Water Filtration &amp; Reverse Osmosis Treatment, Catalytic Media\",\"publisher\":{\"@id\":\"https:\/\/dmi65.com\/tr\/#organization\"},\"potentialAction\":[{\"@type\":\"SearchAction\",\"target\":{\"@type\":\"EntryPoint\",\"urlTemplate\":\"https:\/\/dmi65.com\/tr\/?s={search_term_string}\"},\"query-input\":{\"@type\":\"PropertyValueSpecification\",\"valueRequired\":true,\"valueName\":\"search_term_string\"}}],\"inLanguage\":\"tr\"},{\"@type\":\"Organization\",\"@id\":\"https:\/\/dmi65.com\/tr\/#organization\",\"name\":\"DMI-65 & Quantum Filtration Pty Ltd\",\"url\":\"https:\/\/dmi65.com\/tr\/\",\"logo\":{\"@type\":\"ImageObject\",\"inLanguage\":\"tr\",\"@id\":\"https:\/\/dmi65.com\/tr\/#\/schema\/logo\/image\/\",\"url\":\"https:\/\/dmi65.com\/wp-content\/uploads\/2020\/04\/dmi65.png\",\"contentUrl\":\"https:\/\/dmi65.com\/wp-content\/uploads\/2020\/04\/dmi65.png\",\"width\":440,\"height\":205,\"caption\":\"DMI-65 & Quantum Filtration Pty Ltd\"},\"image\":{\"@id\":\"https:\/\/dmi65.com\/tr\/#\/schema\/logo\/image\/\"},\"sameAs\":[\"https:\/\/www.linkedin.com\/company\/dmi-65\",\"https:\/\/www.youtube.com\/channel\/UCbXoMn5KBp2jrnx4KR_Qg4A\"]}]}<\/script>\n<!-- \/ Yoast SEO plugin. -->","yoast_head_json":{"title":"Filtrasyon Medya - G\u00fcvenli Hindistan \u0130\u00e7me Suyu - DMI-65\u00ae","description":"B\u00fcy\u00fck bir n\u00fcfusa sahip - Hindistan DMI-65 medya ile yard\u0131mc\u0131 olabilir temiz ve g\u00fcvenli i\u00e7me suyu ile \u00f6nemli zorluklarla kar\u015f\u0131 kar\u015f\u0131ya.","robots":{"index":"index","follow":"follow","max-snippet":"max-snippet:-1","max-image-preview":"max-image-preview:large","max-video-preview":"max-video-preview:-1"},"canonical":"https:\/\/dmi65.com\/tr\/bolge\/hindistan-icme-suyu\/","og_locale":"tr_TR","og_type":"article","og_title":"Filtrasyon Medya - G\u00fcvenli Hindistan \u0130\u00e7me Suyu - DMI-65\u00ae","og_description":"B\u00fcy\u00fck bir n\u00fcfusa sahip - Hindistan DMI-65 medya ile yard\u0131mc\u0131 olabilir temiz ve g\u00fcvenli i\u00e7me suyu ile \u00f6nemli zorluklarla kar\u015f\u0131 kar\u015f\u0131ya.","og_url":"https:\/\/dmi65.com\/tr\/bolge\/hindistan-icme-suyu\/","og_site_name":"DMI-65\u00ae","article_modified_time":"2020-08-10T12:31:42+00:00","og_image":[{"width":466,"height":200,"url":"https:\/\/dmi65.com\/wp-content\/uploads\/2020\/06\/dmi65_Logo_Blk.png","type":"image\/png"}],"twitter_card":"summary_large_image","twitter_misc":{"Tahmini okuma s\u00fcresi":"3 dakika"},"schema":{"@context":"https:\/\/schema.org","@graph":[{"@type":"WebPage","@id":"https:\/\/dmi65.com\/tr\/bolge\/hindistan-icme-suyu\/","url":"https:\/\/dmi65.com\/tr\/bolge\/hindistan-icme-suyu\/","name":"Filtrasyon Medya - G\u00fcvenli Hindistan \u0130\u00e7me Suyu - DMI-65\u00ae","isPartOf":{"@id":"https:\/\/dmi65.com\/tr\/#website"},"datePublished":"2020-08-10T12:31:37+00:00","dateModified":"2020-08-10T12:31:42+00:00","description":"B\u00fcy\u00fck bir n\u00fcfusa sahip - Hindistan DMI-65 medya ile yard\u0131mc\u0131 olabilir temiz ve g\u00fcvenli i\u00e7me suyu ile \u00f6nemli zorluklarla kar\u015f\u0131 kar\u015f\u0131ya.","breadcrumb":{"@id":"https:\/\/dmi65.com\/tr\/bolge\/hindistan-icme-suyu\/#breadcrumb"},"inLanguage":"tr","potentialAction":[{"@type":"ReadAction","target":["https:\/\/dmi65.com\/tr\/bolge\/hindistan-icme-suyu\/"]}]},{"@type":"BreadcrumbList","@id":"https:\/\/dmi65.com\/tr\/bolge\/hindistan-icme-suyu\/#breadcrumb","itemListElement":[{"@type":"ListItem","position":1,"name":"Home","item":"https:\/\/dmi65.com\/tr\/"},{"@type":"ListItem","position":2,"name":"B\u00f6lge","item":"https:\/\/dmi65.com\/tr\/bolge\/"},{"@type":"ListItem","position":3,"name":"Hindistan \u0130\u00e7me Suyu"}]},{"@type":"WebSite","@id":"https:\/\/dmi65.com\/tr\/#website","url":"https:\/\/dmi65.com\/tr\/","name":"DMI-65\u00ae","description":"Water Filtration &amp; Reverse Osmosis Treatment, Catalytic Media","publisher":{"@id":"https:\/\/dmi65.com\/tr\/#organization"},"potentialAction":[{"@type":"SearchAction","target":{"@type":"EntryPoint","urlTemplate":"https:\/\/dmi65.com\/tr\/?s={search_term_string}"},"query-input":{"@type":"PropertyValueSpecification","valueRequired":true,"valueName":"search_term_string"}}],"inLanguage":"tr"},{"@type":"Organization","@id":"https:\/\/dmi65.com\/tr\/#organization","name":"DMI-65 & Quantum Filtration Pty Ltd","url":"https:\/\/dmi65.com\/tr\/","logo":{"@type":"ImageObject","inLanguage":"tr","@id":"https:\/\/dmi65.com\/tr\/#\/schema\/logo\/image\/","url":"https:\/\/dmi65.com\/wp-content\/uploads\/2020\/04\/dmi65.png","contentUrl":"https:\/\/dmi65.com\/wp-content\/uploads\/2020\/04\/dmi65.png","width":440,"height":205,"caption":"DMI-65 & Quantum Filtration Pty Ltd"},"image":{"@id":"https:\/\/dmi65.com\/tr\/#\/schema\/logo\/image\/"},"sameAs":["https:\/\/www.linkedin.com\/company\/dmi-65","https:\/\/www.youtube.com\/channel\/UCbXoMn5KBp2jrnx4KR_Qg4A"]}]}},"_links":{"self":[{"href":"https:\/\/dmi65.com\/tr\/wp-json\/wp\/v2\/pages\/9862","targetHints":{"allow":["GET"]}}],"collection":[{"href":"https:\/\/dmi65.com\/tr\/wp-json\/wp\/v2\/pages"}],"about":[{"href":"https:\/\/dmi65.com\/tr\/wp-json\/wp\/v2\/types\/page"}],"author":[{"embeddable":true,"href":"https:\/\/dmi65.com\/tr\/wp-json\/wp\/v2\/users\/1"}],"replies":[{"embeddable":true,"href":"https:\/\/dmi65.com\/tr\/wp-json\/wp\/v2\/comments?post=9862"}],"version-history":[{"count":3,"href":"https:\/\/dmi65.com\/tr\/wp-json\/wp\/v2\/pages\/9862\/revisions"}],"predecessor-version":[{"id":9865,"href":"https:\/\/dmi65.com\/tr\/wp-json\/wp\/v2\/pages\/9862\/revisions\/9865"}],"up":[{"embeddable":true,"href":"https:\/\/dmi65.com\/tr\/wp-json\/wp\/v2\/pages\/7134"}],"wp:attachment":[{"href":"https:\/\/dmi65.com\/tr\/wp-json\/wp\/v2\/media?parent=9862"}],"curies":[{"name":"wp","href":"https:\/\/api.w.org\/{rel}","templated":true}]}}