{"id":9256,"date":"2020-06-30T18:59:18","date_gmt":"2020-06-30T10:59:18","guid":{"rendered":"https:\/\/dmi65.com\/sanayi\/enerji-uretimi-icin-su-aritma\/"},"modified":"2020-06-30T18:59:38","modified_gmt":"2020-06-30T10:59:38","slug":"enerji-uretimi-icin-su-aritma","status":"publish","type":"page","link":"https:\/\/dmi65.com\/tr\/sanayi\/enerji-uretimi-icin-su-aritma\/","title":{"rendered":"Enerji \u00dcretimi i\u00e7in Su Ar\u0131tma"},"content":{"rendered":"<div class=\"wpb-content-wrapper\"><p>[vc_row][vc_column][vc_column_text css=&#8221;.vc_custom_1593503585420{margin-top: 15px !important;margin-bottom: 15px !important;}&#8221;]<strong>Elektrik \u00dcretimi i\u00e7in Su Ar\u0131tma:<\/strong> Ocak ay\u0131nda 2016 Quantum Filtrasyon <a href=\"http:\/\/www.edra.energy\/photo-gallery\/kuala-langat-power-plant\" target=\"_blank\" rel=\"noopener noreferrer\">Medium, Kuala Langat Santrali&#8217;ne (KLPP)<\/a>su sa\u011flayan su ar\u0131tma tesisinin modernizasyonu na y\u00f6nelik se\u00e7enekleri de\u011ferlendirmek \u00fczere bir dizi saha ziyareti ger\u00e7ekle\u015ftirilmi\u015ftir. Ama\u00e7, bitki performans\u0131n\u0131, verimlili\u011fini ve g\u00fcvenilirli\u011fini art\u0131rmak i\u00e7in tesis hizmete esnekli\u011fi \u00fczerinde d\u00fc\u015f\u00fck etkiye sahip d\u00fc\u015f\u00fck maliyetli se\u00e7enekleri vurgulamak ve ham su temininde ya\u015fanan mevsimsel y\u00fck de\u011fi\u015fiklikleriyle daha iyi ba\u015fa \u00e7\u0131kabilmekti.<\/p>\n<p>KLPP&#8217;nin i\u015fletmesi 1996 y\u0131l\u0131ndan beri kombine \u00e7evrim gaz t\u00fcrbini kullan\u0131larak ba\u015flam\u0131\u015ft\u0131r ve santral \u015fu anda \u015febekeye 675 MW elektrik \u00fcretim kapasitesi katetmektedir. Santralin Elektrik Sat\u0131n Alma S\u00f6zle\u015fmesi kapsam\u0131ndaki y\u00fck\u00fcml\u00fcl\u00fc\u011f\u00fcne g\u00f6re \u015febekeye elektrik tedarik edebilme yetene\u011fi, so\u011futma amac\u0131yla g\u00fcvenilir temiz su temini de dahil olmak \u00fczere bir dizi fakt\u00f6re ba\u011fl\u0131d\u0131r. KLPP, g\u00fcnl\u00fck \u00e7al\u0131\u015fmas\u0131 i\u00e7in ortalama 20.000 metrek\u00fcp ar\u0131t\u0131lm\u0131\u015f su \u00e7ekiyor. Tesisin optimum \u00e7al\u0131\u015fmas\u0131 ve \u00f6mr\u00fc i\u00e7in suyun, bitki nin \u00e7al\u0131\u015fmas\u0131n\u0131 etkileyecek az miktarda organik veya inorganik madde ile m\u00fcmk\u00fcn oldu\u011funca temiz olmas\u0131 gerekir.<\/p>\n<p>Tesisin \u00f6nemli iyile\u015ftirmeler potansiyelinin belirlendi\u011fi d\u00f6rt ana alan bulunmaktad\u0131r.<br \/>\n\u2022 Ham su kayna\u011f\u0131na delik suyu ekleme imkan\u0131<br \/>\n\u2022 Bitkigirmeden \u00f6nce ham suyun a\u00e7\u0131klanmas\u0131<br \/>\n\u2022 Flocculent\/polimer dosing program\u0131n\u0131n optimizasyonu (inc. tipi ve dosing oran\u0131)<br \/>\n\u2022 H\u0131zl\u0131 kum filtrelerinde ortam\u0131n DMI65 olarak de\u011fi\u015ftirilmesi\u00ae[\/vc_column_text][\/vc_column][\/vc_row][vc_row][vc_column][vc_column_text css=&#8221;.vc_custom_1593503610377{margin-bottom: 0px !important;}&#8221;]<strong>DELIK SUYU \u0130lAVES\u0130<\/strong><\/p>\n<p>Tesisi \u00e7evreleyen alan\u0131n tesisham su kayna\u011f\u0131na eklenecek uygunluk ve potansiyel kalite ve birka\u00e7 delik miktar\u0131 a\u00e7\u0131s\u0131ndan de\u011ferlendirilmesi \u00f6nerilmi\u015ftir. Delikleri eklenmesi sadece kuru sezonda yeterli miktarda su sa\u011flamak i\u00e7in nehir suyu ile mevsimsel kar\u0131\u015ft\u0131rma a\u00e7\u0131s\u0131ndan daha fazla esneklik sa\u011flamak olmaz, ayn\u0131 zamanda \u0131slak sezon boyunca bitki \u00fczerinde ask\u0131ya al\u0131nan kat\u0131 ve bulan\u0131kl\u0131k y\u00fcklemeleri d\u00fc\u015f\u00fcrmek i\u00e7in kullan\u0131labilir.<\/p>\n<p>Orada delik su demir ve manganez izleri olacak bir olas\u0131l\u0131k vard\u0131r, ancak DMI65 filtrasyon ortam\u0131n\u0131n kullan\u0131m\u0131 bu kald\u0131rmak ve her zamanki mekanik filtrasyon g\u00f6revleri i\u00e7in bir iyile\u015fme sa\u011flayacakt\u0131r.<\/p>\n<p><strong>A\u00e7\u0131klama<\/strong><\/p>\n<p>Ham sudaki y\u00fcksek bulan\u0131kl\u0131k ve ask\u0131da kat\u0131 seviyeleri, su ar\u0131tma tesisine girmeden \u00f6nce a\u00e7\u0131klama ile b\u00fcy\u00fck \u00f6l\u00e7\u00fcde azalt\u0131labilir. Mevcut tesis boyut ve kapasite olarak sabittir, ancak \u00f6n a\u00e7\u0131klama a\u015famas\u0131 mevcut tesis \u00fczerindeki y\u00fck\u00fc \u00f6nemli \u00f6l\u00e7\u00fcde azaltacakt\u0131r.<\/p>\n<p>Geleneksel bir a\u00e7\u0131kl\u0131k ve upstream floc \/ polimer dosing sistemi 1ML \/ saat i\u015flemek i\u00e7in usd $ 1M \u00fczerinde iyi mal olacak ve y\u00fcklemek i\u00e7in \u00f6nemli bir arazi alan\u0131 almak ve bu nedenle bu durumda pratik de\u011fildi. \u00c7ok d\u00fc\u015f\u00fck tutma s\u00fcresi ile sistem bu t\u00fcr de \u00e7ok y\u00fcksek kimyasal kullan\u0131m gerektirecektir.<\/p>\n<p><strong>POLIMER OPTIMIZASYONU<\/strong><\/p>\n<p>Saha ziyareti s\u0131ras\u0131nda \u00e7e\u015fitli polimer numuneler temin edilmi\u015ftir. Kavanoz testi numune yelpazesi kullan\u0131larak ger\u00e7ekle\u015ftirilmi\u015ftir ve bu ham suya en uygun belirli bir polimervurgulanm\u0131\u015ft\u0131r. Yerel bir polimer tedarik \u015firketi toz halinde ve yukar\u0131da belirtilen kar\u0131\u015ft\u0131rma \/ i\u015fleme sistemi uygun olacak \u00e7ok makul bir fiyata \u00e7ok benzer bir \u00fcr\u00fcn tedarik etmek m\u00fcmk\u00fcn.<\/p>\n<p><strong>HIZLI KUM F\u0130lTRELERDE MEDYA DE\u011e\u0130\u015f\u0130kL\u0130\u011f\u0130<\/strong><\/p>\n<p>Ziyaretimiz s\u0131ras\u0131nda h\u0131zl\u0131 kum filtrelerinden biri incelenmek i\u00e7in bo\u015falt\u0131ld\u0131. Filtrelerdeki kum hi\u00e7 de\u011fi\u015ftirilmemi\u015ftir ve \u015fu anda \u00e7ok sert ambalajlanm\u0131\u015ft\u0131r ve de\u011fi\u015ftirilmesi gerekmektedir. Biz izlerken filtre doluydu ve gelen suyun s\u0131zma oran\u0131 \u00e7ok zay\u0131ft\u0131 ve suyun \u00e7o\u011fu kumun \u00fcst\u00fcnden a\u015fa\u011f\u0131 do\u011fru akarken ve a\u015fa\u011f\u0131 do\u011fru sert paketlenmi\u015f kumdaki \u00e7atlaklardan a\u015fa\u011f\u0131 do\u011fru ak\u0131yordu. Biz <a href=\"https:\/\/dmi65.com\/tr\/teknik\/nasil-calisir\/\">DMI65\u00ae filtrasyon medya<\/a>ile medya yerine \u00f6nerdi.<\/p>\n<p>DMI65 mevcut kald\u0131rmak ve de\u011fi\u015fen kalitede ham su kaynaklar\u0131nda kar\u015f\u0131la\u015f\u0131labilecek demir veya manganez d\u00fczeylerinde herhangi bir art\u0131\u015f ile ba\u015fa \u00e7\u0131kacak. DMI65, ortam\u0131 etkinle\u015ftirmek i\u00e7in d\u00fc\u015f\u00fck seviyede serbest klor (0.2-0.3mg\/L) gerektirir. Bu, sadece mevcut klor dosing noktas\u0131n\u0131n ortam filtrelerinden hemen \u00f6nce ta\u015f\u0131nmas\u0131n\u0131 gerektirdi\u011finden kolayca elde edilir. Klor art\u0131klar\u0131 kalacak ve hala ar\u0131t\u0131lm\u0131\u015f su lag\u00fcn\u00fc i\u00e7in dezenfeksiyon g\u00f6revi g\u00f6remez.<\/p>\n<p>DMI65\u00ae ayn\u0131 zamanda m\u00fckemmel filtrasyon katsay\u0131s\u0131 sa\u011flayarak, ask\u0131da kat\u0131lar\u0131 ve bulan\u0131kl\u0131k seviyelerini d\u00fc\u015f\u00fcrerek m\u00fckemmel mekanik filtrasyon katsay\u0131s\u0131n\u0131 da sa\u011flar.<\/p>\n<p>DMI ortam\u0131n\u0131n eklenmesi ve filtrasyon nozullar\u0131n\u0131n de\u011fi\u015ftirilmesi, sadece ortam filtrelerinden gelen suyun kalitesini de\u011fil, ayn\u0131 zamanda filtrelerden gelen su miktar\u0131n\u0131 da iyile\u015ftirmi\u015ftir.<\/p>\n<p>\u00d6rnek Sonu\u00e7lar<\/p>\n<p><img loading=\"lazy\" decoding=\"async\" class=\"alignnone wp-image-9046\" src=\"http:\/\/dmi65.com\/wp-content\/uploads\/2020\/06\/Lagoons.jpg\" alt=\"\" width=\"499\" height=\"287\" srcset=\"https:\/\/dmi65.com\/wp-content\/uploads\/2020\/06\/Lagoons.jpg 1780w, https:\/\/dmi65.com\/wp-content\/uploads\/2020\/06\/Lagoons-300x173.jpg 300w, https:\/\/dmi65.com\/wp-content\/uploads\/2020\/06\/Lagoons-1024x589.jpg 1024w, https:\/\/dmi65.com\/wp-content\/uploads\/2020\/06\/Lagoons-768x442.jpg 768w, https:\/\/dmi65.com\/wp-content\/uploads\/2020\/06\/Lagoons-1536x884.jpg 1536w\" sizes=\"auto, (max-width: 499px) 100vw, 499px\" \/><\/p>\n<p>1000&#8217;lik bir zirve NTU&#8217;su ve 286&#8217;l\u0131k ortalama giri\u015f TSS ile lag\u00fcn B&#8217;nin \u00e7\u0131k\u0131\u015f\u0131n\u0131n genellikle ortalama 86 NTU ile 80 NTU civar\u0131nda korunad\u0131\u011f\u0131n\u0131 g\u00f6rebilirsiniz.<\/p>\n<p><strong>GENEL TESIS \u00c7\u0131KT\u0131S\u0131<\/strong><\/p>\n<p>Eski kum ortam\u0131n\u0131n yeni DMI65 medyas\u0131 ile de\u011fi\u015ftirilmesinden sonra tesis sonras\u0131 medya filtrelerinden elde edilen sonu\u00e7lar s\u00fcrekli olarak m\u00fckemmel olmu\u015ftur.<\/p>\n<p>Y\u00fckseltmeden sonra ortam filtrelerinden beklenen sonu\u00e7lar:<\/p>\n<ul>\n<li>TSS &lt; 5mg\/L<\/li>\n<li>Bulan\u0131kl\u0131k &lt; 2 NTU<\/li>\n<\/ul>\n<p><strong>\u00d6rnek Sonu\u00e7lar<\/strong><\/p>\n<p>Ortam Filtresi Performans\u0131 &#8211; NTU In Vs Out<\/p>\n<p><strong><img loading=\"lazy\" decoding=\"async\" class=\"alignnone wp-image-9057\" src=\"http:\/\/dmi65.com\/wp-content\/uploads\/2020\/06\/DMIFilters.jpg\" alt=\"\" width=\"500\" height=\"278\" srcset=\"https:\/\/dmi65.com\/wp-content\/uploads\/2020\/06\/DMIFilters.jpg 1568w, https:\/\/dmi65.com\/wp-content\/uploads\/2020\/06\/DMIFilters-300x167.jpg 300w, https:\/\/dmi65.com\/wp-content\/uploads\/2020\/06\/DMIFilters-1024x569.jpg 1024w, https:\/\/dmi65.com\/wp-content\/uploads\/2020\/06\/DMIFilters-768x427.jpg 768w, https:\/\/dmi65.com\/wp-content\/uploads\/2020\/06\/DMIFilters-1536x854.jpg 1536w\" sizes=\"auto, (max-width: 500px) 100vw, 500px\" \/> <\/strong><\/p>\n<p>\u00d6zet<\/p>\n<p><span style=\"text-decoration: underline;\">Quantum, y\u00fckseltmenin ba\u015far\u0131l\u0131 oldu\u011funa ve m\u00fckemmel sonu\u00e7larla y\u00fckseltmenin ana hedeflerini ele al\u0131nd\u0131\u011f\u0131na inan\u0131yor.<\/span>[\/vc_column_text][vc_empty_space height=&#8221;20px&#8221;]<blockquote class=\"text-big shortcode-blockquote block-style-widget\"><p>George Belediye Su \u0130\u015fleri, G\u00fcney Afrika, DMI-65\u00ae \u00fczerinde 550 metrik ton kullan\u0131r. George suyu humik ve Fulvik asitler i\u00e7eren y\u00fcksek renklidir \u2013 ham su rengi yakla\u015f\u0131k olarak. 800 PtCo renk \u00fcnitesi. Bu su t\u00fcr\u00fcn\u00fcn filtre edilmesi en zor sulardan biri oldu\u011funa inan\u0131lmaktad\u0131r. Demir giderme pH ne olursa olsun \u00e7ok etkilidir. Bulunan en y\u00fcksek kal\u0131nt\u0131 demir 0.01 mg\/L idi. Manganez kald\u0131rma da \u00e7ok etkilidir. Bulunan en y\u00fcksek kalan manganez 0.06 mg\/l Mn en iyi y\u00fcksek pH 8&#8217;de \u00e7\u0131kar\u0131l\u0131r. Y\u00fcksek pH&#8217;da bile al\u00fcminyum kald\u0131rman\u0131n ek avantaj\u0131. Kaydedilen en y\u00fcksek bulan\u0131kl\u0131k 0.06 NTU oldu. Laboratuvar testlerimize g\u00f6re en y\u00fcksek renk 4 mg\/l PtCo idi ancak \u00e7o\u011fu zaman renk George&#8217;daki bir eczaneden al\u0131nan distile suyun renginden daha d\u00fc\u015f\u00fckt\u00fc. Ocak 2007&#8217;nin ba\u015f\u0131ndan beri \u00e7al\u0131\u015fan santral, m\u00fckemmel sonu\u00e7lar almaya devam ediyor. George Belediye Su \u0130\u015fleri, ayn\u0131 DMI-65\u00ae filtre ortam\u0131n\u0131 13 y\u0131l\u0131 a\u015fk\u0131n bir s\u00fcredir, performansta herhangi bir hata veya azalma olmadan kullan\u0131r.<\/p>\n<\/blockquote>[vc_empty_space height=&#8221;20px&#8221;]<blockquote class=\"text-big shortcode-blockquote block-style-widget\"><p>Durban Witbank Belediye Su Ar\u0131tma Tesisi, G\u00fcney Afrika yerel yeralt\u0131 su kayna\u011f\u0131ndan demir ve manganez kald\u0131rmak i\u00e7in filtre medya 1200 ton kullanan 18 b\u00fcy\u00fck h\u0131zl\u0131 kum filtreleri olu\u015fur. Yerel su ar\u0131tma uzmanlar\u0131 ve DMI-65\u00ae ajan\u0131 Su Teknolojileri Cape, 2018 y\u0131l\u0131nda ba\u015far\u0131l\u0131 bir pilot deneme ile sistemi DMI-65\u00ae&#8217;ye y\u00fckseltmenin performans\u0131n\u0131 ve maliyet faydalar\u0131n\u0131 g\u00f6sterdiler. Fabrikan\u0131n modernizasyonu 2019 y\u0131l\u0131nda ba\u015flad\u0131 ve 2020 y\u0131l\u0131 sonuna kadar tamamlanmas\u0131 bekleniyor.<\/p>\n<\/blockquote>[\/vc_column][\/vc_row][vc_row css=&#8221;.vc_custom_1593496115589{margin-top: 15px !important;}&#8221;][vc_column]<div class=\"dt-fancy-separator\" style=\"width: 100%;\"><div class=\"dt-fancy-title\"><span class=\"separator-holder separator-left\"><\/span>Enerji \u00dcretim End\u00fcstrisinde Su Ar\u0131tma \u00d6rnek \u00c7al\u0131\u015fmalar\u0131<span class=\"separator-holder separator-right\"><\/span><\/div><\/div>[vc_basic_grid post_type=&#8221;post&#8221; max_items=&#8221;2&#8243; element_width=&#8221;6&#8243; item=&#8221;masonryGrid_Default&#8221; grid_id=&#8221;vc_gid:1593503547783-362694d3-af74-7&#8243; taxonomies=&#8221;800&#8243; css=&#8221;.vc_custom_1593499493079{margin-top: 30px !important;}&#8221;][\/vc_column][\/vc_row][vc_row content_placement=&#8221;middle&#8221; css=&#8221;.vc_custom_1592798106994{margin-top: 30px !important;padding-top: 20px !important;padding-right: 20px !important;padding-bottom: 5px !important;padding-left: 20px !important;}&#8221; el_class=&#8221;cta&#8221;][vc_column]<div class=\"dt-fancy-separator\" style=\"width: 100%;\"><div class=\"dt-fancy-title\"><span class=\"separator-holder separator-left\"><\/span>DMI-65\u00ae filtrasyon ortam\u0131n\u0131n enerji \u00fcretim end\u00fcstrisinde su ar\u0131tma i\u00e7in nas\u0131l kullan\u0131labilece\u011fini \u00f6\u011frenmek i\u00e7in bilgi al\u0131n<span class=\"separator-holder separator-right\"><\/span><\/div><\/div>[vc_btn title=&#8221;Sormak&#8221; style=&#8221;custom&#8221; custom_background=&#8221;#162441&#8243; custom_text=&#8221;#ffffff&#8221; shape=&#8221;square&#8221; size=&#8221;lg&#8221; align=&#8221;center&#8221; i_align=&#8221;right&#8221; i_icon_fontawesome=&#8221;fas fa-chevron-right&#8221; add_icon=&#8221;true&#8221; css=&#8221;.vc_custom_1592793128520{margin-top: 20px !important;}&#8221; el_class=&#8221;ctaButton sg-popup-id-8233&#8243;][\/vc_column][\/vc_row]<\/p>\n<\/div>","protected":false},"excerpt":{"rendered":"<p>[vc_row][vc_column][vc_column_text css=&#8221;.vc_custom_1593503585420{margin-top: 15px !important;margin-bottom: 15px !important;}&#8221;]Elektrik \u00dcretimi i\u00e7in Su Ar\u0131tma: Ocak ay\u0131nda 2016 Quantum Filtrasyon Medium, Kuala Langat Santrali&#8217;ne (KLPP)su sa\u011flayan su ar\u0131tma tesisinin modernizasyonu na y\u00f6nelik se\u00e7enekleri de\u011ferlendirmek \u00fczere bir dizi saha ziyareti ger\u00e7ekle\u015ftirilmi\u015ftir. Ama\u00e7, bitki performans\u0131n\u0131, verimlili\u011fini ve g\u00fcvenilirli\u011fini art\u0131rmak i\u00e7in tesis hizmete esnekli\u011fi \u00fczerinde d\u00fc\u015f\u00fck etkiye sahip d\u00fc\u015f\u00fck maliyetli se\u00e7enekleri vurgulamak ve&hellip;<\/p>\n","protected":false},"author":1,"featured_media":0,"parent":7114,"menu_order":0,"comment_status":"closed","ping_status":"closed","template":"","meta":{"content-type":"","footnotes":""},"class_list":["post-9256","page","type-page","status-publish","hentry","description-off"],"yoast_head":"<!-- This site is optimized with the Yoast SEO plugin v25.2 - https:\/\/yoast.com\/wordpress\/plugins\/seo\/ -->\n<title>Su Ar\u0131tma G\u00fc\u00e7 \u00dcretimi, Filtrasyon Medya - DMI-65\u00ae<\/title>\n<meta name=\"description\" content=\"DMI-65\u00ae birincil enerji kaynaklar\u0131ndan elektrik \u00fcreten enerji \u00fcretimi, enerji santralleri ve end\u00fcstrilerde su ar\u0131t\u0131lmas\u0131 i\u00e7in kullan\u0131labilir.\" \/>\n<meta name=\"robots\" content=\"index, follow, max-snippet:-1, max-image-preview:large, max-video-preview:-1\" \/>\n<link rel=\"canonical\" href=\"https:\/\/dmi65.com\/tr\/sanayi\/enerji-uretimi-icin-su-aritma\/\" \/>\n<meta property=\"og:locale\" content=\"tr_TR\" \/>\n<meta property=\"og:type\" content=\"article\" \/>\n<meta property=\"og:title\" content=\"Su Ar\u0131tma G\u00fc\u00e7 \u00dcretimi, Filtrasyon Medya - DMI-65\u00ae\" \/>\n<meta property=\"og:description\" content=\"DMI-65\u00ae birincil enerji kaynaklar\u0131ndan elektrik \u00fcreten enerji \u00fcretimi, enerji santralleri ve end\u00fcstrilerde su ar\u0131t\u0131lmas\u0131 i\u00e7in kullan\u0131labilir.\" \/>\n<meta property=\"og:url\" content=\"https:\/\/dmi65.com\/tr\/sanayi\/enerji-uretimi-icin-su-aritma\/\" \/>\n<meta property=\"og:site_name\" content=\"DMI-65\u00ae\" \/>\n<meta property=\"article:modified_time\" content=\"2020-06-30T10:59:38+00:00\" \/>\n<meta property=\"og:image\" content=\"http:\/\/dmi65.com\/wp-content\/uploads\/2020\/06\/Lagoons.jpg\" \/>\n<meta name=\"twitter:card\" content=\"summary_large_image\" \/>\n<meta name=\"twitter:label1\" content=\"Tahmini okuma s\u00fcresi\" \/>\n\t<meta name=\"twitter:data1\" content=\"7 dakika\" \/>\n<script type=\"application\/ld+json\" class=\"yoast-schema-graph\">{\"@context\":\"https:\/\/schema.org\",\"@graph\":[{\"@type\":\"WebPage\",\"@id\":\"https:\/\/dmi65.com\/tr\/sanayi\/enerji-uretimi-icin-su-aritma\/\",\"url\":\"https:\/\/dmi65.com\/tr\/sanayi\/enerji-uretimi-icin-su-aritma\/\",\"name\":\"Su Ar\u0131tma G\u00fc\u00e7 \u00dcretimi, Filtrasyon Medya - DMI-65\u00ae\",\"isPartOf\":{\"@id\":\"https:\/\/dmi65.com\/tr\/#website\"},\"primaryImageOfPage\":{\"@id\":\"https:\/\/dmi65.com\/tr\/sanayi\/enerji-uretimi-icin-su-aritma\/#primaryimage\"},\"image\":{\"@id\":\"https:\/\/dmi65.com\/tr\/sanayi\/enerji-uretimi-icin-su-aritma\/#primaryimage\"},\"thumbnailUrl\":\"http:\/\/dmi65.com\/wp-content\/uploads\/2020\/06\/Lagoons.jpg\",\"datePublished\":\"2020-06-30T10:59:18+00:00\",\"dateModified\":\"2020-06-30T10:59:38+00:00\",\"description\":\"DMI-65\u00ae birincil enerji kaynaklar\u0131ndan elektrik \u00fcreten enerji \u00fcretimi, enerji santralleri ve end\u00fcstrilerde su ar\u0131t\u0131lmas\u0131 i\u00e7in kullan\u0131labilir.\",\"breadcrumb\":{\"@id\":\"https:\/\/dmi65.com\/tr\/sanayi\/enerji-uretimi-icin-su-aritma\/#breadcrumb\"},\"inLanguage\":\"tr\",\"potentialAction\":[{\"@type\":\"ReadAction\",\"target\":[\"https:\/\/dmi65.com\/tr\/sanayi\/enerji-uretimi-icin-su-aritma\/\"]}]},{\"@type\":\"ImageObject\",\"inLanguage\":\"tr\",\"@id\":\"https:\/\/dmi65.com\/tr\/sanayi\/enerji-uretimi-icin-su-aritma\/#primaryimage\",\"url\":\"http:\/\/dmi65.com\/wp-content\/uploads\/2020\/06\/Lagoons.jpg\",\"contentUrl\":\"http:\/\/dmi65.com\/wp-content\/uploads\/2020\/06\/Lagoons.jpg\"},{\"@type\":\"BreadcrumbList\",\"@id\":\"https:\/\/dmi65.com\/tr\/sanayi\/enerji-uretimi-icin-su-aritma\/#breadcrumb\",\"itemListElement\":[{\"@type\":\"ListItem\",\"position\":1,\"name\":\"Home\",\"item\":\"https:\/\/dmi65.com\/tr\/\"},{\"@type\":\"ListItem\",\"position\":2,\"name\":\"Sanayi\",\"item\":\"https:\/\/dmi65.com\/tr\/sanayi\/\"},{\"@type\":\"ListItem\",\"position\":3,\"name\":\"Enerji \u00dcretimi i\u00e7in Su Ar\u0131tma\"}]},{\"@type\":\"WebSite\",\"@id\":\"https:\/\/dmi65.com\/tr\/#website\",\"url\":\"https:\/\/dmi65.com\/tr\/\",\"name\":\"DMI-65\u00ae\",\"description\":\"Water Filtration &amp; Reverse Osmosis Treatment, Catalytic Media\",\"publisher\":{\"@id\":\"https:\/\/dmi65.com\/tr\/#organization\"},\"potentialAction\":[{\"@type\":\"SearchAction\",\"target\":{\"@type\":\"EntryPoint\",\"urlTemplate\":\"https:\/\/dmi65.com\/tr\/?s={search_term_string}\"},\"query-input\":{\"@type\":\"PropertyValueSpecification\",\"valueRequired\":true,\"valueName\":\"search_term_string\"}}],\"inLanguage\":\"tr\"},{\"@type\":\"Organization\",\"@id\":\"https:\/\/dmi65.com\/tr\/#organization\",\"name\":\"DMI-65 & Quantum Filtration Pty Ltd\",\"url\":\"https:\/\/dmi65.com\/tr\/\",\"logo\":{\"@type\":\"ImageObject\",\"inLanguage\":\"tr\",\"@id\":\"https:\/\/dmi65.com\/tr\/#\/schema\/logo\/image\/\",\"url\":\"https:\/\/dmi65.com\/wp-content\/uploads\/2020\/04\/dmi65.png\",\"contentUrl\":\"https:\/\/dmi65.com\/wp-content\/uploads\/2020\/04\/dmi65.png\",\"width\":440,\"height\":205,\"caption\":\"DMI-65 & Quantum Filtration Pty Ltd\"},\"image\":{\"@id\":\"https:\/\/dmi65.com\/tr\/#\/schema\/logo\/image\/\"},\"sameAs\":[\"https:\/\/www.linkedin.com\/company\/dmi-65\",\"https:\/\/www.youtube.com\/channel\/UCbXoMn5KBp2jrnx4KR_Qg4A\"]}]}<\/script>\n<!-- \/ Yoast SEO plugin. -->","yoast_head_json":{"title":"Su Ar\u0131tma G\u00fc\u00e7 \u00dcretimi, Filtrasyon Medya - DMI-65\u00ae","description":"DMI-65\u00ae birincil enerji kaynaklar\u0131ndan elektrik \u00fcreten enerji \u00fcretimi, enerji santralleri ve end\u00fcstrilerde su ar\u0131t\u0131lmas\u0131 i\u00e7in kullan\u0131labilir.","robots":{"index":"index","follow":"follow","max-snippet":"max-snippet:-1","max-image-preview":"max-image-preview:large","max-video-preview":"max-video-preview:-1"},"canonical":"https:\/\/dmi65.com\/tr\/sanayi\/enerji-uretimi-icin-su-aritma\/","og_locale":"tr_TR","og_type":"article","og_title":"Su Ar\u0131tma G\u00fc\u00e7 \u00dcretimi, Filtrasyon Medya - DMI-65\u00ae","og_description":"DMI-65\u00ae birincil enerji kaynaklar\u0131ndan elektrik \u00fcreten enerji \u00fcretimi, enerji santralleri ve end\u00fcstrilerde su ar\u0131t\u0131lmas\u0131 i\u00e7in kullan\u0131labilir.","og_url":"https:\/\/dmi65.com\/tr\/sanayi\/enerji-uretimi-icin-su-aritma\/","og_site_name":"DMI-65\u00ae","article_modified_time":"2020-06-30T10:59:38+00:00","og_image":[{"url":"http:\/\/dmi65.com\/wp-content\/uploads\/2020\/06\/Lagoons.jpg","type":"","width":"","height":""}],"twitter_card":"summary_large_image","twitter_misc":{"Tahmini okuma s\u00fcresi":"7 dakika"},"schema":{"@context":"https:\/\/schema.org","@graph":[{"@type":"WebPage","@id":"https:\/\/dmi65.com\/tr\/sanayi\/enerji-uretimi-icin-su-aritma\/","url":"https:\/\/dmi65.com\/tr\/sanayi\/enerji-uretimi-icin-su-aritma\/","name":"Su Ar\u0131tma G\u00fc\u00e7 \u00dcretimi, Filtrasyon Medya - DMI-65\u00ae","isPartOf":{"@id":"https:\/\/dmi65.com\/tr\/#website"},"primaryImageOfPage":{"@id":"https:\/\/dmi65.com\/tr\/sanayi\/enerji-uretimi-icin-su-aritma\/#primaryimage"},"image":{"@id":"https:\/\/dmi65.com\/tr\/sanayi\/enerji-uretimi-icin-su-aritma\/#primaryimage"},"thumbnailUrl":"http:\/\/dmi65.com\/wp-content\/uploads\/2020\/06\/Lagoons.jpg","datePublished":"2020-06-30T10:59:18+00:00","dateModified":"2020-06-30T10:59:38+00:00","description":"DMI-65\u00ae birincil enerji kaynaklar\u0131ndan elektrik \u00fcreten enerji \u00fcretimi, enerji santralleri ve end\u00fcstrilerde su ar\u0131t\u0131lmas\u0131 i\u00e7in kullan\u0131labilir.","breadcrumb":{"@id":"https:\/\/dmi65.com\/tr\/sanayi\/enerji-uretimi-icin-su-aritma\/#breadcrumb"},"inLanguage":"tr","potentialAction":[{"@type":"ReadAction","target":["https:\/\/dmi65.com\/tr\/sanayi\/enerji-uretimi-icin-su-aritma\/"]}]},{"@type":"ImageObject","inLanguage":"tr","@id":"https:\/\/dmi65.com\/tr\/sanayi\/enerji-uretimi-icin-su-aritma\/#primaryimage","url":"http:\/\/dmi65.com\/wp-content\/uploads\/2020\/06\/Lagoons.jpg","contentUrl":"http:\/\/dmi65.com\/wp-content\/uploads\/2020\/06\/Lagoons.jpg"},{"@type":"BreadcrumbList","@id":"https:\/\/dmi65.com\/tr\/sanayi\/enerji-uretimi-icin-su-aritma\/#breadcrumb","itemListElement":[{"@type":"ListItem","position":1,"name":"Home","item":"https:\/\/dmi65.com\/tr\/"},{"@type":"ListItem","position":2,"name":"Sanayi","item":"https:\/\/dmi65.com\/tr\/sanayi\/"},{"@type":"ListItem","position":3,"name":"Enerji \u00dcretimi i\u00e7in Su Ar\u0131tma"}]},{"@type":"WebSite","@id":"https:\/\/dmi65.com\/tr\/#website","url":"https:\/\/dmi65.com\/tr\/","name":"DMI-65\u00ae","description":"Water Filtration &amp; Reverse Osmosis Treatment, Catalytic Media","publisher":{"@id":"https:\/\/dmi65.com\/tr\/#organization"},"potentialAction":[{"@type":"SearchAction","target":{"@type":"EntryPoint","urlTemplate":"https:\/\/dmi65.com\/tr\/?s={search_term_string}"},"query-input":{"@type":"PropertyValueSpecification","valueRequired":true,"valueName":"search_term_string"}}],"inLanguage":"tr"},{"@type":"Organization","@id":"https:\/\/dmi65.com\/tr\/#organization","name":"DMI-65 & Quantum Filtration Pty Ltd","url":"https:\/\/dmi65.com\/tr\/","logo":{"@type":"ImageObject","inLanguage":"tr","@id":"https:\/\/dmi65.com\/tr\/#\/schema\/logo\/image\/","url":"https:\/\/dmi65.com\/wp-content\/uploads\/2020\/04\/dmi65.png","contentUrl":"https:\/\/dmi65.com\/wp-content\/uploads\/2020\/04\/dmi65.png","width":440,"height":205,"caption":"DMI-65 & Quantum Filtration Pty Ltd"},"image":{"@id":"https:\/\/dmi65.com\/tr\/#\/schema\/logo\/image\/"},"sameAs":["https:\/\/www.linkedin.com\/company\/dmi-65","https:\/\/www.youtube.com\/channel\/UCbXoMn5KBp2jrnx4KR_Qg4A"]}]}},"_links":{"self":[{"href":"https:\/\/dmi65.com\/tr\/wp-json\/wp\/v2\/pages\/9256","targetHints":{"allow":["GET"]}}],"collection":[{"href":"https:\/\/dmi65.com\/tr\/wp-json\/wp\/v2\/pages"}],"about":[{"href":"https:\/\/dmi65.com\/tr\/wp-json\/wp\/v2\/types\/page"}],"author":[{"embeddable":true,"href":"https:\/\/dmi65.com\/tr\/wp-json\/wp\/v2\/users\/1"}],"replies":[{"embeddable":true,"href":"https:\/\/dmi65.com\/tr\/wp-json\/wp\/v2\/comments?post=9256"}],"version-history":[{"count":2,"href":"https:\/\/dmi65.com\/tr\/wp-json\/wp\/v2\/pages\/9256\/revisions"}],"predecessor-version":[{"id":9262,"href":"https:\/\/dmi65.com\/tr\/wp-json\/wp\/v2\/pages\/9256\/revisions\/9262"}],"up":[{"embeddable":true,"href":"https:\/\/dmi65.com\/tr\/wp-json\/wp\/v2\/pages\/7114"}],"wp:attachment":[{"href":"https:\/\/dmi65.com\/tr\/wp-json\/wp\/v2\/media?parent=9256"}],"curies":[{"name":"wp","href":"https:\/\/api.w.org\/{rel}","templated":true}]}}