{"id":9226,"date":"2020-06-30T18:53:56","date_gmt":"2020-06-30T10:53:56","guid":{"rendered":"https:\/\/dmi65.com\/sanayi\/kagit-ve-kagit-hamuru-endustrisi-icin-su-aritma\/"},"modified":"2020-06-30T18:54:06","modified_gmt":"2020-06-30T10:54:06","slug":"kagit-ve-kagit-hamuru-endustrisi-icin-su-aritma","status":"publish","type":"page","link":"https:\/\/dmi65.com\/tr\/sanayi\/kagit-ve-kagit-hamuru-endustrisi-icin-su-aritma\/","title":{"rendered":"Ka\u011f\u0131t ve Ka\u011f\u0131t Hamuru End\u00fcstrisi i\u00e7in Su Ar\u0131tma"},"content":{"rendered":"<div class=\"wpb-content-wrapper\"><p>[vc_row][vc_column][vc_column_text css=&#8221;.vc_custom_1593504327971{margin-top: 15px !important;margin-bottom: 15px !important;}&#8221;]<strong>Ka\u011f\u0131t ve Ka\u011f\u0131t Hamuru End\u00fcstrisi i\u00e7in Su Ar\u0131tma:<\/strong> Ka\u011f\u0131t ve Hamuru kimyasal tedarik\u00e7i ve su ar\u0131tma uzmanlar\u0131, <a href=\"http:\/\/www.lautan-luas.com\/en\/\" target=\"_blank\" rel=\"noopener noreferrer\">Pt Lautan Luas Tbk,<\/a>Kuantum Filtrasyon Mediums orta\u011f\u0131 ve Endonezya ve G\u00fcney Do\u011fu Asya&#8217;da DMI-65\u00ae ajan.<\/p>\n<p>Lautan Luas, ka\u011f\u0131t ve ka\u011f\u0131t hamuru imalat\u0131 end\u00fcstrisinde kullan\u0131lan mevcut en iyi, \u00f6zel \u00fcr\u00fcnler ve kimyasallardan binlercesini tedarik etmektedir. 20 y\u0131l\u0131 a\u015fk\u0131n bir s\u00fcredir Lautan Luas, ka\u011f\u0131t ve ka\u011f\u0131t hamuru imalat\u0131 da dahil olmak \u00fczere end\u00fcstriler i\u00e7in demir ve mangan giderme i\u00e7in en iyi \u00e7\u00f6z\u00fcm olarak DMI-65\u00ae kullanm\u0131\u015f ve belirtmi\u015ftir.<\/p>\n<p>Demir ve Manganez s\u0131ras\u0131yla 0,3 ve 0,5ppm gibi d\u00fc\u015f\u00fck seviyelerde ka\u011f\u0131t \u00fcr\u00fcnlerinde s\u0131k\u0131nt\u0131 ve lekeler olu\u015fturabilir. En iyi, en kaliteli ka\u011f\u0131t ve ka\u011f\u0131t hamuru \u00fcr\u00fcnlerinin gerekli oldu\u011fu yerlerde, demir ve mangan ezmesinin end\u00fcstriyel kullan\u0131m suyu kayna\u011f\u0131ndan uzakla\u015ft\u0131r\u0131lmas\u0131 \u00e7ok \u00f6nemlidir. D\u00fcnyan\u0131n en iyi ka\u011f\u0131t \u00fcr\u00fcnleri \u00fcreten m\u00fcmk\u00fcnse, tespit edilemeyen seviyelere demir ve manganez kald\u0131rmak i\u00e7in tercih bulabilirsiniz. DMI-65\u00ae az 0.05mg \/ L demir ve manganez kald\u0131rabilirsiniz y\u00fcksek performansl\u0131 ve maliyet etkin bir \u00e7\u00f6z\u00fcmd\u00fcr.<\/p>\n<p>2012 ve 2013&#8217;te Lautan Luas, Endonezya&#8217;n\u0131n Pindo Deli kentinde ki Asya Ka\u011f\u0131t Hamuru ve Ka\u011f\u0131t Gruplar\u0131 su ar\u0131tma tesisleri i\u00e7in \u00f6nemli bir \u00e7\u00f6z\u00fcm olarak DMI-65\u00ae sa\u011flad\u0131.[\/vc_column_text][\/vc_column][\/vc_row][vc_row][vc_column][vc_empty_space height=&#8221;20px&#8221;][vc_column_text css=&#8221;.vc_custom_1593504798632{margin-bottom: 0px !important;}&#8221;]<\/p>\n<h4><strong>DMI-65\u00ae Su Ar\u0131tma Ka\u011f\u0131d\u0131 ve Ka\u011f\u0131t Hamuru End\u00fcstrileri i\u00e7in<\/strong><\/h4>\n<p><strong>DEMIR VE MANGANEZ KALDIRMA:<\/strong> Filtre sisteminde demir ve manganezin birikmesi, \u00e7ok y\u00fcksek bak\u0131m giderleri, \u00fcretim kayb\u0131 ve potansiyel sistem ar\u0131zalar\u0131na neden olabilir. DMI-65\u00ae \u00e7\u00f6z\u00fcnm\u00fc\u015f demiri 0.005mg\/L ve manganez in 0.001mg\/L gibi d\u00fc\u015f\u00fck seviyelere kadar neredeyse tespit edilemeyen seviyelere \u00e7\u0131kar\u0131r ve partik\u00fclleri de etkin bir \u015fekilde ortadan kald\u0131r\u0131r ve bu riski etkin bir \u015fekilde ortadan kald\u0131r\u0131r.<\/p>\n<p><strong>TOPLAM ASK\u0131DA KATILARIN VE BULAN\u0131KLI\u011eIN KALDIRILMASI:<\/strong> DMI-65\u00ae ayn\u0131 zamanda m\u00fckemmel filtrasyon katsay\u0131s\u0131 ile sonu\u00e7lanan toplam ask\u0131da kat\u0131lar\u0131 (TSS) 1 mg\/L&#8217;den daha az ve bulan\u0131kl\u0131k seviyelerini 1 NTU&#8217;dan daha az d\u00fc\u015f\u00fcr\u00fcr.<\/p>\n<p><strong>DAHA D\u00dc\u015e\u00dcK MALIYETLER:<\/strong> Demir ve manganez kald\u0131rma su filtrasyon sisteminin toplam maliyeti, dmi-65\u00ae tabanl\u0131 sistemlerin alternatif \u00e7\u00f6z\u00fcmler, etkinli\u011fi, ancak g\u00f6receli basitlik \u00f6nemli \u00f6l\u00e7\u00fcde daha az yan\u0131 s\u0131ra, kimyasal, g\u00fc\u00e7 ve geri y\u0131kama at\u0131k su kurtarma devam eden operasyonel harcamalar\u0131, bitki karma\u015f\u0131kl\u0131\u011f\u0131 \u00fczerinde \u00f6n sermaye harcamas\u0131n\u0131 azalt\u0131r.<\/p>\n<p><strong>Y\u00dcKSEK AK\u0131\u015e Oranlar\u0131:<\/strong> DMI-65 inf\u00fczyon teknolojisi\u00ae herhangi bir katalitik filtrasyon ortam\u0131n\u0131n en y\u00fcksek oksidasyon oran\u0131n\u0131 te\u015fvik eder. Bu demir ve manganez kald\u0131rma ayn\u0131 d\u00fczeyde elde etmek i\u00e7in \u00f6nemli \u00f6l\u00e7\u00fcde daha y\u00fcksek su ak\u0131\u015f h\u0131z\u0131 sa\u011flar. DMI-65, sermaye ekipman maliyetlerinde kar\u015f\u0131l\u0131k gelen bir azalma ile konvansiyonel medyan\u0131n iki kat\u0131na kadar do\u011frusal filtrasyon h\u0131zlar\u0131nda \u00e7al\u0131\u015fabilir.<\/p>\n<p><strong>Y\u00dcKSEK Y\u00dcK KAPASITESI:<\/strong> DMI-65\u00ae ayn\u0131 zamanda filtre \u00e7al\u0131\u015f\u0131r s\u00fcresini ve geri y\u0131kama aras\u0131ndaki s\u00fcreyi uzatabilir, b\u00f6ylece kesinti, i\u015fletme gideri ve israf\u0131 azaltarak daha y\u00fcksek demir ve manganez y\u00fck kapasitesine sahiptir.<\/p>\n<p><strong>REJENERASYON GEREKLI DE\u011eILDIR:<\/strong> Ortam potasyum permanganat ihtiyac\u0131n\u0131 ortadan kald\u0131r\u0131r d\u00fc\u015f\u00fck kal\u0131nt\u0131 d\u00fczeylerde (0.1-0.3mg\/L) sodyum hipoklorit s\u00fcrekli enjeksiyon ile \u00e7al\u0131\u015f\u0131r.<\/p>\n<p><strong>GENI\u015e \u00c7AL\u0131\u015eMA ORTAM\u0131:<\/strong> pH 5,8 ila 8,6&#8217;da istikrarl\u0131 ve tatmin edici performans ve maksimum \u00e7al\u0131\u015fma s\u0131cakl\u0131\u011f\u0131 113\u00b0 F (45\u00b0C) \u00e7al\u0131\u015fma ortam\u0131n\u0131 de\u011fi\u015ftirmek i\u00e7in yat\u0131r\u0131m ihtiyac\u0131n\u0131 azalt\u0131r.<\/p>\n<p><strong>UZUN \u00d6M\u00dcR:<\/strong> DMI-65\u00ae 10 y\u0131la kadar beklenen bir \u00e7al\u0131\u015fma \u00f6mr\u00fc vererek, di\u011fer s\u00fcre\u00e7ler veya medya \u00fczerinde \u00f6nemli avantajlar sa\u011flayan s\u00fcre\u00e7 i\u00e7inde t\u00fcketilen de\u011fildir. Medya katalitik i\u015fini yapmak i\u00e7in \u00e7\u00fcr\u00fcyen bir kapasite g\u00f6stermez. 5 ila 10 y\u0131ll\u0131k s\u00fcre i\u00e7inde, yata\u011f\u0131n bir\u00e7ok geri y\u0131kama i\u015flemleri ile muhafaza kat\u0131 kald\u0131rmak i\u00e7in, ortam bir y\u0131pranma kayb\u0131 par\u00e7ac\u0131klar ve mekanik a\u015f\u0131nma aras\u0131nda temas olu\u015fur.[\/vc_column_text][\/vc_column][\/vc_row][vc_row content_placement=&#8221;middle&#8221; css=&#8221;.vc_custom_1592798106994{margin-top: 30px !important;padding-top: 20px !important;padding-right: 20px !important;padding-bottom: 5px !important;padding-left: 20px !important;}&#8221; el_class=&#8221;cta&#8221;][vc_column]<div class=\"dt-fancy-separator\" style=\"width: 100%;\"><div class=\"dt-fancy-title\"><span class=\"separator-holder separator-left\"><\/span>Ka\u011f\u0131t ve hamuru end\u00fcstrileri i\u00e7in DMI-65\u00ae filtrasyon ortam\u0131n\u0131n nas\u0131l oldu\u011funu \u00f6\u011frenmek i\u00e7in bilgi edinin.<span class=\"separator-holder separator-right\"><\/span><\/div><\/div>[vc_btn title=&#8221;Sormak&#8221; style=&#8221;custom&#8221; custom_background=&#8221;#162441&#8243; custom_text=&#8221;#ffffff&#8221; shape=&#8221;square&#8221; size=&#8221;lg&#8221; align=&#8221;center&#8221; i_align=&#8221;right&#8221; i_icon_fontawesome=&#8221;fas fa-chevron-right&#8221; add_icon=&#8221;true&#8221; css=&#8221;.vc_custom_1592793128520{margin-top: 20px !important;}&#8221; el_class=&#8221;ctaButton sg-popup-id-8233&#8243;][\/vc_column][\/vc_row]<\/p>\n<\/div>","protected":false},"excerpt":{"rendered":"<p>[vc_row][vc_column][vc_column_text css=&#8221;.vc_custom_1593504327971{margin-top: 15px !important;margin-bottom: 15px !important;}&#8221;]Ka\u011f\u0131t ve Ka\u011f\u0131t Hamuru End\u00fcstrisi i\u00e7in Su Ar\u0131tma: Ka\u011f\u0131t ve Hamuru kimyasal tedarik\u00e7i ve su ar\u0131tma uzmanlar\u0131, Pt Lautan Luas Tbk,Kuantum Filtrasyon Mediums orta\u011f\u0131 ve Endonezya ve G\u00fcney Do\u011fu Asya&#8217;da DMI-65\u00ae ajan. Lautan Luas, ka\u011f\u0131t ve ka\u011f\u0131t hamuru imalat\u0131 end\u00fcstrisinde kullan\u0131lan mevcut en iyi, \u00f6zel \u00fcr\u00fcnler ve kimyasallardan binlercesini tedarik&hellip;<\/p>\n","protected":false},"author":1,"featured_media":0,"parent":7114,"menu_order":0,"comment_status":"closed","ping_status":"closed","template":"","meta":{"content-type":"","footnotes":""},"class_list":["post-9226","page","type-page","status-publish","hentry","description-off"],"yoast_head":"<!-- This site is optimized with the Yoast SEO plugin v25.2 - https:\/\/yoast.com\/wordpress\/plugins\/seo\/ -->\n<title>Ka\u011f\u0131t &amp; Hamuru i\u00e7in Su Ar\u0131tma, Filtrasyon Medya - DMI-65\u00ae<\/title>\n<meta name=\"description\" content=\"DMI-65\u00ae ka\u011f\u0131t ve hamuru end\u00fcstrileri i\u00e7in en iyi su ar\u0131tma, demir ve manganez kald\u0131rma imalat sanayi i\u00e7in.\" \/>\n<meta name=\"robots\" content=\"index, follow, max-snippet:-1, max-image-preview:large, max-video-preview:-1\" \/>\n<link rel=\"canonical\" href=\"https:\/\/dmi65.com\/tr\/sanayi\/kagit-ve-kagit-hamuru-endustrisi-icin-su-aritma\/\" \/>\n<meta property=\"og:locale\" content=\"tr_TR\" \/>\n<meta property=\"og:type\" content=\"article\" \/>\n<meta property=\"og:title\" content=\"Ka\u011f\u0131t &amp; Hamuru i\u00e7in Su Ar\u0131tma, Filtrasyon Medya - DMI-65\u00ae\" \/>\n<meta property=\"og:description\" content=\"DMI-65\u00ae ka\u011f\u0131t ve hamuru end\u00fcstrileri i\u00e7in en iyi su ar\u0131tma, demir ve manganez kald\u0131rma imalat sanayi i\u00e7in.\" \/>\n<meta property=\"og:url\" content=\"https:\/\/dmi65.com\/tr\/sanayi\/kagit-ve-kagit-hamuru-endustrisi-icin-su-aritma\/\" \/>\n<meta property=\"og:site_name\" content=\"DMI-65\u00ae\" \/>\n<meta property=\"article:modified_time\" content=\"2020-06-30T10:54:06+00:00\" \/>\n<meta property=\"og:image\" content=\"https:\/\/dmi65.com\/wp-content\/uploads\/2020\/06\/dmi65_Logo_Blk.png\" \/>\n\t<meta property=\"og:image:width\" content=\"466\" \/>\n\t<meta property=\"og:image:height\" content=\"200\" \/>\n\t<meta property=\"og:image:type\" content=\"image\/png\" \/>\n<meta name=\"twitter:card\" content=\"summary_large_image\" \/>\n<meta name=\"twitter:label1\" content=\"Tahmini okuma s\u00fcresi\" \/>\n\t<meta name=\"twitter:data1\" content=\"4 dakika\" \/>\n<script type=\"application\/ld+json\" class=\"yoast-schema-graph\">{\"@context\":\"https:\/\/schema.org\",\"@graph\":[{\"@type\":\"WebPage\",\"@id\":\"https:\/\/dmi65.com\/tr\/sanayi\/kagit-ve-kagit-hamuru-endustrisi-icin-su-aritma\/\",\"url\":\"https:\/\/dmi65.com\/tr\/sanayi\/kagit-ve-kagit-hamuru-endustrisi-icin-su-aritma\/\",\"name\":\"Ka\u011f\u0131t & Hamuru i\u00e7in Su Ar\u0131tma, Filtrasyon Medya - DMI-65\u00ae\",\"isPartOf\":{\"@id\":\"https:\/\/dmi65.com\/tr\/#website\"},\"datePublished\":\"2020-06-30T10:53:56+00:00\",\"dateModified\":\"2020-06-30T10:54:06+00:00\",\"description\":\"DMI-65\u00ae ka\u011f\u0131t ve hamuru end\u00fcstrileri i\u00e7in en iyi su ar\u0131tma, demir ve manganez kald\u0131rma imalat sanayi i\u00e7in.\",\"breadcrumb\":{\"@id\":\"https:\/\/dmi65.com\/tr\/sanayi\/kagit-ve-kagit-hamuru-endustrisi-icin-su-aritma\/#breadcrumb\"},\"inLanguage\":\"tr\",\"potentialAction\":[{\"@type\":\"ReadAction\",\"target\":[\"https:\/\/dmi65.com\/tr\/sanayi\/kagit-ve-kagit-hamuru-endustrisi-icin-su-aritma\/\"]}]},{\"@type\":\"BreadcrumbList\",\"@id\":\"https:\/\/dmi65.com\/tr\/sanayi\/kagit-ve-kagit-hamuru-endustrisi-icin-su-aritma\/#breadcrumb\",\"itemListElement\":[{\"@type\":\"ListItem\",\"position\":1,\"name\":\"Home\",\"item\":\"https:\/\/dmi65.com\/tr\/\"},{\"@type\":\"ListItem\",\"position\":2,\"name\":\"Sanayi\",\"item\":\"https:\/\/dmi65.com\/tr\/sanayi\/\"},{\"@type\":\"ListItem\",\"position\":3,\"name\":\"Ka\u011f\u0131t ve Ka\u011f\u0131t Hamuru End\u00fcstrisi i\u00e7in Su Ar\u0131tma\"}]},{\"@type\":\"WebSite\",\"@id\":\"https:\/\/dmi65.com\/tr\/#website\",\"url\":\"https:\/\/dmi65.com\/tr\/\",\"name\":\"DMI-65\u00ae\",\"description\":\"Water Filtration &amp; Reverse Osmosis Treatment, Catalytic Media\",\"publisher\":{\"@id\":\"https:\/\/dmi65.com\/tr\/#organization\"},\"potentialAction\":[{\"@type\":\"SearchAction\",\"target\":{\"@type\":\"EntryPoint\",\"urlTemplate\":\"https:\/\/dmi65.com\/tr\/?s={search_term_string}\"},\"query-input\":{\"@type\":\"PropertyValueSpecification\",\"valueRequired\":true,\"valueName\":\"search_term_string\"}}],\"inLanguage\":\"tr\"},{\"@type\":\"Organization\",\"@id\":\"https:\/\/dmi65.com\/tr\/#organization\",\"name\":\"DMI-65 & Quantum Filtration Pty Ltd\",\"url\":\"https:\/\/dmi65.com\/tr\/\",\"logo\":{\"@type\":\"ImageObject\",\"inLanguage\":\"tr\",\"@id\":\"https:\/\/dmi65.com\/tr\/#\/schema\/logo\/image\/\",\"url\":\"https:\/\/dmi65.com\/wp-content\/uploads\/2020\/04\/dmi65.png\",\"contentUrl\":\"https:\/\/dmi65.com\/wp-content\/uploads\/2020\/04\/dmi65.png\",\"width\":440,\"height\":205,\"caption\":\"DMI-65 & Quantum Filtration Pty Ltd\"},\"image\":{\"@id\":\"https:\/\/dmi65.com\/tr\/#\/schema\/logo\/image\/\"},\"sameAs\":[\"https:\/\/www.linkedin.com\/company\/dmi-65\",\"https:\/\/www.youtube.com\/channel\/UCbXoMn5KBp2jrnx4KR_Qg4A\"]}]}<\/script>\n<!-- \/ Yoast SEO plugin. -->","yoast_head_json":{"title":"Ka\u011f\u0131t & Hamuru i\u00e7in Su Ar\u0131tma, Filtrasyon Medya - DMI-65\u00ae","description":"DMI-65\u00ae ka\u011f\u0131t ve hamuru end\u00fcstrileri i\u00e7in en iyi su ar\u0131tma, demir ve manganez kald\u0131rma imalat sanayi i\u00e7in.","robots":{"index":"index","follow":"follow","max-snippet":"max-snippet:-1","max-image-preview":"max-image-preview:large","max-video-preview":"max-video-preview:-1"},"canonical":"https:\/\/dmi65.com\/tr\/sanayi\/kagit-ve-kagit-hamuru-endustrisi-icin-su-aritma\/","og_locale":"tr_TR","og_type":"article","og_title":"Ka\u011f\u0131t & Hamuru i\u00e7in Su Ar\u0131tma, Filtrasyon Medya - DMI-65\u00ae","og_description":"DMI-65\u00ae ka\u011f\u0131t ve hamuru end\u00fcstrileri i\u00e7in en iyi su ar\u0131tma, demir ve manganez kald\u0131rma imalat sanayi i\u00e7in.","og_url":"https:\/\/dmi65.com\/tr\/sanayi\/kagit-ve-kagit-hamuru-endustrisi-icin-su-aritma\/","og_site_name":"DMI-65\u00ae","article_modified_time":"2020-06-30T10:54:06+00:00","og_image":[{"width":466,"height":200,"url":"https:\/\/dmi65.com\/wp-content\/uploads\/2020\/06\/dmi65_Logo_Blk.png","type":"image\/png"}],"twitter_card":"summary_large_image","twitter_misc":{"Tahmini okuma s\u00fcresi":"4 dakika"},"schema":{"@context":"https:\/\/schema.org","@graph":[{"@type":"WebPage","@id":"https:\/\/dmi65.com\/tr\/sanayi\/kagit-ve-kagit-hamuru-endustrisi-icin-su-aritma\/","url":"https:\/\/dmi65.com\/tr\/sanayi\/kagit-ve-kagit-hamuru-endustrisi-icin-su-aritma\/","name":"Ka\u011f\u0131t & Hamuru i\u00e7in Su Ar\u0131tma, Filtrasyon Medya - DMI-65\u00ae","isPartOf":{"@id":"https:\/\/dmi65.com\/tr\/#website"},"datePublished":"2020-06-30T10:53:56+00:00","dateModified":"2020-06-30T10:54:06+00:00","description":"DMI-65\u00ae ka\u011f\u0131t ve hamuru end\u00fcstrileri i\u00e7in en iyi su ar\u0131tma, demir ve manganez kald\u0131rma imalat sanayi i\u00e7in.","breadcrumb":{"@id":"https:\/\/dmi65.com\/tr\/sanayi\/kagit-ve-kagit-hamuru-endustrisi-icin-su-aritma\/#breadcrumb"},"inLanguage":"tr","potentialAction":[{"@type":"ReadAction","target":["https:\/\/dmi65.com\/tr\/sanayi\/kagit-ve-kagit-hamuru-endustrisi-icin-su-aritma\/"]}]},{"@type":"BreadcrumbList","@id":"https:\/\/dmi65.com\/tr\/sanayi\/kagit-ve-kagit-hamuru-endustrisi-icin-su-aritma\/#breadcrumb","itemListElement":[{"@type":"ListItem","position":1,"name":"Home","item":"https:\/\/dmi65.com\/tr\/"},{"@type":"ListItem","position":2,"name":"Sanayi","item":"https:\/\/dmi65.com\/tr\/sanayi\/"},{"@type":"ListItem","position":3,"name":"Ka\u011f\u0131t ve Ka\u011f\u0131t Hamuru End\u00fcstrisi i\u00e7in Su Ar\u0131tma"}]},{"@type":"WebSite","@id":"https:\/\/dmi65.com\/tr\/#website","url":"https:\/\/dmi65.com\/tr\/","name":"DMI-65\u00ae","description":"Water Filtration &amp; Reverse Osmosis Treatment, Catalytic Media","publisher":{"@id":"https:\/\/dmi65.com\/tr\/#organization"},"potentialAction":[{"@type":"SearchAction","target":{"@type":"EntryPoint","urlTemplate":"https:\/\/dmi65.com\/tr\/?s={search_term_string}"},"query-input":{"@type":"PropertyValueSpecification","valueRequired":true,"valueName":"search_term_string"}}],"inLanguage":"tr"},{"@type":"Organization","@id":"https:\/\/dmi65.com\/tr\/#organization","name":"DMI-65 & Quantum Filtration Pty Ltd","url":"https:\/\/dmi65.com\/tr\/","logo":{"@type":"ImageObject","inLanguage":"tr","@id":"https:\/\/dmi65.com\/tr\/#\/schema\/logo\/image\/","url":"https:\/\/dmi65.com\/wp-content\/uploads\/2020\/04\/dmi65.png","contentUrl":"https:\/\/dmi65.com\/wp-content\/uploads\/2020\/04\/dmi65.png","width":440,"height":205,"caption":"DMI-65 & Quantum Filtration Pty Ltd"},"image":{"@id":"https:\/\/dmi65.com\/tr\/#\/schema\/logo\/image\/"},"sameAs":["https:\/\/www.linkedin.com\/company\/dmi-65","https:\/\/www.youtube.com\/channel\/UCbXoMn5KBp2jrnx4KR_Qg4A"]}]}},"_links":{"self":[{"href":"https:\/\/dmi65.com\/tr\/wp-json\/wp\/v2\/pages\/9226","targetHints":{"allow":["GET"]}}],"collection":[{"href":"https:\/\/dmi65.com\/tr\/wp-json\/wp\/v2\/pages"}],"about":[{"href":"https:\/\/dmi65.com\/tr\/wp-json\/wp\/v2\/types\/page"}],"author":[{"embeddable":true,"href":"https:\/\/dmi65.com\/tr\/wp-json\/wp\/v2\/users\/1"}],"replies":[{"embeddable":true,"href":"https:\/\/dmi65.com\/tr\/wp-json\/wp\/v2\/comments?post=9226"}],"version-history":[{"count":1,"href":"https:\/\/dmi65.com\/tr\/wp-json\/wp\/v2\/pages\/9226\/revisions"}],"predecessor-version":[{"id":9227,"href":"https:\/\/dmi65.com\/tr\/wp-json\/wp\/v2\/pages\/9226\/revisions\/9227"}],"up":[{"embeddable":true,"href":"https:\/\/dmi65.com\/tr\/wp-json\/wp\/v2\/pages\/7114"}],"wp:attachment":[{"href":"https:\/\/dmi65.com\/tr\/wp-json\/wp\/v2\/media?parent=9226"}],"curies":[{"name":"wp","href":"https:\/\/api.w.org\/{rel}","templated":true}]}}