{"id":9187,"date":"2020-06-30T18:51:08","date_gmt":"2020-06-30T10:51:08","guid":{"rendered":"https:\/\/dmi65.com\/sanayi\/belediye-icme-suyu-aritma\/"},"modified":"2020-06-30T18:51:09","modified_gmt":"2020-06-30T10:51:09","slug":"belediye-icme-suyu-aritma","status":"publish","type":"page","link":"https:\/\/dmi65.com\/tr\/sanayi\/belediye-icme-suyu-aritma\/","title":{"rendered":"Belediye \u0130\u00e7me Suyu Ar\u0131tma"},"content":{"rendered":"<div class=\"wpb-content-wrapper\"><p>[vc_row][vc_column][vc_column_text css=&#8221;.vc_custom_1593483956340{margin-top: 15px !important;margin-bottom: 15px !important;}&#8221;]<strong>Belediye \u0130\u00e7me Suyu Ar\u0131tma:<\/strong> G\u00fcvenli i\u00e7me suyuna eri\u015fim temel bir insan hakk\u0131 olarak kabul edilir. Ancak,<a href=\"https:\/\/www.who.int\/news-room\/detail\/12-07-2017-2-1-billion-people-lack-safe-drinking-water-at-home-more-than-twice-as-many-lack-safe-sanitation\" target=\"_blank\" rel=\"noopener noreferrer\"> d\u00fcnya n\u00fcfusunun alt\u0131da birinden fazlas\u0131, a\u011f\u0131rl\u0131kl\u0131 olarak geli\u015fmekte olan \u00fclkelerde, bu t\u00fcr su g\u00fcvenilir eri\u015fim eksikli\u011fi.<\/a> M\u00fc\u015fteriler tat, koku, renk, bal\u00e7\u0131k, d\u00fc\u015f\u00fck bas\u0131n\u00e7 ve su temini gibi olaylarla ilgili olarak i\u00e7me suyu \u015firketlerine \u015fikayette bulunmaktad\u0131r. \u0130ngiltere&#8217;de, i\u00e7me suyuyla ilgili t\u00fcm m\u00fc\u015fteri \u015fikayetlerinin \u00fc\u00e7te birinin su daki renk de\u011fi\u015fikli\u011fiyle ilgili oldu\u011fu tahmin edilmektedir (Cook vd., 2005). Bu \u015fikayetler m\u00fc\u015fterilerin su \u015firketlerine olan g\u00fcvenini b\u00fcy\u00fck \u00f6l\u00e7\u00fcde sarsacakt\u0131r.[\/vc_column_text][\/vc_column][\/vc_row][vc_row][vc_column][vc_column_text css=&#8221;.vc_custom_1593484138974{margin-bottom: 0px !important;}&#8221;]Iron and Manganese contamination of water have long been considered to only lead to aesthetic problems, in that they are secondary contaminants that have little or no adverse health effects. However, research conducted by Wasserman et al. (2006) indicated a relationship between increased Mn concentrations in drinking water and reduced intellectual functions of children. Increased levels of Iron and Manganese concentrations have been found to be the main cause of drinking water discolouration (Slaats, 2002). Furthermore, discoloured water could also lead to coloured stains on laundries and sinks, increased treatment costs, reduced treatment capacity and increased pumping costs. Water with high concentrations of Iron and Manganese has been found to give water an unpleasant metallic taste and vegetables cooked with it become dark and look unappetizing (Herman, 1996).<\/p>\n<p>High Iron and Manganese levels can lead to non-compliance with drinking water regulations. The drinking water standard for most jurisdictions for iron is 0.3 milligrams per liter (mg\/l), and the standard for manganese is 0.05 mg\/l respectively. The quality of water changes as it travels from source to consumers in Water Distribution Networks (\u2018WDNs\u2019). Although water companies generally set post-treatment targets of Fe and Mn to about 3% of their respective MCLs, low concentrations of Fe and Mn still enter the network and gradually accumulate on pipe walls within WDNs. Given the wrong conditions, such as high flows created by a water main burst or high diurnal consumption of drinking water, these accumulated particles may subsequently lead to water discolouration and end up in customers\u2019 taps.<\/p>\n<p>In order to begin the process of oxidation of the iron (and manganese) in solution DMI-65\u00ae is designed to operate in the presence of chlorine or other oxidants. In this process the oxidant removes electrons and is consumed in<\/p>\n<p>the process. The operator needs to ensure that there is a 0.1 \u2013 0.3 ppm free chlorine residual in the effluent water. Chlorine, fed as sodium hypochlorite or bleach (12.5% NaOCl), is the preferred oxidant since it is relatively inexpensive, readily available around the world and it is effective. It also performs the vast majority of any disinfectant process.<\/p>\n<p>Unlike ion exchange resins where higher regenerant dosages will increase the ion exchange capacity, NaOCl residuals or concentrations higher than required to oxidize the Iron and Manganese do not increase the oxidative properties of the media. Additionally, since the media is often used to pretreat waters prior to an RO system a higher free chlorine residual would require more extensive post treatment to reduce the residual and protect the membranes from chlorine attack.<\/p>\n<p>DMI-65\u00ae has been certified to the <a href=\"http:\/\/dmi65.com\/tr\/teknik\/sertifikasyon-su-kalitesi\/\">US Standard of NSF\/ANSI 61 for Drinking Water System Components<\/a> and for use in England and Wales Under Regulation 31(4)(a) of the water supply (Water Quality) regulations 2010 and has also been tested by many other <a href=\"http:\/\/dmi65.com\/tr\/teknik\/laboratuvar-testleri\/\">water treatment authorities and laboratories<\/a>.[\/vc_column_text][vc_empty_space height=&#8221;20px&#8221;]<blockquote class=\"text-big shortcode-blockquote block-style-widget\"><p>George Belediye Su \u0130\u015fleri, G\u00fcney Afrika, DMI-65\u00ae \u00fczerinde 550 metrik ton kullan\u0131r. George suyu humik ve Fulvik asitler i\u00e7eren y\u00fcksek renklidir \u2013 ham su rengi yakla\u015f\u0131k olarak. 800 PtCo renk \u00fcnitesi. Bu su t\u00fcr\u00fcn\u00fcn filtre edilmesi en zor sulardan biri oldu\u011funa inan\u0131lmaktad\u0131r. Demir giderme pH ne olursa olsun \u00e7ok etkilidir. Bulunan en y\u00fcksek kal\u0131nt\u0131 demir 0.01 mg\/L idi. Manganez kald\u0131rma da \u00e7ok etkilidir. Bulunan en y\u00fcksek kalan manganez 0.06 mg\/l Mn en iyi y\u00fcksek pH 8&#8217;de \u00e7\u0131kar\u0131l\u0131r. Y\u00fcksek pH&#8217;da bile al\u00fcminyum kald\u0131rman\u0131n ek avantaj\u0131. Kaydedilen en y\u00fcksek bulan\u0131kl\u0131k 0.06 NTU oldu. Laboratuvar testlerimize g\u00f6re en y\u00fcksek renk 4 mg\/l PtCo idi ancak \u00e7o\u011fu zaman renk George&#8217;daki bir eczaneden al\u0131nan distile suyun renginden daha d\u00fc\u015f\u00fckt\u00fc. Ocak 2007&#8217;nin ba\u015f\u0131ndan beri \u00e7al\u0131\u015fan santral, m\u00fckemmel sonu\u00e7lar almaya devam ediyor. George Belediye Su \u0130\u015fleri, ayn\u0131 DMI-65\u00ae filtre ortam\u0131n\u0131 13 y\u0131l\u0131 a\u015fk\u0131n bir s\u00fcredir, performansta herhangi bir hata veya azalma olmadan kullan\u0131r.<\/p>\n<\/blockquote>[vc_empty_space height=&#8221;20px&#8221;]<blockquote class=\"text-big shortcode-blockquote block-style-widget\"><p>Durban Witbank Belediye Su Ar\u0131tma Tesisi, G\u00fcney Afrika yerel yeralt\u0131 su kayna\u011f\u0131ndan demir ve manganez kald\u0131rmak i\u00e7in filtre medya 1200 ton kullanan 18 b\u00fcy\u00fck h\u0131zl\u0131 kum filtreleri olu\u015fur. Yerel su ar\u0131tma uzmanlar\u0131 ve DMI-65\u00ae ajan\u0131 Su Teknolojileri Cape, 2018 y\u0131l\u0131nda ba\u015far\u0131l\u0131 bir pilot deneme ile sistemi DMI-65\u00ae&#8217;ye y\u00fckseltmenin performans\u0131n\u0131 ve maliyet faydalar\u0131n\u0131 g\u00f6sterdiler. Fabrikan\u0131n modernizasyonu 2019 y\u0131l\u0131nda ba\u015flad\u0131 ve 2020 y\u0131l\u0131 sonuna kadar tamamlanmas\u0131 bekleniyor.<\/p>\n<\/blockquote>[\/vc_column][\/vc_row][vc_row css=&#8221;.vc_custom_1593496115589{margin-top: 15px !important;}&#8221;][vc_column]<div class=\"dt-fancy-separator\" style=\"width: 100%;\"><div class=\"dt-fancy-title\"><span class=\"separator-holder separator-left\"><\/span>Belediye \u0130\u00e7me Suyu Uygulamalar\u0131 I\u00e7in \u00d6rnek \u00c7al\u0131\u015fmalar<span class=\"separator-holder separator-right\"><\/span><\/div><\/div>[vc_basic_grid post_type=&#8221;post&#8221; max_items=&#8221;2&#8243; element_width=&#8221;6&#8243; item=&#8221;masonryGrid_Default&#8221; grid_id=&#8221;vc_gid:1593497762693-41b75922-5425-4&#8243; taxonomies=&#8221;679&#8243; css=&#8221;.vc_custom_1593496256234{margin-top: 30px !important;}&#8221;][\/vc_column][\/vc_row][vc_row content_placement=&#8221;middle&#8221; css=&#8221;.vc_custom_1592798106994{margin-top: 30px !important;padding-top: 20px !important;padding-right: 20px !important;padding-bottom: 5px !important;padding-left: 20px !important;}&#8221; el_class=&#8221;cta&#8221;][vc_column]<div class=\"dt-fancy-separator\" style=\"width: 100%;\"><div class=\"dt-fancy-title\"><span class=\"separator-holder separator-left\"><\/span>DMI-65\u00ae belediye i\u00e7me suyu uygulamalar\u0131 i\u00e7in filtreleme ortam\u0131n\u0131n nas\u0131l oldu\u011funu \u00f6\u011frenmek i\u00e7in bilgi almak i\u00e7in<span class=\"separator-holder separator-right\"><\/span><\/div><\/div>[vc_btn title=&#8221;Sormak&#8221; style=&#8221;custom&#8221; custom_background=&#8221;#162441&#8243; custom_text=&#8221;#ffffff&#8221; shape=&#8221;square&#8221; size=&#8221;lg&#8221; align=&#8221;center&#8221; i_align=&#8221;right&#8221; i_icon_fontawesome=&#8221;fas fa-chevron-right&#8221; add_icon=&#8221;true&#8221; css=&#8221;.vc_custom_1592793128520{margin-top: 20px !important;}&#8221; el_class=&#8221;ctaButton sg-popup-id-8233&#8243;][\/vc_column][\/vc_row]<\/p>\n<\/div>","protected":false},"excerpt":{"rendered":"<p>[vc_row][vc_column][vc_column_text css=&#8221;.vc_custom_1593483956340{margin-top: 15px !important;margin-bottom: 15px !important;}&#8221;]Belediye \u0130\u00e7me Suyu Ar\u0131tma: G\u00fcvenli i\u00e7me suyuna eri\u015fim temel bir insan hakk\u0131 olarak kabul edilir. Ancak, d\u00fcnya n\u00fcfusunun alt\u0131da birinden fazlas\u0131, a\u011f\u0131rl\u0131kl\u0131 olarak geli\u015fmekte olan \u00fclkelerde, bu t\u00fcr su g\u00fcvenilir eri\u015fim eksikli\u011fi. M\u00fc\u015fteriler tat, koku, renk, bal\u00e7\u0131k, d\u00fc\u015f\u00fck bas\u0131n\u00e7 ve su temini gibi olaylarla ilgili olarak i\u00e7me suyu \u015firketlerine \u015fikayette&hellip;<\/p>\n","protected":false},"author":1,"featured_media":0,"parent":7114,"menu_order":0,"comment_status":"closed","ping_status":"closed","template":"","meta":{"content-type":"","footnotes":""},"class_list":["post-9187","page","type-page","status-publish","hentry","description-off"],"yoast_head":"<!-- This site is optimized with the Yoast SEO plugin v25.2 - https:\/\/yoast.com\/wordpress\/plugins\/seo\/ -->\n<title>Muncipal \u0130\u00e7me Suyu Ar\u0131tma, Filtrasyon Medya - DMI-65\u00ae<\/title>\n<meta name=\"description\" content=\"DMI-65\u00ae \u00f6zellikle temiz suya g\u00fcvenilir eri\u015fimi olmayan geli\u015fmekte olan \u00fclkelerde belediye i\u00e7me suyu ar\u0131t\u0131lmas\u0131nda kullan\u0131labilir.\" \/>\n<meta name=\"robots\" content=\"index, follow, max-snippet:-1, max-image-preview:large, max-video-preview:-1\" \/>\n<link rel=\"canonical\" href=\"https:\/\/dmi65.com\/tr\/sanayi\/belediye-icme-suyu-aritma\/\" \/>\n<meta property=\"og:locale\" content=\"tr_TR\" \/>\n<meta property=\"og:type\" content=\"article\" \/>\n<meta property=\"og:title\" content=\"Muncipal \u0130\u00e7me Suyu Ar\u0131tma, Filtrasyon Medya - DMI-65\u00ae\" \/>\n<meta property=\"og:description\" content=\"DMI-65\u00ae \u00f6zellikle temiz suya g\u00fcvenilir eri\u015fimi olmayan geli\u015fmekte olan \u00fclkelerde belediye i\u00e7me suyu ar\u0131t\u0131lmas\u0131nda kullan\u0131labilir.\" \/>\n<meta property=\"og:url\" content=\"https:\/\/dmi65.com\/tr\/sanayi\/belediye-icme-suyu-aritma\/\" \/>\n<meta property=\"og:site_name\" content=\"DMI-65\u00ae\" \/>\n<meta property=\"article:modified_time\" content=\"2020-06-30T10:51:09+00:00\" \/>\n<meta property=\"og:image\" content=\"https:\/\/dmi65.com\/wp-content\/uploads\/2020\/06\/dmi65_Logo_Blk.png\" \/>\n\t<meta property=\"og:image:width\" content=\"466\" \/>\n\t<meta property=\"og:image:height\" content=\"200\" \/>\n\t<meta property=\"og:image:type\" content=\"image\/png\" \/>\n<meta name=\"twitter:card\" content=\"summary_large_image\" \/>\n<meta name=\"twitter:label1\" content=\"Tahmini okuma s\u00fcresi\" \/>\n\t<meta name=\"twitter:data1\" content=\"5 dakika\" \/>\n<script type=\"application\/ld+json\" class=\"yoast-schema-graph\">{\"@context\":\"https:\/\/schema.org\",\"@graph\":[{\"@type\":\"WebPage\",\"@id\":\"https:\/\/dmi65.com\/tr\/sanayi\/belediye-icme-suyu-aritma\/\",\"url\":\"https:\/\/dmi65.com\/tr\/sanayi\/belediye-icme-suyu-aritma\/\",\"name\":\"Muncipal \u0130\u00e7me Suyu Ar\u0131tma, Filtrasyon Medya - DMI-65\u00ae\",\"isPartOf\":{\"@id\":\"https:\/\/dmi65.com\/tr\/#website\"},\"datePublished\":\"2020-06-30T10:51:08+00:00\",\"dateModified\":\"2020-06-30T10:51:09+00:00\",\"description\":\"DMI-65\u00ae \u00f6zellikle temiz suya g\u00fcvenilir eri\u015fimi olmayan geli\u015fmekte olan \u00fclkelerde belediye i\u00e7me suyu ar\u0131t\u0131lmas\u0131nda kullan\u0131labilir.\",\"breadcrumb\":{\"@id\":\"https:\/\/dmi65.com\/tr\/sanayi\/belediye-icme-suyu-aritma\/#breadcrumb\"},\"inLanguage\":\"tr\",\"potentialAction\":[{\"@type\":\"ReadAction\",\"target\":[\"https:\/\/dmi65.com\/tr\/sanayi\/belediye-icme-suyu-aritma\/\"]}]},{\"@type\":\"BreadcrumbList\",\"@id\":\"https:\/\/dmi65.com\/tr\/sanayi\/belediye-icme-suyu-aritma\/#breadcrumb\",\"itemListElement\":[{\"@type\":\"ListItem\",\"position\":1,\"name\":\"Home\",\"item\":\"https:\/\/dmi65.com\/tr\/\"},{\"@type\":\"ListItem\",\"position\":2,\"name\":\"Sanayi\",\"item\":\"https:\/\/dmi65.com\/tr\/sanayi\/\"},{\"@type\":\"ListItem\",\"position\":3,\"name\":\"Belediye \u0130\u00e7me Suyu Ar\u0131tma\"}]},{\"@type\":\"WebSite\",\"@id\":\"https:\/\/dmi65.com\/tr\/#website\",\"url\":\"https:\/\/dmi65.com\/tr\/\",\"name\":\"DMI-65\u00ae\",\"description\":\"Water Filtration &amp; Reverse Osmosis Treatment, Catalytic Media\",\"publisher\":{\"@id\":\"https:\/\/dmi65.com\/tr\/#organization\"},\"potentialAction\":[{\"@type\":\"SearchAction\",\"target\":{\"@type\":\"EntryPoint\",\"urlTemplate\":\"https:\/\/dmi65.com\/tr\/?s={search_term_string}\"},\"query-input\":{\"@type\":\"PropertyValueSpecification\",\"valueRequired\":true,\"valueName\":\"search_term_string\"}}],\"inLanguage\":\"tr\"},{\"@type\":\"Organization\",\"@id\":\"https:\/\/dmi65.com\/tr\/#organization\",\"name\":\"DMI-65 & Quantum Filtration Pty Ltd\",\"url\":\"https:\/\/dmi65.com\/tr\/\",\"logo\":{\"@type\":\"ImageObject\",\"inLanguage\":\"tr\",\"@id\":\"https:\/\/dmi65.com\/tr\/#\/schema\/logo\/image\/\",\"url\":\"https:\/\/dmi65.com\/wp-content\/uploads\/2020\/04\/dmi65.png\",\"contentUrl\":\"https:\/\/dmi65.com\/wp-content\/uploads\/2020\/04\/dmi65.png\",\"width\":440,\"height\":205,\"caption\":\"DMI-65 & Quantum Filtration Pty Ltd\"},\"image\":{\"@id\":\"https:\/\/dmi65.com\/tr\/#\/schema\/logo\/image\/\"},\"sameAs\":[\"https:\/\/www.linkedin.com\/company\/dmi-65\",\"https:\/\/www.youtube.com\/channel\/UCbXoMn5KBp2jrnx4KR_Qg4A\"]}]}<\/script>\n<!-- \/ Yoast SEO plugin. -->","yoast_head_json":{"title":"Muncipal \u0130\u00e7me Suyu Ar\u0131tma, Filtrasyon Medya - DMI-65\u00ae","description":"DMI-65\u00ae \u00f6zellikle temiz suya g\u00fcvenilir eri\u015fimi olmayan geli\u015fmekte olan \u00fclkelerde belediye i\u00e7me suyu ar\u0131t\u0131lmas\u0131nda kullan\u0131labilir.","robots":{"index":"index","follow":"follow","max-snippet":"max-snippet:-1","max-image-preview":"max-image-preview:large","max-video-preview":"max-video-preview:-1"},"canonical":"https:\/\/dmi65.com\/tr\/sanayi\/belediye-icme-suyu-aritma\/","og_locale":"tr_TR","og_type":"article","og_title":"Muncipal \u0130\u00e7me Suyu Ar\u0131tma, Filtrasyon Medya - DMI-65\u00ae","og_description":"DMI-65\u00ae \u00f6zellikle temiz suya g\u00fcvenilir eri\u015fimi olmayan geli\u015fmekte olan \u00fclkelerde belediye i\u00e7me suyu ar\u0131t\u0131lmas\u0131nda kullan\u0131labilir.","og_url":"https:\/\/dmi65.com\/tr\/sanayi\/belediye-icme-suyu-aritma\/","og_site_name":"DMI-65\u00ae","article_modified_time":"2020-06-30T10:51:09+00:00","og_image":[{"width":466,"height":200,"url":"https:\/\/dmi65.com\/wp-content\/uploads\/2020\/06\/dmi65_Logo_Blk.png","type":"image\/png"}],"twitter_card":"summary_large_image","twitter_misc":{"Tahmini okuma s\u00fcresi":"5 dakika"},"schema":{"@context":"https:\/\/schema.org","@graph":[{"@type":"WebPage","@id":"https:\/\/dmi65.com\/tr\/sanayi\/belediye-icme-suyu-aritma\/","url":"https:\/\/dmi65.com\/tr\/sanayi\/belediye-icme-suyu-aritma\/","name":"Muncipal \u0130\u00e7me Suyu Ar\u0131tma, Filtrasyon Medya - DMI-65\u00ae","isPartOf":{"@id":"https:\/\/dmi65.com\/tr\/#website"},"datePublished":"2020-06-30T10:51:08+00:00","dateModified":"2020-06-30T10:51:09+00:00","description":"DMI-65\u00ae \u00f6zellikle temiz suya g\u00fcvenilir eri\u015fimi olmayan geli\u015fmekte olan \u00fclkelerde belediye i\u00e7me suyu ar\u0131t\u0131lmas\u0131nda kullan\u0131labilir.","breadcrumb":{"@id":"https:\/\/dmi65.com\/tr\/sanayi\/belediye-icme-suyu-aritma\/#breadcrumb"},"inLanguage":"tr","potentialAction":[{"@type":"ReadAction","target":["https:\/\/dmi65.com\/tr\/sanayi\/belediye-icme-suyu-aritma\/"]}]},{"@type":"BreadcrumbList","@id":"https:\/\/dmi65.com\/tr\/sanayi\/belediye-icme-suyu-aritma\/#breadcrumb","itemListElement":[{"@type":"ListItem","position":1,"name":"Home","item":"https:\/\/dmi65.com\/tr\/"},{"@type":"ListItem","position":2,"name":"Sanayi","item":"https:\/\/dmi65.com\/tr\/sanayi\/"},{"@type":"ListItem","position":3,"name":"Belediye \u0130\u00e7me Suyu Ar\u0131tma"}]},{"@type":"WebSite","@id":"https:\/\/dmi65.com\/tr\/#website","url":"https:\/\/dmi65.com\/tr\/","name":"DMI-65\u00ae","description":"Water Filtration &amp; Reverse Osmosis Treatment, Catalytic Media","publisher":{"@id":"https:\/\/dmi65.com\/tr\/#organization"},"potentialAction":[{"@type":"SearchAction","target":{"@type":"EntryPoint","urlTemplate":"https:\/\/dmi65.com\/tr\/?s={search_term_string}"},"query-input":{"@type":"PropertyValueSpecification","valueRequired":true,"valueName":"search_term_string"}}],"inLanguage":"tr"},{"@type":"Organization","@id":"https:\/\/dmi65.com\/tr\/#organization","name":"DMI-65 & Quantum Filtration Pty Ltd","url":"https:\/\/dmi65.com\/tr\/","logo":{"@type":"ImageObject","inLanguage":"tr","@id":"https:\/\/dmi65.com\/tr\/#\/schema\/logo\/image\/","url":"https:\/\/dmi65.com\/wp-content\/uploads\/2020\/04\/dmi65.png","contentUrl":"https:\/\/dmi65.com\/wp-content\/uploads\/2020\/04\/dmi65.png","width":440,"height":205,"caption":"DMI-65 & Quantum Filtration Pty Ltd"},"image":{"@id":"https:\/\/dmi65.com\/tr\/#\/schema\/logo\/image\/"},"sameAs":["https:\/\/www.linkedin.com\/company\/dmi-65","https:\/\/www.youtube.com\/channel\/UCbXoMn5KBp2jrnx4KR_Qg4A"]}]}},"_links":{"self":[{"href":"https:\/\/dmi65.com\/tr\/wp-json\/wp\/v2\/pages\/9187","targetHints":{"allow":["GET"]}}],"collection":[{"href":"https:\/\/dmi65.com\/tr\/wp-json\/wp\/v2\/pages"}],"about":[{"href":"https:\/\/dmi65.com\/tr\/wp-json\/wp\/v2\/types\/page"}],"author":[{"embeddable":true,"href":"https:\/\/dmi65.com\/tr\/wp-json\/wp\/v2\/users\/1"}],"replies":[{"embeddable":true,"href":"https:\/\/dmi65.com\/tr\/wp-json\/wp\/v2\/comments?post=9187"}],"version-history":[{"count":3,"href":"https:\/\/dmi65.com\/tr\/wp-json\/wp\/v2\/pages\/9187\/revisions"}],"predecessor-version":[{"id":9190,"href":"https:\/\/dmi65.com\/tr\/wp-json\/wp\/v2\/pages\/9187\/revisions\/9190"}],"up":[{"embeddable":true,"href":"https:\/\/dmi65.com\/tr\/wp-json\/wp\/v2\/pages\/7114"}],"wp:attachment":[{"href":"https:\/\/dmi65.com\/tr\/wp-json\/wp\/v2\/media?parent=9187"}],"curies":[{"name":"wp","href":"https:\/\/api.w.org\/{rel}","templated":true}]}}