{"id":9155,"date":"2020-06-30T18:41:08","date_gmt":"2020-06-30T10:41:08","guid":{"rendered":"https:\/\/dmi65.com\/sanayi\/maden-suyu-aritma\/"},"modified":"2020-06-30T18:41:25","modified_gmt":"2020-06-30T10:41:25","slug":"maden-suyu-aritma","status":"publish","type":"page","link":"https:\/\/dmi65.com\/tr\/sanayi\/maden-suyu-aritma\/","title":{"rendered":"Maden Suyu Ar\u0131tma"},"content":{"rendered":"<div class=\"wpb-content-wrapper\"><p>[vc_row][vc_column][vc_column_text css=&#8221;.vc_custom_1593505072963{margin-top: 15px !important;margin-bottom: 15px !important;}&#8221;]<strong>DMI-65\u00ae for Mining Water Treatment:<\/strong><\/p>\n<blockquote><p>Water management is emerging as the pre-eminent sustainability issue within the Global Energy and Mining Resource Industries. With water being the most important resource in all mining and quarrying developments and operations; it can be used and abused.<\/p><\/blockquote>\n<p>Miners often work in dry, remote areas, where environmental issues make water sourcing, use and disposal particularly problematic. With hard rock mines in particular using water in all steps of the mining process, from drinking water production, cooling equipment, separating waste from valuable minerals to controlling dust, working with such large volumes of water presents a variety of risks.<\/p>\n<p>Mining water treatment applications include potable water treatment for mine sites, process water treatment, product recovery, recycle water treatment systems, residuals management and a variety of other treatment technologies<\/p>\n<p>In order to comply with regulations and ensure that the quality of water leaving mine sites is not adversely affecting water users downstream, mining companies develop water management plans to minimize the potential for water contamination, and to prevent the release of polluted water into the environment. Surrounding surface and groundwater quality is monitored, and a number of treatment processes can be used to ensure mine water meets regulatory standards prior to being discharged.<\/p>\n<p>Awareness of environmental impacts and concern for the environment has increased in recent decades, resulting in more stringent environmental regulations worldwide and a corresponding response from the international mining industry. Environmentally responsible practices, especially relating to water, have become central to the viability and acceptance of a modern mining operation. Water management strategies are used to minimize the environmental impact of mining operations, and are now at the heart of\u00a0 mine development, operation, and restoration activities. Increasingly, companies exceed regulatory compliance in order to provide clean water to surrounding communities.<\/p>\n<p>DMI-65\u00ae is an extremely powerful silica sand based catalytic action water filtration media that is designed for the removal of Iron and Manganese without the use of potassium permanganate through an <a href=\"http:\/\/dmi65.com\/tr\/teknik\/ileri-oksidasyon-proses-su-filtrasyon-icin\/\">Advanced Oxidation Process<\/a>.[\/vc_column_text][\/vc_column][\/vc_row][vc_row][vc_column][vc_column_text css=&#8221;.vc_custom_1593505452357{margin-bottom: 0px !important;}&#8221;]Incorporation of a DMI-65\u00ae based filtration system in the water management strategy will:<\/p>\n<ul>\n<li>Reduce iron and manganese contamination in drinking water to well below health authority standards<\/li>\n<li>materially reduce the symptoms of iron and manganese fouling<\/li>\n<li>remove impurities to control deposition, carryover, and corrosion in the boiler systems<\/li>\n<li>prevent the clogging of water feed systems<\/li>\n<li>Reduce iron and manganese contamination in waste to well below regulatory limits to allow reuse or discharge into the environment<\/li>\n<\/ul>\n<p>DMI-65\u00ae is infused technology and not just a surface coating technology, unlike other catalytic water filtration media, which removes the chance of any chemical leaching into the water stream.<\/p>\n<p>In order to begin the process of oxidation of the iron (and manganese) in solution DMI-65\u00ae is designed to operate in the presence of chlorine or other oxidant. In this process the oxidant removes electrons and is consumed in the process. The operator needs to ensure that there is a 0.1 \u2013 0.3 ppm free chlorine residual in the effluent water.<\/p>\n<p>Chlorine, fed as sodium hypochlorite or bleach (12.5% NaOCl), is the preferred oxidant since it is relatively inexpensive, readily available around the world and it is effective. It also performs the vast majority of any disinfectant process.<\/p>\n<p>Unlike ion exchange resins where higher regenerant dosages will increase the ion exchange capacity, NaOCl residuals or concentrations higher than required to oxidize the Fe and Mn do not increase the oxidative properties of the media.<\/p>\n<p>DMI-65\u00ae has been certified to the US Standard of <a href=\"http:\/\/dmi65.com\/tr\/teknik\/sertifikasyon-su-kalitesi\/\">NSF\/ANSI 61 for Drinking Water System Components<\/a> and for use in England and Wales Under Regulation 31(4)(a) of the water supply (<a href=\"https:\/\/www.wqa.org\/\" target=\"_blank\" rel=\"noopener noreferrer\">Water Quality<\/a>) regulations 2010 and has also been tested by many other water treatment authorities and laboratories.<\/p>\n<p>DMI-65\u00ae is manufactured in Australia[\/vc_column_text][vc_empty_space height=&#8221;20px&#8221;]<div class=\"dt-fancy-separator title-left\" style=\"width: 100%;\"><div class=\"dt-fancy-title\"><span class=\"separator-holder separator-left\"><\/span>Madencilik Su Ar\u0131tma @ Fortescue Metaller Grubu<span class=\"separator-holder separator-right\"><\/span><\/div><\/div><blockquote class=\"text-small shortcode-blockquote block-style-widget\"><p>Fortescue Metals Group&#8217;un Cloudbreak maden sahas\u0131, geli\u015fmi\u015f yeralt\u0131 suyu y\u00f6netim program\u0131 i\u00e7in Avustralya Su Birli\u011fi ile ulusal tan\u0131n\u0131rl\u0131k ve \u00f6d\u00fcller kazand\u0131. Cloudbreak Y\u00f6netilen Akifer \u015earj Program\u0131, her y\u0131l \u015farj edilen 25 gigalitre su kapasitesiyle Avustralya&#8217;daki en b\u00fcy\u00fck ve karma\u015f\u0131k y\u00f6netilen akifer \u015farj programlar\u0131ndan biridir. \u0130lk olarak 2008 y\u0131l\u0131nda kurulan plan, y\u00fczey de\u015farj\u0131 ve susuzla\u015ft\u0131rma ile ilgili \u00e7evresel etkileri azaltman\u0131n yan\u0131 zamanda gelecekteki maden suyu temini i\u00e7in su kaynaklar\u0131n\u0131 da koruma ama\u00e7l\u0131 yenilik\u00e7i bir yakla\u015f\u0131md\u0131r.<\/p>\n<p>&nbsp;<\/p>\n<p>Demir ve manganez giderme Cloudbreak Maden sahas\u0131nda su ar\u0131tma sisteminin y\u00f6netiminde \u00f6nemli bir rol oynar. Su Ar\u0131tma tesisi, pahal\u0131 ters ozmoz (RO) s\u00fcre\u00e7lerine alternatif olarak Avustralya \u0130\u00e7me Suyu Standartlar\u0131n\u0131 kar\u015f\u0131lamak i\u00e7in yer alt\u0131 suyu y\u00fcksek demir ve manganez seviyelerini tedavi etmek i\u00e7in DMI-65\u00ae kullan\u0131r.<\/p>\n<p>&nbsp;<\/p>\n<p>Fortescue Su Denet\u00e7isi Mark Botica, &#8220;Bu ar\u0131tma tesisinde kullan\u0131lan DMI-65 medyas\u0131 s\u00fcrekli olarak demir ve manganezi ultra d\u00fc\u015f\u00fck seviyelere indirir. DMI-65\u00ae ile filtrasyon sonra, manganez d\u00fczeyleri 0.939 mg \/ L 0.02mg \/ L bizim di\u011fer i\u00e7me suyu kayna\u011f\u0131 ile kar\u0131\u015ft\u0131r\u0131l\u0131r gitti.&#8221;<\/p>\n<p>&nbsp;<\/p>\n<p>Program bug\u00fcne kadar o kadar ba\u015far\u0131l\u0131 olmu\u015ftur ki, Ozwater11 konferans\u0131nda Ulusal Altyap\u0131 Projesi \u0130novasyon \u00d6d\u00fcl\u00fc&#8217;n\u00fc kazand\u0131 ve 2010 y\u0131l\u0131nda Bat\u0131 Avustralya Su Altyap\u0131s\u0131 \u0130novasyon \u00d6d\u00fcl\u00fc&#8217;n\u00fc kazand\u0131.<\/p>\n<\/blockquote>[\/vc_column][\/vc_row][vc_row css=&#8221;.vc_custom_1593496115589{margin-top: 15px !important;}&#8221;][vc_column]<div class=\"dt-fancy-separator\" style=\"width: 100%;\"><div class=\"dt-fancy-title\"><span class=\"separator-holder separator-left\"><\/span>Maden Suyu Ar\u0131tma Vaka \u00c7al\u0131\u015fmalar\u0131<span class=\"separator-holder separator-right\"><\/span><\/div><\/div>[vc_basic_grid post_type=&#8221;post&#8221; max_items=&#8221;2&#8243; element_width=&#8221;6&#8243; item=&#8221;masonryGrid_Default&#8221; grid_id=&#8221;vc_gid:1593505949244-8c9e1ee4-6f8b-7&#8243; taxonomies=&#8221;564&#8243; css=&#8221;.vc_custom_1593505268264{margin-top: 30px !important;}&#8221;][\/vc_column][\/vc_row][vc_row content_placement=&#8221;middle&#8221; css=&#8221;.vc_custom_1592798106994{margin-top: 30px !important;padding-top: 20px !important;padding-right: 20px !important;padding-bottom: 5px !important;padding-left: 20px !important;}&#8221; el_class=&#8221;cta&#8221;][vc_column]<div class=\"dt-fancy-separator\" style=\"width: 100%;\"><div class=\"dt-fancy-title\"><span class=\"separator-holder separator-left\"><\/span>Nas\u0131l DMI-65\u00ae madencilik su ar\u0131tma i\u00e7in filtrasyon medya \u00f6\u011frenmek i\u00e7in bilgi almak i\u00e7in bilgi almak<span class=\"separator-holder separator-right\"><\/span><\/div><\/div>[vc_btn title=&#8221;Sormak&#8221; style=&#8221;custom&#8221; custom_background=&#8221;#162441&#8243; custom_text=&#8221;#ffffff&#8221; shape=&#8221;square&#8221; size=&#8221;lg&#8221; align=&#8221;center&#8221; i_align=&#8221;right&#8221; i_icon_fontawesome=&#8221;fas fa-chevron-right&#8221; add_icon=&#8221;true&#8221; css=&#8221;.vc_custom_1592793128520{margin-top: 20px !important;}&#8221; el_class=&#8221;ctaButton sg-popup-id-8233&#8243;][\/vc_column][\/vc_row]<\/p>\n<\/div>","protected":false},"excerpt":{"rendered":"<p>[vc_row][vc_column][vc_column_text css=&#8221;.vc_custom_1593505072963{margin-top: 15px !important;margin-bottom: 15px !important;}&#8221;]DMI-65\u00ae for Mining Water Treatment: Water management is emerging as the pre-eminent sustainability issue within the Global Energy and Mining Resource Industries. With water being the most important resource in all mining and quarrying developments and operations; it can be used and abused. Miners often work in dry, remote areas,&hellip;<\/p>\n","protected":false},"author":1,"featured_media":0,"parent":7114,"menu_order":0,"comment_status":"closed","ping_status":"closed","template":"","meta":{"content-type":"","footnotes":""},"class_list":["post-9155","page","type-page","status-publish","hentry","description-off"],"yoast_head":"<!-- This site is optimized with the Yoast SEO plugin v25.2 - https:\/\/yoast.com\/wordpress\/plugins\/seo\/ -->\n<title>Madencilik Su Ar\u0131tma, Filtrasyon Medya - DMI-65\u00ae<\/title>\n<meta name=\"description\" content=\"DMI-65\u00ae Madencilik Su Ar\u0131tma i\u00e7in en iyi \u00e7\u00f6z\u00fcmd\u00fcr ve demir, manganez ve a\u011f\u0131r metaller kald\u0131rmak i\u00e7in kullan\u0131labilir, y\u00f6netmeliklere uymak i\u00e7in.\" \/>\n<meta name=\"robots\" content=\"index, follow, max-snippet:-1, max-image-preview:large, max-video-preview:-1\" \/>\n<link rel=\"canonical\" href=\"https:\/\/dmi65.com\/tr\/sanayi\/maden-suyu-aritma\/\" \/>\n<meta property=\"og:locale\" content=\"tr_TR\" \/>\n<meta property=\"og:type\" content=\"article\" \/>\n<meta property=\"og:title\" content=\"Madencilik Su Ar\u0131tma, Filtrasyon Medya - DMI-65\u00ae\" \/>\n<meta property=\"og:description\" content=\"DMI-65\u00ae Madencilik Su Ar\u0131tma i\u00e7in en iyi \u00e7\u00f6z\u00fcmd\u00fcr ve demir, manganez ve a\u011f\u0131r metaller kald\u0131rmak i\u00e7in kullan\u0131labilir, y\u00f6netmeliklere uymak i\u00e7in.\" \/>\n<meta property=\"og:url\" content=\"https:\/\/dmi65.com\/tr\/sanayi\/maden-suyu-aritma\/\" \/>\n<meta property=\"og:site_name\" content=\"DMI-65\u00ae\" \/>\n<meta property=\"article:modified_time\" content=\"2020-06-30T10:41:25+00:00\" \/>\n<meta property=\"og:image\" content=\"https:\/\/dmi65.com\/wp-content\/uploads\/2020\/06\/dmi65_Logo_Blk.png\" \/>\n\t<meta property=\"og:image:width\" content=\"466\" \/>\n\t<meta property=\"og:image:height\" content=\"200\" \/>\n\t<meta property=\"og:image:type\" content=\"image\/png\" \/>\n<meta name=\"twitter:card\" content=\"summary_large_image\" \/>\n<meta name=\"twitter:label1\" content=\"Tahmini okuma s\u00fcresi\" \/>\n\t<meta name=\"twitter:data1\" content=\"5 dakika\" \/>\n<script type=\"application\/ld+json\" class=\"yoast-schema-graph\">{\"@context\":\"https:\/\/schema.org\",\"@graph\":[{\"@type\":\"WebPage\",\"@id\":\"https:\/\/dmi65.com\/tr\/sanayi\/maden-suyu-aritma\/\",\"url\":\"https:\/\/dmi65.com\/tr\/sanayi\/maden-suyu-aritma\/\",\"name\":\"Madencilik Su Ar\u0131tma, Filtrasyon Medya - DMI-65\u00ae\",\"isPartOf\":{\"@id\":\"https:\/\/dmi65.com\/tr\/#website\"},\"datePublished\":\"2020-06-30T10:41:08+00:00\",\"dateModified\":\"2020-06-30T10:41:25+00:00\",\"description\":\"DMI-65\u00ae Madencilik Su Ar\u0131tma i\u00e7in en iyi \u00e7\u00f6z\u00fcmd\u00fcr ve demir, manganez ve a\u011f\u0131r metaller kald\u0131rmak i\u00e7in kullan\u0131labilir, y\u00f6netmeliklere uymak i\u00e7in.\",\"breadcrumb\":{\"@id\":\"https:\/\/dmi65.com\/tr\/sanayi\/maden-suyu-aritma\/#breadcrumb\"},\"inLanguage\":\"tr\",\"potentialAction\":[{\"@type\":\"ReadAction\",\"target\":[\"https:\/\/dmi65.com\/tr\/sanayi\/maden-suyu-aritma\/\"]}]},{\"@type\":\"BreadcrumbList\",\"@id\":\"https:\/\/dmi65.com\/tr\/sanayi\/maden-suyu-aritma\/#breadcrumb\",\"itemListElement\":[{\"@type\":\"ListItem\",\"position\":1,\"name\":\"Home\",\"item\":\"https:\/\/dmi65.com\/tr\/\"},{\"@type\":\"ListItem\",\"position\":2,\"name\":\"Sanayi\",\"item\":\"https:\/\/dmi65.com\/tr\/sanayi\/\"},{\"@type\":\"ListItem\",\"position\":3,\"name\":\"Maden Suyu Ar\u0131tma\"}]},{\"@type\":\"WebSite\",\"@id\":\"https:\/\/dmi65.com\/tr\/#website\",\"url\":\"https:\/\/dmi65.com\/tr\/\",\"name\":\"DMI-65\u00ae\",\"description\":\"Water Filtration &amp; Reverse Osmosis Treatment, Catalytic Media\",\"publisher\":{\"@id\":\"https:\/\/dmi65.com\/tr\/#organization\"},\"potentialAction\":[{\"@type\":\"SearchAction\",\"target\":{\"@type\":\"EntryPoint\",\"urlTemplate\":\"https:\/\/dmi65.com\/tr\/?s={search_term_string}\"},\"query-input\":{\"@type\":\"PropertyValueSpecification\",\"valueRequired\":true,\"valueName\":\"search_term_string\"}}],\"inLanguage\":\"tr\"},{\"@type\":\"Organization\",\"@id\":\"https:\/\/dmi65.com\/tr\/#organization\",\"name\":\"DMI-65 & Quantum Filtration Pty Ltd\",\"url\":\"https:\/\/dmi65.com\/tr\/\",\"logo\":{\"@type\":\"ImageObject\",\"inLanguage\":\"tr\",\"@id\":\"https:\/\/dmi65.com\/tr\/#\/schema\/logo\/image\/\",\"url\":\"https:\/\/dmi65.com\/wp-content\/uploads\/2020\/04\/dmi65.png\",\"contentUrl\":\"https:\/\/dmi65.com\/wp-content\/uploads\/2020\/04\/dmi65.png\",\"width\":440,\"height\":205,\"caption\":\"DMI-65 & Quantum Filtration Pty Ltd\"},\"image\":{\"@id\":\"https:\/\/dmi65.com\/tr\/#\/schema\/logo\/image\/\"},\"sameAs\":[\"https:\/\/www.linkedin.com\/company\/dmi-65\",\"https:\/\/www.youtube.com\/channel\/UCbXoMn5KBp2jrnx4KR_Qg4A\"]}]}<\/script>\n<!-- \/ Yoast SEO plugin. -->","yoast_head_json":{"title":"Madencilik Su Ar\u0131tma, Filtrasyon Medya - DMI-65\u00ae","description":"DMI-65\u00ae Madencilik Su Ar\u0131tma i\u00e7in en iyi \u00e7\u00f6z\u00fcmd\u00fcr ve demir, manganez ve a\u011f\u0131r metaller kald\u0131rmak i\u00e7in kullan\u0131labilir, y\u00f6netmeliklere uymak i\u00e7in.","robots":{"index":"index","follow":"follow","max-snippet":"max-snippet:-1","max-image-preview":"max-image-preview:large","max-video-preview":"max-video-preview:-1"},"canonical":"https:\/\/dmi65.com\/tr\/sanayi\/maden-suyu-aritma\/","og_locale":"tr_TR","og_type":"article","og_title":"Madencilik Su Ar\u0131tma, Filtrasyon Medya - DMI-65\u00ae","og_description":"DMI-65\u00ae Madencilik Su Ar\u0131tma i\u00e7in en iyi \u00e7\u00f6z\u00fcmd\u00fcr ve demir, manganez ve a\u011f\u0131r metaller kald\u0131rmak i\u00e7in kullan\u0131labilir, y\u00f6netmeliklere uymak i\u00e7in.","og_url":"https:\/\/dmi65.com\/tr\/sanayi\/maden-suyu-aritma\/","og_site_name":"DMI-65\u00ae","article_modified_time":"2020-06-30T10:41:25+00:00","og_image":[{"width":466,"height":200,"url":"https:\/\/dmi65.com\/wp-content\/uploads\/2020\/06\/dmi65_Logo_Blk.png","type":"image\/png"}],"twitter_card":"summary_large_image","twitter_misc":{"Tahmini okuma s\u00fcresi":"5 dakika"},"schema":{"@context":"https:\/\/schema.org","@graph":[{"@type":"WebPage","@id":"https:\/\/dmi65.com\/tr\/sanayi\/maden-suyu-aritma\/","url":"https:\/\/dmi65.com\/tr\/sanayi\/maden-suyu-aritma\/","name":"Madencilik Su Ar\u0131tma, Filtrasyon Medya - DMI-65\u00ae","isPartOf":{"@id":"https:\/\/dmi65.com\/tr\/#website"},"datePublished":"2020-06-30T10:41:08+00:00","dateModified":"2020-06-30T10:41:25+00:00","description":"DMI-65\u00ae Madencilik Su Ar\u0131tma i\u00e7in en iyi \u00e7\u00f6z\u00fcmd\u00fcr ve demir, manganez ve a\u011f\u0131r metaller kald\u0131rmak i\u00e7in kullan\u0131labilir, y\u00f6netmeliklere uymak i\u00e7in.","breadcrumb":{"@id":"https:\/\/dmi65.com\/tr\/sanayi\/maden-suyu-aritma\/#breadcrumb"},"inLanguage":"tr","potentialAction":[{"@type":"ReadAction","target":["https:\/\/dmi65.com\/tr\/sanayi\/maden-suyu-aritma\/"]}]},{"@type":"BreadcrumbList","@id":"https:\/\/dmi65.com\/tr\/sanayi\/maden-suyu-aritma\/#breadcrumb","itemListElement":[{"@type":"ListItem","position":1,"name":"Home","item":"https:\/\/dmi65.com\/tr\/"},{"@type":"ListItem","position":2,"name":"Sanayi","item":"https:\/\/dmi65.com\/tr\/sanayi\/"},{"@type":"ListItem","position":3,"name":"Maden Suyu Ar\u0131tma"}]},{"@type":"WebSite","@id":"https:\/\/dmi65.com\/tr\/#website","url":"https:\/\/dmi65.com\/tr\/","name":"DMI-65\u00ae","description":"Water Filtration &amp; Reverse Osmosis Treatment, Catalytic Media","publisher":{"@id":"https:\/\/dmi65.com\/tr\/#organization"},"potentialAction":[{"@type":"SearchAction","target":{"@type":"EntryPoint","urlTemplate":"https:\/\/dmi65.com\/tr\/?s={search_term_string}"},"query-input":{"@type":"PropertyValueSpecification","valueRequired":true,"valueName":"search_term_string"}}],"inLanguage":"tr"},{"@type":"Organization","@id":"https:\/\/dmi65.com\/tr\/#organization","name":"DMI-65 & Quantum Filtration Pty Ltd","url":"https:\/\/dmi65.com\/tr\/","logo":{"@type":"ImageObject","inLanguage":"tr","@id":"https:\/\/dmi65.com\/tr\/#\/schema\/logo\/image\/","url":"https:\/\/dmi65.com\/wp-content\/uploads\/2020\/04\/dmi65.png","contentUrl":"https:\/\/dmi65.com\/wp-content\/uploads\/2020\/04\/dmi65.png","width":440,"height":205,"caption":"DMI-65 & Quantum Filtration Pty Ltd"},"image":{"@id":"https:\/\/dmi65.com\/tr\/#\/schema\/logo\/image\/"},"sameAs":["https:\/\/www.linkedin.com\/company\/dmi-65","https:\/\/www.youtube.com\/channel\/UCbXoMn5KBp2jrnx4KR_Qg4A"]}]}},"_links":{"self":[{"href":"https:\/\/dmi65.com\/tr\/wp-json\/wp\/v2\/pages\/9155","targetHints":{"allow":["GET"]}}],"collection":[{"href":"https:\/\/dmi65.com\/tr\/wp-json\/wp\/v2\/pages"}],"about":[{"href":"https:\/\/dmi65.com\/tr\/wp-json\/wp\/v2\/types\/page"}],"author":[{"embeddable":true,"href":"https:\/\/dmi65.com\/tr\/wp-json\/wp\/v2\/users\/1"}],"replies":[{"embeddable":true,"href":"https:\/\/dmi65.com\/tr\/wp-json\/wp\/v2\/comments?post=9155"}],"version-history":[{"count":1,"href":"https:\/\/dmi65.com\/tr\/wp-json\/wp\/v2\/pages\/9155\/revisions"}],"predecessor-version":[{"id":9156,"href":"https:\/\/dmi65.com\/tr\/wp-json\/wp\/v2\/pages\/9155\/revisions\/9156"}],"up":[{"embeddable":true,"href":"https:\/\/dmi65.com\/tr\/wp-json\/wp\/v2\/pages\/7114"}],"wp:attachment":[{"href":"https:\/\/dmi65.com\/tr\/wp-json\/wp\/v2\/media?parent=9155"}],"curies":[{"name":"wp","href":"https:\/\/api.w.org\/{rel}","templated":true}]}}