{"id":8640,"date":"2020-06-26T11:11:29","date_gmt":"2020-06-26T03:11:29","guid":{"rendered":"http:\/\/dmi65.com\/teknik\/dmi-filtrasyon-ortami-aktivasyon-kurulum\/"},"modified":"2020-06-26T11:11:34","modified_gmt":"2020-06-26T03:11:34","slug":"dmi-filtrasyon-ortami-aktivasyon-kurulum","status":"publish","type":"page","link":"https:\/\/dmi65.com\/tr\/teknik\/dmi-filtrasyon-ortami-aktivasyon-kurulum\/","title":{"rendered":"DMI Filtrasyon Ortam\u0131 &#8211; Aktivasyon &amp; Kurulum"},"content":{"rendered":"<div class=\"wpb-content-wrapper\"><p>[vc_row][vc_column][vc_column_text]<strong>DMI FILTRASYON ORTAMI \u0130\u00e7\u0130n F\u0130lTRE KURULUMU &amp; AKTIVASYONU<\/strong><\/p>\n<p><a href=\"https:\/\/en.wikipedia.org\/wiki\/Sodium_hypochlorite\" target=\"_blank\" rel=\"noopener noreferrer\">Sodyum hipoklorit,<\/a> DMI-65 filtre ortam\u0131n\u0131n katalitik y\u00fczeylerini etkinle\u015ftirmek ve ko\u015fulland\u0131rmak i\u00e7in kullan\u0131l\u0131r. Y\u00f6ntem a\u015fa\u011f\u0131da ad\u0131m k\u0131lavuz bir ad\u0131m takip a\u00e7\u0131klanm\u0131\u015ft\u0131r. DMI-65 katalitik y\u00fczeylerin kimyasal k\u00fcrleme i\u015flemi \u2013 kullan\u0131mdan \u00f6nce en az 3 saat ortam \u0131slat\u0131larak yap\u0131l\u0131r. \u0130deal olarak \u0131slatma ve ko\u015fulland\u0131rma s\u00fcresi ne kadar uzun olursa katalitik y\u00fczeyler o kadar g\u00fc\u00e7l\u00fc ve sert hale gelir.<\/p>\n<p>Temiz su filtrasyon \u00fcnitesi doldurmak i\u00e7in eklenir, serbest kurulu n 50 sular bat\u0131r\u0131l\u0131r kadar doldurun. Tipik olarak 12,5 sodyum hipoklorit \u00e7\u00f6zeltisi 12,5 \u00e7\u00f6zeltisi sodyum hipoklorit in 1m3 dmi-65 oran\u0131na 10 litre oran\u0131nda bir \u015fekilde \u00fcniteye getirilir. DMI-65 filtre \u00fcnitesine d\u00f6k\u00fcl\u00fcr, filtre kuvars gibi yeterli destek ortam\u0131n\u0131n izini ile, b\u00f6ylece DMI-65 yata\u011f\u0131n\u0131n alt k\u0131sm\u0131 en d\u00fc\u015f\u00fck geri y\u0131kama laterallerinin \u00fczerinde yer almaktad\u0131r. Kar\u0131\u015f\u0131m daha sonra hafif\u00e7e ajite edilir ve su filtrasyon ortam\u0131n\u0131n y\u00fczeyinde olana kadar su bo\u015faltmak i\u00e7in y\u0131kama vanas\u0131 a\u00e7\u0131l\u0131r. Y\u0131kama vanas\u0131 daha sonra kapat\u0131l\u0131r. DMI-65 daha sonra en az 3 saat \u0131slat\u0131l\u0131r. Ne kadar uzun s\u00fcre \u0131slan\u0131rsa o kadar iyi.<\/p>\n<p>Y\u0131kama vanas\u0131 daha sonra a\u00e7\u0131l\u0131r ve t\u00fcm su sistemden bo\u015falt\u0131l\u0131r. Il\u0131ml\u0131 suyun sodyum hipokloriti birka\u00e7 y\u00fcz ppm&#8217;ye konsantre olacak ve de\u015farj d\u00fc\u015f\u00fcn\u00fclmelidir. Sodyum hipoklorit s\u00fcrekli enjekte edilirken DMI filtrasyon ortam\u0131 s\u00fcrekli olarak geri y\u0131kan\u0131r ve geri y\u0131kama suyunda en az 0,1 \u2013 0,3 mg\/L (ppm) klor art\u0131k seviyesini korur. Bu i\u015flem, geri y\u0131kanan sudaki art\u0131k manganez seviyesi b\u00f6lgenizdeki manganezin &#8220;maksimum kirletici limitinin \u00fc\u00e7 kat\u0131&#8221; olan bir de\u011fere inene kadar devam etmelidir. Tipik olarak manganez seviyesi yakla\u015f\u0131k 0.15mg\/L (veya ppm) d\u00fc\u015f\u00fcr\u00fclmelidir. Bu s\u00fcre\u00e7te, DMI-65 katalitik tabakalara iyile\u015fmemi\u015f olan tescilli inf\u00fczyon \u00fcretim s\u00fcrecinden kalan fazla manganez dioksitlerin at\u0131kolarak y\u0131kanmas\u0131 gerekir. Bunun ger\u00e7ekle\u015fmesi i\u00e7in ge\u00e7en s\u00fcre genellikle 20 ila 40 dakika aras\u0131ndad\u0131r ve geri y\u0131kama h\u0131z\u0131na ve filtre hacmine ba\u011fl\u0131 olarak daha b\u00fcy\u00fck uygulamalar i\u00e7in birka\u00e7 saate kadard\u0131r.<\/p>\n<p>Manganez konsantrasyonu 0.15 ppm veya daha az d\u00fc\u015ft\u00fckten sonra, hipoklorit veya klor enjeksiyonu, art\u0131k klor seviyesini filtratta 0,1 ile 0,3 ppm aras\u0131nda getirecek \u015fekilde ayarlan\u0131r. Geri y\u0131kanan suyun bo\u015falmas\u0131 izin verilmedi\u011finde, sodyum tiyos\u00fclfat gibi bir azalt\u0131c\u0131 maddenin kullan\u0131lmas\u0131 gerekli olabilir.<\/p>\n<p>Hipoklorit ve klor suda kimyasal dengededir; dengenin konumu pH&#8217;ya ba\u011fl\u0131d\u0131r ve d\u00fc\u015f\u00fck pH (asidik) kloru tercih eder. Bu nedenle \u00f6ng\u00f6r\u00fclen oran: 12.5 klor \u00e7\u00f6zeltisi, dmi-65 1m3 ba\u015f\u0131na 10 litre, hangi DMI-65 ko\u015fulu do\u011fal olarak d\u00fc\u015f\u00fck pH olacakt\u0131r.<\/p>\n<p>Suya klor ilavesi hem hidroklorik asit (HCl) hem de hipoklor\u00f6z asit verir ve ka\u00e7\u0131n\u0131lmaz olarak pH&#8217;\u0131 d\u00fc\u015f\u00fcr\u00fcr. pH \u00f6l\u00e7e\u011fi logaritmik oldu\u011fundan, pH 6 n\u00f6tr pH 7&#8217;den 10 kat daha asidiktir. VE pH 5 n\u00f6trden 100 kat daha asidiktir. Bu, DMI-65&#8217;in 1m3&#8217;\u00fcnde 10 litre klor (12,5) pH&#8217;\u0131 pH 3&#8217;ten daha azbir ed\u00fc\u015f\u00fcr\u00fcrken, \u00e7\u00f6zeltinin n\u00f6trden 10.000 kat daha asidik oldu\u011funu tahmin edebiliriz.<\/p>\n<p>Servis filtre modu s\u0131ras\u0131nda, g\u00fc\u00e7l\u00fc klor dozlama pH 5.8&#8217;den daha az olan y\u00fcksek asidik ko\u015fullara neden olur. Bu, temel pH aral\u0131\u011f\u0131nda n\u00f6tr bir \u015fekilde \u00e7al\u0131\u015fmas\u0131n\u0131 sa\u011flamak i\u00e7in d\u00fczenlenmi\u015f dosing i\u00e7in donat\u0131lm\u0131\u015f programlanm\u0131\u015f kimyasal dosing pompalar\u0131 ile asla izin verilmemelidir. Serbest klor art\u0131k seviyesi 0.1 &#8211; 0.3 ppm ve temel pH&#8217;dan n\u00f6tr ekibe sahip olmak i\u00e7in izleme sistemi ve alarmA sahip olmak kesinlikle ak\u0131ll\u0131ca d\u0131r. Bu hedef a\u011f\u0131r metallerin y\u00fcksek oksidasyon oranlar\u0131 ve uzun bir ya\u015fam te\u015fvik edecektir.<\/p>\n<p><strong>DMI Filtrasyon Ortam\u0131n\u0131 Ad\u0131m Ad\u0131m Etkinle\u015ftirme Prosed\u00fcr\u00fc<\/strong><\/p>\n<p>1. Filtre kab\u0131n\u0131 y\u00fcksekli\u011finin veya i\u00e7 hacminin yar\u0131s\u0131n\u0131 veya biraz daha fazlas\u0131n\u0131 temiz suyla doldurun ve DMI-65 metrek\u00fcp\u00fc ba\u015f\u0131na en az 10 litre sodyum hipoklorit (12,5 NaClO) ekleyin. Bu dmi-65 k\u00fcbik ayak ba\u015f\u0131na klor (12,5) 10 fl oz yakla\u015f\u0131k ayn\u0131d\u0131r. &#8220;Set up Stage&#8217;de DMI-65&#8217;i \u0131slatmak i\u00e7in gerekli olan ilk klor&#8221; adl\u0131 hesap makinesine bak\u0131n.<\/p>\n<p>2. DMI-65 ard\u0131ndan destek ortam\u0131n\u0131 filtrenin \u00fcst deli\u011fine d\u00f6k\u00fcn. Yatak derinli\u011fi filtre yatak tasar\u0131m derinli\u011fine g\u00f6re olmal\u0131d\u0131r (\u00d6rne\u011fin 750mm \u2013 1000mm veya 30&#8243; ila 40&#8243;) art\u0131 yakla\u015f\u0131k 5. DMI-65 \u00fczerinde bir 40 \u00fccretsiz tahta backwash s\u0131ras\u0131nda yatak geni\u015fleme i\u00e7in gereklidir. Su seviyesi DMI-65 yatak \u00fczerinde iyi de\u011filse daha temiz su ekleyin. Gerekli hacim ve yatak derinli\u011fini hesaplamak i\u00e7in &#8220;LV-SV Hesap Makinesi&#8221; adl\u0131 hesap makinesine bak\u0131n.<\/p>\n<p>3. DMI-65 filtre yata\u011f\u0131 n\u0131n klor \u00e7\u00f6zeltisinde 3 saat veya daha fazla bekletin. DMI-65 ne kadar uzun s\u00fcrerse o kadar iyi \u0131slat\u0131l\u0131r. DMI-65 gece boyunca ya da belki de hafta sonu emmek i\u00e7in b\u0131rak\u0131labilir.<\/p>\n<p>4. DMI-65&#8217;in \u0131slatMa ve klimai\u00e7in kullan\u0131lan \u00e7\u00f6zeltideki klor ppm&#8217;de birka\u00e7 y\u00fcz ppm&#8217;dir. De\u015farj\u0131n caiz olmad\u0131\u011f\u0131 durumlarda, sodyum tiyos\u00fclfat gibi bir azalt\u0131c\u0131 madde at\u0131katmadan \u00f6nce kloru n\u00f6tralize etmek i\u00e7in kullan\u0131lmal\u0131d\u0131r.<\/p>\n<p>5. S\u00fcrekli klor \u00e7\u00f6zeltisi enjekte ederken DMI filtrasyon ortam\u0131 backwash. S\u0131rt y\u0131kama h\u0131z\u0131 yatak derinli\u011fine ba\u011fl\u0131 olarak yakla\u015f\u0131k 30 ila 40 m3 \/ m2 \/ saat olmal\u0131d\u0131r. Bu yakla\u015f\u0131k 12 &#8211; 15 gpm \/ metrekare. Geri y\u0131kama suyundaki art\u0131k klor seviyesinin minimum 0,1 \u2013 0,3 ppm, ancak ar\u0131t\u0131lm\u0131\u015f su i\u00e7in hedeflenen maksimum konsantrasyondan y\u00fcksek olmad\u0131\u011f\u0131ndan emin olun. Geri y\u0131kanan sudaki art\u0131k manganez (Mn) de\u011feri b\u00f6lgenizdeki Maksimum Kirletici Limitinin (MCL) 3 kat\u0131ndan daha az olana kadar DMI-65&#8217;i geri y\u0131kamaya devam edin. \u00d6rne\u011fin, ABD&#8217;de Mn i\u00e7in MCL 0.05 mg\/L&#8217;dir. Bu nedenle DMI-65&#8217;in kal\u0131nt\u0131 Mn 0,15 ppm &#8216;den (0,05 x 3 = 0,15 mg\/L) daha az olana kadar tekrar y\u0131kanmas\u0131 gerekir.<\/p>\n<p>6. Geri y\u0131kama h\u0131z\u0131 geni\u015fletmek ve \u00e7ok ince malzeme yataktan kald\u0131r\u0131l\u0131r b\u00f6ylece DMI-65 y\u00fckseltmek i\u00e7in yeterli oldu\u011fundan emin olun. Backwash erken a\u015famalar\u0131nda bir\u00e7ok ince siyah par\u00e7ac\u0131klar kald\u0131r\u0131lm\u0131\u015f olacak ve backwash su koyu renkli olacakt\u0131r. Backwash sonraki a\u015famalar\u0131nda, su daha net olacak, DMI filtrasyon ortam\u0131n\u0131n hacmine ba\u011fl\u0131 olarak, bu saat baz\u0131 say\u0131da olabilir. &#8220;MCL&#8217;nin \u00fc\u00e7 kat\u0131&#8221; seviyesinin alt\u0131na d\u00fc\u015fene kadar art\u0131k Mn seviyesini izleyin.<\/p>\n<p>7. Filtreyi Durulama Modu&#8217;na \u00e7evirin. 0,1 &#8211; 0,3 ppm serbest klor art\u0131kkorumak i\u00e7in durulan\u0131r s\u0131ras\u0131nda klor ayn\u0131 konsantrasyon enjekte edilmelidir. Bu su, art\u0131k Mn seviyeleri MCL&#8217;nin alt\u0131na d\u00fc\u015fene kadar at\u0131k olarak bo\u015falt\u0131lmal\u0131d\u0131r. Bu s\u0131n\u0131r \u00fclkeden \u00fclkeye de\u011fi\u015febilir.<\/p>\n<p>8. Durulama Modunda ki art\u0131k Mn su seviyesi yerel MCL&#8217;nin alt\u0131na d\u00fc\u015ft\u00fckten sonra filtreyi Servis Modu&#8217;na \u00e7evirin. Hizmet Modunu ba\u015flat\u0131n ve ayn\u0131 zamanda s\u00fcrekli klor enjekte edin. Gerekirse toplam serbest klor azalt\u0131labilir. Ancak, ar\u0131t\u0131lm\u0131\u015f suda her zaman serbest klor kal\u0131nt\u0131s\u0131 oldu\u011fundan emin olun. Dakikada 0,1 ppm&#8217;den az kalan serbest klorile \u00e7al\u0131\u015ft\u0131r\u0131lmas\u0131 \u00f6nerilmez. Servis ak\u0131\u015f h\u0131z\u0131 yakla\u015f\u0131k 5 m3 aral\u0131\u011f\u0131nda olacak &#8211; 20 m3 \/ m2 \/ saat veya 2 &#8211; metrekare ba\u015f\u0131na 8 gpm. Bu filtre yatak derinli\u011fi ve su kalitesine ba\u011fl\u0131d\u0131r.<\/p>\n<p>9. Ham Su Kalitesinin \u0130zlenmesi<br \/>\nArt\u0131k Demir (Fe) ve Manganez (Mn) alanlar\u0131 MCL daha b\u00fcy\u00fck konsantrasyonlarda DMI-65 medya yata\u011f\u0131 &#8220;k\u0131rmak&#8221; i\u00e7in bulunursa, a\u015fa\u011f\u0131daki kontrol edin:<\/p>\n<p>\u2022 Serbest klor kal\u0131nt\u0131s\u0131 var m\u0131?<br \/>\n\u2022 pH anormal derecede d\u00fc\u015f\u00fck m\u00fc?<br \/>\n\u2022 DMI-65 filtre yata\u011f\u0131 yeterince y\u0131kanm\u0131\u015f m\u0131?<br \/>\n\u2022 DMI-65 eski mi?<br \/>\n\u2022 Kimyasal dosing sistemi gibi bir ekipman ar\u0131zas\u0131 var m\u0131d\u0131r?<\/p>\n<p>10. A\u015fa\u011f\u0131daki elementlerin ham suda y\u00fcksek konsantrasyonlarda olmad\u0131\u011f\u0131ndan emin olun. Bu elementlerin konsantrasyonlar\u0131 y\u00fcksekse l\u00fctfen Quantum Filtrasyon Ortam\u0131 veya yerel DMI-65 ajan\u0131n\u0131zla <a href=\"http:\/\/dmi65.com\/tr\/iletisim\/\">ileti\u015fime ge\u00e7in.<\/a><\/p>\n<p>\u2022 Tuz<br \/>\n\u2022 Amonya<br \/>\n\u2022 Silika<br \/>\n\u2022 Kalsiyum ve Magnezyum (a\u015f\u0131r\u0131 sertlik)[\/vc_column_text][\/vc_column][\/vc_row][vc_row content_placement=&#8221;middle&#8221; css=&#8221;.vc_custom_1592794121420{padding-top: 20px !important;padding-right: 20px !important;padding-bottom: 5px !important;padding-left: 20px !important;}&#8221; el_class=&#8221;cta&#8221;][vc_column]<div class=\"dt-fancy-separator\" style=\"width: 100%;\"><div class=\"dt-fancy-title\"><span class=\"separator-holder separator-left\"><\/span>DMI-65\u00ae filtrasyon ortam\u0131 etkinle\u015ftirme ve kurulumu hakk\u0131nda daha fazla bilgi i\u00e7in l\u00fctfen bilgi almak i\u00e7in.<span class=\"separator-holder separator-right\"><\/span><\/div><\/div>[vc_btn title=&#8221;TEKNIK SORULAR&#8221; style=&#8221;custom&#8221; custom_background=&#8221;#162441&#8243; custom_text=&#8221;#ffffff&#8221; shape=&#8221;square&#8221; size=&#8221;lg&#8221; align=&#8221;center&#8221; i_align=&#8221;right&#8221; i_icon_fontawesome=&#8221;fas fa-chevron-right&#8221; add_icon=&#8221;true&#8221; css=&#8221;.vc_custom_1593050402705{margin-top: 20px !important;}&#8221; el_class=&#8221;ctaButton sg-popup-id-8549&#8243;][\/vc_column][\/vc_row]<\/p>\n<\/div>","protected":false},"excerpt":{"rendered":"<p>[vc_row][vc_column][vc_column_text]DMI FILTRASYON ORTAMI \u0130\u00e7\u0130n F\u0130lTRE KURULUMU &amp; AKTIVASYONU Sodyum hipoklorit, DMI-65 filtre ortam\u0131n\u0131n katalitik y\u00fczeylerini etkinle\u015ftirmek ve ko\u015fulland\u0131rmak i\u00e7in kullan\u0131l\u0131r. Y\u00f6ntem a\u015fa\u011f\u0131da ad\u0131m k\u0131lavuz bir ad\u0131m takip a\u00e7\u0131klanm\u0131\u015ft\u0131r. DMI-65 katalitik y\u00fczeylerin kimyasal k\u00fcrleme i\u015flemi \u2013 kullan\u0131mdan \u00f6nce en az 3 saat ortam \u0131slat\u0131larak yap\u0131l\u0131r. \u0130deal olarak \u0131slatma ve ko\u015fulland\u0131rma s\u00fcresi ne kadar uzun olursa katalitik&hellip;<\/p>\n","protected":false},"author":1,"featured_media":0,"parent":7169,"menu_order":0,"comment_status":"closed","ping_status":"closed","template":"","meta":{"content-type":"","footnotes":""},"class_list":["post-8640","page","type-page","status-publish","hentry","description-off"],"yoast_head":"<!-- This site is optimized with the Yoast SEO plugin v25.2 - https:\/\/yoast.com\/wordpress\/plugins\/seo\/ -->\n<title>Aktivasyon &amp; Kurulum DMI Filtrasyon Medya - DMI-65\u00ae<\/title>\n<meta name=\"description\" content=\"Filtrenin nas\u0131l kurulacayaca\u011f\u0131 ve katalitik y\u00fczeylerin k\u00fcrleme s\u00fcre\u00e7leri de dahil olmak \u00fczere DMI filtrasyon ortam\u0131n\u0131n aktivasyonu ve kurulumu i\u00e7in ad\u0131m ad\u0131m k\u0131lavuz.\" \/>\n<meta name=\"robots\" content=\"index, follow, max-snippet:-1, max-image-preview:large, max-video-preview:-1\" \/>\n<link rel=\"canonical\" href=\"https:\/\/dmi65.com\/tr\/teknik\/dmi-filtrasyon-ortami-aktivasyon-kurulum\/\" \/>\n<meta property=\"og:locale\" content=\"tr_TR\" \/>\n<meta property=\"og:type\" content=\"article\" \/>\n<meta property=\"og:title\" content=\"Aktivasyon &amp; Kurulum DMI Filtrasyon Medya - DMI-65\u00ae\" \/>\n<meta property=\"og:description\" content=\"Filtrenin nas\u0131l kurulacayaca\u011f\u0131 ve katalitik y\u00fczeylerin k\u00fcrleme s\u00fcre\u00e7leri de dahil olmak \u00fczere DMI filtrasyon ortam\u0131n\u0131n aktivasyonu ve kurulumu i\u00e7in ad\u0131m ad\u0131m k\u0131lavuz.\" \/>\n<meta property=\"og:url\" content=\"https:\/\/dmi65.com\/tr\/teknik\/dmi-filtrasyon-ortami-aktivasyon-kurulum\/\" \/>\n<meta property=\"og:site_name\" content=\"DMI-65\u00ae\" \/>\n<meta property=\"article:modified_time\" content=\"2020-06-26T03:11:34+00:00\" \/>\n<meta property=\"og:image\" content=\"https:\/\/dmi65.com\/wp-content\/uploads\/2020\/06\/dmi65_Logo_Blk.png\" \/>\n\t<meta property=\"og:image:width\" content=\"466\" \/>\n\t<meta property=\"og:image:height\" content=\"200\" \/>\n\t<meta property=\"og:image:type\" content=\"image\/png\" \/>\n<meta name=\"twitter:card\" content=\"summary_large_image\" \/>\n<meta name=\"twitter:label1\" content=\"Tahmini okuma s\u00fcresi\" \/>\n\t<meta name=\"twitter:data1\" content=\"7 dakika\" \/>\n<script type=\"application\/ld+json\" class=\"yoast-schema-graph\">{\"@context\":\"https:\/\/schema.org\",\"@graph\":[{\"@type\":\"WebPage\",\"@id\":\"https:\/\/dmi65.com\/tr\/teknik\/dmi-filtrasyon-ortami-aktivasyon-kurulum\/\",\"url\":\"https:\/\/dmi65.com\/tr\/teknik\/dmi-filtrasyon-ortami-aktivasyon-kurulum\/\",\"name\":\"Aktivasyon & Kurulum DMI Filtrasyon Medya - DMI-65\u00ae\",\"isPartOf\":{\"@id\":\"https:\/\/dmi65.com\/tr\/#website\"},\"datePublished\":\"2020-06-26T03:11:29+00:00\",\"dateModified\":\"2020-06-26T03:11:34+00:00\",\"description\":\"Filtrenin nas\u0131l kurulacayaca\u011f\u0131 ve katalitik y\u00fczeylerin k\u00fcrleme s\u00fcre\u00e7leri de dahil olmak \u00fczere DMI filtrasyon ortam\u0131n\u0131n aktivasyonu ve kurulumu i\u00e7in ad\u0131m ad\u0131m k\u0131lavuz.\",\"breadcrumb\":{\"@id\":\"https:\/\/dmi65.com\/tr\/teknik\/dmi-filtrasyon-ortami-aktivasyon-kurulum\/#breadcrumb\"},\"inLanguage\":\"tr\",\"potentialAction\":[{\"@type\":\"ReadAction\",\"target\":[\"https:\/\/dmi65.com\/tr\/teknik\/dmi-filtrasyon-ortami-aktivasyon-kurulum\/\"]}]},{\"@type\":\"BreadcrumbList\",\"@id\":\"https:\/\/dmi65.com\/tr\/teknik\/dmi-filtrasyon-ortami-aktivasyon-kurulum\/#breadcrumb\",\"itemListElement\":[{\"@type\":\"ListItem\",\"position\":1,\"name\":\"Home\",\"item\":\"https:\/\/dmi65.com\/tr\/\"},{\"@type\":\"ListItem\",\"position\":2,\"name\":\"Teknik\",\"item\":\"https:\/\/dmi65.com\/tr\/teknik\/\"},{\"@type\":\"ListItem\",\"position\":3,\"name\":\"DMI Filtrasyon Ortam\u0131 &#8211; Aktivasyon &amp; Kurulum\"}]},{\"@type\":\"WebSite\",\"@id\":\"https:\/\/dmi65.com\/tr\/#website\",\"url\":\"https:\/\/dmi65.com\/tr\/\",\"name\":\"DMI-65\u00ae\",\"description\":\"Water Filtration &amp; Reverse Osmosis Treatment, Catalytic Media\",\"publisher\":{\"@id\":\"https:\/\/dmi65.com\/tr\/#organization\"},\"potentialAction\":[{\"@type\":\"SearchAction\",\"target\":{\"@type\":\"EntryPoint\",\"urlTemplate\":\"https:\/\/dmi65.com\/tr\/?s={search_term_string}\"},\"query-input\":{\"@type\":\"PropertyValueSpecification\",\"valueRequired\":true,\"valueName\":\"search_term_string\"}}],\"inLanguage\":\"tr\"},{\"@type\":\"Organization\",\"@id\":\"https:\/\/dmi65.com\/tr\/#organization\",\"name\":\"DMI-65 & Quantum Filtration Pty Ltd\",\"url\":\"https:\/\/dmi65.com\/tr\/\",\"logo\":{\"@type\":\"ImageObject\",\"inLanguage\":\"tr\",\"@id\":\"https:\/\/dmi65.com\/tr\/#\/schema\/logo\/image\/\",\"url\":\"https:\/\/dmi65.com\/wp-content\/uploads\/2020\/04\/dmi65.png\",\"contentUrl\":\"https:\/\/dmi65.com\/wp-content\/uploads\/2020\/04\/dmi65.png\",\"width\":440,\"height\":205,\"caption\":\"DMI-65 & Quantum Filtration Pty Ltd\"},\"image\":{\"@id\":\"https:\/\/dmi65.com\/tr\/#\/schema\/logo\/image\/\"},\"sameAs\":[\"https:\/\/www.linkedin.com\/company\/dmi-65\",\"https:\/\/www.youtube.com\/channel\/UCbXoMn5KBp2jrnx4KR_Qg4A\"]}]}<\/script>\n<!-- \/ Yoast SEO plugin. -->","yoast_head_json":{"title":"Aktivasyon & Kurulum DMI Filtrasyon Medya - DMI-65\u00ae","description":"Filtrenin nas\u0131l kurulacayaca\u011f\u0131 ve katalitik y\u00fczeylerin k\u00fcrleme s\u00fcre\u00e7leri de dahil olmak \u00fczere DMI filtrasyon ortam\u0131n\u0131n aktivasyonu ve kurulumu i\u00e7in ad\u0131m ad\u0131m k\u0131lavuz.","robots":{"index":"index","follow":"follow","max-snippet":"max-snippet:-1","max-image-preview":"max-image-preview:large","max-video-preview":"max-video-preview:-1"},"canonical":"https:\/\/dmi65.com\/tr\/teknik\/dmi-filtrasyon-ortami-aktivasyon-kurulum\/","og_locale":"tr_TR","og_type":"article","og_title":"Aktivasyon & Kurulum DMI Filtrasyon Medya - DMI-65\u00ae","og_description":"Filtrenin nas\u0131l kurulacayaca\u011f\u0131 ve katalitik y\u00fczeylerin k\u00fcrleme s\u00fcre\u00e7leri de dahil olmak \u00fczere DMI filtrasyon ortam\u0131n\u0131n aktivasyonu ve kurulumu i\u00e7in ad\u0131m ad\u0131m k\u0131lavuz.","og_url":"https:\/\/dmi65.com\/tr\/teknik\/dmi-filtrasyon-ortami-aktivasyon-kurulum\/","og_site_name":"DMI-65\u00ae","article_modified_time":"2020-06-26T03:11:34+00:00","og_image":[{"width":466,"height":200,"url":"https:\/\/dmi65.com\/wp-content\/uploads\/2020\/06\/dmi65_Logo_Blk.png","type":"image\/png"}],"twitter_card":"summary_large_image","twitter_misc":{"Tahmini okuma s\u00fcresi":"7 dakika"},"schema":{"@context":"https:\/\/schema.org","@graph":[{"@type":"WebPage","@id":"https:\/\/dmi65.com\/tr\/teknik\/dmi-filtrasyon-ortami-aktivasyon-kurulum\/","url":"https:\/\/dmi65.com\/tr\/teknik\/dmi-filtrasyon-ortami-aktivasyon-kurulum\/","name":"Aktivasyon & Kurulum DMI Filtrasyon Medya - DMI-65\u00ae","isPartOf":{"@id":"https:\/\/dmi65.com\/tr\/#website"},"datePublished":"2020-06-26T03:11:29+00:00","dateModified":"2020-06-26T03:11:34+00:00","description":"Filtrenin nas\u0131l kurulacayaca\u011f\u0131 ve katalitik y\u00fczeylerin k\u00fcrleme s\u00fcre\u00e7leri de dahil olmak \u00fczere DMI filtrasyon ortam\u0131n\u0131n aktivasyonu ve kurulumu i\u00e7in ad\u0131m ad\u0131m k\u0131lavuz.","breadcrumb":{"@id":"https:\/\/dmi65.com\/tr\/teknik\/dmi-filtrasyon-ortami-aktivasyon-kurulum\/#breadcrumb"},"inLanguage":"tr","potentialAction":[{"@type":"ReadAction","target":["https:\/\/dmi65.com\/tr\/teknik\/dmi-filtrasyon-ortami-aktivasyon-kurulum\/"]}]},{"@type":"BreadcrumbList","@id":"https:\/\/dmi65.com\/tr\/teknik\/dmi-filtrasyon-ortami-aktivasyon-kurulum\/#breadcrumb","itemListElement":[{"@type":"ListItem","position":1,"name":"Home","item":"https:\/\/dmi65.com\/tr\/"},{"@type":"ListItem","position":2,"name":"Teknik","item":"https:\/\/dmi65.com\/tr\/teknik\/"},{"@type":"ListItem","position":3,"name":"DMI Filtrasyon Ortam\u0131 &#8211; Aktivasyon &amp; Kurulum"}]},{"@type":"WebSite","@id":"https:\/\/dmi65.com\/tr\/#website","url":"https:\/\/dmi65.com\/tr\/","name":"DMI-65\u00ae","description":"Water Filtration &amp; Reverse Osmosis Treatment, Catalytic Media","publisher":{"@id":"https:\/\/dmi65.com\/tr\/#organization"},"potentialAction":[{"@type":"SearchAction","target":{"@type":"EntryPoint","urlTemplate":"https:\/\/dmi65.com\/tr\/?s={search_term_string}"},"query-input":{"@type":"PropertyValueSpecification","valueRequired":true,"valueName":"search_term_string"}}],"inLanguage":"tr"},{"@type":"Organization","@id":"https:\/\/dmi65.com\/tr\/#organization","name":"DMI-65 & Quantum Filtration Pty Ltd","url":"https:\/\/dmi65.com\/tr\/","logo":{"@type":"ImageObject","inLanguage":"tr","@id":"https:\/\/dmi65.com\/tr\/#\/schema\/logo\/image\/","url":"https:\/\/dmi65.com\/wp-content\/uploads\/2020\/04\/dmi65.png","contentUrl":"https:\/\/dmi65.com\/wp-content\/uploads\/2020\/04\/dmi65.png","width":440,"height":205,"caption":"DMI-65 & Quantum Filtration Pty Ltd"},"image":{"@id":"https:\/\/dmi65.com\/tr\/#\/schema\/logo\/image\/"},"sameAs":["https:\/\/www.linkedin.com\/company\/dmi-65","https:\/\/www.youtube.com\/channel\/UCbXoMn5KBp2jrnx4KR_Qg4A"]}]}},"_links":{"self":[{"href":"https:\/\/dmi65.com\/tr\/wp-json\/wp\/v2\/pages\/8640","targetHints":{"allow":["GET"]}}],"collection":[{"href":"https:\/\/dmi65.com\/tr\/wp-json\/wp\/v2\/pages"}],"about":[{"href":"https:\/\/dmi65.com\/tr\/wp-json\/wp\/v2\/types\/page"}],"author":[{"embeddable":true,"href":"https:\/\/dmi65.com\/tr\/wp-json\/wp\/v2\/users\/1"}],"replies":[{"embeddable":true,"href":"https:\/\/dmi65.com\/tr\/wp-json\/wp\/v2\/comments?post=8640"}],"version-history":[{"count":0,"href":"https:\/\/dmi65.com\/tr\/wp-json\/wp\/v2\/pages\/8640\/revisions"}],"up":[{"embeddable":true,"href":"https:\/\/dmi65.com\/tr\/wp-json\/wp\/v2\/pages\/7169"}],"wp:attachment":[{"href":"https:\/\/dmi65.com\/tr\/wp-json\/wp\/v2\/media?parent=8640"}],"curies":[{"name":"wp","href":"https:\/\/api.w.org\/{rel}","templated":true}]}}