{"id":7233,"date":"2020-06-16T12:05:31","date_gmt":"2020-06-16T04:05:31","guid":{"rendered":"http:\/\/dmi65.com\/iletisim\/"},"modified":"2020-06-16T12:05:32","modified_gmt":"2020-06-16T04:05:32","slug":"iletisim","status":"publish","type":"page","link":"https:\/\/dmi65.com\/tr\/iletisim\/","title":{"rendered":"Ileti\u015fim"},"content":{"rendered":"<div class=\"wpb-content-wrapper\"><p>[vc_row css=&#8221;.vc_custom_1592193885405{margin-bottom: 15px !important;}&#8221;][vc_column]<div class=\"dt-fancy-separator title-left h4-size\" style=\"width: 100%;\"><div class=\"dt-fancy-title\"><span class=\"separator-holder separator-left\"><\/span>Inf\u00fczyon Teknolojisi ile DMI-65 15 y\u0131l\u0131 a\u015fk\u0131n bir s\u00fcredir D\u00fcnya \u00e7ap\u0131nda 40 \u00fclkede uygulamalar geni\u015f bir yelpazede kullan\u0131lan Kald\u0131rma Demir ve Manganez i\u00e7in geli\u015fmi\u015f bir Oksidasyon Katalitik Medya. Quantum Filtration Medium Pty Ltd taraf\u0131ndan bat\u0131 Avustralya&#039;da \u00f6zel olarak \u00fcretilmi\u015ftir.<span class=\"separator-holder separator-right\"><\/span><\/div><\/div>[\/vc_column][\/vc_row][vc_row css=&#8221;.vc_custom_1592193634485{margin-top: 15px !important;margin-bottom: 15px !important;padding-top: 15px !important;}&#8221;][vc_column width=&#8221;1\/2&#8243;][vc_column_text]<strong>DMI-65 Vazo Merkez Ofisi<\/strong><\/p>\n<p>Telefon Kuantum Filtrasyon Orta: +618 9755 8212<\/p>\n<p>E-posta: <a href=\"mailto:james@dmi65.com\">james@dmi65.com<\/a><\/p>\n<p><strong>DMI-65 Collie Depo:<\/strong><\/p>\n<p>Telefon Kuantum Filtrasyon Orta (+618) 9734 3641<\/p>\n<p>E-posta: <a href=\"mailto:info@dmi65.com\">info@dmi65.com<\/a><\/p>\n<p><strong>DMI-65 Perth Depo:<\/strong><\/p>\n<p>Telefon Kuantum Filtrasyon Orta (+61) 1300 303 281<\/p>\n<p>E-posta: <a href=\"mailto:info@dmi65.com\">info@dmi65.com<\/a>[\/vc_column_text][contact-form-7 id=&#8221;0&#8243;][\/vc_column][vc_column width=&#8221;1\/2&#8243;][vc_gmaps link=&#8221;#E-8_JTNDaWZyYW1lJTIwc3JjJTNEJTIyaHR0cHMlM0ElMkYlMkZ3d3cuZ29vZ2xlLmNvbSUyRm1hcHMlMkZlbWJlZCUzRnBiJTNEJTIxMW0xNCUyMTFtOCUyMTFtMyUyMTFkMTMyODAuOTk5MDM1MDE2OTgzJTIxMmQxMTUuMjMxMzg4NyUyMTNkLTMzLjY3NjU5NjUlMjEzbTIlMjExaTEwMjQlMjEyaTc2OCUyMTRmMTMuMSUyMTNtMyUyMTFtMiUyMTFzMHgwJTI1M0EweDcxYmQ2OTliNDQ3ZGQwNzAlMjEyc1F1YW50dW0lMjUyMEZpbHRyYXRpb24lMjUyME1lZGl1bSUyNTIwUHR5JTI1MjBMdGQlMjE1ZTAlMjEzbTIlMjExc2VuJTIxMnNhdSUyMTR2MTU5MjE5MzAxNzk0NSUyMTVtMiUyMTFzZW4lMjEyc2F1JTIyJTIwd2lkdGglM0QlMjI2MDAlMjIlMjBoZWlnaHQlM0QlMjI0NTAlMjIlMjBmcmFtZWJvcmRlciUzRCUyMjAlMjIlMjBzdHlsZSUzRCUyMmJvcmRlciUzQTAlM0IlMjIlMjBhbGxvd2Z1bGxzY3JlZW4lM0QlMjIlMjIlMjBhcmlhLWhpZGRlbiUzRCUyMmZhbHNlJTIyJTIwdGFiaW5kZXglM0QlMjIwJTIyJTNFJTNDJTJGaWZyYW1lJTNF&#8221;][\/vc_column][\/vc_row]<\/p>\n<\/div>","protected":false},"excerpt":{"rendered":"<p>[vc_row css=&#8221;.vc_custom_1592193885405{margin-bottom: 15px !important;}&#8221;][vc_column][\/vc_column][\/vc_row][vc_row css=&#8221;.vc_custom_1592193634485{margin-top: 15px !important;margin-bottom: 15px !important;padding-top: 15px !important;}&#8221;][vc_column width=&#8221;1\/2&#8243;][vc_column_text]DMI-65 Vazo Merkez Ofisi Telefon Kuantum Filtrasyon Orta: +618 9755 8212 E-posta: james@dmi65.com DMI-65 Collie Depo: Telefon Kuantum Filtrasyon Orta (+618) 9734 3641 E-posta: info@dmi65.com DMI-65 Perth Depo: Telefon Kuantum Filtrasyon Orta (+61) 1300 303 281 E-posta: info@dmi65.com[\/vc_column_text][contact-form-7 id=&#8221;0&#8243;][\/vc_column][vc_column width=&#8221;1\/2&#8243;][vc_gmaps link=&#8221;#E-8_JTNDaWZyYW1lJTIwc3JjJTNEJTIyaHR0cHMlM0ElMkYlMkZ3d3cuZ29vZ2xlLmNvbSUyRm1hcHMlMkZlbWJlZCUzRnBiJTNEJTIxMW0xNCUyMTFtOCUyMTFtMyUyMTFkMTMyODAuOTk5MDM1MDE2OTgzJTIxMmQxMTUuMjMxMzg4NyUyMTNkLTMzLjY3NjU5NjUlMjEzbTIlMjExaTEwMjQlMjEyaTc2OCUyMTRmMTMuMSUyMTNtMyUyMTFtMiUyMTFzMHgwJTI1M0EweDcxYmQ2OTliNDQ3ZGQwNzAlMjEyc1F1YW50dW0lMjUyMEZpbHRyYXRpb24lMjUyME1lZGl1bSUyNTIwUHR5JTI1MjBMdGQlMjE1ZTAlMjEzbTIlMjExc2VuJTIxMnNhdSUyMTR2MTU5MjE5MzAxNzk0NSUyMTVtMiUyMTFzZW4lMjEyc2F1JTIyJTIwd2lkdGglM0QlMjI2MDAlMjIlMjBoZWlnaHQlM0QlMjI0NTAlMjIlMjBmcmFtZWJvcmRlciUzRCUyMjAlMjIlMjBzdHlsZSUzRCUyMmJvcmRlciUzQTAlM0IlMjIlMjBhbGxvd2Z1bGxzY3JlZW4lM0QlMjIlMjIlMjBhcmlhLWhpZGRlbiUzRCUyMmZhbHNlJTIyJTIwdGFiaW5kZXglM0QlMjIwJTIyJTNFJTNDJTJGaWZyYW1lJTNF&#8221;][\/vc_column][\/vc_row]<\/p>\n","protected":false},"author":1,"featured_media":0,"parent":0,"menu_order":70,"comment_status":"closed","ping_status":"closed","template":"","meta":{"content-type":"","footnotes":""},"class_list":["post-7233","page","type-page","status-publish","hentry","description-off"],"yoast_head":"<!-- This site is optimized with the Yoast SEO plugin v25.2 - https:\/\/yoast.com\/wordpress\/plugins\/seo\/ -->\n<title>Ileti\u015fim - DMI-65\u00ae, Su Filtrasyon Distrib\u00fct\u00f6rleri &amp; Uzmanlar<\/title>\n<meta name=\"description\" content=\"Inf\u00fczyon Teknolojisi ile DMI-65 Kald\u0131rma Demir ve Manganez i\u00e7in geli\u015fmi\u015f bir Oksidasyon Katalitik Medya birden fazla sanayi aras\u0131nda kullan\u0131labilir.\" \/>\n<meta name=\"robots\" content=\"index, follow, max-snippet:-1, max-image-preview:large, max-video-preview:-1\" \/>\n<link rel=\"canonical\" href=\"https:\/\/dmi65.com\/tr\/iletisim\/\" \/>\n<meta property=\"og:locale\" content=\"tr_TR\" \/>\n<meta property=\"og:type\" content=\"article\" \/>\n<meta property=\"og:title\" content=\"Ileti\u015fim - DMI-65\u00ae, Su Filtrasyon Distrib\u00fct\u00f6rleri &amp; Uzmanlar\" \/>\n<meta property=\"og:description\" content=\"Inf\u00fczyon Teknolojisi ile DMI-65 Kald\u0131rma Demir ve Manganez i\u00e7in geli\u015fmi\u015f bir Oksidasyon Katalitik Medya birden fazla sanayi aras\u0131nda kullan\u0131labilir.\" \/>\n<meta property=\"og:url\" content=\"https:\/\/dmi65.com\/tr\/iletisim\/\" \/>\n<meta property=\"og:site_name\" content=\"DMI-65\u00ae\" \/>\n<meta property=\"article:modified_time\" content=\"2020-06-16T04:05:32+00:00\" \/>\n<meta property=\"og:image\" content=\"https:\/\/dmi65.com\/wp-content\/uploads\/2020\/06\/dmi65_Logo_Blk.png\" \/>\n\t<meta property=\"og:image:width\" content=\"466\" \/>\n\t<meta property=\"og:image:height\" content=\"200\" \/>\n\t<meta property=\"og:image:type\" content=\"image\/png\" \/>\n<meta name=\"twitter:card\" content=\"summary_large_image\" \/>\n<meta name=\"twitter:label1\" content=\"Tahmini okuma s\u00fcresi\" \/>\n\t<meta name=\"twitter:data1\" content=\"1 dakika\" \/>\n<script type=\"application\/ld+json\" class=\"yoast-schema-graph\">{\"@context\":\"https:\/\/schema.org\",\"@graph\":[{\"@type\":\"WebPage\",\"@id\":\"https:\/\/dmi65.com\/tr\/iletisim\/\",\"url\":\"https:\/\/dmi65.com\/tr\/iletisim\/\",\"name\":\"Ileti\u015fim - DMI-65\u00ae, Su Filtrasyon Distrib\u00fct\u00f6rleri & Uzmanlar\",\"isPartOf\":{\"@id\":\"https:\/\/dmi65.com\/tr\/#website\"},\"datePublished\":\"2020-06-16T04:05:31+00:00\",\"dateModified\":\"2020-06-16T04:05:32+00:00\",\"description\":\"Inf\u00fczyon Teknolojisi ile DMI-65 Kald\u0131rma Demir ve Manganez i\u00e7in geli\u015fmi\u015f bir Oksidasyon Katalitik Medya birden fazla sanayi aras\u0131nda kullan\u0131labilir.\",\"breadcrumb\":{\"@id\":\"https:\/\/dmi65.com\/tr\/iletisim\/#breadcrumb\"},\"inLanguage\":\"tr\",\"potentialAction\":[{\"@type\":\"ReadAction\",\"target\":[\"https:\/\/dmi65.com\/tr\/iletisim\/\"]}]},{\"@type\":\"BreadcrumbList\",\"@id\":\"https:\/\/dmi65.com\/tr\/iletisim\/#breadcrumb\",\"itemListElement\":[{\"@type\":\"ListItem\",\"position\":1,\"name\":\"Home\",\"item\":\"https:\/\/dmi65.com\/tr\/\"},{\"@type\":\"ListItem\",\"position\":2,\"name\":\"Ileti\u015fim\"}]},{\"@type\":\"WebSite\",\"@id\":\"https:\/\/dmi65.com\/tr\/#website\",\"url\":\"https:\/\/dmi65.com\/tr\/\",\"name\":\"DMI-65\u00ae\",\"description\":\"Water Filtration &amp; Reverse Osmosis Treatment, Catalytic Media\",\"publisher\":{\"@id\":\"https:\/\/dmi65.com\/tr\/#organization\"},\"potentialAction\":[{\"@type\":\"SearchAction\",\"target\":{\"@type\":\"EntryPoint\",\"urlTemplate\":\"https:\/\/dmi65.com\/tr\/?s={search_term_string}\"},\"query-input\":{\"@type\":\"PropertyValueSpecification\",\"valueRequired\":true,\"valueName\":\"search_term_string\"}}],\"inLanguage\":\"tr\"},{\"@type\":\"Organization\",\"@id\":\"https:\/\/dmi65.com\/tr\/#organization\",\"name\":\"DMI-65 & Quantum Filtration Pty Ltd\",\"url\":\"https:\/\/dmi65.com\/tr\/\",\"logo\":{\"@type\":\"ImageObject\",\"inLanguage\":\"tr\",\"@id\":\"https:\/\/dmi65.com\/tr\/#\/schema\/logo\/image\/\",\"url\":\"https:\/\/dmi65.com\/wp-content\/uploads\/2020\/04\/dmi65.png\",\"contentUrl\":\"https:\/\/dmi65.com\/wp-content\/uploads\/2020\/04\/dmi65.png\",\"width\":440,\"height\":205,\"caption\":\"DMI-65 & Quantum Filtration Pty Ltd\"},\"image\":{\"@id\":\"https:\/\/dmi65.com\/tr\/#\/schema\/logo\/image\/\"},\"sameAs\":[\"https:\/\/www.linkedin.com\/company\/dmi-65\",\"https:\/\/www.youtube.com\/channel\/UCbXoMn5KBp2jrnx4KR_Qg4A\"]}]}<\/script>\n<!-- \/ Yoast SEO plugin. -->","yoast_head_json":{"title":"Ileti\u015fim - DMI-65\u00ae, Su Filtrasyon Distrib\u00fct\u00f6rleri & Uzmanlar","description":"Inf\u00fczyon Teknolojisi ile DMI-65 Kald\u0131rma Demir ve Manganez i\u00e7in geli\u015fmi\u015f bir Oksidasyon Katalitik Medya birden fazla sanayi aras\u0131nda kullan\u0131labilir.","robots":{"index":"index","follow":"follow","max-snippet":"max-snippet:-1","max-image-preview":"max-image-preview:large","max-video-preview":"max-video-preview:-1"},"canonical":"https:\/\/dmi65.com\/tr\/iletisim\/","og_locale":"tr_TR","og_type":"article","og_title":"Ileti\u015fim - DMI-65\u00ae, Su Filtrasyon Distrib\u00fct\u00f6rleri & Uzmanlar","og_description":"Inf\u00fczyon Teknolojisi ile DMI-65 Kald\u0131rma Demir ve Manganez i\u00e7in geli\u015fmi\u015f bir Oksidasyon Katalitik Medya birden fazla sanayi aras\u0131nda kullan\u0131labilir.","og_url":"https:\/\/dmi65.com\/tr\/iletisim\/","og_site_name":"DMI-65\u00ae","article_modified_time":"2020-06-16T04:05:32+00:00","og_image":[{"width":466,"height":200,"url":"https:\/\/dmi65.com\/wp-content\/uploads\/2020\/06\/dmi65_Logo_Blk.png","type":"image\/png"}],"twitter_card":"summary_large_image","twitter_misc":{"Tahmini okuma s\u00fcresi":"1 dakika"},"schema":{"@context":"https:\/\/schema.org","@graph":[{"@type":"WebPage","@id":"https:\/\/dmi65.com\/tr\/iletisim\/","url":"https:\/\/dmi65.com\/tr\/iletisim\/","name":"Ileti\u015fim - DMI-65\u00ae, Su Filtrasyon Distrib\u00fct\u00f6rleri & Uzmanlar","isPartOf":{"@id":"https:\/\/dmi65.com\/tr\/#website"},"datePublished":"2020-06-16T04:05:31+00:00","dateModified":"2020-06-16T04:05:32+00:00","description":"Inf\u00fczyon Teknolojisi ile DMI-65 Kald\u0131rma Demir ve Manganez i\u00e7in geli\u015fmi\u015f bir Oksidasyon Katalitik Medya birden fazla sanayi aras\u0131nda kullan\u0131labilir.","breadcrumb":{"@id":"https:\/\/dmi65.com\/tr\/iletisim\/#breadcrumb"},"inLanguage":"tr","potentialAction":[{"@type":"ReadAction","target":["https:\/\/dmi65.com\/tr\/iletisim\/"]}]},{"@type":"BreadcrumbList","@id":"https:\/\/dmi65.com\/tr\/iletisim\/#breadcrumb","itemListElement":[{"@type":"ListItem","position":1,"name":"Home","item":"https:\/\/dmi65.com\/tr\/"},{"@type":"ListItem","position":2,"name":"Ileti\u015fim"}]},{"@type":"WebSite","@id":"https:\/\/dmi65.com\/tr\/#website","url":"https:\/\/dmi65.com\/tr\/","name":"DMI-65\u00ae","description":"Water Filtration &amp; Reverse Osmosis Treatment, Catalytic Media","publisher":{"@id":"https:\/\/dmi65.com\/tr\/#organization"},"potentialAction":[{"@type":"SearchAction","target":{"@type":"EntryPoint","urlTemplate":"https:\/\/dmi65.com\/tr\/?s={search_term_string}"},"query-input":{"@type":"PropertyValueSpecification","valueRequired":true,"valueName":"search_term_string"}}],"inLanguage":"tr"},{"@type":"Organization","@id":"https:\/\/dmi65.com\/tr\/#organization","name":"DMI-65 & Quantum Filtration Pty Ltd","url":"https:\/\/dmi65.com\/tr\/","logo":{"@type":"ImageObject","inLanguage":"tr","@id":"https:\/\/dmi65.com\/tr\/#\/schema\/logo\/image\/","url":"https:\/\/dmi65.com\/wp-content\/uploads\/2020\/04\/dmi65.png","contentUrl":"https:\/\/dmi65.com\/wp-content\/uploads\/2020\/04\/dmi65.png","width":440,"height":205,"caption":"DMI-65 & Quantum Filtration Pty Ltd"},"image":{"@id":"https:\/\/dmi65.com\/tr\/#\/schema\/logo\/image\/"},"sameAs":["https:\/\/www.linkedin.com\/company\/dmi-65","https:\/\/www.youtube.com\/channel\/UCbXoMn5KBp2jrnx4KR_Qg4A"]}]}},"_links":{"self":[{"href":"https:\/\/dmi65.com\/tr\/wp-json\/wp\/v2\/pages\/7233","targetHints":{"allow":["GET"]}}],"collection":[{"href":"https:\/\/dmi65.com\/tr\/wp-json\/wp\/v2\/pages"}],"about":[{"href":"https:\/\/dmi65.com\/tr\/wp-json\/wp\/v2\/types\/page"}],"author":[{"embeddable":true,"href":"https:\/\/dmi65.com\/tr\/wp-json\/wp\/v2\/users\/1"}],"replies":[{"embeddable":true,"href":"https:\/\/dmi65.com\/tr\/wp-json\/wp\/v2\/comments?post=7233"}],"version-history":[{"count":0,"href":"https:\/\/dmi65.com\/tr\/wp-json\/wp\/v2\/pages\/7233\/revisions"}],"wp:attachment":[{"href":"https:\/\/dmi65.com\/tr\/wp-json\/wp\/v2\/media?parent=7233"}],"curies":[{"name":"wp","href":"https:\/\/api.w.org\/{rel}","templated":true}]}}