{"id":6306,"date":"2020-06-09T19:49:04","date_gmt":"2020-06-09T11:49:04","guid":{"rendered":"http:\/\/dmi65.com\/su-filtrasyon-avantajlari\/"},"modified":"2020-06-09T19:49:04","modified_gmt":"2020-06-09T11:49:04","slug":"su-filtrasyon-avantajlari","status":"publish","type":"page","link":"https:\/\/dmi65.com\/tr\/teknik\/su-filtrasyon-avantajlari\/","title":{"rendered":"Su Filtrasyon Avantajlar\u0131"},"content":{"rendered":"<div class=\"wpb-content-wrapper\"><p>[vc_row][vc_column]<div class=\"dt-fancy-separator title-left h2-size style-disabled\" style=\"width: 100%;\"><div class=\"dt-fancy-title\"><span class=\"separator-holder separator-left\"><\/span>Su Filtrasyonu i\u00e7in DMI-65&#039;in Avantajlar\u0131<span class=\"separator-holder separator-right\"><\/span><\/div><\/div>[vc_separator color=&#8221;custom&#8221; accent_color=&#8221;#162441&#8243; css=&#8221;.vc_custom_1590629801215{margin-top: 15px !important;margin-bottom: 15px !important;}&#8221;][vc_column_text]<\/p>\n<p style=\"text-align: left;\">DMI-65 potasyum permanganat kullanmadan demir ve manganez inf\u00fczyon ula\u015ft\u0131r\u0131lmas\u0131 i\u00e7in tasarlanm\u0131\u015f devrim niteli\u011finde bir Inf\u00fczyon Teknolojisi katalitik filtrasyon ortam\u0131d\u0131r. DMI-65&#8217;in benzersiz mikro g\u00f6zenekli yap\u0131s\u0131 \u00e7\u00f6z\u00fcnm\u00fc\u015f demiri dakikada 0,001 ppm ve manganezi 0,001 ppm&#8217;e kadar etkin bir \u015fekilde temizler. DMI-65, \u00e7\u00f6z\u00fcnmez \u00e7\u00f6keltilerin hemen oksidasyonu ve filtrasyonu ile oksidasyon kataliz\u00f6r\u00fc g\u00f6revi g\u00f6r\u00fcr. Medya 30 y\u0131l\u0131 a\u015fk\u0131n bir s\u00fcredir \u00e7ok \u00e7e\u015fitli uygulamalarda yayg\u0131n olarak kullan\u0131lmaktad\u0131r.<\/p>\n<p>[\/vc_column_text]<div class=\"uavc-list-icon uavc-list-icon-wrapper ult-adjust-bottom-margin   vc_custom_1590633244219  vc_custom_1590633244219\"><ul class=\"uavc-list\"><li><div class=\"uavc-list-content\" id=\"list-icon-wrap-6949\">\n<div class=\"uavc-list-icon  \" data-animation=\"\" data-animation-delay=\"03\" style=\"margin-right:20px;\"><div class=\"ult-just-icon-wrapper  \"><div class=\"align-icon\" style=\"text-align:center;\">\n<div class=\"aio-icon none \"  style=\"color:#81d742;font-size:20px;display:inline-block;\">\n\t<i class=\"fas fa-check\"><\/i>\n<\/div><\/div><\/div>\n<\/div><span  data-ultimate-target='#list-icon-wrap-6949 .uavc-list-desc'  data-responsive-json-new='{\"font-size\":\"\",\"line-height\":\"\"}'  class=\"uavc-list-desc ult-responsive\" style=\"\"><strong>Potasyum Permanganat ortadan kald\u0131r\u0131r:<\/strong> D\u00fc\u015f\u00fck kal\u0131nt\u0131 seviyelerde s\u00fcrekli sodyum hipoklorit enjeksiyonu ile \u00e7al\u0131\u015f\u0131r (0,1 ila 0,3 ppm)<\/span><\/div><\/li><li><div class=\"uavc-list-content\" id=\"list-icon-wrap-9892\">\n<div class=\"uavc-list-icon  \" data-animation=\"\" data-animation-delay=\"03\" style=\"margin-right:20px;\"><div class=\"ult-just-icon-wrapper  \"><div class=\"align-icon\" style=\"text-align:center;\">\n<div class=\"aio-icon none \"  style=\"color:#81d742;font-size:20px;display:inline-block;\">\n\t<i class=\"fas fa-check\"><\/i>\n<\/div><\/div><\/div>\n<\/div><span  data-ultimate-target='#list-icon-wrap-9892 .uavc-list-desc'  data-responsive-json-new='{\"font-size\":\"\",\"line-height\":\"\"}'  class=\"uavc-list-desc ult-responsive\" style=\"\"><strong>Geni\u015f pH aral\u0131\u011f\u0131:<\/strong> pH 5.8 ile 8.6 aras\u0131nda istikrarl\u0131 ve tatmin edici performans<\/p>\n<p><\/span><\/div><\/li><li><div class=\"uavc-list-content\" id=\"list-icon-wrap-8648\">\n<div class=\"uavc-list-icon  \" data-animation=\"\" data-animation-delay=\"03\" style=\"margin-right:20px;\"><div class=\"ult-just-icon-wrapper  \"><div class=\"align-icon\" style=\"text-align:center;\">\n<div class=\"aio-icon none \"  style=\"color:#81d742;font-size:20px;display:inline-block;\">\n\t<i class=\"fas fa-check\"><\/i>\n<\/div><\/div><\/div>\n<\/div><span  data-ultimate-target='#list-icon-wrap-8648 .uavc-list-desc'  data-responsive-json-new='{\"font-size\":\"\",\"line-height\":\"\"}'  class=\"uavc-list-desc ult-responsive\" style=\"\"><strong>Y\u00fcksek Ak\u0131\u015f H\u0131zlar\u0131:<\/strong> DMI-65, daha y\u00fcksek \u00e7al\u0131\u015fma s\u0131cakl\u0131klar\u0131ile konvansiyonel ortamlar\u0131n iki kat\u0131na kadar do\u011frusal filtrasyon h\u0131zlar\u0131nda \u00e7al\u0131\u015fabilir. Maksimum \u00e7al\u0131\u015fma s\u0131cakl\u0131\u011f\u0131 113\u00b0 F (45\u00b0 C)<\/p>\n<p><\/span><\/div><\/li><li><div class=\"uavc-list-content\" id=\"list-icon-wrap-2022\">\n<div class=\"uavc-list-icon  \" data-animation=\"\" data-animation-delay=\"03\" style=\"margin-right:20px;\"><div class=\"ult-just-icon-wrapper  \"><div class=\"align-icon\" style=\"text-align:center;\">\n<div class=\"aio-icon none \"  style=\"color:#81d742;font-size:20px;display:inline-block;\">\n\t<i class=\"fas fa-check\"><\/i>\n<\/div><\/div><\/div>\n<\/div><span  data-ultimate-target='#list-icon-wrap-2022 .uavc-list-desc'  data-responsive-json-new='{\"font-size\":\"\",\"line-height\":\"\"}'  class=\"uavc-list-desc ult-responsive\" style=\"\"><strong>Uzun \u00d6m\u00fcr:<\/strong> DMI-65, di\u011fer s\u00fcre\u00e7lere veya ortama g\u00f6re \u00f6nemli avantajlar sa\u011flayan s\u00fcre\u00e7te t\u00fcketilmez<\/p>\n<p><\/span><\/div><\/li><li><div class=\"uavc-list-content\" id=\"list-icon-wrap-8841\">\n<div class=\"uavc-list-icon  \" data-animation=\"\" data-animation-delay=\"03\" style=\"margin-right:20px;\"><div class=\"ult-just-icon-wrapper  \"><div class=\"align-icon\" style=\"text-align:center;\">\n<div class=\"aio-icon none \"  style=\"color:#81d742;font-size:20px;display:inline-block;\">\n\t<i class=\"fas fa-check\"><\/i>\n<\/div><\/div><\/div>\n<\/div><span  data-ultimate-target='#list-icon-wrap-8841 .uavc-list-desc'  data-responsive-json-new='{\"font-size\":\"\",\"line-height\":\"\"}'  class=\"uavc-list-desc ult-responsive\" style=\"\"><strong>Rejenerasyon Gerekli De\u011fil:<\/strong> \u0130lk aktivasyondan sonra sadece sodyum hipoklorit yemi gereklidir.<\/p>\n<p><\/span><\/div><\/li><li><div class=\"uavc-list-content\" id=\"list-icon-wrap-1989\">\n<div class=\"uavc-list-icon  \" data-animation=\"\" data-animation-delay=\"03\" style=\"margin-right:20px;\"><div class=\"ult-just-icon-wrapper  \"><div class=\"align-icon\" style=\"text-align:center;\">\n<div class=\"aio-icon none \"  style=\"color:#81d742;font-size:20px;display:inline-block;\">\n\t<i class=\"fas fa-check\"><\/i>\n<\/div><\/div><\/div>\n<\/div><span  data-ultimate-target='#list-icon-wrap-1989 .uavc-list-desc'  data-responsive-json-new='{\"font-size\":\"\",\"line-height\":\"\"}'  class=\"uavc-list-desc ult-responsive\" style=\"\"><strong>Sistem Uyumlulu\u011fu:<\/strong> Fiziksel \u00f6zellikler, b\u00fcy\u00fck donan\u0131m de\u011fi\u015fiklikleri olmadan DMI-65&#8217;e d\u00f6n\u00fc\u015ft\u00fcr\u00fclmesine izin veren rekabet\u00e7i ortamlara benzer<\/p>\n<p><\/span><\/div><\/li><li><div class=\"uavc-list-content\" id=\"list-icon-wrap-3885\">\n<div class=\"uavc-list-icon  \" data-animation=\"\" data-animation-delay=\"03\" style=\"margin-right:20px;\"><div class=\"ult-just-icon-wrapper  \"><div class=\"align-icon\" style=\"text-align:center;\">\n<div class=\"aio-icon none \"  style=\"color:#81d742;font-size:20px;display:inline-block;\">\n\t<i class=\"fas fa-check\"><\/i>\n<\/div><\/div><\/div>\n<\/div><span  data-ultimate-target='#list-icon-wrap-3885 .uavc-list-desc'  data-responsive-json-new='{\"font-size\":\"\",\"line-height\":\"\"}'  class=\"uavc-list-desc ult-responsive\" style=\"\"><strong>Arsenik Kald\u0131rma:<\/strong> DMI-65&#8217;in demir i\u00e7eren etkili ile ili\u015fkili arseniklerin \u00e7\u0131kar\u0131lmas\u0131nda etkili oldu\u011fu g\u00f6sterilmi\u015ftir. Gerekirse ferrik klor\u00fcr d\u00fc\u015f\u00fck etkili demir seviyelerine sahip sular\u0131 tedavi etmek veya y\u00fcksek seviyede arsenik li sular\u0131 tedavi ederken kald\u0131rmay\u0131 geli\u015ftirmek i\u00e7in kullan\u0131labilir.<\/p>\n<p><\/span><\/div><\/li><\/ul><\/div>[\/vc_column][\/vc_row]<\/p>\n<\/div>","protected":false},"excerpt":{"rendered":"<p>[vc_row][vc_column][vc_separator color=&#8221;custom&#8221; accent_color=&#8221;#162441&#8243; css=&#8221;.vc_custom_1590629801215{margin-top: 15px !important;margin-bottom: 15px !important;}&#8221;][vc_column_text] DMI-65 potasyum permanganat kullanmadan demir ve manganez inf\u00fczyon ula\u015ft\u0131r\u0131lmas\u0131 i\u00e7in tasarlanm\u0131\u015f devrim niteli\u011finde bir Inf\u00fczyon Teknolojisi katalitik filtrasyon ortam\u0131d\u0131r. DMI-65&#8217;in benzersiz mikro g\u00f6zenekli yap\u0131s\u0131 \u00e7\u00f6z\u00fcnm\u00fc\u015f demiri dakikada 0,001 ppm ve manganezi 0,001 ppm&#8217;e kadar etkin bir \u015fekilde temizler. DMI-65, \u00e7\u00f6z\u00fcnmez \u00e7\u00f6keltilerin hemen oksidasyonu ve filtrasyonu ile oksidasyon&hellip;<\/p>\n","protected":false},"author":1,"featured_media":0,"parent":7169,"menu_order":0,"comment_status":"closed","ping_status":"closed","template":"","meta":{"content-type":"","footnotes":""},"class_list":["post-6306","page","type-page","status-publish","hentry","description-off"],"yoast_head":"<!-- This site is optimized with the Yoast SEO plugin v25.2 - https:\/\/yoast.com\/wordpress\/plugins\/seo\/ -->\n<title>Su Filtrasyon Avantajlar\u0131 - DMI-65\u00ae<\/title>\n<meta name=\"robots\" content=\"index, follow, max-snippet:-1, max-image-preview:large, max-video-preview:-1\" \/>\n<link rel=\"canonical\" href=\"https:\/\/dmi65.com\/tr\/teknik\/su-filtrasyon-avantajlari\/\" \/>\n<meta property=\"og:locale\" content=\"tr_TR\" \/>\n<meta property=\"og:type\" content=\"article\" \/>\n<meta property=\"og:title\" content=\"Su Filtrasyon Avantajlar\u0131 - DMI-65\u00ae\" \/>\n<meta property=\"og:description\" content=\"[vc_row][vc_column][vc_separator color=&#8221;custom&#8221; accent_color=&#8221;#162441&#8243; css=&#8221;.vc_custom_1590629801215{margin-top: 15px !important;margin-bottom: 15px !important;}&#8221;][vc_column_text] DMI-65 potasyum permanganat kullanmadan demir ve manganez inf\u00fczyon ula\u015ft\u0131r\u0131lmas\u0131 i\u00e7in tasarlanm\u0131\u015f devrim niteli\u011finde bir Inf\u00fczyon Teknolojisi katalitik filtrasyon ortam\u0131d\u0131r. DMI-65&#8217;in benzersiz mikro g\u00f6zenekli yap\u0131s\u0131 \u00e7\u00f6z\u00fcnm\u00fc\u015f demiri dakikada 0,001 ppm ve manganezi 0,001 ppm&#8217;e kadar etkin bir \u015fekilde temizler. DMI-65, \u00e7\u00f6z\u00fcnmez \u00e7\u00f6keltilerin hemen oksidasyonu ve filtrasyonu ile oksidasyon&hellip;\" \/>\n<meta property=\"og:url\" content=\"https:\/\/dmi65.com\/tr\/teknik\/su-filtrasyon-avantajlari\/\" \/>\n<meta property=\"og:site_name\" content=\"DMI-65\u00ae\" \/>\n<meta property=\"og:image\" content=\"https:\/\/dmi65.com\/wp-content\/uploads\/2020\/06\/dmi65_Logo_Blk.png\" \/>\n\t<meta property=\"og:image:width\" content=\"466\" \/>\n\t<meta property=\"og:image:height\" content=\"200\" \/>\n\t<meta property=\"og:image:type\" content=\"image\/png\" \/>\n<meta name=\"twitter:card\" content=\"summary_large_image\" \/>\n<meta name=\"twitter:label1\" content=\"Tahmini okuma s\u00fcresi\" \/>\n\t<meta name=\"twitter:data1\" content=\"2 dakika\" \/>\n<script type=\"application\/ld+json\" class=\"yoast-schema-graph\">{\"@context\":\"https:\/\/schema.org\",\"@graph\":[{\"@type\":\"WebPage\",\"@id\":\"https:\/\/dmi65.com\/tr\/teknik\/su-filtrasyon-avantajlari\/\",\"url\":\"https:\/\/dmi65.com\/tr\/teknik\/su-filtrasyon-avantajlari\/\",\"name\":\"Su Filtrasyon Avantajlar\u0131 - DMI-65\u00ae\",\"isPartOf\":{\"@id\":\"https:\/\/dmi65.com\/tr\/#website\"},\"datePublished\":\"2020-06-09T11:49:04+00:00\",\"breadcrumb\":{\"@id\":\"https:\/\/dmi65.com\/tr\/teknik\/su-filtrasyon-avantajlari\/#breadcrumb\"},\"inLanguage\":\"tr\",\"potentialAction\":[{\"@type\":\"ReadAction\",\"target\":[\"https:\/\/dmi65.com\/tr\/teknik\/su-filtrasyon-avantajlari\/\"]}]},{\"@type\":\"BreadcrumbList\",\"@id\":\"https:\/\/dmi65.com\/tr\/teknik\/su-filtrasyon-avantajlari\/#breadcrumb\",\"itemListElement\":[{\"@type\":\"ListItem\",\"position\":1,\"name\":\"Home\",\"item\":\"https:\/\/dmi65.com\/tr\/\"},{\"@type\":\"ListItem\",\"position\":2,\"name\":\"Teknik\",\"item\":\"https:\/\/dmi65.com\/tr\/teknik\/\"},{\"@type\":\"ListItem\",\"position\":3,\"name\":\"Su Filtrasyon Avantajlar\u0131\"}]},{\"@type\":\"WebSite\",\"@id\":\"https:\/\/dmi65.com\/tr\/#website\",\"url\":\"https:\/\/dmi65.com\/tr\/\",\"name\":\"DMI-65\u00ae\",\"description\":\"Water Filtration &amp; Reverse Osmosis Treatment, Catalytic Media\",\"publisher\":{\"@id\":\"https:\/\/dmi65.com\/tr\/#organization\"},\"potentialAction\":[{\"@type\":\"SearchAction\",\"target\":{\"@type\":\"EntryPoint\",\"urlTemplate\":\"https:\/\/dmi65.com\/tr\/?s={search_term_string}\"},\"query-input\":{\"@type\":\"PropertyValueSpecification\",\"valueRequired\":true,\"valueName\":\"search_term_string\"}}],\"inLanguage\":\"tr\"},{\"@type\":\"Organization\",\"@id\":\"https:\/\/dmi65.com\/tr\/#organization\",\"name\":\"DMI-65 & Quantum Filtration Pty Ltd\",\"url\":\"https:\/\/dmi65.com\/tr\/\",\"logo\":{\"@type\":\"ImageObject\",\"inLanguage\":\"tr\",\"@id\":\"https:\/\/dmi65.com\/tr\/#\/schema\/logo\/image\/\",\"url\":\"https:\/\/dmi65.com\/wp-content\/uploads\/2020\/04\/dmi65.png\",\"contentUrl\":\"https:\/\/dmi65.com\/wp-content\/uploads\/2020\/04\/dmi65.png\",\"width\":440,\"height\":205,\"caption\":\"DMI-65 & Quantum Filtration Pty Ltd\"},\"image\":{\"@id\":\"https:\/\/dmi65.com\/tr\/#\/schema\/logo\/image\/\"},\"sameAs\":[\"https:\/\/www.linkedin.com\/company\/dmi-65\",\"https:\/\/www.youtube.com\/channel\/UCbXoMn5KBp2jrnx4KR_Qg4A\"]}]}<\/script>\n<!-- \/ Yoast SEO plugin. -->","yoast_head_json":{"title":"Su Filtrasyon Avantajlar\u0131 - DMI-65\u00ae","robots":{"index":"index","follow":"follow","max-snippet":"max-snippet:-1","max-image-preview":"max-image-preview:large","max-video-preview":"max-video-preview:-1"},"canonical":"https:\/\/dmi65.com\/tr\/teknik\/su-filtrasyon-avantajlari\/","og_locale":"tr_TR","og_type":"article","og_title":"Su Filtrasyon Avantajlar\u0131 - DMI-65\u00ae","og_description":"[vc_row][vc_column][vc_separator color=&#8221;custom&#8221; accent_color=&#8221;#162441&#8243; css=&#8221;.vc_custom_1590629801215{margin-top: 15px !important;margin-bottom: 15px !important;}&#8221;][vc_column_text] DMI-65 potasyum permanganat kullanmadan demir ve manganez inf\u00fczyon ula\u015ft\u0131r\u0131lmas\u0131 i\u00e7in tasarlanm\u0131\u015f devrim niteli\u011finde bir Inf\u00fczyon Teknolojisi katalitik filtrasyon ortam\u0131d\u0131r. DMI-65&#8217;in benzersiz mikro g\u00f6zenekli yap\u0131s\u0131 \u00e7\u00f6z\u00fcnm\u00fc\u015f demiri dakikada 0,001 ppm ve manganezi 0,001 ppm&#8217;e kadar etkin bir \u015fekilde temizler. DMI-65, \u00e7\u00f6z\u00fcnmez \u00e7\u00f6keltilerin hemen oksidasyonu ve filtrasyonu ile oksidasyon&hellip;","og_url":"https:\/\/dmi65.com\/tr\/teknik\/su-filtrasyon-avantajlari\/","og_site_name":"DMI-65\u00ae","og_image":[{"width":466,"height":200,"url":"https:\/\/dmi65.com\/wp-content\/uploads\/2020\/06\/dmi65_Logo_Blk.png","type":"image\/png"}],"twitter_card":"summary_large_image","twitter_misc":{"Tahmini okuma s\u00fcresi":"2 dakika"},"schema":{"@context":"https:\/\/schema.org","@graph":[{"@type":"WebPage","@id":"https:\/\/dmi65.com\/tr\/teknik\/su-filtrasyon-avantajlari\/","url":"https:\/\/dmi65.com\/tr\/teknik\/su-filtrasyon-avantajlari\/","name":"Su Filtrasyon Avantajlar\u0131 - DMI-65\u00ae","isPartOf":{"@id":"https:\/\/dmi65.com\/tr\/#website"},"datePublished":"2020-06-09T11:49:04+00:00","breadcrumb":{"@id":"https:\/\/dmi65.com\/tr\/teknik\/su-filtrasyon-avantajlari\/#breadcrumb"},"inLanguage":"tr","potentialAction":[{"@type":"ReadAction","target":["https:\/\/dmi65.com\/tr\/teknik\/su-filtrasyon-avantajlari\/"]}]},{"@type":"BreadcrumbList","@id":"https:\/\/dmi65.com\/tr\/teknik\/su-filtrasyon-avantajlari\/#breadcrumb","itemListElement":[{"@type":"ListItem","position":1,"name":"Home","item":"https:\/\/dmi65.com\/tr\/"},{"@type":"ListItem","position":2,"name":"Teknik","item":"https:\/\/dmi65.com\/tr\/teknik\/"},{"@type":"ListItem","position":3,"name":"Su Filtrasyon Avantajlar\u0131"}]},{"@type":"WebSite","@id":"https:\/\/dmi65.com\/tr\/#website","url":"https:\/\/dmi65.com\/tr\/","name":"DMI-65\u00ae","description":"Water Filtration &amp; Reverse Osmosis Treatment, Catalytic Media","publisher":{"@id":"https:\/\/dmi65.com\/tr\/#organization"},"potentialAction":[{"@type":"SearchAction","target":{"@type":"EntryPoint","urlTemplate":"https:\/\/dmi65.com\/tr\/?s={search_term_string}"},"query-input":{"@type":"PropertyValueSpecification","valueRequired":true,"valueName":"search_term_string"}}],"inLanguage":"tr"},{"@type":"Organization","@id":"https:\/\/dmi65.com\/tr\/#organization","name":"DMI-65 & Quantum Filtration Pty Ltd","url":"https:\/\/dmi65.com\/tr\/","logo":{"@type":"ImageObject","inLanguage":"tr","@id":"https:\/\/dmi65.com\/tr\/#\/schema\/logo\/image\/","url":"https:\/\/dmi65.com\/wp-content\/uploads\/2020\/04\/dmi65.png","contentUrl":"https:\/\/dmi65.com\/wp-content\/uploads\/2020\/04\/dmi65.png","width":440,"height":205,"caption":"DMI-65 & Quantum Filtration Pty Ltd"},"image":{"@id":"https:\/\/dmi65.com\/tr\/#\/schema\/logo\/image\/"},"sameAs":["https:\/\/www.linkedin.com\/company\/dmi-65","https:\/\/www.youtube.com\/channel\/UCbXoMn5KBp2jrnx4KR_Qg4A"]}]}},"_links":{"self":[{"href":"https:\/\/dmi65.com\/tr\/wp-json\/wp\/v2\/pages\/6306","targetHints":{"allow":["GET"]}}],"collection":[{"href":"https:\/\/dmi65.com\/tr\/wp-json\/wp\/v2\/pages"}],"about":[{"href":"https:\/\/dmi65.com\/tr\/wp-json\/wp\/v2\/types\/page"}],"author":[{"embeddable":true,"href":"https:\/\/dmi65.com\/tr\/wp-json\/wp\/v2\/users\/1"}],"replies":[{"embeddable":true,"href":"https:\/\/dmi65.com\/tr\/wp-json\/wp\/v2\/comments?post=6306"}],"version-history":[{"count":0,"href":"https:\/\/dmi65.com\/tr\/wp-json\/wp\/v2\/pages\/6306\/revisions"}],"up":[{"embeddable":true,"href":"https:\/\/dmi65.com\/tr\/wp-json\/wp\/v2\/pages\/7169"}],"wp:attachment":[{"href":"https:\/\/dmi65.com\/tr\/wp-json\/wp\/v2\/media?parent=6306"}],"curies":[{"name":"wp","href":"https:\/\/api.w.org\/{rel}","templated":true}]}}