{"id":6240,"date":"2020-06-09T19:43:18","date_gmt":"2020-06-09T11:43:18","guid":{"rendered":"http:\/\/dmi65.com\/laboratuvar-testleri\/"},"modified":"2020-06-09T19:43:22","modified_gmt":"2020-06-09T11:43:22","slug":"laboratuvar-testleri","status":"publish","type":"page","link":"https:\/\/dmi65.com\/tr\/teknik\/laboratuvar-testleri\/","title":{"rendered":"Laboratuvar Testleri"},"content":{"rendered":"<div class=\"wpb-content-wrapper\"><p>[vc_row][vc_column][vc_row_inner][vc_column_inner][vc_column_text]<\/p>\n<h4>ANALIZ SERTIFIKAS\u0131<\/h4>\n<p>[\/vc_column_text][vc_btn title=&#8221;BORE WATER DENEMEDE ARSENIK KALDIRILMASI&#8221; style=&#8221;outline-custom&#8221; outline_custom_color=&#8221;#dd4949&#8243; outline_custom_hover_background=&#8221;#dd2c2c&#8221; outline_custom_hover_text=&#8221;#ffffff&#8221; shape=&#8221;square&#8221; align=&#8221;left&#8221; i_icon_fontawesome=&#8221;fas fa-file-pdf&#8221; add_icon=&#8221;true&#8221; link=&#8221;url:%2Fwp-content%2Fuploads%2F2014%2F07%2FQuantum-Filtrasyon-Arsenik-in-Bore-su-Kald%C4%B1rma-Deneme-_1_2.pdf|&#8221;][vc_btn title=&#8221;DELIKLI SU \u00dcZERINDE GENI\u015eLETILMI\u015e SU TESTLERI&#8221; style=&#8221;outline-custom&#8221; outline_custom_color=&#8221;#dd4949&#8243; outline_custom_hover_background=&#8221;#dd2c2c&#8221; outline_custom_hover_text=&#8221;#ffffff&#8221; shape=&#8221;square&#8221; align=&#8221;left&#8221; i_icon_fontawesome=&#8221;fas fa-file-pdf&#8221; add_icon=&#8221;true&#8221; link=&#8221;url:%2Fwp-content%2Fuploads%2F2014%2F07%2FCertificate-of-Analysis-Water-SW-Health-Campus.pdf|&#8221;][vc_btn title=&#8221;DEMIR MANGANEZ KUM DENEME 1&#8243; style=&#8221;outline-custom&#8221; outline_custom_color=&#8221;#dd4949&#8243; outline_custom_hover_background=&#8221;#dd2c2c&#8221; outline_custom_hover_text=&#8221;#ffffff&#8221; shape=&#8221;square&#8221; align=&#8221;left&#8221; i_icon_fontawesome=&#8221;fas fa-file-pdf&#8221; add_icon=&#8221;true&#8221; link=&#8221;url:%2Fwp-content%2Fuploads%2F2014%2F07%2FCertificate-of-Analysis-iron-manganez-Kum-Medya-Deneme1.pdf|&#8221;][vc_btn title=&#8221;DEMIR MANGANEZ KUM DENEME 2&#8243; style=&#8221;outline-custom&#8221; outline_custom_color=&#8221;#dd4949&#8243; outline_custom_hover_background=&#8221;#dd2c2c&#8221; outline_custom_hover_text=&#8221;#ffffff&#8221; shape=&#8221;square&#8221; align=&#8221;left&#8221; i_icon_fontawesome=&#8221;fas fa-file-pdf&#8221; add_icon=&#8221;true&#8221; link=&#8221;url:%2Fwp-content%2Fuploads%2F2014%2F07%2FCertificate-of-Analysis-Iron-Manganese-Kum-Medya-Deneme-_21.pdf|&#8221;][vc_btn title=&#8221;GEORGE BELEDIYE SU \u0130\u015fleri DENEME&#8221; style=&#8221;outline-custom&#8221; outline_custom_color=&#8221;#dd4949&#8243; outline_custom_hover_background=&#8221;#dd2c2c&#8221; outline_custom_hover_text=&#8221;#ffffff&#8221; shape=&#8221;square&#8221; align=&#8221;left&#8221; i_icon_fontawesome=&#8221;fas fa-file-pdf&#8221; add_icon=&#8221;true&#8221; link=&#8221;url:%2Fwp-content%2Fuploads%2F2020%2F05%2FGeorge-deneme%20sonu%C3%A7lar%C4%B1-WTC-2008.pdf|&#8221;][\/vc_column_inner][\/vc_row_inner][\/vc_column][\/vc_row]<\/p>\n<\/div>","protected":false},"excerpt":{"rendered":"<p>[vc_row][vc_column][vc_row_inner][vc_column_inner][vc_column_text] ANALIZ SERTIFIKAS\u0131 [\/vc_column_text][vc_btn title=&#8221;BORE WATER DENEMEDE ARSENIK KALDIRILMASI&#8221; style=&#8221;outline-custom&#8221; outline_custom_color=&#8221;#dd4949&#8243; outline_custom_hover_background=&#8221;#dd2c2c&#8221; outline_custom_hover_text=&#8221;#ffffff&#8221; shape=&#8221;square&#8221; align=&#8221;left&#8221; i_icon_fontawesome=&#8221;fas fa-file-pdf&#8221; add_icon=&#8221;true&#8221; link=&#8221;url:%2Fwp-content%2Fuploads%2F2014%2F07%2FQuantum-Filtrasyon-Arsenik-in-Bore-su-Kald%C4%B1rma-Deneme-_1_2.pdf|&#8221;][vc_btn title=&#8221;DELIKLI SU \u00dcZERINDE GENI\u015eLETILMI\u015e SU TESTLERI&#8221; style=&#8221;outline-custom&#8221; outline_custom_color=&#8221;#dd4949&#8243; outline_custom_hover_background=&#8221;#dd2c2c&#8221; outline_custom_hover_text=&#8221;#ffffff&#8221; shape=&#8221;square&#8221; align=&#8221;left&#8221; i_icon_fontawesome=&#8221;fas fa-file-pdf&#8221; add_icon=&#8221;true&#8221; link=&#8221;url:%2Fwp-content%2Fuploads%2F2014%2F07%2FCertificate-of-Analysis-Water-SW-Health-Campus.pdf|&#8221;][vc_btn title=&#8221;DEMIR MANGANEZ KUM DENEME 1&#8243; style=&#8221;outline-custom&#8221; outline_custom_color=&#8221;#dd4949&#8243; outline_custom_hover_background=&#8221;#dd2c2c&#8221; outline_custom_hover_text=&#8221;#ffffff&#8221; shape=&#8221;square&#8221; align=&#8221;left&#8221; i_icon_fontawesome=&#8221;fas fa-file-pdf&#8221; add_icon=&#8221;true&#8221; link=&#8221;url:%2Fwp-content%2Fuploads%2F2014%2F07%2FCertificate-of-Analysis-iron-manganez-Kum-Medya-Deneme1.pdf|&#8221;][vc_btn title=&#8221;DEMIR MANGANEZ KUM DENEME 2&#8243;&hellip;<\/p>\n","protected":false},"author":1,"featured_media":0,"parent":7169,"menu_order":0,"comment_status":"closed","ping_status":"closed","template":"","meta":{"content-type":"","footnotes":""},"class_list":["post-6240","page","type-page","status-publish","hentry","description-off"],"yoast_head":"<!-- This site is optimized with the Yoast SEO plugin v25.2 - https:\/\/yoast.com\/wordpress\/plugins\/seo\/ -->\n<title>Laboratuvar Testleri - DMI-65\u00ae<\/title>\n<meta name=\"robots\" content=\"noindex, follow\" \/>\n<meta property=\"og:locale\" content=\"tr_TR\" \/>\n<meta property=\"og:type\" content=\"article\" \/>\n<meta property=\"og:title\" content=\"Laboratuvar Testleri - DMI-65\u00ae\" \/>\n<meta property=\"og:description\" content=\"[vc_row][vc_column][vc_row_inner][vc_column_inner][vc_column_text] ANALIZ SERTIFIKAS\u0131 [\/vc_column_text][vc_btn title=&#8221;BORE WATER DENEMEDE ARSENIK KALDIRILMASI&#8221; style=&#8221;outline-custom&#8221; outline_custom_color=&#8221;#dd4949&#8243; outline_custom_hover_background=&#8221;#dd2c2c&#8221; outline_custom_hover_text=&#8221;#ffffff&#8221; shape=&#8221;square&#8221; align=&#8221;left&#8221; i_icon_fontawesome=&#8221;fas fa-file-pdf&#8221; add_icon=&#8221;true&#8221; link=&#8221;url:%2Fwp-content%2Fuploads%2F2014%2F07%2FQuantum-Filtrasyon-Arsenik-in-Bore-su-Kald%C4%B1rma-Deneme-_1_2.pdf|&#8221;][vc_btn title=&#8221;DELIKLI SU \u00dcZERINDE GENI\u015eLETILMI\u015e SU TESTLERI&#8221; style=&#8221;outline-custom&#8221; outline_custom_color=&#8221;#dd4949&#8243; outline_custom_hover_background=&#8221;#dd2c2c&#8221; outline_custom_hover_text=&#8221;#ffffff&#8221; shape=&#8221;square&#8221; align=&#8221;left&#8221; i_icon_fontawesome=&#8221;fas fa-file-pdf&#8221; add_icon=&#8221;true&#8221; link=&#8221;url:%2Fwp-content%2Fuploads%2F2014%2F07%2FCertificate-of-Analysis-Water-SW-Health-Campus.pdf|&#8221;][vc_btn title=&#8221;DEMIR MANGANEZ KUM DENEME 1&#8243; style=&#8221;outline-custom&#8221; outline_custom_color=&#8221;#dd4949&#8243; outline_custom_hover_background=&#8221;#dd2c2c&#8221; outline_custom_hover_text=&#8221;#ffffff&#8221; shape=&#8221;square&#8221; align=&#8221;left&#8221; i_icon_fontawesome=&#8221;fas fa-file-pdf&#8221; add_icon=&#8221;true&#8221; link=&#8221;url:%2Fwp-content%2Fuploads%2F2014%2F07%2FCertificate-of-Analysis-iron-manganez-Kum-Medya-Deneme1.pdf|&#8221;][vc_btn title=&#8221;DEMIR MANGANEZ KUM DENEME 2&#8243;&hellip;\" \/>\n<meta property=\"og:url\" content=\"https:\/\/dmi65.com\/tr\/teknik\/laboratuvar-testleri\/\" \/>\n<meta property=\"og:site_name\" content=\"DMI-65\u00ae\" \/>\n<meta property=\"article:modified_time\" content=\"2020-06-09T11:43:22+00:00\" \/>\n<meta property=\"og:image\" content=\"https:\/\/dmi65.com\/wp-content\/uploads\/2020\/06\/dmi65_Logo_Blk.png\" \/>\n\t<meta property=\"og:image:width\" content=\"466\" \/>\n\t<meta property=\"og:image:height\" content=\"200\" \/>\n\t<meta property=\"og:image:type\" content=\"image\/png\" \/>\n<meta name=\"twitter:card\" content=\"summary_large_image\" \/>\n<meta name=\"twitter:label1\" content=\"Tahmini okuma s\u00fcresi\" \/>\n\t<meta name=\"twitter:data1\" content=\"1 dakika\" \/>\n<script type=\"application\/ld+json\" class=\"yoast-schema-graph\">{\"@context\":\"https:\/\/schema.org\",\"@graph\":[{\"@type\":\"WebPage\",\"@id\":\"https:\/\/dmi65.com\/tr\/teknik\/laboratuvar-testleri\/\",\"url\":\"https:\/\/dmi65.com\/tr\/teknik\/laboratuvar-testleri\/\",\"name\":\"Laboratuvar Testleri - DMI-65\u00ae\",\"isPartOf\":{\"@id\":\"https:\/\/dmi65.com\/tr\/#website\"},\"datePublished\":\"2020-06-09T11:43:18+00:00\",\"dateModified\":\"2020-06-09T11:43:22+00:00\",\"breadcrumb\":{\"@id\":\"https:\/\/dmi65.com\/tr\/teknik\/laboratuvar-testleri\/#breadcrumb\"},\"inLanguage\":\"tr\",\"potentialAction\":[{\"@type\":\"ReadAction\",\"target\":[\"https:\/\/dmi65.com\/tr\/teknik\/laboratuvar-testleri\/\"]}]},{\"@type\":\"BreadcrumbList\",\"@id\":\"https:\/\/dmi65.com\/tr\/teknik\/laboratuvar-testleri\/#breadcrumb\",\"itemListElement\":[{\"@type\":\"ListItem\",\"position\":1,\"name\":\"Home\",\"item\":\"https:\/\/dmi65.com\/tr\/\"},{\"@type\":\"ListItem\",\"position\":2,\"name\":\"Teknik\",\"item\":\"https:\/\/dmi65.com\/tr\/teknik\/\"},{\"@type\":\"ListItem\",\"position\":3,\"name\":\"Laboratuvar Testleri\"}]},{\"@type\":\"WebSite\",\"@id\":\"https:\/\/dmi65.com\/tr\/#website\",\"url\":\"https:\/\/dmi65.com\/tr\/\",\"name\":\"DMI-65\u00ae\",\"description\":\"Water Filtration &amp; Reverse Osmosis Treatment, Catalytic Media\",\"publisher\":{\"@id\":\"https:\/\/dmi65.com\/tr\/#organization\"},\"potentialAction\":[{\"@type\":\"SearchAction\",\"target\":{\"@type\":\"EntryPoint\",\"urlTemplate\":\"https:\/\/dmi65.com\/tr\/?s={search_term_string}\"},\"query-input\":{\"@type\":\"PropertyValueSpecification\",\"valueRequired\":true,\"valueName\":\"search_term_string\"}}],\"inLanguage\":\"tr\"},{\"@type\":\"Organization\",\"@id\":\"https:\/\/dmi65.com\/tr\/#organization\",\"name\":\"DMI-65 & Quantum Filtration Pty Ltd\",\"url\":\"https:\/\/dmi65.com\/tr\/\",\"logo\":{\"@type\":\"ImageObject\",\"inLanguage\":\"tr\",\"@id\":\"https:\/\/dmi65.com\/tr\/#\/schema\/logo\/image\/\",\"url\":\"https:\/\/dmi65.com\/wp-content\/uploads\/2020\/04\/dmi65.png\",\"contentUrl\":\"https:\/\/dmi65.com\/wp-content\/uploads\/2020\/04\/dmi65.png\",\"width\":440,\"height\":205,\"caption\":\"DMI-65 & Quantum Filtration Pty Ltd\"},\"image\":{\"@id\":\"https:\/\/dmi65.com\/tr\/#\/schema\/logo\/image\/\"},\"sameAs\":[\"https:\/\/www.linkedin.com\/company\/dmi-65\",\"https:\/\/www.youtube.com\/channel\/UCbXoMn5KBp2jrnx4KR_Qg4A\"]}]}<\/script>\n<!-- \/ Yoast SEO plugin. -->","yoast_head_json":{"title":"Laboratuvar Testleri - DMI-65\u00ae","robots":{"index":"noindex","follow":"follow"},"og_locale":"tr_TR","og_type":"article","og_title":"Laboratuvar Testleri - DMI-65\u00ae","og_description":"[vc_row][vc_column][vc_row_inner][vc_column_inner][vc_column_text] ANALIZ SERTIFIKAS\u0131 [\/vc_column_text][vc_btn title=&#8221;BORE WATER DENEMEDE ARSENIK KALDIRILMASI&#8221; style=&#8221;outline-custom&#8221; outline_custom_color=&#8221;#dd4949&#8243; outline_custom_hover_background=&#8221;#dd2c2c&#8221; outline_custom_hover_text=&#8221;#ffffff&#8221; shape=&#8221;square&#8221; align=&#8221;left&#8221; i_icon_fontawesome=&#8221;fas fa-file-pdf&#8221; add_icon=&#8221;true&#8221; link=&#8221;url:%2Fwp-content%2Fuploads%2F2014%2F07%2FQuantum-Filtrasyon-Arsenik-in-Bore-su-Kald%C4%B1rma-Deneme-_1_2.pdf|&#8221;][vc_btn title=&#8221;DELIKLI SU \u00dcZERINDE GENI\u015eLETILMI\u015e SU TESTLERI&#8221; style=&#8221;outline-custom&#8221; outline_custom_color=&#8221;#dd4949&#8243; outline_custom_hover_background=&#8221;#dd2c2c&#8221; outline_custom_hover_text=&#8221;#ffffff&#8221; shape=&#8221;square&#8221; align=&#8221;left&#8221; i_icon_fontawesome=&#8221;fas fa-file-pdf&#8221; add_icon=&#8221;true&#8221; link=&#8221;url:%2Fwp-content%2Fuploads%2F2014%2F07%2FCertificate-of-Analysis-Water-SW-Health-Campus.pdf|&#8221;][vc_btn title=&#8221;DEMIR MANGANEZ KUM DENEME 1&#8243; style=&#8221;outline-custom&#8221; outline_custom_color=&#8221;#dd4949&#8243; outline_custom_hover_background=&#8221;#dd2c2c&#8221; outline_custom_hover_text=&#8221;#ffffff&#8221; shape=&#8221;square&#8221; align=&#8221;left&#8221; i_icon_fontawesome=&#8221;fas fa-file-pdf&#8221; add_icon=&#8221;true&#8221; link=&#8221;url:%2Fwp-content%2Fuploads%2F2014%2F07%2FCertificate-of-Analysis-iron-manganez-Kum-Medya-Deneme1.pdf|&#8221;][vc_btn title=&#8221;DEMIR MANGANEZ KUM DENEME 2&#8243;&hellip;","og_url":"https:\/\/dmi65.com\/tr\/teknik\/laboratuvar-testleri\/","og_site_name":"DMI-65\u00ae","article_modified_time":"2020-06-09T11:43:22+00:00","og_image":[{"width":466,"height":200,"url":"https:\/\/dmi65.com\/wp-content\/uploads\/2020\/06\/dmi65_Logo_Blk.png","type":"image\/png"}],"twitter_card":"summary_large_image","twitter_misc":{"Tahmini okuma s\u00fcresi":"1 dakika"},"schema":{"@context":"https:\/\/schema.org","@graph":[{"@type":"WebPage","@id":"https:\/\/dmi65.com\/tr\/teknik\/laboratuvar-testleri\/","url":"https:\/\/dmi65.com\/tr\/teknik\/laboratuvar-testleri\/","name":"Laboratuvar Testleri - DMI-65\u00ae","isPartOf":{"@id":"https:\/\/dmi65.com\/tr\/#website"},"datePublished":"2020-06-09T11:43:18+00:00","dateModified":"2020-06-09T11:43:22+00:00","breadcrumb":{"@id":"https:\/\/dmi65.com\/tr\/teknik\/laboratuvar-testleri\/#breadcrumb"},"inLanguage":"tr","potentialAction":[{"@type":"ReadAction","target":["https:\/\/dmi65.com\/tr\/teknik\/laboratuvar-testleri\/"]}]},{"@type":"BreadcrumbList","@id":"https:\/\/dmi65.com\/tr\/teknik\/laboratuvar-testleri\/#breadcrumb","itemListElement":[{"@type":"ListItem","position":1,"name":"Home","item":"https:\/\/dmi65.com\/tr\/"},{"@type":"ListItem","position":2,"name":"Teknik","item":"https:\/\/dmi65.com\/tr\/teknik\/"},{"@type":"ListItem","position":3,"name":"Laboratuvar Testleri"}]},{"@type":"WebSite","@id":"https:\/\/dmi65.com\/tr\/#website","url":"https:\/\/dmi65.com\/tr\/","name":"DMI-65\u00ae","description":"Water Filtration &amp; Reverse Osmosis Treatment, Catalytic Media","publisher":{"@id":"https:\/\/dmi65.com\/tr\/#organization"},"potentialAction":[{"@type":"SearchAction","target":{"@type":"EntryPoint","urlTemplate":"https:\/\/dmi65.com\/tr\/?s={search_term_string}"},"query-input":{"@type":"PropertyValueSpecification","valueRequired":true,"valueName":"search_term_string"}}],"inLanguage":"tr"},{"@type":"Organization","@id":"https:\/\/dmi65.com\/tr\/#organization","name":"DMI-65 & Quantum Filtration Pty Ltd","url":"https:\/\/dmi65.com\/tr\/","logo":{"@type":"ImageObject","inLanguage":"tr","@id":"https:\/\/dmi65.com\/tr\/#\/schema\/logo\/image\/","url":"https:\/\/dmi65.com\/wp-content\/uploads\/2020\/04\/dmi65.png","contentUrl":"https:\/\/dmi65.com\/wp-content\/uploads\/2020\/04\/dmi65.png","width":440,"height":205,"caption":"DMI-65 & Quantum Filtration Pty Ltd"},"image":{"@id":"https:\/\/dmi65.com\/tr\/#\/schema\/logo\/image\/"},"sameAs":["https:\/\/www.linkedin.com\/company\/dmi-65","https:\/\/www.youtube.com\/channel\/UCbXoMn5KBp2jrnx4KR_Qg4A"]}]}},"_links":{"self":[{"href":"https:\/\/dmi65.com\/tr\/wp-json\/wp\/v2\/pages\/6240","targetHints":{"allow":["GET"]}}],"collection":[{"href":"https:\/\/dmi65.com\/tr\/wp-json\/wp\/v2\/pages"}],"about":[{"href":"https:\/\/dmi65.com\/tr\/wp-json\/wp\/v2\/types\/page"}],"author":[{"embeddable":true,"href":"https:\/\/dmi65.com\/tr\/wp-json\/wp\/v2\/users\/1"}],"replies":[{"embeddable":true,"href":"https:\/\/dmi65.com\/tr\/wp-json\/wp\/v2\/comments?post=6240"}],"version-history":[{"count":0,"href":"https:\/\/dmi65.com\/tr\/wp-json\/wp\/v2\/pages\/6240\/revisions"}],"up":[{"embeddable":true,"href":"https:\/\/dmi65.com\/tr\/wp-json\/wp\/v2\/pages\/7169"}],"wp:attachment":[{"href":"https:\/\/dmi65.com\/tr\/wp-json\/wp\/v2\/media?parent=6240"}],"curies":[{"name":"wp","href":"https:\/\/api.w.org\/{rel}","templated":true}]}}