{"id":6160,"date":"2020-06-09T19:27:56","date_gmt":"2020-06-09T11:27:56","guid":{"rendered":"http:\/\/dmi65.com\/sertifikasyon-su-kalitesi\/"},"modified":"2020-06-09T19:27:59","modified_gmt":"2020-06-09T11:27:59","slug":"sertifikasyon-su-kalitesi","status":"publish","type":"page","link":"https:\/\/dmi65.com\/tr\/teknik\/sertifikasyon-su-kalitesi\/","title":{"rendered":"Belgelendirme &amp; Su Kalitesi"},"content":{"rendered":"<div class=\"wpb-content-wrapper\"><p>[vc_row][vc_column width=&#8221;2\/3&#8243;][vc_column_text]<\/p>\n<h4>Su Kalitesi Derne\u011fi<\/h4>\n<p><strong>SERTIFIKAL\u0131 I\u00c7ME SUYU SISTEMI BILE\u015eENLERI<\/strong><\/p>\n<p>NSF\/ANSI-61 (03\/05\/2012): \u0130\u00e7me Suyu Sistemi Bile\u015fenleri \u2013 Sa\u011fl\u0131k Etkileri WQA&#8217;n\u0131n ANSI ve SCC onayl\u0131 akreditasyon kapsam\u0131nda \u0130\u00e7me Suyu Sistemi Bile\u015fen Program\u0131 kapsam\u0131nda<\/p>\n<p>Bu Standart, i\u00e7me suyu sistemlerinde kullan\u0131lan \u00fcr\u00fcnlerden, bile\u015fenlerden ve malzemelerden i\u00e7me suyuna dolayl\u0131 olarak verilen kimyasal kirleticiler ve kirler i\u00e7in minimum sa\u011fl\u0131k etkileri gereksinimi belirler. Bu Standart, i\u00e7me suyu sistemleri \u00fcr\u00fcnleri, bile\u015fenleri veya malzemeleri i\u00e7in performans, tat ve koku veya mikrobiyal b\u00fcy\u00fcme deste\u011fi gereksinimleri olu\u015fturmaz.<\/p>\n<p>NSF\/ANSI 61 sertifikal\u0131 \u0130\u00e7me Suyu Ar\u0131tma \u00dcr\u00fcnleri, kirletici azaltma performans\u0131 a\u00e7\u0131s\u0131ndan test edilmemi\u015f veya de\u011ferlendirilmemi\u015ftir. Kirletici azaltma testi ve belgelendirme talepleri, end\u00fcstrinin konut i\u00e7me suyu ar\u0131tma standartlar\u0131 \u00fczerinden de\u011ferlendirilecektir.<\/p>\n<p><strong>\u0130ngiltere ve Galler<\/strong><\/p>\n<p><em>Su Temini (Su Kalitesi) Y\u00f6netmeli\u011fi&#8217;nin 31(4)(a) y\u00f6netmeli\u011fi 2010 Sl No.994 (W.99)<\/em>[\/vc_column_text][\/vc_column][vc_column width=&#8221;1\/3&#8243;][vc_single_image image=&#8221;4791&#8243; img_size=&#8221;full&#8221;][vc_single_image image=&#8221;5126&#8243; img_size=&#8221;full&#8221; onclick=&#8221;link_image&#8221;][\/vc_column][\/vc_row]<\/p>\n<\/div>","protected":false},"excerpt":{"rendered":"<p>[vc_row][vc_column width=&#8221;2\/3&#8243;][vc_column_text] Su Kalitesi Derne\u011fi SERTIFIKAL\u0131 I\u00c7ME SUYU SISTEMI BILE\u015eENLERI NSF\/ANSI-61 (03\/05\/2012): \u0130\u00e7me Suyu Sistemi Bile\u015fenleri \u2013 Sa\u011fl\u0131k Etkileri WQA&#8217;n\u0131n ANSI ve SCC onayl\u0131 akreditasyon kapsam\u0131nda \u0130\u00e7me Suyu Sistemi Bile\u015fen Program\u0131 kapsam\u0131nda Bu Standart, i\u00e7me suyu sistemlerinde kullan\u0131lan \u00fcr\u00fcnlerden, bile\u015fenlerden ve malzemelerden i\u00e7me suyuna dolayl\u0131 olarak verilen kimyasal kirleticiler ve kirler i\u00e7in minimum sa\u011fl\u0131k etkileri&hellip;<\/p>\n","protected":false},"author":1,"featured_media":0,"parent":7169,"menu_order":0,"comment_status":"closed","ping_status":"closed","template":"","meta":{"content-type":"","footnotes":""},"class_list":["post-6160","page","type-page","status-publish","hentry","description-off"],"yoast_head":"<!-- This site is optimized with the Yoast SEO plugin v25.2 - https:\/\/yoast.com\/wordpress\/plugins\/seo\/ -->\n<title>Belgelendirme &amp; Su Kalitesi - DMI-65\u00ae<\/title>\n<meta name=\"robots\" content=\"index, follow, max-snippet:-1, max-image-preview:large, max-video-preview:-1\" \/>\n<link rel=\"canonical\" href=\"https:\/\/dmi65.com\/tr\/teknik\/sertifikasyon-su-kalitesi\/\" \/>\n<meta property=\"og:locale\" content=\"tr_TR\" \/>\n<meta property=\"og:type\" content=\"article\" \/>\n<meta property=\"og:title\" content=\"Belgelendirme &amp; Su Kalitesi - DMI-65\u00ae\" \/>\n<meta property=\"og:description\" content=\"[vc_row][vc_column width=&#8221;2\/3&#8243;][vc_column_text] Su Kalitesi Derne\u011fi SERTIFIKAL\u0131 I\u00c7ME SUYU SISTEMI BILE\u015eENLERI NSF\/ANSI-61 (03\/05\/2012): \u0130\u00e7me Suyu Sistemi Bile\u015fenleri \u2013 Sa\u011fl\u0131k Etkileri WQA&#8217;n\u0131n ANSI ve SCC onayl\u0131 akreditasyon kapsam\u0131nda \u0130\u00e7me Suyu Sistemi Bile\u015fen Program\u0131 kapsam\u0131nda Bu Standart, i\u00e7me suyu sistemlerinde kullan\u0131lan \u00fcr\u00fcnlerden, bile\u015fenlerden ve malzemelerden i\u00e7me suyuna dolayl\u0131 olarak verilen kimyasal kirleticiler ve kirler i\u00e7in minimum sa\u011fl\u0131k etkileri&hellip;\" \/>\n<meta property=\"og:url\" content=\"https:\/\/dmi65.com\/tr\/teknik\/sertifikasyon-su-kalitesi\/\" \/>\n<meta property=\"og:site_name\" content=\"DMI-65\u00ae\" \/>\n<meta property=\"article:modified_time\" content=\"2020-06-09T11:27:59+00:00\" \/>\n<meta property=\"og:image\" content=\"https:\/\/dmi65.com\/wp-content\/uploads\/2020\/06\/dmi65_Logo_Blk.png\" \/>\n\t<meta property=\"og:image:width\" content=\"466\" \/>\n\t<meta property=\"og:image:height\" content=\"200\" \/>\n\t<meta property=\"og:image:type\" content=\"image\/png\" \/>\n<meta name=\"twitter:card\" content=\"summary_large_image\" \/>\n<meta name=\"twitter:label1\" content=\"Tahmini okuma s\u00fcresi\" \/>\n\t<meta name=\"twitter:data1\" content=\"1 dakika\" \/>\n<script type=\"application\/ld+json\" class=\"yoast-schema-graph\">{\"@context\":\"https:\/\/schema.org\",\"@graph\":[{\"@type\":\"WebPage\",\"@id\":\"https:\/\/dmi65.com\/tr\/teknik\/sertifikasyon-su-kalitesi\/\",\"url\":\"https:\/\/dmi65.com\/tr\/teknik\/sertifikasyon-su-kalitesi\/\",\"name\":\"Belgelendirme &amp; Su Kalitesi - DMI-65\u00ae\",\"isPartOf\":{\"@id\":\"https:\/\/dmi65.com\/tr\/#website\"},\"datePublished\":\"2020-06-09T11:27:56+00:00\",\"dateModified\":\"2020-06-09T11:27:59+00:00\",\"breadcrumb\":{\"@id\":\"https:\/\/dmi65.com\/tr\/teknik\/sertifikasyon-su-kalitesi\/#breadcrumb\"},\"inLanguage\":\"tr\",\"potentialAction\":[{\"@type\":\"ReadAction\",\"target\":[\"https:\/\/dmi65.com\/tr\/teknik\/sertifikasyon-su-kalitesi\/\"]}]},{\"@type\":\"BreadcrumbList\",\"@id\":\"https:\/\/dmi65.com\/tr\/teknik\/sertifikasyon-su-kalitesi\/#breadcrumb\",\"itemListElement\":[{\"@type\":\"ListItem\",\"position\":1,\"name\":\"Home\",\"item\":\"https:\/\/dmi65.com\/tr\/\"},{\"@type\":\"ListItem\",\"position\":2,\"name\":\"Teknik\",\"item\":\"https:\/\/dmi65.com\/tr\/teknik\/\"},{\"@type\":\"ListItem\",\"position\":3,\"name\":\"Belgelendirme &amp; Su Kalitesi\"}]},{\"@type\":\"WebSite\",\"@id\":\"https:\/\/dmi65.com\/tr\/#website\",\"url\":\"https:\/\/dmi65.com\/tr\/\",\"name\":\"DMI-65\u00ae\",\"description\":\"Water Filtration &amp; Reverse Osmosis Treatment, Catalytic Media\",\"publisher\":{\"@id\":\"https:\/\/dmi65.com\/tr\/#organization\"},\"potentialAction\":[{\"@type\":\"SearchAction\",\"target\":{\"@type\":\"EntryPoint\",\"urlTemplate\":\"https:\/\/dmi65.com\/tr\/?s={search_term_string}\"},\"query-input\":{\"@type\":\"PropertyValueSpecification\",\"valueRequired\":true,\"valueName\":\"search_term_string\"}}],\"inLanguage\":\"tr\"},{\"@type\":\"Organization\",\"@id\":\"https:\/\/dmi65.com\/tr\/#organization\",\"name\":\"DMI-65 & Quantum Filtration Pty Ltd\",\"url\":\"https:\/\/dmi65.com\/tr\/\",\"logo\":{\"@type\":\"ImageObject\",\"inLanguage\":\"tr\",\"@id\":\"https:\/\/dmi65.com\/tr\/#\/schema\/logo\/image\/\",\"url\":\"https:\/\/dmi65.com\/wp-content\/uploads\/2020\/04\/dmi65.png\",\"contentUrl\":\"https:\/\/dmi65.com\/wp-content\/uploads\/2020\/04\/dmi65.png\",\"width\":440,\"height\":205,\"caption\":\"DMI-65 & Quantum Filtration Pty Ltd\"},\"image\":{\"@id\":\"https:\/\/dmi65.com\/tr\/#\/schema\/logo\/image\/\"},\"sameAs\":[\"https:\/\/www.linkedin.com\/company\/dmi-65\",\"https:\/\/www.youtube.com\/channel\/UCbXoMn5KBp2jrnx4KR_Qg4A\"]}]}<\/script>\n<!-- \/ Yoast SEO plugin. -->","yoast_head_json":{"title":"Belgelendirme &amp; Su Kalitesi - DMI-65\u00ae","robots":{"index":"index","follow":"follow","max-snippet":"max-snippet:-1","max-image-preview":"max-image-preview:large","max-video-preview":"max-video-preview:-1"},"canonical":"https:\/\/dmi65.com\/tr\/teknik\/sertifikasyon-su-kalitesi\/","og_locale":"tr_TR","og_type":"article","og_title":"Belgelendirme &amp; Su Kalitesi - DMI-65\u00ae","og_description":"[vc_row][vc_column width=&#8221;2\/3&#8243;][vc_column_text] Su Kalitesi Derne\u011fi SERTIFIKAL\u0131 I\u00c7ME SUYU SISTEMI BILE\u015eENLERI NSF\/ANSI-61 (03\/05\/2012): \u0130\u00e7me Suyu Sistemi Bile\u015fenleri \u2013 Sa\u011fl\u0131k Etkileri WQA&#8217;n\u0131n ANSI ve SCC onayl\u0131 akreditasyon kapsam\u0131nda \u0130\u00e7me Suyu Sistemi Bile\u015fen Program\u0131 kapsam\u0131nda Bu Standart, i\u00e7me suyu sistemlerinde kullan\u0131lan \u00fcr\u00fcnlerden, bile\u015fenlerden ve malzemelerden i\u00e7me suyuna dolayl\u0131 olarak verilen kimyasal kirleticiler ve kirler i\u00e7in minimum sa\u011fl\u0131k etkileri&hellip;","og_url":"https:\/\/dmi65.com\/tr\/teknik\/sertifikasyon-su-kalitesi\/","og_site_name":"DMI-65\u00ae","article_modified_time":"2020-06-09T11:27:59+00:00","og_image":[{"width":466,"height":200,"url":"https:\/\/dmi65.com\/wp-content\/uploads\/2020\/06\/dmi65_Logo_Blk.png","type":"image\/png"}],"twitter_card":"summary_large_image","twitter_misc":{"Tahmini okuma s\u00fcresi":"1 dakika"},"schema":{"@context":"https:\/\/schema.org","@graph":[{"@type":"WebPage","@id":"https:\/\/dmi65.com\/tr\/teknik\/sertifikasyon-su-kalitesi\/","url":"https:\/\/dmi65.com\/tr\/teknik\/sertifikasyon-su-kalitesi\/","name":"Belgelendirme &amp; Su Kalitesi - DMI-65\u00ae","isPartOf":{"@id":"https:\/\/dmi65.com\/tr\/#website"},"datePublished":"2020-06-09T11:27:56+00:00","dateModified":"2020-06-09T11:27:59+00:00","breadcrumb":{"@id":"https:\/\/dmi65.com\/tr\/teknik\/sertifikasyon-su-kalitesi\/#breadcrumb"},"inLanguage":"tr","potentialAction":[{"@type":"ReadAction","target":["https:\/\/dmi65.com\/tr\/teknik\/sertifikasyon-su-kalitesi\/"]}]},{"@type":"BreadcrumbList","@id":"https:\/\/dmi65.com\/tr\/teknik\/sertifikasyon-su-kalitesi\/#breadcrumb","itemListElement":[{"@type":"ListItem","position":1,"name":"Home","item":"https:\/\/dmi65.com\/tr\/"},{"@type":"ListItem","position":2,"name":"Teknik","item":"https:\/\/dmi65.com\/tr\/teknik\/"},{"@type":"ListItem","position":3,"name":"Belgelendirme &amp; Su Kalitesi"}]},{"@type":"WebSite","@id":"https:\/\/dmi65.com\/tr\/#website","url":"https:\/\/dmi65.com\/tr\/","name":"DMI-65\u00ae","description":"Water Filtration &amp; Reverse Osmosis Treatment, Catalytic Media","publisher":{"@id":"https:\/\/dmi65.com\/tr\/#organization"},"potentialAction":[{"@type":"SearchAction","target":{"@type":"EntryPoint","urlTemplate":"https:\/\/dmi65.com\/tr\/?s={search_term_string}"},"query-input":{"@type":"PropertyValueSpecification","valueRequired":true,"valueName":"search_term_string"}}],"inLanguage":"tr"},{"@type":"Organization","@id":"https:\/\/dmi65.com\/tr\/#organization","name":"DMI-65 & Quantum Filtration Pty Ltd","url":"https:\/\/dmi65.com\/tr\/","logo":{"@type":"ImageObject","inLanguage":"tr","@id":"https:\/\/dmi65.com\/tr\/#\/schema\/logo\/image\/","url":"https:\/\/dmi65.com\/wp-content\/uploads\/2020\/04\/dmi65.png","contentUrl":"https:\/\/dmi65.com\/wp-content\/uploads\/2020\/04\/dmi65.png","width":440,"height":205,"caption":"DMI-65 & Quantum Filtration Pty Ltd"},"image":{"@id":"https:\/\/dmi65.com\/tr\/#\/schema\/logo\/image\/"},"sameAs":["https:\/\/www.linkedin.com\/company\/dmi-65","https:\/\/www.youtube.com\/channel\/UCbXoMn5KBp2jrnx4KR_Qg4A"]}]}},"_links":{"self":[{"href":"https:\/\/dmi65.com\/tr\/wp-json\/wp\/v2\/pages\/6160","targetHints":{"allow":["GET"]}}],"collection":[{"href":"https:\/\/dmi65.com\/tr\/wp-json\/wp\/v2\/pages"}],"about":[{"href":"https:\/\/dmi65.com\/tr\/wp-json\/wp\/v2\/types\/page"}],"author":[{"embeddable":true,"href":"https:\/\/dmi65.com\/tr\/wp-json\/wp\/v2\/users\/1"}],"replies":[{"embeddable":true,"href":"https:\/\/dmi65.com\/tr\/wp-json\/wp\/v2\/comments?post=6160"}],"version-history":[{"count":0,"href":"https:\/\/dmi65.com\/tr\/wp-json\/wp\/v2\/pages\/6160\/revisions"}],"up":[{"embeddable":true,"href":"https:\/\/dmi65.com\/tr\/wp-json\/wp\/v2\/pages\/7169"}],"wp:attachment":[{"href":"https:\/\/dmi65.com\/tr\/wp-json\/wp\/v2\/media?parent=6160"}],"curies":[{"name":"wp","href":"https:\/\/api.w.org\/{rel}","templated":true}]}}