{"id":5904,"date":"2020-06-09T11:32:03","date_gmt":"2020-06-09T03:32:03","guid":{"rendered":"http:\/\/dmi65.com\/cevre-dewatering\/"},"modified":"2020-06-26T11:16:11","modified_gmt":"2020-06-26T03:16:11","slug":"cevre-dewatering","status":"publish","type":"page","link":"https:\/\/dmi65.com\/tr\/cozumleri\/cevre-dewatering\/","title":{"rendered":"Susuzlama Sistemleri"},"content":{"rendered":"<div class=\"wpb-content-wrapper\"><p>[vc_row][vc_column][vc_column_text css=&#8221;.vc_custom_1592380872429{margin-top: 15px !important;margin-bottom: 15px !important;}&#8221;]\u00c7evre Desuling Sistemleri: <a href=\"https:\/\/en.wikipedia.org\/wiki\/Dewatering\" target=\"_blank\" rel=\"noopener noreferrer\"><em>Sulama,<\/em><\/a> hafriyat kaz\u0131lar\u0131nda veya mevcut su tablas\u0131n\u0131n alt\u0131ndaki veya alt\u0131ndaki yap\u0131larda biriken bir alandan suyun uzakla\u015ft\u0131r\u0131lmas\u0131 i\u015flemi ile tan\u0131mlan\u0131r. Susuzluk faaliyetleri kal\u0131c\u0131 veya ge\u00e7icidir. Mevcut su ge\u00e7irmez liklerin alt\u0131nda veya alt\u0131nda yap\u0131 bulunan yerlerden kal\u0131c\u0131 de\u015farjlar meydana gelir, \u00f6rne\u011fin maden \u00e7ukurlar\u0131, binalar\u0131n alt\u0131ndaki yeralt\u0131 otoparklar\u0131. Hafriyat kaz\u0131lar\u0131na giren suyu olan yerlerden ge\u00e7ici de\u015farjlar meydana gelir. Ge\u00e7ici bir de\u015farj genellikle in\u015faat a\u015famas\u0131 boyunca olu\u015fur.[\/vc_column_text][\/vc_column][\/vc_row][vc_row][vc_column]<div class=\"uavc-list-icon uavc-list-icon-wrapper ult-adjust-bottom-margin   vc_custom_1590987405882  vc_custom_1590987405882\"><ul class=\"uavc-list\"><li><div class=\"uavc-list-content\" id=\"list-icon-wrap-4270\">\n<div class=\"uavc-list-icon  \" data-animation=\"\" data-animation-delay=\"03\" style=\"margin-right:20px;\"><div class=\"ult-just-icon-wrapper  \"><div class=\"align-icon\" style=\"text-align:center;\">\n<div class=\"aio-icon none \"  style=\"color:#81d742;font-size:20px;display:inline-block;\">\n\t<i class=\"fas fa-check\"><\/i>\n<\/div><\/div><\/div>\n<\/div><span  data-ultimate-target='#list-icon-wrap-4270 .uavc-list-desc'  data-responsive-json-new='{\"font-size\":\"\",\"line-height\":\"\"}'  class=\"uavc-list-desc ult-responsive\" style=\"\"><strong>Kapal\u0131 kalma s\u00fcresini azalt\u0131n<\/strong><\/p>\n<p><\/span><\/div><\/li><li><div class=\"uavc-list-content\" id=\"list-icon-wrap-9257\">\n<div class=\"uavc-list-icon  \" data-animation=\"\" data-animation-delay=\"03\" style=\"margin-right:20px;\"><div class=\"ult-just-icon-wrapper  \"><div class=\"align-icon\" style=\"text-align:center;\">\n<div class=\"aio-icon none \"  style=\"color:#81d742;font-size:20px;display:inline-block;\">\n\t<i class=\"fas fa-check\"><\/i>\n<\/div><\/div><\/div>\n<\/div><span  data-ultimate-target='#list-icon-wrap-9257 .uavc-list-desc'  data-responsive-json-new='{\"font-size\":\"\",\"line-height\":\"\"}'  class=\"uavc-list-desc ult-responsive\" style=\"\"><strong>Pahal\u0131 membran temizli\u011fi ve de\u011fi\u015ftirilmesine kar\u015f\u0131 tasarruf edin<\/strong><\/p>\n<p><\/span><\/div><\/li><li><div class=\"uavc-list-content\" id=\"list-icon-wrap-9501\">\n<div class=\"uavc-list-icon  \" data-animation=\"\" data-animation-delay=\"03\" style=\"margin-right:20px;\"><div class=\"ult-just-icon-wrapper  \"><div class=\"align-icon\" style=\"text-align:center;\">\n<div class=\"aio-icon none \"  style=\"color:#81d742;font-size:20px;display:inline-block;\">\n\t<i class=\"fas fa-check\"><\/i>\n<\/div><\/div><\/div>\n<\/div><span  data-ultimate-target='#list-icon-wrap-9501 .uavc-list-desc'  data-responsive-json-new='{\"font-size\":\"\",\"line-height\":\"\"}'  class=\"uavc-list-desc ult-responsive\" style=\"\"><strong>Ba\u015flang\u0131\u00e7 sistemi sermayesi yat\u0131r\u0131mlar\u0131n\u0131 azaltarak sistem performans\u0131n\u0131 \u00f6nemli \u00f6l\u00e7\u00fcde art\u0131rmak<\/strong><\/p>\n<p><\/span><\/div><\/li><li><div class=\"uavc-list-content\" id=\"list-icon-wrap-2393\">\n<div class=\"uavc-list-icon  \" data-animation=\"\" data-animation-delay=\"03\" style=\"margin-right:20px;\"><div class=\"ult-just-icon-wrapper  \"><div class=\"align-icon\" style=\"text-align:center;\">\n<div class=\"aio-icon none \"  style=\"color:#81d742;font-size:20px;display:inline-block;\">\n\t<i class=\"fas fa-check\"><\/i>\n<\/div><\/div><\/div>\n<\/div><span  data-ultimate-target='#list-icon-wrap-2393 .uavc-list-desc'  data-responsive-json-new='{\"font-size\":\"\",\"line-height\":\"\"}'  class=\"uavc-list-desc ult-responsive\" style=\"\"><strong>Y\u00fcksek Dezenfeksiyon oran\u0131 elde<\/strong><\/p>\n<p><\/span><\/div><\/li><li><div class=\"uavc-list-content\" id=\"list-icon-wrap-3786\">\n<div class=\"uavc-list-icon  \" data-animation=\"\" data-animation-delay=\"03\" style=\"margin-right:20px;\"><div class=\"ult-just-icon-wrapper  \"><div class=\"align-icon\" style=\"text-align:center;\">\n<div class=\"aio-icon none \"  style=\"color:#81d742;font-size:20px;display:inline-block;\">\n\t<i class=\"fas fa-check\"><\/i>\n<\/div><\/div><\/div>\n<\/div><span  data-ultimate-target='#list-icon-wrap-3786 .uavc-list-desc'  data-responsive-json-new='{\"font-size\":\"\",\"line-height\":\"\"}'  class=\"uavc-list-desc ult-responsive\" style=\"\"><strong>Kimyasallar\u0131n leaching yok<\/strong><\/span><\/div><\/li><li><div class=\"uavc-list-content\" id=\"list-icon-wrap-2383\">\n<div class=\"uavc-list-icon  \" data-animation=\"\" data-animation-delay=\"03\" style=\"margin-right:20px;\"><div class=\"ult-just-icon-wrapper  \"><div class=\"align-icon\" style=\"text-align:center;\">\n<div class=\"aio-icon none \"  style=\"color:#81d742;font-size:20px;display:inline-block;\">\n\t<i class=\"fas fa-check\"><\/i>\n<\/div><\/div><\/div>\n<\/div><span  data-ultimate-target='#list-icon-wrap-2383 .uavc-list-desc'  data-responsive-json-new='{\"font-size\":\"\",\"line-height\":\"\"}'  class=\"uavc-list-desc ult-responsive\" style=\"\"><strong>\u00d6nemli t\u00fcm ya\u015fam maliyeti tasarrufu<\/strong><\/p>\n<p><\/span><\/div><\/li><\/ul><\/div>[vc_column_text]Mevcut yeralt\u0131 suyu seviyesinin alt\u0131ndaki kaz\u0131lar, hassas hal\u00fcri ve tatl\u0131 su al\u0131c\u0131 ortamlar \u00fczerinde \u00f6nemli sedimantasyon, huzur sorunlar\u0131 ve di\u011fer su kalitesi etkileri yaratma potansiyeline sahiptir. Sorun, do\u011fal y\u00fczey seviyelerinin 5mAHD&#8217;nin alt\u0131nda oldu\u011fu k\u0131y\u0131 b\u00f6lgelerinde bulunan <a href=\"https:\/\/en.wikipedia.org\/wiki\/Dewatering\" target=\"_blank\" rel=\"noopener noreferrer\">Susuzluk<\/a> operasyonlar\u0131ndan kaynaklanmaktad\u0131r. Bu alanlarda Ger\u00e7ek veya Potansiyel Asit S\u00fclfat Topraklar i\u00e7ermesi muhtemeldir. Bu bodrum lar\u0131n in\u015fas\u0131 i\u00e7in gerekli olan susuzla\u015ft\u0131rma, genellikle d\u00fc\u015f\u00fck pH (asidik) yeralt\u0131 sular\u0131n\u0131n \u00e7\u0131kar\u0131lmas\u0131yla (yeralt\u0131 suyu m\u0131zraklar\u0131 kullan\u0131m\u0131 yoluyla) sonu\u00e7lan\u0131r.<\/p>\n<p>Bir\u00e7ok metalin \u00e7\u00f6z\u00fcn\u00fcrl\u00fc\u011f\u00fc pH duyarl\u0131d\u0131r ve \u00f6zellikle demir ve manganezin \u00e7\u00f6z\u00fcn\u00fcrl\u00fc\u011f\u00fc d\u00fc\u015f\u00fck pH&#8217;da \u00f6nemli \u00f6l\u00e7\u00fcde artar. Bu \u00f6zelli\u011fi nedeniyle, asidik yeralt\u0131 suyu genellikle \u00e7\u00f6z\u00fcnm\u00fc\u015f (\u00e7\u00f6z\u00fcn\u00fcr) durumda iken neredeyse renksiz \u00e7\u00f6z\u00fcn\u00fcr metaller, y\u00fcksek konsantrasyonlarda i\u00e7erir. D\u00fc\u015f\u00fck pH&#8217;da \u00e7\u00f6z\u00fcn\u00fcr bir formda bulunurken, bu metaller de sucul ya\u015fam\u0131n bir\u00e7ok formlar\u0131 i\u00e7in son derece zehirlidir.<\/p>\n<p>\u00c7\u0131kar\u0131lan asidik yeralt\u0131 suyu hali\u00e7 veya deniz alan sulara tedavi edilmeden de\u015farj edilirse, sucul ya\u015fam\u0131n do\u011frudan mortalite veya yaralanma, hali\u00e7lerin pH tamponlama kapasitesinin azalmas\u0131, altyap\u0131hasar\u0131 ve g\u00f6rsel t\u00fcylerden kaynaklanan g\u00f6rme huzuru kayb\u0131 ve boyama gibi bir dizi olas\u0131 etki meydana gelmesi olas\u0131d\u0131r.<\/p>\n<p>Susuzlama projesinin \u00e7evresinde ba\u015fkalar\u0131 taraf\u0131ndan kullan\u0131lan yerel bitki \u00f6rt\u00fcs\u00fc, kaynaklar, sulak alanlar ve yeralt\u0131 suyu delikleri \u00fczerindeki etkisinin de\u011ferlendirilmesi yap\u0131lmal\u0131d\u0131r. De\u011ferlendirme, su tablas\u0131nda veya yeralt\u0131 sular\u0131n\u0131n kalitesinde potansiyel bir azalmaya i\u015faret etti\u011fi durumlarda, operat\u00f6r ya bu tehdidin \u00fcstesinden gelmek i\u00e7in sulama sistemini tasarlamal\u0131 ya da etkilenen taraflara kabul edilebilir bir alternatif su kayna\u011f\u0131 sa\u011flamal\u0131d\u0131r.<\/p>\n<p>Susuzlama faaliyetlerinden kaynaklanan koku sorunlar\u0131, siteyi \u00e7evreleyen sakinleri olumsuz etkileyebilir. Yeralt\u0131 suyu kirlenmi\u015fse, susuzla\u015fma i\u015flemi s\u0131ras\u0131nda hidrojen s\u00fclf\u00fcr ve hidrokarbon gibi gazlar serbest b\u0131rak\u0131labilir. Bu gazlar serbest b\u0131rak\u0131ld\u0131\u011f\u0131nda yak\u0131ndaki sakinleri i\u00e7in sald\u0131rgan olabilir ciddi kokulara neden olabilir.<\/p>\n<p>DMI-65 <a href=\"http:\/\/dmi65.com\/tr\/teknik\/ileri-oksidasyon-proses-su-filtrasyon-icin\/\">geli\u015fmi\u015f oksidasyon s\u00fcreci<\/a>ile potasyum permanganat kullanmadan Demir ve Manganez kald\u0131r\u0131lmas\u0131 i\u00e7in tasarlanm\u0131\u015f son derece g\u00fc\u00e7l\u00fc bir silika kum tabanl\u0131 katalitik eylem su filtrasyon medya .<\/p>\n<p>DMI-65, su ak\u0131\u015f\u0131na herhangi bir kimyasal leaching olas\u0131l\u0131\u011f\u0131n\u0131 ortadan kald\u0131ran di\u011fer katalitik su filtrasyon ortamlar\u0131n\u0131n aksine, sadece bir y\u00fczey kaplama teknolojisi de\u011fil, sadece bir y\u00fczey kaplama teknolojisidir.<\/p>\n<p>\u00c7\u00f6zeltidmi-65 demir (ve manganez) oksidasyon s\u00fcreci ba\u015flatmak i\u00e7in klor veya di\u011fer oksidan varl\u0131\u011f\u0131nda \u00e7al\u0131\u015fmak i\u00e7in tasarlanm\u0131\u015ft\u0131r. Bu s\u00fcre\u00e7te oksidan elektronlar\u0131 temizler ve bu i\u015flemde t\u00fcketilir. Operat\u00f6r, at\u0131k suda 0,1 &#8211; 0,3 ppm serbest klor art\u0131klar\u0131 oldu\u011fundan emin olmak gerekir. Sodyum hipoklorit veya \u00e7ama\u015f\u0131r suyu (12.5 NaOCl) olarak beslenen klor, nispeten ucuz oldu\u011fu i\u00e7in tercih edilen oksidand\u0131r, d\u00fcnya \u00e7ap\u0131nda kolayca kullan\u0131labilir ve etkilidir. Ayr\u0131ca herhangi bir dezenfektan s\u00fcrecinin b\u00fcy\u00fck \u00e7o\u011funlu\u011funu ger\u00e7ekle\u015ftirir.<\/p>\n<h4>\u00c7evre Susuzluktan Ar\u0131nd\u0131rmada DMI-65 kullanman\u0131n avantajlar\u0131<\/h4>\n<p><strong>Mevzuata Uygunluk. <\/strong>DMI-65, \u00e7\u00f6z\u00fcnm\u00fc\u015f demiri neredeyse tespit edilemeyen seviyelere 0,001 PPM ve manganez den 0,001 PPM&#8217;ye kadar \u00e7\u0131kar\u0131r ve bu da suyun hemen hemen t\u00fcm b\u00f6lgelerde \u00e7evreye bo\u015faltMas\u0131n\u0131 sa\u011flar.<\/p>\n<p><strong>Azalt\u0131lm\u0131\u015f Maliyetler <\/strong>Demir ve manganez kald\u0131rma su filtrasyon sisteminin toplam maliyeti \u00f6nemli \u00f6l\u00e7\u00fcde alternatif \u00e7\u00f6z\u00fcmler daha az, etkinli\u011fi, ancak g\u00f6receli basitlik, DMI-65 tabanl\u0131 sistemlerin yan\u0131 s\u0131ra kimyasallar, g\u00fc\u00e7 ve geri y\u0131kama at\u0131k su kurtarma devam eden operasyonel harcama bitki karma\u015f\u0131kl\u0131\u011f\u0131 \u00fczerinde \u00f6n sermaye harcamas\u0131n\u0131 azalt\u0131r.<\/p>\n<p><strong>Y\u00fcksek Ak\u0131\u015f H\u0131zlar\u0131<\/strong>. DMI-65 inf\u00fczyon teknolojisi <em>herhangi bir katalitik filtrasyon ortam\u0131n\u0131n en y\u00fcksek oksidasyon oran\u0131n\u0131 te\u015fvik eder.<\/em> Bu demir ve manganez kald\u0131rma ayn\u0131 d\u00fczeyde elde etmek i\u00e7in \u00f6nemli \u00f6l\u00e7\u00fcde daha y\u00fcksek su ak\u0131\u015f h\u0131z\u0131 sa\u011flar. DMI-65, sermaye ekipman maliyetlerinde kar\u015f\u0131l\u0131k gelen bir azalma ile konvansiyonel medyan\u0131n iki kat\u0131na kadar do\u011frusal filtrasyon h\u0131zlar\u0131nda \u00e7al\u0131\u015fabilir.<\/p>\n<p><strong>Y\u00fcksek Y\u00fck Kapasitesi<\/strong> Matris malzemesinin mikro g\u00f6zenekli yap\u0131s\u0131 nedeniyle artan y\u00fczey alan\u0131 nedeniyle, DMI-65 ayn\u0131 zamanda filtre \u00e7al\u0131\u015f\u0131r s\u00fcresini ve geri y\u0131kama aras\u0131ndaki s\u00fcreyi uzatabilen ve b\u00f6ylece kesinti, i\u015fletme gideri ve israf\u0131 azaltabilen daha y\u00fcksek demir ve manganez y\u00fck kapasitesine sahiptir.<\/p>\n<p><strong>Rejenerasyon Gerekli De\u011fil<\/strong><strong>. <\/strong>Ortam, potasyum permanganat ihtiyac\u0131n\u0131 ortadan kald\u0131ran d\u00fc\u015f\u00fck kal\u0131nt\u0131 seviyelerde (0,1 ila 0,3 ppm) s\u00fcrekli sodyum hipoklorit enjeksiyonu ile \u00e7al\u0131\u015f\u0131r.<\/p>\n<p><strong>Geni\u015f \u00c7al\u0131\u015fma Ortam\u0131<\/strong><strong>. <\/strong>pH 5,8 ila 8,6&#8217;da istikrarl\u0131 ve tatmin edici performans ve maksimum \u00e7al\u0131\u015fma s\u0131cakl\u0131\u011f\u0131 113\u00b0 F (45\u00b0C) \u00e7al\u0131\u015fma ortam\u0131n\u0131 de\u011fi\u015ftirmek i\u00e7in yat\u0131r\u0131m ihtiyac\u0131n\u0131 azalt\u0131r.<\/p>\n<p><strong>Uzun \u00f6m\u00fcr. <\/strong>DMI-65, 10 y\u0131la kadar beklenen bir \u00e7al\u0131\u015fma \u00f6mr\u00fc vererek, di\u011fer s\u00fcre\u00e7lere veya ortamlara g\u00f6re \u00f6nemli avantajlar sa\u011flayan s\u00fcre\u00e7te t\u00fcketilmemektedir. Medya katalitik i\u015fini yapmak i\u00e7in \u00e7\u00fcr\u00fcyen bir kapasite g\u00f6stermez. 5 ila 10 y\u0131ll\u0131k s\u00fcre i\u00e7inde, yata\u011f\u0131n bir\u00e7ok geri y\u0131kama i\u015flemleri ile muhafaza kat\u0131 kald\u0131rmak i\u00e7in, ortam bir y\u0131pranma kayb\u0131 par\u00e7ac\u0131klar ve mekanik a\u015f\u0131nma aras\u0131nda temas olu\u015fur[\/vc_column_text][\/vc_column][\/vc_row][vc_row][vc_column]<div class=\"dt-fancy-separator title-left\" style=\"width: 100%;\"><div class=\"dt-fancy-title\"><span class=\"separator-holder separator-left\"><\/span>\u00d6rnek Olay \u0130ncelemesi: \u00c7evresel Susuzlama<span class=\"separator-holder separator-right\"><\/span><\/div><\/div>[\/vc_column][\/vc_row][vc_row][vc_column][vc_masonry_grid post_type=&#8221;post&#8221; max_items=&#8221;4&#8243; element_width=&#8221;6&#8243; grid_id=&#8221;vc_gid:1592797707753-1da1fd6c-51c1-4&#8243; taxonomies=&#8221;1061&#8243; css=&#8221;.vc_custom_1592706876269{margin-top: 15px !important;}&#8221;][\/vc_column][\/vc_row][vc_row content_placement=&#8221;middle&#8221; css=&#8221;.vc_custom_1592794121420{padding-top: 20px !important;padding-right: 20px !important;padding-bottom: 5px !important;padding-left: 20px !important;}&#8221; el_class=&#8221;cta&#8221;][vc_column]<div class=\"dt-fancy-separator\" style=\"width: 100%;\"><div class=\"dt-fancy-title\"><span class=\"separator-holder separator-left\"><\/span>DMI-65\u00ae filtrasyon ortam\u0131n\u0131n \u00e7evresel susuzluk ihtiya\u00e7lar\u0131n\u0131za nas\u0131l yard\u0131mc\u0131 olabilece\u011fini \u00f6\u011frenmek i\u00e7in sorun.<span class=\"separator-holder separator-right\"><\/span><\/div><\/div>[vc_btn title=&#8221;Sormak&#8221; style=&#8221;custom&#8221; custom_background=&#8221;#162441&#8243; custom_text=&#8221;#ffffff&#8221; shape=&#8221;square&#8221; size=&#8221;lg&#8221; align=&#8221;center&#8221; i_align=&#8221;right&#8221; i_icon_fontawesome=&#8221;fas fa-chevron-right&#8221; add_icon=&#8221;true&#8221; css=&#8221;.vc_custom_1592793128520{margin-top: 20px !important;}&#8221; el_class=&#8221;ctaButton sg-popup-id-8233&#8243;][\/vc_column][\/vc_row]<\/p>\n<\/div>","protected":false},"excerpt":{"rendered":"<p>[vc_row][vc_column][vc_column_text css=&#8221;.vc_custom_1592380872429{margin-top: 15px !important;margin-bottom: 15px !important;}&#8221;]\u00c7evre Desuling Sistemleri: Sulama, hafriyat kaz\u0131lar\u0131nda veya mevcut su tablas\u0131n\u0131n alt\u0131ndaki veya alt\u0131ndaki yap\u0131larda biriken bir alandan suyun uzakla\u015ft\u0131r\u0131lmas\u0131 i\u015flemi ile tan\u0131mlan\u0131r. Susuzluk faaliyetleri kal\u0131c\u0131 veya ge\u00e7icidir. Mevcut su ge\u00e7irmez liklerin alt\u0131nda veya alt\u0131nda yap\u0131 bulunan yerlerden kal\u0131c\u0131 de\u015farjlar meydana gelir, \u00f6rne\u011fin maden \u00e7ukurlar\u0131, binalar\u0131n alt\u0131ndaki yeralt\u0131 otoparklar\u0131. Hafriyat kaz\u0131lar\u0131na&hellip;<\/p>\n","protected":false},"author":1,"featured_media":0,"parent":7155,"menu_order":0,"comment_status":"closed","ping_status":"closed","template":"","meta":{"content-type":"","footnotes":""},"class_list":["post-5904","page","type-page","status-publish","hentry","description-off"],"yoast_head":"<!-- This site is optimized with the Yoast SEO plugin v25.2 - https:\/\/yoast.com\/wordpress\/plugins\/seo\/ -->\n<title>\u0130n\u015faat - DMI-65\u00ae i\u00e7in \u00c7evre Metal Susuzla\u015ft\u0131rma Sistemleri<\/title>\n<meta name=\"description\" content=\"DMI-65\u00ae \u00c7evre Ar\u0131tma Sistemleri i\u00e7in kullan\u0131labilir: hafriyat kaz\u0131lar\u0131nda biriken bir siteden su kald\u0131rma i\u015flemidir\" \/>\n<meta name=\"robots\" content=\"index, follow, max-snippet:-1, max-image-preview:large, max-video-preview:-1\" \/>\n<link rel=\"canonical\" href=\"https:\/\/dmi65.com\/tr\/cozumleri\/cevre-dewatering\/\" \/>\n<meta property=\"og:locale\" content=\"tr_TR\" \/>\n<meta property=\"og:type\" content=\"article\" \/>\n<meta property=\"og:title\" content=\"\u0130n\u015faat - DMI-65\u00ae i\u00e7in \u00c7evre Metal Susuzla\u015ft\u0131rma Sistemleri\" \/>\n<meta property=\"og:description\" content=\"DMI-65\u00ae \u00c7evre Ar\u0131tma Sistemleri i\u00e7in kullan\u0131labilir: hafriyat kaz\u0131lar\u0131nda biriken bir siteden su kald\u0131rma i\u015flemidir\" \/>\n<meta property=\"og:url\" content=\"https:\/\/dmi65.com\/tr\/cozumleri\/cevre-dewatering\/\" \/>\n<meta property=\"og:site_name\" content=\"DMI-65\u00ae\" \/>\n<meta property=\"article:modified_time\" content=\"2020-06-26T03:16:11+00:00\" \/>\n<meta property=\"og:image\" content=\"https:\/\/dmi65.com\/wp-content\/uploads\/2020\/06\/dmi65_Logo_Blk.png\" \/>\n\t<meta property=\"og:image:width\" content=\"466\" \/>\n\t<meta property=\"og:image:height\" content=\"200\" \/>\n\t<meta property=\"og:image:type\" content=\"image\/png\" \/>\n<meta name=\"twitter:card\" content=\"summary_large_image\" \/>\n<meta name=\"twitter:label1\" content=\"Tahmini okuma s\u00fcresi\" \/>\n\t<meta name=\"twitter:data1\" content=\"7 dakika\" \/>\n<script type=\"application\/ld+json\" class=\"yoast-schema-graph\">{\"@context\":\"https:\/\/schema.org\",\"@graph\":[{\"@type\":\"WebPage\",\"@id\":\"https:\/\/dmi65.com\/tr\/cozumleri\/cevre-dewatering\/\",\"url\":\"https:\/\/dmi65.com\/tr\/cozumleri\/cevre-dewatering\/\",\"name\":\"\u0130n\u015faat - DMI-65\u00ae i\u00e7in \u00c7evre Metal Susuzla\u015ft\u0131rma Sistemleri\",\"isPartOf\":{\"@id\":\"https:\/\/dmi65.com\/tr\/#website\"},\"datePublished\":\"2020-06-09T03:32:03+00:00\",\"dateModified\":\"2020-06-26T03:16:11+00:00\",\"description\":\"DMI-65\u00ae \u00c7evre Ar\u0131tma Sistemleri i\u00e7in kullan\u0131labilir: hafriyat kaz\u0131lar\u0131nda biriken bir siteden su kald\u0131rma i\u015flemidir\",\"breadcrumb\":{\"@id\":\"https:\/\/dmi65.com\/tr\/cozumleri\/cevre-dewatering\/#breadcrumb\"},\"inLanguage\":\"tr\",\"potentialAction\":[{\"@type\":\"ReadAction\",\"target\":[\"https:\/\/dmi65.com\/tr\/cozumleri\/cevre-dewatering\/\"]}]},{\"@type\":\"BreadcrumbList\",\"@id\":\"https:\/\/dmi65.com\/tr\/cozumleri\/cevre-dewatering\/#breadcrumb\",\"itemListElement\":[{\"@type\":\"ListItem\",\"position\":1,\"name\":\"Home\",\"item\":\"https:\/\/dmi65.com\/tr\/\"},{\"@type\":\"ListItem\",\"position\":2,\"name\":\"\u00c7\u00f6z\u00fcmleri\",\"item\":\"https:\/\/dmi65.com\/tr\/cozumleri\/\"},{\"@type\":\"ListItem\",\"position\":3,\"name\":\"Susuzlama Sistemleri\"}]},{\"@type\":\"WebSite\",\"@id\":\"https:\/\/dmi65.com\/tr\/#website\",\"url\":\"https:\/\/dmi65.com\/tr\/\",\"name\":\"DMI-65\u00ae\",\"description\":\"Water Filtration &amp; Reverse Osmosis Treatment, Catalytic Media\",\"publisher\":{\"@id\":\"https:\/\/dmi65.com\/tr\/#organization\"},\"potentialAction\":[{\"@type\":\"SearchAction\",\"target\":{\"@type\":\"EntryPoint\",\"urlTemplate\":\"https:\/\/dmi65.com\/tr\/?s={search_term_string}\"},\"query-input\":{\"@type\":\"PropertyValueSpecification\",\"valueRequired\":true,\"valueName\":\"search_term_string\"}}],\"inLanguage\":\"tr\"},{\"@type\":\"Organization\",\"@id\":\"https:\/\/dmi65.com\/tr\/#organization\",\"name\":\"DMI-65 & Quantum Filtration Pty Ltd\",\"url\":\"https:\/\/dmi65.com\/tr\/\",\"logo\":{\"@type\":\"ImageObject\",\"inLanguage\":\"tr\",\"@id\":\"https:\/\/dmi65.com\/tr\/#\/schema\/logo\/image\/\",\"url\":\"https:\/\/dmi65.com\/wp-content\/uploads\/2020\/04\/dmi65.png\",\"contentUrl\":\"https:\/\/dmi65.com\/wp-content\/uploads\/2020\/04\/dmi65.png\",\"width\":440,\"height\":205,\"caption\":\"DMI-65 & Quantum Filtration Pty Ltd\"},\"image\":{\"@id\":\"https:\/\/dmi65.com\/tr\/#\/schema\/logo\/image\/\"},\"sameAs\":[\"https:\/\/www.linkedin.com\/company\/dmi-65\",\"https:\/\/www.youtube.com\/channel\/UCbXoMn5KBp2jrnx4KR_Qg4A\"]}]}<\/script>\n<!-- \/ Yoast SEO plugin. -->","yoast_head_json":{"title":"\u0130n\u015faat - DMI-65\u00ae i\u00e7in \u00c7evre Metal Susuzla\u015ft\u0131rma Sistemleri","description":"DMI-65\u00ae \u00c7evre Ar\u0131tma Sistemleri i\u00e7in kullan\u0131labilir: hafriyat kaz\u0131lar\u0131nda biriken bir siteden su kald\u0131rma i\u015flemidir","robots":{"index":"index","follow":"follow","max-snippet":"max-snippet:-1","max-image-preview":"max-image-preview:large","max-video-preview":"max-video-preview:-1"},"canonical":"https:\/\/dmi65.com\/tr\/cozumleri\/cevre-dewatering\/","og_locale":"tr_TR","og_type":"article","og_title":"\u0130n\u015faat - DMI-65\u00ae i\u00e7in \u00c7evre Metal Susuzla\u015ft\u0131rma Sistemleri","og_description":"DMI-65\u00ae \u00c7evre Ar\u0131tma Sistemleri i\u00e7in kullan\u0131labilir: hafriyat kaz\u0131lar\u0131nda biriken bir siteden su kald\u0131rma i\u015flemidir","og_url":"https:\/\/dmi65.com\/tr\/cozumleri\/cevre-dewatering\/","og_site_name":"DMI-65\u00ae","article_modified_time":"2020-06-26T03:16:11+00:00","og_image":[{"width":466,"height":200,"url":"https:\/\/dmi65.com\/wp-content\/uploads\/2020\/06\/dmi65_Logo_Blk.png","type":"image\/png"}],"twitter_card":"summary_large_image","twitter_misc":{"Tahmini okuma s\u00fcresi":"7 dakika"},"schema":{"@context":"https:\/\/schema.org","@graph":[{"@type":"WebPage","@id":"https:\/\/dmi65.com\/tr\/cozumleri\/cevre-dewatering\/","url":"https:\/\/dmi65.com\/tr\/cozumleri\/cevre-dewatering\/","name":"\u0130n\u015faat - DMI-65\u00ae i\u00e7in \u00c7evre Metal Susuzla\u015ft\u0131rma Sistemleri","isPartOf":{"@id":"https:\/\/dmi65.com\/tr\/#website"},"datePublished":"2020-06-09T03:32:03+00:00","dateModified":"2020-06-26T03:16:11+00:00","description":"DMI-65\u00ae \u00c7evre Ar\u0131tma Sistemleri i\u00e7in kullan\u0131labilir: hafriyat kaz\u0131lar\u0131nda biriken bir siteden su kald\u0131rma i\u015flemidir","breadcrumb":{"@id":"https:\/\/dmi65.com\/tr\/cozumleri\/cevre-dewatering\/#breadcrumb"},"inLanguage":"tr","potentialAction":[{"@type":"ReadAction","target":["https:\/\/dmi65.com\/tr\/cozumleri\/cevre-dewatering\/"]}]},{"@type":"BreadcrumbList","@id":"https:\/\/dmi65.com\/tr\/cozumleri\/cevre-dewatering\/#breadcrumb","itemListElement":[{"@type":"ListItem","position":1,"name":"Home","item":"https:\/\/dmi65.com\/tr\/"},{"@type":"ListItem","position":2,"name":"\u00c7\u00f6z\u00fcmleri","item":"https:\/\/dmi65.com\/tr\/cozumleri\/"},{"@type":"ListItem","position":3,"name":"Susuzlama Sistemleri"}]},{"@type":"WebSite","@id":"https:\/\/dmi65.com\/tr\/#website","url":"https:\/\/dmi65.com\/tr\/","name":"DMI-65\u00ae","description":"Water Filtration &amp; Reverse Osmosis Treatment, Catalytic Media","publisher":{"@id":"https:\/\/dmi65.com\/tr\/#organization"},"potentialAction":[{"@type":"SearchAction","target":{"@type":"EntryPoint","urlTemplate":"https:\/\/dmi65.com\/tr\/?s={search_term_string}"},"query-input":{"@type":"PropertyValueSpecification","valueRequired":true,"valueName":"search_term_string"}}],"inLanguage":"tr"},{"@type":"Organization","@id":"https:\/\/dmi65.com\/tr\/#organization","name":"DMI-65 & Quantum Filtration Pty Ltd","url":"https:\/\/dmi65.com\/tr\/","logo":{"@type":"ImageObject","inLanguage":"tr","@id":"https:\/\/dmi65.com\/tr\/#\/schema\/logo\/image\/","url":"https:\/\/dmi65.com\/wp-content\/uploads\/2020\/04\/dmi65.png","contentUrl":"https:\/\/dmi65.com\/wp-content\/uploads\/2020\/04\/dmi65.png","width":440,"height":205,"caption":"DMI-65 & Quantum Filtration Pty Ltd"},"image":{"@id":"https:\/\/dmi65.com\/tr\/#\/schema\/logo\/image\/"},"sameAs":["https:\/\/www.linkedin.com\/company\/dmi-65","https:\/\/www.youtube.com\/channel\/UCbXoMn5KBp2jrnx4KR_Qg4A"]}]}},"_links":{"self":[{"href":"https:\/\/dmi65.com\/tr\/wp-json\/wp\/v2\/pages\/5904","targetHints":{"allow":["GET"]}}],"collection":[{"href":"https:\/\/dmi65.com\/tr\/wp-json\/wp\/v2\/pages"}],"about":[{"href":"https:\/\/dmi65.com\/tr\/wp-json\/wp\/v2\/types\/page"}],"author":[{"embeddable":true,"href":"https:\/\/dmi65.com\/tr\/wp-json\/wp\/v2\/users\/1"}],"replies":[{"embeddable":true,"href":"https:\/\/dmi65.com\/tr\/wp-json\/wp\/v2\/comments?post=5904"}],"version-history":[{"count":0,"href":"https:\/\/dmi65.com\/tr\/wp-json\/wp\/v2\/pages\/5904\/revisions"}],"up":[{"embeddable":true,"href":"https:\/\/dmi65.com\/tr\/wp-json\/wp\/v2\/pages\/7155"}],"wp:attachment":[{"href":"https:\/\/dmi65.com\/tr\/wp-json\/wp\/v2\/media?parent=5904"}],"curies":[{"name":"wp","href":"https:\/\/api.w.org\/{rel}","templated":true}]}}