{"id":5837,"date":"2020-06-09T11:26:03","date_gmt":"2020-06-09T03:26:03","guid":{"rendered":"http:\/\/dmi65.com\/sogutma-kuleleri-kazanlar\/"},"modified":"2020-06-26T11:24:04","modified_gmt":"2020-06-26T03:24:04","slug":"sogutma-kuleleri-kazanlar","status":"publish","type":"page","link":"https:\/\/dmi65.com\/tr\/cozumleri\/sogutma-kuleleri-kazanlar\/","title":{"rendered":"So\u011futma Kuleleri ve Kazanlar i\u00e7in Su Ar\u0131tma"},"content":{"rendered":"<div class=\"wpb-content-wrapper\"><p>[vc_row][vc_column][vc_column_text css=&#8221;.vc_custom_1592450472298{margin-top: 15px !important;margin-bottom: 15px !important;}&#8221;]<strong>Su Ar\u0131tma So\u011futma Kuleleri ve Kazanlar:<\/strong> T\u00fcm do\u011fal sular, \u00e7e\u015fitli miktarlarda ask\u0131da ve \u00e7\u00f6z\u00fcnm\u00fc\u015f maddenin yan\u0131 s\u0131ra \u00e7\u00f6z\u00fcnm\u00fc\u015f gazlar i\u00e7erir. Tatl\u0131 sudaki kirlerin t\u00fcr\u00fc ve miktar\u0131 kayna\u011fa (g\u00f6l, nehir ve kuyu) ve bulundu\u011fu alana g\u00f6re de\u011fi\u015fir. Su buhar \u00fcretimi i\u00e7in kullan\u0131lacak oldu\u011funda sudaki kirler \u00f6nemli bir husustur. Y\u00fcksek bas\u0131n\u00e7l\u0131 kazanlara do\u011fru e\u011filim ile, \u00f6n ar\u0131tma end\u00fcstriyel enerji santrallerinin ba\u015far\u0131l\u0131 \u00e7al\u0131\u015fmas\u0131 i\u00e7in anahtar haline gelmi\u015ftir. Yem suyu, kazan sistemindeki birikimi, ta\u015f\u0131may\u0131 ve korozyonu kontrol etmek i\u00e7in kirleri gidermek i\u00e7in \u00f6n i\u015flem yap\u0131lmal\u0131d\u0131r. D\u00fc\u015f\u00fck kaliteli su d\u00fc\u015f\u00fck kaliteli buhar verir.[\/vc_column_text][\/vc_column][\/vc_row][vc_row][vc_column]<div class=\"uavc-list-icon uavc-list-icon-wrapper ult-adjust-bottom-margin   vc_custom_1590987405882  vc_custom_1590987405882\"><ul class=\"uavc-list\"><li><div class=\"uavc-list-content\" id=\"list-icon-wrap-5503\">\n<div class=\"uavc-list-icon  \" data-animation=\"\" data-animation-delay=\"03\" style=\"margin-right:20px;\"><div class=\"ult-just-icon-wrapper  \"><div class=\"align-icon\" style=\"text-align:center;\">\n<div class=\"aio-icon none \"  style=\"color:#81d742;font-size:20px;display:inline-block;\">\n\t<i class=\"fas fa-check\"><\/i>\n<\/div><\/div><\/div>\n<\/div><span  data-ultimate-target='#list-icon-wrap-5503 .uavc-list-desc'  data-responsive-json-new='{\"font-size\":\"\",\"line-height\":\"\"}'  class=\"uavc-list-desc ult-responsive\" style=\"\"><strong>Kapal\u0131 kalma s\u00fcresini azalt\u0131n<\/strong><\/p>\n<p><\/span><\/div><\/li><li><div class=\"uavc-list-content\" id=\"list-icon-wrap-3555\">\n<div class=\"uavc-list-icon  \" data-animation=\"\" data-animation-delay=\"03\" style=\"margin-right:20px;\"><div class=\"ult-just-icon-wrapper  \"><div class=\"align-icon\" style=\"text-align:center;\">\n<div class=\"aio-icon none \"  style=\"color:#81d742;font-size:20px;display:inline-block;\">\n\t<i class=\"fas fa-check\"><\/i>\n<\/div><\/div><\/div>\n<\/div><span  data-ultimate-target='#list-icon-wrap-3555 .uavc-list-desc'  data-responsive-json-new='{\"font-size\":\"\",\"line-height\":\"\"}'  class=\"uavc-list-desc ult-responsive\" style=\"\"><strong>Pahal\u0131 membran temizli\u011fi ve de\u011fi\u015ftirilmesine kar\u015f\u0131 tasarruf edin<\/strong><\/p>\n<p><\/span><\/div><\/li><li><div class=\"uavc-list-content\" id=\"list-icon-wrap-8728\">\n<div class=\"uavc-list-icon  \" data-animation=\"\" data-animation-delay=\"03\" style=\"margin-right:20px;\"><div class=\"ult-just-icon-wrapper  \"><div class=\"align-icon\" style=\"text-align:center;\">\n<div class=\"aio-icon none \"  style=\"color:#81d742;font-size:20px;display:inline-block;\">\n\t<i class=\"fas fa-check\"><\/i>\n<\/div><\/div><\/div>\n<\/div><span  data-ultimate-target='#list-icon-wrap-8728 .uavc-list-desc'  data-responsive-json-new='{\"font-size\":\"\",\"line-height\":\"\"}'  class=\"uavc-list-desc ult-responsive\" style=\"\"><strong>Ba\u015flang\u0131\u00e7 sistemi sermayesi yat\u0131r\u0131mlar\u0131n\u0131 azaltarak sistem performans\u0131n\u0131 \u00f6nemli \u00f6l\u00e7\u00fcde art\u0131rmak<\/strong><\/p>\n<p><\/span><\/div><\/li><li><div class=\"uavc-list-content\" id=\"list-icon-wrap-6230\">\n<div class=\"uavc-list-icon  \" data-animation=\"\" data-animation-delay=\"03\" style=\"margin-right:20px;\"><div class=\"ult-just-icon-wrapper  \"><div class=\"align-icon\" style=\"text-align:center;\">\n<div class=\"aio-icon none \"  style=\"color:#81d742;font-size:20px;display:inline-block;\">\n\t<i class=\"fas fa-check\"><\/i>\n<\/div><\/div><\/div>\n<\/div><span  data-ultimate-target='#list-icon-wrap-6230 .uavc-list-desc'  data-responsive-json-new='{\"font-size\":\"\",\"line-height\":\"\"}'  class=\"uavc-list-desc ult-responsive\" style=\"\"><strong>Y\u00fcksek Dezenfeksiyon oran\u0131 elde<\/strong><\/p>\n<p><\/span><\/div><\/li><li><div class=\"uavc-list-content\" id=\"list-icon-wrap-7257\">\n<div class=\"uavc-list-icon  \" data-animation=\"\" data-animation-delay=\"03\" style=\"margin-right:20px;\"><div class=\"ult-just-icon-wrapper  \"><div class=\"align-icon\" style=\"text-align:center;\">\n<div class=\"aio-icon none \"  style=\"color:#81d742;font-size:20px;display:inline-block;\">\n\t<i class=\"fas fa-check\"><\/i>\n<\/div><\/div><\/div>\n<\/div><span  data-ultimate-target='#list-icon-wrap-7257 .uavc-list-desc'  data-responsive-json-new='{\"font-size\":\"\",\"line-height\":\"\"}'  class=\"uavc-list-desc ult-responsive\" style=\"\"><strong>Kimyasallar\u0131n leaching yok<\/strong><\/p>\n<p><\/span><\/div><\/li><li><div class=\"uavc-list-content\" id=\"list-icon-wrap-2255\">\n<div class=\"uavc-list-icon  \" data-animation=\"\" data-animation-delay=\"03\" style=\"margin-right:20px;\"><div class=\"ult-just-icon-wrapper  \"><div class=\"align-icon\" style=\"text-align:center;\">\n<div class=\"aio-icon none \"  style=\"color:#81d742;font-size:20px;display:inline-block;\">\n\t<i class=\"fas fa-check\"><\/i>\n<\/div><\/div><\/div>\n<\/div><span  data-ultimate-target='#list-icon-wrap-2255 .uavc-list-desc'  data-responsive-json-new='{\"font-size\":\"\",\"line-height\":\"\"}'  class=\"uavc-list-desc ult-responsive\" style=\"\"><strong>\u00d6nemli t\u00fcm ya\u015fam maliyeti tasarrufu <\/strong><\/p>\n<p><\/span><\/div><\/li><\/ul><\/div><q class=\"text-big shortcode-pullquote wf-cell align-left wf-1\"><p>So\u011futma kulelerindeki su filtreleme sistemleri kimyasal ar\u0131tman\u0131n etkinli\u011fini artt\u0131r\u0131r ve bu da kimyasal kullan\u0131m\u0131 azalt\u0131r. Filtrasyon da s\u0131k kule temizleme ve blowdown ihtiyac\u0131n\u0131 azalt\u0131r ve \u0131s\u0131 transferi verimlili\u011fini art\u0131r\u0131r. Bu sistemlerde demir ve manganez birikimi performanslar\u0131n\u0131 \u00f6nemli \u00f6l\u00e7\u00fcde etkiler.<\/p>\n<\/q>[vc_column_text css=&#8221;.vc_custom_1590997806052{margin-bottom: 0px !important;}&#8221;]Kazanda buharla\u015fan su, kirlerin konsantre olmas\u0131n\u0131 neden olur. Kazan \u00f6l\u00e7e\u011fi, \u0131s\u0131 transfer y\u00fczeylerinde \u00e7\u00f6kelen ve sert ve yap\u0131\u015fkan hale gelen metal veya \u00e7\u00f6z\u00fcnm\u00fc\u015f yabanc\u0131 maddeler \u00fczerinde yerle\u015fen ask\u0131da madde sonucudur. Demir yataklar\u0131 \u00e7ok koyu renklidir ve yem suyundaki korozyon \u00fcr\u00fcnleri veya demir kirlenmesi nedeniyle dir. Demir birikintileri genellikle do\u011fada manyetiktir. S\u0131cak asitte \u00e7\u00f6z\u00fcn\u00fcrler, koyu kahverengi bir sol\u00fcsyon verirler.<\/p>\n<p>Mevduat neden oldu\u011fu en b\u00fcy\u00fck sorun a\u015f\u0131r\u0131 \u0131s\u0131nma dan t\u00fcp ar\u0131zas\u0131 oldu\u011funu. Bunun nedeni, tortular\u0131n bir yal\u0131tkan g\u00f6revi g\u00f6rememesi ve a\u015f\u0131r\u0131 birikintilerin t\u00fcplerden suya verimli \u0131s\u0131 transferini engellemesidir. Bu metala\u015f\u0131r\u0131 \u0131s\u0131nmaya neden olur ve zaman i\u00e7inde metal ba\u015far\u0131s\u0131z olur. Bu tortular ayn\u0131 zamanda kazan t\u00fcplerinin t\u0131kanmas\u0131na veya k\u0131smi olarak t\u0131kanmas\u0131na neden olabilir, bu da t\u00fcplerin a\u015f\u0131r\u0131 \u0131s\u0131nmas\u0131na ve a\u00e7l\u0131klanmas\u0131na yol a\u00e7abilir. Mevduat tabakas\u0131n\u0131n alt\u0131nda korozyon da olu\u015fabilir. Mevduatlar planlanmam\u0131\u015f kesintilere, artan temizlik s\u00fcresine ve masraflara neden olur. Kazan yataklar\u0131 genel \u00e7al\u0131\u015fma verimlili\u011fini azaltarak daha y\u00fcksek yak\u0131t t\u00fcketimi sa\u011flar.<\/p>\n<p>[\/vc_column_text]<q class=\"text-big shortcode-pullquote wf-cell align-left wf-1\"><p>DMI-65, Geli\u015fmi\u015f Oksidasyon S\u00fcreci ile potasyum permanganat kullanmadan Demir ve Manganez&#8217;in uzakla\u015ft\u0131r\u0131lmas\u0131 i\u00e7in tasarlanm\u0131\u015f son derece g\u00fc\u00e7l\u00fc bir silika kum ubazl\u0131 katalitik aksiyon su filtrasyon ortam\u0131d\u0131r. DMI-65 filtrasyonunun dahil edilmesi semptomlar\u0131 \u00f6nemli \u00f6l\u00e7\u00fcde azaltacak ve \u00e7\u00f6z\u00fclmemi\u015f kat\u0131lar\u0131n dezenfeksiyonu ve mekanik filtrasyonunu ger\u00e7ekle\u015ftirerek toplam sisteme fayda sa\u011flayacakt\u0131r. DMI-65, su ak\u0131\u015f\u0131na herhangi bir kimyasal leaching olas\u0131l\u0131\u011f\u0131n\u0131 ortadan kald\u0131ran di\u011fer katalitik su filtrasyon ortamlar\u0131n\u0131n aksine, sadece bir y\u00fczey kaplama teknolojisi de\u011fil, sadece bir y\u00fczey kaplama teknolojisidir.<\/p>\n<\/q>[vc_column_text]\u00c7\u00f6zeltidmi-65 demir (ve manganez) oksidasyon s\u00fcreci ba\u015flatmak i\u00e7in klor veya di\u011fer oksidan varl\u0131\u011f\u0131nda \u00e7al\u0131\u015fmak i\u00e7in tasarlanm\u0131\u015ft\u0131r. Bu s\u00fcre\u00e7te oksidan elektronlar\u0131 temizler ve bu i\u015flemde t\u00fcketilir. Operat\u00f6r, at\u0131k suda 0,1 &#8211; 0,3 ppm serbest klor art\u0131klar\u0131 oldu\u011fundan emin olmak gerekir. Sodyum hipoklorit veya \u00e7ama\u015f\u0131r suyu (12.5 NaOCl) olarak beslenen klor, nispeten ucuz oldu\u011fu i\u00e7in tercih edilen oksidand\u0131r, d\u00fcnya \u00e7ap\u0131nda kolayca kullan\u0131labilir ve etkilidir. Ayr\u0131ca herhangi bir dezenfektan s\u00fcrecinin b\u00fcy\u00fck \u00e7o\u011funlu\u011funu ger\u00e7ekle\u015ftirir.<\/p>\n<p>Daha y\u00fcksek regenerant dozajlar\u0131n iyon de\u011fi\u015fim kapasitesini art\u0131raca\u011f\u0131 iyon de\u011fi\u015fimi re\u00e7ineler aksine, NaOCl art\u0131klar\u0131 veya Konsantrasyonlar\u0131 Fe ve Mn okside etmek i\u00e7in gerekenden daha y\u00fcksek medya oksidatif \u00f6zelliklerini art\u0131rmaz. Ayr\u0131ca, medya genellikle bir RO sistemi \u00f6nce sular\u0131 pretmek i\u00e7in kullan\u0131ld\u0131\u011f\u0131ndan daha y\u00fcksek bir serbest klor art\u0131k kal\u0131nt\u0131s\u0131 azaltmak ve klor sald\u0131r\u0131s\u0131ndan membranlar\u0131 korumak i\u00e7in daha kapsaml\u0131 bir post tedavi gerektirir.<\/p>\n<p>DMI-65, \u0130\u00e7me Suyu Sistemi Bile\u015fenleri i\u00e7in ABD NSF\/ANSI 61 Standard\u0131&#8217;na onay lanm\u0131\u015ft\u0131r ve di\u011fer bir\u00e7ok su ar\u0131tma laboratuvar\u0131 taraf\u0131ndan test edilmi\u015ftir.<\/p>\n<p>DMI-65 Avustralya&#8217;da \u00fcretilmektedir.<\/p>\n<p><strong>Case Tarih\u00e7esi: So\u011futma Kuleleri ve Kazanlar i\u00e7in Su Ar\u0131tma:<br \/>\n<\/strong><\/p>\n<p>Memphis bir g\u0131da tesisi, TN so\u011futma kulesi ve kazan makyaj suyu 1000 gpm sa\u011flamak i\u00e7in bir kuyu deldi. Ancak, 1.0 ppm demir seviyeleri ayda 10.000 $ bir maliyetle \u015fehirden su sat\u0131n almak i\u00e7in bitki gerektiren bu hizmetler i\u00e7in su kullan\u0131m\u0131n\u0131 k\u0131s\u0131tlad\u0131. 2009 y\u0131l\u0131nda dmi-65 576 ft<sup>3<\/sup> kullanan yeni bir filtre sistemi kurdu. Sistem 12 (12) 54&#8243; x 60&#8243; filtre kaplar\u0131 5 gpm\/ft<sup>2<\/sup>\u00e7al\u0131\u015fan olu\u015fur. Sistem hizmete girdikten sonra <a href=\"https:\/\/en.wikipedia.org\/wiki\/Iron\" target=\"_blank\" rel=\"noopener noreferrer\">Fe<\/a> seviyesi 0.01 ppm&#8217;de kontrol edildi ve tesis \u015fehir suyu kullan\u0131m\u0131n\u0131 durdurabildi.<\/p>\n<h5>So\u011futma kuleleri ve kazanlar i\u00e7in DMI-65 su ar\u0131tma kullanman\u0131n <a href=\"http:\/\/dmi65.com\/tr\/teknik\/su-filtrasyon-avantajlari\/\">avantajlar\u0131:<\/a><\/h5>\n<p><strong>Demir ve Manganez birikme. <\/strong> Kazanlarda ve so\u011futma kulelerinde demir ve manganez inmesi \u00e7ok y\u00fcksek bak\u0131m giderleri, \u00fcretim kayb\u0131 ve potansiyel sistem ar\u0131zalar\u0131na neden olabilir. DMI-65, \u00e7\u00f6z\u00fcnm\u00fc\u015f demiri 0,005 PPM ve manganez gibi d\u00fc\u015f\u00fck 0,005 PPM ve manganez gibi d\u00fc\u015f\u00fck seviyelere kadar etkin bir \u015fekilde temizlenince temizler ve partik\u00fclleri etkin bir \u015fekilde ortadan kald\u0131r\u0131r ve bu riski etkin bir \u015fekilde ortadan kald\u0131r\u0131r.<\/p>\n<p><strong>Azalt\u0131lm\u0131\u015f Maliyetler <\/strong>Demir ve manganez kald\u0131rma su filtrasyon sisteminin toplam maliyeti \u00f6nemli \u00f6l\u00e7\u00fcde alternatif \u00e7\u00f6z\u00fcmler daha az, etkinli\u011fi, ancak g\u00f6receli basitlik, DMI-65 tabanl\u0131 sistemlerin yan\u0131 s\u0131ra kimyasallar, g\u00fc\u00e7 ve geri y\u0131kama at\u0131k su kurtarma devam eden operasyonel harcama bitki karma\u015f\u0131kl\u0131\u011f\u0131 \u00fczerinde \u00f6n sermaye harcamas\u0131n\u0131 azalt\u0131r.<\/p>\n<p><strong>Y\u00fcksek Ak\u0131\u015f H\u0131zlar\u0131<\/strong>. DMI-65 inf\u00fczyon teknolojisi <em>herhangi bir katalitik filtrasyon ortam\u0131n\u0131n en y\u00fcksek oksidasyon oran\u0131n\u0131 te\u015fvik eder.<\/em> Bu demir ve manganez kald\u0131rma ayn\u0131 d\u00fczeyde elde etmek i\u00e7in \u00f6nemli \u00f6l\u00e7\u00fcde daha y\u00fcksek su ak\u0131\u015f h\u0131z\u0131 sa\u011flar. DMI-65, sermaye ekipman\u0131nda kar\u015f\u0131l\u0131k gelen bir azalma ile konvansiyonel ortam\u0131n iki kat\u0131na kadar do\u011frusal filtrasyon h\u0131zlar\u0131nda \u00e7al\u0131\u015fabilir<\/p>\n<p><strong>Y\u00fcksek Y\u00fck Kapasitesi<\/strong> Matris malzemesinin mikro g\u00f6zenekli yap\u0131s\u0131 nedeniyle artan y\u00fczey alan\u0131 nedeniyle, DMI-65 ayn\u0131 zamanda filtre \u00e7al\u0131\u015f\u0131r s\u00fcresini ve geri y\u0131kama aras\u0131ndaki s\u00fcreyi uzatabilen ve b\u00f6ylece kesinti, i\u015fletme gideri ve israf\u0131 azaltabilen daha y\u00fcksek demir ve manganez y\u00fck kapasitesine sahiptir.<strong><br \/>\n<\/strong><\/p>\n<p><strong>Rejenerasyon Gerekli De\u011fil<\/strong><strong>. <\/strong>Ortam, potasyum permanganat ihtiyac\u0131n\u0131 ortadan kald\u0131ran d\u00fc\u015f\u00fck kal\u0131nt\u0131 seviyelerde (0,1 ila 0,3 ppm) s\u00fcrekli sodyum hipoklorit enjeksiyonu ile \u00e7al\u0131\u015f\u0131r.<\/p>\n<p><strong>Geni\u015f \u00c7al\u0131\u015fma Ortam\u0131<\/strong><strong>. <\/strong>pH 5,8 ila 8,6&#8217;da istikrarl\u0131 ve tatmin edici performans ve maksimum \u00e7al\u0131\u015fma s\u0131cakl\u0131\u011f\u0131 113\u00b0 F (45\u00b0C) \u00e7al\u0131\u015fma ortam\u0131n\u0131 de\u011fi\u015ftirmek i\u00e7in yat\u0131r\u0131m ihtiyac\u0131n\u0131 azalt\u0131r.<\/p>\n<p><strong>Uzun \u00f6m\u00fcr. <\/strong>DMI-65, 10 y\u0131la kadar beklenen bir \u00e7al\u0131\u015fma \u00f6mr\u00fc vererek, di\u011fer s\u00fcre\u00e7lere veya ortamlara g\u00f6re \u00f6nemli avantajlar sa\u011flayan s\u00fcre\u00e7te t\u00fcketilmemektedir. Medya katalitik i\u015fini yapmak i\u00e7in \u00e7\u00fcr\u00fcyen bir kapasite g\u00f6stermez. 5 ila 10 y\u0131ll\u0131k s\u00fcre i\u00e7inde, yata\u011f\u0131n bir\u00e7ok geri y\u0131kama i\u015flemleri ile muhafaza kat\u0131 kald\u0131rmak i\u00e7in, ortam bir y\u0131pranma kayb\u0131 par\u00e7ac\u0131klar ve mekanik a\u015f\u0131nma aras\u0131nda temas olu\u015fur[\/vc_column_text][\/vc_column][\/vc_row][vc_row][vc_column]<div class=\"dt-fancy-separator title-left\" style=\"width: 100%;\"><div class=\"dt-fancy-title\"><span class=\"separator-holder separator-left\"><\/span>So\u011futma Kuleleri ve Kazanlar I\u00e7in \u00d6rnek Olay \u0130ncelemesi<span class=\"separator-holder separator-right\"><\/span><\/div><\/div>[vc_empty_space height=&#8221;20px&#8221;][vc_basic_grid post_type=&#8221;post&#8221; max_items=&#8221;2&#8243; element_width=&#8221;6&#8243; grid_id=&#8221;vc_gid:1592798356893-42002dbc-97ba-1&#8243; taxonomies=&#8221;1128&#8243;][\/vc_column][\/vc_row][vc_row content_placement=&#8221;middle&#8221; css=&#8221;.vc_custom_1592798366666{padding-top: 20px !important;padding-right: 20px !important;padding-bottom: 5px !important;padding-left: 20px !important;}&#8221; el_class=&#8221;cta&#8221;][vc_column]<div class=\"dt-fancy-separator\" style=\"width: 100%;\"><div class=\"dt-fancy-title\"><span class=\"separator-holder separator-left\"><\/span>DMI-65\u00ae filtrasyon ortam\u0131n\u0131n so\u011futma kuleleri ve kazanlar i\u00e7in su ar\u0131tma olarak nas\u0131l kullan\u0131labilece\u011fini \u00f6\u011frenmek i\u00e7in bilgi al\u0131n<span class=\"separator-holder separator-right\"><\/span><\/div><\/div>[vc_btn title=&#8221;Sormak&#8221; style=&#8221;custom&#8221; custom_background=&#8221;#162441&#8243; custom_text=&#8221;#ffffff&#8221; shape=&#8221;square&#8221; size=&#8221;lg&#8221; align=&#8221;center&#8221; i_align=&#8221;right&#8221; i_icon_fontawesome=&#8221;fas fa-chevron-right&#8221; add_icon=&#8221;true&#8221; css=&#8221;.vc_custom_1592793128520{margin-top: 20px !important;}&#8221; el_class=&#8221;ctaButton sg-popup-id-8233&#8243;][\/vc_column][\/vc_row]<\/p>\n<\/div>","protected":false},"excerpt":{"rendered":"<p>[vc_row][vc_column][vc_column_text css=&#8221;.vc_custom_1592450472298{margin-top: 15px !important;margin-bottom: 15px !important;}&#8221;]Su Ar\u0131tma So\u011futma Kuleleri ve Kazanlar: T\u00fcm do\u011fal sular, \u00e7e\u015fitli miktarlarda ask\u0131da ve \u00e7\u00f6z\u00fcnm\u00fc\u015f maddenin yan\u0131 s\u0131ra \u00e7\u00f6z\u00fcnm\u00fc\u015f gazlar i\u00e7erir. Tatl\u0131 sudaki kirlerin t\u00fcr\u00fc ve miktar\u0131 kayna\u011fa (g\u00f6l, nehir ve kuyu) ve bulundu\u011fu alana g\u00f6re de\u011fi\u015fir. Su buhar \u00fcretimi i\u00e7in kullan\u0131lacak oldu\u011funda sudaki kirler \u00f6nemli bir husustur. Y\u00fcksek bas\u0131n\u00e7l\u0131 kazanlara&hellip;<\/p>\n","protected":false},"author":1,"featured_media":0,"parent":7155,"menu_order":0,"comment_status":"closed","ping_status":"closed","template":"","meta":{"content-type":"","footnotes":""},"class_list":["post-5837","page","type-page","status-publish","hentry","description-off"],"yoast_head":"<!-- This site is optimized with the Yoast SEO plugin v25.2 - https:\/\/yoast.com\/wordpress\/plugins\/seo\/ -->\n<title>So\u011futma Kuleleri ve Kazanlar i\u00e7in Su Ar\u0131tma - DMI-65\u00ae<\/title>\n<meta name=\"description\" content=\"DMI-65 ortam so\u011futma kuleleri ve kazanlar i\u00e7in ideal bir su ar\u0131tma, kimyasal ar\u0131tma etkinli\u011fini art\u0131rarak, kimyasal kullan\u0131m\u0131 azaltarak.\" \/>\n<meta name=\"robots\" content=\"index, follow, max-snippet:-1, max-image-preview:large, max-video-preview:-1\" \/>\n<link rel=\"canonical\" href=\"https:\/\/dmi65.com\/tr\/cozumleri\/sogutma-kuleleri-kazanlar\/\" \/>\n<meta property=\"og:locale\" content=\"tr_TR\" \/>\n<meta property=\"og:type\" content=\"article\" \/>\n<meta property=\"og:title\" content=\"So\u011futma Kuleleri ve Kazanlar i\u00e7in Su Ar\u0131tma - DMI-65\u00ae\" \/>\n<meta property=\"og:description\" content=\"DMI-65 ortam so\u011futma kuleleri ve kazanlar i\u00e7in ideal bir su ar\u0131tma, kimyasal ar\u0131tma etkinli\u011fini art\u0131rarak, kimyasal kullan\u0131m\u0131 azaltarak.\" \/>\n<meta property=\"og:url\" content=\"https:\/\/dmi65.com\/tr\/cozumleri\/sogutma-kuleleri-kazanlar\/\" \/>\n<meta property=\"og:site_name\" content=\"DMI-65\u00ae\" \/>\n<meta property=\"article:modified_time\" content=\"2020-06-26T03:24:04+00:00\" \/>\n<meta property=\"og:image\" content=\"https:\/\/dmi65.com\/wp-content\/uploads\/2020\/06\/dmi65_Logo_Blk.png\" \/>\n\t<meta property=\"og:image:width\" content=\"466\" \/>\n\t<meta property=\"og:image:height\" content=\"200\" \/>\n\t<meta property=\"og:image:type\" content=\"image\/png\" \/>\n<meta name=\"twitter:card\" content=\"summary_large_image\" \/>\n<meta name=\"twitter:label1\" content=\"Tahmini okuma s\u00fcresi\" \/>\n\t<meta name=\"twitter:data1\" content=\"8 dakika\" \/>\n<script type=\"application\/ld+json\" class=\"yoast-schema-graph\">{\"@context\":\"https:\/\/schema.org\",\"@graph\":[{\"@type\":\"WebPage\",\"@id\":\"https:\/\/dmi65.com\/tr\/cozumleri\/sogutma-kuleleri-kazanlar\/\",\"url\":\"https:\/\/dmi65.com\/tr\/cozumleri\/sogutma-kuleleri-kazanlar\/\",\"name\":\"So\u011futma Kuleleri ve Kazanlar i\u00e7in Su Ar\u0131tma - DMI-65\u00ae\",\"isPartOf\":{\"@id\":\"https:\/\/dmi65.com\/tr\/#website\"},\"datePublished\":\"2020-06-09T03:26:03+00:00\",\"dateModified\":\"2020-06-26T03:24:04+00:00\",\"description\":\"DMI-65 ortam so\u011futma kuleleri ve kazanlar i\u00e7in ideal bir su ar\u0131tma, kimyasal ar\u0131tma etkinli\u011fini art\u0131rarak, kimyasal kullan\u0131m\u0131 azaltarak.\",\"breadcrumb\":{\"@id\":\"https:\/\/dmi65.com\/tr\/cozumleri\/sogutma-kuleleri-kazanlar\/#breadcrumb\"},\"inLanguage\":\"tr\",\"potentialAction\":[{\"@type\":\"ReadAction\",\"target\":[\"https:\/\/dmi65.com\/tr\/cozumleri\/sogutma-kuleleri-kazanlar\/\"]}]},{\"@type\":\"BreadcrumbList\",\"@id\":\"https:\/\/dmi65.com\/tr\/cozumleri\/sogutma-kuleleri-kazanlar\/#breadcrumb\",\"itemListElement\":[{\"@type\":\"ListItem\",\"position\":1,\"name\":\"Home\",\"item\":\"https:\/\/dmi65.com\/tr\/\"},{\"@type\":\"ListItem\",\"position\":2,\"name\":\"\u00c7\u00f6z\u00fcmleri\",\"item\":\"https:\/\/dmi65.com\/tr\/cozumleri\/\"},{\"@type\":\"ListItem\",\"position\":3,\"name\":\"So\u011futma Kuleleri ve Kazanlar i\u00e7in Su Ar\u0131tma\"}]},{\"@type\":\"WebSite\",\"@id\":\"https:\/\/dmi65.com\/tr\/#website\",\"url\":\"https:\/\/dmi65.com\/tr\/\",\"name\":\"DMI-65\u00ae\",\"description\":\"Water Filtration &amp; Reverse Osmosis Treatment, Catalytic Media\",\"publisher\":{\"@id\":\"https:\/\/dmi65.com\/tr\/#organization\"},\"potentialAction\":[{\"@type\":\"SearchAction\",\"target\":{\"@type\":\"EntryPoint\",\"urlTemplate\":\"https:\/\/dmi65.com\/tr\/?s={search_term_string}\"},\"query-input\":{\"@type\":\"PropertyValueSpecification\",\"valueRequired\":true,\"valueName\":\"search_term_string\"}}],\"inLanguage\":\"tr\"},{\"@type\":\"Organization\",\"@id\":\"https:\/\/dmi65.com\/tr\/#organization\",\"name\":\"DMI-65 & Quantum Filtration Pty Ltd\",\"url\":\"https:\/\/dmi65.com\/tr\/\",\"logo\":{\"@type\":\"ImageObject\",\"inLanguage\":\"tr\",\"@id\":\"https:\/\/dmi65.com\/tr\/#\/schema\/logo\/image\/\",\"url\":\"https:\/\/dmi65.com\/wp-content\/uploads\/2020\/04\/dmi65.png\",\"contentUrl\":\"https:\/\/dmi65.com\/wp-content\/uploads\/2020\/04\/dmi65.png\",\"width\":440,\"height\":205,\"caption\":\"DMI-65 & Quantum Filtration Pty Ltd\"},\"image\":{\"@id\":\"https:\/\/dmi65.com\/tr\/#\/schema\/logo\/image\/\"},\"sameAs\":[\"https:\/\/www.linkedin.com\/company\/dmi-65\",\"https:\/\/www.youtube.com\/channel\/UCbXoMn5KBp2jrnx4KR_Qg4A\"]}]}<\/script>\n<!-- \/ Yoast SEO plugin. -->","yoast_head_json":{"title":"So\u011futma Kuleleri ve Kazanlar i\u00e7in Su Ar\u0131tma - DMI-65\u00ae","description":"DMI-65 ortam so\u011futma kuleleri ve kazanlar i\u00e7in ideal bir su ar\u0131tma, kimyasal ar\u0131tma etkinli\u011fini art\u0131rarak, kimyasal kullan\u0131m\u0131 azaltarak.","robots":{"index":"index","follow":"follow","max-snippet":"max-snippet:-1","max-image-preview":"max-image-preview:large","max-video-preview":"max-video-preview:-1"},"canonical":"https:\/\/dmi65.com\/tr\/cozumleri\/sogutma-kuleleri-kazanlar\/","og_locale":"tr_TR","og_type":"article","og_title":"So\u011futma Kuleleri ve Kazanlar i\u00e7in Su Ar\u0131tma - DMI-65\u00ae","og_description":"DMI-65 ortam so\u011futma kuleleri ve kazanlar i\u00e7in ideal bir su ar\u0131tma, kimyasal ar\u0131tma etkinli\u011fini art\u0131rarak, kimyasal kullan\u0131m\u0131 azaltarak.","og_url":"https:\/\/dmi65.com\/tr\/cozumleri\/sogutma-kuleleri-kazanlar\/","og_site_name":"DMI-65\u00ae","article_modified_time":"2020-06-26T03:24:04+00:00","og_image":[{"width":466,"height":200,"url":"https:\/\/dmi65.com\/wp-content\/uploads\/2020\/06\/dmi65_Logo_Blk.png","type":"image\/png"}],"twitter_card":"summary_large_image","twitter_misc":{"Tahmini okuma s\u00fcresi":"8 dakika"},"schema":{"@context":"https:\/\/schema.org","@graph":[{"@type":"WebPage","@id":"https:\/\/dmi65.com\/tr\/cozumleri\/sogutma-kuleleri-kazanlar\/","url":"https:\/\/dmi65.com\/tr\/cozumleri\/sogutma-kuleleri-kazanlar\/","name":"So\u011futma Kuleleri ve Kazanlar i\u00e7in Su Ar\u0131tma - DMI-65\u00ae","isPartOf":{"@id":"https:\/\/dmi65.com\/tr\/#website"},"datePublished":"2020-06-09T03:26:03+00:00","dateModified":"2020-06-26T03:24:04+00:00","description":"DMI-65 ortam so\u011futma kuleleri ve kazanlar i\u00e7in ideal bir su ar\u0131tma, kimyasal ar\u0131tma etkinli\u011fini art\u0131rarak, kimyasal kullan\u0131m\u0131 azaltarak.","breadcrumb":{"@id":"https:\/\/dmi65.com\/tr\/cozumleri\/sogutma-kuleleri-kazanlar\/#breadcrumb"},"inLanguage":"tr","potentialAction":[{"@type":"ReadAction","target":["https:\/\/dmi65.com\/tr\/cozumleri\/sogutma-kuleleri-kazanlar\/"]}]},{"@type":"BreadcrumbList","@id":"https:\/\/dmi65.com\/tr\/cozumleri\/sogutma-kuleleri-kazanlar\/#breadcrumb","itemListElement":[{"@type":"ListItem","position":1,"name":"Home","item":"https:\/\/dmi65.com\/tr\/"},{"@type":"ListItem","position":2,"name":"\u00c7\u00f6z\u00fcmleri","item":"https:\/\/dmi65.com\/tr\/cozumleri\/"},{"@type":"ListItem","position":3,"name":"So\u011futma Kuleleri ve Kazanlar i\u00e7in Su Ar\u0131tma"}]},{"@type":"WebSite","@id":"https:\/\/dmi65.com\/tr\/#website","url":"https:\/\/dmi65.com\/tr\/","name":"DMI-65\u00ae","description":"Water Filtration &amp; Reverse Osmosis Treatment, Catalytic Media","publisher":{"@id":"https:\/\/dmi65.com\/tr\/#organization"},"potentialAction":[{"@type":"SearchAction","target":{"@type":"EntryPoint","urlTemplate":"https:\/\/dmi65.com\/tr\/?s={search_term_string}"},"query-input":{"@type":"PropertyValueSpecification","valueRequired":true,"valueName":"search_term_string"}}],"inLanguage":"tr"},{"@type":"Organization","@id":"https:\/\/dmi65.com\/tr\/#organization","name":"DMI-65 & Quantum Filtration Pty Ltd","url":"https:\/\/dmi65.com\/tr\/","logo":{"@type":"ImageObject","inLanguage":"tr","@id":"https:\/\/dmi65.com\/tr\/#\/schema\/logo\/image\/","url":"https:\/\/dmi65.com\/wp-content\/uploads\/2020\/04\/dmi65.png","contentUrl":"https:\/\/dmi65.com\/wp-content\/uploads\/2020\/04\/dmi65.png","width":440,"height":205,"caption":"DMI-65 & Quantum Filtration Pty Ltd"},"image":{"@id":"https:\/\/dmi65.com\/tr\/#\/schema\/logo\/image\/"},"sameAs":["https:\/\/www.linkedin.com\/company\/dmi-65","https:\/\/www.youtube.com\/channel\/UCbXoMn5KBp2jrnx4KR_Qg4A"]}]}},"_links":{"self":[{"href":"https:\/\/dmi65.com\/tr\/wp-json\/wp\/v2\/pages\/5837","targetHints":{"allow":["GET"]}}],"collection":[{"href":"https:\/\/dmi65.com\/tr\/wp-json\/wp\/v2\/pages"}],"about":[{"href":"https:\/\/dmi65.com\/tr\/wp-json\/wp\/v2\/types\/page"}],"author":[{"embeddable":true,"href":"https:\/\/dmi65.com\/tr\/wp-json\/wp\/v2\/users\/1"}],"replies":[{"embeddable":true,"href":"https:\/\/dmi65.com\/tr\/wp-json\/wp\/v2\/comments?post=5837"}],"version-history":[{"count":0,"href":"https:\/\/dmi65.com\/tr\/wp-json\/wp\/v2\/pages\/5837\/revisions"}],"up":[{"embeddable":true,"href":"https:\/\/dmi65.com\/tr\/wp-json\/wp\/v2\/pages\/7155"}],"wp:attachment":[{"href":"https:\/\/dmi65.com\/tr\/wp-json\/wp\/v2\/media?parent=5837"}],"curies":[{"name":"wp","href":"https:\/\/api.w.org\/{rel}","templated":true}]}}