{"id":5762,"date":"2020-06-09T11:03:52","date_gmt":"2020-06-09T03:03:52","guid":{"rendered":"http:\/\/dmi65.com\/ters-ozmoz-korumasi\/"},"modified":"2020-06-26T11:21:12","modified_gmt":"2020-06-26T03:21:12","slug":"ters-ozmoz-korumasi","status":"publish","type":"page","link":"https:\/\/dmi65.com\/tr\/cozumleri\/ters-ozmoz-korumasi\/","title":{"rendered":"Ters Ozmoz Korumas\u0131"},"content":{"rendered":"<div class=\"wpb-content-wrapper\"><p>[vc_row][vc_column][vc_column_text css=&#8221;.vc_custom_1592378764391{margin-top: 15px !important;margin-bottom: 15px !important;}&#8221;]<strong>Ters Ozmoz Korumas\u0131:<\/strong> DMI-65, Geli\u015fmi\u015f Oksidasyon S\u00fcreci ile potasyum permanganat kullanmadan Demir ve Manganez&#8217;in uzakla\u015ft\u0131r\u0131lmas\u0131 i\u00e7in tasarlanm\u0131\u015f son derece g\u00fc\u00e7l\u00fc bir silika kum ubazl\u0131 katalitik aksiyon su filtrasyon ortam\u0131d\u0131r.[\/vc_column_text][\/vc_column][\/vc_row][vc_row][vc_column]<div class=\"uavc-list-icon uavc-list-icon-wrapper ult-adjust-bottom-margin   vc_custom_1590987405882  vc_custom_1590987405882\"><ul class=\"uavc-list\"><li><div class=\"uavc-list-content\" id=\"list-icon-wrap-2128\">\n<div class=\"uavc-list-icon  \" data-animation=\"\" data-animation-delay=\"03\" style=\"margin-right:20px;\"><div class=\"ult-just-icon-wrapper  \"><div class=\"align-icon\" style=\"text-align:center;\">\n<div class=\"aio-icon none \"  style=\"color:#81d742;font-size:20px;display:inline-block;\">\n\t<i class=\"fas fa-check\"><\/i>\n<\/div><\/div><\/div>\n<\/div><span  data-ultimate-target='#list-icon-wrap-2128 .uavc-list-desc'  data-responsive-json-new='{\"font-size\":\"\",\"line-height\":\"\"}'  class=\"uavc-list-desc ult-responsive\" style=\"\"><strong>\u00d6nemli t\u00fcm ya\u015fam maliyeti tasarrufu <\/strong><\/p>\n<p><\/span><\/div><\/li><li><div class=\"uavc-list-content\" id=\"list-icon-wrap-4034\">\n<div class=\"uavc-list-icon  \" data-animation=\"\" data-animation-delay=\"03\" style=\"margin-right:20px;\"><div class=\"ult-just-icon-wrapper  \"><div class=\"align-icon\" style=\"text-align:center;\">\n<div class=\"aio-icon none \"  style=\"color:#81d742;font-size:20px;display:inline-block;\">\n\t<i class=\"fas fa-check\"><\/i>\n<\/div><\/div><\/div>\n<\/div><span  data-ultimate-target='#list-icon-wrap-4034 .uavc-list-desc'  data-responsive-json-new='{\"font-size\":\"\",\"line-height\":\"\"}'  class=\"uavc-list-desc ult-responsive\" style=\"\"><strong>Kapal\u0131 kalma s\u00fcresini azalt\u0131n<\/strong><\/p>\n<p><\/span><\/div><\/li><li><div class=\"uavc-list-content\" id=\"list-icon-wrap-9310\">\n<div class=\"uavc-list-icon  \" data-animation=\"\" data-animation-delay=\"03\" style=\"margin-right:20px;\"><div class=\"ult-just-icon-wrapper  \"><div class=\"align-icon\" style=\"text-align:center;\">\n<div class=\"aio-icon none \"  style=\"color:#81d742;font-size:20px;display:inline-block;\">\n\t<i class=\"fas fa-check\"><\/i>\n<\/div><\/div><\/div>\n<\/div><span  data-ultimate-target='#list-icon-wrap-9310 .uavc-list-desc'  data-responsive-json-new='{\"font-size\":\"\",\"line-height\":\"\"}'  class=\"uavc-list-desc ult-responsive\" style=\"\"><strong>Pahal\u0131 membran temizli\u011fi ve de\u011fi\u015ftirilmesine kar\u015f\u0131 tasarruf edin<\/strong><\/p>\n<p><\/span><\/div><\/li><li><div class=\"uavc-list-content\" id=\"list-icon-wrap-8098\">\n<div class=\"uavc-list-icon  \" data-animation=\"\" data-animation-delay=\"03\" style=\"margin-right:20px;\"><div class=\"ult-just-icon-wrapper  \"><div class=\"align-icon\" style=\"text-align:center;\">\n<div class=\"aio-icon none \"  style=\"color:#81d742;font-size:20px;display:inline-block;\">\n\t<i class=\"fas fa-check\"><\/i>\n<\/div><\/div><\/div>\n<\/div><span  data-ultimate-target='#list-icon-wrap-8098 .uavc-list-desc'  data-responsive-json-new='{\"font-size\":\"\",\"line-height\":\"\"}'  class=\"uavc-list-desc ult-responsive\" style=\"\"><strong>Ba\u015flang\u0131\u00e7 sistemi sermayesi yat\u0131r\u0131mlar\u0131n\u0131 azaltarak sistem performans\u0131n\u0131 \u00f6nemli \u00f6l\u00e7\u00fcde art\u0131rmak<\/strong><\/p>\n<p><\/span><\/div><\/li><\/ul><\/div>[vc_column_text css=&#8221;.vc_custom_1590989684555{margin-top: 15px !important;margin-bottom: 15px !important;}&#8221;]<\/p>\n<h5>Membran su filtrasyon sistemlerinde demir kirleme \u00e7ok yayg\u0131nd\u0131r. Herhangi bir kirlenme gibi, membran sisteminin performans kayb\u0131na neden olur, \u00f6zellikle ak\u0131 kayb\u0131. Buna ek olarak, demir varl\u0131\u011f\u0131 membran oksidasyon hasar\u0131na kar\u015f\u0131 daha duyarl\u0131 hale getirir.<\/h5>\n<p>[\/vc_column_text][vc_column_text]<\/p>\n<div class=\"wpb_text_column wpb_content_element \">\n<p>Ters Ozmoz Korumas\u0131 ba\u011flam\u0131nda, tipik demir kirlenme kaynaklar\u0131<\/p>\n<ul>\n<li>\u00c7\u00f6z\u00fcn\u00fcr diyvalent demir ve\/veya manganez i\u00e7eren anoksik akiferler<\/li>\n<li>Ham sudan oksitlenmi\u015f demir ve\/veya manganezhidroksit floks<\/li>\n<li>Demir kompleksleri i\u00e7eren do\u011fal organik madde (NOM)<\/li>\n<li>P\u0131ht\u0131la\u015fma s\u00fcrecinden hidroksit floklar<\/li>\n<li>Yem suyu i\u00e7in kullan\u0131lan boru malzemelerinden korozyon \u00fcr\u00fcnleri<\/li>\n<li>Demir i\u00e7eren silikatlar<\/li>\n<\/ul>\n<p>A\u015fa\u011f\u0131daki demir ve manganez kirlenme belirtileri \u015funlard\u0131r:<\/p>\n<ul>\n<li>Membranlar\u0131n renk de\u011fi\u015fikli\u011fi.<\/li>\n<li>Bireysel membran test verilerinde k\u00f6t\u00fc tuz reddi.<\/li>\n<li>Bireysel membran test verilerinde d\u00fc\u015f\u00fck ak\u0131\u015f.<\/li>\n<li>Bireysel membran test verilerinde olas\u0131 y\u00fcksek bas\u0131n\u00e7 diferansiyel.<\/li>\n<li>Yem suyunda bildirilen y\u00fcksek demir veya manganez de\u011ferleri.<\/li>\n<li>Y\u00fcksek bas\u0131n\u00e7 diferansiyel ilk dizi rapor.<\/li>\n<\/ul>\n<p>DMI-65 \u00f6n i\u015flem filtrasyon dahil maddi olarak bu semptomlar\u0131 azaltmak yan\u0131 s\u0131ra toplam RO sistemi yararlanan.<\/p>\n<p><a href=\"http:\/\/dmi65.com\/technical\/how-it-works\/\">DMI-65,<\/a> su ak\u0131\u015f\u0131na herhangi bir kimyasal leaching olas\u0131l\u0131\u011f\u0131n\u0131 ortadan kald\u0131ran di\u011fer katalitik su filtrasyon ortamlar\u0131n\u0131n aksine, sadece bir y\u00fczey kaplama teknolojisi de\u011fil, sadece bir y\u00fczey kaplama teknolojisidir.<\/p>\n<p>\u00c7\u00f6zeltidmi-65 demir (ve manganez) oksidasyon s\u00fcreci ba\u015flatmak i\u00e7in klor veya di\u011fer oksidan varl\u0131\u011f\u0131nda \u00e7al\u0131\u015fmak i\u00e7in tasarlanm\u0131\u015ft\u0131r. Bu s\u00fcre\u00e7te oksidan elektronlar\u0131 temizler ve bu i\u015flemde t\u00fcketilir. Operat\u00f6r, at\u0131k suda 0,1 &#8211; 0,3 ppm serbest klor art\u0131klar\u0131 oldu\u011fundan emin olmak gerekir. Sodyum hipoklorit veya \u00e7ama\u015f\u0131r suyu (12.5 NaOCl) olarak beslenen klor, nispeten ucuz oldu\u011fu i\u00e7in tercih edilen oksidand\u0131r, d\u00fcnya \u00e7ap\u0131nda kolayca kullan\u0131labilir ve etkilidir. Ayr\u0131ca herhangi bir dezenfektan s\u00fcrecinin b\u00fcy\u00fck \u00e7o\u011funlu\u011funu ger\u00e7ekle\u015ftirir.<\/p>\n<p>Daha y\u00fcksek rejenere dozajlar\u0131n iyon de\u011fi\u015fim kapasitesini art\u0131raca\u011f\u0131 iyon de\u011fi\u015fimi re\u00e7ineler aksine, Fe ve Mn&#8217;yi oksitlemek i\u00e7in gerekenden daha y\u00fcksek klor art\u0131klar\u0131 veya konsantrasyonlar\u0131 ortam\u0131n oksidatif \u00f6zelliklerini art\u0131rmaz. Ayr\u0131ca, bir RO sisteminde daha y\u00fcksek bir serbest klor kal\u0131nt\u0131s\u0131 art\u0131k azaltmak ve klor sald\u0131r\u0131s\u0131ndan membranlar\u0131 korumak i\u00e7in daha kapsaml\u0131 bir post tedavi gerektirir.<\/p>\n<p>DMI-65, \u0130\u00e7me Suyu Sistemi Bile\u015fenleri i\u00e7in ABD NSF\/ANSI 61 Standard\u0131&#8217;na ve 2010 su temini (Su Kalitesi) y\u00f6netmeliklerinin 31(4)(a) maddesi uyar\u0131nca \u0130ngiltere ve Galler&#8217;de kullan\u0131lmak \u00fczere onaylanm\u0131\u015ft\u0131r ve di\u011fer bir\u00e7ok su ar\u0131tma kurumu ve laboratuvar taraf\u0131ndan da test edilmi\u015ftir.<\/p>\n<p>DMI-65 Avustralya&#8217;da \u00fcretilmektedir.<\/p>\n<p><span style=\"text-decoration: underline;\">B\u00fcy\u00fck\/K\u00fc\u00e7\u00fck Harf Ge\u00e7mi\u015fi<\/span><\/p>\n<p>Orta Teksas&#8217;taki bir elektrik santralinde kartu\u015f koruma filtreleri ve RO membranlar\u0131n\u0131n demir kirlenmesinin 30 y\u0131ll\u0131k ge\u00e7mi\u015fi olan ters ozmoz (RO) sistemi vard\u0131. Kuyu suyundaki Fe ortalama 2.0 ppm idi ve \u00e7e\u015fitli ekipman yap\u0131land\u0131rmalar\u0131na ra\u011fmen 0.2 ppm&#8217;nin alt\u0131na d\u00fc\u015f\u00fcremediler. Bu, 5,0 mikron filtre kartu\u015flar\u0131n\u0131n s\u0131k ve pahal\u0131 bir \u015fekilde de\u011fi\u015ftirilmesiyle sonu\u00e7land\u0131. Biri antrasitli, di\u011feri bir tane de demir kirlemeyi hafifletmek i\u00e7in seri olarak kullan\u0131lan iki adet 6&#8242; \u00e7ap\u0131nda filtreleri vard\u0131. Bu filtrelerden gelen varolan t\u00fcm ortamlar kald\u0131r\u0131ld\u0131 ve paralel olarak \u00e7al\u0131\u015ft\u0131r\u0131lmak \u00fczere boruland\u0131. Daha sonra DMI-65 y\u00fckl\u00fc ve filtre i\u015flemi ile hemen ba\u015far\u0131l\u0131 oldu. Filtrelerden elde edilen at\u0131ktaki demir, Hach DR5000 kullan\u0131larak \u00f6l\u00e7\u00fcld\u00fc\u011f\u00fcnde ortalama 0,007 ppm&#8217;dir. Kartu\u015f filtrelerinin de\u011fi\u015ftirilmesi g\u00fcnler veya haftalar aras\u0131nda aylara kadar s\u00fcrd\u00fc.<\/p>\n<h4>Ters Ozmoz Korumadin&#8217;de DMI-65 kullanman\u0131n avantajlar\u0131<\/h4>\n<p><strong>Membran Korumas\u0131. <\/strong>\u00c7\u00f6z\u00fcnm\u00fc\u015f demirin 0,001 PPM gibi d\u00fc\u015f\u00fck seviyelere etkili bir \u015fekilde \u00e7\u0131kar\u0131lmas\u0131, demir kirlenme s\u0131kl\u0131\u011f\u0131n\u0131 \u00f6nemli \u00f6l\u00e7\u00fcde azalt\u0131r ve bu da membran replasman ihtiyac\u0131n\u0131 azalt\u0131r ve tedavi sisteminin en uygun d\u00fczeyde \u00e7al\u0131\u015fmas\u0131n\u0131 sa\u011flar. Membranlar pahal\u0131d\u0131r, bunlar\u0131n yerine ge\u00e7me s\u00fcresi ve \u00fcretim kesintileri gibi<strong><br \/>\n<\/strong><\/p>\n<p><strong>Y\u00fcksek Ak\u0131\u015f H\u0131zlar\u0131<\/strong>. DMI-65&#8217;in a\u015f\u0131lanm\u0131\u015f teknolojisi katalitik filtrasyon medyas\u0131n\u0131n en y\u00fcksek oksidasyon oran\u0131n\u0131 te\u015fvik eder. Bu demir ve manganez kald\u0131rma ayn\u0131 d\u00fczeyde elde etmek i\u00e7in \u00f6nemli \u00f6l\u00e7\u00fcde daha y\u00fcksek su ak\u0131\u015f h\u0131z\u0131 sa\u011flar. DMI-65, sermaye ekipman maliyetlerinde kar\u015f\u0131l\u0131k gelen bir azalma ile konvansiyonel medyan\u0131n iki kat\u0131na kadar do\u011frusal filtrasyon h\u0131zlar\u0131nda \u00e7al\u0131\u015fabilir.<\/p>\n<p><strong>Y\u00fcksek Y\u00fck Kapasitesi<\/strong> Matris malzemesinin mikro g\u00f6zenekli yap\u0131s\u0131 nedeniyle artan y\u00fczey alan\u0131 nedeniyle, DMI-65 ayn\u0131 zamanda filtre \u00e7al\u0131\u015f\u0131r s\u00fcresini ve geri y\u0131kama aras\u0131ndaki s\u00fcreyi uzatabilen ve b\u00f6ylece kesinti, i\u015fletme gideri ve israf\u0131 azaltabilen daha y\u00fcksek demir ve manganez y\u00fck kapasitesine sahiptir.<\/p>\n<p><strong>Rejenerasyon Gerekli De\u011fil<\/strong><strong>. <\/strong>Ortam potasyum <a href=\"https:\/\/en.wikipedia.org\/wiki\/Potassium_permanganate\" target=\"_blank\" rel=\"noopener noreferrer\">permanganat<\/a>ihtiyac\u0131n\u0131 ortadan kald\u0131r\u0131r d\u00fc\u015f\u00fck kal\u0131nt\u0131 d\u00fczeylerde (0,1 ila 0,3 ppm) sodyum hipoklorit s\u00fcrekli enjeksiyon ile \u00e7al\u0131\u015f\u0131r.<\/p>\n<p><strong>Geni\u015f \u00c7al\u0131\u015fma Ortam\u0131<\/strong><strong>. <\/strong>pH 5,8 ila 8,6&#8217;da istikrarl\u0131 ve tatmin edici performans ve maksimum \u00e7al\u0131\u015fma s\u0131cakl\u0131\u011f\u0131 113\u00b0 F (45\u00b0C) \u00e7al\u0131\u015fma ortam\u0131n\u0131 de\u011fi\u015ftirmek i\u00e7in yat\u0131r\u0131m ihtiyac\u0131n\u0131 azalt\u0131r.<\/p>\n<p><strong>Uzun \u00f6m\u00fcr. <\/strong>DMI-65 bu s\u00fcre\u00e7te t\u00fcketilmez ve di\u011fer s\u00fcre\u00e7lere veya ortama g\u00f6re \u00f6nemli avantajlar sa\u011flar. Medya katalitik i\u015fini yapmak i\u00e7in \u00e7\u00fcr\u00fcyen bir kapasite g\u00f6stermez. 5 ila 10 y\u0131ll\u0131k bir s\u00fcre i\u00e7inde, yata\u011f\u0131n bir\u00e7ok geri y\u0131kama i\u015flemleri ile muhafaza kat\u0131 kald\u0131rmak i\u00e7in, ortam bir y\u0131pranma kayb\u0131 par\u00e7ac\u0131klar ve mekanik a\u015f\u0131nma aras\u0131nda temas olu\u015fur.<\/p>\n<\/div>\n<p>[\/vc_column_text]<div class=\"dt-fancy-separator title-left h4-size\" style=\"width: 100%;\"><div class=\"dt-fancy-title\"><span class=\"separator-holder separator-left\"><\/span>Ters Ozmoz Korumas\u0131 I\u00e7in \u00d6rnek Olay \u0130ncelemesi &amp;amp; Referans<span class=\"separator-holder separator-right\"><\/span><\/div><\/div>[\/vc_column][\/vc_row][vc_row css=&#8221;.vc_custom_1592377977982{margin-top: 30px !important;}&#8221;][vc_column width=&#8221;1\/2&#8243;][vc_basic_grid post_type=&#8221;post&#8221; max_items=&#8221;1&#8243; element_width=&#8221;12&#8243; item=&#8221;masonryGrid_Default&#8221; grid_id=&#8221;vc_gid:1592797105275-c49d71c5-9558-2&#8243; taxonomies=&#8221;1046&#8243;][\/vc_column][vc_column width=&#8221;1\/2&#8243;][\/vc_column][\/vc_row][vc_row content_placement=&#8221;middle&#8221; css=&#8221;.vc_custom_1592797123999{padding-top: 20px !important;padding-right: 20px !important;padding-bottom: 5px !important;padding-left: 20px !important;}&#8221; el_class=&#8221;cta&#8221;][vc_column]<div class=\"dt-fancy-separator\" style=\"width: 100%;\"><div class=\"dt-fancy-title\"><span class=\"separator-holder separator-left\"><\/span>DMI-65\u00ae filtrasyon ortam\u0131n\u0131n Ters Ozmoz Koruma ihtiya\u00e7lar\u0131n\u0131za nas\u0131l yard\u0131mc\u0131 olabilece\u011fini \u00f6\u011frenmek i\u00e7in sorun.<span class=\"separator-holder separator-right\"><\/span><\/div><\/div>[vc_btn title=&#8221;Sormak&#8221; style=&#8221;custom&#8221; custom_background=&#8221;#162441&#8243; custom_text=&#8221;#ffffff&#8221; shape=&#8221;square&#8221; size=&#8221;lg&#8221; align=&#8221;center&#8221; i_align=&#8221;right&#8221; i_icon_fontawesome=&#8221;fas fa-chevron-right&#8221; add_icon=&#8221;true&#8221; css=&#8221;.vc_custom_1592793128520{margin-top: 20px !important;}&#8221; el_class=&#8221;ctaButton sg-popup-id-8233&#8243;][\/vc_column][\/vc_row]<\/p>\n<\/div>","protected":false},"excerpt":{"rendered":"<p>[vc_row][vc_column][vc_column_text css=&#8221;.vc_custom_1592378764391{margin-top: 15px !important;margin-bottom: 15px !important;}&#8221;]Ters Ozmoz Korumas\u0131: DMI-65, Geli\u015fmi\u015f Oksidasyon S\u00fcreci ile potasyum permanganat kullanmadan Demir ve Manganez&#8217;in uzakla\u015ft\u0131r\u0131lmas\u0131 i\u00e7in tasarlanm\u0131\u015f son derece g\u00fc\u00e7l\u00fc bir silika kum ubazl\u0131 katalitik aksiyon su filtrasyon ortam\u0131d\u0131r.[\/vc_column_text][\/vc_column][\/vc_row][vc_row][vc_column][vc_column_text css=&#8221;.vc_custom_1590989684555{margin-top: 15px !important;margin-bottom: 15px !important;}&#8221;] Membran su filtrasyon sistemlerinde demir kirleme \u00e7ok yayg\u0131nd\u0131r. Herhangi bir kirlenme gibi, membran sisteminin performans kayb\u0131na&hellip;<\/p>\n","protected":false},"author":1,"featured_media":0,"parent":7155,"menu_order":0,"comment_status":"closed","ping_status":"closed","template":"","meta":{"content-type":"","footnotes":""},"class_list":["post-5762","page","type-page","status-publish","hentry","description-off"],"yoast_head":"<!-- This site is optimized with the Yoast SEO plugin v25.2 - https:\/\/yoast.com\/wordpress\/plugins\/seo\/ -->\n<title>DMI-65 | Ters Ozmoz Koruma, Demir Kirlenme i\u00e7in Filtrasyon Sistemleri<\/title>\n<meta name=\"description\" content=\"DMI-65 filtrasyon ortam\u0131, demir kirlemi olan sistemler i\u00e7in t\u00fcm a\u011f\u0131r metalleri ve kirleticileri \u00f6nemli \u00f6l\u00e7\u00fcde azaltmak i\u00e7in ters ozmoz (RO) korumas\u0131 i\u00e7in kullan\u0131l\u0131r.\" \/>\n<meta name=\"robots\" content=\"index, follow, max-snippet:-1, max-image-preview:large, max-video-preview:-1\" \/>\n<link rel=\"canonical\" href=\"https:\/\/dmi65.com\/tr\/cozumleri\/ters-ozmoz-korumasi\/\" \/>\n<meta property=\"og:locale\" content=\"tr_TR\" \/>\n<meta property=\"og:type\" content=\"article\" \/>\n<meta property=\"og:title\" content=\"DMI-65 | Ters Ozmoz Koruma, Demir Kirlenme i\u00e7in Filtrasyon Sistemleri\" \/>\n<meta property=\"og:description\" content=\"DMI-65 filtrasyon ortam\u0131, demir kirlemi olan sistemler i\u00e7in t\u00fcm a\u011f\u0131r metalleri ve kirleticileri \u00f6nemli \u00f6l\u00e7\u00fcde azaltmak i\u00e7in ters ozmoz (RO) korumas\u0131 i\u00e7in kullan\u0131l\u0131r.\" \/>\n<meta property=\"og:url\" content=\"https:\/\/dmi65.com\/tr\/cozumleri\/ters-ozmoz-korumasi\/\" \/>\n<meta property=\"og:site_name\" content=\"DMI-65\u00ae\" \/>\n<meta property=\"article:modified_time\" content=\"2020-06-26T03:21:12+00:00\" \/>\n<meta property=\"og:image\" content=\"https:\/\/dmi65.com\/wp-content\/uploads\/2020\/06\/dmi65_Logo_Blk.png\" \/>\n\t<meta property=\"og:image:width\" content=\"466\" \/>\n\t<meta property=\"og:image:height\" content=\"200\" \/>\n\t<meta property=\"og:image:type\" content=\"image\/png\" \/>\n<meta name=\"twitter:card\" content=\"summary_large_image\" \/>\n<meta name=\"twitter:label1\" content=\"Tahmini okuma s\u00fcresi\" \/>\n\t<meta name=\"twitter:data1\" content=\"7 dakika\" \/>\n<script type=\"application\/ld+json\" class=\"yoast-schema-graph\">{\"@context\":\"https:\/\/schema.org\",\"@graph\":[{\"@type\":\"WebPage\",\"@id\":\"https:\/\/dmi65.com\/tr\/cozumleri\/ters-ozmoz-korumasi\/\",\"url\":\"https:\/\/dmi65.com\/tr\/cozumleri\/ters-ozmoz-korumasi\/\",\"name\":\"DMI-65 | Ters Ozmoz Koruma, Demir Kirlenme i\u00e7in Filtrasyon Sistemleri\",\"isPartOf\":{\"@id\":\"https:\/\/dmi65.com\/tr\/#website\"},\"datePublished\":\"2020-06-09T03:03:52+00:00\",\"dateModified\":\"2020-06-26T03:21:12+00:00\",\"description\":\"DMI-65 filtrasyon ortam\u0131, demir kirlemi olan sistemler i\u00e7in t\u00fcm a\u011f\u0131r metalleri ve kirleticileri \u00f6nemli \u00f6l\u00e7\u00fcde azaltmak i\u00e7in ters ozmoz (RO) korumas\u0131 i\u00e7in kullan\u0131l\u0131r.\",\"breadcrumb\":{\"@id\":\"https:\/\/dmi65.com\/tr\/cozumleri\/ters-ozmoz-korumasi\/#breadcrumb\"},\"inLanguage\":\"tr\",\"potentialAction\":[{\"@type\":\"ReadAction\",\"target\":[\"https:\/\/dmi65.com\/tr\/cozumleri\/ters-ozmoz-korumasi\/\"]}]},{\"@type\":\"BreadcrumbList\",\"@id\":\"https:\/\/dmi65.com\/tr\/cozumleri\/ters-ozmoz-korumasi\/#breadcrumb\",\"itemListElement\":[{\"@type\":\"ListItem\",\"position\":1,\"name\":\"Home\",\"item\":\"https:\/\/dmi65.com\/tr\/\"},{\"@type\":\"ListItem\",\"position\":2,\"name\":\"\u00c7\u00f6z\u00fcmleri\",\"item\":\"https:\/\/dmi65.com\/tr\/cozumleri\/\"},{\"@type\":\"ListItem\",\"position\":3,\"name\":\"Ters Ozmoz Korumas\u0131\"}]},{\"@type\":\"WebSite\",\"@id\":\"https:\/\/dmi65.com\/tr\/#website\",\"url\":\"https:\/\/dmi65.com\/tr\/\",\"name\":\"DMI-65\u00ae\",\"description\":\"Water Filtration &amp; Reverse Osmosis Treatment, Catalytic Media\",\"publisher\":{\"@id\":\"https:\/\/dmi65.com\/tr\/#organization\"},\"potentialAction\":[{\"@type\":\"SearchAction\",\"target\":{\"@type\":\"EntryPoint\",\"urlTemplate\":\"https:\/\/dmi65.com\/tr\/?s={search_term_string}\"},\"query-input\":{\"@type\":\"PropertyValueSpecification\",\"valueRequired\":true,\"valueName\":\"search_term_string\"}}],\"inLanguage\":\"tr\"},{\"@type\":\"Organization\",\"@id\":\"https:\/\/dmi65.com\/tr\/#organization\",\"name\":\"DMI-65 & Quantum Filtration Pty Ltd\",\"url\":\"https:\/\/dmi65.com\/tr\/\",\"logo\":{\"@type\":\"ImageObject\",\"inLanguage\":\"tr\",\"@id\":\"https:\/\/dmi65.com\/tr\/#\/schema\/logo\/image\/\",\"url\":\"https:\/\/dmi65.com\/wp-content\/uploads\/2020\/04\/dmi65.png\",\"contentUrl\":\"https:\/\/dmi65.com\/wp-content\/uploads\/2020\/04\/dmi65.png\",\"width\":440,\"height\":205,\"caption\":\"DMI-65 & Quantum Filtration Pty Ltd\"},\"image\":{\"@id\":\"https:\/\/dmi65.com\/tr\/#\/schema\/logo\/image\/\"},\"sameAs\":[\"https:\/\/www.linkedin.com\/company\/dmi-65\",\"https:\/\/www.youtube.com\/channel\/UCbXoMn5KBp2jrnx4KR_Qg4A\"]}]}<\/script>\n<!-- \/ Yoast SEO plugin. -->","yoast_head_json":{"title":"DMI-65 | Ters Ozmoz Koruma, Demir Kirlenme i\u00e7in Filtrasyon Sistemleri","description":"DMI-65 filtrasyon ortam\u0131, demir kirlemi olan sistemler i\u00e7in t\u00fcm a\u011f\u0131r metalleri ve kirleticileri \u00f6nemli \u00f6l\u00e7\u00fcde azaltmak i\u00e7in ters ozmoz (RO) korumas\u0131 i\u00e7in kullan\u0131l\u0131r.","robots":{"index":"index","follow":"follow","max-snippet":"max-snippet:-1","max-image-preview":"max-image-preview:large","max-video-preview":"max-video-preview:-1"},"canonical":"https:\/\/dmi65.com\/tr\/cozumleri\/ters-ozmoz-korumasi\/","og_locale":"tr_TR","og_type":"article","og_title":"DMI-65 | Ters Ozmoz Koruma, Demir Kirlenme i\u00e7in Filtrasyon Sistemleri","og_description":"DMI-65 filtrasyon ortam\u0131, demir kirlemi olan sistemler i\u00e7in t\u00fcm a\u011f\u0131r metalleri ve kirleticileri \u00f6nemli \u00f6l\u00e7\u00fcde azaltmak i\u00e7in ters ozmoz (RO) korumas\u0131 i\u00e7in kullan\u0131l\u0131r.","og_url":"https:\/\/dmi65.com\/tr\/cozumleri\/ters-ozmoz-korumasi\/","og_site_name":"DMI-65\u00ae","article_modified_time":"2020-06-26T03:21:12+00:00","og_image":[{"width":466,"height":200,"url":"https:\/\/dmi65.com\/wp-content\/uploads\/2020\/06\/dmi65_Logo_Blk.png","type":"image\/png"}],"twitter_card":"summary_large_image","twitter_misc":{"Tahmini okuma s\u00fcresi":"7 dakika"},"schema":{"@context":"https:\/\/schema.org","@graph":[{"@type":"WebPage","@id":"https:\/\/dmi65.com\/tr\/cozumleri\/ters-ozmoz-korumasi\/","url":"https:\/\/dmi65.com\/tr\/cozumleri\/ters-ozmoz-korumasi\/","name":"DMI-65 | Ters Ozmoz Koruma, Demir Kirlenme i\u00e7in Filtrasyon Sistemleri","isPartOf":{"@id":"https:\/\/dmi65.com\/tr\/#website"},"datePublished":"2020-06-09T03:03:52+00:00","dateModified":"2020-06-26T03:21:12+00:00","description":"DMI-65 filtrasyon ortam\u0131, demir kirlemi olan sistemler i\u00e7in t\u00fcm a\u011f\u0131r metalleri ve kirleticileri \u00f6nemli \u00f6l\u00e7\u00fcde azaltmak i\u00e7in ters ozmoz (RO) korumas\u0131 i\u00e7in kullan\u0131l\u0131r.","breadcrumb":{"@id":"https:\/\/dmi65.com\/tr\/cozumleri\/ters-ozmoz-korumasi\/#breadcrumb"},"inLanguage":"tr","potentialAction":[{"@type":"ReadAction","target":["https:\/\/dmi65.com\/tr\/cozumleri\/ters-ozmoz-korumasi\/"]}]},{"@type":"BreadcrumbList","@id":"https:\/\/dmi65.com\/tr\/cozumleri\/ters-ozmoz-korumasi\/#breadcrumb","itemListElement":[{"@type":"ListItem","position":1,"name":"Home","item":"https:\/\/dmi65.com\/tr\/"},{"@type":"ListItem","position":2,"name":"\u00c7\u00f6z\u00fcmleri","item":"https:\/\/dmi65.com\/tr\/cozumleri\/"},{"@type":"ListItem","position":3,"name":"Ters Ozmoz Korumas\u0131"}]},{"@type":"WebSite","@id":"https:\/\/dmi65.com\/tr\/#website","url":"https:\/\/dmi65.com\/tr\/","name":"DMI-65\u00ae","description":"Water Filtration &amp; Reverse Osmosis Treatment, Catalytic Media","publisher":{"@id":"https:\/\/dmi65.com\/tr\/#organization"},"potentialAction":[{"@type":"SearchAction","target":{"@type":"EntryPoint","urlTemplate":"https:\/\/dmi65.com\/tr\/?s={search_term_string}"},"query-input":{"@type":"PropertyValueSpecification","valueRequired":true,"valueName":"search_term_string"}}],"inLanguage":"tr"},{"@type":"Organization","@id":"https:\/\/dmi65.com\/tr\/#organization","name":"DMI-65 & Quantum Filtration Pty Ltd","url":"https:\/\/dmi65.com\/tr\/","logo":{"@type":"ImageObject","inLanguage":"tr","@id":"https:\/\/dmi65.com\/tr\/#\/schema\/logo\/image\/","url":"https:\/\/dmi65.com\/wp-content\/uploads\/2020\/04\/dmi65.png","contentUrl":"https:\/\/dmi65.com\/wp-content\/uploads\/2020\/04\/dmi65.png","width":440,"height":205,"caption":"DMI-65 & Quantum Filtration Pty Ltd"},"image":{"@id":"https:\/\/dmi65.com\/tr\/#\/schema\/logo\/image\/"},"sameAs":["https:\/\/www.linkedin.com\/company\/dmi-65","https:\/\/www.youtube.com\/channel\/UCbXoMn5KBp2jrnx4KR_Qg4A"]}]}},"_links":{"self":[{"href":"https:\/\/dmi65.com\/tr\/wp-json\/wp\/v2\/pages\/5762","targetHints":{"allow":["GET"]}}],"collection":[{"href":"https:\/\/dmi65.com\/tr\/wp-json\/wp\/v2\/pages"}],"about":[{"href":"https:\/\/dmi65.com\/tr\/wp-json\/wp\/v2\/types\/page"}],"author":[{"embeddable":true,"href":"https:\/\/dmi65.com\/tr\/wp-json\/wp\/v2\/users\/1"}],"replies":[{"embeddable":true,"href":"https:\/\/dmi65.com\/tr\/wp-json\/wp\/v2\/comments?post=5762"}],"version-history":[{"count":0,"href":"https:\/\/dmi65.com\/tr\/wp-json\/wp\/v2\/pages\/5762\/revisions"}],"up":[{"embeddable":true,"href":"https:\/\/dmi65.com\/tr\/wp-json\/wp\/v2\/pages\/7155"}],"wp:attachment":[{"href":"https:\/\/dmi65.com\/tr\/wp-json\/wp\/v2\/media?parent=5762"}],"curies":[{"name":"wp","href":"https:\/\/api.w.org\/{rel}","templated":true}]}}