{"id":9981,"date":"2020-08-11T15:06:42","date_gmt":"2020-08-11T07:06:42","guid":{"rendered":"https:\/\/dmi65.com\/regioes\/sudeste-da-asia-agua-potavel\/"},"modified":"2020-08-11T15:06:48","modified_gmt":"2020-08-11T07:06:48","slug":"sudeste-da-asia-agua-potavel","status":"publish","type":"page","link":"https:\/\/dmi65.com\/pt-br\/regioes\/sudeste-da-asia-agua-potavel\/","title":{"rendered":"Sudeste da \u00c1sia \u00c1gua Pot\u00e1vel"},"content":{"rendered":"<div class=\"wpb-content-wrapper\"><p>[vc_row][vc_column][vc_column_text]Sudeste asi\u00e1tico \u00c1gua Pot\u00e1vel: <a href=\"https:\/\/en.wikipedia.org\/wiki\/Southeast_Asia\" target=\"_blank\" rel=\"noopener noreferrer\">O Sudeste Asi\u00e1tico<\/a> \u00e9 uma das regi\u00f5es mais din\u00e2micas economicamente do mundo, assim como uma das regi\u00f5es mais vulner\u00e1veis aos efeitos das mudan\u00e7as clim\u00e1ticas. As cidades de r\u00e1pido crescimento no Sudeste Asi\u00e1tico t\u00eam que enfrentar simultaneamente diferentes n\u00edveis de desafios h\u00eddricos, como o aumento do acesso \u00e0 \u00e1gua pot\u00e1vel e ao saneamento e o planejamento para o aumento das inunda\u00e7\u00f5es, em n\u00edveis de renda mais baixos em compara\u00e7\u00e3o com a experi\u00eancia das cidades do Norte global. A qualidade da \u00e1gua emergiu como a mais importante preocupa\u00e7\u00e3o futura de seguran\u00e7a h\u00eddrica para toda a regi\u00e3o. Especificamente, desastres mais intensos, especialmente inunda\u00e7\u00f5es, t\u00eam o potencial de diminuir a qualidade da \u00e1gua nos pa\u00edses da Indon\u00e9sia, Filipinas, Vietn\u00e3, Mal\u00e1sia e Tail\u00e2ndia imediatamente ap\u00f3s o evento, bem como por um per\u00edodo maior de tempo atrav\u00e9s de danos \u00e0 infraestrutura.<\/p>\n<p>A \u00e1gua dom\u00e9stica para beber em \u00e1reas urbanas \u00e9 mais comumente originada de \u00e1gua superficial no Laos, Mianmar e Mal\u00e1sia. Em contraste, a maioria dos usu\u00e1rios de \u00e1gua no Camboja depende das \u00e1guas subterr\u00e2neas como sua principal fonte de \u00e1gua pot\u00e1vel, variando de cerca de 20% em \u00e1reas urbanas e 50% em \u00e1reas rurais no Camboja a pelo menos 90% em \u00e1reas urbanas e rurais na Indon\u00e9sia. Em toda a regi\u00e3o, o uso de \u00e1guas subterr\u00e2neas \u00e9 predominante entre os usu\u00e1rios dom\u00e9sticos nas \u00e1reas rurais e est\u00e1 aumentando devido \u00e0 demanda de uma popula\u00e7\u00e3o crescente, bem como \u00e0 demanda sazonal durante os ver\u00f5es. O aumento do uso de bombas de \u00e1gua eletrificadas para uso dom\u00e9stico tamb\u00e9m poderia aumentar as taxas de extra\u00e7\u00e3o de \u00e1guas subterr\u00e2neas. A principal quest\u00e3o de qualidade para as \u00e1guas subterr\u00e2neas dom\u00e9sticas \u00e9 a contamina\u00e7\u00e3o por \u00e1guas residuais e vazamento de instala\u00e7\u00f5es sanit\u00e1rias no local. Outras quest\u00f5es importantes de qualidade s\u00e3o a contamina\u00e7\u00e3o de pesticidas, fontes industriais e intrus\u00e3o salina. Algumas pessoas responderam a essas quest\u00f5es batendo n\u00edveis mais profundos de \u00e1guas subterr\u00e2neas. A polui\u00e7\u00e3o da \u00e1gua superficial na regi\u00e3o tamb\u00e9m tem impactado significativamente a qualidade das \u00e1guas subterr\u00e2neas.<\/p>\n<p>Mesmo aqueles pa\u00edses menos expostos a eventos de desastres, a seguran\u00e7a h\u00eddrica continua sendo uma grande preocupa\u00e7\u00e3o, pois eles t\u00eam que construir capacidade para enfrentar a quantidade de \u00e1gua e os desafios de qualidade, particularmente na esta\u00e7\u00e3o seca. A import\u00e2ncia da qualidade da \u00e1gua na garantia da seguran\u00e7a h\u00eddrica em todo o Sudeste Asi\u00e1tico sugere que ela deve ser um foco de futuros projetos de desenvolvimento relacionados \u00e0 \u00e1gua realizados na regi\u00e3o em todos os n\u00edveis. A constru\u00e7\u00e3o da robustez da infraestrutura h\u00eddrica para eventos de desastres e o planejamento de saneamento para cobrir \u00e1reas urbanas em expans\u00e3o ser\u00e3o cruciais para garantir a seguran\u00e7a h\u00eddrica futura em termos de qualidade da \u00e1gua em toda a regi\u00e3o. Essas duas a\u00e7\u00f5es ser\u00e3o destacadas para o desenvolvimento sustent\u00e1vel das cidades emergentes da regi\u00e3o e de suas mega-\u00e1reas metropolitanas estabelecidas.<\/p>\n<p><b>O DMI-65 pode ajudar a alcan\u00e7ar a seguran\u00e7a h\u00eddrica em toda a regi\u00e3o do Sudeste Asi\u00e1tico.<\/b> Ao serem utilizados em Esta\u00e7\u00f5es Municipais de Tratamento de \u00c1gua e filtros comerciais, metais pesados inc\u00f4modos podem ser removidos. Isso ajudar\u00e1 a melhorar a qualidade geral da \u00e1gua e fornecer fontes limpas de \u00e1gua pot\u00e1vel para as comunidades locais em toda a regi\u00e3o.<\/p>\n<p>[\/vc_column_text][\/vc_column][\/vc_row][vc_row content_placement=&#8221;middle&#8221; css=&#8221;.vc_custom_1592794121420{padding-top: 20px !important;padding-right: 20px !important;padding-bottom: 5px !important;padding-left: 20px !important;}&#8221; el_class=&#8221;cta&#8221;][vc_column]<div class=\"dt-fancy-separator\" style=\"width: 100%;\"><div class=\"dt-fancy-title\"><span class=\"separator-holder separator-left\"><\/span>Consulte para saber como o DMI-65\u00ae m\u00eddia de filtragem pode ajudar na \u00e1gua pot\u00e1vel para o Sudeste Asi\u00e1tico.<span class=\"separator-holder separator-right\"><\/span><\/div><\/div>[vc_btn title=&#8221;Perguntar&#8221; style=&#8221;custom&#8221; custom_background=&#8221;#162441&#8243; custom_text=&#8221;#ffffff&#8221; shape=&#8221;square&#8221; size=&#8221;lg&#8221; align=&#8221;center&#8221; i_align=&#8221;right&#8221; i_icon_fontawesome=&#8221;fas fa-chevron-right&#8221; add_icon=&#8221;true&#8221; css=&#8221;.vc_custom_1592793128520{margin-top: 20px !important;}&#8221; el_class=&#8221;ctaButton sg-popup-id-8233&#8243;][\/vc_column][\/vc_row][vc_row][vc_column][vc_empty_space]<div class=\"dt-fancy-separator title-left\" style=\"width: 100%;\"><div class=\"dt-fancy-title\"><span class=\"separator-holder separator-left\"><\/span>Estudos de Caso Sudeste Asi\u00e1tico<span class=\"separator-holder separator-right\"><\/span><\/div><\/div>[vc_empty_space][\/vc_column][\/vc_row][vc_row][vc_column][vc_basic_grid post_type=&#8221;post&#8221; max_items=&#8221;4&#8243; element_width=&#8221;6&#8243; item=&#8221;masonryGrid_Default&#8221; grid_id=&#8221;vc_gid:1597129153488-2b5893f5-76e2-7&#8243; taxonomies=&#8221;1409&#8243;][\/vc_column][\/vc_row]<\/p>\n<\/div>","protected":false},"excerpt":{"rendered":"<p>[vc_row][vc_column][vc_column_text]Sudeste asi\u00e1tico \u00c1gua Pot\u00e1vel: O Sudeste Asi\u00e1tico \u00e9 uma das regi\u00f5es mais din\u00e2micas economicamente do mundo, assim como uma das regi\u00f5es mais vulner\u00e1veis aos efeitos das mudan\u00e7as clim\u00e1ticas. As cidades de r\u00e1pido crescimento no Sudeste Asi\u00e1tico t\u00eam que enfrentar simultaneamente diferentes n\u00edveis de desafios h\u00eddricos, como o aumento do acesso \u00e0 \u00e1gua pot\u00e1vel e ao&hellip;<\/p>\n","protected":false},"author":1,"featured_media":0,"parent":7124,"menu_order":0,"comment_status":"closed","ping_status":"closed","template":"","meta":{"content-type":"","footnotes":""},"class_list":["post-9981","page","type-page","status-publish","hentry","description-off"],"yoast_head":"<!-- This site is optimized with the Yoast SEO plugin v25.2 - https:\/\/yoast.com\/wordpress\/plugins\/seo\/ -->\n<title>\u00c1gua pot\u00e1vel do Sudeste Asi\u00e1tico com m\u00eddia de filtragem - DMI-65\u00ae<\/title>\n<meta name=\"description\" content=\"O DMI-65 pode ajudar a alcan\u00e7ar a seguran\u00e7a h\u00eddrica, em toda a regi\u00e3o do Sudeste Asi\u00e1tico, removendo metais pesados para a qualidade da \u00e1gua pot\u00e1vel.\" \/>\n<meta name=\"robots\" content=\"index, follow, max-snippet:-1, max-image-preview:large, max-video-preview:-1\" \/>\n<link rel=\"canonical\" href=\"https:\/\/dmi65.com\/pt-br\/regioes\/sudeste-da-asia-agua-potavel\/\" \/>\n<meta property=\"og:locale\" content=\"pt_BR\" \/>\n<meta property=\"og:type\" content=\"article\" \/>\n<meta property=\"og:title\" content=\"\u00c1gua pot\u00e1vel do Sudeste Asi\u00e1tico com m\u00eddia de filtragem - DMI-65\u00ae\" \/>\n<meta property=\"og:description\" content=\"O DMI-65 pode ajudar a alcan\u00e7ar a seguran\u00e7a h\u00eddrica, em toda a regi\u00e3o do Sudeste Asi\u00e1tico, removendo metais pesados para a qualidade da \u00e1gua pot\u00e1vel.\" \/>\n<meta property=\"og:url\" content=\"https:\/\/dmi65.com\/pt-br\/regioes\/sudeste-da-asia-agua-potavel\/\" \/>\n<meta property=\"og:site_name\" content=\"DMI-65\u00ae\" \/>\n<meta property=\"article:modified_time\" content=\"2020-08-11T07:06:48+00:00\" \/>\n<meta property=\"og:image\" content=\"https:\/\/dmi65.com\/wp-content\/uploads\/2020\/06\/dmi65_Logo_Blk.png\" \/>\n\t<meta property=\"og:image:width\" content=\"466\" \/>\n\t<meta property=\"og:image:height\" content=\"200\" \/>\n\t<meta property=\"og:image:type\" content=\"image\/png\" \/>\n<meta name=\"twitter:card\" content=\"summary_large_image\" \/>\n<meta name=\"twitter:label1\" content=\"Est. tempo de leitura\" \/>\n\t<meta name=\"twitter:data1\" content=\"4 minutos\" \/>\n<script type=\"application\/ld+json\" class=\"yoast-schema-graph\">{\"@context\":\"https:\/\/schema.org\",\"@graph\":[{\"@type\":\"WebPage\",\"@id\":\"https:\/\/dmi65.com\/pt-br\/regioes\/sudeste-da-asia-agua-potavel\/\",\"url\":\"https:\/\/dmi65.com\/pt-br\/regioes\/sudeste-da-asia-agua-potavel\/\",\"name\":\"\u00c1gua pot\u00e1vel do Sudeste Asi\u00e1tico com m\u00eddia de filtragem - DMI-65\u00ae\",\"isPartOf\":{\"@id\":\"https:\/\/dmi65.com\/pt-br\/#website\"},\"datePublished\":\"2020-08-11T07:06:42+00:00\",\"dateModified\":\"2020-08-11T07:06:48+00:00\",\"description\":\"O DMI-65 pode ajudar a alcan\u00e7ar a seguran\u00e7a h\u00eddrica, em toda a regi\u00e3o do Sudeste Asi\u00e1tico, removendo metais pesados para a qualidade da \u00e1gua pot\u00e1vel.\",\"breadcrumb\":{\"@id\":\"https:\/\/dmi65.com\/pt-br\/regioes\/sudeste-da-asia-agua-potavel\/#breadcrumb\"},\"inLanguage\":\"pt-BR\",\"potentialAction\":[{\"@type\":\"ReadAction\",\"target\":[\"https:\/\/dmi65.com\/pt-br\/regioes\/sudeste-da-asia-agua-potavel\/\"]}]},{\"@type\":\"BreadcrumbList\",\"@id\":\"https:\/\/dmi65.com\/pt-br\/regioes\/sudeste-da-asia-agua-potavel\/#breadcrumb\",\"itemListElement\":[{\"@type\":\"ListItem\",\"position\":1,\"name\":\"Home\",\"item\":\"https:\/\/dmi65.com\/pt-br\/\"},{\"@type\":\"ListItem\",\"position\":2,\"name\":\"Regi\u00f5es\",\"item\":\"https:\/\/dmi65.com\/pt-br\/regioes\/\"},{\"@type\":\"ListItem\",\"position\":3,\"name\":\"Sudeste da \u00c1sia \u00c1gua Pot\u00e1vel\"}]},{\"@type\":\"WebSite\",\"@id\":\"https:\/\/dmi65.com\/pt-br\/#website\",\"url\":\"https:\/\/dmi65.com\/pt-br\/\",\"name\":\"DMI-65\u00ae\",\"description\":\"Water Filtration &amp; Reverse Osmosis Treatment, Catalytic Media\",\"publisher\":{\"@id\":\"https:\/\/dmi65.com\/pt-br\/#organization\"},\"potentialAction\":[{\"@type\":\"SearchAction\",\"target\":{\"@type\":\"EntryPoint\",\"urlTemplate\":\"https:\/\/dmi65.com\/pt-br\/?s={search_term_string}\"},\"query-input\":{\"@type\":\"PropertyValueSpecification\",\"valueRequired\":true,\"valueName\":\"search_term_string\"}}],\"inLanguage\":\"pt-BR\"},{\"@type\":\"Organization\",\"@id\":\"https:\/\/dmi65.com\/pt-br\/#organization\",\"name\":\"DMI-65 & Quantum Filtration Pty Ltd\",\"url\":\"https:\/\/dmi65.com\/pt-br\/\",\"logo\":{\"@type\":\"ImageObject\",\"inLanguage\":\"pt-BR\",\"@id\":\"https:\/\/dmi65.com\/pt-br\/#\/schema\/logo\/image\/\",\"url\":\"https:\/\/dmi65.com\/wp-content\/uploads\/2020\/04\/dmi65.png\",\"contentUrl\":\"https:\/\/dmi65.com\/wp-content\/uploads\/2020\/04\/dmi65.png\",\"width\":440,\"height\":205,\"caption\":\"DMI-65 & Quantum Filtration Pty Ltd\"},\"image\":{\"@id\":\"https:\/\/dmi65.com\/pt-br\/#\/schema\/logo\/image\/\"},\"sameAs\":[\"https:\/\/www.linkedin.com\/company\/dmi-65\",\"https:\/\/www.youtube.com\/channel\/UCbXoMn5KBp2jrnx4KR_Qg4A\"]}]}<\/script>\n<!-- \/ Yoast SEO plugin. -->","yoast_head_json":{"title":"\u00c1gua pot\u00e1vel do Sudeste Asi\u00e1tico com m\u00eddia de filtragem - DMI-65\u00ae","description":"O DMI-65 pode ajudar a alcan\u00e7ar a seguran\u00e7a h\u00eddrica, em toda a regi\u00e3o do Sudeste Asi\u00e1tico, removendo metais pesados para a qualidade da \u00e1gua pot\u00e1vel.","robots":{"index":"index","follow":"follow","max-snippet":"max-snippet:-1","max-image-preview":"max-image-preview:large","max-video-preview":"max-video-preview:-1"},"canonical":"https:\/\/dmi65.com\/pt-br\/regioes\/sudeste-da-asia-agua-potavel\/","og_locale":"pt_BR","og_type":"article","og_title":"\u00c1gua pot\u00e1vel do Sudeste Asi\u00e1tico com m\u00eddia de filtragem - DMI-65\u00ae","og_description":"O DMI-65 pode ajudar a alcan\u00e7ar a seguran\u00e7a h\u00eddrica, em toda a regi\u00e3o do Sudeste Asi\u00e1tico, removendo metais pesados para a qualidade da \u00e1gua pot\u00e1vel.","og_url":"https:\/\/dmi65.com\/pt-br\/regioes\/sudeste-da-asia-agua-potavel\/","og_site_name":"DMI-65\u00ae","article_modified_time":"2020-08-11T07:06:48+00:00","og_image":[{"width":466,"height":200,"url":"https:\/\/dmi65.com\/wp-content\/uploads\/2020\/06\/dmi65_Logo_Blk.png","type":"image\/png"}],"twitter_card":"summary_large_image","twitter_misc":{"Est. tempo de leitura":"4 minutos"},"schema":{"@context":"https:\/\/schema.org","@graph":[{"@type":"WebPage","@id":"https:\/\/dmi65.com\/pt-br\/regioes\/sudeste-da-asia-agua-potavel\/","url":"https:\/\/dmi65.com\/pt-br\/regioes\/sudeste-da-asia-agua-potavel\/","name":"\u00c1gua pot\u00e1vel do Sudeste Asi\u00e1tico com m\u00eddia de filtragem - DMI-65\u00ae","isPartOf":{"@id":"https:\/\/dmi65.com\/pt-br\/#website"},"datePublished":"2020-08-11T07:06:42+00:00","dateModified":"2020-08-11T07:06:48+00:00","description":"O DMI-65 pode ajudar a alcan\u00e7ar a seguran\u00e7a h\u00eddrica, em toda a regi\u00e3o do Sudeste Asi\u00e1tico, removendo metais pesados para a qualidade da \u00e1gua pot\u00e1vel.","breadcrumb":{"@id":"https:\/\/dmi65.com\/pt-br\/regioes\/sudeste-da-asia-agua-potavel\/#breadcrumb"},"inLanguage":"pt-BR","potentialAction":[{"@type":"ReadAction","target":["https:\/\/dmi65.com\/pt-br\/regioes\/sudeste-da-asia-agua-potavel\/"]}]},{"@type":"BreadcrumbList","@id":"https:\/\/dmi65.com\/pt-br\/regioes\/sudeste-da-asia-agua-potavel\/#breadcrumb","itemListElement":[{"@type":"ListItem","position":1,"name":"Home","item":"https:\/\/dmi65.com\/pt-br\/"},{"@type":"ListItem","position":2,"name":"Regi\u00f5es","item":"https:\/\/dmi65.com\/pt-br\/regioes\/"},{"@type":"ListItem","position":3,"name":"Sudeste da \u00c1sia \u00c1gua Pot\u00e1vel"}]},{"@type":"WebSite","@id":"https:\/\/dmi65.com\/pt-br\/#website","url":"https:\/\/dmi65.com\/pt-br\/","name":"DMI-65\u00ae","description":"Water Filtration &amp; Reverse Osmosis Treatment, Catalytic Media","publisher":{"@id":"https:\/\/dmi65.com\/pt-br\/#organization"},"potentialAction":[{"@type":"SearchAction","target":{"@type":"EntryPoint","urlTemplate":"https:\/\/dmi65.com\/pt-br\/?s={search_term_string}"},"query-input":{"@type":"PropertyValueSpecification","valueRequired":true,"valueName":"search_term_string"}}],"inLanguage":"pt-BR"},{"@type":"Organization","@id":"https:\/\/dmi65.com\/pt-br\/#organization","name":"DMI-65 & Quantum Filtration Pty Ltd","url":"https:\/\/dmi65.com\/pt-br\/","logo":{"@type":"ImageObject","inLanguage":"pt-BR","@id":"https:\/\/dmi65.com\/pt-br\/#\/schema\/logo\/image\/","url":"https:\/\/dmi65.com\/wp-content\/uploads\/2020\/04\/dmi65.png","contentUrl":"https:\/\/dmi65.com\/wp-content\/uploads\/2020\/04\/dmi65.png","width":440,"height":205,"caption":"DMI-65 & Quantum Filtration Pty Ltd"},"image":{"@id":"https:\/\/dmi65.com\/pt-br\/#\/schema\/logo\/image\/"},"sameAs":["https:\/\/www.linkedin.com\/company\/dmi-65","https:\/\/www.youtube.com\/channel\/UCbXoMn5KBp2jrnx4KR_Qg4A"]}]}},"_links":{"self":[{"href":"https:\/\/dmi65.com\/pt-br\/wp-json\/wp\/v2\/pages\/9981","targetHints":{"allow":["GET"]}}],"collection":[{"href":"https:\/\/dmi65.com\/pt-br\/wp-json\/wp\/v2\/pages"}],"about":[{"href":"https:\/\/dmi65.com\/pt-br\/wp-json\/wp\/v2\/types\/page"}],"author":[{"embeddable":true,"href":"https:\/\/dmi65.com\/pt-br\/wp-json\/wp\/v2\/users\/1"}],"replies":[{"embeddable":true,"href":"https:\/\/dmi65.com\/pt-br\/wp-json\/wp\/v2\/comments?post=9981"}],"version-history":[{"count":3,"href":"https:\/\/dmi65.com\/pt-br\/wp-json\/wp\/v2\/pages\/9981\/revisions"}],"predecessor-version":[{"id":9989,"href":"https:\/\/dmi65.com\/pt-br\/wp-json\/wp\/v2\/pages\/9981\/revisions\/9989"}],"up":[{"embeddable":true,"href":"https:\/\/dmi65.com\/pt-br\/wp-json\/wp\/v2\/pages\/7124"}],"wp:attachment":[{"href":"https:\/\/dmi65.com\/pt-br\/wp-json\/wp\/v2\/media?parent=9981"}],"curies":[{"name":"wp","href":"https:\/\/api.w.org\/{rel}","templated":true}]}}