{"id":9947,"date":"2020-08-11T15:03:41","date_gmt":"2020-08-11T07:03:41","guid":{"rendered":"https:\/\/dmi65.com\/regioes\/crise-hidrica-na-africa-do-sul\/"},"modified":"2020-08-11T15:03:42","modified_gmt":"2020-08-11T07:03:42","slug":"crise-hidrica-na-africa-do-sul","status":"publish","type":"page","link":"https:\/\/dmi65.com\/pt-br\/regioes\/crise-hidrica-na-africa-do-sul\/","title":{"rendered":"Crise h\u00eddrica na \u00c1frica do Sul"},"content":{"rendered":"<div class=\"wpb-content-wrapper\"><p>[vc_row][vc_column][vc_column_text]Crise H\u00eddrica na \u00c1frica do Sul: a \u00c1frica do Sul \u00e9 um pa\u00eds com cerca de duas vezes o tamanho do Texas, que abriga 49 milh\u00f5es de pessoas. Este pa\u00eds tem sido atingido por afetos desde o apartheid de longa data at\u00e9 a devasta\u00e7\u00e3o que doen\u00e7as como HIV\/AIDS e TB causaram. Agora, outra crise paira \u00e0 dist\u00e2ncia: a \u00e1gua. \u00c0 medida que mais e mais pessoas migram para cidades de aldeias rurais, a press\u00e3o para que a cidade atenda \u00e0s demandas h\u00eddricas est\u00e1 aumentando cada vez mais.<\/p>\n<p>H\u00e1 muitas raz\u00f5es que atribuem a esta crescente crise h\u00eddrica na \u00c1frica do Sul. As mudan\u00e7as clim\u00e1ticas afetaram o abastecimento de \u00e1gua na regi\u00e3o. As chuvas que normalmente v\u00eam e abastecem a \u00e1gua do pa\u00eds vieram com pouca frequ\u00eancia. Por exemplo, em Durban, as barragens s\u00e3o 20% menores do que no in\u00edcio de 2010. Devido a esse fato, as cidades est\u00e3o procurando impor restri\u00e7\u00f5es de \u00e1gua \u00e0s comunidades Outro problema que Durban, em particular, enfrenta \u00e9 a \u00e1gua roubada. De acordo com um relat\u00f3rio, 35% da \u00e1gua das cidades \u00e9 roubada ou dada atrav\u00e9s de conex\u00f5es ilegais.<\/p>\n<p>Al\u00e9m disso, medidas preventivas que foram colocadas em pr\u00e1tica, como a constru\u00e7\u00e3o de barragens na \u00e1rea, nem sequer come\u00e7aram ou ainda est\u00e3o em processo de constru\u00e7\u00e3o e as estruturas que est\u00e3o em vigor agora est\u00e3o lentamente em colapso. Aqueles em \u00e1reas rurais ainda n\u00e3o t\u00eam acesso \u00e0 \u00e1gua. Um relat\u00f3rio afirmou que cerca de 5 milh\u00f5es de pessoas n\u00e3o t\u00eam acesso \u00e0 \u00e1gua e 15 milh\u00f5es n\u00e3o t\u00eam acesso ao saneamento b\u00e1sico. Esse n\u00famero melhorou muito desde o fim do apartheid em 1994, no entanto, esses n\u00fameros ainda s\u00e3o muito altos e nenhuma pessoa deve nunca ter acesso \u00e0 necessidade mais b\u00e1sica da vida, que \u00e9 a \u00e1gua.<\/p>\n<p>Curiosamente, a \u00c1frica do Sul possui um dos sistemas de \u00e1gua mais limpos do mundo, no entanto, devido \u00e0 falta de saneamento e acesso nas comunidades rurais do pa\u00eds, a amea\u00e7a de doen\u00e7as transmitidas pela \u00e1gua est\u00e1 aumentando constantemente. O rio Vaal, o maior rio da \u00c1frica do Sul e destino tur\u00edstico popular est\u00e1 se tornando cada vez mais contaminado com material fecal devido \u00e0 falta de suprimentos de saneamento.<\/p>\n<p>As chuvas da \u00c1frica do Sul sempre foram vari\u00e1veis e imprevis\u00edveis. Este continua sendo um dos maiores riscos para a agricultura alimentada pela chuva, como os agricultores karoo (Cabo Norte) est\u00e3o atualmente experimentando. Suprimentos confi\u00e1veis podem ser fornecidos aos usu\u00e1rios de \u00e1gua urbana e industrial \u2013 e aos agricultores de irriga\u00e7\u00e3o \u2013 se a infraestrutura de armazenamento for constru\u00edda com capacidade suficiente para lidar com per\u00edodos secos regulares. Mas essa infraestrutura tem que ser gerenciada com um olhar atento sobre o clima em constante mudan\u00e7a.<\/p>\n<p>Pesquisas recentes mostraram que os suprimentos de \u00e1gua subterr\u00e2nea africana ainda n\u00e3o est\u00e3o sendo afetados negativamente. Temperaturas mais quentes ver\u00e3o mais evapora\u00e7\u00e3o da superf\u00edcie terrestre, mas tamb\u00e9m \u00e9 esperado que as tempestades se tornem mais intensas. Mais chuva cair\u00e1 em um tempo mais curto e isso produz mais recarga do que chuva lenta e suave. O mesmo efeito poderia ver a vaz\u00e3o do rio aumentar. No momento, a \u00c1frica do Sul usa apenas cerca de 30% da \u00e1gua em seus rios e subterr\u00e2neos. Usar mais rapidamente se tornaria mais caro. Mas a mudan\u00e7a clim\u00e1tica pode ajudar. Atualmente, apenas 8% das chuvas realmente correm para os rios e est\u00e3o dispon\u00edveis para serem usadas ou armazenadas em barragens. Se as chuvas se tornarem mais intensas, essa propor\u00e7\u00e3o ser\u00e1 maior.<\/p>\n<p>Munic\u00edpios como <a href=\"https:\/\/en.wikipedia.org\/wiki\/George,_Western_Cape\" target=\"_blank\" rel=\"noopener noreferrer\">George<\/a>, localizado na prov\u00edncia do Cabo Ocidental, resolveram a crise h\u00eddrica usando o DMI-65 em suas esta\u00e7\u00f5es de tratamento de \u00e1gua pot\u00e1vel. O DMI-65 \u00e9 uma m\u00eddia de filtro catal\u00edtico avan\u00e7ada que remove metais pesados do abastecimento de \u00e1gua subterr\u00e2nea. As comunidades locais do munic\u00edpio de George anteriormente tinham problemas terr\u00edveis com n\u00edveis excessivos de ferro e mangan\u00eas em seu abastecimento de \u00e1gua, a \u00e1gua parecia marrom de cor e tinha um mau odor. Desde a implanta\u00e7\u00e3o do DMI-65, a qualidade da \u00e1gua pot\u00e1vel local melhorou acentuadamente, a ponto de o governo George agora fornecer \u00e1gua pot\u00e1vel para os munic\u00edpios vizinhos. Existem v\u00e1rios outros munic\u00edpios que agora procuram implementar o <a href=\"https:\/\/dmi65.com\/pt-br\/tecnico\/como-funciona\/\">DMI-65<\/a> para melhorar a qualidade da \u00e1gua pot\u00e1vel da comunidade.<\/p>\n<h4>O DMI-65 \u00e9 uma m\u00eddia avan\u00e7ada de filtro catal\u00edtico que remove metais pesados e pode ser usada para ajudar na crise h\u00eddrica da \u00c1frica do Sul.<\/h4>\n<p>[\/vc_column_text][\/vc_column][\/vc_row][vc_row content_placement=&#8221;middle&#8221; css=&#8221;.vc_custom_1592794121420{padding-top: 20px !important;padding-right: 20px !important;padding-bottom: 5px !important;padding-left: 20px !important;}&#8221; el_class=&#8221;cta&#8221;][vc_column]<div class=\"dt-fancy-separator\" style=\"width: 100%;\"><div class=\"dt-fancy-title\"><span class=\"separator-holder separator-left\"><\/span>Consulte para saber como a m\u00eddia de filtragem \u00ae DMI-65 pode ajudar na Crise H\u00eddrica da \u00c1frica do Sul<span class=\"separator-holder separator-right\"><\/span><\/div><\/div>[vc_btn title=&#8221;Perguntar&#8221; style=&#8221;custom&#8221; custom_background=&#8221;#162441&#8243; custom_text=&#8221;#ffffff&#8221; shape=&#8221;square&#8221; size=&#8221;lg&#8221; align=&#8221;center&#8221; i_align=&#8221;right&#8221; i_icon_fontawesome=&#8221;fas fa-chevron-right&#8221; add_icon=&#8221;true&#8221; css=&#8221;.vc_custom_1592793128520{margin-top: 20px !important;}&#8221; el_class=&#8221;ctaButton sg-popup-id-8233&#8243;][\/vc_column][\/vc_row][vc_row][vc_column][vc_empty_space]<div class=\"dt-fancy-separator title-left\" style=\"width: 100%;\"><div class=\"dt-fancy-title\"><span class=\"separator-holder separator-left\"><\/span>Estudos de Caso na \u00c1frica do Sul<span class=\"separator-holder separator-right\"><\/span><\/div><\/div>[vc_empty_space][\/vc_column][\/vc_row][vc_row][vc_column][vc_basic_grid post_type=&#8221;post&#8221; max_items=&#8221;2&#8243; element_width=&#8221;6&#8243; item=&#8221;masonryGrid_Default&#8221; grid_id=&#8221;vc_gid:1597129268861-a296b67c-b68b-2&#8243; taxonomies=&#8221;944&#8243;][\/vc_column][\/vc_row]<\/p>\n<\/div>","protected":false},"excerpt":{"rendered":"<p>[vc_row][vc_column][vc_column_text]Crise H\u00eddrica na \u00c1frica do Sul: a \u00c1frica do Sul \u00e9 um pa\u00eds com cerca de duas vezes o tamanho do Texas, que abriga 49 milh\u00f5es de pessoas. Este pa\u00eds tem sido atingido por afetos desde o apartheid de longa data at\u00e9 a devasta\u00e7\u00e3o que doen\u00e7as como HIV\/AIDS e TB causaram. Agora, outra crise paira&hellip;<\/p>\n","protected":false},"author":1,"featured_media":0,"parent":7124,"menu_order":0,"comment_status":"closed","ping_status":"closed","template":"","meta":{"content-type":"","footnotes":""},"class_list":["post-9947","page","type-page","status-publish","hentry","description-off"],"yoast_head":"<!-- This site is optimized with the Yoast SEO plugin v25.2 - https:\/\/yoast.com\/wordpress\/plugins\/seo\/ -->\n<title>Resolvendo a crise h\u00eddrica da \u00c1frica do Sul com DMI-65 - DMI-65\u00ae<\/title>\n<meta name=\"description\" content=\"O DMI-65 \u00e9 uma m\u00eddia avan\u00e7ada de filtro catal\u00edtico que remove metais pesados e pode ser usada para ajudar na crise h\u00eddrica da \u00c1frica do Sul.\" \/>\n<meta name=\"robots\" content=\"index, follow, max-snippet:-1, max-image-preview:large, max-video-preview:-1\" \/>\n<link rel=\"canonical\" href=\"https:\/\/dmi65.com\/pt-br\/regioes\/crise-hidrica-na-africa-do-sul\/\" \/>\n<meta property=\"og:locale\" content=\"pt_BR\" \/>\n<meta property=\"og:type\" content=\"article\" \/>\n<meta property=\"og:title\" content=\"Resolvendo a crise h\u00eddrica da \u00c1frica do Sul com DMI-65 - DMI-65\u00ae\" \/>\n<meta property=\"og:description\" content=\"O DMI-65 \u00e9 uma m\u00eddia avan\u00e7ada de filtro catal\u00edtico que remove metais pesados e pode ser usada para ajudar na crise h\u00eddrica da \u00c1frica do Sul.\" \/>\n<meta property=\"og:url\" content=\"https:\/\/dmi65.com\/pt-br\/regioes\/crise-hidrica-na-africa-do-sul\/\" \/>\n<meta property=\"og:site_name\" content=\"DMI-65\u00ae\" \/>\n<meta property=\"article:modified_time\" content=\"2020-08-11T07:03:42+00:00\" \/>\n<meta property=\"og:image\" content=\"https:\/\/dmi65.com\/wp-content\/uploads\/2020\/06\/dmi65_Logo_Blk.png\" \/>\n\t<meta property=\"og:image:width\" content=\"466\" \/>\n\t<meta property=\"og:image:height\" content=\"200\" \/>\n\t<meta property=\"og:image:type\" content=\"image\/png\" \/>\n<meta name=\"twitter:card\" content=\"summary_large_image\" \/>\n<meta name=\"twitter:label1\" content=\"Est. tempo de leitura\" \/>\n\t<meta name=\"twitter:data1\" content=\"5 minutos\" \/>\n<script type=\"application\/ld+json\" class=\"yoast-schema-graph\">{\"@context\":\"https:\/\/schema.org\",\"@graph\":[{\"@type\":\"WebPage\",\"@id\":\"https:\/\/dmi65.com\/pt-br\/regioes\/crise-hidrica-na-africa-do-sul\/\",\"url\":\"https:\/\/dmi65.com\/pt-br\/regioes\/crise-hidrica-na-africa-do-sul\/\",\"name\":\"Resolvendo a crise h\u00eddrica da \u00c1frica do Sul com DMI-65 - DMI-65\u00ae\",\"isPartOf\":{\"@id\":\"https:\/\/dmi65.com\/pt-br\/#website\"},\"datePublished\":\"2020-08-11T07:03:41+00:00\",\"dateModified\":\"2020-08-11T07:03:42+00:00\",\"description\":\"O DMI-65 \u00e9 uma m\u00eddia avan\u00e7ada de filtro catal\u00edtico que remove metais pesados e pode ser usada para ajudar na crise h\u00eddrica da \u00c1frica do Sul.\",\"breadcrumb\":{\"@id\":\"https:\/\/dmi65.com\/pt-br\/regioes\/crise-hidrica-na-africa-do-sul\/#breadcrumb\"},\"inLanguage\":\"pt-BR\",\"potentialAction\":[{\"@type\":\"ReadAction\",\"target\":[\"https:\/\/dmi65.com\/pt-br\/regioes\/crise-hidrica-na-africa-do-sul\/\"]}]},{\"@type\":\"BreadcrumbList\",\"@id\":\"https:\/\/dmi65.com\/pt-br\/regioes\/crise-hidrica-na-africa-do-sul\/#breadcrumb\",\"itemListElement\":[{\"@type\":\"ListItem\",\"position\":1,\"name\":\"Home\",\"item\":\"https:\/\/dmi65.com\/pt-br\/\"},{\"@type\":\"ListItem\",\"position\":2,\"name\":\"Regi\u00f5es\",\"item\":\"https:\/\/dmi65.com\/pt-br\/regioes\/\"},{\"@type\":\"ListItem\",\"position\":3,\"name\":\"Crise h\u00eddrica na \u00c1frica do Sul\"}]},{\"@type\":\"WebSite\",\"@id\":\"https:\/\/dmi65.com\/pt-br\/#website\",\"url\":\"https:\/\/dmi65.com\/pt-br\/\",\"name\":\"DMI-65\u00ae\",\"description\":\"Water Filtration &amp; Reverse Osmosis Treatment, Catalytic Media\",\"publisher\":{\"@id\":\"https:\/\/dmi65.com\/pt-br\/#organization\"},\"potentialAction\":[{\"@type\":\"SearchAction\",\"target\":{\"@type\":\"EntryPoint\",\"urlTemplate\":\"https:\/\/dmi65.com\/pt-br\/?s={search_term_string}\"},\"query-input\":{\"@type\":\"PropertyValueSpecification\",\"valueRequired\":true,\"valueName\":\"search_term_string\"}}],\"inLanguage\":\"pt-BR\"},{\"@type\":\"Organization\",\"@id\":\"https:\/\/dmi65.com\/pt-br\/#organization\",\"name\":\"DMI-65 & Quantum Filtration Pty Ltd\",\"url\":\"https:\/\/dmi65.com\/pt-br\/\",\"logo\":{\"@type\":\"ImageObject\",\"inLanguage\":\"pt-BR\",\"@id\":\"https:\/\/dmi65.com\/pt-br\/#\/schema\/logo\/image\/\",\"url\":\"https:\/\/dmi65.com\/wp-content\/uploads\/2020\/04\/dmi65.png\",\"contentUrl\":\"https:\/\/dmi65.com\/wp-content\/uploads\/2020\/04\/dmi65.png\",\"width\":440,\"height\":205,\"caption\":\"DMI-65 & Quantum Filtration Pty Ltd\"},\"image\":{\"@id\":\"https:\/\/dmi65.com\/pt-br\/#\/schema\/logo\/image\/\"},\"sameAs\":[\"https:\/\/www.linkedin.com\/company\/dmi-65\",\"https:\/\/www.youtube.com\/channel\/UCbXoMn5KBp2jrnx4KR_Qg4A\"]}]}<\/script>\n<!-- \/ Yoast SEO plugin. -->","yoast_head_json":{"title":"Resolvendo a crise h\u00eddrica da \u00c1frica do Sul com DMI-65 - DMI-65\u00ae","description":"O DMI-65 \u00e9 uma m\u00eddia avan\u00e7ada de filtro catal\u00edtico que remove metais pesados e pode ser usada para ajudar na crise h\u00eddrica da \u00c1frica do Sul.","robots":{"index":"index","follow":"follow","max-snippet":"max-snippet:-1","max-image-preview":"max-image-preview:large","max-video-preview":"max-video-preview:-1"},"canonical":"https:\/\/dmi65.com\/pt-br\/regioes\/crise-hidrica-na-africa-do-sul\/","og_locale":"pt_BR","og_type":"article","og_title":"Resolvendo a crise h\u00eddrica da \u00c1frica do Sul com DMI-65 - DMI-65\u00ae","og_description":"O DMI-65 \u00e9 uma m\u00eddia avan\u00e7ada de filtro catal\u00edtico que remove metais pesados e pode ser usada para ajudar na crise h\u00eddrica da \u00c1frica do Sul.","og_url":"https:\/\/dmi65.com\/pt-br\/regioes\/crise-hidrica-na-africa-do-sul\/","og_site_name":"DMI-65\u00ae","article_modified_time":"2020-08-11T07:03:42+00:00","og_image":[{"width":466,"height":200,"url":"https:\/\/dmi65.com\/wp-content\/uploads\/2020\/06\/dmi65_Logo_Blk.png","type":"image\/png"}],"twitter_card":"summary_large_image","twitter_misc":{"Est. tempo de leitura":"5 minutos"},"schema":{"@context":"https:\/\/schema.org","@graph":[{"@type":"WebPage","@id":"https:\/\/dmi65.com\/pt-br\/regioes\/crise-hidrica-na-africa-do-sul\/","url":"https:\/\/dmi65.com\/pt-br\/regioes\/crise-hidrica-na-africa-do-sul\/","name":"Resolvendo a crise h\u00eddrica da \u00c1frica do Sul com DMI-65 - DMI-65\u00ae","isPartOf":{"@id":"https:\/\/dmi65.com\/pt-br\/#website"},"datePublished":"2020-08-11T07:03:41+00:00","dateModified":"2020-08-11T07:03:42+00:00","description":"O DMI-65 \u00e9 uma m\u00eddia avan\u00e7ada de filtro catal\u00edtico que remove metais pesados e pode ser usada para ajudar na crise h\u00eddrica da \u00c1frica do Sul.","breadcrumb":{"@id":"https:\/\/dmi65.com\/pt-br\/regioes\/crise-hidrica-na-africa-do-sul\/#breadcrumb"},"inLanguage":"pt-BR","potentialAction":[{"@type":"ReadAction","target":["https:\/\/dmi65.com\/pt-br\/regioes\/crise-hidrica-na-africa-do-sul\/"]}]},{"@type":"BreadcrumbList","@id":"https:\/\/dmi65.com\/pt-br\/regioes\/crise-hidrica-na-africa-do-sul\/#breadcrumb","itemListElement":[{"@type":"ListItem","position":1,"name":"Home","item":"https:\/\/dmi65.com\/pt-br\/"},{"@type":"ListItem","position":2,"name":"Regi\u00f5es","item":"https:\/\/dmi65.com\/pt-br\/regioes\/"},{"@type":"ListItem","position":3,"name":"Crise h\u00eddrica na \u00c1frica do Sul"}]},{"@type":"WebSite","@id":"https:\/\/dmi65.com\/pt-br\/#website","url":"https:\/\/dmi65.com\/pt-br\/","name":"DMI-65\u00ae","description":"Water Filtration &amp; Reverse Osmosis Treatment, Catalytic Media","publisher":{"@id":"https:\/\/dmi65.com\/pt-br\/#organization"},"potentialAction":[{"@type":"SearchAction","target":{"@type":"EntryPoint","urlTemplate":"https:\/\/dmi65.com\/pt-br\/?s={search_term_string}"},"query-input":{"@type":"PropertyValueSpecification","valueRequired":true,"valueName":"search_term_string"}}],"inLanguage":"pt-BR"},{"@type":"Organization","@id":"https:\/\/dmi65.com\/pt-br\/#organization","name":"DMI-65 & Quantum Filtration Pty Ltd","url":"https:\/\/dmi65.com\/pt-br\/","logo":{"@type":"ImageObject","inLanguage":"pt-BR","@id":"https:\/\/dmi65.com\/pt-br\/#\/schema\/logo\/image\/","url":"https:\/\/dmi65.com\/wp-content\/uploads\/2020\/04\/dmi65.png","contentUrl":"https:\/\/dmi65.com\/wp-content\/uploads\/2020\/04\/dmi65.png","width":440,"height":205,"caption":"DMI-65 & Quantum Filtration Pty Ltd"},"image":{"@id":"https:\/\/dmi65.com\/pt-br\/#\/schema\/logo\/image\/"},"sameAs":["https:\/\/www.linkedin.com\/company\/dmi-65","https:\/\/www.youtube.com\/channel\/UCbXoMn5KBp2jrnx4KR_Qg4A"]}]}},"_links":{"self":[{"href":"https:\/\/dmi65.com\/pt-br\/wp-json\/wp\/v2\/pages\/9947","targetHints":{"allow":["GET"]}}],"collection":[{"href":"https:\/\/dmi65.com\/pt-br\/wp-json\/wp\/v2\/pages"}],"about":[{"href":"https:\/\/dmi65.com\/pt-br\/wp-json\/wp\/v2\/types\/page"}],"author":[{"embeddable":true,"href":"https:\/\/dmi65.com\/pt-br\/wp-json\/wp\/v2\/users\/1"}],"replies":[{"embeddable":true,"href":"https:\/\/dmi65.com\/pt-br\/wp-json\/wp\/v2\/comments?post=9947"}],"version-history":[{"count":1,"href":"https:\/\/dmi65.com\/pt-br\/wp-json\/wp\/v2\/pages\/9947\/revisions"}],"predecessor-version":[{"id":9948,"href":"https:\/\/dmi65.com\/pt-br\/wp-json\/wp\/v2\/pages\/9947\/revisions\/9948"}],"up":[{"embeddable":true,"href":"https:\/\/dmi65.com\/pt-br\/wp-json\/wp\/v2\/pages\/7124"}],"wp:attachment":[{"href":"https:\/\/dmi65.com\/pt-br\/wp-json\/wp\/v2\/media?parent=9947"}],"curies":[{"name":"wp","href":"https:\/\/api.w.org\/{rel}","templated":true}]}}