{"id":9892,"date":"2020-08-11T14:33:16","date_gmt":"2020-08-11T06:33:16","guid":{"rendered":"https:\/\/dmi65.com\/regioes\/china-agua-potavel\/"},"modified":"2020-08-11T14:33:19","modified_gmt":"2020-08-11T06:33:19","slug":"china-agua-potavel","status":"publish","type":"page","link":"https:\/\/dmi65.com\/pt-br\/regioes\/china-agua-potavel\/","title":{"rendered":"China \u00c1gua Pot\u00e1vel"},"content":{"rendered":"<div class=\"wpb-content-wrapper\"><p>[vc_row][vc_column][vc_column_text]<strong>\u00c1gua pot\u00e1vel da China:<\/strong> Os problemas de abastecimento de \u00e1gua da China s\u00e3o bem conhecidos globalmente. No entanto, o principal problema enfrentado pela China \u00e9 como distribuir sua \u00e1gua, em vez da falta de \u00e1gua em si. 80% do abastecimento de \u00e1gua da China est\u00e1 no sul da <a href=\"https:\/\/en.wikipedia.org\/wiki\/South_China\" target=\"_blank\" rel=\"noopener noreferrer\">China.<\/a> Mas essa \u00e1gua n\u00e3o pode ser usada pela popula\u00e7\u00e3o de 12 prov\u00edncias chinesas que representam 41% de sua popula\u00e7\u00e3o total, 38% da agricultura chinesa, 46% de sua ind\u00fastria e 50% de sua gera\u00e7\u00e3o de energia. Oito dessas prov\u00edncias est\u00e3o atualmente experimentando escassez aguda de \u00e1gua, enquanto em quatro prov\u00edncias a \u00e1gua \u00e9 meramente &#8220;escassa&#8221;, e duas prov\u00edncias s\u00e3o em grande parte desertas. Al\u00e9m disso, o problema est\u00e1 piorando, com 28.000 rios na China secando nos \u00faltimos 25 anos. E o apetite da China por \u00e1gua continua a crescer, com previs\u00e3o de consumo para 670 bilh\u00f5es de metros c\u00fabicos por ano at\u00e9 o in\u00edcio da d\u00e9cada de 2020.<\/p>\n<p>Somando-se ao problema est\u00e1 o fato de que a minera\u00e7\u00e3o de carv\u00e3o \u00e9 um processo intensivo em \u00e1gua, bem como poluente, e 85% das reservas de carv\u00e3o na China est\u00e3o localizadas em prov\u00edncias onde a \u00e1gua \u00e9 escassa e deve ser compartilhada com uma grande ind\u00fastria agr\u00edcola. Alegadamente, 20% de todo o uso de \u00e1gua na China \u00e9 para minera\u00e7\u00e3o, processamento ou consumo de carv\u00e3o, e quase 70% \u00e9 para fins agr\u00edcolas. O r\u00e1pido crescimento da demanda de \u00e1gua, combinado com a depend\u00eancia das \u00e1guas subterr\u00e2neas extra\u00eddas de aqu\u00edferos, resultou em um novo problema : a subsid\u00eancia. Isso representa uma amea\u00e7a para mais de 50 cidades na China e est\u00e1 sendo monitorado de perto pelo governo.<\/p>\n<p>A urbaniza\u00e7\u00e3o tem representado um enorme problema para a sociedade de classe m\u00e9dia em r\u00e1pido crescimento. O grande n\u00famero de pessoas que est\u00e3o se mudando para as cidades em busca de oportunidades de emprego, agora t\u00eam expectativas mais altas e a qualidade da \u00e1gua \u00e9 parte integrante desse estilo de vida. Muitas cidades em toda a China est\u00e3o utilizando filtros de areia r\u00e1pida em suas Esta\u00e7\u00f5es Municipais de Tratamento de \u00c1gua.<\/p>\n<h4><a href=\"https:\/\/dmi65.com\/pt-br\/tecnico\/como-funciona\/\">O DMI-65<\/a> pode ser facilmente usado nestes filtros, a fim de remover metais pesados do abastecimento de \u00e1gua subterr\u00e2nea e melhorar drasticamente a qualidade da \u00e1gua pot\u00e1vel para as comunidades locais.<\/h4>\n<p>Sob o governo de Xi Jinping, Pequim, Tianjin e a prov\u00edncia vizinha de Hebei desenvolveram-se significativamente. No entanto, os 112 milh\u00f5es de pessoas que vivem l\u00e1 administram com menos do que o consumo anual de \u00e1gua per capita da Ar\u00e1bia Saudita. Em 2016, o prefeito de Pequim anunciou que, principalmente devido \u00e0 escassez de \u00e1gua, a popula\u00e7\u00e3o da cidade n\u00e3o poderia subir acima de 23 milh\u00f5es de pessoas. Em 2016, a prov\u00edncia de Gansu enfrentou graves problemas e os moradores s\u00f3 tiveram acesso \u00e0 \u00e1gua por uma hora por dia, e depois tiveram que transportar a \u00e1gua para seus apartamentos altos.<\/p>\n<p>O governo anunciou em 2015 que investiria CNY800 bilh\u00f5es (US$ 127 bilh\u00f5es) na melhoria da irriga\u00e7\u00e3o por meio de projetos de conserva\u00e7\u00e3o da \u00e1gua, muitos dos quais estavam focados em melhorar a irriga\u00e7\u00e3o. O governo tamb\u00e9m supostamente planeja investir mais de CNY6 trilh\u00f5es nos pr\u00f3ximos anos melhorando a infraestrutura h\u00eddrica da China e diminuindo a polui\u00e7\u00e3o da \u00e1gua.<\/p>\n<p>Os planos da China para enfrentar a polui\u00e7\u00e3o h\u00eddrica est\u00e3o inclu\u00eddos no 13\u00ba <a href=\"https:\/\/www.chinawaterrisk.org\/notices\/chinas-13th-five-year-plan-2016-2020\/\">Plano Quinquenal<\/a>, que cont\u00e9m a estrat\u00e9gia do governo para combater esse problema, assim como o Plano de Aloca\u00e7\u00e3o de \u00c1gua de 2013 para o Desenvolvimento de Bases de Carv\u00e3o e o Plano de \u00c1gua de 10 Pontos de 2015. O Plano de \u00c1gua de 10 Pontos tem como foco promover a reciclagem e diminuir os n\u00edveis de polui\u00e7\u00e3o para aumentar o fornecimento de \u00e1gua. O 13\u00ba Plano Quinquenal estabelece metas e estipula qual minist\u00e9rio seria respons\u00e1vel pela implementa\u00e7\u00e3o de cada parte do plano.[\/vc_column_text][\/vc_column][\/vc_row][vc_row content_placement=&#8221;middle&#8221; css=&#8221;.vc_custom_1592794121420{padding-top: 20px !important;padding-right: 20px !important;padding-bottom: 5px !important;padding-left: 20px !important;}&#8221; el_class=&#8221;cta&#8221;][vc_column]<div class=\"dt-fancy-separator\" style=\"width: 100%;\"><div class=\"dt-fancy-title\"><span class=\"separator-holder separator-left\"><\/span>Consulte para descobrir como o DMI-65\u00ae m\u00eddia de filtragem pode ser usada para a china beber \u00e1gua.<span class=\"separator-holder separator-right\"><\/span><\/div><\/div>[vc_btn title=&#8221;Perguntar&#8221; style=&#8221;custom&#8221; custom_background=&#8221;#162441&#8243; custom_text=&#8221;#ffffff&#8221; shape=&#8221;square&#8221; size=&#8221;lg&#8221; align=&#8221;center&#8221; i_align=&#8221;right&#8221; i_icon_fontawesome=&#8221;fas fa-chevron-right&#8221; add_icon=&#8221;true&#8221; css=&#8221;.vc_custom_1592793128520{margin-top: 20px !important;}&#8221; el_class=&#8221;ctaButton sg-popup-id-8233&#8243;][\/vc_column][\/vc_row]<\/p>\n<\/div>","protected":false},"excerpt":{"rendered":"<p>[vc_row][vc_column][vc_column_text]\u00c1gua pot\u00e1vel da China: Os problemas de abastecimento de \u00e1gua da China s\u00e3o bem conhecidos globalmente. No entanto, o principal problema enfrentado pela China \u00e9 como distribuir sua \u00e1gua, em vez da falta de \u00e1gua em si. 80% do abastecimento de \u00e1gua da China est\u00e1 no sul da China. Mas essa \u00e1gua n\u00e3o pode ser&hellip;<\/p>\n","protected":false},"author":1,"featured_media":0,"parent":7124,"menu_order":0,"comment_status":"closed","ping_status":"closed","template":"","meta":{"content-type":"","footnotes":""},"class_list":["post-9892","page","type-page","status-publish","hentry","description-off"],"yoast_head":"<!-- This site is optimized with the Yoast SEO plugin v25.2 - https:\/\/yoast.com\/wordpress\/plugins\/seo\/ -->\n<title>China \u00c1gua Pot\u00e1vel usando filtra\u00e7\u00e3o m\u00eddia - DMI-65\u00ae<\/title>\n<meta name=\"description\" content=\"China Drinking Water: o principal problema enfrentado pela China \u00e9 como distribuir sua \u00e1gua, em vez da falta de \u00e1gua em si.\" \/>\n<meta name=\"robots\" content=\"index, follow, max-snippet:-1, max-image-preview:large, max-video-preview:-1\" \/>\n<link rel=\"canonical\" href=\"https:\/\/dmi65.com\/pt-br\/regioes\/china-agua-potavel\/\" \/>\n<meta property=\"og:locale\" content=\"pt_BR\" \/>\n<meta property=\"og:type\" content=\"article\" \/>\n<meta property=\"og:title\" content=\"China \u00c1gua Pot\u00e1vel usando filtra\u00e7\u00e3o m\u00eddia - DMI-65\u00ae\" \/>\n<meta property=\"og:description\" content=\"China Drinking Water: o principal problema enfrentado pela China \u00e9 como distribuir sua \u00e1gua, em vez da falta de \u00e1gua em si.\" \/>\n<meta property=\"og:url\" content=\"https:\/\/dmi65.com\/pt-br\/regioes\/china-agua-potavel\/\" \/>\n<meta property=\"og:site_name\" content=\"DMI-65\u00ae\" \/>\n<meta property=\"article:modified_time\" content=\"2020-08-11T06:33:19+00:00\" \/>\n<meta property=\"og:image\" content=\"https:\/\/dmi65.com\/wp-content\/uploads\/2020\/06\/dmi65_Logo_Blk.png\" \/>\n\t<meta property=\"og:image:width\" content=\"466\" \/>\n\t<meta property=\"og:image:height\" content=\"200\" \/>\n\t<meta property=\"og:image:type\" content=\"image\/png\" \/>\n<meta name=\"twitter:card\" content=\"summary_large_image\" \/>\n<meta name=\"twitter:label1\" content=\"Est. tempo de leitura\" \/>\n\t<meta name=\"twitter:data1\" content=\"4 minutos\" \/>\n<script type=\"application\/ld+json\" class=\"yoast-schema-graph\">{\"@context\":\"https:\/\/schema.org\",\"@graph\":[{\"@type\":\"WebPage\",\"@id\":\"https:\/\/dmi65.com\/pt-br\/regioes\/china-agua-potavel\/\",\"url\":\"https:\/\/dmi65.com\/pt-br\/regioes\/china-agua-potavel\/\",\"name\":\"China \u00c1gua Pot\u00e1vel usando filtra\u00e7\u00e3o m\u00eddia - DMI-65\u00ae\",\"isPartOf\":{\"@id\":\"https:\/\/dmi65.com\/pt-br\/#website\"},\"datePublished\":\"2020-08-11T06:33:16+00:00\",\"dateModified\":\"2020-08-11T06:33:19+00:00\",\"description\":\"China Drinking Water: o principal problema enfrentado pela China \u00e9 como distribuir sua \u00e1gua, em vez da falta de \u00e1gua em si.\",\"breadcrumb\":{\"@id\":\"https:\/\/dmi65.com\/pt-br\/regioes\/china-agua-potavel\/#breadcrumb\"},\"inLanguage\":\"pt-BR\",\"potentialAction\":[{\"@type\":\"ReadAction\",\"target\":[\"https:\/\/dmi65.com\/pt-br\/regioes\/china-agua-potavel\/\"]}]},{\"@type\":\"BreadcrumbList\",\"@id\":\"https:\/\/dmi65.com\/pt-br\/regioes\/china-agua-potavel\/#breadcrumb\",\"itemListElement\":[{\"@type\":\"ListItem\",\"position\":1,\"name\":\"Home\",\"item\":\"https:\/\/dmi65.com\/pt-br\/\"},{\"@type\":\"ListItem\",\"position\":2,\"name\":\"Regi\u00f5es\",\"item\":\"https:\/\/dmi65.com\/pt-br\/regioes\/\"},{\"@type\":\"ListItem\",\"position\":3,\"name\":\"China \u00c1gua Pot\u00e1vel\"}]},{\"@type\":\"WebSite\",\"@id\":\"https:\/\/dmi65.com\/pt-br\/#website\",\"url\":\"https:\/\/dmi65.com\/pt-br\/\",\"name\":\"DMI-65\u00ae\",\"description\":\"Water Filtration &amp; Reverse Osmosis Treatment, Catalytic Media\",\"publisher\":{\"@id\":\"https:\/\/dmi65.com\/pt-br\/#organization\"},\"potentialAction\":[{\"@type\":\"SearchAction\",\"target\":{\"@type\":\"EntryPoint\",\"urlTemplate\":\"https:\/\/dmi65.com\/pt-br\/?s={search_term_string}\"},\"query-input\":{\"@type\":\"PropertyValueSpecification\",\"valueRequired\":true,\"valueName\":\"search_term_string\"}}],\"inLanguage\":\"pt-BR\"},{\"@type\":\"Organization\",\"@id\":\"https:\/\/dmi65.com\/pt-br\/#organization\",\"name\":\"DMI-65 & Quantum Filtration Pty Ltd\",\"url\":\"https:\/\/dmi65.com\/pt-br\/\",\"logo\":{\"@type\":\"ImageObject\",\"inLanguage\":\"pt-BR\",\"@id\":\"https:\/\/dmi65.com\/pt-br\/#\/schema\/logo\/image\/\",\"url\":\"https:\/\/dmi65.com\/wp-content\/uploads\/2020\/04\/dmi65.png\",\"contentUrl\":\"https:\/\/dmi65.com\/wp-content\/uploads\/2020\/04\/dmi65.png\",\"width\":440,\"height\":205,\"caption\":\"DMI-65 & Quantum Filtration Pty Ltd\"},\"image\":{\"@id\":\"https:\/\/dmi65.com\/pt-br\/#\/schema\/logo\/image\/\"},\"sameAs\":[\"https:\/\/www.linkedin.com\/company\/dmi-65\",\"https:\/\/www.youtube.com\/channel\/UCbXoMn5KBp2jrnx4KR_Qg4A\"]}]}<\/script>\n<!-- \/ Yoast SEO plugin. -->","yoast_head_json":{"title":"China \u00c1gua Pot\u00e1vel usando filtra\u00e7\u00e3o m\u00eddia - DMI-65\u00ae","description":"China Drinking Water: o principal problema enfrentado pela China \u00e9 como distribuir sua \u00e1gua, em vez da falta de \u00e1gua em si.","robots":{"index":"index","follow":"follow","max-snippet":"max-snippet:-1","max-image-preview":"max-image-preview:large","max-video-preview":"max-video-preview:-1"},"canonical":"https:\/\/dmi65.com\/pt-br\/regioes\/china-agua-potavel\/","og_locale":"pt_BR","og_type":"article","og_title":"China \u00c1gua Pot\u00e1vel usando filtra\u00e7\u00e3o m\u00eddia - DMI-65\u00ae","og_description":"China Drinking Water: o principal problema enfrentado pela China \u00e9 como distribuir sua \u00e1gua, em vez da falta de \u00e1gua em si.","og_url":"https:\/\/dmi65.com\/pt-br\/regioes\/china-agua-potavel\/","og_site_name":"DMI-65\u00ae","article_modified_time":"2020-08-11T06:33:19+00:00","og_image":[{"width":466,"height":200,"url":"https:\/\/dmi65.com\/wp-content\/uploads\/2020\/06\/dmi65_Logo_Blk.png","type":"image\/png"}],"twitter_card":"summary_large_image","twitter_misc":{"Est. tempo de leitura":"4 minutos"},"schema":{"@context":"https:\/\/schema.org","@graph":[{"@type":"WebPage","@id":"https:\/\/dmi65.com\/pt-br\/regioes\/china-agua-potavel\/","url":"https:\/\/dmi65.com\/pt-br\/regioes\/china-agua-potavel\/","name":"China \u00c1gua Pot\u00e1vel usando filtra\u00e7\u00e3o m\u00eddia - DMI-65\u00ae","isPartOf":{"@id":"https:\/\/dmi65.com\/pt-br\/#website"},"datePublished":"2020-08-11T06:33:16+00:00","dateModified":"2020-08-11T06:33:19+00:00","description":"China Drinking Water: o principal problema enfrentado pela China \u00e9 como distribuir sua \u00e1gua, em vez da falta de \u00e1gua em si.","breadcrumb":{"@id":"https:\/\/dmi65.com\/pt-br\/regioes\/china-agua-potavel\/#breadcrumb"},"inLanguage":"pt-BR","potentialAction":[{"@type":"ReadAction","target":["https:\/\/dmi65.com\/pt-br\/regioes\/china-agua-potavel\/"]}]},{"@type":"BreadcrumbList","@id":"https:\/\/dmi65.com\/pt-br\/regioes\/china-agua-potavel\/#breadcrumb","itemListElement":[{"@type":"ListItem","position":1,"name":"Home","item":"https:\/\/dmi65.com\/pt-br\/"},{"@type":"ListItem","position":2,"name":"Regi\u00f5es","item":"https:\/\/dmi65.com\/pt-br\/regioes\/"},{"@type":"ListItem","position":3,"name":"China \u00c1gua Pot\u00e1vel"}]},{"@type":"WebSite","@id":"https:\/\/dmi65.com\/pt-br\/#website","url":"https:\/\/dmi65.com\/pt-br\/","name":"DMI-65\u00ae","description":"Water Filtration &amp; Reverse Osmosis Treatment, Catalytic Media","publisher":{"@id":"https:\/\/dmi65.com\/pt-br\/#organization"},"potentialAction":[{"@type":"SearchAction","target":{"@type":"EntryPoint","urlTemplate":"https:\/\/dmi65.com\/pt-br\/?s={search_term_string}"},"query-input":{"@type":"PropertyValueSpecification","valueRequired":true,"valueName":"search_term_string"}}],"inLanguage":"pt-BR"},{"@type":"Organization","@id":"https:\/\/dmi65.com\/pt-br\/#organization","name":"DMI-65 & Quantum Filtration Pty Ltd","url":"https:\/\/dmi65.com\/pt-br\/","logo":{"@type":"ImageObject","inLanguage":"pt-BR","@id":"https:\/\/dmi65.com\/pt-br\/#\/schema\/logo\/image\/","url":"https:\/\/dmi65.com\/wp-content\/uploads\/2020\/04\/dmi65.png","contentUrl":"https:\/\/dmi65.com\/wp-content\/uploads\/2020\/04\/dmi65.png","width":440,"height":205,"caption":"DMI-65 & Quantum Filtration Pty Ltd"},"image":{"@id":"https:\/\/dmi65.com\/pt-br\/#\/schema\/logo\/image\/"},"sameAs":["https:\/\/www.linkedin.com\/company\/dmi-65","https:\/\/www.youtube.com\/channel\/UCbXoMn5KBp2jrnx4KR_Qg4A"]}]}},"_links":{"self":[{"href":"https:\/\/dmi65.com\/pt-br\/wp-json\/wp\/v2\/pages\/9892","targetHints":{"allow":["GET"]}}],"collection":[{"href":"https:\/\/dmi65.com\/pt-br\/wp-json\/wp\/v2\/pages"}],"about":[{"href":"https:\/\/dmi65.com\/pt-br\/wp-json\/wp\/v2\/types\/page"}],"author":[{"embeddable":true,"href":"https:\/\/dmi65.com\/pt-br\/wp-json\/wp\/v2\/users\/1"}],"replies":[{"embeddable":true,"href":"https:\/\/dmi65.com\/pt-br\/wp-json\/wp\/v2\/comments?post=9892"}],"version-history":[{"count":3,"href":"https:\/\/dmi65.com\/pt-br\/wp-json\/wp\/v2\/pages\/9892\/revisions"}],"predecessor-version":[{"id":9895,"href":"https:\/\/dmi65.com\/pt-br\/wp-json\/wp\/v2\/pages\/9892\/revisions\/9895"}],"up":[{"embeddable":true,"href":"https:\/\/dmi65.com\/pt-br\/wp-json\/wp\/v2\/pages\/7124"}],"wp:attachment":[{"href":"https:\/\/dmi65.com\/pt-br\/wp-json\/wp\/v2\/media?parent=9892"}],"curies":[{"name":"wp","href":"https:\/\/api.w.org\/{rel}","templated":true}]}}