{"id":9843,"date":"2020-08-10T20:26:22","date_gmt":"2020-08-10T12:26:22","guid":{"rendered":"https:\/\/dmi65.com\/regioes\/india-bebendo-agua\/"},"modified":"2020-08-10T20:26:59","modified_gmt":"2020-08-10T12:26:59","slug":"india-bebendo-agua","status":"publish","type":"page","link":"https:\/\/dmi65.com\/pt-br\/regioes\/india-bebendo-agua\/","title":{"rendered":"\u00cdndia bebendo \u00e1gua"},"content":{"rendered":"<div class=\"wpb-content-wrapper\"><p>[vc_row][vc_column][vc_column_text]<strong>\u00cdndia \u00c1gua Pot\u00e1vel:<\/strong> Com uma popula\u00e7\u00e3o diversificada que \u00e9 tr\u00eas vezes maior do que os Estados Unidos, mas um ter\u00e7o do tamanho f\u00edsico, a <a href=\"https:\/\/www.unicef.org\/india\/what-we-do\/clean-drinking-water\">\u00cdndia<\/a> tem a segunda maior popula\u00e7\u00e3o do mundo. Embora a \u00cdndia tenha feito melhorias nas \u00faltimas d\u00e9cadas tanto para a disponibilidade quanto para a qualidade dos sistemas municipais de \u00e1gua pot\u00e1vel, sua grande popula\u00e7\u00e3o tem enfatizado que os recursos h\u00eddricos planejados e as \u00e1reas rurais s\u00e3o deixadas de fora. Al\u00e9m disso, o r\u00e1pido crescimento das \u00e1reas urbanas da \u00cdndia esticou as solu\u00e7\u00f5es governamentais, que foram comprometidas pelo excesso de privatiza\u00e7\u00e3o.<\/p>\n<p>Independentemente das melhorias na \u00e1gua pot\u00e1vel, muitas outras fontes de \u00e1gua est\u00e3o contaminadas com poluentes biogr\u00e1ficos e qu\u00edmicos, e mais de 21% das doen\u00e7as do pa\u00eds est\u00e3o relacionadas \u00e0 \u00e1gua. Al\u00e9m disso, apenas 33% do pa\u00eds tem acesso ao saneamento tradicional. Uma preocupa\u00e7\u00e3o \u00e9 que a \u00cdndia pode n\u00e3o ter disponibilidade global de recursos h\u00eddricos reabastecidos a longo prazo. Embora os aqu\u00edferos da \u00cdndia estejam atualmente associados \u00e0 reposi\u00e7\u00e3o de fontes, o pa\u00eds tamb\u00e9m \u00e9 um grande produtor de gr\u00e3os com uma grande necessidade de \u00e1gua para apoiar a commodity. Como acontece com todos os pa\u00edses com grande produ\u00e7\u00e3o agr\u00edcola, o consumo excessivo de \u00e1gua para a produ\u00e7\u00e3o de alimentos esgota o quadro h\u00eddrico global.<\/p>\n<p>Muitas comunidades rurais na \u00cdndia que est\u00e3o situadas nos arredores da expans\u00e3o urbana tamb\u00e9m t\u00eam pouca escolha a n\u00e3o ser perfurar po\u00e7os para acessar fontes de \u00e1gua subterr\u00e2nea. No entanto, qualquer sistema de \u00e1gua adicional aumenta o esgotamento geral da \u00e1gua. N\u00e3o h\u00e1 uma resposta f\u00e1cil para a \u00cdndia, que deve explorar fontes de \u00e1gua para alimentos e sustento humano, mas a disponibilidade geral de \u00e1gua da \u00cdndia est\u00e1 secando. Al\u00e9m disso, espera-se que a escassez de \u00e1gua na \u00cdndia piore, pois a popula\u00e7\u00e3o global deve aumentar para 1,6 bilh\u00e3o at\u00e9 2050. Para isso, espera-se que a escassez global de \u00e1gua se torne uma das principais causas de conflitos pol\u00edticos nacionais no futuro, e o progn\u00f3stico para a \u00cdndia n\u00e3o \u00e9 diferente.<\/p>\n<p>Em uma nota positiva, algumas \u00e1reas da \u00cdndia t\u00eam a sorte de ter um clima relativamente \u00famido, mesmo nas regi\u00f5es mais \u00e1ridas. No entanto, sem programas de capta\u00e7\u00e3o de chuva, a maior parte da \u00e1gua \u00e9 deslocada ou seca em vez de usada. Nessas \u00e1reas, a colheita de chuvas pode ser uma solu\u00e7\u00e3o para a coleta de \u00e1gua. A \u00e1gua coletada pode ser imediatamente utilizada para a agricultura, e com melhores pr\u00e1ticas de filtragem para reduzir os pat\u00f3genos transportados pela \u00e1gua, tamb\u00e9m rapidamente dispon\u00edveis para consumo humano.<\/p>\n<h4><a href=\"https:\/\/dmi65.com\/pt-br\/tecnico\/como-funciona\/\">O DMI-65<\/a> pode ajudar nesta \u00e1rea, sendo utilizado em filtros comerciais, metais pesados inc\u00f4modos podem ser removidos. Isso ajudar\u00e1 a melhorar a qualidade geral da \u00e1gua em todas as comunidades da \u00cdndia.<\/h4>\n<p>[\/vc_column_text][\/vc_column][\/vc_row][vc_row content_placement=&#8221;middle&#8221; css=&#8221;.vc_custom_1592794121420{padding-top: 20px !important;padding-right: 20px !important;padding-bottom: 5px !important;padding-left: 20px !important;}&#8221; el_class=&#8221;cta&#8221;][vc_column]<div class=\"dt-fancy-separator\" style=\"width: 100%;\"><div class=\"dt-fancy-title\"><span class=\"separator-holder separator-left\"><\/span>Consulte para descobrir como a m\u00eddia de filtragem \u00ae DMI-65 pode ajudar com a filtra\u00e7\u00e3o media para a \u00edndia \u00e1gua pot\u00e1vel.<span class=\"separator-holder separator-right\"><\/span><\/div><\/div>[vc_btn title=&#8221;Perguntar&#8221; style=&#8221;custom&#8221; custom_background=&#8221;#162441&#8243; custom_text=&#8221;#ffffff&#8221; shape=&#8221;square&#8221; size=&#8221;lg&#8221; align=&#8221;center&#8221; i_align=&#8221;right&#8221; i_icon_fontawesome=&#8221;fas fa-chevron-right&#8221; add_icon=&#8221;true&#8221; css=&#8221;.vc_custom_1592793128520{margin-top: 20px !important;}&#8221; el_class=&#8221;ctaButton sg-popup-id-8233&#8243;][\/vc_column][\/vc_row]<\/p>\n<\/div>","protected":false},"excerpt":{"rendered":"<p>[vc_row][vc_column][vc_column_text]\u00cdndia \u00c1gua Pot\u00e1vel: Com uma popula\u00e7\u00e3o diversificada que \u00e9 tr\u00eas vezes maior do que os Estados Unidos, mas um ter\u00e7o do tamanho f\u00edsico, a \u00cdndia tem a segunda maior popula\u00e7\u00e3o do mundo. Embora a \u00cdndia tenha feito melhorias nas \u00faltimas d\u00e9cadas tanto para a disponibilidade quanto para a qualidade dos sistemas municipais de \u00e1gua pot\u00e1vel,&hellip;<\/p>\n","protected":false},"author":1,"featured_media":0,"parent":7124,"menu_order":0,"comment_status":"closed","ping_status":"closed","template":"","meta":{"content-type":"","footnotes":""},"class_list":["post-9843","page","type-page","status-publish","hentry","description-off"],"yoast_head":"<!-- This site is optimized with the Yoast SEO plugin v25.2 - https:\/\/yoast.com\/wordpress\/plugins\/seo\/ -->\n<title>M\u00eddia de filtragem - \u00c1gua pot\u00e1vel da \u00cdndia Segura - DMI-65\u00ae<\/title>\n<meta name=\"description\" content=\"Com uma grande popula\u00e7\u00e3o - a \u00cdndia enfrenta desafios significativos com \u00e1gua pot\u00e1vel limpa e segura que pode ser assistida com m\u00eddia DMI-65.\" \/>\n<meta name=\"robots\" content=\"index, follow, max-snippet:-1, max-image-preview:large, max-video-preview:-1\" \/>\n<link rel=\"canonical\" href=\"https:\/\/dmi65.com\/pt-br\/regioes\/india-bebendo-agua\/\" \/>\n<meta property=\"og:locale\" content=\"pt_BR\" \/>\n<meta property=\"og:type\" content=\"article\" \/>\n<meta property=\"og:title\" content=\"M\u00eddia de filtragem - \u00c1gua pot\u00e1vel da \u00cdndia Segura - DMI-65\u00ae\" \/>\n<meta property=\"og:description\" content=\"Com uma grande popula\u00e7\u00e3o - a \u00cdndia enfrenta desafios significativos com \u00e1gua pot\u00e1vel limpa e segura que pode ser assistida com m\u00eddia DMI-65.\" \/>\n<meta property=\"og:url\" content=\"https:\/\/dmi65.com\/pt-br\/regioes\/india-bebendo-agua\/\" \/>\n<meta property=\"og:site_name\" content=\"DMI-65\u00ae\" \/>\n<meta property=\"article:modified_time\" content=\"2020-08-10T12:26:59+00:00\" \/>\n<meta property=\"og:image\" content=\"https:\/\/dmi65.com\/wp-content\/uploads\/2020\/06\/dmi65_Logo_Blk.png\" \/>\n\t<meta property=\"og:image:width\" content=\"466\" \/>\n\t<meta property=\"og:image:height\" content=\"200\" \/>\n\t<meta property=\"og:image:type\" content=\"image\/png\" \/>\n<meta name=\"twitter:card\" content=\"summary_large_image\" \/>\n<meta name=\"twitter:label1\" content=\"Est. tempo de leitura\" \/>\n\t<meta name=\"twitter:data1\" content=\"3 minutos\" \/>\n<script type=\"application\/ld+json\" class=\"yoast-schema-graph\">{\"@context\":\"https:\/\/schema.org\",\"@graph\":[{\"@type\":\"WebPage\",\"@id\":\"https:\/\/dmi65.com\/pt-br\/regioes\/india-bebendo-agua\/\",\"url\":\"https:\/\/dmi65.com\/pt-br\/regioes\/india-bebendo-agua\/\",\"name\":\"M\u00eddia de filtragem - \u00c1gua pot\u00e1vel da \u00cdndia Segura - DMI-65\u00ae\",\"isPartOf\":{\"@id\":\"https:\/\/dmi65.com\/pt-br\/#website\"},\"datePublished\":\"2020-08-10T12:26:22+00:00\",\"dateModified\":\"2020-08-10T12:26:59+00:00\",\"description\":\"Com uma grande popula\u00e7\u00e3o - a \u00cdndia enfrenta desafios significativos com \u00e1gua pot\u00e1vel limpa e segura que pode ser assistida com m\u00eddia DMI-65.\",\"breadcrumb\":{\"@id\":\"https:\/\/dmi65.com\/pt-br\/regioes\/india-bebendo-agua\/#breadcrumb\"},\"inLanguage\":\"pt-BR\",\"potentialAction\":[{\"@type\":\"ReadAction\",\"target\":[\"https:\/\/dmi65.com\/pt-br\/regioes\/india-bebendo-agua\/\"]}]},{\"@type\":\"BreadcrumbList\",\"@id\":\"https:\/\/dmi65.com\/pt-br\/regioes\/india-bebendo-agua\/#breadcrumb\",\"itemListElement\":[{\"@type\":\"ListItem\",\"position\":1,\"name\":\"Home\",\"item\":\"https:\/\/dmi65.com\/pt-br\/\"},{\"@type\":\"ListItem\",\"position\":2,\"name\":\"Regi\u00f5es\",\"item\":\"https:\/\/dmi65.com\/pt-br\/regioes\/\"},{\"@type\":\"ListItem\",\"position\":3,\"name\":\"\u00cdndia bebendo \u00e1gua\"}]},{\"@type\":\"WebSite\",\"@id\":\"https:\/\/dmi65.com\/pt-br\/#website\",\"url\":\"https:\/\/dmi65.com\/pt-br\/\",\"name\":\"DMI-65\u00ae\",\"description\":\"Water Filtration &amp; Reverse Osmosis Treatment, Catalytic Media\",\"publisher\":{\"@id\":\"https:\/\/dmi65.com\/pt-br\/#organization\"},\"potentialAction\":[{\"@type\":\"SearchAction\",\"target\":{\"@type\":\"EntryPoint\",\"urlTemplate\":\"https:\/\/dmi65.com\/pt-br\/?s={search_term_string}\"},\"query-input\":{\"@type\":\"PropertyValueSpecification\",\"valueRequired\":true,\"valueName\":\"search_term_string\"}}],\"inLanguage\":\"pt-BR\"},{\"@type\":\"Organization\",\"@id\":\"https:\/\/dmi65.com\/pt-br\/#organization\",\"name\":\"DMI-65 & Quantum Filtration Pty Ltd\",\"url\":\"https:\/\/dmi65.com\/pt-br\/\",\"logo\":{\"@type\":\"ImageObject\",\"inLanguage\":\"pt-BR\",\"@id\":\"https:\/\/dmi65.com\/pt-br\/#\/schema\/logo\/image\/\",\"url\":\"https:\/\/dmi65.com\/wp-content\/uploads\/2020\/04\/dmi65.png\",\"contentUrl\":\"https:\/\/dmi65.com\/wp-content\/uploads\/2020\/04\/dmi65.png\",\"width\":440,\"height\":205,\"caption\":\"DMI-65 & Quantum Filtration Pty Ltd\"},\"image\":{\"@id\":\"https:\/\/dmi65.com\/pt-br\/#\/schema\/logo\/image\/\"},\"sameAs\":[\"https:\/\/www.linkedin.com\/company\/dmi-65\",\"https:\/\/www.youtube.com\/channel\/UCbXoMn5KBp2jrnx4KR_Qg4A\"]}]}<\/script>\n<!-- \/ Yoast SEO plugin. -->","yoast_head_json":{"title":"M\u00eddia de filtragem - \u00c1gua pot\u00e1vel da \u00cdndia Segura - DMI-65\u00ae","description":"Com uma grande popula\u00e7\u00e3o - a \u00cdndia enfrenta desafios significativos com \u00e1gua pot\u00e1vel limpa e segura que pode ser assistida com m\u00eddia DMI-65.","robots":{"index":"index","follow":"follow","max-snippet":"max-snippet:-1","max-image-preview":"max-image-preview:large","max-video-preview":"max-video-preview:-1"},"canonical":"https:\/\/dmi65.com\/pt-br\/regioes\/india-bebendo-agua\/","og_locale":"pt_BR","og_type":"article","og_title":"M\u00eddia de filtragem - \u00c1gua pot\u00e1vel da \u00cdndia Segura - DMI-65\u00ae","og_description":"Com uma grande popula\u00e7\u00e3o - a \u00cdndia enfrenta desafios significativos com \u00e1gua pot\u00e1vel limpa e segura que pode ser assistida com m\u00eddia DMI-65.","og_url":"https:\/\/dmi65.com\/pt-br\/regioes\/india-bebendo-agua\/","og_site_name":"DMI-65\u00ae","article_modified_time":"2020-08-10T12:26:59+00:00","og_image":[{"width":466,"height":200,"url":"https:\/\/dmi65.com\/wp-content\/uploads\/2020\/06\/dmi65_Logo_Blk.png","type":"image\/png"}],"twitter_card":"summary_large_image","twitter_misc":{"Est. tempo de leitura":"3 minutos"},"schema":{"@context":"https:\/\/schema.org","@graph":[{"@type":"WebPage","@id":"https:\/\/dmi65.com\/pt-br\/regioes\/india-bebendo-agua\/","url":"https:\/\/dmi65.com\/pt-br\/regioes\/india-bebendo-agua\/","name":"M\u00eddia de filtragem - \u00c1gua pot\u00e1vel da \u00cdndia Segura - DMI-65\u00ae","isPartOf":{"@id":"https:\/\/dmi65.com\/pt-br\/#website"},"datePublished":"2020-08-10T12:26:22+00:00","dateModified":"2020-08-10T12:26:59+00:00","description":"Com uma grande popula\u00e7\u00e3o - a \u00cdndia enfrenta desafios significativos com \u00e1gua pot\u00e1vel limpa e segura que pode ser assistida com m\u00eddia DMI-65.","breadcrumb":{"@id":"https:\/\/dmi65.com\/pt-br\/regioes\/india-bebendo-agua\/#breadcrumb"},"inLanguage":"pt-BR","potentialAction":[{"@type":"ReadAction","target":["https:\/\/dmi65.com\/pt-br\/regioes\/india-bebendo-agua\/"]}]},{"@type":"BreadcrumbList","@id":"https:\/\/dmi65.com\/pt-br\/regioes\/india-bebendo-agua\/#breadcrumb","itemListElement":[{"@type":"ListItem","position":1,"name":"Home","item":"https:\/\/dmi65.com\/pt-br\/"},{"@type":"ListItem","position":2,"name":"Regi\u00f5es","item":"https:\/\/dmi65.com\/pt-br\/regioes\/"},{"@type":"ListItem","position":3,"name":"\u00cdndia bebendo \u00e1gua"}]},{"@type":"WebSite","@id":"https:\/\/dmi65.com\/pt-br\/#website","url":"https:\/\/dmi65.com\/pt-br\/","name":"DMI-65\u00ae","description":"Water Filtration &amp; Reverse Osmosis Treatment, Catalytic Media","publisher":{"@id":"https:\/\/dmi65.com\/pt-br\/#organization"},"potentialAction":[{"@type":"SearchAction","target":{"@type":"EntryPoint","urlTemplate":"https:\/\/dmi65.com\/pt-br\/?s={search_term_string}"},"query-input":{"@type":"PropertyValueSpecification","valueRequired":true,"valueName":"search_term_string"}}],"inLanguage":"pt-BR"},{"@type":"Organization","@id":"https:\/\/dmi65.com\/pt-br\/#organization","name":"DMI-65 & Quantum Filtration Pty Ltd","url":"https:\/\/dmi65.com\/pt-br\/","logo":{"@type":"ImageObject","inLanguage":"pt-BR","@id":"https:\/\/dmi65.com\/pt-br\/#\/schema\/logo\/image\/","url":"https:\/\/dmi65.com\/wp-content\/uploads\/2020\/04\/dmi65.png","contentUrl":"https:\/\/dmi65.com\/wp-content\/uploads\/2020\/04\/dmi65.png","width":440,"height":205,"caption":"DMI-65 & Quantum Filtration Pty Ltd"},"image":{"@id":"https:\/\/dmi65.com\/pt-br\/#\/schema\/logo\/image\/"},"sameAs":["https:\/\/www.linkedin.com\/company\/dmi-65","https:\/\/www.youtube.com\/channel\/UCbXoMn5KBp2jrnx4KR_Qg4A"]}]}},"_links":{"self":[{"href":"https:\/\/dmi65.com\/pt-br\/wp-json\/wp\/v2\/pages\/9843","targetHints":{"allow":["GET"]}}],"collection":[{"href":"https:\/\/dmi65.com\/pt-br\/wp-json\/wp\/v2\/pages"}],"about":[{"href":"https:\/\/dmi65.com\/pt-br\/wp-json\/wp\/v2\/types\/page"}],"author":[{"embeddable":true,"href":"https:\/\/dmi65.com\/pt-br\/wp-json\/wp\/v2\/users\/1"}],"replies":[{"embeddable":true,"href":"https:\/\/dmi65.com\/pt-br\/wp-json\/wp\/v2\/comments?post=9843"}],"version-history":[{"count":1,"href":"https:\/\/dmi65.com\/pt-br\/wp-json\/wp\/v2\/pages\/9843\/revisions"}],"predecessor-version":[{"id":9844,"href":"https:\/\/dmi65.com\/pt-br\/wp-json\/wp\/v2\/pages\/9843\/revisions\/9844"}],"up":[{"embeddable":true,"href":"https:\/\/dmi65.com\/pt-br\/wp-json\/wp\/v2\/pages\/7124"}],"wp:attachment":[{"href":"https:\/\/dmi65.com\/pt-br\/wp-json\/wp\/v2\/media?parent=9843"}],"curies":[{"name":"wp","href":"https:\/\/api.w.org\/{rel}","templated":true}]}}