{"id":9214,"date":"2020-06-30T18:53:00","date_gmt":"2020-06-30T10:53:00","guid":{"rendered":"https:\/\/dmi65.com\/industrias\/tratamento-de-agua-para-industria-de-papel-e-celulose\/"},"modified":"2020-06-30T18:53:01","modified_gmt":"2020-06-30T10:53:01","slug":"tratamento-de-agua-para-industria-de-papel-e-celulose","status":"publish","type":"page","link":"https:\/\/dmi65.com\/pt-br\/industrias\/tratamento-de-agua-para-industria-de-papel-e-celulose\/","title":{"rendered":"Tratamento de \u00c1gua para Ind\u00fastria de Papel e Celulose"},"content":{"rendered":"<div class=\"wpb-content-wrapper\"><p>[vc_row][vc_column][vc_column_text css=&#8221;.vc_custom_1593504327971{margin-top: 15px !important;margin-bottom: 15px !important;}&#8221;]<strong>Tratamento de \u00e1gua para ind\u00fastria de papel e celulose:<\/strong> O fornecedor qu\u00edmico de papel e celulose e especialistas em tratamento de \u00e1gua, <a href=\"http:\/\/www.lautan-luas.com\/en\/\" target=\"_blank\" rel=\"noopener noreferrer\">Pt Lautan Luas Tbk,<\/a>s\u00e3o parceiros da Quantum Filtration Mediums e agente \u00ae DMI-65 na Indon\u00e9sia e sudeste da \u00c1sia.<\/p>\n<p>Lautan Luas fornece milhares dos melhores produtos e produtos qu\u00edmicos dispon\u00edveis e especializados que s\u00e3o usados na ind\u00fastria de fabrica\u00e7\u00e3o de papel e celulose. Por mais de 20 anos, Lautan Luas usa e especificou o DMI-65\u00ae como a melhor solu\u00e7\u00e3o para a remo\u00e7\u00e3o de ferro e mangan\u00eas para ind\u00fastrias, incluindo fabrica\u00e7\u00e3o de papel e celulose.<\/p>\n<p>Ferro e mangan\u00eas em n\u00edveis t\u00e3o baixos de 0,3 e 0,5ppm, respectivamente, podem criar manchas inc\u00f4modas e manchas em produtos de papel. Onde s\u00e3o necess\u00e1rios os produtos de papel e celulose da melhor e mais alta qualidade, a remo\u00e7\u00e3o de ferro e mangan\u00eas da fonte de \u00e1gua de uso industrial \u00e9 primordial. Os melhores fabricantes de produtos de papel do mundo encontram prefer\u00edvel remover ferro e mangan\u00eas a n\u00edveis indetect\u00e1veis, sempre que poss\u00edvel. O DMI-65\u00ae \u00e9 uma solu\u00e7\u00e3o de alto desempenho e custo-benef\u00edcio que pode remover ferro e mangan\u00eas a menos de 0,05mg\/L.<\/p>\n<p>Em 2012 e 2013, Lautan Luas forneceu DMI-65\u00ae como uma solu\u00e7\u00e3o chave para as esta\u00e7\u00f5es de tratamento de \u00e1gua da Asia Pulp and Paper Groups em Pindo Deli, Indon\u00e9sia.[\/vc_column_text][\/vc_column][\/vc_row][vc_row][vc_column][vc_empty_space height=&#8221;20px&#8221;][vc_column_text css=&#8221;.vc_custom_1593504798632{margin-bottom: 0px !important;}&#8221;]<\/p>\n<h4><strong>DMI-65\u00ae para ind\u00fastrias de papel e celulose de tratamento de \u00e1gua<\/strong><\/h4>\n<p><strong>REMO\u00c7\u00c3O DE FERRO E MANGAN\u00caS:<\/strong> O ac\u00famulo de ferro e mangan\u00eas no sistema de filtro resulta em sobrecargas de manuten\u00e7\u00e3o muito altas, perda de produ\u00e7\u00e3o e potencialmente falha do sistema. O DMI-65\u00ae remove eficientemente o ferro dissolvido para os n\u00edveis quase indetect\u00e1veis t\u00e3o baixos quanto 0,005mg\/L e mangan\u00eas a 0,001mg\/L, bem como part\u00edculas, removendo efetivamente esse risco.<\/p>\n<p><strong>REMO\u00c7\u00c3O DO TOTAL DE S\u00d3LIDOS SUSPENSOS E TURBIDEZ:<\/strong> O DMI-65\u00ae tamb\u00e9m fornece o coeficiente de filtragem perfeito, resultando em excelente filtragem mec\u00e2nica reduzindo o total de s\u00f3lidos suspensos (TSS) para menos de 1mg\/L e n\u00edveis de turbidez inferiores a 1 NTU.<\/p>\n<p><strong>CUSTOS REDUZIDOS:<\/strong> O custo total do sistema de filtragem de \u00e1gua de remo\u00e7\u00e3o de ferro e mangan\u00eas \u00e9 significativamente menor do que as solu\u00e7\u00f5es alternativas, a efic\u00e1cia, mas a relativa simplicidade, dos sistemas baseados em DMI-65\u00ae reduz o gasto inicial de capital na complexidade da usina, bem como o gasto operacional cont\u00ednuo em produtos qu\u00edmicos, energia e recupera\u00e7\u00e3o de \u00e1guas residuais.<\/p>\n<p><strong>ALTAS TAXAS DE FLUXO:<\/strong> A tecnologia infundida do DMI-65\u00ae promove a maior taxa de oxida\u00e7\u00e3o de qualquer m\u00eddia de filtragem catal\u00edtica. Isso permite uma taxa de fluxo de \u00e1gua significativamente maior para alcan\u00e7ar o mesmo n\u00edvel de remo\u00e7\u00e3o de ferro e mangan\u00eas. O DMI-65 pode operar a velocidades de filtragem linear at\u00e9 o dobro da m\u00eddia convencional com uma redu\u00e7\u00e3o correspondente nos custos de equipamentos de capital.<\/p>\n<p><strong>ALTA CAPACIDADE DE CARGA:<\/strong> O DMI-65\u00ae tamb\u00e9m possui maior capacidade de carga de ferro e mangan\u00eas, que pode prolongar a dura\u00e7\u00e3o das corridas de filtros e o tempo entre o backwashing, reduzindo assim o tempo de inatividade, as despesas operacionais e o desperd\u00edcio.<\/p>\n<p><strong>REGENERA\u00e7\u00e3o n\u00e3o necess\u00e1ria:<\/strong> A m\u00eddia opera com uma inje\u00e7\u00e3o cont\u00ednua de hipoclorito de s\u00f3dio em baixos n\u00edveis residuais (0,1 a 0,3mg\/L) que elimina a necessidade de Permanganato de Pot\u00e1ssio.<\/p>\n<p><strong>AMBIENTE OPERACIONAL AMPLO:<\/strong> O desempenho est\u00e1vel e satisfat\u00f3rio no pH de 5,8 a 8,6 e a temperatura m\u00e1xima de opera\u00e7\u00e3o de 45\u00b0C reduz a necessidade de investimento para alterar o ambiente operacional.<\/p>\n<p><strong>LONGA VIDA:<\/strong> O DMI-65\u00ae n\u00e3o \u00e9 consumido no processo, dando-lhe uma vida operacional esperada de at\u00e9 10 anos, proporcionando vantagens consider\u00e1veis sobre outros processos ou m\u00eddia. A m\u00eddia n\u00e3o exibe uma capacidade decadente para fazer seu trabalho catal\u00edtico. Durante o per\u00edodo de 5 a 10 anos, atrav\u00e9s de muitas opera\u00e7\u00f5es de backwashing do leito para remover s\u00f3lidos retidos, uma perda de atrito da m\u00eddia ocorre pelo contato entre part\u00edculas e abras\u00e3o mec\u00e2nica.[\/vc_column_text][\/vc_column][\/vc_row][vc_row content_placement=&#8221;middle&#8221; css=&#8221;.vc_custom_1592798106994{margin-top: 30px !important;padding-top: 20px !important;padding-right: 20px !important;padding-bottom: 5px !important;padding-left: 20px !important;}&#8221; el_class=&#8221;cta&#8221;][vc_column]<div class=\"dt-fancy-separator\" style=\"width: 100%;\"><div class=\"dt-fancy-title\"><span class=\"separator-holder separator-left\"><\/span>Consulte para saber como o DMI-65\u00ae m\u00eddia de filtragem para as ind\u00fastrias de papel e celulose.<span class=\"separator-holder separator-right\"><\/span><\/div><\/div>[vc_btn title=&#8221;Perguntar&#8221; style=&#8221;custom&#8221; custom_background=&#8221;#162441&#8243; custom_text=&#8221;#ffffff&#8221; shape=&#8221;square&#8221; size=&#8221;lg&#8221; align=&#8221;center&#8221; i_align=&#8221;right&#8221; i_icon_fontawesome=&#8221;fas fa-chevron-right&#8221; add_icon=&#8221;true&#8221; css=&#8221;.vc_custom_1592793128520{margin-top: 20px !important;}&#8221; el_class=&#8221;ctaButton sg-popup-id-8233&#8243;][\/vc_column][\/vc_row]<\/p>\n<\/div>","protected":false},"excerpt":{"rendered":"<p>[vc_row][vc_column][vc_column_text css=&#8221;.vc_custom_1593504327971{margin-top: 15px !important;margin-bottom: 15px !important;}&#8221;]Tratamento de \u00e1gua para ind\u00fastria de papel e celulose: O fornecedor qu\u00edmico de papel e celulose e especialistas em tratamento de \u00e1gua, Pt Lautan Luas Tbk,s\u00e3o parceiros da Quantum Filtration Mediums e agente \u00ae DMI-65 na Indon\u00e9sia e sudeste da \u00c1sia. Lautan Luas fornece milhares dos melhores produtos e produtos&hellip;<\/p>\n","protected":false},"author":1,"featured_media":0,"parent":7102,"menu_order":0,"comment_status":"closed","ping_status":"closed","template":"","meta":{"content-type":"","footnotes":""},"class_list":["post-9214","page","type-page","status-publish","hentry","description-off"],"yoast_head":"<!-- This site is optimized with the Yoast SEO plugin v25.2 - https:\/\/yoast.com\/wordpress\/plugins\/seo\/ -->\n<title>Tratamento de \u00e1gua para papel e celulose, filtra\u00e7\u00e3o m\u00eddia - DMI-65\u00ae<\/title>\n<meta name=\"description\" content=\"O DMI-65\u00ae \u00e9 o melhor tratamento de \u00e1gua para as ind\u00fastrias de papel e celulose, para remo\u00e7\u00e3o de ferro e mangan\u00eas para ind\u00fastrias manufatureira.\" \/>\n<meta name=\"robots\" content=\"index, follow, max-snippet:-1, max-image-preview:large, max-video-preview:-1\" \/>\n<link rel=\"canonical\" href=\"https:\/\/dmi65.com\/pt-br\/industrias\/tratamento-de-agua-para-industria-de-papel-e-celulose\/\" \/>\n<meta property=\"og:locale\" content=\"pt_BR\" \/>\n<meta property=\"og:type\" content=\"article\" \/>\n<meta property=\"og:title\" content=\"Tratamento de \u00e1gua para papel e celulose, filtra\u00e7\u00e3o m\u00eddia - DMI-65\u00ae\" \/>\n<meta property=\"og:description\" content=\"O DMI-65\u00ae \u00e9 o melhor tratamento de \u00e1gua para as ind\u00fastrias de papel e celulose, para remo\u00e7\u00e3o de ferro e mangan\u00eas para ind\u00fastrias manufatureira.\" \/>\n<meta property=\"og:url\" content=\"https:\/\/dmi65.com\/pt-br\/industrias\/tratamento-de-agua-para-industria-de-papel-e-celulose\/\" \/>\n<meta property=\"og:site_name\" content=\"DMI-65\u00ae\" \/>\n<meta property=\"article:modified_time\" content=\"2020-06-30T10:53:01+00:00\" \/>\n<meta property=\"og:image\" content=\"https:\/\/dmi65.com\/wp-content\/uploads\/2020\/06\/dmi65_Logo_Blk.png\" \/>\n\t<meta property=\"og:image:width\" content=\"466\" \/>\n\t<meta property=\"og:image:height\" content=\"200\" \/>\n\t<meta property=\"og:image:type\" content=\"image\/png\" \/>\n<meta name=\"twitter:card\" content=\"summary_large_image\" \/>\n<meta name=\"twitter:label1\" content=\"Est. tempo de leitura\" \/>\n\t<meta name=\"twitter:data1\" content=\"4 minutos\" \/>\n<script type=\"application\/ld+json\" class=\"yoast-schema-graph\">{\"@context\":\"https:\/\/schema.org\",\"@graph\":[{\"@type\":\"WebPage\",\"@id\":\"https:\/\/dmi65.com\/pt-br\/industrias\/tratamento-de-agua-para-industria-de-papel-e-celulose\/\",\"url\":\"https:\/\/dmi65.com\/pt-br\/industrias\/tratamento-de-agua-para-industria-de-papel-e-celulose\/\",\"name\":\"Tratamento de \u00e1gua para papel e celulose, filtra\u00e7\u00e3o m\u00eddia - DMI-65\u00ae\",\"isPartOf\":{\"@id\":\"https:\/\/dmi65.com\/pt-br\/#website\"},\"datePublished\":\"2020-06-30T10:53:00+00:00\",\"dateModified\":\"2020-06-30T10:53:01+00:00\",\"description\":\"O DMI-65\u00ae \u00e9 o melhor tratamento de \u00e1gua para as ind\u00fastrias de papel e celulose, para remo\u00e7\u00e3o de ferro e mangan\u00eas para ind\u00fastrias manufatureira.\",\"breadcrumb\":{\"@id\":\"https:\/\/dmi65.com\/pt-br\/industrias\/tratamento-de-agua-para-industria-de-papel-e-celulose\/#breadcrumb\"},\"inLanguage\":\"pt-BR\",\"potentialAction\":[{\"@type\":\"ReadAction\",\"target\":[\"https:\/\/dmi65.com\/pt-br\/industrias\/tratamento-de-agua-para-industria-de-papel-e-celulose\/\"]}]},{\"@type\":\"BreadcrumbList\",\"@id\":\"https:\/\/dmi65.com\/pt-br\/industrias\/tratamento-de-agua-para-industria-de-papel-e-celulose\/#breadcrumb\",\"itemListElement\":[{\"@type\":\"ListItem\",\"position\":1,\"name\":\"Home\",\"item\":\"https:\/\/dmi65.com\/pt-br\/\"},{\"@type\":\"ListItem\",\"position\":2,\"name\":\"Ind\u00fastrias\",\"item\":\"https:\/\/dmi65.com\/pt-br\/industrias\/\"},{\"@type\":\"ListItem\",\"position\":3,\"name\":\"Tratamento de \u00c1gua para Ind\u00fastria de Papel e Celulose\"}]},{\"@type\":\"WebSite\",\"@id\":\"https:\/\/dmi65.com\/pt-br\/#website\",\"url\":\"https:\/\/dmi65.com\/pt-br\/\",\"name\":\"DMI-65\u00ae\",\"description\":\"Water Filtration &amp; Reverse Osmosis Treatment, Catalytic Media\",\"publisher\":{\"@id\":\"https:\/\/dmi65.com\/pt-br\/#organization\"},\"potentialAction\":[{\"@type\":\"SearchAction\",\"target\":{\"@type\":\"EntryPoint\",\"urlTemplate\":\"https:\/\/dmi65.com\/pt-br\/?s={search_term_string}\"},\"query-input\":{\"@type\":\"PropertyValueSpecification\",\"valueRequired\":true,\"valueName\":\"search_term_string\"}}],\"inLanguage\":\"pt-BR\"},{\"@type\":\"Organization\",\"@id\":\"https:\/\/dmi65.com\/pt-br\/#organization\",\"name\":\"DMI-65 & Quantum Filtration Pty Ltd\",\"url\":\"https:\/\/dmi65.com\/pt-br\/\",\"logo\":{\"@type\":\"ImageObject\",\"inLanguage\":\"pt-BR\",\"@id\":\"https:\/\/dmi65.com\/pt-br\/#\/schema\/logo\/image\/\",\"url\":\"https:\/\/dmi65.com\/wp-content\/uploads\/2020\/04\/dmi65.png\",\"contentUrl\":\"https:\/\/dmi65.com\/wp-content\/uploads\/2020\/04\/dmi65.png\",\"width\":440,\"height\":205,\"caption\":\"DMI-65 & Quantum Filtration Pty Ltd\"},\"image\":{\"@id\":\"https:\/\/dmi65.com\/pt-br\/#\/schema\/logo\/image\/\"},\"sameAs\":[\"https:\/\/www.linkedin.com\/company\/dmi-65\",\"https:\/\/www.youtube.com\/channel\/UCbXoMn5KBp2jrnx4KR_Qg4A\"]}]}<\/script>\n<!-- \/ Yoast SEO plugin. -->","yoast_head_json":{"title":"Tratamento de \u00e1gua para papel e celulose, filtra\u00e7\u00e3o m\u00eddia - DMI-65\u00ae","description":"O DMI-65\u00ae \u00e9 o melhor tratamento de \u00e1gua para as ind\u00fastrias de papel e celulose, para remo\u00e7\u00e3o de ferro e mangan\u00eas para ind\u00fastrias manufatureira.","robots":{"index":"index","follow":"follow","max-snippet":"max-snippet:-1","max-image-preview":"max-image-preview:large","max-video-preview":"max-video-preview:-1"},"canonical":"https:\/\/dmi65.com\/pt-br\/industrias\/tratamento-de-agua-para-industria-de-papel-e-celulose\/","og_locale":"pt_BR","og_type":"article","og_title":"Tratamento de \u00e1gua para papel e celulose, filtra\u00e7\u00e3o m\u00eddia - DMI-65\u00ae","og_description":"O DMI-65\u00ae \u00e9 o melhor tratamento de \u00e1gua para as ind\u00fastrias de papel e celulose, para remo\u00e7\u00e3o de ferro e mangan\u00eas para ind\u00fastrias manufatureira.","og_url":"https:\/\/dmi65.com\/pt-br\/industrias\/tratamento-de-agua-para-industria-de-papel-e-celulose\/","og_site_name":"DMI-65\u00ae","article_modified_time":"2020-06-30T10:53:01+00:00","og_image":[{"width":466,"height":200,"url":"https:\/\/dmi65.com\/wp-content\/uploads\/2020\/06\/dmi65_Logo_Blk.png","type":"image\/png"}],"twitter_card":"summary_large_image","twitter_misc":{"Est. tempo de leitura":"4 minutos"},"schema":{"@context":"https:\/\/schema.org","@graph":[{"@type":"WebPage","@id":"https:\/\/dmi65.com\/pt-br\/industrias\/tratamento-de-agua-para-industria-de-papel-e-celulose\/","url":"https:\/\/dmi65.com\/pt-br\/industrias\/tratamento-de-agua-para-industria-de-papel-e-celulose\/","name":"Tratamento de \u00e1gua para papel e celulose, filtra\u00e7\u00e3o m\u00eddia - DMI-65\u00ae","isPartOf":{"@id":"https:\/\/dmi65.com\/pt-br\/#website"},"datePublished":"2020-06-30T10:53:00+00:00","dateModified":"2020-06-30T10:53:01+00:00","description":"O DMI-65\u00ae \u00e9 o melhor tratamento de \u00e1gua para as ind\u00fastrias de papel e celulose, para remo\u00e7\u00e3o de ferro e mangan\u00eas para ind\u00fastrias manufatureira.","breadcrumb":{"@id":"https:\/\/dmi65.com\/pt-br\/industrias\/tratamento-de-agua-para-industria-de-papel-e-celulose\/#breadcrumb"},"inLanguage":"pt-BR","potentialAction":[{"@type":"ReadAction","target":["https:\/\/dmi65.com\/pt-br\/industrias\/tratamento-de-agua-para-industria-de-papel-e-celulose\/"]}]},{"@type":"BreadcrumbList","@id":"https:\/\/dmi65.com\/pt-br\/industrias\/tratamento-de-agua-para-industria-de-papel-e-celulose\/#breadcrumb","itemListElement":[{"@type":"ListItem","position":1,"name":"Home","item":"https:\/\/dmi65.com\/pt-br\/"},{"@type":"ListItem","position":2,"name":"Ind\u00fastrias","item":"https:\/\/dmi65.com\/pt-br\/industrias\/"},{"@type":"ListItem","position":3,"name":"Tratamento de \u00c1gua para Ind\u00fastria de Papel e Celulose"}]},{"@type":"WebSite","@id":"https:\/\/dmi65.com\/pt-br\/#website","url":"https:\/\/dmi65.com\/pt-br\/","name":"DMI-65\u00ae","description":"Water Filtration &amp; Reverse Osmosis Treatment, Catalytic Media","publisher":{"@id":"https:\/\/dmi65.com\/pt-br\/#organization"},"potentialAction":[{"@type":"SearchAction","target":{"@type":"EntryPoint","urlTemplate":"https:\/\/dmi65.com\/pt-br\/?s={search_term_string}"},"query-input":{"@type":"PropertyValueSpecification","valueRequired":true,"valueName":"search_term_string"}}],"inLanguage":"pt-BR"},{"@type":"Organization","@id":"https:\/\/dmi65.com\/pt-br\/#organization","name":"DMI-65 & Quantum Filtration Pty Ltd","url":"https:\/\/dmi65.com\/pt-br\/","logo":{"@type":"ImageObject","inLanguage":"pt-BR","@id":"https:\/\/dmi65.com\/pt-br\/#\/schema\/logo\/image\/","url":"https:\/\/dmi65.com\/wp-content\/uploads\/2020\/04\/dmi65.png","contentUrl":"https:\/\/dmi65.com\/wp-content\/uploads\/2020\/04\/dmi65.png","width":440,"height":205,"caption":"DMI-65 & Quantum Filtration Pty Ltd"},"image":{"@id":"https:\/\/dmi65.com\/pt-br\/#\/schema\/logo\/image\/"},"sameAs":["https:\/\/www.linkedin.com\/company\/dmi-65","https:\/\/www.youtube.com\/channel\/UCbXoMn5KBp2jrnx4KR_Qg4A"]}]}},"_links":{"self":[{"href":"https:\/\/dmi65.com\/pt-br\/wp-json\/wp\/v2\/pages\/9214","targetHints":{"allow":["GET"]}}],"collection":[{"href":"https:\/\/dmi65.com\/pt-br\/wp-json\/wp\/v2\/pages"}],"about":[{"href":"https:\/\/dmi65.com\/pt-br\/wp-json\/wp\/v2\/types\/page"}],"author":[{"embeddable":true,"href":"https:\/\/dmi65.com\/pt-br\/wp-json\/wp\/v2\/users\/1"}],"replies":[{"embeddable":true,"href":"https:\/\/dmi65.com\/pt-br\/wp-json\/wp\/v2\/comments?post=9214"}],"version-history":[{"count":3,"href":"https:\/\/dmi65.com\/pt-br\/wp-json\/wp\/v2\/pages\/9214\/revisions"}],"predecessor-version":[{"id":9217,"href":"https:\/\/dmi65.com\/pt-br\/wp-json\/wp\/v2\/pages\/9214\/revisions\/9217"}],"up":[{"embeddable":true,"href":"https:\/\/dmi65.com\/pt-br\/wp-json\/wp\/v2\/pages\/7102"}],"wp:attachment":[{"href":"https:\/\/dmi65.com\/pt-br\/wp-json\/wp\/v2\/media?parent=9214"}],"curies":[{"name":"wp","href":"https:\/\/api.w.org\/{rel}","templated":true}]}}