{"id":8623,"date":"2020-06-26T11:11:04","date_gmt":"2020-06-26T03:11:04","guid":{"rendered":"http:\/\/dmi65.com\/tecnico\/midia-de-filtragem-do-dmi-ativacao-e-configuracao\/"},"modified":"2020-06-26T11:11:06","modified_gmt":"2020-06-26T03:11:06","slug":"midia-de-filtragem-do-dmi-ativacao-e-configuracao","status":"publish","type":"page","link":"https:\/\/dmi65.com\/pt-br\/tecnico\/midia-de-filtragem-do-dmi-ativacao-e-configuracao\/","title":{"rendered":"M\u00eddia de filtragem do DMI &#8211; Ativa\u00e7\u00e3o e Configura\u00e7\u00e3o"},"content":{"rendered":"<div class=\"wpb-content-wrapper\"><p>[vc_row][vc_column][vc_column_text]<strong>CONFIGURA\u00c7\u00c3O E ATIVA\u00c7\u00c3O DO FILTRO PARA M\u00cdDIA DE FILTRAGEM DE DMI<\/strong><\/p>\n<p><a href=\"https:\/\/en.wikipedia.org\/wiki\/Sodium_hypochlorite\" target=\"_blank\" rel=\"noopener noreferrer\">Hipoclorito de s\u00f3dio<\/a> \u00e9 usado para ativar e condicionar as superf\u00edcies catal\u00edticas do meio filtro DMI-65. O m\u00e9todo \u00e9 descrito abaixo seguido por um guia passo a passo. O processo qu\u00edmico de cura das superf\u00edcies catal\u00edticas do DMI-65 \u2013 \u00e9 feito encharcando a m\u00eddia por pelo menos 3 horas antes de seu uso. Idealmente, quanto mais longo \u00e9 o per\u00edodo de imers\u00e3o e condicionamento, mais fortes e mais dif\u00edceis as superf\u00edcies catal\u00edticas se tornam.<\/p>\n<p>A \u00e1gua limpa \u00e9 adicionada para encher a unidade de filtragem, encher at\u00e9 que 50 da placa livre esteja submersa. Tipicamente, uma solu\u00e7\u00e3o de hipoclorito de s\u00f3dio de 12,5 \u00e9 ent\u00e3o introduzida na unidade em uma propor\u00e7\u00e3o de 10 litros de hipoclorito de s\u00f3dio solu\u00e7\u00e3o de 12,5 a 1m3 de DMI-65. O DMI-65 \u00e9 despejado na unidade do filtro, com a pers\u00e9dia de m\u00eddia de suporte suficiente, como quartzo de filtro, de modo que a parte inferior da cama DMI-65 fique acima dos laterais de lavagem traseira mais baixos. A mistura \u00e9 ent\u00e3o levemente agitada e a v\u00e1lvula de lavagem aberta para drenar a \u00e1gua at\u00e9 que a \u00e1gua esteja ao n\u00edvel da superf\u00edcie do meio de filtragem. A v\u00e1lvula de lavagem \u00e9 ent\u00e3o fechada. O DMI-65 \u00e9 ent\u00e3o encharcado por pelo menos 3 horas. Quanto mais tempo a imers\u00e3o, melhor.<\/p>\n<p>A v\u00e1lvula de lavagem \u00e9 ent\u00e3o aberta e toda a \u00e1gua \u00e9 drenada do sistema. O hipoclorito de s\u00f3dio da \u00e1gua de molho ser\u00e1 concentrado em v\u00e1rias centenas de ppm e a descarga deve ser considerada. A m\u00eddia de filtragem do IDMI \u00e9 ent\u00e3o continuamente lavada enquanto o hipoclorito de s\u00f3dio \u00e9 continuamente injetado, mantendo um n\u00edvel residual de cloro de pelo menos 0,1 \u2013 0,3 mg\/L (ppm) na \u00e1gua de lavagem traseira. Este processo deve continuar at\u00e9 que o n\u00edvel residual de mangan\u00eas na \u00e1gua de lavagem de costas reduza a um valor que \u00e9 &#8220;tr\u00eas vezes o limite m\u00e1ximo de contaminantes&#8221; do mangan\u00eas em sua regi\u00e3o. Normalmente, o n\u00edvel de mangan\u00eas deve ser reduzido para cerca de 0,15mg\/L (ou ppm). Nesse processo, o excesso de di\u00f3xido de mangan\u00eas que sobra do processo de fabrica\u00e7\u00e3o de infus\u00e3o propriet\u00e1ria, que n\u00e3o se curou \u00e0s camadas catal\u00edticas do DMI-65, precisam ser lavados em res\u00edduos. O tempo de espera para que isso ocorra geralmente \u00e9 entre 20 e 40 minutos e at\u00e9 um n\u00famero de horas para aplica\u00e7\u00f5es maiores, dependendo da velocidade de lavagem traseira e do volume do filtro.<\/p>\n<p>Uma vez que a concentra\u00e7\u00e3o de mangan\u00eas tenha ca\u00eddo para 0,15 ppm ou menos, a inje\u00e7\u00e3o de hipoclorito ou cloro \u00e9 ajustada para elevar o n\u00edvel de cloro residual entre 0,1 e 0,3 ppm no filtrado. O uso de um agente redutor como o tiossulfoto de s\u00f3dio pode ser necess\u00e1rio para neutralizar altos n\u00edveis de cloro residual quando a descarga da \u00e1gua de lavagem traseira n\u00e3o \u00e9 permitida.<\/p>\n<p>Hipoclorito e cloro est\u00e3o em equil\u00edbrio qu\u00edmico na \u00e1gua; a posi\u00e7\u00e3o do equil\u00edbrio \u00e9 dependente de pH e pH baixo (\u00e1cido) favorece o cloro. Portanto, a raz\u00e3o prescrita de: 12,5 solu\u00e7\u00e3o de cloro, em uma raz\u00e3o de 10 litros por 1m3 de DMI-65, que \u00e9 usado para condicionar o DMI-65 ser\u00e1 naturalmente em um pH baixo.<\/p>\n<p>A adi\u00e7\u00e3o de cloro \u00e0 \u00e1gua d\u00e1 \u00e1cido clor\u00eddrico (HCl) e \u00e1cido hipocloroo e, inevitavelmente, diminuir\u00e1 o pH. Como a escala de pH \u00e9 logar\u00edtmica, o pH 6 \u00e9 10 vezes mais \u00e1cido do que o pH neutro 7. E o pH 5 \u00e9 100 vezes mais \u00e1cido do que neutro. Isso significa que durante o procedimento de imers\u00e3o e condicionamento quando 10 litros de cloro (12,5) por 1m3 de DMI-65 est\u00e1 reduzindo o pH para menos que o pH 3, podemos estimar que a solu\u00e7\u00e3o \u00e9 mais de 10.000 vezes mais \u00e1cida do que neutra.<\/p>\n<p>Durante o modo filtro de servi\u00e7o, a dosagem forte de cloro causa condi\u00e7\u00f5es altamente \u00e1cidas que s\u00e3o inferiores ao pH 5.8. Isso nunca deve ocorrer com uma bomba de dosagem qu\u00edmica programada equipada para dosagem regulamentada para manter a opera\u00e7\u00e3o em uma faixa de pH neutra e b\u00e1sica. \u00c9 definitivamente s\u00e1bio ter sistema de monitoramento e alarme no local para manter o n\u00edvel residual de cloro livre 0.1 &#8211; 0,3 ppm e um pH neutro ao b\u00e1sico. Isso incentivar\u00e1 altas taxas de oxida\u00e7\u00e3o de metais pesados-alvo e uma longa vida.<\/p>\n<p><strong>Ativando o procedimento passo a passo da m\u00eddia de filtragem do DMI<\/strong><\/p>\n<p>1. Encha o recipiente do filtro metade de sua altura ou volume interno, ou um pouco mais, com \u00e1gua limpa e adicione um m\u00ednimo de 10 litros de hipoclorito de s\u00f3dio (12,5 NaClO) por metro c\u00fabico de IDMI-65. Isto \u00e9 quase o mesmo que 10 fl oz de cloro (12,5) por p\u00e9 c\u00fabico de DMI-65. Consulte a calculadora fornecida chamada &#8220;Cloro inicial necess\u00e1rio para imers\u00e3o DMI-65 no est\u00e1gio de configura\u00e7\u00e3o&#8221;<\/p>\n<p>2. Despeje a m\u00eddia de suporte seguida de DMI-65 no orif\u00edcio superior do filtro. A profundidade da cama tem que ser de acordo com a profundidade do projeto da cama do filtro (por exemplo, 750mm \u2013 1000mm ou 30&#8243; a 40&#8243;) mais aproximadamente 5. Uma placa livre de 40 acima do DMI-65 \u00e9 necess\u00e1ria para a expans\u00e3o da cama durante a lavagem de mente. Se o n\u00edvel de \u00e1gua n\u00e3o estiver bem acima do leito DMI-65 adicione mais \u00e1gua limpa. Consulte a calculadora fornecida chamada &#8220;Calculadora LV-SV&#8221; para calcular o volume e a profundidade da cama necess\u00e1rias.<\/p>\n<p>3. Deixe a cama do filtro DMI-65 de molho na solu\u00e7\u00e3o de cloro por 3 horas ou mais. Quanto mais tempo o DMI-65 for deixado para absorver melhor. O DMI-65 pode ser deixado para mergulhar durante a noite ou at\u00e9 mesmo talvez durante o fim de semana.<\/p>\n<p>4. O cloro na solu\u00e7\u00e3o utilizada para imers\u00e3o e condicionamento do DMI-65 est\u00e1 em v\u00e1rias centenas de ppm. Quando a descarga n\u00e3o \u00e9 permitida, um agente redutor como o tiossulfoto de s\u00f3dio deve ser usado para neutralizar o cloro antes de descartar o desperd\u00edcio.<\/p>\n<p>5. Recue a m\u00eddia de filtragem do IDMI enquanto injeta continuamente a solu\u00e7\u00e3o de cloro. A velocidade de lavagem traseira deve ser de cerca de 30 a 40 m3 \/ m2 \/ hora, dependendo da profundidade do leito. Isso \u00e9 cerca de 12 &#8211; 15 gpm \/ p\u00e9 quadrado. Certifique-se de que o n\u00edvel residual de cloro na \u00e1gua de lavagem traseira \u00e9 m\u00ednimo de 0,1 \u2013 0,3 ppm, mas n\u00e3o superior \u00e0 concentra\u00e7\u00e3o m\u00e1xima pretendida para \u00e1gua tratada. Mantenha o backwashing do DMI-65 at\u00e9 que o mangan\u00eas residual (Mn) na \u00e1gua de lavagem traseira reduza em valor para menos de 3 vezes o Limite M\u00e1ximo de Contaminantes (MCL) da sua regi\u00e3o. Por exemplo, nos EUA o MCL para Mn \u00e9 de 0,05 mg\/L. Portanto, o DMI-65 precisa ser lavado at\u00e9 que o Mn residual leia menos de 0,15 ppm (0,05 x 3 = 0,15 mg\/L).<\/p>\n<p>6. Certifique-se de que a velocidade de lavagem traseira \u00e9 suficiente para expandir e elevar o DMI-65 para que o material muito fino seja removido da cama. Durante os est\u00e1gios iniciais do backwash haver\u00e1 muitas part\u00edculas pretas finas removidas e a \u00e1gua de lavagem traseira ser\u00e1 de uma cor escura. Durante as fases posteriores do backwash, a \u00e1gua ficar\u00e1 mais clara, dependendo do volume de m\u00eddia de filtragem de IDMI, o tempo que isso leva pode ser algum n\u00famero de horas. Monitore o n\u00edvel residual de Mn at\u00e9 que ele tenha ca\u00eddo abaixo, &#8220;tr\u00eas vezes o MCL&#8221;.<\/p>\n<p>7. Gire o filtro para o modo de lavagem. A mesma concentra\u00e7\u00e3o de cloro deve ser injetada durante a lavagem para manter o res\u00edduo de cloro livre de 0,1 a 0,3 ppm. Esta \u00e1gua deve ser descarregada para res\u00edduos at\u00e9 que os n\u00edveis residuais de Mn fiquem abaixo do MCL. Esse limite pode variar de pa\u00eds para pa\u00eds.<\/p>\n<p>8. Uma vez que o n\u00edvel residual de \u00e1gua Mn tenha ca\u00eddo abaixo do MCL local no modo de lavagem, gire o filtro para o modo de servi\u00e7o. Inicie o modo de servi\u00e7o enquanto ao mesmo tempo injete cloro continuamente. O cloro livre total pode ser reduzido se necess\u00e1rio. No entanto, certifique-se de que h\u00e1 sempre res\u00edduos de cloro livre na \u00e1gua tratada. N\u00e3o \u00e9 recomendado correr com cloro livre residual inferior a 0,1 ppm. A vaz\u00e3o do servi\u00e7o ser\u00e1 na faixa de cerca de 5 m3 \u2013 20 m3 \/ m2 \/ hora ou 2 \u2013 8 gpm por metro quadrado. Isso depende da profundidade do filtro e da qualidade da \u00e1gua.<\/p>\n<p>9. Monitoramento da Qualidade da \u00c1gua Bruta<br \/>\nSe for encontrado ferro residual (Fe) e mangan\u00eas (Mn) para &#8220;romper&#8221; o leito de m\u00eddia DMI-65 em concentra\u00e7\u00f5es maiores do que suas \u00e1reas MCL, confira o seguinte:<\/p>\n<p>\u2022 Existe um res\u00edduo de cloro livre?<br \/>\n\u2022 O pH \u00e9 anormalmente baixo?<br \/>\n\u2022 A cama do filtro DMI-65 est\u00e1 sendo lavada adequadamente?<br \/>\n\u2022 O DMI-65 \u00e9 antigo?<br \/>\n\u2022 H\u00e1 uma falha no equipamento, como o sistema de dosagem qu\u00edmica?<\/p>\n<p>10. Verifique se os seguintes elementos abaixo n\u00e3o est\u00e3o em altas concentra\u00e7\u00f5es na \u00e1gua bruta. Se esses elementos forem altos em concentra\u00e7\u00f5es, entre <a href=\"http:\/\/dmi65.com\/pt-br\/contato\/\">em contato com<\/a> o Quantum Filtration Medium ou com seu agente DMI-65 local.<\/p>\n<p>\u2022 Sal<br \/>\n\u2022 Am\u00f4nia<br \/>\n\u2022 S\u00edlica<br \/>\n\u2022 C\u00e1lcio e Magn\u00e9sio (dureza excessiva)[\/vc_column_text][\/vc_column][\/vc_row][vc_row content_placement=&#8221;middle&#8221; css=&#8221;.vc_custom_1592794121420{padding-top: 20px !important;padding-right: 20px !important;padding-bottom: 5px !important;padding-left: 20px !important;}&#8221; el_class=&#8221;cta&#8221;][vc_column]<div class=\"dt-fancy-separator\" style=\"width: 100%;\"><div class=\"dt-fancy-title\"><span class=\"separator-holder separator-left\"><\/span>Para obter mais informa\u00e7\u00f5es sobre o DMI-65\u00ae ativa\u00e7\u00e3o e configura\u00e7\u00e3o de m\u00eddia de filtragem, consulte.<span class=\"separator-holder separator-right\"><\/span><\/div><\/div>[vc_btn title=&#8221;QUEST\u00d5ES T\u00c9CNICAS&#8221; style=&#8221;custom&#8221; custom_background=&#8221;#162441&#8243; custom_text=&#8221;#ffffff&#8221; shape=&#8221;square&#8221; size=&#8221;lg&#8221; align=&#8221;center&#8221; i_align=&#8221;right&#8221; i_icon_fontawesome=&#8221;fas fa-chevron-right&#8221; add_icon=&#8221;true&#8221; css=&#8221;.vc_custom_1593050402705{margin-top: 20px !important;}&#8221; el_class=&#8221;ctaButton sg-popup-id-8549&#8243;][\/vc_column][\/vc_row]<\/p>\n<\/div>","protected":false},"excerpt":{"rendered":"<p>[vc_row][vc_column][vc_column_text]CONFIGURA\u00c7\u00c3O E ATIVA\u00c7\u00c3O DO FILTRO PARA M\u00cdDIA DE FILTRAGEM DE DMI Hipoclorito de s\u00f3dio \u00e9 usado para ativar e condicionar as superf\u00edcies catal\u00edticas do meio filtro DMI-65. O m\u00e9todo \u00e9 descrito abaixo seguido por um guia passo a passo. O processo qu\u00edmico de cura das superf\u00edcies catal\u00edticas do DMI-65 \u2013 \u00e9 feito encharcando a m\u00eddia&hellip;<\/p>\n","protected":false},"author":1,"featured_media":0,"parent":7164,"menu_order":0,"comment_status":"closed","ping_status":"closed","template":"","meta":{"content-type":"","footnotes":""},"class_list":["post-8623","page","type-page","status-publish","hentry","description-off"],"yoast_head":"<!-- This site is optimized with the Yoast SEO plugin v25.2 - https:\/\/yoast.com\/wordpress\/plugins\/seo\/ -->\n<title>Ativa\u00e7\u00e3o e configura\u00e7\u00e3o DMI Filtration Media - DMI-65\u00ae<\/title>\n<meta name=\"description\" content=\"Guia passo a passo para ativa\u00e7\u00e3o e configura\u00e7\u00e3o de m\u00eddia de filtragem de DMI, incluindo como configurar o filtro e os processos de cura das superf\u00edcies catal\u00edticas.\" \/>\n<meta name=\"robots\" content=\"index, follow, max-snippet:-1, max-image-preview:large, max-video-preview:-1\" \/>\n<link rel=\"canonical\" href=\"https:\/\/dmi65.com\/pt-br\/tecnico\/midia-de-filtragem-do-dmi-ativacao-e-configuracao\/\" \/>\n<meta property=\"og:locale\" content=\"pt_BR\" \/>\n<meta property=\"og:type\" content=\"article\" \/>\n<meta property=\"og:title\" content=\"Ativa\u00e7\u00e3o e configura\u00e7\u00e3o DMI Filtration Media - DMI-65\u00ae\" \/>\n<meta property=\"og:description\" content=\"Guia passo a passo para ativa\u00e7\u00e3o e configura\u00e7\u00e3o de m\u00eddia de filtragem de DMI, incluindo como configurar o filtro e os processos de cura das superf\u00edcies catal\u00edticas.\" \/>\n<meta property=\"og:url\" content=\"https:\/\/dmi65.com\/pt-br\/tecnico\/midia-de-filtragem-do-dmi-ativacao-e-configuracao\/\" \/>\n<meta property=\"og:site_name\" content=\"DMI-65\u00ae\" \/>\n<meta property=\"article:modified_time\" content=\"2020-06-26T03:11:06+00:00\" \/>\n<meta property=\"og:image\" content=\"https:\/\/dmi65.com\/wp-content\/uploads\/2020\/06\/dmi65_Logo_Blk.png\" \/>\n\t<meta property=\"og:image:width\" content=\"466\" \/>\n\t<meta property=\"og:image:height\" content=\"200\" \/>\n\t<meta property=\"og:image:type\" content=\"image\/png\" \/>\n<meta name=\"twitter:card\" content=\"summary_large_image\" \/>\n<meta name=\"twitter:label1\" content=\"Est. tempo de leitura\" \/>\n\t<meta name=\"twitter:data1\" content=\"8 minutos\" \/>\n<script type=\"application\/ld+json\" class=\"yoast-schema-graph\">{\"@context\":\"https:\/\/schema.org\",\"@graph\":[{\"@type\":\"WebPage\",\"@id\":\"https:\/\/dmi65.com\/pt-br\/tecnico\/midia-de-filtragem-do-dmi-ativacao-e-configuracao\/\",\"url\":\"https:\/\/dmi65.com\/pt-br\/tecnico\/midia-de-filtragem-do-dmi-ativacao-e-configuracao\/\",\"name\":\"Ativa\u00e7\u00e3o e configura\u00e7\u00e3o DMI Filtration Media - DMI-65\u00ae\",\"isPartOf\":{\"@id\":\"https:\/\/dmi65.com\/pt-br\/#website\"},\"datePublished\":\"2020-06-26T03:11:04+00:00\",\"dateModified\":\"2020-06-26T03:11:06+00:00\",\"description\":\"Guia passo a passo para ativa\u00e7\u00e3o e configura\u00e7\u00e3o de m\u00eddia de filtragem de DMI, incluindo como configurar o filtro e os processos de cura das superf\u00edcies catal\u00edticas.\",\"breadcrumb\":{\"@id\":\"https:\/\/dmi65.com\/pt-br\/tecnico\/midia-de-filtragem-do-dmi-ativacao-e-configuracao\/#breadcrumb\"},\"inLanguage\":\"pt-BR\",\"potentialAction\":[{\"@type\":\"ReadAction\",\"target\":[\"https:\/\/dmi65.com\/pt-br\/tecnico\/midia-de-filtragem-do-dmi-ativacao-e-configuracao\/\"]}]},{\"@type\":\"BreadcrumbList\",\"@id\":\"https:\/\/dmi65.com\/pt-br\/tecnico\/midia-de-filtragem-do-dmi-ativacao-e-configuracao\/#breadcrumb\",\"itemListElement\":[{\"@type\":\"ListItem\",\"position\":1,\"name\":\"Home\",\"item\":\"https:\/\/dmi65.com\/pt-br\/\"},{\"@type\":\"ListItem\",\"position\":2,\"name\":\"T\u00e9cnico\",\"item\":\"https:\/\/dmi65.com\/pt-br\/tecnico\/\"},{\"@type\":\"ListItem\",\"position\":3,\"name\":\"M\u00eddia de filtragem do DMI &#8211; Ativa\u00e7\u00e3o e Configura\u00e7\u00e3o\"}]},{\"@type\":\"WebSite\",\"@id\":\"https:\/\/dmi65.com\/pt-br\/#website\",\"url\":\"https:\/\/dmi65.com\/pt-br\/\",\"name\":\"DMI-65\u00ae\",\"description\":\"Water Filtration &amp; Reverse Osmosis Treatment, Catalytic Media\",\"publisher\":{\"@id\":\"https:\/\/dmi65.com\/pt-br\/#organization\"},\"potentialAction\":[{\"@type\":\"SearchAction\",\"target\":{\"@type\":\"EntryPoint\",\"urlTemplate\":\"https:\/\/dmi65.com\/pt-br\/?s={search_term_string}\"},\"query-input\":{\"@type\":\"PropertyValueSpecification\",\"valueRequired\":true,\"valueName\":\"search_term_string\"}}],\"inLanguage\":\"pt-BR\"},{\"@type\":\"Organization\",\"@id\":\"https:\/\/dmi65.com\/pt-br\/#organization\",\"name\":\"DMI-65 & Quantum Filtration Pty Ltd\",\"url\":\"https:\/\/dmi65.com\/pt-br\/\",\"logo\":{\"@type\":\"ImageObject\",\"inLanguage\":\"pt-BR\",\"@id\":\"https:\/\/dmi65.com\/pt-br\/#\/schema\/logo\/image\/\",\"url\":\"https:\/\/dmi65.com\/wp-content\/uploads\/2020\/04\/dmi65.png\",\"contentUrl\":\"https:\/\/dmi65.com\/wp-content\/uploads\/2020\/04\/dmi65.png\",\"width\":440,\"height\":205,\"caption\":\"DMI-65 & Quantum Filtration Pty Ltd\"},\"image\":{\"@id\":\"https:\/\/dmi65.com\/pt-br\/#\/schema\/logo\/image\/\"},\"sameAs\":[\"https:\/\/www.linkedin.com\/company\/dmi-65\",\"https:\/\/www.youtube.com\/channel\/UCbXoMn5KBp2jrnx4KR_Qg4A\"]}]}<\/script>\n<!-- \/ Yoast SEO plugin. -->","yoast_head_json":{"title":"Ativa\u00e7\u00e3o e configura\u00e7\u00e3o DMI Filtration Media - DMI-65\u00ae","description":"Guia passo a passo para ativa\u00e7\u00e3o e configura\u00e7\u00e3o de m\u00eddia de filtragem de DMI, incluindo como configurar o filtro e os processos de cura das superf\u00edcies catal\u00edticas.","robots":{"index":"index","follow":"follow","max-snippet":"max-snippet:-1","max-image-preview":"max-image-preview:large","max-video-preview":"max-video-preview:-1"},"canonical":"https:\/\/dmi65.com\/pt-br\/tecnico\/midia-de-filtragem-do-dmi-ativacao-e-configuracao\/","og_locale":"pt_BR","og_type":"article","og_title":"Ativa\u00e7\u00e3o e configura\u00e7\u00e3o DMI Filtration Media - DMI-65\u00ae","og_description":"Guia passo a passo para ativa\u00e7\u00e3o e configura\u00e7\u00e3o de m\u00eddia de filtragem de DMI, incluindo como configurar o filtro e os processos de cura das superf\u00edcies catal\u00edticas.","og_url":"https:\/\/dmi65.com\/pt-br\/tecnico\/midia-de-filtragem-do-dmi-ativacao-e-configuracao\/","og_site_name":"DMI-65\u00ae","article_modified_time":"2020-06-26T03:11:06+00:00","og_image":[{"width":466,"height":200,"url":"https:\/\/dmi65.com\/wp-content\/uploads\/2020\/06\/dmi65_Logo_Blk.png","type":"image\/png"}],"twitter_card":"summary_large_image","twitter_misc":{"Est. tempo de leitura":"8 minutos"},"schema":{"@context":"https:\/\/schema.org","@graph":[{"@type":"WebPage","@id":"https:\/\/dmi65.com\/pt-br\/tecnico\/midia-de-filtragem-do-dmi-ativacao-e-configuracao\/","url":"https:\/\/dmi65.com\/pt-br\/tecnico\/midia-de-filtragem-do-dmi-ativacao-e-configuracao\/","name":"Ativa\u00e7\u00e3o e configura\u00e7\u00e3o DMI Filtration Media - DMI-65\u00ae","isPartOf":{"@id":"https:\/\/dmi65.com\/pt-br\/#website"},"datePublished":"2020-06-26T03:11:04+00:00","dateModified":"2020-06-26T03:11:06+00:00","description":"Guia passo a passo para ativa\u00e7\u00e3o e configura\u00e7\u00e3o de m\u00eddia de filtragem de DMI, incluindo como configurar o filtro e os processos de cura das superf\u00edcies catal\u00edticas.","breadcrumb":{"@id":"https:\/\/dmi65.com\/pt-br\/tecnico\/midia-de-filtragem-do-dmi-ativacao-e-configuracao\/#breadcrumb"},"inLanguage":"pt-BR","potentialAction":[{"@type":"ReadAction","target":["https:\/\/dmi65.com\/pt-br\/tecnico\/midia-de-filtragem-do-dmi-ativacao-e-configuracao\/"]}]},{"@type":"BreadcrumbList","@id":"https:\/\/dmi65.com\/pt-br\/tecnico\/midia-de-filtragem-do-dmi-ativacao-e-configuracao\/#breadcrumb","itemListElement":[{"@type":"ListItem","position":1,"name":"Home","item":"https:\/\/dmi65.com\/pt-br\/"},{"@type":"ListItem","position":2,"name":"T\u00e9cnico","item":"https:\/\/dmi65.com\/pt-br\/tecnico\/"},{"@type":"ListItem","position":3,"name":"M\u00eddia de filtragem do DMI &#8211; Ativa\u00e7\u00e3o e Configura\u00e7\u00e3o"}]},{"@type":"WebSite","@id":"https:\/\/dmi65.com\/pt-br\/#website","url":"https:\/\/dmi65.com\/pt-br\/","name":"DMI-65\u00ae","description":"Water Filtration &amp; Reverse Osmosis Treatment, Catalytic Media","publisher":{"@id":"https:\/\/dmi65.com\/pt-br\/#organization"},"potentialAction":[{"@type":"SearchAction","target":{"@type":"EntryPoint","urlTemplate":"https:\/\/dmi65.com\/pt-br\/?s={search_term_string}"},"query-input":{"@type":"PropertyValueSpecification","valueRequired":true,"valueName":"search_term_string"}}],"inLanguage":"pt-BR"},{"@type":"Organization","@id":"https:\/\/dmi65.com\/pt-br\/#organization","name":"DMI-65 & Quantum Filtration Pty Ltd","url":"https:\/\/dmi65.com\/pt-br\/","logo":{"@type":"ImageObject","inLanguage":"pt-BR","@id":"https:\/\/dmi65.com\/pt-br\/#\/schema\/logo\/image\/","url":"https:\/\/dmi65.com\/wp-content\/uploads\/2020\/04\/dmi65.png","contentUrl":"https:\/\/dmi65.com\/wp-content\/uploads\/2020\/04\/dmi65.png","width":440,"height":205,"caption":"DMI-65 & Quantum Filtration Pty Ltd"},"image":{"@id":"https:\/\/dmi65.com\/pt-br\/#\/schema\/logo\/image\/"},"sameAs":["https:\/\/www.linkedin.com\/company\/dmi-65","https:\/\/www.youtube.com\/channel\/UCbXoMn5KBp2jrnx4KR_Qg4A"]}]}},"_links":{"self":[{"href":"https:\/\/dmi65.com\/pt-br\/wp-json\/wp\/v2\/pages\/8623","targetHints":{"allow":["GET"]}}],"collection":[{"href":"https:\/\/dmi65.com\/pt-br\/wp-json\/wp\/v2\/pages"}],"about":[{"href":"https:\/\/dmi65.com\/pt-br\/wp-json\/wp\/v2\/types\/page"}],"author":[{"embeddable":true,"href":"https:\/\/dmi65.com\/pt-br\/wp-json\/wp\/v2\/users\/1"}],"replies":[{"embeddable":true,"href":"https:\/\/dmi65.com\/pt-br\/wp-json\/wp\/v2\/comments?post=8623"}],"version-history":[{"count":0,"href":"https:\/\/dmi65.com\/pt-br\/wp-json\/wp\/v2\/pages\/8623\/revisions"}],"up":[{"embeddable":true,"href":"https:\/\/dmi65.com\/pt-br\/wp-json\/wp\/v2\/pages\/7164"}],"wp:attachment":[{"href":"https:\/\/dmi65.com\/pt-br\/wp-json\/wp\/v2\/media?parent=8623"}],"curies":[{"name":"wp","href":"https:\/\/api.w.org\/{rel}","templated":true}]}}