{"id":6294,"date":"2020-06-09T19:48:43","date_gmt":"2020-06-09T11:48:43","guid":{"rendered":"http:\/\/dmi65.com\/agua-filtracao-vantagens\/"},"modified":"2020-06-09T19:48:43","modified_gmt":"2020-06-09T11:48:43","slug":"agua-filtracao-vantagens","status":"publish","type":"page","link":"https:\/\/dmi65.com\/pt-br\/tecnico\/agua-filtracao-vantagens\/","title":{"rendered":"Vantagens da filtragem de \u00e1gua"},"content":{"rendered":"<div class=\"wpb-content-wrapper\"><p>[vc_row][vc_column]<div class=\"dt-fancy-separator title-left h2-size style-disabled\" style=\"width: 100%;\"><div class=\"dt-fancy-title\"><span class=\"separator-holder separator-left\"><\/span>Vantagens do DMI-65 para filtragem de \u00e1gua<span class=\"separator-holder separator-right\"><\/span><\/div><\/div>[vc_separator color=&#8221;custom&#8221; accent_color=&#8221;#162441&#8243; css=&#8221;.vc_custom_1590629801215{margin-top: 15px !important;margin-bottom: 15px !important;}&#8221;][vc_column_text]<\/p>\n<p style=\"text-align: left;\">DMI-65 \u00e9 uma revolucion\u00e1ria m\u00eddia de filtragem catal\u00edtica da Tecnologia de Infus\u00e3o projetada para a remo\u00e7\u00e3o de ferro e mangan\u00eas sem o uso de permanganato de pot\u00e1ssio. A estrutura micro porosa \u00fanica do DMI-65 remove eficientemente o ferro dissolvido para t\u00e3o baixo quanto 0,001 ppm e mangan\u00eas a 0,001 ppm. O DMI-65 atua como um catalisador de oxida\u00e7\u00e3o com oxida\u00e7\u00e3o imediata e filtragem dos precipitados insol\u00faveis. A m\u00eddia tem sido usada extensivamente em uma ampla variedade de aplica\u00e7\u00f5es por mais de 30 anos.<\/p>\n<p>[\/vc_column_text]<div class=\"uavc-list-icon uavc-list-icon-wrapper ult-adjust-bottom-margin   vc_custom_1590633244219  vc_custom_1590633244219\"><ul class=\"uavc-list\"><li><div class=\"uavc-list-content\" id=\"list-icon-wrap-9011\">\n<div class=\"uavc-list-icon  \" data-animation=\"\" data-animation-delay=\"03\" style=\"margin-right:20px;\"><div class=\"ult-just-icon-wrapper  \"><div class=\"align-icon\" style=\"text-align:center;\">\n<div class=\"aio-icon none \"  style=\"color:#81d742;font-size:20px;display:inline-block;\">\n\t<i class=\"fas fa-check\"><\/i>\n<\/div><\/div><\/div>\n<\/div><span  data-ultimate-target='#list-icon-wrap-9011 .uavc-list-desc'  data-responsive-json-new='{\"font-size\":\"\",\"line-height\":\"\"}'  class=\"uavc-list-desc ult-responsive\" style=\"\"><strong>Elimina o permanganato de pot\u00e1ssio:<\/strong> Opera com inje\u00e7\u00e3o cont\u00ednua de hipoclorito de s\u00f3dio em baixos n\u00edveis residuais (0,1 a 0,3 ppm)<\/span><\/div><\/li><li><div class=\"uavc-list-content\" id=\"list-icon-wrap-6367\">\n<div class=\"uavc-list-icon  \" data-animation=\"\" data-animation-delay=\"03\" style=\"margin-right:20px;\"><div class=\"ult-just-icon-wrapper  \"><div class=\"align-icon\" style=\"text-align:center;\">\n<div class=\"aio-icon none \"  style=\"color:#81d742;font-size:20px;display:inline-block;\">\n\t<i class=\"fas fa-check\"><\/i>\n<\/div><\/div><\/div>\n<\/div><span  data-ultimate-target='#list-icon-wrap-6367 .uavc-list-desc'  data-responsive-json-new='{\"font-size\":\"\",\"line-height\":\"\"}'  class=\"uavc-list-desc ult-responsive\" style=\"\"><strong>Ampla gama de pH:<\/strong> Desempenho est\u00e1vel e satisfat\u00f3rio no pH 5.8 a 8.6<\/p>\n<p><\/span><\/div><\/li><li><div class=\"uavc-list-content\" id=\"list-icon-wrap-9283\">\n<div class=\"uavc-list-icon  \" data-animation=\"\" data-animation-delay=\"03\" style=\"margin-right:20px;\"><div class=\"ult-just-icon-wrapper  \"><div class=\"align-icon\" style=\"text-align:center;\">\n<div class=\"aio-icon none \"  style=\"color:#81d742;font-size:20px;display:inline-block;\">\n\t<i class=\"fas fa-check\"><\/i>\n<\/div><\/div><\/div>\n<\/div><span  data-ultimate-target='#list-icon-wrap-9283 .uavc-list-desc'  data-responsive-json-new='{\"font-size\":\"\",\"line-height\":\"\"}'  class=\"uavc-list-desc ult-responsive\" style=\"\"><strong>Altas taxas de fluxo:<\/strong> O DMI-65 pode operar a velocidades de filtragem linear at\u00e9 o dobro da m\u00eddia convencional com temperaturas operacionais mais altas. Temperatura m\u00e1xima de opera\u00e7\u00e3o de 113\u00b0 F (45\u00b0 C)<\/p>\n<p><\/span><\/div><\/li><li><div class=\"uavc-list-content\" id=\"list-icon-wrap-9889\">\n<div class=\"uavc-list-icon  \" data-animation=\"\" data-animation-delay=\"03\" style=\"margin-right:20px;\"><div class=\"ult-just-icon-wrapper  \"><div class=\"align-icon\" style=\"text-align:center;\">\n<div class=\"aio-icon none \"  style=\"color:#81d742;font-size:20px;display:inline-block;\">\n\t<i class=\"fas fa-check\"><\/i>\n<\/div><\/div><\/div>\n<\/div><span  data-ultimate-target='#list-icon-wrap-9889 .uavc-list-desc'  data-responsive-json-new='{\"font-size\":\"\",\"line-height\":\"\"}'  class=\"uavc-list-desc ult-responsive\" style=\"\"><strong>Longa Vida:<\/strong> O DMI-65 n\u00e3o \u00e9 consumido no processo proporcionando vantagens consider\u00e1veis sobre outros processos ou m\u00eddia<\/p>\n<p><\/span><\/div><\/li><li><div class=\"uavc-list-content\" id=\"list-icon-wrap-9331\">\n<div class=\"uavc-list-icon  \" data-animation=\"\" data-animation-delay=\"03\" style=\"margin-right:20px;\"><div class=\"ult-just-icon-wrapper  \"><div class=\"align-icon\" style=\"text-align:center;\">\n<div class=\"aio-icon none \"  style=\"color:#81d742;font-size:20px;display:inline-block;\">\n\t<i class=\"fas fa-check\"><\/i>\n<\/div><\/div><\/div>\n<\/div><span  data-ultimate-target='#list-icon-wrap-9331 .uavc-list-desc'  data-responsive-json-new='{\"font-size\":\"\",\"line-height\":\"\"}'  class=\"uavc-list-desc ult-responsive\" style=\"\"><strong>Regenera\u00e7\u00e3o n\u00e3o necess\u00e1ria:<\/strong> Ap\u00f3s a ativa\u00e7\u00e3o inicial \u00e9 necess\u00e1rio apenas a alimenta\u00e7\u00e3o de hipoclorito de s\u00f3dio.<\/p>\n<p><\/span><\/div><\/li><li><div class=\"uavc-list-content\" id=\"list-icon-wrap-8063\">\n<div class=\"uavc-list-icon  \" data-animation=\"\" data-animation-delay=\"03\" style=\"margin-right:20px;\"><div class=\"ult-just-icon-wrapper  \"><div class=\"align-icon\" style=\"text-align:center;\">\n<div class=\"aio-icon none \"  style=\"color:#81d742;font-size:20px;display:inline-block;\">\n\t<i class=\"fas fa-check\"><\/i>\n<\/div><\/div><\/div>\n<\/div><span  data-ultimate-target='#list-icon-wrap-8063 .uavc-list-desc'  data-responsive-json-new='{\"font-size\":\"\",\"line-height\":\"\"}'  class=\"uavc-list-desc ult-responsive\" style=\"\"><strong>Compatibilidade do sistema:<\/strong> As propriedades f\u00edsicas s\u00e3o semelhantes \u00e0s de m\u00eddia competitiva que permite a convers\u00e3o para DMI-65 sem grandes modifica\u00e7\u00f5es de hardware<\/p>\n<p><\/span><\/div><\/li><li><div class=\"uavc-list-content\" id=\"list-icon-wrap-2864\">\n<div class=\"uavc-list-icon  \" data-animation=\"\" data-animation-delay=\"03\" style=\"margin-right:20px;\"><div class=\"ult-just-icon-wrapper  \"><div class=\"align-icon\" style=\"text-align:center;\">\n<div class=\"aio-icon none \"  style=\"color:#81d742;font-size:20px;display:inline-block;\">\n\t<i class=\"fas fa-check\"><\/i>\n<\/div><\/div><\/div>\n<\/div><span  data-ultimate-target='#list-icon-wrap-2864 .uavc-list-desc'  data-responsive-json-new='{\"font-size\":\"\",\"line-height\":\"\"}'  class=\"uavc-list-desc ult-responsive\" style=\"\"><strong>Remo\u00e7\u00e3o de ars\u00eanico:<\/strong> O DMI-65 mostrou-se eficaz na remo\u00e7\u00e3o do ars\u00eanico associado ao influente contendo ferro. Se necess\u00e1rio, o cloreto f\u00e9rrico pode ser introduzido para tratar \u00e1guas com baixos n\u00edveis de ferro influentes ou para melhorar a remo\u00e7\u00e3o ao tratar \u00e1guas com altos n\u00edveis de ars\u00eanico<\/p>\n<p><\/span><\/div><\/li><\/ul><\/div>[\/vc_column][\/vc_row]<\/p>\n<\/div>","protected":false},"excerpt":{"rendered":"<p>[vc_row][vc_column][vc_separator color=&#8221;custom&#8221; accent_color=&#8221;#162441&#8243; css=&#8221;.vc_custom_1590629801215{margin-top: 15px !important;margin-bottom: 15px !important;}&#8221;][vc_column_text] DMI-65 \u00e9 uma revolucion\u00e1ria m\u00eddia de filtragem catal\u00edtica da Tecnologia de Infus\u00e3o projetada para a remo\u00e7\u00e3o de ferro e mangan\u00eas sem o uso de permanganato de pot\u00e1ssio. A estrutura micro porosa \u00fanica do DMI-65 remove eficientemente o ferro dissolvido para t\u00e3o baixo quanto 0,001 ppm e mangan\u00eas&hellip;<\/p>\n","protected":false},"author":1,"featured_media":0,"parent":7164,"menu_order":0,"comment_status":"closed","ping_status":"closed","template":"","meta":{"content-type":"","footnotes":""},"class_list":["post-6294","page","type-page","status-publish","hentry","description-off"],"yoast_head":"<!-- This site is optimized with the Yoast SEO plugin v25.2 - https:\/\/yoast.com\/wordpress\/plugins\/seo\/ -->\n<title>Vantagens da filtragem de \u00e1gua - DMI-65\u00ae<\/title>\n<meta name=\"robots\" content=\"index, follow, max-snippet:-1, max-image-preview:large, max-video-preview:-1\" \/>\n<link rel=\"canonical\" href=\"https:\/\/dmi65.com\/pt-br\/tecnico\/agua-filtracao-vantagens\/\" \/>\n<meta property=\"og:locale\" content=\"pt_BR\" \/>\n<meta property=\"og:type\" content=\"article\" \/>\n<meta property=\"og:title\" content=\"Vantagens da filtragem de \u00e1gua - DMI-65\u00ae\" \/>\n<meta property=\"og:description\" content=\"[vc_row][vc_column][vc_separator color=&#8221;custom&#8221; accent_color=&#8221;#162441&#8243; css=&#8221;.vc_custom_1590629801215{margin-top: 15px !important;margin-bottom: 15px !important;}&#8221;][vc_column_text] DMI-65 \u00e9 uma revolucion\u00e1ria m\u00eddia de filtragem catal\u00edtica da Tecnologia de Infus\u00e3o projetada para a remo\u00e7\u00e3o de ferro e mangan\u00eas sem o uso de permanganato de pot\u00e1ssio. A estrutura micro porosa \u00fanica do DMI-65 remove eficientemente o ferro dissolvido para t\u00e3o baixo quanto 0,001 ppm e mangan\u00eas&hellip;\" \/>\n<meta property=\"og:url\" content=\"https:\/\/dmi65.com\/pt-br\/tecnico\/agua-filtracao-vantagens\/\" \/>\n<meta property=\"og:site_name\" content=\"DMI-65\u00ae\" \/>\n<meta property=\"og:image\" content=\"https:\/\/dmi65.com\/wp-content\/uploads\/2020\/06\/dmi65_Logo_Blk.png\" \/>\n\t<meta property=\"og:image:width\" content=\"466\" \/>\n\t<meta property=\"og:image:height\" content=\"200\" \/>\n\t<meta property=\"og:image:type\" content=\"image\/png\" \/>\n<meta name=\"twitter:card\" content=\"summary_large_image\" \/>\n<meta name=\"twitter:label1\" content=\"Est. tempo de leitura\" \/>\n\t<meta name=\"twitter:data1\" content=\"2 minutos\" \/>\n<script type=\"application\/ld+json\" class=\"yoast-schema-graph\">{\"@context\":\"https:\/\/schema.org\",\"@graph\":[{\"@type\":\"WebPage\",\"@id\":\"https:\/\/dmi65.com\/pt-br\/tecnico\/agua-filtracao-vantagens\/\",\"url\":\"https:\/\/dmi65.com\/pt-br\/tecnico\/agua-filtracao-vantagens\/\",\"name\":\"Vantagens da filtragem de \u00e1gua - DMI-65\u00ae\",\"isPartOf\":{\"@id\":\"https:\/\/dmi65.com\/pt-br\/#website\"},\"datePublished\":\"2020-06-09T11:48:43+00:00\",\"breadcrumb\":{\"@id\":\"https:\/\/dmi65.com\/pt-br\/tecnico\/agua-filtracao-vantagens\/#breadcrumb\"},\"inLanguage\":\"pt-BR\",\"potentialAction\":[{\"@type\":\"ReadAction\",\"target\":[\"https:\/\/dmi65.com\/pt-br\/tecnico\/agua-filtracao-vantagens\/\"]}]},{\"@type\":\"BreadcrumbList\",\"@id\":\"https:\/\/dmi65.com\/pt-br\/tecnico\/agua-filtracao-vantagens\/#breadcrumb\",\"itemListElement\":[{\"@type\":\"ListItem\",\"position\":1,\"name\":\"Home\",\"item\":\"https:\/\/dmi65.com\/pt-br\/\"},{\"@type\":\"ListItem\",\"position\":2,\"name\":\"T\u00e9cnico\",\"item\":\"https:\/\/dmi65.com\/pt-br\/tecnico\/\"},{\"@type\":\"ListItem\",\"position\":3,\"name\":\"Vantagens da filtragem de \u00e1gua\"}]},{\"@type\":\"WebSite\",\"@id\":\"https:\/\/dmi65.com\/pt-br\/#website\",\"url\":\"https:\/\/dmi65.com\/pt-br\/\",\"name\":\"DMI-65\u00ae\",\"description\":\"Water Filtration &amp; Reverse Osmosis Treatment, Catalytic Media\",\"publisher\":{\"@id\":\"https:\/\/dmi65.com\/pt-br\/#organization\"},\"potentialAction\":[{\"@type\":\"SearchAction\",\"target\":{\"@type\":\"EntryPoint\",\"urlTemplate\":\"https:\/\/dmi65.com\/pt-br\/?s={search_term_string}\"},\"query-input\":{\"@type\":\"PropertyValueSpecification\",\"valueRequired\":true,\"valueName\":\"search_term_string\"}}],\"inLanguage\":\"pt-BR\"},{\"@type\":\"Organization\",\"@id\":\"https:\/\/dmi65.com\/pt-br\/#organization\",\"name\":\"DMI-65 & Quantum Filtration Pty Ltd\",\"url\":\"https:\/\/dmi65.com\/pt-br\/\",\"logo\":{\"@type\":\"ImageObject\",\"inLanguage\":\"pt-BR\",\"@id\":\"https:\/\/dmi65.com\/pt-br\/#\/schema\/logo\/image\/\",\"url\":\"https:\/\/dmi65.com\/wp-content\/uploads\/2020\/04\/dmi65.png\",\"contentUrl\":\"https:\/\/dmi65.com\/wp-content\/uploads\/2020\/04\/dmi65.png\",\"width\":440,\"height\":205,\"caption\":\"DMI-65 & Quantum Filtration Pty Ltd\"},\"image\":{\"@id\":\"https:\/\/dmi65.com\/pt-br\/#\/schema\/logo\/image\/\"},\"sameAs\":[\"https:\/\/www.linkedin.com\/company\/dmi-65\",\"https:\/\/www.youtube.com\/channel\/UCbXoMn5KBp2jrnx4KR_Qg4A\"]}]}<\/script>\n<!-- \/ Yoast SEO plugin. -->","yoast_head_json":{"title":"Vantagens da filtragem de \u00e1gua - DMI-65\u00ae","robots":{"index":"index","follow":"follow","max-snippet":"max-snippet:-1","max-image-preview":"max-image-preview:large","max-video-preview":"max-video-preview:-1"},"canonical":"https:\/\/dmi65.com\/pt-br\/tecnico\/agua-filtracao-vantagens\/","og_locale":"pt_BR","og_type":"article","og_title":"Vantagens da filtragem de \u00e1gua - DMI-65\u00ae","og_description":"[vc_row][vc_column][vc_separator color=&#8221;custom&#8221; accent_color=&#8221;#162441&#8243; css=&#8221;.vc_custom_1590629801215{margin-top: 15px !important;margin-bottom: 15px !important;}&#8221;][vc_column_text] DMI-65 \u00e9 uma revolucion\u00e1ria m\u00eddia de filtragem catal\u00edtica da Tecnologia de Infus\u00e3o projetada para a remo\u00e7\u00e3o de ferro e mangan\u00eas sem o uso de permanganato de pot\u00e1ssio. A estrutura micro porosa \u00fanica do DMI-65 remove eficientemente o ferro dissolvido para t\u00e3o baixo quanto 0,001 ppm e mangan\u00eas&hellip;","og_url":"https:\/\/dmi65.com\/pt-br\/tecnico\/agua-filtracao-vantagens\/","og_site_name":"DMI-65\u00ae","og_image":[{"width":466,"height":200,"url":"https:\/\/dmi65.com\/wp-content\/uploads\/2020\/06\/dmi65_Logo_Blk.png","type":"image\/png"}],"twitter_card":"summary_large_image","twitter_misc":{"Est. tempo de leitura":"2 minutos"},"schema":{"@context":"https:\/\/schema.org","@graph":[{"@type":"WebPage","@id":"https:\/\/dmi65.com\/pt-br\/tecnico\/agua-filtracao-vantagens\/","url":"https:\/\/dmi65.com\/pt-br\/tecnico\/agua-filtracao-vantagens\/","name":"Vantagens da filtragem de \u00e1gua - DMI-65\u00ae","isPartOf":{"@id":"https:\/\/dmi65.com\/pt-br\/#website"},"datePublished":"2020-06-09T11:48:43+00:00","breadcrumb":{"@id":"https:\/\/dmi65.com\/pt-br\/tecnico\/agua-filtracao-vantagens\/#breadcrumb"},"inLanguage":"pt-BR","potentialAction":[{"@type":"ReadAction","target":["https:\/\/dmi65.com\/pt-br\/tecnico\/agua-filtracao-vantagens\/"]}]},{"@type":"BreadcrumbList","@id":"https:\/\/dmi65.com\/pt-br\/tecnico\/agua-filtracao-vantagens\/#breadcrumb","itemListElement":[{"@type":"ListItem","position":1,"name":"Home","item":"https:\/\/dmi65.com\/pt-br\/"},{"@type":"ListItem","position":2,"name":"T\u00e9cnico","item":"https:\/\/dmi65.com\/pt-br\/tecnico\/"},{"@type":"ListItem","position":3,"name":"Vantagens da filtragem de \u00e1gua"}]},{"@type":"WebSite","@id":"https:\/\/dmi65.com\/pt-br\/#website","url":"https:\/\/dmi65.com\/pt-br\/","name":"DMI-65\u00ae","description":"Water Filtration &amp; Reverse Osmosis Treatment, Catalytic Media","publisher":{"@id":"https:\/\/dmi65.com\/pt-br\/#organization"},"potentialAction":[{"@type":"SearchAction","target":{"@type":"EntryPoint","urlTemplate":"https:\/\/dmi65.com\/pt-br\/?s={search_term_string}"},"query-input":{"@type":"PropertyValueSpecification","valueRequired":true,"valueName":"search_term_string"}}],"inLanguage":"pt-BR"},{"@type":"Organization","@id":"https:\/\/dmi65.com\/pt-br\/#organization","name":"DMI-65 & Quantum Filtration Pty Ltd","url":"https:\/\/dmi65.com\/pt-br\/","logo":{"@type":"ImageObject","inLanguage":"pt-BR","@id":"https:\/\/dmi65.com\/pt-br\/#\/schema\/logo\/image\/","url":"https:\/\/dmi65.com\/wp-content\/uploads\/2020\/04\/dmi65.png","contentUrl":"https:\/\/dmi65.com\/wp-content\/uploads\/2020\/04\/dmi65.png","width":440,"height":205,"caption":"DMI-65 & Quantum Filtration Pty Ltd"},"image":{"@id":"https:\/\/dmi65.com\/pt-br\/#\/schema\/logo\/image\/"},"sameAs":["https:\/\/www.linkedin.com\/company\/dmi-65","https:\/\/www.youtube.com\/channel\/UCbXoMn5KBp2jrnx4KR_Qg4A"]}]}},"_links":{"self":[{"href":"https:\/\/dmi65.com\/pt-br\/wp-json\/wp\/v2\/pages\/6294","targetHints":{"allow":["GET"]}}],"collection":[{"href":"https:\/\/dmi65.com\/pt-br\/wp-json\/wp\/v2\/pages"}],"about":[{"href":"https:\/\/dmi65.com\/pt-br\/wp-json\/wp\/v2\/types\/page"}],"author":[{"embeddable":true,"href":"https:\/\/dmi65.com\/pt-br\/wp-json\/wp\/v2\/users\/1"}],"replies":[{"embeddable":true,"href":"https:\/\/dmi65.com\/pt-br\/wp-json\/wp\/v2\/comments?post=6294"}],"version-history":[{"count":0,"href":"https:\/\/dmi65.com\/pt-br\/wp-json\/wp\/v2\/pages\/6294\/revisions"}],"up":[{"embeddable":true,"href":"https:\/\/dmi65.com\/pt-br\/wp-json\/wp\/v2\/pages\/7164"}],"wp:attachment":[{"href":"https:\/\/dmi65.com\/pt-br\/wp-json\/wp\/v2\/media?parent=6294"}],"curies":[{"name":"wp","href":"https:\/\/api.w.org\/{rel}","templated":true}]}}