{"id":6261,"date":"2020-06-09T19:47:06","date_gmt":"2020-06-09T11:47:06","guid":{"rendered":"http:\/\/dmi65.com\/folha-de-dados-tecnico\/"},"modified":"2020-06-09T19:47:07","modified_gmt":"2020-06-09T11:47:07","slug":"folha-de-dados-tecnico","status":"publish","type":"page","link":"https:\/\/dmi65.com\/pt-br\/tecnico\/folha-de-dados-tecnico\/","title":{"rendered":"Ficha t\u00e9cnica"},"content":{"rendered":"<div class=\"wpb-content-wrapper\"><p>[vc_row][vc_column][vc_btn title=&#8221;BAIXE O DOCUMENTO&#8221; style=&#8221;outline-custom&#8221; outline_custom_color=&#8221;#dd4949&#8243; outline_custom_hover_background=&#8221;#dd3333&#8243; outline_custom_hover_text=&#8221;#ffffff&#8221; shape=&#8221;square&#8221; align=&#8221;left&#8221; i_icon_fontawesome=&#8221;fas fa-file-alt&#8221; add_icon=&#8221;true&#8221; link=&#8221;url:%2Fwp-content%2Fuploads%2F2020%2F05%2FAtivando-DMI-65-passo%20a%20passo.pdf|&#8221;][vc_column_text]<\/p>\n<h2><strong>Para a remo\u00e7\u00e3o de ferro, mangan\u00eas, ars\u00eanico, alum\u00ednio, sulfeto de hidrog\u00eanio e outros metais pesados do abastecimento de \u00e1gua<\/strong><\/h2>\n<p><strong>Tecnologia de infus\u00e3o<\/strong>: Poderosos agentes oxidantes s\u00e3o quimicamente infundidos na subestruturagem micrososa do material matricial. A tecnologia de infus\u00e3o aumenta a superf\u00edcie catal\u00edtica e d\u00e1 ao DMI-65 a maior taxa de oxida\u00e7\u00e3o e capacidade de carga de qualquer outra m\u00eddia catal\u00edtica. A tecnologia de infus\u00e3o permite uma perda de atrito muito pequena e n\u00e3o exibe nenhum efeito em decomposi\u00e7\u00e3o ou perda ou cat\u00e1lise por at\u00e9 5 a 10 anos de desempenho cont\u00ednuo.<\/p>\n<p>O DMI-65 protege e pr\u00e9-trata todos os outros sistemas de tratamento de \u00e1gua a partir de bio-incrustados de ferro e mangan\u00eas, efetivamente mais longos tempos de funcionamento do filtro, e com o benef\u00edcio da redu\u00e7\u00e3o da demanda oxidante e porque a tecnologia de infus\u00e3o DMI-65 n\u00e3o requer regenera\u00e7\u00e3o qu\u00edmica,<\/p>\n<h4>O DMI-65 \u00e9 o menor custo de toda a vida de m\u00eddia de remo\u00e7\u00e3o de ferro e mangan\u00eas.<\/h4>\n<p><strong>CERTIFICA\u00c7\u00c3O DMI-65<\/strong><\/p>\n<p>Testado e certificado sob as normas da ind\u00fastria: NSF \/ ANSI 61 pelo Programa de Selos de Ouro da Associa\u00e7\u00e3o de Qualidade da \u00c1gua dos EUA para efeitos de seguran\u00e7a e sa\u00fade para componentes de \u00e1gua pot\u00e1vel.<\/p>\n<p>Autorizado pela Inspetoria de \u00c1gua Pot\u00e1vel de acordo com: Regulamento 31(4)(a) das regulamenta\u00e7\u00f5es de abastecimento de \u00e1gua (Qualidade da \u00c1gua) 2010 para Reino Unido, Inglaterra e Pa\u00eds de Gales<\/p>\n<p><strong>Profundidade do leito de dados de engenharia (hidr\u00e1ulica) e velocidade da \u00e1gua<\/strong><\/p>\n<p>A profundidade da m\u00eddia do filtro necess\u00e1ria aumenta com a diminui\u00e7\u00e3o da quantidade de ferro residual e mangan\u00eas permitido na \u00e1gua filtrada. A profundidade m\u00e1xima da cama pode ser de pouco mais de 1 metro e se relaciona tamb\u00e9m com a capacidade de fluxo do sistema e a altura efetiva dos filtros dispon\u00edveis. A velocidade da \u00e1gua atrav\u00e9s do filtro deve ser selecionada de acordo com o uso da \u00e1gua filtrada, tamanho da esta\u00e7\u00e3o de tratamento de \u00e1gua, qualidade da \u00e1gua e outros fatores.<\/p>\n<p>Para grandes esta\u00e7\u00f5es de tratamento de \u00e1gua pot\u00e1vel a profundidade do leito deve ser selecionada para o m\u00e1ximo e a velocidade da \u00e1gua em torno de 5 m<sup>3<\/sup>\/m<sup>2<\/sup>\/hora em qualquer caso n\u00e3o superior a 10 m<sup>3<\/sup>\/m<sup>2 <\/sup>\/hora. Isso maximiza o desempenho na remo\u00e7\u00e3o de ferro e mangan\u00eas, reduz a frequ\u00eancia de lavagem traseira, reduz o consumo de energia porque a queda m\u00e9dia de press\u00e3o \u00e9 menor, e poderia fornecer redund\u00e2ncia no caso de um dos filtros estar fora de ordem e uma taxa de fluxo mais alta deve ser colocada atrav\u00e9s dos filtros restantes. O limite superior de velocidade, at\u00e9 30 m<sup>3<\/sup>\/m<sup>2<\/sup>\/hora deve ser usado para pequena profundidade de cama e maior quantidade permitida de ferro residual e mangan\u00eas na \u00e1gua filtrada.<\/p>\n<p><strong>Queda de press\u00e3o<\/strong><\/p>\n<p>A queda de press\u00e3o est\u00e1 relacionada \u00e0 velocidade da \u00e1gua atrav\u00e9s da \u00e1rea transversal do filtro porque sua utilidade e a simplicidade de relacionar os dados \u00e0 vaz\u00e3o. O rato de fluxo &#8220;<em>Q<\/em>&#8221; em <strong>metros c\u00fabicos por hora <\/strong>pode ser calculado multiplicando a velocidade &#8216;<em>v<\/em>&#8221; em metros <strong>por hora <\/strong>pela \u00e1rea do filtro &#8220;<em>A<\/em>&#8221; em <strong>metros quadrados<\/strong>.<\/p>\n<p><strong><em>Q <\/em><\/p>\n<p><\/strong> <strong>= <\/strong> <strong><em>v <\/em><\/p>\n<p><\/strong> <strong>x <\/strong> <strong><em>A<\/em><\/p>\n<p><\/strong><\/p>\n<p>A queda de press\u00e3o para um filtro limpo inicial depende da profundidade do leito de m\u00eddia do filtro e da velocidade da \u00e1gua. O gr\u00e1fico abaixo mostra a queda de press\u00e3o para 1 metro (3,3. p\u00e9) de profundidade do leito. Para outras profundidades de cama, a queda de press\u00e3o pode ser considerada linearmente dependente da profundidade do leito. Portanto, para calcular a queda de press\u00e3o para 0,6m de profundidade de cama voc\u00ea multiplica o valor para queda de press\u00e3o encontrado no gr\u00e1fico por 0,6.<\/p>\n<p><strong>Queda de press\u00e3o de lavagem de dados de engenharia (hidr\u00e1ulica)<\/strong><\/p>\n<p>A queda total de press\u00e3o atrav\u00e9s do filtro antes da lavagem traseira \u00e9 recomendada para ser de 50kpa e at\u00e9 um m\u00e1ximo de 100 kPa Os gr\u00e2nulos de m\u00eddia de filtro DMI-65 s\u00e3o micro &#8211; porosos. Quanto maior a queda de press\u00e3o, maiores as for\u00e7as de compacta\u00e7\u00e3o s\u00e3o aplicadas \u00e0 m\u00eddia do filtro. A intera\u00e7\u00e3o entre part\u00edculas de m\u00eddia de filtro durante a compacta\u00e7\u00e3o alternada sob servi\u00e7o normal e a expans\u00e3o da cama durante a lavagem das costas leva no tempo \u00e0 deteriora\u00e7\u00e3o dos gr\u00e2nulos. Lavar o filtro quando a queda de press\u00e3o aumentou em 50 kPa a partir da queda inicial de press\u00e3o do filtro limpo \u00e9 uma boa refer\u00eancia. Valores mais altos ou inferiores podem ser definidos dependendo do aplicativo e quanto tempo a m\u00eddia do filtro tem que durar antes de alter\u00e1-la. Observe que a m\u00eddia do filtro n\u00e3o perderia significativamente a efic\u00e1cia na remo\u00e7\u00e3o do ferro e mangan\u00eas, mas a perda de press\u00e3o na cabe\u00e7a aumentar\u00e1 \u00e0 medida que uma cama de m\u00eddia limpa carregar a capacidade.<\/p>\n<p>Recomenda-se que a velocidade da \u00e1gua para lavar as costas do filtro seja limitada a 40 \u2013 50m<sup>3<\/sup>\/m<sup>2<\/sup>\/hora m\/h. Isto \u00e9 o mesmo recomendado para filtragem de areia comum. Embora seja poss\u00edvel usar \u00e1gua n\u00e3o filtrada para lavagem em geral, esta n\u00e3o \u00e9 uma boa ideia, a menos que a \u00e1gua esteja relativamente limpa e o sistema esteja configurado com um modo de opera\u00e7\u00e3o de lavagem, al\u00e9m de filtragem e lavagem nas costas. Na velocidade de lavagem lombar \u00e9 necess\u00e1rio um tempo mais longo de lavagem nas costas. Em geral, a velocidade de lavagem das costas deve ser o dobro da velocidade de filtragem.<\/p>\n<p>O tempo de lavagem nas costas deve ser determinado usando um copo de local na linha de lavagem traseira de descarga ou de alguma outra forma observar quando a \u00e1gua de lavagem de costas descarregada \u00e9 satisfatoriamente limpa. O tempo de lavagem das costas pode variar de alguns minutos a 15 minutos.<\/p>\n<p>Um modo de lavagem pode seguir a lavagem traseira para remover os s\u00f3lidos contaminantes que sairiam do filtro antes que a cama do filtro seja compactada para tr\u00e1s e funcione normalmente. Este modo n\u00e3o \u00e9 necess\u00e1rio para ser implementado em todos os sistemas de tratamento de \u00e1gua. O tempo de lavagem deve ser em torno de 30 segundos para uma pequena profundidade de cama e 1 minuto ou um pouco mais para o limite superior da profundidade da cama. O tempo necess\u00e1rio pode ser encontrado verificando a presen\u00e7a de contamina\u00e7\u00e3o na \u00e1gua filtrada ao reiniciar a opera\u00e7\u00e3o de filtragem normal.<\/p>\n<p><strong>Diretriz para a velocidade de lavagem traseira do DMI-65 relacionada \u00e0 profundidade da cama: <\/strong><\/p>\n<p>Profundidade da cama vs backwash velocidade linear m3\/m2\/hora<\/p>\n<p>600mm &#8211; LV 30 1100mm &#8211; LV42<br \/>\n700mm &#8211; LV32 1200mm -LV44<br \/>\n800mm &#8211; LV34 1300mm \u2013 LV46<br \/>\n900mm &#8211; LV38 1400mm- LV48<br \/>\n1000mm &#8211; LV 40 1500mm \u2013 LV50<\/p>\n<p>O freeboard do filtro precisa ser de pelo menos 40 da profundidade da cama, e a expans\u00e3o da cama de lavagem de costas deve ser aproximadamente 20 &#8211; 50. Apenas o suficiente para fluidizar totalmente a cama e entregar toda a m\u00eddia completamente, mas com seguran\u00e7a suficiente para n\u00e3o perder a m\u00eddia para fora da cabe\u00e7a do filtro.<\/p>\n<p><strong>Condi\u00e7\u00f5es operacionais sugeridas<\/strong><\/p>\n<p><strong>Concentra\u00e7\u00f5es lineares de velocidade e ferro e mangan\u00eas.<\/strong><\/p>\n<p>O design correto baseado nos valores de Velocidade Linear (LV) versus Ferro (Fe) e Mangan\u00eas (Mn) \u00e9 um pouco mais complexo para oferecer uma explica\u00e7\u00e3o em f\u00f3rmula ou escala. Dados bem-sucedidos fornecidos aos usu\u00e1rios do DMI-65 s\u00e3o baseados em mais de 15 anos de instala\u00e7\u00f5es bem sucedidas em mais de 40 pa\u00edses em todo o mundo.<\/p>\n<p>Para remo\u00e7\u00e3o de ferro, fluxo ou velocidade linear \u00e9 maior do que o mangan\u00eas. A rea\u00e7\u00e3o de ferro e cloro \u00e9 quase instant\u00e2nea e \u00e9 facilmente removida atrav\u00e9s da areia da s\u00edlica sozinho. Por exemplo, \u00e9 poss\u00edvel remover 20ppm de ferro at\u00e9 0,5ppm. Isso pode ser feito em uma faixa de pH bastante neutra de 7 a 7,5. A remo\u00e7\u00e3o do ferro com areia normal de s\u00edlica pode ser feita na faixa de Velocidade Linear (LV) de cerca de LV8 \u2013 9 m3\/m2\/hora.<\/p>\n<p>Remover os 0,5ppm restantes de ferro para abaixo de 0,3ppm ou para um indetect\u00e1vel 0,001ppm \u00e9 muito mais dif\u00edcil do que remover 20ppm para baixo para 0,5ppm. \u00c9 aqui que as qualidades avan\u00e7adas de oxida\u00e7\u00e3o do DMI-65 &#8220;booster&#8221; entram em jogo. O DMI-65 foi cunhado como um &#8220;polidor&#8221; de alto desempenho para remover os menores tra\u00e7os de ferro e simultaneamente mangan\u00eas na mesma cama de filtro.<\/p>\n<p>A qualidade de oxida\u00e7\u00e3o extra das superf\u00edcies catal\u00edticas do DMI-65 permite que o ferro seja efetivamente removido na faixa de pH de 5,8 \u2013 8,6, por\u00e9m os melhores resultados novamente est\u00e3o no pH b\u00e1sico 7 \u2013 7,5. Em compara\u00e7\u00e3o com a areia de s\u00edlica, o DMI-65 poderia filtrar o ferro at\u00e9 lv 16 \u2013 18m3\/m2\/hora em vez de 8 \u2013 9m3\/m2\/hora.<\/p>\n<p>A remo\u00e7\u00e3o de mangan\u00eas \u00e9 muito mais dif\u00edcil de remover do que a remo\u00e7\u00e3o de ferro. A tecnologia de infus\u00e3o DMI-65 \u00e9 feita sob medida para maximizar a facilidade de remo\u00e7\u00e3o de mangan\u00eas e especialmente simultaneamente com a remo\u00e7\u00e3o de ferro (na mesma cama de filtro). O mangan\u00eas requer um tempo de deten\u00e7\u00e3o muito maior e \u00e9 muito dependente do pH para remo\u00e7\u00e3o bem sucedida.<\/p>\n<p>Acredita-se que o DMI-65 seja o produto de maior desempenho no mercado para remo\u00e7\u00e3o de mangan\u00eas, capaz de remover 2 \u2013 3ppm atrav\u00e9s de um \u00fanico filtro se o pH for mantido e lv for adequado. O mangan\u00eas \u00e9 melhor removido com DMI-65 o mais pr\u00f3ximo poss\u00edvel do pH 8 e em uma LV de cerca de 5 \u2013 10m3\/m2\/hora, cerca de metade da de um LV usado para remo\u00e7\u00e3o de ferro.<\/p>\n<p>A coisa complicada a se explicar em cada matriz de \u00e1gua \u00e9 a combina\u00e7\u00e3o de ferro e mangan\u00eas como ferro ser\u00e1 removido primeiro na parte superior do leito do filtro e, em seguida, mangan\u00eas ser\u00e1 removido \u00faltimo na parte inferior da cama do filtro. \u00c9 por isso que algumas vezes o uso de dois filtros em s\u00e9rie permite maior passagem linear da \u00e1gua crua e maior polimento, ao mesmo tempo em que reduzi a velocidade de lavagem traseira entre dois leitos de filtro.<\/p>\n<p>Como guia, todos os estudos de caso bem-sucedidos do DMI-65 demonstraram, quanto maior a concentra\u00e7\u00e3o de ferro e mangan\u00eas, mais lenta deve ser a LV. Se as quantidades muito baixas de ferro e particularmente mangan\u00eas, ent\u00e3o maior o LV pode ser \u2013 tendo um efeito significativo sobre o custo da configura\u00e7\u00e3o inicial da planta.<\/p>\n<p><strong>Como guia, recomendamos esses limites conservadores, dado que a \u00e1gua est\u00e1 abaixo de 5NTU para TDS:<\/strong><\/p>\n<p><strong>Ferro<\/strong><\/p>\n<p>0,3ppm \u2013 1ppm = LV 15 &#8211; 20m3\/m2\/hora \u00e9 poss\u00edvel<\/p>\n<p>1ppm \u2013 5ppm = LV 10 &#8211; 15m3\/m2\/hora \u00e9 aceit\u00e1vel e \u00e9 um padr\u00e3o comum.<\/p>\n<p>5ppm \u2013 10ppm = LV 10m3\/m2\/hora \u00e9 aceit\u00e1vel e \u00e9 um padr\u00e3o comum.<\/p>\n<p>10ppm \u2013 15ppm = LV 7 \u2013 9m3\/m2\/hora \u00e9 aceit\u00e1vel e \u00e9 um padr\u00e3o comum<\/p>\n<p>Maior que 15ppm = LV 5 \u2013 7m3\/m2\/hora<\/p>\n<p>Tudo em um pH neutro de 6.8 \u2013 7.2, se poss\u00edvel<\/p>\n<p>\u00c9 frequentemente o caso como no clima australiano severo ter fontes de \u00e1gua com concentra\u00e7\u00f5es de ferro acima de 50ppm. Neste caso \u00e9 melhor usar um tanque de reten\u00e7\u00e3o para pr\u00e9-oxidar por aera\u00e7\u00e3o e deixar o ferro coagular e se acomodar no fundo do tanque isso vai derrubar 90 do ferro deixando uma concentra\u00e7\u00e3o de \u00e1gua muito mais acomodada de 5ppm a ser polida pelo DMI-65 em um LV de 10 &#8211; 15m3\/m2\/hora.<\/p>\n<p><strong>Mangan\u00eas<\/strong><\/p>\n<p>0,5ppm \u2013 1ppm = LV 8 \u2013 10m3\/m2\/hora<\/p>\n<p>1ppm \u2013 2ppm = LV 5 \u2013 7m3\/m2\/hora<\/p>\n<p>Maior que 2ppm exigiria a mesma t\u00e9cnica acima, dosando o tanque de reten\u00e7\u00e3o com cloro e permitindo cerca de 10 a 15 minutos de deten\u00e7\u00e3o para oxidar o mangan\u00eas, o mangan\u00eas restante que n\u00e3o foi oxidado ser\u00e1 polido, mas o DMI-65.<\/p>\n<p>Tudo em um pH o mais pr\u00f3ximo pH8 poss\u00edvel.<\/p>\n<p><strong>Ferro e Mangan\u00eas<\/strong><\/p>\n<p>Tipicamente ferro e mangan\u00eas existem juntos em fontes de \u00e1gua subterr\u00e2nea em baixos n\u00edveis de sob<\/p>\n<p>2ppm e 1ppm, respectivamente. Neste tipo de condi\u00e7\u00f5es recomendo o seguinte:<\/p>\n<p>Ferro 2ppm \u2013 Mangan\u00eas 1ppm = LV 8 \u2013 9m3\/m2\/hora o mais pr\u00f3ximo poss\u00edvel do pH 7.5 \u2013 8.<\/p>\n<p>Se a concentra\u00e7\u00e3o de ferro for superior a 2ppm e tiver algum mangan\u00eas, do que a LV lenta at\u00e9 entre talvez 7 \u2013 8m3\/m2 hora e mantenha o pH o mais pr\u00f3ximo poss\u00edvel de 7,5 \u2013 8.<\/p>\n<p>Se a concentra\u00e7\u00e3o de mangan\u00eas for superior a 1ppm e houver um ferro consider\u00e1vel diga 2 \u2013 3ppm tamb\u00e9m, do que a matriz h\u00eddrica \u00e9 muito dependente de uma LV lenta de 5 &#8211; 7m3\/m2\/hora e pH 8 \u00e9 altamente necess\u00e1rio.<\/p>\n<p>Para qualquer matriz h\u00eddrica que contenha ferro alto (considerado acima de 15ppm) e mangan\u00eas alto (considerado 3ppm) do que o mesmo m\u00e9todo de pr\u00e9-tratamento \u00e9 recomendado.<\/p>\n<p>Isen\u00e7\u00e3o de responsabilidade: As informa\u00e7\u00f5es e recomenda\u00e7\u00f5es fornecidas s\u00e3o verdadeiras e baseadas em estudos de caso precisos e experi\u00eancia profissional. Os guias de Informa\u00e7\u00e3o e Desempenho s\u00e3o oferecidos de boa f\u00e9 e sem garantia. Quantum Filtration Medium Pty Ltd recomenda que os usu\u00e1rios do DMI-65 realizem testes piloto e demonstrem um ponto de prova para todas as aplica\u00e7\u00f5es comerciais. O DMI-65 \u00e9 garantido como sendo da mais alta qualidade descrita pela embalagem, literatura e certificada pela Associa\u00e7\u00e3o de Qualidade da \u00c1gua dos EUA aos padr\u00f5es de ouro NSF\/ANSI 61.[\/vc_column_text][\/vc_column][\/vc_row]<\/p>\n<\/div>","protected":false},"excerpt":{"rendered":"<p>[vc_row][vc_column][vc_btn title=&#8221;BAIXE O DOCUMENTO&#8221; style=&#8221;outline-custom&#8221; outline_custom_color=&#8221;#dd4949&#8243; outline_custom_hover_background=&#8221;#dd3333&#8243; outline_custom_hover_text=&#8221;#ffffff&#8221; shape=&#8221;square&#8221; align=&#8221;left&#8221; i_icon_fontawesome=&#8221;fas fa-file-alt&#8221; add_icon=&#8221;true&#8221; link=&#8221;url:%2Fwp-content%2Fuploads%2F2020%2F05%2FAtivando-DMI-65-passo%20a%20passo.pdf|&#8221;][vc_column_text] Para a remo\u00e7\u00e3o de ferro, mangan\u00eas, ars\u00eanico, alum\u00ednio, sulfeto de hidrog\u00eanio e outros metais pesados do abastecimento de \u00e1gua Tecnologia de infus\u00e3o: Poderosos agentes oxidantes s\u00e3o quimicamente infundidos na subestruturagem micrososa do material matricial. A tecnologia de infus\u00e3o aumenta a superf\u00edcie&hellip;<\/p>\n","protected":false},"author":1,"featured_media":0,"parent":7164,"menu_order":0,"comment_status":"closed","ping_status":"closed","template":"","meta":{"content-type":"","footnotes":""},"class_list":["post-6261","page","type-page","status-publish","hentry","description-off"],"yoast_head":"<!-- This site is optimized with the Yoast SEO plugin v25.2 - https:\/\/yoast.com\/wordpress\/plugins\/seo\/ -->\n<title>Ficha t\u00e9cnica - DMI-65\u00ae<\/title>\n<meta name=\"robots\" content=\"index, follow, max-snippet:-1, max-image-preview:large, max-video-preview:-1\" \/>\n<link rel=\"canonical\" href=\"https:\/\/dmi65.com\/pt-br\/tecnico\/folha-de-dados-tecnico\/\" \/>\n<meta property=\"og:locale\" content=\"pt_BR\" \/>\n<meta property=\"og:type\" content=\"article\" \/>\n<meta property=\"og:title\" content=\"Ficha t\u00e9cnica - DMI-65\u00ae\" \/>\n<meta property=\"og:description\" content=\"[vc_row][vc_column][vc_btn title=&#8221;BAIXE O DOCUMENTO&#8221; style=&#8221;outline-custom&#8221; outline_custom_color=&#8221;#dd4949&#8243; outline_custom_hover_background=&#8221;#dd3333&#8243; outline_custom_hover_text=&#8221;#ffffff&#8221; shape=&#8221;square&#8221; align=&#8221;left&#8221; i_icon_fontawesome=&#8221;fas fa-file-alt&#8221; add_icon=&#8221;true&#8221; link=&#8221;url:%2Fwp-content%2Fuploads%2F2020%2F05%2FAtivando-DMI-65-passo%20a%20passo.pdf|&#8221;][vc_column_text] Para a remo\u00e7\u00e3o de ferro, mangan\u00eas, ars\u00eanico, alum\u00ednio, sulfeto de hidrog\u00eanio e outros metais pesados do abastecimento de \u00e1gua Tecnologia de infus\u00e3o: Poderosos agentes oxidantes s\u00e3o quimicamente infundidos na subestruturagem micrososa do material matricial. A tecnologia de infus\u00e3o aumenta a superf\u00edcie&hellip;\" \/>\n<meta property=\"og:url\" content=\"https:\/\/dmi65.com\/pt-br\/tecnico\/folha-de-dados-tecnico\/\" \/>\n<meta property=\"og:site_name\" content=\"DMI-65\u00ae\" \/>\n<meta property=\"article:modified_time\" content=\"2020-06-09T11:47:07+00:00\" \/>\n<meta property=\"og:image\" content=\"https:\/\/dmi65.com\/wp-content\/uploads\/2020\/06\/dmi65_Logo_Blk.png\" \/>\n\t<meta property=\"og:image:width\" content=\"466\" \/>\n\t<meta property=\"og:image:height\" content=\"200\" \/>\n\t<meta property=\"og:image:type\" content=\"image\/png\" \/>\n<meta name=\"twitter:card\" content=\"summary_large_image\" \/>\n<meta name=\"twitter:label1\" content=\"Est. tempo de leitura\" \/>\n\t<meta name=\"twitter:data1\" content=\"12 minutos\" \/>\n<script type=\"application\/ld+json\" class=\"yoast-schema-graph\">{\"@context\":\"https:\/\/schema.org\",\"@graph\":[{\"@type\":\"WebPage\",\"@id\":\"https:\/\/dmi65.com\/pt-br\/tecnico\/folha-de-dados-tecnico\/\",\"url\":\"https:\/\/dmi65.com\/pt-br\/tecnico\/folha-de-dados-tecnico\/\",\"name\":\"Ficha t\u00e9cnica - DMI-65\u00ae\",\"isPartOf\":{\"@id\":\"https:\/\/dmi65.com\/pt-br\/#website\"},\"datePublished\":\"2020-06-09T11:47:06+00:00\",\"dateModified\":\"2020-06-09T11:47:07+00:00\",\"breadcrumb\":{\"@id\":\"https:\/\/dmi65.com\/pt-br\/tecnico\/folha-de-dados-tecnico\/#breadcrumb\"},\"inLanguage\":\"pt-BR\",\"potentialAction\":[{\"@type\":\"ReadAction\",\"target\":[\"https:\/\/dmi65.com\/pt-br\/tecnico\/folha-de-dados-tecnico\/\"]}]},{\"@type\":\"BreadcrumbList\",\"@id\":\"https:\/\/dmi65.com\/pt-br\/tecnico\/folha-de-dados-tecnico\/#breadcrumb\",\"itemListElement\":[{\"@type\":\"ListItem\",\"position\":1,\"name\":\"Home\",\"item\":\"https:\/\/dmi65.com\/pt-br\/\"},{\"@type\":\"ListItem\",\"position\":2,\"name\":\"T\u00e9cnico\",\"item\":\"https:\/\/dmi65.com\/pt-br\/tecnico\/\"},{\"@type\":\"ListItem\",\"position\":3,\"name\":\"Ficha t\u00e9cnica\"}]},{\"@type\":\"WebSite\",\"@id\":\"https:\/\/dmi65.com\/pt-br\/#website\",\"url\":\"https:\/\/dmi65.com\/pt-br\/\",\"name\":\"DMI-65\u00ae\",\"description\":\"Water Filtration &amp; Reverse Osmosis Treatment, Catalytic Media\",\"publisher\":{\"@id\":\"https:\/\/dmi65.com\/pt-br\/#organization\"},\"potentialAction\":[{\"@type\":\"SearchAction\",\"target\":{\"@type\":\"EntryPoint\",\"urlTemplate\":\"https:\/\/dmi65.com\/pt-br\/?s={search_term_string}\"},\"query-input\":{\"@type\":\"PropertyValueSpecification\",\"valueRequired\":true,\"valueName\":\"search_term_string\"}}],\"inLanguage\":\"pt-BR\"},{\"@type\":\"Organization\",\"@id\":\"https:\/\/dmi65.com\/pt-br\/#organization\",\"name\":\"DMI-65 & Quantum Filtration Pty Ltd\",\"url\":\"https:\/\/dmi65.com\/pt-br\/\",\"logo\":{\"@type\":\"ImageObject\",\"inLanguage\":\"pt-BR\",\"@id\":\"https:\/\/dmi65.com\/pt-br\/#\/schema\/logo\/image\/\",\"url\":\"https:\/\/dmi65.com\/wp-content\/uploads\/2020\/04\/dmi65.png\",\"contentUrl\":\"https:\/\/dmi65.com\/wp-content\/uploads\/2020\/04\/dmi65.png\",\"width\":440,\"height\":205,\"caption\":\"DMI-65 & Quantum Filtration Pty Ltd\"},\"image\":{\"@id\":\"https:\/\/dmi65.com\/pt-br\/#\/schema\/logo\/image\/\"},\"sameAs\":[\"https:\/\/www.linkedin.com\/company\/dmi-65\",\"https:\/\/www.youtube.com\/channel\/UCbXoMn5KBp2jrnx4KR_Qg4A\"]}]}<\/script>\n<!-- \/ Yoast SEO plugin. -->","yoast_head_json":{"title":"Ficha t\u00e9cnica - DMI-65\u00ae","robots":{"index":"index","follow":"follow","max-snippet":"max-snippet:-1","max-image-preview":"max-image-preview:large","max-video-preview":"max-video-preview:-1"},"canonical":"https:\/\/dmi65.com\/pt-br\/tecnico\/folha-de-dados-tecnico\/","og_locale":"pt_BR","og_type":"article","og_title":"Ficha t\u00e9cnica - DMI-65\u00ae","og_description":"[vc_row][vc_column][vc_btn title=&#8221;BAIXE O DOCUMENTO&#8221; style=&#8221;outline-custom&#8221; outline_custom_color=&#8221;#dd4949&#8243; outline_custom_hover_background=&#8221;#dd3333&#8243; outline_custom_hover_text=&#8221;#ffffff&#8221; shape=&#8221;square&#8221; align=&#8221;left&#8221; i_icon_fontawesome=&#8221;fas fa-file-alt&#8221; add_icon=&#8221;true&#8221; link=&#8221;url:%2Fwp-content%2Fuploads%2F2020%2F05%2FAtivando-DMI-65-passo%20a%20passo.pdf|&#8221;][vc_column_text] Para a remo\u00e7\u00e3o de ferro, mangan\u00eas, ars\u00eanico, alum\u00ednio, sulfeto de hidrog\u00eanio e outros metais pesados do abastecimento de \u00e1gua Tecnologia de infus\u00e3o: Poderosos agentes oxidantes s\u00e3o quimicamente infundidos na subestruturagem micrososa do material matricial. A tecnologia de infus\u00e3o aumenta a superf\u00edcie&hellip;","og_url":"https:\/\/dmi65.com\/pt-br\/tecnico\/folha-de-dados-tecnico\/","og_site_name":"DMI-65\u00ae","article_modified_time":"2020-06-09T11:47:07+00:00","og_image":[{"width":466,"height":200,"url":"https:\/\/dmi65.com\/wp-content\/uploads\/2020\/06\/dmi65_Logo_Blk.png","type":"image\/png"}],"twitter_card":"summary_large_image","twitter_misc":{"Est. tempo de leitura":"12 minutos"},"schema":{"@context":"https:\/\/schema.org","@graph":[{"@type":"WebPage","@id":"https:\/\/dmi65.com\/pt-br\/tecnico\/folha-de-dados-tecnico\/","url":"https:\/\/dmi65.com\/pt-br\/tecnico\/folha-de-dados-tecnico\/","name":"Ficha t\u00e9cnica - DMI-65\u00ae","isPartOf":{"@id":"https:\/\/dmi65.com\/pt-br\/#website"},"datePublished":"2020-06-09T11:47:06+00:00","dateModified":"2020-06-09T11:47:07+00:00","breadcrumb":{"@id":"https:\/\/dmi65.com\/pt-br\/tecnico\/folha-de-dados-tecnico\/#breadcrumb"},"inLanguage":"pt-BR","potentialAction":[{"@type":"ReadAction","target":["https:\/\/dmi65.com\/pt-br\/tecnico\/folha-de-dados-tecnico\/"]}]},{"@type":"BreadcrumbList","@id":"https:\/\/dmi65.com\/pt-br\/tecnico\/folha-de-dados-tecnico\/#breadcrumb","itemListElement":[{"@type":"ListItem","position":1,"name":"Home","item":"https:\/\/dmi65.com\/pt-br\/"},{"@type":"ListItem","position":2,"name":"T\u00e9cnico","item":"https:\/\/dmi65.com\/pt-br\/tecnico\/"},{"@type":"ListItem","position":3,"name":"Ficha t\u00e9cnica"}]},{"@type":"WebSite","@id":"https:\/\/dmi65.com\/pt-br\/#website","url":"https:\/\/dmi65.com\/pt-br\/","name":"DMI-65\u00ae","description":"Water Filtration &amp; Reverse Osmosis Treatment, Catalytic Media","publisher":{"@id":"https:\/\/dmi65.com\/pt-br\/#organization"},"potentialAction":[{"@type":"SearchAction","target":{"@type":"EntryPoint","urlTemplate":"https:\/\/dmi65.com\/pt-br\/?s={search_term_string}"},"query-input":{"@type":"PropertyValueSpecification","valueRequired":true,"valueName":"search_term_string"}}],"inLanguage":"pt-BR"},{"@type":"Organization","@id":"https:\/\/dmi65.com\/pt-br\/#organization","name":"DMI-65 & Quantum Filtration Pty Ltd","url":"https:\/\/dmi65.com\/pt-br\/","logo":{"@type":"ImageObject","inLanguage":"pt-BR","@id":"https:\/\/dmi65.com\/pt-br\/#\/schema\/logo\/image\/","url":"https:\/\/dmi65.com\/wp-content\/uploads\/2020\/04\/dmi65.png","contentUrl":"https:\/\/dmi65.com\/wp-content\/uploads\/2020\/04\/dmi65.png","width":440,"height":205,"caption":"DMI-65 & Quantum Filtration Pty Ltd"},"image":{"@id":"https:\/\/dmi65.com\/pt-br\/#\/schema\/logo\/image\/"},"sameAs":["https:\/\/www.linkedin.com\/company\/dmi-65","https:\/\/www.youtube.com\/channel\/UCbXoMn5KBp2jrnx4KR_Qg4A"]}]}},"_links":{"self":[{"href":"https:\/\/dmi65.com\/pt-br\/wp-json\/wp\/v2\/pages\/6261","targetHints":{"allow":["GET"]}}],"collection":[{"href":"https:\/\/dmi65.com\/pt-br\/wp-json\/wp\/v2\/pages"}],"about":[{"href":"https:\/\/dmi65.com\/pt-br\/wp-json\/wp\/v2\/types\/page"}],"author":[{"embeddable":true,"href":"https:\/\/dmi65.com\/pt-br\/wp-json\/wp\/v2\/users\/1"}],"replies":[{"embeddable":true,"href":"https:\/\/dmi65.com\/pt-br\/wp-json\/wp\/v2\/comments?post=6261"}],"version-history":[{"count":0,"href":"https:\/\/dmi65.com\/pt-br\/wp-json\/wp\/v2\/pages\/6261\/revisions"}],"up":[{"embeddable":true,"href":"https:\/\/dmi65.com\/pt-br\/wp-json\/wp\/v2\/pages\/7164"}],"wp:attachment":[{"href":"https:\/\/dmi65.com\/pt-br\/wp-json\/wp\/v2\/media?parent=6261"}],"curies":[{"name":"wp","href":"https:\/\/api.w.org\/{rel}","templated":true}]}}