{"id":6226,"date":"2020-06-09T19:42:55","date_gmt":"2020-06-09T11:42:55","guid":{"rendered":"http:\/\/dmi65.com\/teste-de-laboratorio\/"},"modified":"2020-06-09T19:42:55","modified_gmt":"2020-06-09T11:42:55","slug":"teste-de-laboratorio","status":"publish","type":"page","link":"https:\/\/dmi65.com\/pt-br\/tecnico\/teste-de-laboratorio\/","title":{"rendered":"Testes de laborat\u00f3rio"},"content":{"rendered":"<div class=\"wpb-content-wrapper\"><p>[vc_row][vc_column][vc_row_inner][vc_column_inner][vc_column_text]<\/p>\n<h4>CERTIFICADO DE AN\u00c1LISE<\/h4>\n<p>[\/vc_column_text][vc_btn title=&#8221;REMO\u00c7\u00c3O DE ARS\u00caNICO EM TESTE DE \u00c1GUA BORE&#8221; style=&#8221;outline-custom&#8221; outline_custom_color=&#8221;#dd4949&#8243; outline_custom_hover_background=&#8221;#dd2c2c&#8221; outline_custom_hover_text=&#8221;#ffffff&#8221; shape=&#8221;square&#8221; align=&#8221;left&#8221; i_icon_fontawesome=&#8221;fas fa-file-pdf&#8221; add_icon=&#8221;true&#8221; link=&#8221;url:%2Fwp-content%2Fuploads%2F2014%2F07%2FQuantum-Filtration-Arsenic-in-Bore-water-Removal-Trial-_1_2.pdf|&#8221;][vc_btn title=&#8221;TESTES DE \u00c1GUA ESTENDIDA NA \u00c1GUA DO FURO&#8221; style=&#8221;outline-custom&#8221; outline_custom_color=&#8221;#dd4949&#8243; outline_custom_hover_background=&#8221;#dd2c2c&#8221; outline_custom_hover_text=&#8221;#ffffff&#8221; shape=&#8221;square&#8221; align=&#8221;left&#8221; i_icon_fontawesome=&#8221;fas fa-file-pdf&#8221; add_icon=&#8221;true&#8221; link=&#8221;url:%2Fwp-content%2Fuploads%2F2014%2F07%2FCertificado%20de%20An%C3%A1lise-%C3%81gua-SW-Health-Campus.pdf|&#8221;][vc_btn title=&#8221;TESTE DE AREIA DE MANGAN\u00caS DE FERRO 1&#8243; style=&#8221;outline-custom&#8221; outline_custom_color=&#8221;#dd4949&#8243; outline_custom_hover_background=&#8221;#dd2c2c&#8221; outline_custom_hover_text=&#8221;#ffffff&#8221; shape=&#8221;square&#8221; align=&#8221;left&#8221; i_icon_fontawesome=&#8221;fas fa-file-pdf&#8221; add_icon=&#8221;true&#8221; link=&#8221;url:%2Fwp-content%2Fuploads%2F2014%2F07%2FCertificado%20de%20an%C3%A1lise-ferro-mangan%C3%AAs-Sand-Media-Trial1.pdf|&#8221;][vc_btn title=&#8221;TESTE DE AREIA DE MANGAN\u00caS DE FERRO 2&#8243; style=&#8221;outline-custom&#8221; outline_custom_color=&#8221;#dd4949&#8243; outline_custom_hover_background=&#8221;#dd2c2c&#8221; outline_custom_hover_text=&#8221;#ffffff&#8221; shape=&#8221;square&#8221; align=&#8221;left&#8221; i_icon_fontawesome=&#8221;fas fa-file-pdf&#8221; add_icon=&#8221;true&#8221; link=&#8221;url:%2Fwp-content%2Fuploads%2F2014%2F07%2FCertificado%20de%20an%C3%A1lise-Iron-Mangan%C3%AAs-Sand-Media-Trial-_21.pdf|&#8221;][vc_btn title=&#8221;JULGAMENTO DAS OBRAS DE \u00c1GUA DE GEORGE MUNICIPAL&#8221; style=&#8221;outline-custom&#8221; outline_custom_color=&#8221;#dd4949&#8243; outline_custom_hover_background=&#8221;#dd2c2c&#8221; outline_custom_hover_text=&#8221;#ffffff&#8221; shape=&#8221;square&#8221; align=&#8221;left&#8221; i_icon_fontawesome=&#8221;fas fa-file-pdf&#8221; add_icon=&#8221;true&#8221; link=&#8221;url:%2Fwp-content%2Fuploads%2F2020%2F05%2FGeorge-trial-results-WTC-2008.pdf|&#8221;][\/vc_column_inner][\/vc_row_inner][\/vc_column][\/vc_row]<\/p>\n<\/div>","protected":false},"excerpt":{"rendered":"<p>[vc_row][vc_column][vc_row_inner][vc_column_inner][vc_column_text] CERTIFICADO DE AN\u00c1LISE [\/vc_column_text][vc_btn title=&#8221;REMO\u00c7\u00c3O DE ARS\u00caNICO EM TESTE DE \u00c1GUA BORE&#8221; style=&#8221;outline-custom&#8221; outline_custom_color=&#8221;#dd4949&#8243; outline_custom_hover_background=&#8221;#dd2c2c&#8221; outline_custom_hover_text=&#8221;#ffffff&#8221; shape=&#8221;square&#8221; align=&#8221;left&#8221; i_icon_fontawesome=&#8221;fas fa-file-pdf&#8221; add_icon=&#8221;true&#8221; link=&#8221;url:%2Fwp-content%2Fuploads%2F2014%2F07%2FQuantum-Filtration-Arsenic-in-Bore-water-Removal-Trial-_1_2.pdf|&#8221;][vc_btn title=&#8221;TESTES DE \u00c1GUA ESTENDIDA NA \u00c1GUA DO FURO&#8221; style=&#8221;outline-custom&#8221; outline_custom_color=&#8221;#dd4949&#8243; outline_custom_hover_background=&#8221;#dd2c2c&#8221; outline_custom_hover_text=&#8221;#ffffff&#8221; shape=&#8221;square&#8221; align=&#8221;left&#8221; i_icon_fontawesome=&#8221;fas fa-file-pdf&#8221; add_icon=&#8221;true&#8221; link=&#8221;url:%2Fwp-content%2Fuploads%2F2014%2F07%2FCertificado%20de%20An%C3%A1lise-%C3%81gua-SW-Health-Campus.pdf|&#8221;][vc_btn title=&#8221;TESTE DE AREIA DE MANGAN\u00caS DE FERRO 1&#8243; style=&#8221;outline-custom&#8221; outline_custom_color=&#8221;#dd4949&#8243; outline_custom_hover_background=&#8221;#dd2c2c&#8221; outline_custom_hover_text=&#8221;#ffffff&#8221; shape=&#8221;square&#8221; align=&#8221;left&#8221;&hellip;<\/p>\n","protected":false},"author":1,"featured_media":0,"parent":7164,"menu_order":0,"comment_status":"closed","ping_status":"closed","template":"","meta":{"content-type":"","footnotes":""},"class_list":["post-6226","page","type-page","status-publish","hentry","description-off"],"yoast_head":"<!-- This site is optimized with the Yoast SEO plugin v25.2 - https:\/\/yoast.com\/wordpress\/plugins\/seo\/ -->\n<title>Testes de laborat\u00f3rio - DMI-65\u00ae<\/title>\n<meta name=\"robots\" content=\"noindex, follow\" \/>\n<meta property=\"og:locale\" content=\"pt_BR\" \/>\n<meta property=\"og:type\" content=\"article\" \/>\n<meta property=\"og:title\" content=\"Testes de laborat\u00f3rio - DMI-65\u00ae\" \/>\n<meta property=\"og:description\" content=\"[vc_row][vc_column][vc_row_inner][vc_column_inner][vc_column_text] CERTIFICADO DE AN\u00c1LISE [\/vc_column_text][vc_btn title=&#8221;REMO\u00c7\u00c3O DE ARS\u00caNICO EM TESTE DE \u00c1GUA BORE&#8221; style=&#8221;outline-custom&#8221; outline_custom_color=&#8221;#dd4949&#8243; outline_custom_hover_background=&#8221;#dd2c2c&#8221; outline_custom_hover_text=&#8221;#ffffff&#8221; shape=&#8221;square&#8221; align=&#8221;left&#8221; i_icon_fontawesome=&#8221;fas fa-file-pdf&#8221; add_icon=&#8221;true&#8221; link=&#8221;url:%2Fwp-content%2Fuploads%2F2014%2F07%2FQuantum-Filtration-Arsenic-in-Bore-water-Removal-Trial-_1_2.pdf|&#8221;][vc_btn title=&#8221;TESTES DE \u00c1GUA ESTENDIDA NA \u00c1GUA DO FURO&#8221; style=&#8221;outline-custom&#8221; outline_custom_color=&#8221;#dd4949&#8243; outline_custom_hover_background=&#8221;#dd2c2c&#8221; outline_custom_hover_text=&#8221;#ffffff&#8221; shape=&#8221;square&#8221; align=&#8221;left&#8221; i_icon_fontawesome=&#8221;fas fa-file-pdf&#8221; add_icon=&#8221;true&#8221; link=&#8221;url:%2Fwp-content%2Fuploads%2F2014%2F07%2FCertificado%20de%20An%C3%A1lise-%C3%81gua-SW-Health-Campus.pdf|&#8221;][vc_btn title=&#8221;TESTE DE AREIA DE MANGAN\u00caS DE FERRO 1&#8243; style=&#8221;outline-custom&#8221; outline_custom_color=&#8221;#dd4949&#8243; outline_custom_hover_background=&#8221;#dd2c2c&#8221; outline_custom_hover_text=&#8221;#ffffff&#8221; shape=&#8221;square&#8221; align=&#8221;left&#8221;&hellip;\" \/>\n<meta property=\"og:url\" content=\"https:\/\/dmi65.com\/pt-br\/tecnico\/teste-de-laboratorio\/\" \/>\n<meta property=\"og:site_name\" content=\"DMI-65\u00ae\" \/>\n<meta property=\"og:image\" content=\"https:\/\/dmi65.com\/wp-content\/uploads\/2020\/06\/dmi65_Logo_Blk.png\" \/>\n\t<meta property=\"og:image:width\" content=\"466\" \/>\n\t<meta property=\"og:image:height\" content=\"200\" \/>\n\t<meta property=\"og:image:type\" content=\"image\/png\" \/>\n<meta name=\"twitter:card\" content=\"summary_large_image\" \/>\n<meta name=\"twitter:label1\" content=\"Est. tempo de leitura\" \/>\n\t<meta name=\"twitter:data1\" content=\"1 minuto\" \/>\n<script type=\"application\/ld+json\" class=\"yoast-schema-graph\">{\"@context\":\"https:\/\/schema.org\",\"@graph\":[{\"@type\":\"WebPage\",\"@id\":\"https:\/\/dmi65.com\/pt-br\/tecnico\/teste-de-laboratorio\/\",\"url\":\"https:\/\/dmi65.com\/pt-br\/tecnico\/teste-de-laboratorio\/\",\"name\":\"Testes de laborat\u00f3rio - DMI-65\u00ae\",\"isPartOf\":{\"@id\":\"https:\/\/dmi65.com\/pt-br\/#website\"},\"datePublished\":\"2020-06-09T11:42:55+00:00\",\"breadcrumb\":{\"@id\":\"https:\/\/dmi65.com\/pt-br\/tecnico\/teste-de-laboratorio\/#breadcrumb\"},\"inLanguage\":\"pt-BR\",\"potentialAction\":[{\"@type\":\"ReadAction\",\"target\":[\"https:\/\/dmi65.com\/pt-br\/tecnico\/teste-de-laboratorio\/\"]}]},{\"@type\":\"BreadcrumbList\",\"@id\":\"https:\/\/dmi65.com\/pt-br\/tecnico\/teste-de-laboratorio\/#breadcrumb\",\"itemListElement\":[{\"@type\":\"ListItem\",\"position\":1,\"name\":\"Home\",\"item\":\"https:\/\/dmi65.com\/pt-br\/\"},{\"@type\":\"ListItem\",\"position\":2,\"name\":\"T\u00e9cnico\",\"item\":\"https:\/\/dmi65.com\/pt-br\/tecnico\/\"},{\"@type\":\"ListItem\",\"position\":3,\"name\":\"Testes de laborat\u00f3rio\"}]},{\"@type\":\"WebSite\",\"@id\":\"https:\/\/dmi65.com\/pt-br\/#website\",\"url\":\"https:\/\/dmi65.com\/pt-br\/\",\"name\":\"DMI-65\u00ae\",\"description\":\"Water Filtration &amp; Reverse Osmosis Treatment, Catalytic Media\",\"publisher\":{\"@id\":\"https:\/\/dmi65.com\/pt-br\/#organization\"},\"potentialAction\":[{\"@type\":\"SearchAction\",\"target\":{\"@type\":\"EntryPoint\",\"urlTemplate\":\"https:\/\/dmi65.com\/pt-br\/?s={search_term_string}\"},\"query-input\":{\"@type\":\"PropertyValueSpecification\",\"valueRequired\":true,\"valueName\":\"search_term_string\"}}],\"inLanguage\":\"pt-BR\"},{\"@type\":\"Organization\",\"@id\":\"https:\/\/dmi65.com\/pt-br\/#organization\",\"name\":\"DMI-65 & Quantum Filtration Pty Ltd\",\"url\":\"https:\/\/dmi65.com\/pt-br\/\",\"logo\":{\"@type\":\"ImageObject\",\"inLanguage\":\"pt-BR\",\"@id\":\"https:\/\/dmi65.com\/pt-br\/#\/schema\/logo\/image\/\",\"url\":\"https:\/\/dmi65.com\/wp-content\/uploads\/2020\/04\/dmi65.png\",\"contentUrl\":\"https:\/\/dmi65.com\/wp-content\/uploads\/2020\/04\/dmi65.png\",\"width\":440,\"height\":205,\"caption\":\"DMI-65 & Quantum Filtration Pty Ltd\"},\"image\":{\"@id\":\"https:\/\/dmi65.com\/pt-br\/#\/schema\/logo\/image\/\"},\"sameAs\":[\"https:\/\/www.linkedin.com\/company\/dmi-65\",\"https:\/\/www.youtube.com\/channel\/UCbXoMn5KBp2jrnx4KR_Qg4A\"]}]}<\/script>\n<!-- \/ Yoast SEO plugin. -->","yoast_head_json":{"title":"Testes de laborat\u00f3rio - DMI-65\u00ae","robots":{"index":"noindex","follow":"follow"},"og_locale":"pt_BR","og_type":"article","og_title":"Testes de laborat\u00f3rio - DMI-65\u00ae","og_description":"[vc_row][vc_column][vc_row_inner][vc_column_inner][vc_column_text] CERTIFICADO DE AN\u00c1LISE [\/vc_column_text][vc_btn title=&#8221;REMO\u00c7\u00c3O DE ARS\u00caNICO EM TESTE DE \u00c1GUA BORE&#8221; style=&#8221;outline-custom&#8221; outline_custom_color=&#8221;#dd4949&#8243; outline_custom_hover_background=&#8221;#dd2c2c&#8221; outline_custom_hover_text=&#8221;#ffffff&#8221; shape=&#8221;square&#8221; align=&#8221;left&#8221; i_icon_fontawesome=&#8221;fas fa-file-pdf&#8221; add_icon=&#8221;true&#8221; link=&#8221;url:%2Fwp-content%2Fuploads%2F2014%2F07%2FQuantum-Filtration-Arsenic-in-Bore-water-Removal-Trial-_1_2.pdf|&#8221;][vc_btn title=&#8221;TESTES DE \u00c1GUA ESTENDIDA NA \u00c1GUA DO FURO&#8221; style=&#8221;outline-custom&#8221; outline_custom_color=&#8221;#dd4949&#8243; outline_custom_hover_background=&#8221;#dd2c2c&#8221; outline_custom_hover_text=&#8221;#ffffff&#8221; shape=&#8221;square&#8221; align=&#8221;left&#8221; i_icon_fontawesome=&#8221;fas fa-file-pdf&#8221; add_icon=&#8221;true&#8221; link=&#8221;url:%2Fwp-content%2Fuploads%2F2014%2F07%2FCertificado%20de%20An%C3%A1lise-%C3%81gua-SW-Health-Campus.pdf|&#8221;][vc_btn title=&#8221;TESTE DE AREIA DE MANGAN\u00caS DE FERRO 1&#8243; style=&#8221;outline-custom&#8221; outline_custom_color=&#8221;#dd4949&#8243; outline_custom_hover_background=&#8221;#dd2c2c&#8221; outline_custom_hover_text=&#8221;#ffffff&#8221; shape=&#8221;square&#8221; align=&#8221;left&#8221;&hellip;","og_url":"https:\/\/dmi65.com\/pt-br\/tecnico\/teste-de-laboratorio\/","og_site_name":"DMI-65\u00ae","og_image":[{"width":466,"height":200,"url":"https:\/\/dmi65.com\/wp-content\/uploads\/2020\/06\/dmi65_Logo_Blk.png","type":"image\/png"}],"twitter_card":"summary_large_image","twitter_misc":{"Est. tempo de leitura":"1 minuto"},"schema":{"@context":"https:\/\/schema.org","@graph":[{"@type":"WebPage","@id":"https:\/\/dmi65.com\/pt-br\/tecnico\/teste-de-laboratorio\/","url":"https:\/\/dmi65.com\/pt-br\/tecnico\/teste-de-laboratorio\/","name":"Testes de laborat\u00f3rio - DMI-65\u00ae","isPartOf":{"@id":"https:\/\/dmi65.com\/pt-br\/#website"},"datePublished":"2020-06-09T11:42:55+00:00","breadcrumb":{"@id":"https:\/\/dmi65.com\/pt-br\/tecnico\/teste-de-laboratorio\/#breadcrumb"},"inLanguage":"pt-BR","potentialAction":[{"@type":"ReadAction","target":["https:\/\/dmi65.com\/pt-br\/tecnico\/teste-de-laboratorio\/"]}]},{"@type":"BreadcrumbList","@id":"https:\/\/dmi65.com\/pt-br\/tecnico\/teste-de-laboratorio\/#breadcrumb","itemListElement":[{"@type":"ListItem","position":1,"name":"Home","item":"https:\/\/dmi65.com\/pt-br\/"},{"@type":"ListItem","position":2,"name":"T\u00e9cnico","item":"https:\/\/dmi65.com\/pt-br\/tecnico\/"},{"@type":"ListItem","position":3,"name":"Testes de laborat\u00f3rio"}]},{"@type":"WebSite","@id":"https:\/\/dmi65.com\/pt-br\/#website","url":"https:\/\/dmi65.com\/pt-br\/","name":"DMI-65\u00ae","description":"Water Filtration &amp; Reverse Osmosis Treatment, Catalytic Media","publisher":{"@id":"https:\/\/dmi65.com\/pt-br\/#organization"},"potentialAction":[{"@type":"SearchAction","target":{"@type":"EntryPoint","urlTemplate":"https:\/\/dmi65.com\/pt-br\/?s={search_term_string}"},"query-input":{"@type":"PropertyValueSpecification","valueRequired":true,"valueName":"search_term_string"}}],"inLanguage":"pt-BR"},{"@type":"Organization","@id":"https:\/\/dmi65.com\/pt-br\/#organization","name":"DMI-65 & Quantum Filtration Pty Ltd","url":"https:\/\/dmi65.com\/pt-br\/","logo":{"@type":"ImageObject","inLanguage":"pt-BR","@id":"https:\/\/dmi65.com\/pt-br\/#\/schema\/logo\/image\/","url":"https:\/\/dmi65.com\/wp-content\/uploads\/2020\/04\/dmi65.png","contentUrl":"https:\/\/dmi65.com\/wp-content\/uploads\/2020\/04\/dmi65.png","width":440,"height":205,"caption":"DMI-65 & Quantum Filtration Pty Ltd"},"image":{"@id":"https:\/\/dmi65.com\/pt-br\/#\/schema\/logo\/image\/"},"sameAs":["https:\/\/www.linkedin.com\/company\/dmi-65","https:\/\/www.youtube.com\/channel\/UCbXoMn5KBp2jrnx4KR_Qg4A"]}]}},"_links":{"self":[{"href":"https:\/\/dmi65.com\/pt-br\/wp-json\/wp\/v2\/pages\/6226","targetHints":{"allow":["GET"]}}],"collection":[{"href":"https:\/\/dmi65.com\/pt-br\/wp-json\/wp\/v2\/pages"}],"about":[{"href":"https:\/\/dmi65.com\/pt-br\/wp-json\/wp\/v2\/types\/page"}],"author":[{"embeddable":true,"href":"https:\/\/dmi65.com\/pt-br\/wp-json\/wp\/v2\/users\/1"}],"replies":[{"embeddable":true,"href":"https:\/\/dmi65.com\/pt-br\/wp-json\/wp\/v2\/comments?post=6226"}],"version-history":[{"count":0,"href":"https:\/\/dmi65.com\/pt-br\/wp-json\/wp\/v2\/pages\/6226\/revisions"}],"up":[{"embeddable":true,"href":"https:\/\/dmi65.com\/pt-br\/wp-json\/wp\/v2\/pages\/7164"}],"wp:attachment":[{"href":"https:\/\/dmi65.com\/pt-br\/wp-json\/wp\/v2\/media?parent=6226"}],"curies":[{"name":"wp","href":"https:\/\/api.w.org\/{rel}","templated":true}]}}