{"id":5966,"date":"2020-06-09T11:39:55","date_gmt":"2020-06-09T03:39:55","guid":{"rendered":"http:\/\/dmi65.com\/aplicacoes-industriais\/"},"modified":"2020-06-26T11:17:25","modified_gmt":"2020-06-26T03:17:25","slug":"aplicacoes-industriais","status":"publish","type":"page","link":"https:\/\/dmi65.com\/pt-br\/solucoes\/aplicacoes-industriais\/","title":{"rendered":"Tratamento industrial de \u00e1gua"},"content":{"rendered":"<div class=\"wpb-content-wrapper\"><p>[vc_row][vc_column][vc_column_text css=&#8221;.vc_custom_1592453960133{margin-top: 15px !important;margin-bottom: 15px !important;}&#8221;]<strong>Tratamento industrial de \u00e1gua<\/strong> DMI-65 \u00e9 um extremamente poderoso meio de filtragem de \u00e1gua de a\u00e7\u00e3o catal\u00edtica \u00e0 base de areia de s\u00edlica que \u00e9 projetado para a remo\u00e7\u00e3o de ferro e mangan\u00eas sem o uso de permanganato de pot\u00e1ssio atrav\u00e9s de um Processo Avan\u00e7ado de <a href=\"http:\/\/dmi65.com\/pt-br\/tecnico\/advanced-oxidacao-processo-para-filtracao-de-agua\/\">Oxida\u00e7\u00e3o.<\/a>[\/vc_column_text][\/vc_column][\/vc_row][vc_row][vc_column]<div class=\"uavc-list-icon uavc-list-icon-wrapper ult-adjust-bottom-margin   vc_custom_1590987405882  vc_custom_1590987405882\"><ul class=\"uavc-list\"><li><div class=\"uavc-list-content\" id=\"list-icon-wrap-6892\">\n<div class=\"uavc-list-icon  \" data-animation=\"\" data-animation-delay=\"03\" style=\"margin-right:20px;\"><div class=\"ult-just-icon-wrapper  \"><div class=\"align-icon\" style=\"text-align:center;\">\n<div class=\"aio-icon none \"  style=\"color:#81d742;font-size:20px;display:inline-block;\">\n\t<i class=\"fas fa-check\"><\/i>\n<\/div><\/div><\/div>\n<\/div><span  data-ultimate-target='#list-icon-wrap-6892 .uavc-list-desc'  data-responsive-json-new='{\"font-size\":\"\",\"line-height\":\"\"}'  class=\"uavc-list-desc ult-responsive\" style=\"\"><strong>Evita a colora\u00e7\u00e3o<\/strong><\/p>\n<p><\/span><\/div><\/li><li><div class=\"uavc-list-content\" id=\"list-icon-wrap-9623\">\n<div class=\"uavc-list-icon  \" data-animation=\"\" data-animation-delay=\"03\" style=\"margin-right:20px;\"><div class=\"ult-just-icon-wrapper  \"><div class=\"align-icon\" style=\"text-align:center;\">\n<div class=\"aio-icon none \"  style=\"color:#81d742;font-size:20px;display:inline-block;\">\n\t<i class=\"fas fa-check\"><\/i>\n<\/div><\/div><\/div>\n<\/div><span  data-ultimate-target='#list-icon-wrap-9623 .uavc-list-desc'  data-responsive-json-new='{\"font-size\":\"\",\"line-height\":\"\"}'  class=\"uavc-list-desc ult-responsive\" style=\"\"><strong>Melhore significativamente o desempenho do sistema reduzindo o investimento inicial de capital do sistema<\/strong><\/p>\n<p><\/span><\/div><\/li><li><div class=\"uavc-list-content\" id=\"list-icon-wrap-3799\">\n<div class=\"uavc-list-icon  \" data-animation=\"\" data-animation-delay=\"03\" style=\"margin-right:20px;\"><div class=\"ult-just-icon-wrapper  \"><div class=\"align-icon\" style=\"text-align:center;\">\n<div class=\"aio-icon none \"  style=\"color:#81d742;font-size:20px;display:inline-block;\">\n\t<i class=\"fas fa-check\"><\/i>\n<\/div><\/div><\/div>\n<\/div><span  data-ultimate-target='#list-icon-wrap-3799 .uavc-list-desc'  data-responsive-json-new='{\"font-size\":\"\",\"line-height\":\"\"}'  class=\"uavc-list-desc ult-responsive\" style=\"\"><strong>Sem lixivia\u00e7\u00e3o de produtos qu\u00edmicos<\/strong><\/p>\n<p><\/span><\/div><\/li><li><div class=\"uavc-list-content\" id=\"list-icon-wrap-8337\">\n<div class=\"uavc-list-icon  \" data-animation=\"\" data-animation-delay=\"03\" style=\"margin-right:20px;\"><div class=\"ult-just-icon-wrapper  \"><div class=\"align-icon\" style=\"text-align:center;\">\n<div class=\"aio-icon none \"  style=\"color:#81d742;font-size:20px;display:inline-block;\">\n\t<i class=\"fas fa-check\"><\/i>\n<\/div><\/div><\/div>\n<\/div><span  data-ultimate-target='#list-icon-wrap-8337 .uavc-list-desc'  data-responsive-json-new='{\"font-size\":\"\",\"line-height\":\"\"}'  class=\"uavc-list-desc ult-responsive\" style=\"\"><strong>Economia substancial de custos de vida <\/strong><\/p>\n<p><\/span><\/div><\/li><\/ul><\/div>[vc_column_text css=&#8221;.vc_custom_1592454162234{margin-bottom: 0px !important;}&#8221;]Em po\u00e7os profundos, onde o teor de oxig\u00eanio \u00e9 baixo, a \u00e1gua de ferro\/mangan\u00eas \u00e9 clara e incolor (o ferro e o mangan\u00eas s\u00e3o dissolvidos). A \u00e1gua da torneira pode ser clara, mas quando exposta ao ar, o ferro e o mangan\u00eas s\u00e3o oxidados e mudam de formas incolores e dissolvidas para formas coloridas e s\u00f3lidas.<\/p>\n<p><a href=\"https:\/\/www.thoughtco.com\/definition-of-oxidation-in-chemistry-605456\" target=\"_blank\" rel=\"noopener noreferrer\">A oxida\u00e7\u00e3o<\/a> de part\u00edculas de ferro dissolvidas na \u00e1gua muda o ferro para branco, depois amarelo e, finalmente, para part\u00edculas s\u00f3lidas marrom-vermelhas que se instalam fora da \u00e1gua. O ferro que n\u00e3o forma part\u00edculas grandes o suficiente para se estabelecer e que permanece suspenso (ferro coloidal) deixa a \u00e1gua com uma tonalidade vermelha. O mangan\u00eas geralmente \u00e9 dissolvido em \u00e1gua, embora alguns po\u00e7os rasos contenham mangan\u00eas coloidal (tonalidade preta). Esses sedimentos s\u00e3o respons\u00e1veis pelas propriedades de colora\u00e7\u00e3o da \u00e1gua contendo altas concentra\u00e7\u00f5es de ferro e mangan\u00eas. Estes precipitados ou sedimentos podem ser severos o suficiente para tapar tubos de \u00e1gua e irrigadores.<br \/>\nO ferro causar\u00e1 manchas marrom-avermelhadas de roupa, porcelana, pratos, utens\u00edlios e at\u00e9 vidros. O mangan\u00eas age de forma semelhante, mas causa uma mancha marrom-preta. Sabonetes e detergentes n\u00e3o removem essas manchas, e o uso de alvejante de cloro e construtores alcalinos (como s\u00f3dio e carbonato) pode intensificar as manchas.<\/p>\n<p>Dep\u00f3sitos de ferro e mangan\u00eas se acumular\u00e3o em dutos, tanques de press\u00e3o, aquecedores de \u00e1gua e amaciantes de \u00e1gua. Isso reduz a quantidade e a press\u00e3o dispon\u00edveis do abastecimento de \u00e1gua. Os ac\u00famulos de ferro e mangan\u00eas tornam-se um problema econ\u00f4mico quando o fornecimento de \u00e1gua ou o equipamento de amaciante de \u00e1gua devem ser substitu\u00eddos. Tamb\u00e9m h\u00e1 aumentos associados nos custos de energia do bombeamento de \u00e1gua atrav\u00e9s de tubos constritos ou \u00e1gua de aquecimento com barras de aquecimento revestidas com dep\u00f3sitos minerais de ferro ou mangan\u00eas.<\/p>\n<p><a href=\"http:\/\/www.water-research.net\/index.php\/manganese\">http:\/\/www.water-research.net\/index.php\/manganese<\/a><\/p>\n<p>A incorpora\u00e7\u00e3o de um sistema de filtragem baseado em DMI-65 reduzir\u00e1 materialmente esses sintomas, bem como realizar\u00e1 desinfec\u00e7\u00e3o e filtragem mec\u00e2nica de s\u00f3lidos n\u00e3o resolvidos.<\/p>\n<p>O DMI-65 \u00e9 uma tecnologia infundida e n\u00e3o apenas uma tecnologia de revestimento superficial, ao contr\u00e1rio de outros meios de filtragem de \u00e1gua catal\u00edtica, que remove a chance de qualquer lixivia\u00e7\u00e3o qu\u00edmica no fluxo de \u00e1gua.<\/p>\n<p>A fim de iniciar o processo de oxida\u00e7\u00e3o do ferro (e mangan\u00eas) na solu\u00e7\u00e3o DMI-65 \u00e9 projetado para operar na presen\u00e7a de cloro ou outro oxidante. Nesse processo, o oxidante remove el\u00e9trons e \u00e9 consumido no processo. O operador precisa garantir que haja um res\u00edduo de cloro livre de 0,1 \u2013 0,3 ppm na \u00e1gua do efluente. O cloro, alimentado como hipoclorito de s\u00f3dio ou alvejante (12,5 NaOCl), \u00e9 o oxidante preferido, pois \u00e9 relativamente barato, prontamente dispon\u00edvel em todo o mundo e \u00e9 eficaz. Tamb\u00e9m realiza a grande maioria de qualquer processo de desinfetante.<\/p>\n<p>Ao contr\u00e1rio das resinas de troca de \u00edons, onde doses regenerantes mais altas aumentar\u00e3o a capacidade de troca de \u00edons, os res\u00edduos de NaOCl ou concentra\u00e7\u00f5es superiores ao necess\u00e1rio para oxidar o Fe e o Mn n\u00e3o aumentam as propriedades oxidativas da m\u00eddia.<\/p>\n<p>O DMI-65 foi certificado ao Padr\u00e3o dos EUA da NSF\/ANSI 61 para Componentes do Sistema de \u00c1gua Pot\u00e1vel e para uso na Inglaterra e no Pa\u00eds de Gales sob o regulamento 31(4)(a) das regulamenta\u00e7\u00f5es de abastecimento de \u00e1gua (Qualidade da \u00c1gua) 2010 e tamb\u00e9m foi testado por muitas outras autoridades e laborat\u00f3rios de tratamento de \u00e1gua.<\/p>\n<p>O DMI-65 \u00e9 fabricado na Austr\u00e1lia, e usado por <a href=\"http:\/\/dmi65.com\/pt-br\/clientes\/\">muitos clientes<\/a> para tratamento industrial de \u00e1gua.[\/vc_column_text]<q class=\"text-big shortcode-pullquote wf-cell align-left wf-1\"><p>Ferro e mangan\u00eas s\u00e3o elementos n\u00e3o perigosos que podem ser um inc\u00f4modo no abastecimento de \u00e1gua. Ferro e mangan\u00eas s\u00e3o quimicamente semelhantes e causam problemas semelhantes. O ferro \u00e9 o mais frequente dos dois contaminantes no abastecimento de \u00e1gua; mangan\u00eas \u00e9 tipicamente encontrado em \u00e1gua de ferro. Ferro e mangan\u00eas podem manchar roupas, placas e lumin\u00e1rias.<\/p>\n<\/q>[vc_row_inner css=&#8221;.vc_custom_1591000039537{margin-top: 10px !important;}&#8221;][vc_column_inner width=&#8221;1\/2&#8243;][vc_single_image image=&#8221;5420&#8243; img_size=&#8221;600&#215;400&#8243;][\/vc_column_inner][vc_column_inner width=&#8221;1\/2&#8243;][vc_single_image image=&#8221;5409&#8243; img_size=&#8221;600&#215;400&#8243;][\/vc_column_inner][\/vc_row_inner][vc_column_text]<strong>Hist\u00f3rico do Caso: Tratamento Industrial de \u00c1gua<br \/>\n<\/strong><\/p>\n<p>A levedura de Fleischmann seleciona Yardney \/ DMI-65 Filtration de \u00e1gua para a Remo\u00e7\u00e3o de Ferro (Fe)<\/p>\n<p>Esta f\u00e1brica de processamento de alimentos localizada em Memphis, TN n\u00e3o foi capaz de usar a \u00e1gua de um po\u00e7o rec\u00e9m-perfurado para caldeira e maquiagem torre de resfriamento devido ao alto n\u00edvel de ferro (Fe) na \u00e1gua. Isso resultou em custos operacionais mais altos do que o esperado, j\u00e1 que a empresa teve que comprar \u00e1gua da cidade para esses usos.<\/p>\n<p>Durante o per\u00edodo de testes, Yardney Water Management Systems, Inc of Riverside, CA se uniu a Sparkling Clear Industries of Houston, TX (SCI) para um teste de campo na f\u00e1brica usando dMI\u201065, uma nova m\u00eddia revolucion\u00e1ria de filtragem fabricada pela Quantum Filtration Medium na Austr\u00e1lia Ocidental. DMI\u201065 \u00e9 uma m\u00eddia de filtragem \u00e0 base de areia de s\u00edlica que remover\u00e1 ferro, mangan\u00eas e ars\u00eanico quando operado na presen\u00e7a de cloro (hipoclorito de s\u00f3dio). O objetivo do ensaio foi duas vezes: determinar a efic\u00e1cia das propriedades de remo\u00e7\u00e3o de ferro do DMI\u201065, e verificar a taxa de fluxo hidr\u00e1ulico adequada (em GPM\/ft2) para o dimensionamento e o desenho do equipamento de filtragem necess\u00e1rio.<\/p>\n<p>O sistema foi instalado e comissionado em meados de 2009 (Figura 1). Desde o in\u00edcio, a qualidade da \u00e1gua que est\u00e1 sendo fornecida pelo sistema Yardney utilizando a m\u00eddia especial de remo\u00e7\u00e3o de ferro atendeu e superou as expectativas do cliente. Isso permitiu que a planta utilizasse a \u00e1gua do po\u00e7o tratada pelo sistema Yardney para maquiar as caldeiras e torres de resfriamento. Al\u00e9m disso, encontraram outros usos na planta devido \u00e0 alta qualidade da \u00e1gua produzida. Em termos de redu\u00e7\u00e3o de custos, o cliente est\u00e1 realizando mais de US $ 9.000\/m\u00eas em economia de \u00e1gua desde a instala\u00e7\u00e3o e in\u00edcio do sistema de tratamento. Economias adicionais, ainda a serem quantificadas, est\u00e3o na natureza g\u00e1s e economia qu\u00edmica devido \u00e0 redu\u00e7\u00e3o significativa da caldeira e da torre de resfriamento soprar para baixo.<\/p>\n<h4>Vantagens do uso do DMI-65 para Tratamento Industrial de \u00c1gua<\/h4>\n<p><strong>Inibe a colora\u00e7\u00e3o. <\/strong>O DMI-65 remove eficientemente o ferro dissolvido para os n\u00edveis quase indetect\u00e1veis t\u00e3o baixos quanto 0,001 PPM e mangan\u00eas a 0,001 PPM, o que permitir\u00e1 o uso da \u00e1gua na maioria das aplica\u00e7\u00f5es industriais sem causar manchas ou bloqueios invis\u00edveis ao fluxo de \u00e1gua que afeta negativamente o desempenho dos sistemas.<\/p>\n<p><strong>Custos Reduzidos <\/strong>O custo total do sistema de filtragem de \u00e1gua de remo\u00e7\u00e3o de ferro e mangan\u00eas \u00e9 significativamente menor do que as solu\u00e7\u00f5es alternativas, a efic\u00e1cia, mas a relativa simplicidade, dos sistemas baseados em DMI-65 reduz o gasto inicial de capital na complexidade da planta, bem como o gasto operacional cont\u00ednuo em produtos qu\u00edmicos, energia e recupera\u00e7\u00e3o de \u00e1guas residuais.<\/p>\n<p><strong>Altas taxas de fluxo<\/strong>. A tecnologia infundida do <em>DMI-65 promove a maior taxa de oxida\u00e7\u00e3o de qualquer m\u00eddia de filtragem catal\u00edtica.<\/em> Isso permite uma taxa de fluxo de \u00e1gua significativamente maior para alcan\u00e7ar o mesmo n\u00edvel de remo\u00e7\u00e3o de ferro e mangan\u00eas. O DMI-65 pode operar a velocidades de filtragem linear at\u00e9 o dobro da m\u00eddia convencional com uma redu\u00e7\u00e3o correspondente nos custos de equipamentos de capital.<\/p>\n<p> <strong>Alta capacidade de carga<\/strong> O DMI-65 tamb\u00e9m possui maior capacidade de carga de ferro e mangan\u00eas, que pode prolongar a dura\u00e7\u00e3o das corridas de filtros e o tempo entre o backwashing, reduzindo assim o tempo de inatividade, as despesas operacionais e o desperd\u00edcio.<\/p>\n<p><strong>Regenera\u00e7\u00e3o n\u00e3o<\/strong><strong>necess\u00e1ria. <\/strong>A m\u00eddia opera com uma inje\u00e7\u00e3o cont\u00ednua de hipoclorito de s\u00f3dio em baixos n\u00edveis residuais (0,1 a 0,3 ppm) que elimina a necessidade de Permanganato de Pot\u00e1ssio.<\/p>\n<p><strong>Ambiente operacional amplo<\/strong><strong>. <\/strong>O desempenho est\u00e1vel e satisfat\u00f3rio no pH de 5,8 a 8,6 e a temperatura m\u00e1xima de opera\u00e7\u00e3o de 45\u00b0C reduz a necessidade de investimento para alterar o ambiente operacional.<\/p>\n<p><strong>Vida longa. <\/strong>O DMI-65 n\u00e3o \u00e9 consumido no processo, dando-lhe uma vida operacional esperada de at\u00e9 10 anos, proporcionando vantagens consider\u00e1veis sobre outros processos ou m\u00eddia. A m\u00eddia n\u00e3o exibe uma capacidade decadente para fazer seu trabalho catal\u00edtico. Durante o per\u00edodo de 5 a 10 anos, atrav\u00e9s de muitas opera\u00e7\u00f5es de backwashing do leito para remover s\u00f3lidos retidos, uma perda de atrito da m\u00eddia ocorre pelo contato entre part\u00edculas e abras\u00e3o mec\u00e2nica[\/vc_column_text][\/vc_column][\/vc_row][vc_row][vc_column]<div class=\"dt-fancy-separator\" style=\"width: 100%;\"><div class=\"dt-fancy-title\"><span class=\"separator-holder separator-left\"><\/span>Depoimentos: Aplica\u00e7\u00f5es Industriais<span class=\"separator-holder separator-right\"><\/span><\/div><\/div>[vc_empty_space height=&#8221;20px&#8221;][\/vc_column][\/vc_row][vc_row content_placement=&#8221;middle&#8221; css=&#8221;.vc_custom_1592798713236{margin-top: 30px !important;padding-top: 20px !important;padding-right: 20px !important;padding-bottom: 5px !important;padding-left: 20px !important;}&#8221; el_class=&#8221;cta&#8221;][vc_column]<div class=\"dt-fancy-separator\" style=\"width: 100%;\"><div class=\"dt-fancy-title\"><span class=\"separator-holder separator-left\"><\/span>Consulte para saber como a m\u00eddia de filtragem \u00ae DMI-65 pode ajudar com suas aplica\u00e7\u00f5es de tratamento de \u00e1gua industrial<span class=\"separator-holder separator-right\"><\/span><\/div><\/div>[vc_btn title=&#8221;Perguntar&#8221; style=&#8221;custom&#8221; custom_background=&#8221;#162441&#8243; custom_text=&#8221;#ffffff&#8221; shape=&#8221;square&#8221; size=&#8221;lg&#8221; align=&#8221;center&#8221; i_align=&#8221;right&#8221; i_icon_fontawesome=&#8221;fas fa-chevron-right&#8221; add_icon=&#8221;true&#8221; css=&#8221;.vc_custom_1592793128520{margin-top: 20px !important;}&#8221; el_class=&#8221;ctaButton sg-popup-id-8233&#8243;][\/vc_column][\/vc_row]<\/p>\n<\/div>","protected":false},"excerpt":{"rendered":"<p>[vc_row][vc_column][vc_column_text css=&#8221;.vc_custom_1592453960133{margin-top: 15px !important;margin-bottom: 15px !important;}&#8221;]Tratamento industrial de \u00e1gua DMI-65 \u00e9 um extremamente poderoso meio de filtragem de \u00e1gua de a\u00e7\u00e3o catal\u00edtica \u00e0 base de areia de s\u00edlica que \u00e9 projetado para a remo\u00e7\u00e3o de ferro e mangan\u00eas sem o uso de permanganato de pot\u00e1ssio atrav\u00e9s de um Processo Avan\u00e7ado de Oxida\u00e7\u00e3o.[\/vc_column_text][\/vc_column][\/vc_row][vc_row][vc_column][vc_column_text css=&#8221;.vc_custom_1592454162234{margin-bottom: 0px !important;}&#8221;]Em&hellip;<\/p>\n","protected":false},"author":1,"featured_media":0,"parent":7144,"menu_order":0,"comment_status":"closed","ping_status":"closed","template":"","meta":{"content-type":"","footnotes":""},"class_list":["post-5966","page","type-page","status-publish","hentry","description-off"],"yoast_head":"<!-- This site is optimized with the Yoast SEO plugin v25.2 - https:\/\/yoast.com\/wordpress\/plugins\/seo\/ -->\n<title>Tratamento industrial de \u00e1gua e aplica\u00e7\u00f5es - DMI-65\u00ae<\/title>\n<meta name=\"description\" content=\"O DMI-65 oferece vantagens significativas para aplica\u00e7\u00f5es industriais de tratamento de \u00e1gua com vida significativamente maior do que os produtos concorrentes.\" \/>\n<meta name=\"robots\" content=\"index, follow, max-snippet:-1, max-image-preview:large, max-video-preview:-1\" \/>\n<link rel=\"canonical\" href=\"https:\/\/dmi65.com\/pt-br\/solucoes\/aplicacoes-industriais\/\" \/>\n<meta property=\"og:locale\" content=\"pt_BR\" \/>\n<meta property=\"og:type\" content=\"article\" \/>\n<meta property=\"og:title\" content=\"Tratamento industrial de \u00e1gua e aplica\u00e7\u00f5es - DMI-65\u00ae\" \/>\n<meta property=\"og:description\" content=\"O DMI-65 oferece vantagens significativas para aplica\u00e7\u00f5es industriais de tratamento de \u00e1gua com vida significativamente maior do que os produtos concorrentes.\" \/>\n<meta property=\"og:url\" content=\"https:\/\/dmi65.com\/pt-br\/solucoes\/aplicacoes-industriais\/\" \/>\n<meta property=\"og:site_name\" content=\"DMI-65\u00ae\" \/>\n<meta property=\"article:modified_time\" content=\"2020-06-26T03:17:25+00:00\" \/>\n<meta property=\"og:image\" content=\"https:\/\/dmi65.com\/wp-content\/uploads\/2020\/06\/dmi65_Logo_Blk.png\" \/>\n\t<meta property=\"og:image:width\" content=\"466\" \/>\n\t<meta property=\"og:image:height\" content=\"200\" \/>\n\t<meta property=\"og:image:type\" content=\"image\/png\" \/>\n<meta name=\"twitter:card\" content=\"summary_large_image\" \/>\n<meta name=\"twitter:label1\" content=\"Est. tempo de leitura\" \/>\n\t<meta name=\"twitter:data1\" content=\"9 minutos\" \/>\n<script type=\"application\/ld+json\" class=\"yoast-schema-graph\">{\"@context\":\"https:\/\/schema.org\",\"@graph\":[{\"@type\":\"WebPage\",\"@id\":\"https:\/\/dmi65.com\/pt-br\/solucoes\/aplicacoes-industriais\/\",\"url\":\"https:\/\/dmi65.com\/pt-br\/solucoes\/aplicacoes-industriais\/\",\"name\":\"Tratamento industrial de \u00e1gua e aplica\u00e7\u00f5es - DMI-65\u00ae\",\"isPartOf\":{\"@id\":\"https:\/\/dmi65.com\/pt-br\/#website\"},\"datePublished\":\"2020-06-09T03:39:55+00:00\",\"dateModified\":\"2020-06-26T03:17:25+00:00\",\"description\":\"O DMI-65 oferece vantagens significativas para aplica\u00e7\u00f5es industriais de tratamento de \u00e1gua com vida significativamente maior do que os produtos concorrentes.\",\"breadcrumb\":{\"@id\":\"https:\/\/dmi65.com\/pt-br\/solucoes\/aplicacoes-industriais\/#breadcrumb\"},\"inLanguage\":\"pt-BR\",\"potentialAction\":[{\"@type\":\"ReadAction\",\"target\":[\"https:\/\/dmi65.com\/pt-br\/solucoes\/aplicacoes-industriais\/\"]}]},{\"@type\":\"BreadcrumbList\",\"@id\":\"https:\/\/dmi65.com\/pt-br\/solucoes\/aplicacoes-industriais\/#breadcrumb\",\"itemListElement\":[{\"@type\":\"ListItem\",\"position\":1,\"name\":\"Home\",\"item\":\"https:\/\/dmi65.com\/pt-br\/\"},{\"@type\":\"ListItem\",\"position\":2,\"name\":\"Solu\u00e7\u00f5es\",\"item\":\"https:\/\/dmi65.com\/pt-br\/solucoes\/\"},{\"@type\":\"ListItem\",\"position\":3,\"name\":\"Tratamento industrial de \u00e1gua\"}]},{\"@type\":\"WebSite\",\"@id\":\"https:\/\/dmi65.com\/pt-br\/#website\",\"url\":\"https:\/\/dmi65.com\/pt-br\/\",\"name\":\"DMI-65\u00ae\",\"description\":\"Water Filtration &amp; Reverse Osmosis Treatment, Catalytic Media\",\"publisher\":{\"@id\":\"https:\/\/dmi65.com\/pt-br\/#organization\"},\"potentialAction\":[{\"@type\":\"SearchAction\",\"target\":{\"@type\":\"EntryPoint\",\"urlTemplate\":\"https:\/\/dmi65.com\/pt-br\/?s={search_term_string}\"},\"query-input\":{\"@type\":\"PropertyValueSpecification\",\"valueRequired\":true,\"valueName\":\"search_term_string\"}}],\"inLanguage\":\"pt-BR\"},{\"@type\":\"Organization\",\"@id\":\"https:\/\/dmi65.com\/pt-br\/#organization\",\"name\":\"DMI-65 & Quantum Filtration Pty Ltd\",\"url\":\"https:\/\/dmi65.com\/pt-br\/\",\"logo\":{\"@type\":\"ImageObject\",\"inLanguage\":\"pt-BR\",\"@id\":\"https:\/\/dmi65.com\/pt-br\/#\/schema\/logo\/image\/\",\"url\":\"https:\/\/dmi65.com\/wp-content\/uploads\/2020\/04\/dmi65.png\",\"contentUrl\":\"https:\/\/dmi65.com\/wp-content\/uploads\/2020\/04\/dmi65.png\",\"width\":440,\"height\":205,\"caption\":\"DMI-65 & Quantum Filtration Pty Ltd\"},\"image\":{\"@id\":\"https:\/\/dmi65.com\/pt-br\/#\/schema\/logo\/image\/\"},\"sameAs\":[\"https:\/\/www.linkedin.com\/company\/dmi-65\",\"https:\/\/www.youtube.com\/channel\/UCbXoMn5KBp2jrnx4KR_Qg4A\"]}]}<\/script>\n<!-- \/ Yoast SEO plugin. -->","yoast_head_json":{"title":"Tratamento industrial de \u00e1gua e aplica\u00e7\u00f5es - DMI-65\u00ae","description":"O DMI-65 oferece vantagens significativas para aplica\u00e7\u00f5es industriais de tratamento de \u00e1gua com vida significativamente maior do que os produtos concorrentes.","robots":{"index":"index","follow":"follow","max-snippet":"max-snippet:-1","max-image-preview":"max-image-preview:large","max-video-preview":"max-video-preview:-1"},"canonical":"https:\/\/dmi65.com\/pt-br\/solucoes\/aplicacoes-industriais\/","og_locale":"pt_BR","og_type":"article","og_title":"Tratamento industrial de \u00e1gua e aplica\u00e7\u00f5es - DMI-65\u00ae","og_description":"O DMI-65 oferece vantagens significativas para aplica\u00e7\u00f5es industriais de tratamento de \u00e1gua com vida significativamente maior do que os produtos concorrentes.","og_url":"https:\/\/dmi65.com\/pt-br\/solucoes\/aplicacoes-industriais\/","og_site_name":"DMI-65\u00ae","article_modified_time":"2020-06-26T03:17:25+00:00","og_image":[{"width":466,"height":200,"url":"https:\/\/dmi65.com\/wp-content\/uploads\/2020\/06\/dmi65_Logo_Blk.png","type":"image\/png"}],"twitter_card":"summary_large_image","twitter_misc":{"Est. tempo de leitura":"9 minutos"},"schema":{"@context":"https:\/\/schema.org","@graph":[{"@type":"WebPage","@id":"https:\/\/dmi65.com\/pt-br\/solucoes\/aplicacoes-industriais\/","url":"https:\/\/dmi65.com\/pt-br\/solucoes\/aplicacoes-industriais\/","name":"Tratamento industrial de \u00e1gua e aplica\u00e7\u00f5es - DMI-65\u00ae","isPartOf":{"@id":"https:\/\/dmi65.com\/pt-br\/#website"},"datePublished":"2020-06-09T03:39:55+00:00","dateModified":"2020-06-26T03:17:25+00:00","description":"O DMI-65 oferece vantagens significativas para aplica\u00e7\u00f5es industriais de tratamento de \u00e1gua com vida significativamente maior do que os produtos concorrentes.","breadcrumb":{"@id":"https:\/\/dmi65.com\/pt-br\/solucoes\/aplicacoes-industriais\/#breadcrumb"},"inLanguage":"pt-BR","potentialAction":[{"@type":"ReadAction","target":["https:\/\/dmi65.com\/pt-br\/solucoes\/aplicacoes-industriais\/"]}]},{"@type":"BreadcrumbList","@id":"https:\/\/dmi65.com\/pt-br\/solucoes\/aplicacoes-industriais\/#breadcrumb","itemListElement":[{"@type":"ListItem","position":1,"name":"Home","item":"https:\/\/dmi65.com\/pt-br\/"},{"@type":"ListItem","position":2,"name":"Solu\u00e7\u00f5es","item":"https:\/\/dmi65.com\/pt-br\/solucoes\/"},{"@type":"ListItem","position":3,"name":"Tratamento industrial de \u00e1gua"}]},{"@type":"WebSite","@id":"https:\/\/dmi65.com\/pt-br\/#website","url":"https:\/\/dmi65.com\/pt-br\/","name":"DMI-65\u00ae","description":"Water Filtration &amp; Reverse Osmosis Treatment, Catalytic Media","publisher":{"@id":"https:\/\/dmi65.com\/pt-br\/#organization"},"potentialAction":[{"@type":"SearchAction","target":{"@type":"EntryPoint","urlTemplate":"https:\/\/dmi65.com\/pt-br\/?s={search_term_string}"},"query-input":{"@type":"PropertyValueSpecification","valueRequired":true,"valueName":"search_term_string"}}],"inLanguage":"pt-BR"},{"@type":"Organization","@id":"https:\/\/dmi65.com\/pt-br\/#organization","name":"DMI-65 & Quantum Filtration Pty Ltd","url":"https:\/\/dmi65.com\/pt-br\/","logo":{"@type":"ImageObject","inLanguage":"pt-BR","@id":"https:\/\/dmi65.com\/pt-br\/#\/schema\/logo\/image\/","url":"https:\/\/dmi65.com\/wp-content\/uploads\/2020\/04\/dmi65.png","contentUrl":"https:\/\/dmi65.com\/wp-content\/uploads\/2020\/04\/dmi65.png","width":440,"height":205,"caption":"DMI-65 & Quantum Filtration Pty Ltd"},"image":{"@id":"https:\/\/dmi65.com\/pt-br\/#\/schema\/logo\/image\/"},"sameAs":["https:\/\/www.linkedin.com\/company\/dmi-65","https:\/\/www.youtube.com\/channel\/UCbXoMn5KBp2jrnx4KR_Qg4A"]}]}},"_links":{"self":[{"href":"https:\/\/dmi65.com\/pt-br\/wp-json\/wp\/v2\/pages\/5966","targetHints":{"allow":["GET"]}}],"collection":[{"href":"https:\/\/dmi65.com\/pt-br\/wp-json\/wp\/v2\/pages"}],"about":[{"href":"https:\/\/dmi65.com\/pt-br\/wp-json\/wp\/v2\/types\/page"}],"author":[{"embeddable":true,"href":"https:\/\/dmi65.com\/pt-br\/wp-json\/wp\/v2\/users\/1"}],"replies":[{"embeddable":true,"href":"https:\/\/dmi65.com\/pt-br\/wp-json\/wp\/v2\/comments?post=5966"}],"version-history":[{"count":0,"href":"https:\/\/dmi65.com\/pt-br\/wp-json\/wp\/v2\/pages\/5966\/revisions"}],"up":[{"embeddable":true,"href":"https:\/\/dmi65.com\/pt-br\/wp-json\/wp\/v2\/pages\/7144"}],"wp:attachment":[{"href":"https:\/\/dmi65.com\/pt-br\/wp-json\/wp\/v2\/media?parent=5966"}],"curies":[{"name":"wp","href":"https:\/\/api.w.org\/{rel}","templated":true}]}}