{"id":5892,"date":"2020-06-09T11:30:37","date_gmt":"2020-06-09T03:30:37","guid":{"rendered":"http:\/\/dmi65.com\/desaguamento-ambiental\/"},"modified":"2020-06-26T11:15:15","modified_gmt":"2020-06-26T03:15:15","slug":"desaguamento-ambiental","status":"publish","type":"page","link":"https:\/\/dmi65.com\/pt-br\/solucoes\/desaguamento-ambiental\/","title":{"rendered":"Sistemas de desaguamento"},"content":{"rendered":"<div class=\"wpb-content-wrapper\"><p>[vc_row][vc_column][vc_column_text css=&#8221;.vc_custom_1592380872429{margin-top: 15px !important;margin-bottom: 15px !important;}&#8221;]Sistemas de desaguamento environmetal: <a href=\"https:\/\/en.wikipedia.org\/wiki\/Dewatering\" target=\"_blank\" rel=\"noopener noreferrer\"><br \/>\n  <em>A desaguamento<\/em><br \/>\n<\/a> \u00e9 definida pelo processo de remo\u00e7\u00e3o da \u00e1gua de um local que se acumula em escava\u00e7\u00f5es de terraplenagem ou embaixo de estruturas dentro ou abaixo do cano de \u00e1gua existente. As atividades de desaguamento s\u00e3o permanentes ou tempor\u00e1rias. Descargas permanentes ocorrem a partir de locais que possuem estruturas dentro ou abaixo da \u00e1gua existente, por exemplo, po\u00e7os de minas, estacionamentos subterr\u00e2neos abaixo de edif\u00edcios. Descargas tempor\u00e1rias ocorrem de locais que t\u00eam \u00e1gua entrando na escava\u00e7\u00e3o de terraplenagem. Geralmente ocorre uma descarga tempor\u00e1ria durante a fase de constru\u00e7\u00e3o.[\/vc_column_text][\/vc_column][\/vc_row][vc_row][vc_column]<div class=\"uavc-list-icon uavc-list-icon-wrapper ult-adjust-bottom-margin   vc_custom_1590987405882  vc_custom_1590987405882\"><ul class=\"uavc-list\"><li><div class=\"uavc-list-content\" id=\"list-icon-wrap-1182\">\n<div class=\"uavc-list-icon  \" data-animation=\"\" data-animation-delay=\"03\" style=\"margin-right:20px;\"><div class=\"ult-just-icon-wrapper  \"><div class=\"align-icon\" style=\"text-align:center;\">\n<div class=\"aio-icon none \"  style=\"color:#81d742;font-size:20px;display:inline-block;\">\n\t<i class=\"fas fa-check\"><\/i>\n<\/div><\/div><\/div>\n<\/div><span  data-ultimate-target='#list-icon-wrap-1182 .uavc-list-desc'  data-responsive-json-new='{\"font-size\":\"\",\"line-height\":\"\"}'  class=\"uavc-list-desc ult-responsive\" style=\"\"><strong>Reduzir o tempo de inatividade<\/strong><\/p>\n<p><\/span><\/div><\/li><li><div class=\"uavc-list-content\" id=\"list-icon-wrap-2016\">\n<div class=\"uavc-list-icon  \" data-animation=\"\" data-animation-delay=\"03\" style=\"margin-right:20px;\"><div class=\"ult-just-icon-wrapper  \"><div class=\"align-icon\" style=\"text-align:center;\">\n<div class=\"aio-icon none \"  style=\"color:#81d742;font-size:20px;display:inline-block;\">\n\t<i class=\"fas fa-check\"><\/i>\n<\/div><\/div><\/div>\n<\/div><span  data-ultimate-target='#list-icon-wrap-2016 .uavc-list-desc'  data-responsive-json-new='{\"font-size\":\"\",\"line-height\":\"\"}'  class=\"uavc-list-desc ult-responsive\" style=\"\"><strong>Economize na limpeza e substitui\u00e7\u00e3o de membranas caras<\/strong><\/p>\n<p><\/span><\/div><\/li><li><div class=\"uavc-list-content\" id=\"list-icon-wrap-3539\">\n<div class=\"uavc-list-icon  \" data-animation=\"\" data-animation-delay=\"03\" style=\"margin-right:20px;\"><div class=\"ult-just-icon-wrapper  \"><div class=\"align-icon\" style=\"text-align:center;\">\n<div class=\"aio-icon none \"  style=\"color:#81d742;font-size:20px;display:inline-block;\">\n\t<i class=\"fas fa-check\"><\/i>\n<\/div><\/div><\/div>\n<\/div><span  data-ultimate-target='#list-icon-wrap-3539 .uavc-list-desc'  data-responsive-json-new='{\"font-size\":\"\",\"line-height\":\"\"}'  class=\"uavc-list-desc ult-responsive\" style=\"\"><strong>Melhore significativamente o desempenho do sistema reduzindo o investimento inicial de capital do sistema<\/strong><\/p>\n<p><\/span><\/div><\/li><li><div class=\"uavc-list-content\" id=\"list-icon-wrap-7989\">\n<div class=\"uavc-list-icon  \" data-animation=\"\" data-animation-delay=\"03\" style=\"margin-right:20px;\"><div class=\"ult-just-icon-wrapper  \"><div class=\"align-icon\" style=\"text-align:center;\">\n<div class=\"aio-icon none \"  style=\"color:#81d742;font-size:20px;display:inline-block;\">\n\t<i class=\"fas fa-check\"><\/i>\n<\/div><\/div><\/div>\n<\/div><span  data-ultimate-target='#list-icon-wrap-7989 .uavc-list-desc'  data-responsive-json-new='{\"font-size\":\"\",\"line-height\":\"\"}'  class=\"uavc-list-desc ult-responsive\" style=\"\"><strong>Alta taxa de desinfec\u00e7\u00e3o alcan\u00e7ada<\/strong><\/p>\n<p><\/span><\/div><\/li><li><div class=\"uavc-list-content\" id=\"list-icon-wrap-1810\">\n<div class=\"uavc-list-icon  \" data-animation=\"\" data-animation-delay=\"03\" style=\"margin-right:20px;\"><div class=\"ult-just-icon-wrapper  \"><div class=\"align-icon\" style=\"text-align:center;\">\n<div class=\"aio-icon none \"  style=\"color:#81d742;font-size:20px;display:inline-block;\">\n\t<i class=\"fas fa-check\"><\/i>\n<\/div><\/div><\/div>\n<\/div><span  data-ultimate-target='#list-icon-wrap-1810 .uavc-list-desc'  data-responsive-json-new='{\"font-size\":\"\",\"line-height\":\"\"}'  class=\"uavc-list-desc ult-responsive\" style=\"\"><strong>Sem lixivia\u00e7\u00e3o de produtos qu\u00edmicos<\/strong><\/span><\/div><\/li><li><div class=\"uavc-list-content\" id=\"list-icon-wrap-4963\">\n<div class=\"uavc-list-icon  \" data-animation=\"\" data-animation-delay=\"03\" style=\"margin-right:20px;\"><div class=\"ult-just-icon-wrapper  \"><div class=\"align-icon\" style=\"text-align:center;\">\n<div class=\"aio-icon none \"  style=\"color:#81d742;font-size:20px;display:inline-block;\">\n\t<i class=\"fas fa-check\"><\/i>\n<\/div><\/div><\/div>\n<\/div><span  data-ultimate-target='#list-icon-wrap-4963 .uavc-list-desc'  data-responsive-json-new='{\"font-size\":\"\",\"line-height\":\"\"}'  class=\"uavc-list-desc ult-responsive\" style=\"\"><strong>Economia substancial de custos de vida<\/strong><\/p>\n<p><\/span><\/div><\/li><\/ul><\/div>[vc_column_text]A escava\u00e7\u00e3o abaixo do n\u00edvel de \u00e1guas subterr\u00e2neas existentes tem o potencial de criar sedimenta\u00e7\u00f5es significativas, problemas de amenidade e outros impactos na qualidade da \u00e1gua em ambientes sens\u00edveis de recebimento de estuarinos e de \u00e1gua doce. O problema surge das opera\u00e7\u00f5es <a href=\"https:\/\/en.wikipedia.org\/wiki\/Dewatering\" target=\"_blank\" rel=\"noopener noreferrer\">de desaguamento<\/a> localizadas em \u00e1reas costeiras onde os n\u00edveis naturais de superf\u00edcie est\u00e3o abaixo de 5mAHD. Essas \u00e1reas provavelmente cont\u00eam Solos sulfato de \u00e1cido real ou potencial. O desaguamento necess\u00e1rio para a constru\u00e7\u00e3o desses por\u00f5es, portanto, muitas vezes resulta na extra\u00e7\u00e3o (atrav\u00e9s do uso de lan\u00e7as de \u00e1guas subterr\u00e2neas) de \u00e1gua subterr\u00e2nea de pH baixo (\u00e1cido).<\/p>\n<p>A solubilidade de muitos metais \u00e9 sens\u00edvel ao pH e, em particular, a solubilidade do ferro e mangan\u00eas aumenta significativamente no pH mais baixo. Por causa desta propriedade, as \u00e1guas subterr\u00e2neas \u00e1cidas geralmente cont\u00eam altas concentra\u00e7\u00f5es de metais sol\u00faveis, que s\u00e3o virtualmente incolores enquanto em um estado dissolvido (sol\u00favel). Embora presentes em uma forma sol\u00favel em pH baixo, esses metais tamb\u00e9m s\u00e3o extremamente t\u00f3xicos para muitas formas de vida aqu\u00e1tica.<\/p>\n<p>Se a \u00e1gua subterr\u00e2nea \u00e1cida extra\u00edda for descarregada sem tratamento para \u00e1guas estuarinas ou marinhas, \u00e9 prov\u00e1vel que ocorra uma s\u00e9rie de poss\u00edveis impactos, incluindo mortalidade direta ou les\u00e3o \u00e0 vida aqu\u00e1tica, redu\u00e7\u00e3o da capacidade de tamp\u00e3o de pH de estu\u00e1rios, danos \u00e0 infraestrutura e perda de amenidade visual de plumas visuais e colora\u00e7\u00e3o.<\/p>\n<p>Uma avalia\u00e7\u00e3o do impacto na vegeta\u00e7\u00e3o local, nascentes, \u00e1reas \u00famidas e furos de \u00e1gua subterr\u00e2nea usados por outros nas proximidades de um projeto de desaguamento deve ser feita antes da desaguamento. Quando a avalia\u00e7\u00e3o indicar uma poss\u00edvel redu\u00e7\u00e3o no len\u00e7ol fre\u00e1tico ou na qualidade das \u00e1guas subterr\u00e2neas, o operador deve projetar o sistema de desaguamento para superar essa amea\u00e7a ou fornecer um fornecimento de \u00e1gua alternativo aceit\u00e1vel \u00e0s partes afetadas.<\/p>\n<p>Problemas de odor que emanam das atividades de desaguamento podem impactar negativamente os moradores do entorno do local. Se a \u00e1gua subterr\u00e2nea estiver contaminada, gases como sulfeto de hidrog\u00eanio e hidrocarboneto podem ser liberados durante o processo de desaguamento. Quando liberados, esses gases podem causar odores severos que podem ser ofensivos aos moradores pr\u00f3ximos.<\/p>\n<p>DMI-65 \u00e9 um extremamente poderoso meio de filtragem de \u00e1gua de a\u00e7\u00e3o catal\u00edtica \u00e0 base de areia de s\u00edlica que \u00e9 projetado para a remo\u00e7\u00e3o de ferro e mangan\u00eas sem o uso de permanganato de pot\u00e1ssio atrav\u00e9s de um Processo Avan\u00e7ado de <a href=\"http:\/\/dmi65.com\/pt-br\/tecnico\/advanced-oxidacao-processo-para-filtracao-de-agua\/\">Oxida\u00e7\u00e3o.<\/a><\/p>\n<p>O DMI-65 \u00e9 uma tecnologia infundida e n\u00e3o apenas uma tecnologia de revestimento superficial, ao contr\u00e1rio de outros meios de filtragem de \u00e1gua catal\u00edtica, que remove a chance de qualquer lixivia\u00e7\u00e3o qu\u00edmica no fluxo de \u00e1gua.<\/p>\n<p>A fim de iniciar o processo de oxida\u00e7\u00e3o do ferro (e mangan\u00eas) na solu\u00e7\u00e3o DMI-65 \u00e9 projetado para operar na presen\u00e7a de cloro ou outro oxidante. Nesse processo, o oxidante remove el\u00e9trons e \u00e9 consumido no processo. O operador precisa garantir que haja um res\u00edduo de cloro livre de 0,1 \u2013 0,3 ppm na \u00e1gua do efluente. O cloro, alimentado como hipoclorito de s\u00f3dio ou alvejante (12,5 NaOCl), \u00e9 o oxidante preferido, pois \u00e9 relativamente barato, prontamente dispon\u00edvel em todo o mundo e \u00e9 eficaz. Tamb\u00e9m realiza a grande maioria de qualquer processo de desinfetante.<\/p>\n<h4>Vantagens do uso do DMI-65 em Desaguamento Ambiental<\/h4>\n<p><strong>Conformidade regulat\u00f3ria. <\/strong>O DMI-65 remove eficientemente o ferro dissolvido para os n\u00edveis quase indetect\u00e1veis t\u00e3o baixos quanto 0,001 PPM e mangan\u00eas a 0,001 PPM que permitir\u00e1 a descarga de \u00e1gua no ambiente em praticamente todas as jurisdi\u00e7\u00f5es.<\/p>\n<p><strong>Custos Reduzidos <\/strong>O custo total do sistema de filtragem de \u00e1gua de remo\u00e7\u00e3o de ferro e mangan\u00eas \u00e9 significativamente menor do que as solu\u00e7\u00f5es alternativas, a efic\u00e1cia, mas a relativa simplicidade, dos sistemas baseados em DMI-65 reduz o gasto inicial de capital na complexidade da planta, bem como o gasto operacional cont\u00ednuo em produtos qu\u00edmicos, energia e recupera\u00e7\u00e3o de \u00e1guas residuais.<\/p>\n<p><strong>Altas taxas de fluxo<\/strong>. A tecnologia infundida do <em>DMI-65 promove a maior taxa de oxida\u00e7\u00e3o de qualquer m\u00eddia de filtragem catal\u00edtica.<\/em> Isso permite uma taxa de fluxo de \u00e1gua significativamente maior para alcan\u00e7ar o mesmo n\u00edvel de remo\u00e7\u00e3o de ferro e mangan\u00eas. O DMI-65 pode operar a velocidades de filtragem linear at\u00e9 o dobro da m\u00eddia convencional com uma redu\u00e7\u00e3o correspondente nos custos de equipamentos de capital.<\/p>\n<p><strong>Alta capacidade de carga<\/strong> Devido ao aumento da \u00e1rea de superf\u00edcie devido \u00e0 estrutura microssamuosa do material matricial, o DMI-65 tamb\u00e9m possui maior capacidade de carga de ferro e mangan\u00eas, que pode prolongar a dura\u00e7\u00e3o das corridas de filtros e o tempo entre a lavagem de r\u00e9, reduzindo assim o tempo de inatividade, as despesas operacionais e o desperd\u00edcio.<\/p>\n<p><strong>Regenera\u00e7\u00e3o n\u00e3o<\/strong><strong>necess\u00e1ria. <\/strong>A m\u00eddia opera com uma inje\u00e7\u00e3o cont\u00ednua de hipoclorito de s\u00f3dio em baixos n\u00edveis residuais (0,1 a 0,3 ppm) que elimina a necessidade de Permanganato de Pot\u00e1ssio.<\/p>\n<p><strong>Ambiente operacional amplo<\/strong><strong>. <\/strong>O desempenho est\u00e1vel e satisfat\u00f3rio no pH de 5,8 a 8,6 e a temperatura m\u00e1xima de opera\u00e7\u00e3o de 45\u00b0C reduz a necessidade de investimento para alterar o ambiente operacional.<\/p>\n<p><strong>Vida longa. <\/strong>O DMI-65 n\u00e3o \u00e9 consumido no processo, dando-lhe uma vida operacional esperada de at\u00e9 10 anos, proporcionando vantagens consider\u00e1veis sobre outros processos ou m\u00eddia. A m\u00eddia n\u00e3o exibe uma capacidade decadente para fazer seu trabalho catal\u00edtico. Durante o per\u00edodo de 5 a 10 anos, atrav\u00e9s de muitas opera\u00e7\u00f5es de backwashing do leito para remover s\u00f3lidos retidos, uma perda de atrito da m\u00eddia ocorre pelo contato entre part\u00edculas e abras\u00e3o mec\u00e2nica[\/vc_column_text][\/vc_column][\/vc_row][vc_row][vc_column]<div class=\"dt-fancy-separator title-left\" style=\"width: 100%;\"><div class=\"dt-fancy-title\"><span class=\"separator-holder separator-left\"><\/span>Estudo de Caso: Desaguamento Ambiental<span class=\"separator-holder separator-right\"><\/span><\/div><\/div>[\/vc_column][\/vc_row][vc_row][vc_column][vc_masonry_grid post_type=&#8221;post&#8221; max_items=&#8221;4&#8243; element_width=&#8221;6&#8243; grid_id=&#8221;vc_gid:1592797707753-1da1fd6c-51c1-4&#8243; taxonomies=&#8221;1061&#8243; css=&#8221;.vc_custom_1592706876269{margin-top: 15px !important;}&#8221;][\/vc_column][\/vc_row][vc_row content_placement=&#8221;middle&#8221; css=&#8221;.vc_custom_1592794121420{padding-top: 20px !important;padding-right: 20px !important;padding-bottom: 5px !important;padding-left: 20px !important;}&#8221; el_class=&#8221;cta&#8221;][vc_column]<div class=\"dt-fancy-separator\" style=\"width: 100%;\"><div class=\"dt-fancy-title\"><span class=\"separator-holder separator-left\"><\/span>Consulte para saber como o DMI-65\u00ae m\u00eddia de filtragem pode ajudar com suas necessidades de desaguamento ambiental.<span class=\"separator-holder separator-right\"><\/span><\/div><\/div>[vc_btn title=&#8221;Perguntar&#8221; style=&#8221;custom&#8221; custom_background=&#8221;#162441&#8243; custom_text=&#8221;#ffffff&#8221; shape=&#8221;square&#8221; size=&#8221;lg&#8221; align=&#8221;center&#8221; i_align=&#8221;right&#8221; i_icon_fontawesome=&#8221;fas fa-chevron-right&#8221; add_icon=&#8221;true&#8221; css=&#8221;.vc_custom_1592793128520{margin-top: 20px !important;}&#8221; el_class=&#8221;ctaButton sg-popup-id-8233&#8243;][\/vc_column][\/vc_row]<\/p>\n<\/div>","protected":false},"excerpt":{"rendered":"<p>[vc_row][vc_column][vc_column_text css=&#8221;.vc_custom_1592380872429{margin-top: 15px !important;margin-bottom: 15px !important;}&#8221;]Sistemas de desaguamento environmetal: A desaguamento \u00e9 definida pelo processo de remo\u00e7\u00e3o da \u00e1gua de um local que se acumula em escava\u00e7\u00f5es de terraplenagem ou embaixo de estruturas dentro ou abaixo do cano de \u00e1gua existente. As atividades de desaguamento s\u00e3o permanentes ou tempor\u00e1rias. Descargas permanentes ocorrem a partir de&hellip;<\/p>\n","protected":false},"author":1,"featured_media":0,"parent":7144,"menu_order":0,"comment_status":"closed","ping_status":"closed","template":"","meta":{"content-type":"","footnotes":""},"class_list":["post-5892","page","type-page","status-publish","hentry","description-off"],"yoast_head":"<!-- This site is optimized with the Yoast SEO plugin v25.2 - https:\/\/yoast.com\/wordpress\/plugins\/seo\/ -->\n<title>Environmetal Dewatering Systems for Construction - DMI-65\u00ae<\/title>\n<meta name=\"description\" content=\"DMI-65\u00ae pode ser usado para Sistemas de Desaguamento Environmetal: que \u00e9 o processo de remo\u00e7\u00e3o de \u00e1gua de um local que se acumula em escava\u00e7\u00f5es de terraplenagem\" \/>\n<meta name=\"robots\" content=\"index, follow, max-snippet:-1, max-image-preview:large, max-video-preview:-1\" \/>\n<link rel=\"canonical\" href=\"https:\/\/dmi65.com\/pt-br\/solucoes\/desaguamento-ambiental\/\" \/>\n<meta property=\"og:locale\" content=\"pt_BR\" \/>\n<meta property=\"og:type\" content=\"article\" \/>\n<meta property=\"og:title\" content=\"Environmetal Dewatering Systems for Construction - DMI-65\u00ae\" \/>\n<meta property=\"og:description\" content=\"DMI-65\u00ae pode ser usado para Sistemas de Desaguamento Environmetal: que \u00e9 o processo de remo\u00e7\u00e3o de \u00e1gua de um local que se acumula em escava\u00e7\u00f5es de terraplenagem\" \/>\n<meta property=\"og:url\" content=\"https:\/\/dmi65.com\/pt-br\/solucoes\/desaguamento-ambiental\/\" \/>\n<meta property=\"og:site_name\" content=\"DMI-65\u00ae\" \/>\n<meta property=\"article:modified_time\" content=\"2020-06-26T03:15:15+00:00\" \/>\n<meta property=\"og:image\" content=\"https:\/\/dmi65.com\/wp-content\/uploads\/2020\/06\/dmi65_Logo_Blk.png\" \/>\n\t<meta property=\"og:image:width\" content=\"466\" \/>\n\t<meta property=\"og:image:height\" content=\"200\" \/>\n\t<meta property=\"og:image:type\" content=\"image\/png\" \/>\n<meta name=\"twitter:card\" content=\"summary_large_image\" \/>\n<meta name=\"twitter:label1\" content=\"Est. tempo de leitura\" \/>\n\t<meta name=\"twitter:data1\" content=\"7 minutos\" \/>\n<script type=\"application\/ld+json\" class=\"yoast-schema-graph\">{\"@context\":\"https:\/\/schema.org\",\"@graph\":[{\"@type\":\"WebPage\",\"@id\":\"https:\/\/dmi65.com\/pt-br\/solucoes\/desaguamento-ambiental\/\",\"url\":\"https:\/\/dmi65.com\/pt-br\/solucoes\/desaguamento-ambiental\/\",\"name\":\"Environmetal Dewatering Systems for Construction - DMI-65\u00ae\",\"isPartOf\":{\"@id\":\"https:\/\/dmi65.com\/pt-br\/#website\"},\"datePublished\":\"2020-06-09T03:30:37+00:00\",\"dateModified\":\"2020-06-26T03:15:15+00:00\",\"description\":\"DMI-65\u00ae pode ser usado para Sistemas de Desaguamento Environmetal: que \u00e9 o processo de remo\u00e7\u00e3o de \u00e1gua de um local que se acumula em escava\u00e7\u00f5es de terraplenagem\",\"breadcrumb\":{\"@id\":\"https:\/\/dmi65.com\/pt-br\/solucoes\/desaguamento-ambiental\/#breadcrumb\"},\"inLanguage\":\"pt-BR\",\"potentialAction\":[{\"@type\":\"ReadAction\",\"target\":[\"https:\/\/dmi65.com\/pt-br\/solucoes\/desaguamento-ambiental\/\"]}]},{\"@type\":\"BreadcrumbList\",\"@id\":\"https:\/\/dmi65.com\/pt-br\/solucoes\/desaguamento-ambiental\/#breadcrumb\",\"itemListElement\":[{\"@type\":\"ListItem\",\"position\":1,\"name\":\"Home\",\"item\":\"https:\/\/dmi65.com\/pt-br\/\"},{\"@type\":\"ListItem\",\"position\":2,\"name\":\"Solu\u00e7\u00f5es\",\"item\":\"https:\/\/dmi65.com\/pt-br\/solucoes\/\"},{\"@type\":\"ListItem\",\"position\":3,\"name\":\"Sistemas de desaguamento\"}]},{\"@type\":\"WebSite\",\"@id\":\"https:\/\/dmi65.com\/pt-br\/#website\",\"url\":\"https:\/\/dmi65.com\/pt-br\/\",\"name\":\"DMI-65\u00ae\",\"description\":\"Water Filtration &amp; Reverse Osmosis Treatment, Catalytic Media\",\"publisher\":{\"@id\":\"https:\/\/dmi65.com\/pt-br\/#organization\"},\"potentialAction\":[{\"@type\":\"SearchAction\",\"target\":{\"@type\":\"EntryPoint\",\"urlTemplate\":\"https:\/\/dmi65.com\/pt-br\/?s={search_term_string}\"},\"query-input\":{\"@type\":\"PropertyValueSpecification\",\"valueRequired\":true,\"valueName\":\"search_term_string\"}}],\"inLanguage\":\"pt-BR\"},{\"@type\":\"Organization\",\"@id\":\"https:\/\/dmi65.com\/pt-br\/#organization\",\"name\":\"DMI-65 & Quantum Filtration Pty Ltd\",\"url\":\"https:\/\/dmi65.com\/pt-br\/\",\"logo\":{\"@type\":\"ImageObject\",\"inLanguage\":\"pt-BR\",\"@id\":\"https:\/\/dmi65.com\/pt-br\/#\/schema\/logo\/image\/\",\"url\":\"https:\/\/dmi65.com\/wp-content\/uploads\/2020\/04\/dmi65.png\",\"contentUrl\":\"https:\/\/dmi65.com\/wp-content\/uploads\/2020\/04\/dmi65.png\",\"width\":440,\"height\":205,\"caption\":\"DMI-65 & Quantum Filtration Pty Ltd\"},\"image\":{\"@id\":\"https:\/\/dmi65.com\/pt-br\/#\/schema\/logo\/image\/\"},\"sameAs\":[\"https:\/\/www.linkedin.com\/company\/dmi-65\",\"https:\/\/www.youtube.com\/channel\/UCbXoMn5KBp2jrnx4KR_Qg4A\"]}]}<\/script>\n<!-- \/ Yoast SEO plugin. -->","yoast_head_json":{"title":"Environmetal Dewatering Systems for Construction - DMI-65\u00ae","description":"DMI-65\u00ae pode ser usado para Sistemas de Desaguamento Environmetal: que \u00e9 o processo de remo\u00e7\u00e3o de \u00e1gua de um local que se acumula em escava\u00e7\u00f5es de terraplenagem","robots":{"index":"index","follow":"follow","max-snippet":"max-snippet:-1","max-image-preview":"max-image-preview:large","max-video-preview":"max-video-preview:-1"},"canonical":"https:\/\/dmi65.com\/pt-br\/solucoes\/desaguamento-ambiental\/","og_locale":"pt_BR","og_type":"article","og_title":"Environmetal Dewatering Systems for Construction - DMI-65\u00ae","og_description":"DMI-65\u00ae pode ser usado para Sistemas de Desaguamento Environmetal: que \u00e9 o processo de remo\u00e7\u00e3o de \u00e1gua de um local que se acumula em escava\u00e7\u00f5es de terraplenagem","og_url":"https:\/\/dmi65.com\/pt-br\/solucoes\/desaguamento-ambiental\/","og_site_name":"DMI-65\u00ae","article_modified_time":"2020-06-26T03:15:15+00:00","og_image":[{"width":466,"height":200,"url":"https:\/\/dmi65.com\/wp-content\/uploads\/2020\/06\/dmi65_Logo_Blk.png","type":"image\/png"}],"twitter_card":"summary_large_image","twitter_misc":{"Est. tempo de leitura":"7 minutos"},"schema":{"@context":"https:\/\/schema.org","@graph":[{"@type":"WebPage","@id":"https:\/\/dmi65.com\/pt-br\/solucoes\/desaguamento-ambiental\/","url":"https:\/\/dmi65.com\/pt-br\/solucoes\/desaguamento-ambiental\/","name":"Environmetal Dewatering Systems for Construction - DMI-65\u00ae","isPartOf":{"@id":"https:\/\/dmi65.com\/pt-br\/#website"},"datePublished":"2020-06-09T03:30:37+00:00","dateModified":"2020-06-26T03:15:15+00:00","description":"DMI-65\u00ae pode ser usado para Sistemas de Desaguamento Environmetal: que \u00e9 o processo de remo\u00e7\u00e3o de \u00e1gua de um local que se acumula em escava\u00e7\u00f5es de terraplenagem","breadcrumb":{"@id":"https:\/\/dmi65.com\/pt-br\/solucoes\/desaguamento-ambiental\/#breadcrumb"},"inLanguage":"pt-BR","potentialAction":[{"@type":"ReadAction","target":["https:\/\/dmi65.com\/pt-br\/solucoes\/desaguamento-ambiental\/"]}]},{"@type":"BreadcrumbList","@id":"https:\/\/dmi65.com\/pt-br\/solucoes\/desaguamento-ambiental\/#breadcrumb","itemListElement":[{"@type":"ListItem","position":1,"name":"Home","item":"https:\/\/dmi65.com\/pt-br\/"},{"@type":"ListItem","position":2,"name":"Solu\u00e7\u00f5es","item":"https:\/\/dmi65.com\/pt-br\/solucoes\/"},{"@type":"ListItem","position":3,"name":"Sistemas de desaguamento"}]},{"@type":"WebSite","@id":"https:\/\/dmi65.com\/pt-br\/#website","url":"https:\/\/dmi65.com\/pt-br\/","name":"DMI-65\u00ae","description":"Water Filtration &amp; Reverse Osmosis Treatment, Catalytic Media","publisher":{"@id":"https:\/\/dmi65.com\/pt-br\/#organization"},"potentialAction":[{"@type":"SearchAction","target":{"@type":"EntryPoint","urlTemplate":"https:\/\/dmi65.com\/pt-br\/?s={search_term_string}"},"query-input":{"@type":"PropertyValueSpecification","valueRequired":true,"valueName":"search_term_string"}}],"inLanguage":"pt-BR"},{"@type":"Organization","@id":"https:\/\/dmi65.com\/pt-br\/#organization","name":"DMI-65 & Quantum Filtration Pty Ltd","url":"https:\/\/dmi65.com\/pt-br\/","logo":{"@type":"ImageObject","inLanguage":"pt-BR","@id":"https:\/\/dmi65.com\/pt-br\/#\/schema\/logo\/image\/","url":"https:\/\/dmi65.com\/wp-content\/uploads\/2020\/04\/dmi65.png","contentUrl":"https:\/\/dmi65.com\/wp-content\/uploads\/2020\/04\/dmi65.png","width":440,"height":205,"caption":"DMI-65 & Quantum Filtration Pty Ltd"},"image":{"@id":"https:\/\/dmi65.com\/pt-br\/#\/schema\/logo\/image\/"},"sameAs":["https:\/\/www.linkedin.com\/company\/dmi-65","https:\/\/www.youtube.com\/channel\/UCbXoMn5KBp2jrnx4KR_Qg4A"]}]}},"_links":{"self":[{"href":"https:\/\/dmi65.com\/pt-br\/wp-json\/wp\/v2\/pages\/5892","targetHints":{"allow":["GET"]}}],"collection":[{"href":"https:\/\/dmi65.com\/pt-br\/wp-json\/wp\/v2\/pages"}],"about":[{"href":"https:\/\/dmi65.com\/pt-br\/wp-json\/wp\/v2\/types\/page"}],"author":[{"embeddable":true,"href":"https:\/\/dmi65.com\/pt-br\/wp-json\/wp\/v2\/users\/1"}],"replies":[{"embeddable":true,"href":"https:\/\/dmi65.com\/pt-br\/wp-json\/wp\/v2\/comments?post=5892"}],"version-history":[{"count":0,"href":"https:\/\/dmi65.com\/pt-br\/wp-json\/wp\/v2\/pages\/5892\/revisions"}],"up":[{"embeddable":true,"href":"https:\/\/dmi65.com\/pt-br\/wp-json\/wp\/v2\/pages\/7144"}],"wp:attachment":[{"href":"https:\/\/dmi65.com\/pt-br\/wp-json\/wp\/v2\/media?parent=5892"}],"curies":[{"name":"wp","href":"https:\/\/api.w.org\/{rel}","templated":true}]}}