{"id":5820,"date":"2020-06-09T11:24:56","date_gmt":"2020-06-09T03:24:56","guid":{"rendered":"http:\/\/dmi65.com\/resfriamento-torres-caldeiras\/"},"modified":"2020-06-26T11:23:24","modified_gmt":"2020-06-26T03:23:24","slug":"resfriamento-torres-caldeiras","status":"publish","type":"page","link":"https:\/\/dmi65.com\/pt-br\/solucoes\/resfriamento-torres-caldeiras\/","title":{"rendered":"Tratamento de \u00e1gua para torres de resfriamento e caldeiras"},"content":{"rendered":"<div class=\"wpb-content-wrapper\"><p>[vc_row][vc_column][vc_column_text css=&#8221;.vc_custom_1592450472298{margin-top: 15px !important;margin-bottom: 15px !important;}&#8221;]<strong>Torres de resfriamento de tratamento de \u00e1gua e caldeiras:<\/strong> Todas as \u00e1guas naturais cont\u00eam quantidades variadas de mat\u00e9ria suspensa e dissolvida, bem como gases dissolvidos. O tipo e a quantidade de impurezas em \u00e1gua doce variam de acordo com a fonte (lago, rio e po\u00e7o) e com a \u00e1rea de localiza\u00e7\u00e3o. As impurezas na \u00e1gua tornam-se uma considera\u00e7\u00e3o importante quando a \u00e1gua deve ser usada para a gera\u00e7\u00e3o de vapor. Com a tend\u00eancia de caldeiras de maior press\u00e3o, o pr\u00e9-tratamento tornou-se a chave para o sucesso da opera\u00e7\u00e3o das usinas industriais. A \u00e1gua de alimenta\u00e7\u00e3o deve ser pr\u00e9-tratada para remover impurezas para controlar a deposi\u00e7\u00e3o, a transfer\u00eancia e a corros\u00e3o no sistema da caldeira. \u00c1gua de m\u00e1 qualidade d\u00e1 vapor de m\u00e1 qualidade.[\/vc_column_text][\/vc_column][\/vc_row][vc_row][vc_column]<div class=\"uavc-list-icon uavc-list-icon-wrapper ult-adjust-bottom-margin   vc_custom_1590987405882  vc_custom_1590987405882\"><ul class=\"uavc-list\"><li><div class=\"uavc-list-content\" id=\"list-icon-wrap-9938\">\n<div class=\"uavc-list-icon  \" data-animation=\"\" data-animation-delay=\"03\" style=\"margin-right:20px;\"><div class=\"ult-just-icon-wrapper  \"><div class=\"align-icon\" style=\"text-align:center;\">\n<div class=\"aio-icon none \"  style=\"color:#81d742;font-size:20px;display:inline-block;\">\n\t<i class=\"fas fa-check\"><\/i>\n<\/div><\/div><\/div>\n<\/div><span  data-ultimate-target='#list-icon-wrap-9938 .uavc-list-desc'  data-responsive-json-new='{\"font-size\":\"\",\"line-height\":\"\"}'  class=\"uavc-list-desc ult-responsive\" style=\"\"><strong>Reduzir o tempo de inatividade<\/strong><\/p>\n<p><\/span><\/div><\/li><li><div class=\"uavc-list-content\" id=\"list-icon-wrap-5427\">\n<div class=\"uavc-list-icon  \" data-animation=\"\" data-animation-delay=\"03\" style=\"margin-right:20px;\"><div class=\"ult-just-icon-wrapper  \"><div class=\"align-icon\" style=\"text-align:center;\">\n<div class=\"aio-icon none \"  style=\"color:#81d742;font-size:20px;display:inline-block;\">\n\t<i class=\"fas fa-check\"><\/i>\n<\/div><\/div><\/div>\n<\/div><span  data-ultimate-target='#list-icon-wrap-5427 .uavc-list-desc'  data-responsive-json-new='{\"font-size\":\"\",\"line-height\":\"\"}'  class=\"uavc-list-desc ult-responsive\" style=\"\"><strong>Economize na limpeza e substitui\u00e7\u00e3o de membranas caras<\/strong><\/p>\n<p><\/span><\/div><\/li><li><div class=\"uavc-list-content\" id=\"list-icon-wrap-8021\">\n<div class=\"uavc-list-icon  \" data-animation=\"\" data-animation-delay=\"03\" style=\"margin-right:20px;\"><div class=\"ult-just-icon-wrapper  \"><div class=\"align-icon\" style=\"text-align:center;\">\n<div class=\"aio-icon none \"  style=\"color:#81d742;font-size:20px;display:inline-block;\">\n\t<i class=\"fas fa-check\"><\/i>\n<\/div><\/div><\/div>\n<\/div><span  data-ultimate-target='#list-icon-wrap-8021 .uavc-list-desc'  data-responsive-json-new='{\"font-size\":\"\",\"line-height\":\"\"}'  class=\"uavc-list-desc ult-responsive\" style=\"\"><strong>Melhore significativamente o desempenho do sistema reduzindo o investimento inicial de capital do sistema<\/strong><\/p>\n<p><\/span><\/div><\/li><li><div class=\"uavc-list-content\" id=\"list-icon-wrap-5112\">\n<div class=\"uavc-list-icon  \" data-animation=\"\" data-animation-delay=\"03\" style=\"margin-right:20px;\"><div class=\"ult-just-icon-wrapper  \"><div class=\"align-icon\" style=\"text-align:center;\">\n<div class=\"aio-icon none \"  style=\"color:#81d742;font-size:20px;display:inline-block;\">\n\t<i class=\"fas fa-check\"><\/i>\n<\/div><\/div><\/div>\n<\/div><span  data-ultimate-target='#list-icon-wrap-5112 .uavc-list-desc'  data-responsive-json-new='{\"font-size\":\"\",\"line-height\":\"\"}'  class=\"uavc-list-desc ult-responsive\" style=\"\"><strong>Alta taxa de desinfec\u00e7\u00e3o alcan\u00e7ada<\/strong><\/p>\n<p><\/span><\/div><\/li><li><div class=\"uavc-list-content\" id=\"list-icon-wrap-7663\">\n<div class=\"uavc-list-icon  \" data-animation=\"\" data-animation-delay=\"03\" style=\"margin-right:20px;\"><div class=\"ult-just-icon-wrapper  \"><div class=\"align-icon\" style=\"text-align:center;\">\n<div class=\"aio-icon none \"  style=\"color:#81d742;font-size:20px;display:inline-block;\">\n\t<i class=\"fas fa-check\"><\/i>\n<\/div><\/div><\/div>\n<\/div><span  data-ultimate-target='#list-icon-wrap-7663 .uavc-list-desc'  data-responsive-json-new='{\"font-size\":\"\",\"line-height\":\"\"}'  class=\"uavc-list-desc ult-responsive\" style=\"\"><strong>Sem lixivia\u00e7\u00e3o de produtos qu\u00edmicos<\/strong><\/p>\n<p><\/span><\/div><\/li><li><div class=\"uavc-list-content\" id=\"list-icon-wrap-4697\">\n<div class=\"uavc-list-icon  \" data-animation=\"\" data-animation-delay=\"03\" style=\"margin-right:20px;\"><div class=\"ult-just-icon-wrapper  \"><div class=\"align-icon\" style=\"text-align:center;\">\n<div class=\"aio-icon none \"  style=\"color:#81d742;font-size:20px;display:inline-block;\">\n\t<i class=\"fas fa-check\"><\/i>\n<\/div><\/div><\/div>\n<\/div><span  data-ultimate-target='#list-icon-wrap-4697 .uavc-list-desc'  data-responsive-json-new='{\"font-size\":\"\",\"line-height\":\"\"}'  class=\"uavc-list-desc ult-responsive\" style=\"\"><strong>Economia substancial de custos de vida <\/strong><\/p>\n<p><\/span><\/div><\/li><\/ul><\/div><q class=\"text-big shortcode-pullquote wf-cell align-left wf-1\"><p>Sistemas de filtragem de \u00e1gua em torres de resfriamento aumentam a efic\u00e1cia do tratamento qu\u00edmico, o que reduz o uso qu\u00edmico. A filtragem tamb\u00e9m reduz a necessidade de limpeza e desferimento frequentes da torre, e aumenta a efici\u00eancia da transfer\u00eancia de calor. O ac\u00famulo de ferro e mangan\u00eas nesses sistemas afeta significativamente seu desempenho.<\/p>\n<\/q>[vc_column_text css=&#8221;.vc_custom_1590997806052{margin-bottom: 0px !important;}&#8221;]A evapora\u00e7\u00e3o da \u00e1gua na caldeira faz com que as impurezas se concentrem. A escala da caldeira resulta de mat\u00e9ria suspensa que se instala no metal ou impurezas dissolvidas precipitando-se em superf\u00edcies de transfer\u00eancia de calor e tornando-se dura e aderente. Os dep\u00f3sitos de ferro s\u00e3o muito escuros e s\u00e3o devido a produtos de corros\u00e3o ou contamina\u00e7\u00e3o de ferro na \u00e1gua de alimenta\u00e7\u00e3o. Dep\u00f3sitos de ferro s\u00e3o geralmente de natureza magn\u00e9tica. Eles s\u00e3o sol\u00faveis em \u00e1cido quente, dando uma solu\u00e7\u00e3o marrom-escura.<\/p>\n<p>O maior problema que os dep\u00f3sitos causam \u00e9 a falha do tubo por superaquecimento. Isso se deve ao fato de que os dep\u00f3sitos atuam como um isolador e dep\u00f3sitos excessivos impedem a transfer\u00eancia eficiente de calor atrav\u00e9s dos tubos para a \u00e1gua. Isso faz com que o metal fique superaquecido e com o tempo o metal falha. Esses dep\u00f3sitos tamb\u00e9m podem causar a conex\u00e3o ou obstru\u00e7\u00e3o parcial dos tubos de caldeira, levando \u00e0 fome e ao superaquecimento subsequente dos tubos. Por baixo da camada de dep\u00f3sito, a corros\u00e3o tamb\u00e9m pode ocorrer. Dep\u00f3sitos causam paralisa\u00e7\u00f5es n\u00e3o programadas, aumento do tempo de limpeza e despesas. Os dep\u00f3sitos de caldeiras reduzem a efici\u00eancia operacional global, resultando em maior consumo de combust\u00edvel.<\/p>\n<p>[\/vc_column_text]<q class=\"text-big shortcode-pullquote wf-cell align-left wf-1\"><p>DMI-65 \u00e9 um extremamente poderoso m\u00eddia de filtragem de \u00e1gua de a\u00e7\u00e3o catal\u00edtica baseada em areia s\u00edlica que \u00e9 projetada para a remo\u00e7\u00e3o de ferro e mangan\u00eas sem o uso de permanganato de pot\u00e1ssio atrav\u00e9s de um Processo Avan\u00e7ado de Oxida\u00e7\u00e3o. A incorpora\u00e7\u00e3o de uma filtragem DMI-65 reduzir\u00e1 materialmente os sintomas, bem como beneficiar\u00e1 o sistema total, realizando desinfec\u00e7\u00e3o e filtragem mec\u00e2nica de s\u00f3lidos n\u00e3o resolvidos. O DMI-65 \u00e9 uma tecnologia infundida e n\u00e3o apenas uma tecnologia de revestimento superficial, ao contr\u00e1rio de outros meios de filtragem de \u00e1gua catal\u00edtica, que remove a chance de qualquer lixivia\u00e7\u00e3o qu\u00edmica no fluxo de \u00e1gua.<\/p>\n<\/q>[vc_column_text]A fim de iniciar o processo de oxida\u00e7\u00e3o do ferro (e mangan\u00eas) na solu\u00e7\u00e3o DMI-65 \u00e9 projetado para operar na presen\u00e7a de cloro ou outro oxidante. Nesse processo, o oxidante remove el\u00e9trons e \u00e9 consumido no processo. O operador precisa garantir que haja um res\u00edduo de cloro livre de 0,1 \u2013 0,3 ppm na \u00e1gua do efluente. O cloro, alimentado como hipoclorito de s\u00f3dio ou alvejante (12,5 NaOCl), \u00e9 o oxidante preferido, pois \u00e9 relativamente barato, prontamente dispon\u00edvel em todo o mundo e \u00e9 eficaz. Tamb\u00e9m realiza a grande maioria de qualquer processo de desinfetante.<\/p>\n<p>Ao contr\u00e1rio das resinas de troca de \u00edons, onde doses regenerantes mais altas aumentar\u00e3o a capacidade de troca de \u00edons, os res\u00edduos de NaOCl ou concentra\u00e7\u00f5es superiores ao necess\u00e1rio para oxidar o Fe e o Mn n\u00e3o aumentam as propriedades oxidativas da m\u00eddia. Al\u00e9m disso, uma vez que a m\u00eddia \u00e9 frequentemente usada para pr\u00e9-tratar \u00e1guas antes de um sistema de RO um residual de cloro livre mais alto exigiria um tratamento p\u00f3s-tratamento mais extenso para reduzir o residual e proteger as membranas do ataque de cloro.<\/p>\n<p>O DMI-65 foi certificado para o Padr\u00e3o dos EUA do NSF\/ANSI 61 para Componentes do Sistema de \u00c1gua Pot\u00e1vel e foi testado por muitos outros laborat\u00f3rios de tratamento de \u00e1gua<\/p>\n<p>O DMI-65 \u00e9 fabricado na Austr\u00e1lia.<\/p>\n<p><strong>Hist\u00f3rico do caso: Tratamento de \u00e1gua para torres de resfriamento e caldeiras:<br \/>\n<\/strong><\/p>\n<p>Uma f\u00e1brica de alimentos em Memphis, TN, perfurou um po\u00e7o para fornecer 1000 gpm de torre de resfriamento e \u00e1gua de maquiagem de caldeira. No entanto, os n\u00edveis de ferro de 1,0 ppm restringiram o uso da \u00e1gua para esses servi\u00e7os que exigem que a usina compre \u00e1gua da cidade a um custo de US $ 10.000 por m\u00eas. Em 2009, eles instalaram um novo sistema de filtro utilizando 576 p\u00e9s<sup>3<\/sup> de DMI-65. O sistema consiste em doze (12) 54&#8243; x 60&#8243; navios de filtro operando a 5 gpm\/ft<sup>2<\/sup>. Uma vez colocado em servi\u00e7o o sistema de <a href=\"https:\/\/en.wikipedia.org\/wiki\/Iron\" target=\"_blank\" rel=\"noopener noreferrer\">fe<\/a> foi controlado a 0,01 ppm e a usina foi capaz de interromper o uso da \u00e1gua da cidade.<\/p>\n<h5><a href=\"http:\/\/dmi65.com\/pt-br\/tecnico\/agua-filtracao-vantagens\/\">Vantagens<\/a> do uso do tratamento de \u00e1gua DMI-65 para torres de resfriamento e caldeiras:<\/h5>\n<p><strong>Ac\u00famulo de ferro e mangan\u00eas. <\/strong> O ac\u00famulo de ferro e mangan\u00eas em caldeiras e torres de resfriamento resulta em sobrecargas de manuten\u00e7\u00e3o muito altas, perda de produ\u00e7\u00e3o e potencialmente falha do sistema. O DMI-65 remove eficientemente o ferro dissolvido para os n\u00edveis quase indetect\u00e1veis t\u00e3o baixos quanto 0,005 PPM e mangan\u00eas para 0,001 PPM, bem como part\u00edculas, removendo efetivamente esse risco.<\/p>\n<p><strong>Custos Reduzidos <\/strong>O custo total do sistema de filtragem de \u00e1gua de remo\u00e7\u00e3o de ferro e mangan\u00eas \u00e9 significativamente menor do que as solu\u00e7\u00f5es alternativas, a efic\u00e1cia, mas a relativa simplicidade, dos sistemas baseados em DMI-65 reduz o gasto inicial de capital na complexidade da planta, bem como o gasto operacional cont\u00ednuo em produtos qu\u00edmicos, energia e recupera\u00e7\u00e3o de \u00e1guas residuais.<\/p>\n<p><strong>Altas taxas de fluxo<\/strong>. A tecnologia infundida do <em>DMI-65 promove a maior taxa de oxida\u00e7\u00e3o de qualquer m\u00eddia de filtragem catal\u00edtica.<\/em> Isso permite uma taxa de fluxo de \u00e1gua significativamente maior para alcan\u00e7ar o mesmo n\u00edvel de remo\u00e7\u00e3o de ferro e mangan\u00eas. O DMI-65 pode operar a velocidades de filtragem linear at\u00e9 o dobro da m\u00eddia convencional com uma redu\u00e7\u00e3o correspondente em equipamentos de capital<\/p>\n<p><strong>Alta capacidade de carga<\/strong> Devido ao aumento da \u00e1rea de superf\u00edcie devido \u00e0 estrutura microssamuosa do material matricial, o DMI-65 tamb\u00e9m possui maior capacidade de carga de ferro e mangan\u00eas, que pode prolongar a dura\u00e7\u00e3o das corridas de filtros e o tempo entre a lavagem de r\u00e9, reduzindo assim o tempo de inatividade, as despesas operacionais e o desperd\u00edcio.<strong><br \/>\n<\/strong><\/p>\n<p><strong>Regenera\u00e7\u00e3o n\u00e3o<\/strong><strong>necess\u00e1ria. <\/strong>A m\u00eddia opera com uma inje\u00e7\u00e3o cont\u00ednua de hipoclorito de s\u00f3dio em baixos n\u00edveis residuais (0,1 a 0,3 ppm) que elimina a necessidade de Permanganato de Pot\u00e1ssio.<\/p>\n<p><strong>Ambiente operacional amplo<\/strong><strong>. <\/strong>O desempenho est\u00e1vel e satisfat\u00f3rio no pH de 5,8 a 8,6 e a temperatura m\u00e1xima de opera\u00e7\u00e3o de 45\u00b0C reduz a necessidade de investimento para alterar o ambiente operacional.<\/p>\n<p><strong>Vida longa. <\/strong>O DMI-65 n\u00e3o \u00e9 consumido no processo, dando-lhe uma vida operacional esperada de at\u00e9 10 anos, proporcionando vantagens consider\u00e1veis sobre outros processos ou m\u00eddia. A m\u00eddia n\u00e3o exibe uma capacidade decadente para fazer seu trabalho catal\u00edtico. Durante o per\u00edodo de 5 a 10 anos, atrav\u00e9s de muitas opera\u00e7\u00f5es de backwashing do leito para remover s\u00f3lidos retidos, uma perda de atrito da m\u00eddia ocorre pelo contato entre part\u00edculas e abras\u00e3o mec\u00e2nica[\/vc_column_text][\/vc_column][\/vc_row][vc_row][vc_column]<div class=\"dt-fancy-separator title-left\" style=\"width: 100%;\"><div class=\"dt-fancy-title\"><span class=\"separator-holder separator-left\"><\/span>Estudo de caso para torres de resfriamento e caldeiras<span class=\"separator-holder separator-right\"><\/span><\/div><\/div>[vc_empty_space height=&#8221;20px&#8221;][vc_basic_grid post_type=&#8221;post&#8221; max_items=&#8221;2&#8243; element_width=&#8221;6&#8243; grid_id=&#8221;vc_gid:1592798356893-42002dbc-97ba-1&#8243; taxonomies=&#8221;1128&#8243;][\/vc_column][\/vc_row][vc_row content_placement=&#8221;middle&#8221; css=&#8221;.vc_custom_1592798366666{padding-top: 20px !important;padding-right: 20px !important;padding-bottom: 5px !important;padding-left: 20px !important;}&#8221; el_class=&#8221;cta&#8221;][vc_column]<div class=\"dt-fancy-separator\" style=\"width: 100%;\"><div class=\"dt-fancy-title\"><span class=\"separator-holder separator-left\"><\/span>Consulte para saber como o DMI-65\u00ae m\u00eddia de filtragem pode ser usado como tratamento de \u00e1gua para torres de resfriamento e caldeiras<span class=\"separator-holder separator-right\"><\/span><\/div><\/div>[vc_btn title=&#8221;Perguntar&#8221; style=&#8221;custom&#8221; custom_background=&#8221;#162441&#8243; custom_text=&#8221;#ffffff&#8221; shape=&#8221;square&#8221; size=&#8221;lg&#8221; align=&#8221;center&#8221; i_align=&#8221;right&#8221; i_icon_fontawesome=&#8221;fas fa-chevron-right&#8221; add_icon=&#8221;true&#8221; css=&#8221;.vc_custom_1592793128520{margin-top: 20px !important;}&#8221; el_class=&#8221;ctaButton sg-popup-id-8233&#8243;][\/vc_column][\/vc_row]<\/p>\n<\/div>","protected":false},"excerpt":{"rendered":"<p>[vc_row][vc_column][vc_column_text css=&#8221;.vc_custom_1592450472298{margin-top: 15px !important;margin-bottom: 15px !important;}&#8221;]Torres de resfriamento de tratamento de \u00e1gua e caldeiras: Todas as \u00e1guas naturais cont\u00eam quantidades variadas de mat\u00e9ria suspensa e dissolvida, bem como gases dissolvidos. O tipo e a quantidade de impurezas em \u00e1gua doce variam de acordo com a fonte (lago, rio e po\u00e7o) e com a \u00e1rea de&hellip;<\/p>\n","protected":false},"author":1,"featured_media":0,"parent":7144,"menu_order":0,"comment_status":"closed","ping_status":"closed","template":"","meta":{"content-type":"","footnotes":""},"class_list":["post-5820","page","type-page","status-publish","hentry","description-off"],"yoast_head":"<!-- This site is optimized with the Yoast SEO plugin v25.2 - https:\/\/yoast.com\/wordpress\/plugins\/seo\/ -->\n<title>Tratamento de \u00e1gua para torres de resfriamento e caldeiras - DMI-65\u00ae<\/title>\n<meta name=\"description\" content=\"A m\u00eddia DMI-65 \u00e9 o tratamento de \u00e1gua ideal para torres de resfriamento e caldeiras, aumentando a efic\u00e1cia do tratamento qu\u00edmico, reduzindo o uso qu\u00edmico.\" \/>\n<meta name=\"robots\" content=\"index, follow, max-snippet:-1, max-image-preview:large, max-video-preview:-1\" \/>\n<link rel=\"canonical\" href=\"https:\/\/dmi65.com\/pt-br\/solucoes\/resfriamento-torres-caldeiras\/\" \/>\n<meta property=\"og:locale\" content=\"pt_BR\" \/>\n<meta property=\"og:type\" content=\"article\" \/>\n<meta property=\"og:title\" content=\"Tratamento de \u00e1gua para torres de resfriamento e caldeiras - DMI-65\u00ae\" \/>\n<meta property=\"og:description\" content=\"A m\u00eddia DMI-65 \u00e9 o tratamento de \u00e1gua ideal para torres de resfriamento e caldeiras, aumentando a efic\u00e1cia do tratamento qu\u00edmico, reduzindo o uso qu\u00edmico.\" \/>\n<meta property=\"og:url\" content=\"https:\/\/dmi65.com\/pt-br\/solucoes\/resfriamento-torres-caldeiras\/\" \/>\n<meta property=\"og:site_name\" content=\"DMI-65\u00ae\" \/>\n<meta property=\"article:modified_time\" content=\"2020-06-26T03:23:24+00:00\" \/>\n<meta property=\"og:image\" content=\"https:\/\/dmi65.com\/wp-content\/uploads\/2020\/06\/dmi65_Logo_Blk.png\" \/>\n\t<meta property=\"og:image:width\" content=\"466\" \/>\n\t<meta property=\"og:image:height\" content=\"200\" \/>\n\t<meta property=\"og:image:type\" content=\"image\/png\" \/>\n<meta name=\"twitter:card\" content=\"summary_large_image\" \/>\n<meta name=\"twitter:label1\" content=\"Est. tempo de leitura\" \/>\n\t<meta name=\"twitter:data1\" content=\"9 minutos\" \/>\n<script type=\"application\/ld+json\" class=\"yoast-schema-graph\">{\"@context\":\"https:\/\/schema.org\",\"@graph\":[{\"@type\":\"WebPage\",\"@id\":\"https:\/\/dmi65.com\/pt-br\/solucoes\/resfriamento-torres-caldeiras\/\",\"url\":\"https:\/\/dmi65.com\/pt-br\/solucoes\/resfriamento-torres-caldeiras\/\",\"name\":\"Tratamento de \u00e1gua para torres de resfriamento e caldeiras - DMI-65\u00ae\",\"isPartOf\":{\"@id\":\"https:\/\/dmi65.com\/pt-br\/#website\"},\"datePublished\":\"2020-06-09T03:24:56+00:00\",\"dateModified\":\"2020-06-26T03:23:24+00:00\",\"description\":\"A m\u00eddia DMI-65 \u00e9 o tratamento de \u00e1gua ideal para torres de resfriamento e caldeiras, aumentando a efic\u00e1cia do tratamento qu\u00edmico, reduzindo o uso qu\u00edmico.\",\"breadcrumb\":{\"@id\":\"https:\/\/dmi65.com\/pt-br\/solucoes\/resfriamento-torres-caldeiras\/#breadcrumb\"},\"inLanguage\":\"pt-BR\",\"potentialAction\":[{\"@type\":\"ReadAction\",\"target\":[\"https:\/\/dmi65.com\/pt-br\/solucoes\/resfriamento-torres-caldeiras\/\"]}]},{\"@type\":\"BreadcrumbList\",\"@id\":\"https:\/\/dmi65.com\/pt-br\/solucoes\/resfriamento-torres-caldeiras\/#breadcrumb\",\"itemListElement\":[{\"@type\":\"ListItem\",\"position\":1,\"name\":\"Home\",\"item\":\"https:\/\/dmi65.com\/pt-br\/\"},{\"@type\":\"ListItem\",\"position\":2,\"name\":\"Solu\u00e7\u00f5es\",\"item\":\"https:\/\/dmi65.com\/pt-br\/solucoes\/\"},{\"@type\":\"ListItem\",\"position\":3,\"name\":\"Tratamento de \u00e1gua para torres de resfriamento e caldeiras\"}]},{\"@type\":\"WebSite\",\"@id\":\"https:\/\/dmi65.com\/pt-br\/#website\",\"url\":\"https:\/\/dmi65.com\/pt-br\/\",\"name\":\"DMI-65\u00ae\",\"description\":\"Water Filtration &amp; Reverse Osmosis Treatment, Catalytic Media\",\"publisher\":{\"@id\":\"https:\/\/dmi65.com\/pt-br\/#organization\"},\"potentialAction\":[{\"@type\":\"SearchAction\",\"target\":{\"@type\":\"EntryPoint\",\"urlTemplate\":\"https:\/\/dmi65.com\/pt-br\/?s={search_term_string}\"},\"query-input\":{\"@type\":\"PropertyValueSpecification\",\"valueRequired\":true,\"valueName\":\"search_term_string\"}}],\"inLanguage\":\"pt-BR\"},{\"@type\":\"Organization\",\"@id\":\"https:\/\/dmi65.com\/pt-br\/#organization\",\"name\":\"DMI-65 & Quantum Filtration Pty Ltd\",\"url\":\"https:\/\/dmi65.com\/pt-br\/\",\"logo\":{\"@type\":\"ImageObject\",\"inLanguage\":\"pt-BR\",\"@id\":\"https:\/\/dmi65.com\/pt-br\/#\/schema\/logo\/image\/\",\"url\":\"https:\/\/dmi65.com\/wp-content\/uploads\/2020\/04\/dmi65.png\",\"contentUrl\":\"https:\/\/dmi65.com\/wp-content\/uploads\/2020\/04\/dmi65.png\",\"width\":440,\"height\":205,\"caption\":\"DMI-65 & Quantum Filtration Pty Ltd\"},\"image\":{\"@id\":\"https:\/\/dmi65.com\/pt-br\/#\/schema\/logo\/image\/\"},\"sameAs\":[\"https:\/\/www.linkedin.com\/company\/dmi-65\",\"https:\/\/www.youtube.com\/channel\/UCbXoMn5KBp2jrnx4KR_Qg4A\"]}]}<\/script>\n<!-- \/ Yoast SEO plugin. -->","yoast_head_json":{"title":"Tratamento de \u00e1gua para torres de resfriamento e caldeiras - DMI-65\u00ae","description":"A m\u00eddia DMI-65 \u00e9 o tratamento de \u00e1gua ideal para torres de resfriamento e caldeiras, aumentando a efic\u00e1cia do tratamento qu\u00edmico, reduzindo o uso qu\u00edmico.","robots":{"index":"index","follow":"follow","max-snippet":"max-snippet:-1","max-image-preview":"max-image-preview:large","max-video-preview":"max-video-preview:-1"},"canonical":"https:\/\/dmi65.com\/pt-br\/solucoes\/resfriamento-torres-caldeiras\/","og_locale":"pt_BR","og_type":"article","og_title":"Tratamento de \u00e1gua para torres de resfriamento e caldeiras - DMI-65\u00ae","og_description":"A m\u00eddia DMI-65 \u00e9 o tratamento de \u00e1gua ideal para torres de resfriamento e caldeiras, aumentando a efic\u00e1cia do tratamento qu\u00edmico, reduzindo o uso qu\u00edmico.","og_url":"https:\/\/dmi65.com\/pt-br\/solucoes\/resfriamento-torres-caldeiras\/","og_site_name":"DMI-65\u00ae","article_modified_time":"2020-06-26T03:23:24+00:00","og_image":[{"width":466,"height":200,"url":"https:\/\/dmi65.com\/wp-content\/uploads\/2020\/06\/dmi65_Logo_Blk.png","type":"image\/png"}],"twitter_card":"summary_large_image","twitter_misc":{"Est. tempo de leitura":"9 minutos"},"schema":{"@context":"https:\/\/schema.org","@graph":[{"@type":"WebPage","@id":"https:\/\/dmi65.com\/pt-br\/solucoes\/resfriamento-torres-caldeiras\/","url":"https:\/\/dmi65.com\/pt-br\/solucoes\/resfriamento-torres-caldeiras\/","name":"Tratamento de \u00e1gua para torres de resfriamento e caldeiras - DMI-65\u00ae","isPartOf":{"@id":"https:\/\/dmi65.com\/pt-br\/#website"},"datePublished":"2020-06-09T03:24:56+00:00","dateModified":"2020-06-26T03:23:24+00:00","description":"A m\u00eddia DMI-65 \u00e9 o tratamento de \u00e1gua ideal para torres de resfriamento e caldeiras, aumentando a efic\u00e1cia do tratamento qu\u00edmico, reduzindo o uso qu\u00edmico.","breadcrumb":{"@id":"https:\/\/dmi65.com\/pt-br\/solucoes\/resfriamento-torres-caldeiras\/#breadcrumb"},"inLanguage":"pt-BR","potentialAction":[{"@type":"ReadAction","target":["https:\/\/dmi65.com\/pt-br\/solucoes\/resfriamento-torres-caldeiras\/"]}]},{"@type":"BreadcrumbList","@id":"https:\/\/dmi65.com\/pt-br\/solucoes\/resfriamento-torres-caldeiras\/#breadcrumb","itemListElement":[{"@type":"ListItem","position":1,"name":"Home","item":"https:\/\/dmi65.com\/pt-br\/"},{"@type":"ListItem","position":2,"name":"Solu\u00e7\u00f5es","item":"https:\/\/dmi65.com\/pt-br\/solucoes\/"},{"@type":"ListItem","position":3,"name":"Tratamento de \u00e1gua para torres de resfriamento e caldeiras"}]},{"@type":"WebSite","@id":"https:\/\/dmi65.com\/pt-br\/#website","url":"https:\/\/dmi65.com\/pt-br\/","name":"DMI-65\u00ae","description":"Water Filtration &amp; Reverse Osmosis Treatment, Catalytic Media","publisher":{"@id":"https:\/\/dmi65.com\/pt-br\/#organization"},"potentialAction":[{"@type":"SearchAction","target":{"@type":"EntryPoint","urlTemplate":"https:\/\/dmi65.com\/pt-br\/?s={search_term_string}"},"query-input":{"@type":"PropertyValueSpecification","valueRequired":true,"valueName":"search_term_string"}}],"inLanguage":"pt-BR"},{"@type":"Organization","@id":"https:\/\/dmi65.com\/pt-br\/#organization","name":"DMI-65 & Quantum Filtration Pty Ltd","url":"https:\/\/dmi65.com\/pt-br\/","logo":{"@type":"ImageObject","inLanguage":"pt-BR","@id":"https:\/\/dmi65.com\/pt-br\/#\/schema\/logo\/image\/","url":"https:\/\/dmi65.com\/wp-content\/uploads\/2020\/04\/dmi65.png","contentUrl":"https:\/\/dmi65.com\/wp-content\/uploads\/2020\/04\/dmi65.png","width":440,"height":205,"caption":"DMI-65 & Quantum Filtration Pty Ltd"},"image":{"@id":"https:\/\/dmi65.com\/pt-br\/#\/schema\/logo\/image\/"},"sameAs":["https:\/\/www.linkedin.com\/company\/dmi-65","https:\/\/www.youtube.com\/channel\/UCbXoMn5KBp2jrnx4KR_Qg4A"]}]}},"_links":{"self":[{"href":"https:\/\/dmi65.com\/pt-br\/wp-json\/wp\/v2\/pages\/5820","targetHints":{"allow":["GET"]}}],"collection":[{"href":"https:\/\/dmi65.com\/pt-br\/wp-json\/wp\/v2\/pages"}],"about":[{"href":"https:\/\/dmi65.com\/pt-br\/wp-json\/wp\/v2\/types\/page"}],"author":[{"embeddable":true,"href":"https:\/\/dmi65.com\/pt-br\/wp-json\/wp\/v2\/users\/1"}],"replies":[{"embeddable":true,"href":"https:\/\/dmi65.com\/pt-br\/wp-json\/wp\/v2\/comments?post=5820"}],"version-history":[{"count":0,"href":"https:\/\/dmi65.com\/pt-br\/wp-json\/wp\/v2\/pages\/5820\/revisions"}],"up":[{"embeddable":true,"href":"https:\/\/dmi65.com\/pt-br\/wp-json\/wp\/v2\/pages\/7144"}],"wp:attachment":[{"href":"https:\/\/dmi65.com\/pt-br\/wp-json\/wp\/v2\/media?parent=5820"}],"curies":[{"name":"wp","href":"https:\/\/api.w.org\/{rel}","templated":true}]}}