{"id":5751,"date":"2020-06-09T11:03:41","date_gmt":"2020-06-09T03:03:41","guid":{"rendered":"http:\/\/dmi65.com\/protecao-contra-osmose-reversa\/"},"modified":"2020-06-26T11:20:01","modified_gmt":"2020-06-26T03:20:01","slug":"protecao-contra-osmose-reversa","status":"publish","type":"page","link":"https:\/\/dmi65.com\/pt-br\/solucoes\/protecao-contra-osmose-reversa\/","title":{"rendered":"Prote\u00e7\u00e3o contra osmose reversa"},"content":{"rendered":"<div class=\"wpb-content-wrapper\"><p>[vc_row][vc_column][vc_column_text css=&#8221;.vc_custom_1592378764391{margin-top: 15px !important;margin-bottom: 15px !important;}&#8221;]<strong>Prote\u00e7\u00e3o contra osmose reversa:<\/strong> DMI-65 \u00e9 um extremamente poderoso m\u00eddia de filtragem de \u00e1gua de a\u00e7\u00e3o catal\u00edtica baseada em areia s\u00edlica que \u00e9 projetada para a remo\u00e7\u00e3o de ferro e mangan\u00eas sem o uso de permanganato de pot\u00e1ssio atrav\u00e9s de um Processo Avan\u00e7ado de Oxida\u00e7\u00e3o.[\/vc_column_text][\/vc_column][\/vc_row][vc_row][vc_column]<div class=\"uavc-list-icon uavc-list-icon-wrapper ult-adjust-bottom-margin   vc_custom_1590987405882  vc_custom_1590987405882\"><ul class=\"uavc-list\"><li><div class=\"uavc-list-content\" id=\"list-icon-wrap-3747\">\n<div class=\"uavc-list-icon  \" data-animation=\"\" data-animation-delay=\"03\" style=\"margin-right:20px;\"><div class=\"ult-just-icon-wrapper  \"><div class=\"align-icon\" style=\"text-align:center;\">\n<div class=\"aio-icon none \"  style=\"color:#81d742;font-size:20px;display:inline-block;\">\n\t<i class=\"fas fa-check\"><\/i>\n<\/div><\/div><\/div>\n<\/div><span  data-ultimate-target='#list-icon-wrap-3747 .uavc-list-desc'  data-responsive-json-new='{\"font-size\":\"\",\"line-height\":\"\"}'  class=\"uavc-list-desc ult-responsive\" style=\"\"><strong>Economia substancial de custos de vida <\/strong><\/p>\n<p><\/span><\/div><\/li><li><div class=\"uavc-list-content\" id=\"list-icon-wrap-7386\">\n<div class=\"uavc-list-icon  \" data-animation=\"\" data-animation-delay=\"03\" style=\"margin-right:20px;\"><div class=\"ult-just-icon-wrapper  \"><div class=\"align-icon\" style=\"text-align:center;\">\n<div class=\"aio-icon none \"  style=\"color:#81d742;font-size:20px;display:inline-block;\">\n\t<i class=\"fas fa-check\"><\/i>\n<\/div><\/div><\/div>\n<\/div><span  data-ultimate-target='#list-icon-wrap-7386 .uavc-list-desc'  data-responsive-json-new='{\"font-size\":\"\",\"line-height\":\"\"}'  class=\"uavc-list-desc ult-responsive\" style=\"\"><strong>Reduzir o tempo de inatividade<\/strong><\/p>\n<p><\/span><\/div><\/li><li><div class=\"uavc-list-content\" id=\"list-icon-wrap-7181\">\n<div class=\"uavc-list-icon  \" data-animation=\"\" data-animation-delay=\"03\" style=\"margin-right:20px;\"><div class=\"ult-just-icon-wrapper  \"><div class=\"align-icon\" style=\"text-align:center;\">\n<div class=\"aio-icon none \"  style=\"color:#81d742;font-size:20px;display:inline-block;\">\n\t<i class=\"fas fa-check\"><\/i>\n<\/div><\/div><\/div>\n<\/div><span  data-ultimate-target='#list-icon-wrap-7181 .uavc-list-desc'  data-responsive-json-new='{\"font-size\":\"\",\"line-height\":\"\"}'  class=\"uavc-list-desc ult-responsive\" style=\"\"><strong>Economize na limpeza e substitui\u00e7\u00e3o de membranas caras<\/strong><\/p>\n<p><\/span><\/div><\/li><li><div class=\"uavc-list-content\" id=\"list-icon-wrap-1637\">\n<div class=\"uavc-list-icon  \" data-animation=\"\" data-animation-delay=\"03\" style=\"margin-right:20px;\"><div class=\"ult-just-icon-wrapper  \"><div class=\"align-icon\" style=\"text-align:center;\">\n<div class=\"aio-icon none \"  style=\"color:#81d742;font-size:20px;display:inline-block;\">\n\t<i class=\"fas fa-check\"><\/i>\n<\/div><\/div><\/div>\n<\/div><span  data-ultimate-target='#list-icon-wrap-1637 .uavc-list-desc'  data-responsive-json-new='{\"font-size\":\"\",\"line-height\":\"\"}'  class=\"uavc-list-desc ult-responsive\" style=\"\"><strong>Melhore significativamente o desempenho do sistema reduzindo o investimento inicial de capital do sistema<\/strong><\/p>\n<p><\/span><\/div><\/li><\/ul><\/div>[vc_column_text css=&#8221;.vc_custom_1590989684555{margin-top: 15px !important;margin-bottom: 15px !important;}&#8221;]<\/p>\n<h5>A incrus\u00e7\u00e3o de ferro nos sistemas de filtragem de \u00e1gua da membrana \u00e9 muito comum. Como qualquer incrustamento, causa uma perda de desempenho do sistema de membrana, especificamente perda de fluxo. Al\u00e9m disso, a presen\u00e7a de ferro torna a membrana mais suscet\u00edvel a danos de oxida\u00e7\u00e3o.<\/h5>\n<p>[\/vc_column_text][vc_column_text]<\/p>\n<div class=\"wpb_text_column wpb_content_element \">\n<p>No contexto da Prote\u00e7\u00e3o contra osmose Reversa, fontes t\u00edpicas de incrus\u00e7\u00e3o de ferro s\u00e3o<\/p>\n<ul>\n<li>Aqu\u00edferos anoxicos contendo ferro divalent sol\u00favel e\/ou mangan\u00eas<\/li>\n<li>Flocs de hidr\u00f3xido de ferro oxidado e\/ou mangan\u00eas de \u00e1gua crua<\/li>\n<li>Mat\u00e9ria org\u00e2nica natural (NOM) contendo complexos de ferro<\/li>\n<li>Flocs de hidr\u00f3xido do processo de coagula\u00e7\u00e3o<\/li>\n<li>Produtos de corros\u00e3o de materiais de tubula\u00e7\u00e3o usados para a \u00e1gua de alimenta\u00e7\u00e3o<\/li>\n<li>Silicatos contendo ferro<\/li>\n<\/ul>\n<p>A seguir, os sintomas de incrus\u00e7\u00e3o de ferro e mangan\u00eas:<\/p>\n<ul>\n<li>Descolora\u00e7\u00e3o de membranas.<\/li>\n<li>M\u00e1 rejei\u00e7\u00e3o do sal em dados individuais de teste de membrana.<\/li>\n<li>Baixo fluxo em dados individuais de teste de membrana.<\/li>\n<li>Poss\u00edvel diferencial de alta press\u00e3o em dados individuais de teste de membrana.<\/li>\n<li>Altos valores de ferro ou mangan\u00eas relatados em \u00e1gua de ra\u00e7\u00e3o.<\/li>\n<li>Diferencial de alta press\u00e3o relatado na primeira matriz.<\/li>\n<\/ul>\n<p>A incorpora\u00e7\u00e3o da filtragem pr\u00e9-tratamento DMI-65 reduzir\u00e1 materialmente esses sintomas, bem como beneficiar\u00e1 o sistema total de RO.<\/p>\n<p><a href=\"http:\/\/dmi65.com\/technical\/how-it-works\/\">O DMI-65<\/a> \u00e9 uma tecnologia infundida e n\u00e3o apenas uma tecnologia de revestimento superficial, ao contr\u00e1rio de outros meios de filtragem de \u00e1gua catal\u00edtica, que remove a chance de qualquer lixivia\u00e7\u00e3o qu\u00edmica no fluxo de \u00e1gua.<\/p>\n<p>A fim de iniciar o processo de oxida\u00e7\u00e3o do ferro (e mangan\u00eas) na solu\u00e7\u00e3o DMI-65 \u00e9 projetado para operar na presen\u00e7a de cloro ou outro oxidante. Nesse processo, o oxidante remove el\u00e9trons e \u00e9 consumido no processo. O operador precisa garantir que haja um res\u00edduo de cloro livre de 0,1 \u2013 0,3 ppm na \u00e1gua do efluente. O cloro, alimentado como hipoclorito de s\u00f3dio ou alvejante (12,5 NaOCl), \u00e9 o oxidante preferido, pois \u00e9 relativamente barato, prontamente dispon\u00edvel em todo o mundo e \u00e9 eficaz. Tamb\u00e9m realiza a grande maioria de qualquer processo de desinfetante.<\/p>\n<p>Ao contr\u00e1rio das resinas de troca de \u00edons onde doses mais regeneradas aumentar\u00e3o a capacidade de troca de \u00edons, os res\u00edduos de cloro ou concentra\u00e7\u00f5es superiores \u00e0s necess\u00e1rias para oxidar o Fe e o Mn n\u00e3o aumentam as propriedades oxidativas da m\u00eddia. Al\u00e9m disso, um res\u00edduo de cloro livre mais alto em um sistema de RO exigiria um tratamento p\u00f3s-tratamento mais extenso para reduzir o residual e proteger as membranas do ataque de cloro.<\/p>\n<p>O DMI-65 foi certificado ao Padr\u00e3o dos EUA da NSF\/ANSI 61 para Componentes do Sistema de \u00c1gua Pot\u00e1vel e para uso na Inglaterra e no Pa\u00eds de Gales sob o regulamento 31(4)(a) das regulamenta\u00e7\u00f5es de abastecimento de \u00e1gua (Qualidade da \u00c1gua) 2010 e tamb\u00e9m foi testado por muitas outras autoridades e laborat\u00f3rios de tratamento de \u00e1gua.<\/p>\n<p>O DMI-65 \u00e9 fabricado na Austr\u00e1lia.<\/p>\n<p><span style=\"text-decoration: underline;\">Hist\u00f3rico de Casos<\/span><\/p>\n<p>Uma usina no Centro do Texas tinha um sistema de osmose reversa (RO) com uma hist\u00f3ria de 30 anos de incrus\u00e7\u00e3o de ferro dos filtros de prote\u00e7\u00e3o do cartucho e membranas RO. O Fe na \u00e1gua do po\u00e7o m\u00e9dia de 2,0 ppm e, apesar de v\u00e1rias configura\u00e7\u00f5es de equipamentos, n\u00e3o conseguiu reduzi-lo abaixo de 0,2 ppm. Isso resultou em substitui\u00e7\u00e3o frequente e dispendia dos cartuchos de filtro de 5,0 m\u00edcrons. Eles tinham dois filtros de 6&#8242; de di\u00e2metro, um com antracito e outro com Birm que foram usados em s\u00e9rie na tentativa de aliviar a incrustura de ferro. Todas as m\u00eddias existentes desses filtros foram removidas e canalizadas para funcionar em paralelo. Eles ent\u00e3o instalaram o DMI-65 e tiveram sucesso imediato com a opera\u00e7\u00e3o do filtro. O ferro no efluente dos filtros tem uma m\u00e9dia de 0,007 ppm quando medido usando um Hach DR5000. A substitui\u00e7\u00e3o dos filtros do cartucho passou de dias ou semanas para meses.<\/p>\n<h4>As vantagens de usar o DMI-65 na Prote\u00e7\u00e3o contra Osmose Reversa<\/h4>\n<p><strong>Prote\u00e7\u00e3o de membrana. <\/strong>A remo\u00e7\u00e3o eficiente do ferro dissolvido para n\u00edveis quase indetect\u00e1veis t\u00e3o baixos quanto 0,001 PPM reduz materialmente a incid\u00eancia de incrustamento de ferro que, portanto, reduz a necessidade de substitui\u00e7\u00e3o da membrana e mant\u00e9m o sistema de tratamento funcionando em seus n\u00edveis ideais. As membranas s\u00e3o caras, assim como o custo de tempo para substitu\u00ed-las e o tempo de inatividade da produ\u00e7\u00e3o<strong><br \/>\n<\/strong><\/p>\n<p><strong>Altas taxas de fluxo<\/strong>. A tecnologia infundida do DMI-65 promove a maior taxa de oxida\u00e7\u00e3o de qualquer m\u00eddia de filtragem catal\u00edtica. Isso permite uma taxa de fluxo de \u00e1gua significativamente maior para alcan\u00e7ar o mesmo n\u00edvel de remo\u00e7\u00e3o de ferro e mangan\u00eas. O DMI-65 pode operar a velocidades de filtragem linear at\u00e9 o dobro da m\u00eddia convencional com uma redu\u00e7\u00e3o correspondente nos custos de equipamentos de capital.<\/p>\n<p><strong>Alta capacidade de carga<\/strong> Devido ao aumento da \u00e1rea de superf\u00edcie devido \u00e0 estrutura microssamuosa do material matricial, o DMI-65 tamb\u00e9m possui maior capacidade de carga de ferro e mangan\u00eas, que pode prolongar a dura\u00e7\u00e3o das corridas de filtros e o tempo entre a lavagem de r\u00e9, reduzindo assim o tempo de inatividade, as despesas operacionais e o desperd\u00edcio.<\/p>\n<p><strong>Regenera\u00e7\u00e3o n\u00e3o<\/strong><strong>necess\u00e1ria. <\/strong>A m\u00eddia opera com uma inje\u00e7\u00e3o cont\u00ednua de hipoclorito de s\u00f3dio em baixos n\u00edveis residuais (0,1 a 0,3 ppm) que elimina a necessidade de <a href=\"https:\/\/en.wikipedia.org\/wiki\/Potassium_permanganate\" target=\"_blank\" rel=\"noopener noreferrer\">Permanganato de Pot\u00e1ssio<\/a>.<\/p>\n<p><strong>Ambiente operacional amplo<\/strong><strong>. <\/strong>O desempenho est\u00e1vel e satisfat\u00f3rio no pH de 5,8 a 8,6 e a temperatura m\u00e1xima de opera\u00e7\u00e3o de 45\u00b0C reduz a necessidade de investimento para alterar o ambiente operacional.<\/p>\n<p><strong>Vida longa. <\/strong>O DMI-65 n\u00e3o \u00e9 consumido no processo, proporcionando vantagens consider\u00e1veis sobre outros processos ou m\u00eddia. A m\u00eddia n\u00e3o exibe uma capacidade decadente para fazer seu trabalho catal\u00edtico. Durante um per\u00edodo de 5 a 10 anos, atrav\u00e9s de muitas opera\u00e7\u00f5es de backwashing do leito para remover s\u00f3lidos retidos, uma perda de atrito da m\u00eddia ocorre pelo contato entre part\u00edculas e abras\u00e3o mec\u00e2nica.<\/p>\n<\/div>\n<p>[\/vc_column_text]<div class=\"dt-fancy-separator title-left h4-size\" style=\"width: 100%;\"><div class=\"dt-fancy-title\"><span class=\"separator-holder separator-left\"><\/span>Estudo de Caso e Testemunho para Prote\u00e7\u00e3o contra Osmose Reversa<span class=\"separator-holder separator-right\"><\/span><\/div><\/div>[\/vc_column][\/vc_row][vc_row css=&#8221;.vc_custom_1592377977982{margin-top: 30px !important;}&#8221;][vc_column width=&#8221;1\/2&#8243;][vc_basic_grid post_type=&#8221;post&#8221; max_items=&#8221;1&#8243; element_width=&#8221;12&#8243; item=&#8221;masonryGrid_Default&#8221; grid_id=&#8221;vc_gid:1592797105275-c49d71c5-9558-2&#8243; taxonomies=&#8221;1046&#8243;][\/vc_column][vc_column width=&#8221;1\/2&#8243;][\/vc_column][\/vc_row][vc_row content_placement=&#8221;middle&#8221; css=&#8221;.vc_custom_1592797123999{padding-top: 20px !important;padding-right: 20px !important;padding-bottom: 5px !important;padding-left: 20px !important;}&#8221; el_class=&#8221;cta&#8221;][vc_column]<div class=\"dt-fancy-separator\" style=\"width: 100%;\"><div class=\"dt-fancy-title\"><span class=\"separator-holder separator-left\"><\/span>Consulte para saber como a m\u00eddia de filtragem \u00ae DMI-65 pode ajudar com as necessidades de prote\u00e7\u00e3o contra osmose reversa.<span class=\"separator-holder separator-right\"><\/span><\/div><\/div>[vc_btn title=&#8221;Perguntar&#8221; style=&#8221;custom&#8221; custom_background=&#8221;#162441&#8243; custom_text=&#8221;#ffffff&#8221; shape=&#8221;square&#8221; size=&#8221;lg&#8221; align=&#8221;center&#8221; i_align=&#8221;right&#8221; i_icon_fontawesome=&#8221;fas fa-chevron-right&#8221; add_icon=&#8221;true&#8221; css=&#8221;.vc_custom_1592793128520{margin-top: 20px !important;}&#8221; el_class=&#8221;ctaButton sg-popup-id-8233&#8243;][\/vc_column][\/vc_row]<\/p>\n<\/div>","protected":false},"excerpt":{"rendered":"<p>[vc_row][vc_column][vc_column_text css=&#8221;.vc_custom_1592378764391{margin-top: 15px !important;margin-bottom: 15px !important;}&#8221;]Prote\u00e7\u00e3o contra osmose reversa: DMI-65 \u00e9 um extremamente poderoso m\u00eddia de filtragem de \u00e1gua de a\u00e7\u00e3o catal\u00edtica baseada em areia s\u00edlica que \u00e9 projetada para a remo\u00e7\u00e3o de ferro e mangan\u00eas sem o uso de permanganato de pot\u00e1ssio atrav\u00e9s de um Processo Avan\u00e7ado de Oxida\u00e7\u00e3o.[\/vc_column_text][\/vc_column][\/vc_row][vc_row][vc_column][vc_column_text css=&#8221;.vc_custom_1590989684555{margin-top: 15px !important;margin-bottom: 15px !important;}&#8221;]&hellip;<\/p>\n","protected":false},"author":1,"featured_media":0,"parent":7144,"menu_order":0,"comment_status":"closed","ping_status":"closed","template":"","meta":{"content-type":"","footnotes":""},"class_list":["post-5751","page","type-page","status-publish","hentry","description-off"],"yoast_head":"<!-- This site is optimized with the Yoast SEO plugin v25.2 - https:\/\/yoast.com\/wordpress\/plugins\/seo\/ -->\n<title>DMI-65 | Prote\u00e7\u00e3o contra osmose reversa, sistemas de filtragem para incrusta de ferro<\/title>\n<meta name=\"description\" content=\"A m\u00eddia de filtragem DMI-65 \u00e9 usada para prote\u00e7\u00e3o contra osmose reversa (RO) para reduzir significativamente todos os metais pesados e contaminantes para sistemas com incrustura de ferro.\" \/>\n<meta name=\"robots\" content=\"index, follow, max-snippet:-1, max-image-preview:large, max-video-preview:-1\" \/>\n<link rel=\"canonical\" href=\"https:\/\/dmi65.com\/pt-br\/solucoes\/protecao-contra-osmose-reversa\/\" \/>\n<meta property=\"og:locale\" content=\"pt_BR\" \/>\n<meta property=\"og:type\" content=\"article\" \/>\n<meta property=\"og:title\" content=\"DMI-65 | Prote\u00e7\u00e3o contra osmose reversa, sistemas de filtragem para incrusta de ferro\" \/>\n<meta property=\"og:description\" content=\"A m\u00eddia de filtragem DMI-65 \u00e9 usada para prote\u00e7\u00e3o contra osmose reversa (RO) para reduzir significativamente todos os metais pesados e contaminantes para sistemas com incrustura de ferro.\" \/>\n<meta property=\"og:url\" content=\"https:\/\/dmi65.com\/pt-br\/solucoes\/protecao-contra-osmose-reversa\/\" \/>\n<meta property=\"og:site_name\" content=\"DMI-65\u00ae\" \/>\n<meta property=\"article:modified_time\" content=\"2020-06-26T03:20:01+00:00\" \/>\n<meta property=\"og:image\" content=\"https:\/\/dmi65.com\/wp-content\/uploads\/2020\/06\/dmi65_Logo_Blk.png\" \/>\n\t<meta property=\"og:image:width\" content=\"466\" \/>\n\t<meta property=\"og:image:height\" content=\"200\" \/>\n\t<meta property=\"og:image:type\" content=\"image\/png\" \/>\n<meta name=\"twitter:card\" content=\"summary_large_image\" \/>\n<meta name=\"twitter:label1\" content=\"Est. tempo de leitura\" \/>\n\t<meta name=\"twitter:data1\" content=\"7 minutos\" \/>\n<script type=\"application\/ld+json\" class=\"yoast-schema-graph\">{\"@context\":\"https:\/\/schema.org\",\"@graph\":[{\"@type\":\"WebPage\",\"@id\":\"https:\/\/dmi65.com\/pt-br\/solucoes\/protecao-contra-osmose-reversa\/\",\"url\":\"https:\/\/dmi65.com\/pt-br\/solucoes\/protecao-contra-osmose-reversa\/\",\"name\":\"DMI-65 | Prote\u00e7\u00e3o contra osmose reversa, sistemas de filtragem para incrusta de ferro\",\"isPartOf\":{\"@id\":\"https:\/\/dmi65.com\/pt-br\/#website\"},\"datePublished\":\"2020-06-09T03:03:41+00:00\",\"dateModified\":\"2020-06-26T03:20:01+00:00\",\"description\":\"A m\u00eddia de filtragem DMI-65 \u00e9 usada para prote\u00e7\u00e3o contra osmose reversa (RO) para reduzir significativamente todos os metais pesados e contaminantes para sistemas com incrustura de ferro.\",\"breadcrumb\":{\"@id\":\"https:\/\/dmi65.com\/pt-br\/solucoes\/protecao-contra-osmose-reversa\/#breadcrumb\"},\"inLanguage\":\"pt-BR\",\"potentialAction\":[{\"@type\":\"ReadAction\",\"target\":[\"https:\/\/dmi65.com\/pt-br\/solucoes\/protecao-contra-osmose-reversa\/\"]}]},{\"@type\":\"BreadcrumbList\",\"@id\":\"https:\/\/dmi65.com\/pt-br\/solucoes\/protecao-contra-osmose-reversa\/#breadcrumb\",\"itemListElement\":[{\"@type\":\"ListItem\",\"position\":1,\"name\":\"Home\",\"item\":\"https:\/\/dmi65.com\/pt-br\/\"},{\"@type\":\"ListItem\",\"position\":2,\"name\":\"Solu\u00e7\u00f5es\",\"item\":\"https:\/\/dmi65.com\/pt-br\/solucoes\/\"},{\"@type\":\"ListItem\",\"position\":3,\"name\":\"Prote\u00e7\u00e3o contra osmose reversa\"}]},{\"@type\":\"WebSite\",\"@id\":\"https:\/\/dmi65.com\/pt-br\/#website\",\"url\":\"https:\/\/dmi65.com\/pt-br\/\",\"name\":\"DMI-65\u00ae\",\"description\":\"Water Filtration &amp; Reverse Osmosis Treatment, Catalytic Media\",\"publisher\":{\"@id\":\"https:\/\/dmi65.com\/pt-br\/#organization\"},\"potentialAction\":[{\"@type\":\"SearchAction\",\"target\":{\"@type\":\"EntryPoint\",\"urlTemplate\":\"https:\/\/dmi65.com\/pt-br\/?s={search_term_string}\"},\"query-input\":{\"@type\":\"PropertyValueSpecification\",\"valueRequired\":true,\"valueName\":\"search_term_string\"}}],\"inLanguage\":\"pt-BR\"},{\"@type\":\"Organization\",\"@id\":\"https:\/\/dmi65.com\/pt-br\/#organization\",\"name\":\"DMI-65 & Quantum Filtration Pty Ltd\",\"url\":\"https:\/\/dmi65.com\/pt-br\/\",\"logo\":{\"@type\":\"ImageObject\",\"inLanguage\":\"pt-BR\",\"@id\":\"https:\/\/dmi65.com\/pt-br\/#\/schema\/logo\/image\/\",\"url\":\"https:\/\/dmi65.com\/wp-content\/uploads\/2020\/04\/dmi65.png\",\"contentUrl\":\"https:\/\/dmi65.com\/wp-content\/uploads\/2020\/04\/dmi65.png\",\"width\":440,\"height\":205,\"caption\":\"DMI-65 & Quantum Filtration Pty Ltd\"},\"image\":{\"@id\":\"https:\/\/dmi65.com\/pt-br\/#\/schema\/logo\/image\/\"},\"sameAs\":[\"https:\/\/www.linkedin.com\/company\/dmi-65\",\"https:\/\/www.youtube.com\/channel\/UCbXoMn5KBp2jrnx4KR_Qg4A\"]}]}<\/script>\n<!-- \/ Yoast SEO plugin. -->","yoast_head_json":{"title":"DMI-65 | Prote\u00e7\u00e3o contra osmose reversa, sistemas de filtragem para incrusta de ferro","description":"A m\u00eddia de filtragem DMI-65 \u00e9 usada para prote\u00e7\u00e3o contra osmose reversa (RO) para reduzir significativamente todos os metais pesados e contaminantes para sistemas com incrustura de ferro.","robots":{"index":"index","follow":"follow","max-snippet":"max-snippet:-1","max-image-preview":"max-image-preview:large","max-video-preview":"max-video-preview:-1"},"canonical":"https:\/\/dmi65.com\/pt-br\/solucoes\/protecao-contra-osmose-reversa\/","og_locale":"pt_BR","og_type":"article","og_title":"DMI-65 | Prote\u00e7\u00e3o contra osmose reversa, sistemas de filtragem para incrusta de ferro","og_description":"A m\u00eddia de filtragem DMI-65 \u00e9 usada para prote\u00e7\u00e3o contra osmose reversa (RO) para reduzir significativamente todos os metais pesados e contaminantes para sistemas com incrustura de ferro.","og_url":"https:\/\/dmi65.com\/pt-br\/solucoes\/protecao-contra-osmose-reversa\/","og_site_name":"DMI-65\u00ae","article_modified_time":"2020-06-26T03:20:01+00:00","og_image":[{"width":466,"height":200,"url":"https:\/\/dmi65.com\/wp-content\/uploads\/2020\/06\/dmi65_Logo_Blk.png","type":"image\/png"}],"twitter_card":"summary_large_image","twitter_misc":{"Est. tempo de leitura":"7 minutos"},"schema":{"@context":"https:\/\/schema.org","@graph":[{"@type":"WebPage","@id":"https:\/\/dmi65.com\/pt-br\/solucoes\/protecao-contra-osmose-reversa\/","url":"https:\/\/dmi65.com\/pt-br\/solucoes\/protecao-contra-osmose-reversa\/","name":"DMI-65 | Prote\u00e7\u00e3o contra osmose reversa, sistemas de filtragem para incrusta de ferro","isPartOf":{"@id":"https:\/\/dmi65.com\/pt-br\/#website"},"datePublished":"2020-06-09T03:03:41+00:00","dateModified":"2020-06-26T03:20:01+00:00","description":"A m\u00eddia de filtragem DMI-65 \u00e9 usada para prote\u00e7\u00e3o contra osmose reversa (RO) para reduzir significativamente todos os metais pesados e contaminantes para sistemas com incrustura de ferro.","breadcrumb":{"@id":"https:\/\/dmi65.com\/pt-br\/solucoes\/protecao-contra-osmose-reversa\/#breadcrumb"},"inLanguage":"pt-BR","potentialAction":[{"@type":"ReadAction","target":["https:\/\/dmi65.com\/pt-br\/solucoes\/protecao-contra-osmose-reversa\/"]}]},{"@type":"BreadcrumbList","@id":"https:\/\/dmi65.com\/pt-br\/solucoes\/protecao-contra-osmose-reversa\/#breadcrumb","itemListElement":[{"@type":"ListItem","position":1,"name":"Home","item":"https:\/\/dmi65.com\/pt-br\/"},{"@type":"ListItem","position":2,"name":"Solu\u00e7\u00f5es","item":"https:\/\/dmi65.com\/pt-br\/solucoes\/"},{"@type":"ListItem","position":3,"name":"Prote\u00e7\u00e3o contra osmose reversa"}]},{"@type":"WebSite","@id":"https:\/\/dmi65.com\/pt-br\/#website","url":"https:\/\/dmi65.com\/pt-br\/","name":"DMI-65\u00ae","description":"Water Filtration &amp; Reverse Osmosis Treatment, Catalytic Media","publisher":{"@id":"https:\/\/dmi65.com\/pt-br\/#organization"},"potentialAction":[{"@type":"SearchAction","target":{"@type":"EntryPoint","urlTemplate":"https:\/\/dmi65.com\/pt-br\/?s={search_term_string}"},"query-input":{"@type":"PropertyValueSpecification","valueRequired":true,"valueName":"search_term_string"}}],"inLanguage":"pt-BR"},{"@type":"Organization","@id":"https:\/\/dmi65.com\/pt-br\/#organization","name":"DMI-65 & Quantum Filtration Pty Ltd","url":"https:\/\/dmi65.com\/pt-br\/","logo":{"@type":"ImageObject","inLanguage":"pt-BR","@id":"https:\/\/dmi65.com\/pt-br\/#\/schema\/logo\/image\/","url":"https:\/\/dmi65.com\/wp-content\/uploads\/2020\/04\/dmi65.png","contentUrl":"https:\/\/dmi65.com\/wp-content\/uploads\/2020\/04\/dmi65.png","width":440,"height":205,"caption":"DMI-65 & Quantum Filtration Pty Ltd"},"image":{"@id":"https:\/\/dmi65.com\/pt-br\/#\/schema\/logo\/image\/"},"sameAs":["https:\/\/www.linkedin.com\/company\/dmi-65","https:\/\/www.youtube.com\/channel\/UCbXoMn5KBp2jrnx4KR_Qg4A"]}]}},"_links":{"self":[{"href":"https:\/\/dmi65.com\/pt-br\/wp-json\/wp\/v2\/pages\/5751","targetHints":{"allow":["GET"]}}],"collection":[{"href":"https:\/\/dmi65.com\/pt-br\/wp-json\/wp\/v2\/pages"}],"about":[{"href":"https:\/\/dmi65.com\/pt-br\/wp-json\/wp\/v2\/types\/page"}],"author":[{"embeddable":true,"href":"https:\/\/dmi65.com\/pt-br\/wp-json\/wp\/v2\/users\/1"}],"replies":[{"embeddable":true,"href":"https:\/\/dmi65.com\/pt-br\/wp-json\/wp\/v2\/comments?post=5751"}],"version-history":[{"count":0,"href":"https:\/\/dmi65.com\/pt-br\/wp-json\/wp\/v2\/pages\/5751\/revisions"}],"up":[{"embeddable":true,"href":"https:\/\/dmi65.com\/pt-br\/wp-json\/wp\/v2\/pages\/7144"}],"wp:attachment":[{"href":"https:\/\/dmi65.com\/pt-br\/wp-json\/wp\/v2\/media?parent=5751"}],"curies":[{"name":"wp","href":"https:\/\/api.w.org\/{rel}","templated":true}]}}