{"id":9974,"date":"2020-08-11T15:06:24","date_gmt":"2020-08-11T07:06:24","guid":{"rendered":"https:\/\/dmi65.com\/regions\/eau-potable-de-lasie-du-sud-est\/"},"modified":"2020-08-11T15:06:26","modified_gmt":"2020-08-11T07:06:26","slug":"eau-potable-de-lasie-du-sud-est","status":"publish","type":"page","link":"https:\/\/dmi65.com\/fr\/regions\/eau-potable-de-lasie-du-sud-est\/","title":{"rendered":"Eau potable de l\u2019Asie du Sud-Est"},"content":{"rendered":"<div class=\"wpb-content-wrapper\"><p>[vc_row][vc_column][vc_column_text]Eau potable de l\u2019Asie du <a href=\"https:\/\/en.wikipedia.org\/wiki\/Southeast_Asia\" target=\"_blank\" rel=\"noopener noreferrer\">Sud-Est : L\u2019Asie du Sud-Est<\/a> est l\u2019une des r\u00e9gions les plus dynamiques sur le plan \u00e9conomique, ainsi que l\u2019une des r\u00e9gions les plus vuln\u00e9rables aux effets du changement climatique. Les villes en croissance rapide d\u2019Asie du Sud-Est doivent simultan\u00e9ment relever diff\u00e9rents niveaux de probl\u00e8mes d\u2019eau, tels que l\u2019am\u00e9lioration de l\u2019acc\u00e8s \u00e0 l\u2019eau potable et \u00e0 l\u2019assainissement et la planification d\u2019une augmentation des inondations, \u00e0 des niveaux de revenus inf\u00e9rieurs par rapport \u00e0 l\u2019exp\u00e9rience des villes du Nord mondial. La qualit\u00e9 de l\u2019eau est devenue la pr\u00e9occupation la plus importante pour la s\u00e9curit\u00e9 de l\u2019eau dans toute la r\u00e9gion. Plus pr\u00e9cis\u00e9ment, les catastrophes plus intenses, en particulier les inondations, ont le potentiel de diminuer la qualit\u00e9 de l\u2019eau dans les pays de l\u2019Indon\u00e9sie, les Philippines, le Vietnam, la Malaisie et la Tha\u00eflande imm\u00e9diatement apr\u00e8s l\u2019\u00e9v\u00e9nement, ainsi que pour une plus longue p\u00e9riode de temps par des dommages aux infrastructures.<\/p>\n<p>L\u2019eau domestique pour boire dans les zones urbaines provient le plus souvent des eaux de surface au Laos, au Myanmar et en Malaisie. En revanche, la majorit\u00e9 des utilisateurs d\u2019eau au Cambodge d\u00e9pendent des eaux souterraines comme principale source d\u2019eau potable, allant d\u2019environ 20 % en milieu urbain et de 50 % dans les zones rurales du Cambodge \u00e0 au moins 90 % dans les zones urbaines et rurales d\u2019Indon\u00e9sie. Dans l\u2019ensemble de la r\u00e9gion, l\u2019utilisation des eaux souterraines est r\u00e9pandue parmi les utilisateurs domestiques dans les zones rurales et augmente en raison de la demande d\u2019une population croissante, ainsi que de la demande saisonni\u00e8re pendant les \u00e9t\u00e9s. L\u2019utilisation accrue de pompes \u00e0 eau \u00e9lectrifi\u00e9es \u00e0 des fins domestiques pourrait \u00e9galement augmenter les taux d\u2019extraction des eaux souterraines. Le principal probl\u00e8me de qualit\u00e9 pour les eaux souterraines domestiques est la contamination par les eaux us\u00e9es et les fuites d\u2019installations sanitaires sur place. D\u2019autres probl\u00e8mes importants de qualit\u00e9 sont la contamination par les pesticides, les sources industrielles et l\u2019intrusion saline. Une partie de la population a r\u00e9pondu \u00e0 ces probl\u00e8mes en exploitant des niveaux plus profonds d\u2019eau souterraine. La pollution des eaux de surface dans la r\u00e9gion a \u00e9galement eu un impact significatif sur la qualit\u00e9 des eaux souterraines.<\/p>\n<p>M\u00eame dans les pays moins expos\u00e9s aux catastrophes, la s\u00e9curit\u00e9 de l\u2019eau demeure une pr\u00e9occupation majeure, car ils doivent renforcer leurs capacit\u00e9s pour relever les d\u00e9fis li\u00e9s \u00e0 la quantit\u00e9 et \u00e0 la qualit\u00e9 de l\u2019eau, en particulier pendant la saison s\u00e8che. L\u2019importance de la qualit\u00e9 de l\u2019eau pour assurer la s\u00e9curit\u00e9 de l\u2019eau dans toute l\u2019Asie du Sud-Est sugg\u00e8re qu\u2019elle devrait \u00eatre au centre des futurs projets de d\u00e9veloppement li\u00e9s \u00e0 l\u2019eau men\u00e9s dans la r\u00e9gion \u00e0 tous les niveaux. Il sera crucial de renforcer la robustesse de l\u2019infrastructure de l\u2019eau en cas de catastrophe et de planifier l\u2019assainissement pour couvrir l\u2019expansion des zones urbaines afin d\u2019assurer la s\u00e9curit\u00e9 future de l\u2019eau en termes de qualit\u00e9 de l\u2019eau dans toute la r\u00e9gion. Ces deux actions seront importantes pour le d\u00e9veloppement durable des villes \u00e9mergentes de la r\u00e9gion et de ses m\u00e9gacentres m\u00e9tropolitains \u00e9tablis.<\/p>\n<p><b>DMI-65 peut aider \u00e0 atteindre la s\u00e9curit\u00e9 de l\u2019eau, dans toute la r\u00e9gion de l\u2019Asie du Sud-Est.<\/b> En \u00e9tant utilis\u00e9 dans les usines municipales de traitement de l\u2019eau et les filtres commerciaux, les m\u00e9taux lourds nuisibles peuvent \u00eatre \u00e9limin\u00e9s. Cela contribuera \u00e0 am\u00e9liorer la qualit\u00e9 globale de l\u2019eau et \u00e0 fournir des sources d\u2019eau potable propres aux communaut\u00e9s locales de la r\u00e9gion.<\/p>\n<p>[\/vc_column_text][\/vc_column][\/vc_row][vc_row content_placement=\u00a0\u00bbmiddle\u00a0\u00bb css=\u00a0\u00bb.vc_custom_1592794121420{padding-top: 20px !important;padding-right: 20px !important;padding-bottom: 5px !important;padding-left: 20px !important;}\u00a0\u00bb el_class=\u00a0\u00bbcta\u00a0\u00bb][vc_column]<div class=\"dt-fancy-separator\" style=\"width: 100%;\"><div class=\"dt-fancy-title\"><span class=\"separator-holder separator-left\"><\/span>Renseignez-vous pour savoir comment les supports de filtration DMI-65\u00ae peuvent aider \u00e0 l\u2019eau potable pour l\u2019Asie du Sud-Est.<span class=\"separator-holder separator-right\"><\/span><\/div><\/div>[vc_btn title=\u00a0\u00bbRenseignez-vous\u00a0\u00bb style=\u00a0\u00bbcustom\u00a0\u00bb custom_background=\u00a0\u00bb#162441&Prime; custom_text=\u00a0\u00bb#ffffff\u00a0\u00bb shape=\u00a0\u00bbsquare\u00a0\u00bb size=\u00a0\u00bblg\u00a0\u00bb align=\u00a0\u00bbcenter\u00a0\u00bb i_align=\u00a0\u00bbright\u00a0\u00bb i_icon_fontawesome=\u00a0\u00bbfas fa-chevron-right\u00a0\u00bb add_icon=\u00a0\u00bbtrue\u00a0\u00bb css=\u00a0\u00bb.vc_custom_1592793128520{margin-top: 20px !important;}\u00a0\u00bb el_class=\u00a0\u00bbctaButton sg-popup-id-8233&Prime;][\/vc_column][\/vc_row][vc_row][vc_column][vc_empty_space]<div class=\"dt-fancy-separator title-left\" style=\"width: 100%;\"><div class=\"dt-fancy-title\"><span class=\"separator-holder separator-left\"><\/span>\u00c9tudes de cas Asie du Sud-Est<span class=\"separator-holder separator-right\"><\/span><\/div><\/div>[vc_empty_space][\/vc_column][\/vc_row][vc_row][vc_column][vc_basic_grid post_type=\u00a0\u00bbpost\u00a0\u00bb max_items=\u00a0\u00bb4&Prime; element_width=\u00a0\u00bb6&Prime; item=\u00a0\u00bbmasonryGrid_Default\u00a0\u00bb grid_id=\u00a0\u00bbvc_gid:1597129153488-2b5893f5-76e2-7&Prime; taxonomies=\u00a0\u00bb1409&Prime;][\/vc_column][\/vc_row]<\/p>\n<\/div>","protected":false},"excerpt":{"rendered":"<p>[vc_row][vc_column][vc_column_text]Eau potable de l\u2019Asie du Sud-Est : L\u2019Asie du Sud-Est est l\u2019une des r\u00e9gions les plus dynamiques sur le plan \u00e9conomique, ainsi que l\u2019une des r\u00e9gions les plus vuln\u00e9rables aux effets du changement climatique. Les villes en croissance rapide d\u2019Asie du Sud-Est doivent simultan\u00e9ment relever diff\u00e9rents niveaux de probl\u00e8mes d\u2019eau, tels que l\u2019am\u00e9lioration de l\u2019acc\u00e8s&hellip;<\/p>\n","protected":false},"author":1,"featured_media":0,"parent":7122,"menu_order":0,"comment_status":"closed","ping_status":"closed","template":"","meta":{"content-type":"","footnotes":""},"class_list":["post-9974","page","type-page","status-publish","hentry","description-off"],"yoast_head":"<!-- This site is optimized with the Yoast SEO plugin v25.2 - https:\/\/yoast.com\/wordpress\/plugins\/seo\/ -->\n<title>Eau potable de l\u2019Asie du Sud-Est avec des supports de filtration - DMI-65\u00ae<\/title>\n<meta name=\"description\" content=\"Le DMI-65 peut contribuer \u00e0 assurer la s\u00e9curit\u00e9 de l\u2019eau dans toute la r\u00e9gion de l\u2019Asie du Sud-Est, en \u00e9liminant les m\u00e9taux lourds pour la qualit\u00e9 de l\u2019eau potable.\" \/>\n<meta name=\"robots\" content=\"index, follow, max-snippet:-1, max-image-preview:large, max-video-preview:-1\" \/>\n<link rel=\"canonical\" href=\"https:\/\/dmi65.com\/fr\/regions\/eau-potable-de-lasie-du-sud-est\/\" \/>\n<meta property=\"og:locale\" content=\"fr_FR\" \/>\n<meta property=\"og:type\" content=\"article\" \/>\n<meta property=\"og:title\" content=\"Eau potable de l\u2019Asie du Sud-Est avec des supports de filtration - DMI-65\u00ae\" \/>\n<meta property=\"og:description\" content=\"Le DMI-65 peut contribuer \u00e0 assurer la s\u00e9curit\u00e9 de l\u2019eau dans toute la r\u00e9gion de l\u2019Asie du Sud-Est, en \u00e9liminant les m\u00e9taux lourds pour la qualit\u00e9 de l\u2019eau potable.\" \/>\n<meta property=\"og:url\" content=\"https:\/\/dmi65.com\/fr\/regions\/eau-potable-de-lasie-du-sud-est\/\" \/>\n<meta property=\"og:site_name\" content=\"DMI-65\u00ae\" \/>\n<meta property=\"article:modified_time\" content=\"2020-08-11T07:06:26+00:00\" \/>\n<meta property=\"og:image\" content=\"https:\/\/dmi65.com\/wp-content\/uploads\/2020\/06\/dmi65_Logo_Blk.png\" \/>\n\t<meta property=\"og:image:width\" content=\"466\" \/>\n\t<meta property=\"og:image:height\" content=\"200\" \/>\n\t<meta property=\"og:image:type\" content=\"image\/png\" \/>\n<meta name=\"twitter:card\" content=\"summary_large_image\" \/>\n<meta name=\"twitter:label1\" content=\"Dur\u00e9e de lecture estim\u00e9e\" \/>\n\t<meta name=\"twitter:data1\" content=\"4 minutes\" \/>\n<script type=\"application\/ld+json\" class=\"yoast-schema-graph\">{\"@context\":\"https:\/\/schema.org\",\"@graph\":[{\"@type\":\"WebPage\",\"@id\":\"https:\/\/dmi65.com\/fr\/regions\/eau-potable-de-lasie-du-sud-est\/\",\"url\":\"https:\/\/dmi65.com\/fr\/regions\/eau-potable-de-lasie-du-sud-est\/\",\"name\":\"Eau potable de l\u2019Asie du Sud-Est avec des supports de filtration - DMI-65\u00ae\",\"isPartOf\":{\"@id\":\"https:\/\/dmi65.com\/fr\/#website\"},\"datePublished\":\"2020-08-11T07:06:24+00:00\",\"dateModified\":\"2020-08-11T07:06:26+00:00\",\"description\":\"Le DMI-65 peut contribuer \u00e0 assurer la s\u00e9curit\u00e9 de l\u2019eau dans toute la r\u00e9gion de l\u2019Asie du Sud-Est, en \u00e9liminant les m\u00e9taux lourds pour la qualit\u00e9 de l\u2019eau potable.\",\"breadcrumb\":{\"@id\":\"https:\/\/dmi65.com\/fr\/regions\/eau-potable-de-lasie-du-sud-est\/#breadcrumb\"},\"inLanguage\":\"fr-FR\",\"potentialAction\":[{\"@type\":\"ReadAction\",\"target\":[\"https:\/\/dmi65.com\/fr\/regions\/eau-potable-de-lasie-du-sud-est\/\"]}]},{\"@type\":\"BreadcrumbList\",\"@id\":\"https:\/\/dmi65.com\/fr\/regions\/eau-potable-de-lasie-du-sud-est\/#breadcrumb\",\"itemListElement\":[{\"@type\":\"ListItem\",\"position\":1,\"name\":\"Home\",\"item\":\"https:\/\/dmi65.com\/fr\/\"},{\"@type\":\"ListItem\",\"position\":2,\"name\":\"R\u00e9gions\",\"item\":\"https:\/\/dmi65.com\/fr\/regions\/\"},{\"@type\":\"ListItem\",\"position\":3,\"name\":\"Eau potable de l\u2019Asie du Sud-Est\"}]},{\"@type\":\"WebSite\",\"@id\":\"https:\/\/dmi65.com\/fr\/#website\",\"url\":\"https:\/\/dmi65.com\/fr\/\",\"name\":\"DMI-65\u00ae\",\"description\":\"Water Filtration &amp; Reverse Osmosis Treatment, Catalytic Media\",\"publisher\":{\"@id\":\"https:\/\/dmi65.com\/fr\/#organization\"},\"potentialAction\":[{\"@type\":\"SearchAction\",\"target\":{\"@type\":\"EntryPoint\",\"urlTemplate\":\"https:\/\/dmi65.com\/fr\/?s={search_term_string}\"},\"query-input\":{\"@type\":\"PropertyValueSpecification\",\"valueRequired\":true,\"valueName\":\"search_term_string\"}}],\"inLanguage\":\"fr-FR\"},{\"@type\":\"Organization\",\"@id\":\"https:\/\/dmi65.com\/fr\/#organization\",\"name\":\"DMI-65 & Quantum Filtration Pty Ltd\",\"url\":\"https:\/\/dmi65.com\/fr\/\",\"logo\":{\"@type\":\"ImageObject\",\"inLanguage\":\"fr-FR\",\"@id\":\"https:\/\/dmi65.com\/fr\/#\/schema\/logo\/image\/\",\"url\":\"https:\/\/dmi65.com\/wp-content\/uploads\/2020\/04\/dmi65.png\",\"contentUrl\":\"https:\/\/dmi65.com\/wp-content\/uploads\/2020\/04\/dmi65.png\",\"width\":440,\"height\":205,\"caption\":\"DMI-65 & Quantum Filtration Pty Ltd\"},\"image\":{\"@id\":\"https:\/\/dmi65.com\/fr\/#\/schema\/logo\/image\/\"},\"sameAs\":[\"https:\/\/www.linkedin.com\/company\/dmi-65\",\"https:\/\/www.youtube.com\/channel\/UCbXoMn5KBp2jrnx4KR_Qg4A\"]}]}<\/script>\n<!-- \/ Yoast SEO plugin. -->","yoast_head_json":{"title":"Eau potable de l\u2019Asie du Sud-Est avec des supports de filtration - DMI-65\u00ae","description":"Le DMI-65 peut contribuer \u00e0 assurer la s\u00e9curit\u00e9 de l\u2019eau dans toute la r\u00e9gion de l\u2019Asie du Sud-Est, en \u00e9liminant les m\u00e9taux lourds pour la qualit\u00e9 de l\u2019eau potable.","robots":{"index":"index","follow":"follow","max-snippet":"max-snippet:-1","max-image-preview":"max-image-preview:large","max-video-preview":"max-video-preview:-1"},"canonical":"https:\/\/dmi65.com\/fr\/regions\/eau-potable-de-lasie-du-sud-est\/","og_locale":"fr_FR","og_type":"article","og_title":"Eau potable de l\u2019Asie du Sud-Est avec des supports de filtration - DMI-65\u00ae","og_description":"Le DMI-65 peut contribuer \u00e0 assurer la s\u00e9curit\u00e9 de l\u2019eau dans toute la r\u00e9gion de l\u2019Asie du Sud-Est, en \u00e9liminant les m\u00e9taux lourds pour la qualit\u00e9 de l\u2019eau potable.","og_url":"https:\/\/dmi65.com\/fr\/regions\/eau-potable-de-lasie-du-sud-est\/","og_site_name":"DMI-65\u00ae","article_modified_time":"2020-08-11T07:06:26+00:00","og_image":[{"width":466,"height":200,"url":"https:\/\/dmi65.com\/wp-content\/uploads\/2020\/06\/dmi65_Logo_Blk.png","type":"image\/png"}],"twitter_card":"summary_large_image","twitter_misc":{"Dur\u00e9e de lecture estim\u00e9e":"4 minutes"},"schema":{"@context":"https:\/\/schema.org","@graph":[{"@type":"WebPage","@id":"https:\/\/dmi65.com\/fr\/regions\/eau-potable-de-lasie-du-sud-est\/","url":"https:\/\/dmi65.com\/fr\/regions\/eau-potable-de-lasie-du-sud-est\/","name":"Eau potable de l\u2019Asie du Sud-Est avec des supports de filtration - DMI-65\u00ae","isPartOf":{"@id":"https:\/\/dmi65.com\/fr\/#website"},"datePublished":"2020-08-11T07:06:24+00:00","dateModified":"2020-08-11T07:06:26+00:00","description":"Le DMI-65 peut contribuer \u00e0 assurer la s\u00e9curit\u00e9 de l\u2019eau dans toute la r\u00e9gion de l\u2019Asie du Sud-Est, en \u00e9liminant les m\u00e9taux lourds pour la qualit\u00e9 de l\u2019eau potable.","breadcrumb":{"@id":"https:\/\/dmi65.com\/fr\/regions\/eau-potable-de-lasie-du-sud-est\/#breadcrumb"},"inLanguage":"fr-FR","potentialAction":[{"@type":"ReadAction","target":["https:\/\/dmi65.com\/fr\/regions\/eau-potable-de-lasie-du-sud-est\/"]}]},{"@type":"BreadcrumbList","@id":"https:\/\/dmi65.com\/fr\/regions\/eau-potable-de-lasie-du-sud-est\/#breadcrumb","itemListElement":[{"@type":"ListItem","position":1,"name":"Home","item":"https:\/\/dmi65.com\/fr\/"},{"@type":"ListItem","position":2,"name":"R\u00e9gions","item":"https:\/\/dmi65.com\/fr\/regions\/"},{"@type":"ListItem","position":3,"name":"Eau potable de l\u2019Asie du Sud-Est"}]},{"@type":"WebSite","@id":"https:\/\/dmi65.com\/fr\/#website","url":"https:\/\/dmi65.com\/fr\/","name":"DMI-65\u00ae","description":"Water Filtration &amp; Reverse Osmosis Treatment, Catalytic Media","publisher":{"@id":"https:\/\/dmi65.com\/fr\/#organization"},"potentialAction":[{"@type":"SearchAction","target":{"@type":"EntryPoint","urlTemplate":"https:\/\/dmi65.com\/fr\/?s={search_term_string}"},"query-input":{"@type":"PropertyValueSpecification","valueRequired":true,"valueName":"search_term_string"}}],"inLanguage":"fr-FR"},{"@type":"Organization","@id":"https:\/\/dmi65.com\/fr\/#organization","name":"DMI-65 & Quantum Filtration Pty Ltd","url":"https:\/\/dmi65.com\/fr\/","logo":{"@type":"ImageObject","inLanguage":"fr-FR","@id":"https:\/\/dmi65.com\/fr\/#\/schema\/logo\/image\/","url":"https:\/\/dmi65.com\/wp-content\/uploads\/2020\/04\/dmi65.png","contentUrl":"https:\/\/dmi65.com\/wp-content\/uploads\/2020\/04\/dmi65.png","width":440,"height":205,"caption":"DMI-65 & Quantum Filtration Pty Ltd"},"image":{"@id":"https:\/\/dmi65.com\/fr\/#\/schema\/logo\/image\/"},"sameAs":["https:\/\/www.linkedin.com\/company\/dmi-65","https:\/\/www.youtube.com\/channel\/UCbXoMn5KBp2jrnx4KR_Qg4A"]}]}},"_links":{"self":[{"href":"https:\/\/dmi65.com\/fr\/wp-json\/wp\/v2\/pages\/9974","targetHints":{"allow":["GET"]}}],"collection":[{"href":"https:\/\/dmi65.com\/fr\/wp-json\/wp\/v2\/pages"}],"about":[{"href":"https:\/\/dmi65.com\/fr\/wp-json\/wp\/v2\/types\/page"}],"author":[{"embeddable":true,"href":"https:\/\/dmi65.com\/fr\/wp-json\/wp\/v2\/users\/1"}],"replies":[{"embeddable":true,"href":"https:\/\/dmi65.com\/fr\/wp-json\/wp\/v2\/comments?post=9974"}],"version-history":[{"count":3,"href":"https:\/\/dmi65.com\/fr\/wp-json\/wp\/v2\/pages\/9974\/revisions"}],"predecessor-version":[{"id":9977,"href":"https:\/\/dmi65.com\/fr\/wp-json\/wp\/v2\/pages\/9974\/revisions\/9977"}],"up":[{"embeddable":true,"href":"https:\/\/dmi65.com\/fr\/wp-json\/wp\/v2\/pages\/7122"}],"wp:attachment":[{"href":"https:\/\/dmi65.com\/fr\/wp-json\/wp\/v2\/media?parent=9974"}],"curies":[{"name":"wp","href":"https:\/\/api.w.org\/{rel}","templated":true}]}}