{"id":9939,"date":"2020-08-11T15:03:16","date_gmt":"2020-08-11T07:03:16","guid":{"rendered":"https:\/\/dmi65.com\/regions\/crise-de-leau-en-afrique-du-sud\/"},"modified":"2020-08-11T15:03:20","modified_gmt":"2020-08-11T07:03:20","slug":"crise-de-leau-en-afrique-du-sud","status":"publish","type":"page","link":"https:\/\/dmi65.com\/fr\/regions\/crise-de-leau-en-afrique-du-sud\/","title":{"rendered":"Crise de l\u2019eau en Afrique du Sud"},"content":{"rendered":"<div class=\"wpb-content-wrapper\"><p>[vc_row][vc_column][vc_column_text]Crise de l\u2019eau en Afrique du Sud: L\u2019Afrique du Sud est un pays environ deux fois la taille du Texas, il est le foyer de 49 millions de personnes. Ce pays a \u00e9t\u00e9 frapp\u00e9 par des effets de l\u2019apartheid de longue date \u00e0 la d\u00e9vastation caus\u00e9e par des maladies comme le VIH\/sida et la tuberculose. Maintenant, une autre crise se profile au loin: l\u2019eau. Comme de plus en plus de gens migrent dans les villes \u00e0 partir de villages ruraux la pression pour la ville pour r\u00e9pondre \u00e0 la demande d\u2019eau ne cesse de s\u2019accro\u00eetre.<\/p>\n<p>Il y a de nombreuses raisons qui expliquent cette crise croissante de l\u2019eau en Afrique du Sud. Le changement climatique a affect\u00e9 l\u2019approvisionnement en eau dans la r\u00e9gion. Les pluies qui viennent habituellement approvisionner l\u2019eau du pays sont venues rarement. Par exemple, \u00e0 Durban, les barrages sont inf\u00e9rieurs de 20 % \u00e0 ceux du d\u00e9but de 2010. En raison de ce fait, les villes cherchent \u00e0 imposer des restrictions d\u2019eau sur les communaut\u00e9s Un autre probl\u00e8me que Durban en particulier fait face est l\u2019eau vol\u00e9e. Selon un rapport, 35 pour cent des villes de l\u2019eau est vol\u00e9e ou donn\u00e9e par des connexions ill\u00e9gales.<\/p>\n<p>En outre, les mesures pr\u00e9ventives qui ont \u00e9t\u00e9 mises en place, comme la construction de barrages dans la r\u00e9gion, n\u2019ont m\u00eame pas commenc\u00e9 ou sont encore en cours de construction et les structures qui sont en place aujourd\u2019hui s\u2019effondrent lentement. Ceux des zones rurales n\u2019ont toujours pas acc\u00e8s \u00e0 l\u2019eau. Un rapport indique qu\u2019environ 5 millions de personnes n\u2019ont pas acc\u00e8s \u00e0 l\u2019eau et 15 millions n\u2019ont pas acc\u00e8s \u00e0 l\u2019assainissement de base. Ce nombre s\u2019est grandement am\u00e9lior\u00e9 depuis la fin de l\u2019apartheid en 1994, mais ces chiffres sont encore trop \u00e9lev\u00e9s et aucune personne ne devrait jamais avoir acc\u00e8s \u00e0 la n\u00e9cessit\u00e9 la plus fondamentale de la vie, qui est l\u2019eau.<\/p>\n<p>Il est int\u00e9ressant de noter que l\u2019Afrique du Sud poss\u00e8de l\u2019un des syst\u00e8mes d\u2019eau les plus propres au monde, mais en raison du manque d\u2019assainissement et d\u2019acc\u00e8s dans les communaut\u00e9s rurales du pays, la menace d\u2019une maladie transmise par l\u2019eau ne cesse d\u2019augmenter. La rivi\u00e8re Vaal, le plus grand fleuve d\u2019Afrique du Sud et destination touristique populaire, est de plus en plus contamin\u00e9e par des mati\u00e8res f\u00e9cales en raison du manque de fournitures sanitaires.<\/p>\n<p>Les pr\u00e9cipitations en Afrique du Sud ont toujours \u00e9t\u00e9 variables et impr\u00e9visibles. Cela reste l\u2019un des risques les plus importants pour l\u2019agriculture pluviale, comme le vivent actuellement les agriculteurs de Karoo (Northern Cape). Des approvisionnements fiables peuvent \u00eatre fournis aux utilisateurs d\u2019eau urbains et industriels \u2013 et aux producteurs d\u2019irrigation \u2013 si l\u2019infrastructure de stockage est construite avec une capacit\u00e9 suffisante pour faire face aux p\u00e9riodes s\u00e8ches r\u00e9guli\u00e8res. Mais cette infrastructure doit \u00eatre g\u00e9r\u00e9e avec un \u0153il attentif sur le climat en constante \u00e9volution.<\/p>\n<p>Des recherches r\u00e9centes ont montr\u00e9 que l\u2019approvisionnement en eau souterraine en Afrique n\u2019est pas encore affect\u00e9 n\u00e9gativement. Les temp\u00e9ratures plus chaudes verront plus d\u2019\u00e9vaporation de la surface de la terre, mais on s\u2019attend \u00e9galement \u00e0 ce que les temp\u00eates deviennent plus intenses. Plus de pluie tombera dans un temps plus court et cela produit plus de recharge que de pluie lente et douce. Le m\u00eame effet pourrait voir les d\u00e9bits des rivi\u00e8res augmenter. \u00c0 l\u2019heure actuelle, l\u2019Afrique du Sud n\u2019utilise qu\u2019environ 30 % de l\u2019eau dans ses rivi\u00e8res et sous terre. Utiliser plus deviendrait rapidement plus co\u00fbteux. Mais le changement climatique peut aider. \u00c0 l\u2019heure actuelle, seulement 8 % des pr\u00e9cipitations s\u2019\u00e9coulent r\u00e9ellement dans les rivi\u00e8res et sont ensuite disponibles pour \u00eatre utilis\u00e9es ou stock\u00e9es dans les barrages. Si les pr\u00e9cipitations deviennent plus intenses, cette proportion sera plus \u00e9lev\u00e9e.<\/p>\n<p>Des municipalit\u00e9s comme <a href=\"https:\/\/en.wikipedia.org\/wiki\/George,_Western_Cape\" target=\"_blank\" rel=\"noopener noreferrer\">George,<\/a>situ\u00e9e dans la province du Cap-Occidental, ont r\u00e9solu la crise de l\u2019eau en utilisant le DMI-65 dans leurs usines de traitement de l\u2019eau potable. Le DMI-65 est un filtre catalytique avanc\u00e9 qui \u00e9limine les m\u00e9taux lourds de l\u2019approvisionnement en eau souterraine. Les communaut\u00e9s locales de la municipalit\u00e9 de George avaient auparavant des probl\u00e8mes terribles avec les niveaux excessifs de fer et de mangan\u00e8se dans leur approvisionnement en eau, l\u2019eau avait l\u2019air brun et avait une mauvaise odeur. Depuis la mise en \u0153uvre du DMI-65, la qualit\u00e9 de l\u2019eau potable locale s\u2019est nettement am\u00e9lior\u00e9e, au point que le gouvernement George fournit maintenant de l\u2019eau potable aux cantons environnants. Plusieurs autres cantons cherchent maintenant \u00e0 mettre en \u0153uvre <a href=\"https:\/\/dmi65.com\/fr\/technique\/comment-il-fonctionne\/\">le DMI-65<\/a> afin d\u2019am\u00e9liorer la qualit\u00e9 de leur eau potable communautaire.<\/p>\n<h4>DMI-65 est un filtre catalytique avanc\u00e9 qui \u00e9limine les m\u00e9taux lourds et peut \u00eatre utilis\u00e9 pour aider \u00e0 la crise de l\u2019eau en Afrique du Sud.<\/h4>\n<p>[\/vc_column_text][\/vc_column][\/vc_row][vc_row content_placement=\u00a0\u00bbmiddle\u00a0\u00bb css=\u00a0\u00bb.vc_custom_1592794121420{padding-top: 20px !important;padding-right: 20px !important;padding-bottom: 5px !important;padding-left: 20px !important;}\u00a0\u00bb el_class=\u00a0\u00bbcta\u00a0\u00bb][vc_column]<div class=\"dt-fancy-separator\" style=\"width: 100%;\"><div class=\"dt-fancy-title\"><span class=\"separator-holder separator-left\"><\/span>Renseignez-vous pour savoir comment les supports de filtration DMI-65\u00ae peuvent aider \u00e0 la crise de l\u2019eau en Afrique du Sud<span class=\"separator-holder separator-right\"><\/span><\/div><\/div>[vc_btn title=\u00a0\u00bbRenseignez-vous\u00a0\u00bb style=\u00a0\u00bbcustom\u00a0\u00bb custom_background=\u00a0\u00bb#162441&Prime; custom_text=\u00a0\u00bb#ffffff\u00a0\u00bb shape=\u00a0\u00bbsquare\u00a0\u00bb size=\u00a0\u00bblg\u00a0\u00bb align=\u00a0\u00bbcenter\u00a0\u00bb i_align=\u00a0\u00bbright\u00a0\u00bb i_icon_fontawesome=\u00a0\u00bbfas fa-chevron-right\u00a0\u00bb add_icon=\u00a0\u00bbtrue\u00a0\u00bb css=\u00a0\u00bb.vc_custom_1592793128520{margin-top: 20px !important;}\u00a0\u00bb el_class=\u00a0\u00bbctaButton sg-popup-id-8233&Prime;][\/vc_column][\/vc_row][vc_row][vc_column][vc_empty_space]<div class=\"dt-fancy-separator title-left\" style=\"width: 100%;\"><div class=\"dt-fancy-title\"><span class=\"separator-holder separator-left\"><\/span>\u00c9tudes de cas en Afrique du Sud<span class=\"separator-holder separator-right\"><\/span><\/div><\/div>[vc_empty_space][\/vc_column][\/vc_row][vc_row][vc_column][vc_basic_grid post_type=\u00a0\u00bbpost\u00a0\u00bb max_items=\u00a0\u00bb2&Prime; element_width=\u00a0\u00bb6&Prime; item=\u00a0\u00bbmasonryGrid_Default\u00a0\u00bb grid_id=\u00a0\u00bbvc_gid:1597129268861-a296b67c-b68b-2&Prime; taxonomies=\u00a0\u00bb944&Prime;][\/vc_column][\/vc_row]<\/p>\n<\/div>","protected":false},"excerpt":{"rendered":"<p>[vc_row][vc_column][vc_column_text]Crise de l\u2019eau en Afrique du Sud: L\u2019Afrique du Sud est un pays environ deux fois la taille du Texas, il est le foyer de 49 millions de personnes. Ce pays a \u00e9t\u00e9 frapp\u00e9 par des effets de l\u2019apartheid de longue date \u00e0 la d\u00e9vastation caus\u00e9e par des maladies comme le VIH\/sida et la tuberculose.&hellip;<\/p>\n","protected":false},"author":1,"featured_media":0,"parent":7122,"menu_order":0,"comment_status":"closed","ping_status":"closed","template":"","meta":{"content-type":"","footnotes":""},"class_list":["post-9939","page","type-page","status-publish","hentry","description-off"],"yoast_head":"<!-- This site is optimized with the Yoast SEO plugin v25.2 - https:\/\/yoast.com\/wordpress\/plugins\/seo\/ -->\n<title>R\u00e9soudre la crise de l\u2019eau en Afrique du Sud avec DMI-65 - DMI-65\u00ae<\/title>\n<meta name=\"description\" content=\"DMI-65 est un filtre catalytique avanc\u00e9 qui \u00e9limine les m\u00e9taux lourds et peut \u00eatre utilis\u00e9 pour aider \u00e0 la crise de l\u2019eau en Afrique du Sud.\" \/>\n<meta name=\"robots\" content=\"index, follow, max-snippet:-1, max-image-preview:large, max-video-preview:-1\" \/>\n<link rel=\"canonical\" href=\"https:\/\/dmi65.com\/fr\/regions\/crise-de-leau-en-afrique-du-sud\/\" \/>\n<meta property=\"og:locale\" content=\"fr_FR\" \/>\n<meta property=\"og:type\" content=\"article\" \/>\n<meta property=\"og:title\" content=\"R\u00e9soudre la crise de l\u2019eau en Afrique du Sud avec DMI-65 - DMI-65\u00ae\" \/>\n<meta property=\"og:description\" content=\"DMI-65 est un filtre catalytique avanc\u00e9 qui \u00e9limine les m\u00e9taux lourds et peut \u00eatre utilis\u00e9 pour aider \u00e0 la crise de l\u2019eau en Afrique du Sud.\" \/>\n<meta property=\"og:url\" content=\"https:\/\/dmi65.com\/fr\/regions\/crise-de-leau-en-afrique-du-sud\/\" \/>\n<meta property=\"og:site_name\" content=\"DMI-65\u00ae\" \/>\n<meta property=\"article:modified_time\" content=\"2020-08-11T07:03:20+00:00\" \/>\n<meta property=\"og:image\" content=\"https:\/\/dmi65.com\/wp-content\/uploads\/2020\/06\/dmi65_Logo_Blk.png\" \/>\n\t<meta property=\"og:image:width\" content=\"466\" \/>\n\t<meta property=\"og:image:height\" content=\"200\" \/>\n\t<meta property=\"og:image:type\" content=\"image\/png\" \/>\n<meta name=\"twitter:card\" content=\"summary_large_image\" \/>\n<meta name=\"twitter:label1\" content=\"Dur\u00e9e de lecture estim\u00e9e\" \/>\n\t<meta name=\"twitter:data1\" content=\"5 minutes\" \/>\n<script type=\"application\/ld+json\" class=\"yoast-schema-graph\">{\"@context\":\"https:\/\/schema.org\",\"@graph\":[{\"@type\":\"WebPage\",\"@id\":\"https:\/\/dmi65.com\/fr\/regions\/crise-de-leau-en-afrique-du-sud\/\",\"url\":\"https:\/\/dmi65.com\/fr\/regions\/crise-de-leau-en-afrique-du-sud\/\",\"name\":\"R\u00e9soudre la crise de l\u2019eau en Afrique du Sud avec DMI-65 - DMI-65\u00ae\",\"isPartOf\":{\"@id\":\"https:\/\/dmi65.com\/fr\/#website\"},\"datePublished\":\"2020-08-11T07:03:16+00:00\",\"dateModified\":\"2020-08-11T07:03:20+00:00\",\"description\":\"DMI-65 est un filtre catalytique avanc\u00e9 qui \u00e9limine les m\u00e9taux lourds et peut \u00eatre utilis\u00e9 pour aider \u00e0 la crise de l\u2019eau en Afrique du Sud.\",\"breadcrumb\":{\"@id\":\"https:\/\/dmi65.com\/fr\/regions\/crise-de-leau-en-afrique-du-sud\/#breadcrumb\"},\"inLanguage\":\"fr-FR\",\"potentialAction\":[{\"@type\":\"ReadAction\",\"target\":[\"https:\/\/dmi65.com\/fr\/regions\/crise-de-leau-en-afrique-du-sud\/\"]}]},{\"@type\":\"BreadcrumbList\",\"@id\":\"https:\/\/dmi65.com\/fr\/regions\/crise-de-leau-en-afrique-du-sud\/#breadcrumb\",\"itemListElement\":[{\"@type\":\"ListItem\",\"position\":1,\"name\":\"Home\",\"item\":\"https:\/\/dmi65.com\/fr\/\"},{\"@type\":\"ListItem\",\"position\":2,\"name\":\"R\u00e9gions\",\"item\":\"https:\/\/dmi65.com\/fr\/regions\/\"},{\"@type\":\"ListItem\",\"position\":3,\"name\":\"Crise de l\u2019eau en Afrique du Sud\"}]},{\"@type\":\"WebSite\",\"@id\":\"https:\/\/dmi65.com\/fr\/#website\",\"url\":\"https:\/\/dmi65.com\/fr\/\",\"name\":\"DMI-65\u00ae\",\"description\":\"Water Filtration &amp; Reverse Osmosis Treatment, Catalytic Media\",\"publisher\":{\"@id\":\"https:\/\/dmi65.com\/fr\/#organization\"},\"potentialAction\":[{\"@type\":\"SearchAction\",\"target\":{\"@type\":\"EntryPoint\",\"urlTemplate\":\"https:\/\/dmi65.com\/fr\/?s={search_term_string}\"},\"query-input\":{\"@type\":\"PropertyValueSpecification\",\"valueRequired\":true,\"valueName\":\"search_term_string\"}}],\"inLanguage\":\"fr-FR\"},{\"@type\":\"Organization\",\"@id\":\"https:\/\/dmi65.com\/fr\/#organization\",\"name\":\"DMI-65 & Quantum Filtration Pty Ltd\",\"url\":\"https:\/\/dmi65.com\/fr\/\",\"logo\":{\"@type\":\"ImageObject\",\"inLanguage\":\"fr-FR\",\"@id\":\"https:\/\/dmi65.com\/fr\/#\/schema\/logo\/image\/\",\"url\":\"https:\/\/dmi65.com\/wp-content\/uploads\/2020\/04\/dmi65.png\",\"contentUrl\":\"https:\/\/dmi65.com\/wp-content\/uploads\/2020\/04\/dmi65.png\",\"width\":440,\"height\":205,\"caption\":\"DMI-65 & Quantum Filtration Pty Ltd\"},\"image\":{\"@id\":\"https:\/\/dmi65.com\/fr\/#\/schema\/logo\/image\/\"},\"sameAs\":[\"https:\/\/www.linkedin.com\/company\/dmi-65\",\"https:\/\/www.youtube.com\/channel\/UCbXoMn5KBp2jrnx4KR_Qg4A\"]}]}<\/script>\n<!-- \/ Yoast SEO plugin. -->","yoast_head_json":{"title":"R\u00e9soudre la crise de l\u2019eau en Afrique du Sud avec DMI-65 - DMI-65\u00ae","description":"DMI-65 est un filtre catalytique avanc\u00e9 qui \u00e9limine les m\u00e9taux lourds et peut \u00eatre utilis\u00e9 pour aider \u00e0 la crise de l\u2019eau en Afrique du Sud.","robots":{"index":"index","follow":"follow","max-snippet":"max-snippet:-1","max-image-preview":"max-image-preview:large","max-video-preview":"max-video-preview:-1"},"canonical":"https:\/\/dmi65.com\/fr\/regions\/crise-de-leau-en-afrique-du-sud\/","og_locale":"fr_FR","og_type":"article","og_title":"R\u00e9soudre la crise de l\u2019eau en Afrique du Sud avec DMI-65 - DMI-65\u00ae","og_description":"DMI-65 est un filtre catalytique avanc\u00e9 qui \u00e9limine les m\u00e9taux lourds et peut \u00eatre utilis\u00e9 pour aider \u00e0 la crise de l\u2019eau en Afrique du Sud.","og_url":"https:\/\/dmi65.com\/fr\/regions\/crise-de-leau-en-afrique-du-sud\/","og_site_name":"DMI-65\u00ae","article_modified_time":"2020-08-11T07:03:20+00:00","og_image":[{"width":466,"height":200,"url":"https:\/\/dmi65.com\/wp-content\/uploads\/2020\/06\/dmi65_Logo_Blk.png","type":"image\/png"}],"twitter_card":"summary_large_image","twitter_misc":{"Dur\u00e9e de lecture estim\u00e9e":"5 minutes"},"schema":{"@context":"https:\/\/schema.org","@graph":[{"@type":"WebPage","@id":"https:\/\/dmi65.com\/fr\/regions\/crise-de-leau-en-afrique-du-sud\/","url":"https:\/\/dmi65.com\/fr\/regions\/crise-de-leau-en-afrique-du-sud\/","name":"R\u00e9soudre la crise de l\u2019eau en Afrique du Sud avec DMI-65 - DMI-65\u00ae","isPartOf":{"@id":"https:\/\/dmi65.com\/fr\/#website"},"datePublished":"2020-08-11T07:03:16+00:00","dateModified":"2020-08-11T07:03:20+00:00","description":"DMI-65 est un filtre catalytique avanc\u00e9 qui \u00e9limine les m\u00e9taux lourds et peut \u00eatre utilis\u00e9 pour aider \u00e0 la crise de l\u2019eau en Afrique du Sud.","breadcrumb":{"@id":"https:\/\/dmi65.com\/fr\/regions\/crise-de-leau-en-afrique-du-sud\/#breadcrumb"},"inLanguage":"fr-FR","potentialAction":[{"@type":"ReadAction","target":["https:\/\/dmi65.com\/fr\/regions\/crise-de-leau-en-afrique-du-sud\/"]}]},{"@type":"BreadcrumbList","@id":"https:\/\/dmi65.com\/fr\/regions\/crise-de-leau-en-afrique-du-sud\/#breadcrumb","itemListElement":[{"@type":"ListItem","position":1,"name":"Home","item":"https:\/\/dmi65.com\/fr\/"},{"@type":"ListItem","position":2,"name":"R\u00e9gions","item":"https:\/\/dmi65.com\/fr\/regions\/"},{"@type":"ListItem","position":3,"name":"Crise de l\u2019eau en Afrique du Sud"}]},{"@type":"WebSite","@id":"https:\/\/dmi65.com\/fr\/#website","url":"https:\/\/dmi65.com\/fr\/","name":"DMI-65\u00ae","description":"Water Filtration &amp; Reverse Osmosis Treatment, Catalytic Media","publisher":{"@id":"https:\/\/dmi65.com\/fr\/#organization"},"potentialAction":[{"@type":"SearchAction","target":{"@type":"EntryPoint","urlTemplate":"https:\/\/dmi65.com\/fr\/?s={search_term_string}"},"query-input":{"@type":"PropertyValueSpecification","valueRequired":true,"valueName":"search_term_string"}}],"inLanguage":"fr-FR"},{"@type":"Organization","@id":"https:\/\/dmi65.com\/fr\/#organization","name":"DMI-65 & Quantum Filtration Pty Ltd","url":"https:\/\/dmi65.com\/fr\/","logo":{"@type":"ImageObject","inLanguage":"fr-FR","@id":"https:\/\/dmi65.com\/fr\/#\/schema\/logo\/image\/","url":"https:\/\/dmi65.com\/wp-content\/uploads\/2020\/04\/dmi65.png","contentUrl":"https:\/\/dmi65.com\/wp-content\/uploads\/2020\/04\/dmi65.png","width":440,"height":205,"caption":"DMI-65 & Quantum Filtration Pty Ltd"},"image":{"@id":"https:\/\/dmi65.com\/fr\/#\/schema\/logo\/image\/"},"sameAs":["https:\/\/www.linkedin.com\/company\/dmi-65","https:\/\/www.youtube.com\/channel\/UCbXoMn5KBp2jrnx4KR_Qg4A"]}]}},"_links":{"self":[{"href":"https:\/\/dmi65.com\/fr\/wp-json\/wp\/v2\/pages\/9939","targetHints":{"allow":["GET"]}}],"collection":[{"href":"https:\/\/dmi65.com\/fr\/wp-json\/wp\/v2\/pages"}],"about":[{"href":"https:\/\/dmi65.com\/fr\/wp-json\/wp\/v2\/types\/page"}],"author":[{"embeddable":true,"href":"https:\/\/dmi65.com\/fr\/wp-json\/wp\/v2\/users\/1"}],"replies":[{"embeddable":true,"href":"https:\/\/dmi65.com\/fr\/wp-json\/wp\/v2\/comments?post=9939"}],"version-history":[{"count":3,"href":"https:\/\/dmi65.com\/fr\/wp-json\/wp\/v2\/pages\/9939\/revisions"}],"predecessor-version":[{"id":9942,"href":"https:\/\/dmi65.com\/fr\/wp-json\/wp\/v2\/pages\/9939\/revisions\/9942"}],"up":[{"embeddable":true,"href":"https:\/\/dmi65.com\/fr\/wp-json\/wp\/v2\/pages\/7122"}],"wp:attachment":[{"href":"https:\/\/dmi65.com\/fr\/wp-json\/wp\/v2\/media?parent=9939"}],"curies":[{"name":"wp","href":"https:\/\/api.w.org\/{rel}","templated":true}]}}