{"id":9884,"date":"2020-08-11T14:32:41","date_gmt":"2020-08-11T06:32:41","guid":{"rendered":"https:\/\/dmi65.com\/regions\/eau-potable-de-la-chine\/"},"modified":"2020-08-11T14:32:44","modified_gmt":"2020-08-11T06:32:44","slug":"eau-potable-de-la-chine","status":"publish","type":"page","link":"https:\/\/dmi65.com\/fr\/regions\/eau-potable-de-la-chine\/","title":{"rendered":"Eau potable de la Chine"},"content":{"rendered":"<div class=\"wpb-content-wrapper\"><p>[vc_row][vc_column][vc_column_text]<strong>Eau potable de la Chine:<\/strong> Les probl\u00e8mes d\u2019approvisionnement en eau de la Chine sont bien connus dans le monde entier. Cependant, le principal probl\u00e8me auquel la Chine est confront\u00e9e est de savoir comment distribuer son eau, plut\u00f4t que le manque d\u2019eau en soi. 80% de l\u2019approvisionnement en eau de la Chine se trouve dans <a href=\"https:\/\/en.wikipedia.org\/wiki\/South_China\" target=\"_blank\" rel=\"noopener noreferrer\">le sud de la Chine<\/a>. Mais cette eau ne peut pas \u00eatre utilis\u00e9e par la population de 12 provinces chinoises repr\u00e9sentant 41% de sa population totale, 38% de l\u2019agriculture chinoise, 46% de son industrie, et 50% de sa production d\u2019\u00e9lectricit\u00e9. Huit de ces provinces connaissent actuellement une forte p\u00e9nurie d\u2019eau, tandis que dans quatre provinces, l\u2019eau est simplement \u00ab rare \u00bb, et deux provinces sont en grande partie d\u00e9sertiques. En outre, le probl\u00e8me s\u2019aggrave, avec 28 000 rivi\u00e8res en Chine qui se sont ass\u00e9ch\u00e9es au cours des 25 derni\u00e8res ann\u00e9es. Et l\u2019app\u00e9tit de la Chine pour l\u2019eau continue de cro\u00eetre, avec une consommation qui devrait atteindre 670 milliards de m\u00e8tres cubes par an d\u2019ici le d\u00e9but des ann\u00e9es 2020.<\/p>\n<p>Au probl\u00e8me s\u2019ajoute le fait que l\u2019extraction du charbon est un processus \u00e0 forte intensit\u00e9 d\u2019eau et polluant, et 85 % des r\u00e9serves de charbon en Chine sont situ\u00e9es dans des provinces o\u00f9 l\u2019eau est rare et doit \u00eatre partag\u00e9e avec une grande industrie agricole. Selon certaines informations, 20 % de toute l\u2019utilisation de l\u2019eau en Chine est destin\u00e9e \u00e0 l\u2019exploitation mini\u00e8re, \u00e0 la transformation ou \u00e0 la consommation de charbon, et pr\u00e8s de 70 % \u00e0 des fins agricoles. La croissance rapide de la demande d\u2019eau, combin\u00e9e \u00e0 la d\u00e9pendance \u00e0 l\u2019\u00e9gard des eaux souterraines provenant des aquif\u00e8res, a entra\u00een\u00e9 un nouveau probl\u00e8me : l\u2019affaissement. Cela repr\u00e9sente une menace pour plus de 50 villes en Chine et est \u00e9troitement surveill\u00e9 par le gouvernement.<\/p>\n<p>L\u2019urbanisation a pos\u00e9 un \u00e9norme probl\u00e8me \u00e0 la soci\u00e9t\u00e9 de la classe moyenne en pleine croissance. Le grand nombre de personnes qui d\u00e9m\u00e9nagent dans les villes pour obtenir des possibilit\u00e9s d\u2019emploi, qui ont maintenant des attentes plus \u00e9lev\u00e9es et la qualit\u00e9 de l\u2019eau fait partie int\u00e9grante de ce mode de vie. De nombreuses villes \u00e0 travers la Chine utilisent des filtres \u00e0 sable rapide dans leurs usines municipales de traitement de l\u2019eau.<\/p>\n<h4><a href=\"https:\/\/dmi65.com\/fr\/technique\/comment-il-fonctionne\/\">Le DMI-65<\/a> peut facilement \u00eatre utilis\u00e9 dans ces filtres, afin d\u2019\u00e9liminer les m\u00e9taux lourds de l\u2019approvisionnement en eau souterraine et d\u2019am\u00e9liorer consid\u00e9rablement la qualit\u00e9 de l\u2019eau potable pour les communaut\u00e9s locales.<\/h4>\n<p>Sous l\u2019administration de Xi Jinping, P\u00e9kin, Tianjin et la province environnante du Hebei se sont consid\u00e9rablement d\u00e9velopp\u00e9s. Cependant, les 112 millions de personnes qui y vivent g\u00e8rent avec moins que la consommation annuelle d\u2019eau par habitant de l\u2019Arabie saoudite. En 2016, le maire de P\u00e9kin a annonc\u00e9 que, principalement en raison de la raret\u00e9 de l\u2019eau, la population de la ville ne pouvait pas d\u00e9passer 23 millions de personnes. En 2016, la province du Gansu a connu de graves probl\u00e8mes et les habitants n\u2019ont eu acc\u00e8s \u00e0 l\u2019eau qu\u2019une heure par jour, puis ont d\u00fb transporter l\u2019eau dans leurs immeubles de grande hauteur.<\/p>\n<p>Le gouvernement a annonc\u00e9 en 2015 qu\u2019il investirait 800 milliards de dollars canadiens (127 milliards de dollars EU) dans l\u2019am\u00e9lioration de l\u2019irrigation par le biais de projets de conservation de l\u2019eau, dont beaucoup \u00e9taient ax\u00e9s sur l\u2019am\u00e9lioration de l\u2019irrigation. Le gouvernement pr\u00e9voit \u00e9galement d\u2019investir plus de 6 billions de dollars au cours des prochaines ann\u00e9es, am\u00e9liorant l\u2019infrastructure de l\u2019eau en Chine et r\u00e9duisant la pollution de l\u2019eau.<\/p>\n<p>Les plans de la Chine pour lutter contre la pollution de l\u2019eau sont inclus dans le 13e <a href=\"https:\/\/www.chinawaterrisk.org\/notices\/chinas-13th-five-year-plan-2016-2020\/\">Plan quinquennal<\/a>, qui contient la strat\u00e9gie du gouvernement pour contrer ce probl\u00e8me, tout comme le Plan d\u2019allocation de l\u2019eau pour 2013 pour le d\u00e9veloppement des bases de charbon et le Plan eau \u00e0 10 points 2015. Le Plan d\u2019eau en 10 points vise \u00e0 promouvoir le recyclage et \u00e0 r\u00e9duire les niveaux de pollution afin d\u2019accro\u00eetre l\u2019approvisionnement en eau. Le 13e Plan quinquennal fixe des objectifs et pr\u00e9cise quel minist\u00e8re sera responsable de la mise en \u0153uvre de chaque partie du plan.[\/vc_column_text][\/vc_column][\/vc_row][vc_row content_placement=\u00a0\u00bbmiddle\u00a0\u00bb css=\u00a0\u00bb.vc_custom_1592794121420{padding-top: 20px !important;padding-right: 20px !important;padding-bottom: 5px !important;padding-left: 20px !important;}\u00a0\u00bb el_class=\u00a0\u00bbcta\u00a0\u00bb][vc_column]<div class=\"dt-fancy-separator\" style=\"width: 100%;\"><div class=\"dt-fancy-title\"><span class=\"separator-holder separator-left\"><\/span>Renseignez-vous pour savoir comment les supports de filtration DMI-65\u00ae peuvent \u00eatre utilis\u00e9s pour l\u2019eau potable en Chine.<span class=\"separator-holder separator-right\"><\/span><\/div><\/div>[vc_btn title=\u00a0\u00bbRenseignez-vous\u00a0\u00bb style=\u00a0\u00bbcustom\u00a0\u00bb custom_background=\u00a0\u00bb#162441&Prime; custom_text=\u00a0\u00bb#ffffff\u00a0\u00bb shape=\u00a0\u00bbsquare\u00a0\u00bb size=\u00a0\u00bblg\u00a0\u00bb align=\u00a0\u00bbcenter\u00a0\u00bb i_align=\u00a0\u00bbright\u00a0\u00bb i_icon_fontawesome=\u00a0\u00bbfas fa-chevron-right\u00a0\u00bb add_icon=\u00a0\u00bbtrue\u00a0\u00bb css=\u00a0\u00bb.vc_custom_1592793128520{margin-top: 20px !important;}\u00a0\u00bb el_class=\u00a0\u00bbctaButton sg-popup-id-8233&Prime;][\/vc_column][\/vc_row]<\/p>\n<\/div>","protected":false},"excerpt":{"rendered":"<p>[vc_row][vc_column][vc_column_text]Eau potable de la Chine: Les probl\u00e8mes d\u2019approvisionnement en eau de la Chine sont bien connus dans le monde entier. Cependant, le principal probl\u00e8me auquel la Chine est confront\u00e9e est de savoir comment distribuer son eau, plut\u00f4t que le manque d\u2019eau en soi. 80% de l\u2019approvisionnement en eau de la Chine se trouve dans le&hellip;<\/p>\n","protected":false},"author":1,"featured_media":0,"parent":7122,"menu_order":0,"comment_status":"closed","ping_status":"closed","template":"","meta":{"content-type":"","footnotes":""},"class_list":["post-9884","page","type-page","status-publish","hentry","description-off"],"yoast_head":"<!-- This site is optimized with the Yoast SEO plugin v25.2 - https:\/\/yoast.com\/wordpress\/plugins\/seo\/ -->\n<title>Eau potable de la Chine \u00e0 l\u2019aide de m\u00e9dias de filtration - DMI-65\u00ae<\/title>\n<meta name=\"description\" content=\"Eau potable de la Chine : le principal probl\u00e8me auquel la Chine est confront\u00e9e est de savoir comment distribuer son eau, plut\u00f4t que le manque d\u2019eau en soi.\" \/>\n<meta name=\"robots\" content=\"index, follow, max-snippet:-1, max-image-preview:large, max-video-preview:-1\" \/>\n<link rel=\"canonical\" href=\"https:\/\/dmi65.com\/fr\/regions\/eau-potable-de-la-chine\/\" \/>\n<meta property=\"og:locale\" content=\"fr_FR\" \/>\n<meta property=\"og:type\" content=\"article\" \/>\n<meta property=\"og:title\" content=\"Eau potable de la Chine \u00e0 l\u2019aide de m\u00e9dias de filtration - DMI-65\u00ae\" \/>\n<meta property=\"og:description\" content=\"Eau potable de la Chine : le principal probl\u00e8me auquel la Chine est confront\u00e9e est de savoir comment distribuer son eau, plut\u00f4t que le manque d\u2019eau en soi.\" \/>\n<meta property=\"og:url\" content=\"https:\/\/dmi65.com\/fr\/regions\/eau-potable-de-la-chine\/\" \/>\n<meta property=\"og:site_name\" content=\"DMI-65\u00ae\" \/>\n<meta property=\"article:modified_time\" content=\"2020-08-11T06:32:44+00:00\" \/>\n<meta property=\"og:image\" content=\"https:\/\/dmi65.com\/wp-content\/uploads\/2020\/06\/dmi65_Logo_Blk.png\" \/>\n\t<meta property=\"og:image:width\" content=\"466\" \/>\n\t<meta property=\"og:image:height\" content=\"200\" \/>\n\t<meta property=\"og:image:type\" content=\"image\/png\" \/>\n<meta name=\"twitter:card\" content=\"summary_large_image\" \/>\n<meta name=\"twitter:label1\" content=\"Dur\u00e9e de lecture estim\u00e9e\" \/>\n\t<meta name=\"twitter:data1\" content=\"4 minutes\" \/>\n<script type=\"application\/ld+json\" class=\"yoast-schema-graph\">{\"@context\":\"https:\/\/schema.org\",\"@graph\":[{\"@type\":\"WebPage\",\"@id\":\"https:\/\/dmi65.com\/fr\/regions\/eau-potable-de-la-chine\/\",\"url\":\"https:\/\/dmi65.com\/fr\/regions\/eau-potable-de-la-chine\/\",\"name\":\"Eau potable de la Chine \u00e0 l\u2019aide de m\u00e9dias de filtration - DMI-65\u00ae\",\"isPartOf\":{\"@id\":\"https:\/\/dmi65.com\/fr\/#website\"},\"datePublished\":\"2020-08-11T06:32:41+00:00\",\"dateModified\":\"2020-08-11T06:32:44+00:00\",\"description\":\"Eau potable de la Chine : le principal probl\u00e8me auquel la Chine est confront\u00e9e est de savoir comment distribuer son eau, plut\u00f4t que le manque d\u2019eau en soi.\",\"breadcrumb\":{\"@id\":\"https:\/\/dmi65.com\/fr\/regions\/eau-potable-de-la-chine\/#breadcrumb\"},\"inLanguage\":\"fr-FR\",\"potentialAction\":[{\"@type\":\"ReadAction\",\"target\":[\"https:\/\/dmi65.com\/fr\/regions\/eau-potable-de-la-chine\/\"]}]},{\"@type\":\"BreadcrumbList\",\"@id\":\"https:\/\/dmi65.com\/fr\/regions\/eau-potable-de-la-chine\/#breadcrumb\",\"itemListElement\":[{\"@type\":\"ListItem\",\"position\":1,\"name\":\"Home\",\"item\":\"https:\/\/dmi65.com\/fr\/\"},{\"@type\":\"ListItem\",\"position\":2,\"name\":\"R\u00e9gions\",\"item\":\"https:\/\/dmi65.com\/fr\/regions\/\"},{\"@type\":\"ListItem\",\"position\":3,\"name\":\"Eau potable de la Chine\"}]},{\"@type\":\"WebSite\",\"@id\":\"https:\/\/dmi65.com\/fr\/#website\",\"url\":\"https:\/\/dmi65.com\/fr\/\",\"name\":\"DMI-65\u00ae\",\"description\":\"Water Filtration &amp; Reverse Osmosis Treatment, Catalytic Media\",\"publisher\":{\"@id\":\"https:\/\/dmi65.com\/fr\/#organization\"},\"potentialAction\":[{\"@type\":\"SearchAction\",\"target\":{\"@type\":\"EntryPoint\",\"urlTemplate\":\"https:\/\/dmi65.com\/fr\/?s={search_term_string}\"},\"query-input\":{\"@type\":\"PropertyValueSpecification\",\"valueRequired\":true,\"valueName\":\"search_term_string\"}}],\"inLanguage\":\"fr-FR\"},{\"@type\":\"Organization\",\"@id\":\"https:\/\/dmi65.com\/fr\/#organization\",\"name\":\"DMI-65 & Quantum Filtration Pty Ltd\",\"url\":\"https:\/\/dmi65.com\/fr\/\",\"logo\":{\"@type\":\"ImageObject\",\"inLanguage\":\"fr-FR\",\"@id\":\"https:\/\/dmi65.com\/fr\/#\/schema\/logo\/image\/\",\"url\":\"https:\/\/dmi65.com\/wp-content\/uploads\/2020\/04\/dmi65.png\",\"contentUrl\":\"https:\/\/dmi65.com\/wp-content\/uploads\/2020\/04\/dmi65.png\",\"width\":440,\"height\":205,\"caption\":\"DMI-65 & Quantum Filtration Pty Ltd\"},\"image\":{\"@id\":\"https:\/\/dmi65.com\/fr\/#\/schema\/logo\/image\/\"},\"sameAs\":[\"https:\/\/www.linkedin.com\/company\/dmi-65\",\"https:\/\/www.youtube.com\/channel\/UCbXoMn5KBp2jrnx4KR_Qg4A\"]}]}<\/script>\n<!-- \/ Yoast SEO plugin. -->","yoast_head_json":{"title":"Eau potable de la Chine \u00e0 l\u2019aide de m\u00e9dias de filtration - DMI-65\u00ae","description":"Eau potable de la Chine : le principal probl\u00e8me auquel la Chine est confront\u00e9e est de savoir comment distribuer son eau, plut\u00f4t que le manque d\u2019eau en soi.","robots":{"index":"index","follow":"follow","max-snippet":"max-snippet:-1","max-image-preview":"max-image-preview:large","max-video-preview":"max-video-preview:-1"},"canonical":"https:\/\/dmi65.com\/fr\/regions\/eau-potable-de-la-chine\/","og_locale":"fr_FR","og_type":"article","og_title":"Eau potable de la Chine \u00e0 l\u2019aide de m\u00e9dias de filtration - DMI-65\u00ae","og_description":"Eau potable de la Chine : le principal probl\u00e8me auquel la Chine est confront\u00e9e est de savoir comment distribuer son eau, plut\u00f4t que le manque d\u2019eau en soi.","og_url":"https:\/\/dmi65.com\/fr\/regions\/eau-potable-de-la-chine\/","og_site_name":"DMI-65\u00ae","article_modified_time":"2020-08-11T06:32:44+00:00","og_image":[{"width":466,"height":200,"url":"https:\/\/dmi65.com\/wp-content\/uploads\/2020\/06\/dmi65_Logo_Blk.png","type":"image\/png"}],"twitter_card":"summary_large_image","twitter_misc":{"Dur\u00e9e de lecture estim\u00e9e":"4 minutes"},"schema":{"@context":"https:\/\/schema.org","@graph":[{"@type":"WebPage","@id":"https:\/\/dmi65.com\/fr\/regions\/eau-potable-de-la-chine\/","url":"https:\/\/dmi65.com\/fr\/regions\/eau-potable-de-la-chine\/","name":"Eau potable de la Chine \u00e0 l\u2019aide de m\u00e9dias de filtration - DMI-65\u00ae","isPartOf":{"@id":"https:\/\/dmi65.com\/fr\/#website"},"datePublished":"2020-08-11T06:32:41+00:00","dateModified":"2020-08-11T06:32:44+00:00","description":"Eau potable de la Chine : le principal probl\u00e8me auquel la Chine est confront\u00e9e est de savoir comment distribuer son eau, plut\u00f4t que le manque d\u2019eau en soi.","breadcrumb":{"@id":"https:\/\/dmi65.com\/fr\/regions\/eau-potable-de-la-chine\/#breadcrumb"},"inLanguage":"fr-FR","potentialAction":[{"@type":"ReadAction","target":["https:\/\/dmi65.com\/fr\/regions\/eau-potable-de-la-chine\/"]}]},{"@type":"BreadcrumbList","@id":"https:\/\/dmi65.com\/fr\/regions\/eau-potable-de-la-chine\/#breadcrumb","itemListElement":[{"@type":"ListItem","position":1,"name":"Home","item":"https:\/\/dmi65.com\/fr\/"},{"@type":"ListItem","position":2,"name":"R\u00e9gions","item":"https:\/\/dmi65.com\/fr\/regions\/"},{"@type":"ListItem","position":3,"name":"Eau potable de la Chine"}]},{"@type":"WebSite","@id":"https:\/\/dmi65.com\/fr\/#website","url":"https:\/\/dmi65.com\/fr\/","name":"DMI-65\u00ae","description":"Water Filtration &amp; Reverse Osmosis Treatment, Catalytic Media","publisher":{"@id":"https:\/\/dmi65.com\/fr\/#organization"},"potentialAction":[{"@type":"SearchAction","target":{"@type":"EntryPoint","urlTemplate":"https:\/\/dmi65.com\/fr\/?s={search_term_string}"},"query-input":{"@type":"PropertyValueSpecification","valueRequired":true,"valueName":"search_term_string"}}],"inLanguage":"fr-FR"},{"@type":"Organization","@id":"https:\/\/dmi65.com\/fr\/#organization","name":"DMI-65 & Quantum Filtration Pty Ltd","url":"https:\/\/dmi65.com\/fr\/","logo":{"@type":"ImageObject","inLanguage":"fr-FR","@id":"https:\/\/dmi65.com\/fr\/#\/schema\/logo\/image\/","url":"https:\/\/dmi65.com\/wp-content\/uploads\/2020\/04\/dmi65.png","contentUrl":"https:\/\/dmi65.com\/wp-content\/uploads\/2020\/04\/dmi65.png","width":440,"height":205,"caption":"DMI-65 & Quantum Filtration Pty Ltd"},"image":{"@id":"https:\/\/dmi65.com\/fr\/#\/schema\/logo\/image\/"},"sameAs":["https:\/\/www.linkedin.com\/company\/dmi-65","https:\/\/www.youtube.com\/channel\/UCbXoMn5KBp2jrnx4KR_Qg4A"]}]}},"_links":{"self":[{"href":"https:\/\/dmi65.com\/fr\/wp-json\/wp\/v2\/pages\/9884","targetHints":{"allow":["GET"]}}],"collection":[{"href":"https:\/\/dmi65.com\/fr\/wp-json\/wp\/v2\/pages"}],"about":[{"href":"https:\/\/dmi65.com\/fr\/wp-json\/wp\/v2\/types\/page"}],"author":[{"embeddable":true,"href":"https:\/\/dmi65.com\/fr\/wp-json\/wp\/v2\/users\/1"}],"replies":[{"embeddable":true,"href":"https:\/\/dmi65.com\/fr\/wp-json\/wp\/v2\/comments?post=9884"}],"version-history":[{"count":3,"href":"https:\/\/dmi65.com\/fr\/wp-json\/wp\/v2\/pages\/9884\/revisions"}],"predecessor-version":[{"id":9887,"href":"https:\/\/dmi65.com\/fr\/wp-json\/wp\/v2\/pages\/9884\/revisions\/9887"}],"up":[{"embeddable":true,"href":"https:\/\/dmi65.com\/fr\/wp-json\/wp\/v2\/pages\/7122"}],"wp:attachment":[{"href":"https:\/\/dmi65.com\/fr\/wp-json\/wp\/v2\/media?parent=9884"}],"curies":[{"name":"wp","href":"https:\/\/api.w.org\/{rel}","templated":true}]}}