{"id":9845,"date":"2020-08-10T20:26:29","date_gmt":"2020-08-10T12:26:29","guid":{"rendered":"https:\/\/dmi65.com\/regions\/eau-potable-de-linde\/"},"modified":"2020-08-10T20:27:01","modified_gmt":"2020-08-10T12:27:01","slug":"eau-potable-de-linde","status":"publish","type":"page","link":"https:\/\/dmi65.com\/fr\/regions\/eau-potable-de-linde\/","title":{"rendered":"Eau potable de l\u2019Inde"},"content":{"rendered":"<div class=\"wpb-content-wrapper\"><p>[vc_row][vc_column][vc_column_text]<strong>Inde Eau potable:<\/strong> Avec une population diversifi\u00e9e qui est trois fois la taille des \u00c9tats-Unis, mais un tiers de la taille physique, <a href=\"https:\/\/www.unicef.org\/india\/what-we-do\/clean-drinking-water\">l\u2019Inde<\/a> a la deuxi\u00e8me plus grande population dans le monde. Bien que l\u2019Inde ait apport\u00e9 des am\u00e9liorations au cours des derni\u00e8res d\u00e9cennies \u00e0 la fois \u00e0 la disponibilit\u00e9 et \u00e0 la qualit\u00e9 des r\u00e9seaux municipaux d\u2019eau potable, sa grande population a soulign\u00e9 que les ressources en eau pr\u00e9vues et les zones rurales sont laiss\u00e9es de c\u00f4t\u00e9. En outre, la croissance rapide dans les zones urbaines de l\u2019Inde a mis \u00e0 l\u2019\u00e9chelle les solutions gouvernementales, qui ont \u00e9t\u00e9 compromises par la privatisation excessive.<\/p>\n<p>Ind\u00e9pendamment de l\u2019am\u00e9lioration de l\u2019eau potable, de nombreuses autres sources d\u2019eau sont contamin\u00e9es par des polluants biologiques et chimiques, et plus de 21 % des maladies du pays sont li\u00e9es \u00e0 l\u2019eau. En outre, seulement 33 % du pays a acc\u00e8s \u00e0 l\u2019assainissement traditionnel. L\u2019une des pr\u00e9occupations est que l\u2019Inde n\u2019a peut-\u00eatre pas la disponibilit\u00e9 globale \u00e0 long terme de ressources en eau r\u00e9approvisionnables. Bien que les aquif\u00e8res de l\u2019Inde soient actuellement associ\u00e9s \u00e0 la reconstitution des sources, le pays est \u00e9galement un important producteur de c\u00e9r\u00e9ales ayant un grand besoin d\u2019eau pour soutenir la marchandise. Comme dans tous les pays o\u00f9 la production agricole est importante, la consommation excessive d\u2019eau pour la production alimentaire \u00e9puise la nappe phr\u00e9atique globale.<\/p>\n<p>De nombreuses communaut\u00e9s rurales en Inde qui sont situ\u00e9es \u00e0 la p\u00e9riph\u00e9rie de l\u2019\u00e9talement urbain n\u2019ont pas non plus d\u2019autre choix que de forer des puits pour acc\u00e9der aux sources d\u2019eau souterraine. Cependant, tout syst\u00e8me d\u2019eau suppl\u00e9mentaire ajoute \u00e0 l\u2019\u00e9puisement global de l\u2019eau. Il n\u2019y a pas de r\u00e9ponse facile pour l\u2019Inde qui doit puiser dans les sources d\u2019eau pour la nourriture et la subsistance humaine, mais la disponibilit\u00e9 globale de l\u2019eau de l\u2019Inde est \u00e0 sec. En outre, la p\u00e9nurie d\u2019eau en Inde devrait s\u2019aggraver, car la population globale devrait atteindre 1,6 milliard d\u2019ici 2050. \u00c0 cette fin, la p\u00e9nurie mondiale d\u2019eau devrait devenir l\u2019une des principales causes de conflits politiques nationaux \u00e0 l\u2019avenir, et le pronostic pour l\u2019Inde n\u2019est pas diff\u00e9rent.<\/p>\n<p>Sur une note positive, certaines r\u00e9gions de l\u2019Inde ont la chance d\u2019avoir un climat relativement humide, m\u00eame dans les r\u00e9gions les plus arides. Cependant, en l\u2019\u00e9tat d\u2019aucun programme de captage de la pluie, la majeure partie de l\u2019eau est d\u00e9plac\u00e9e ou ass\u00e9ch\u00e9e au lieu d\u2019\u00eatre utilis\u00e9e. Dans ces r\u00e9gions, la r\u00e9colte des pluies pourrait \u00eatre une solution pour la collecte de l\u2019eau. L\u2019eau recueillie peut \u00eatre imm\u00e9diatement utilis\u00e9e pour l\u2019agriculture, et avec des pratiques de filtration am\u00e9lior\u00e9es pour r\u00e9duire les agents pathog\u00e8nes d\u2019origine hydrique, \u00e9galement rapidement disponibles pour la consommation humaine.<\/p>\n<h4><a href=\"https:\/\/dmi65.com\/fr\/technique\/comment-il-fonctionne\/\">DMI-65<\/a> peut aider dans ce domaine, en \u00e9tant utilis\u00e9 dans les filtres commerciaux, les m\u00e9taux lourds nuisibles peuvent \u00eatre enlev\u00e9s. Cela contribuera \u00e0 am\u00e9liorer la qualit\u00e9 globale de l\u2019eau dans l\u2019ensemble des communaut\u00e9s en Inde.<\/h4>\n<p>[\/vc_column_text][\/vc_column][\/vc_row][vc_row content_placement=\u00a0\u00bbmiddle\u00a0\u00bb css=\u00a0\u00bb.vc_custom_1592794121420{padding-top: 20px !important;padding-right: 20px !important;padding-bottom: 5px !important;padding-left: 20px !important;}\u00a0\u00bb el_class=\u00a0\u00bbcta\u00a0\u00bb][vc_column]<div class=\"dt-fancy-separator\" style=\"width: 100%;\"><div class=\"dt-fancy-title\"><span class=\"separator-holder separator-left\"><\/span>Renseignez-vous pour savoir comment les supports de filtration DMI-65\u00ae peuvent aider avec les m\u00e9dias de filtration pour l\u2019eau potable en Inde.<span class=\"separator-holder separator-right\"><\/span><\/div><\/div>[vc_btn title=\u00a0\u00bbRenseignez-vous\u00a0\u00bb style=\u00a0\u00bbcustom\u00a0\u00bb custom_background=\u00a0\u00bb#162441&Prime; custom_text=\u00a0\u00bb#ffffff\u00a0\u00bb shape=\u00a0\u00bbsquare\u00a0\u00bb size=\u00a0\u00bblg\u00a0\u00bb align=\u00a0\u00bbcenter\u00a0\u00bb i_align=\u00a0\u00bbright\u00a0\u00bb i_icon_fontawesome=\u00a0\u00bbfas fa-chevron-right\u00a0\u00bb add_icon=\u00a0\u00bbtrue\u00a0\u00bb css=\u00a0\u00bb.vc_custom_1592793128520{margin-top: 20px !important;}\u00a0\u00bb el_class=\u00a0\u00bbctaButton sg-popup-id-8233&Prime;][\/vc_column][\/vc_row]<\/p>\n<\/div>","protected":false},"excerpt":{"rendered":"<p>[vc_row][vc_column][vc_column_text]Inde Eau potable: Avec une population diversifi\u00e9e qui est trois fois la taille des \u00c9tats-Unis, mais un tiers de la taille physique, l\u2019Inde a la deuxi\u00e8me plus grande population dans le monde. Bien que l\u2019Inde ait apport\u00e9 des am\u00e9liorations au cours des derni\u00e8res d\u00e9cennies \u00e0 la fois \u00e0 la disponibilit\u00e9 et \u00e0 la qualit\u00e9 des&hellip;<\/p>\n","protected":false},"author":1,"featured_media":0,"parent":7122,"menu_order":0,"comment_status":"closed","ping_status":"closed","template":"","meta":{"content-type":"","footnotes":""},"class_list":["post-9845","page","type-page","status-publish","hentry","description-off"],"yoast_head":"<!-- This site is optimized with the Yoast SEO plugin v25.2 - https:\/\/yoast.com\/wordpress\/plugins\/seo\/ -->\n<title>Support de filtration - Eau potable safe India - DMI-65\u00ae<\/title>\n<meta name=\"description\" content=\"Avec une grande population - l\u2019Inde fait face \u00e0 des d\u00e9fis importants avec l\u2019eau potable propre et s\u00fbre qui peut \u00eatre assist\u00e9e avec les m\u00e9dias DMI-65.\" \/>\n<meta name=\"robots\" content=\"index, follow, max-snippet:-1, max-image-preview:large, max-video-preview:-1\" \/>\n<link rel=\"canonical\" href=\"https:\/\/dmi65.com\/fr\/regions\/eau-potable-de-linde\/\" \/>\n<meta property=\"og:locale\" content=\"fr_FR\" \/>\n<meta property=\"og:type\" content=\"article\" \/>\n<meta property=\"og:title\" content=\"Support de filtration - Eau potable safe India - DMI-65\u00ae\" \/>\n<meta property=\"og:description\" content=\"Avec une grande population - l\u2019Inde fait face \u00e0 des d\u00e9fis importants avec l\u2019eau potable propre et s\u00fbre qui peut \u00eatre assist\u00e9e avec les m\u00e9dias DMI-65.\" \/>\n<meta property=\"og:url\" content=\"https:\/\/dmi65.com\/fr\/regions\/eau-potable-de-linde\/\" \/>\n<meta property=\"og:site_name\" content=\"DMI-65\u00ae\" \/>\n<meta property=\"article:modified_time\" content=\"2020-08-10T12:27:01+00:00\" \/>\n<meta property=\"og:image\" content=\"https:\/\/dmi65.com\/wp-content\/uploads\/2020\/06\/dmi65_Logo_Blk.png\" \/>\n\t<meta property=\"og:image:width\" content=\"466\" \/>\n\t<meta property=\"og:image:height\" content=\"200\" \/>\n\t<meta property=\"og:image:type\" content=\"image\/png\" \/>\n<meta name=\"twitter:card\" content=\"summary_large_image\" \/>\n<meta name=\"twitter:label1\" content=\"Dur\u00e9e de lecture estim\u00e9e\" \/>\n\t<meta name=\"twitter:data1\" content=\"3 minutes\" \/>\n<script type=\"application\/ld+json\" class=\"yoast-schema-graph\">{\"@context\":\"https:\/\/schema.org\",\"@graph\":[{\"@type\":\"WebPage\",\"@id\":\"https:\/\/dmi65.com\/fr\/regions\/eau-potable-de-linde\/\",\"url\":\"https:\/\/dmi65.com\/fr\/regions\/eau-potable-de-linde\/\",\"name\":\"Support de filtration - Eau potable safe India - DMI-65\u00ae\",\"isPartOf\":{\"@id\":\"https:\/\/dmi65.com\/fr\/#website\"},\"datePublished\":\"2020-08-10T12:26:29+00:00\",\"dateModified\":\"2020-08-10T12:27:01+00:00\",\"description\":\"Avec une grande population - l\u2019Inde fait face \u00e0 des d\u00e9fis importants avec l\u2019eau potable propre et s\u00fbre qui peut \u00eatre assist\u00e9e avec les m\u00e9dias DMI-65.\",\"breadcrumb\":{\"@id\":\"https:\/\/dmi65.com\/fr\/regions\/eau-potable-de-linde\/#breadcrumb\"},\"inLanguage\":\"fr-FR\",\"potentialAction\":[{\"@type\":\"ReadAction\",\"target\":[\"https:\/\/dmi65.com\/fr\/regions\/eau-potable-de-linde\/\"]}]},{\"@type\":\"BreadcrumbList\",\"@id\":\"https:\/\/dmi65.com\/fr\/regions\/eau-potable-de-linde\/#breadcrumb\",\"itemListElement\":[{\"@type\":\"ListItem\",\"position\":1,\"name\":\"Home\",\"item\":\"https:\/\/dmi65.com\/fr\/\"},{\"@type\":\"ListItem\",\"position\":2,\"name\":\"R\u00e9gions\",\"item\":\"https:\/\/dmi65.com\/fr\/regions\/\"},{\"@type\":\"ListItem\",\"position\":3,\"name\":\"Eau potable de l\u2019Inde\"}]},{\"@type\":\"WebSite\",\"@id\":\"https:\/\/dmi65.com\/fr\/#website\",\"url\":\"https:\/\/dmi65.com\/fr\/\",\"name\":\"DMI-65\u00ae\",\"description\":\"Water Filtration &amp; Reverse Osmosis Treatment, Catalytic Media\",\"publisher\":{\"@id\":\"https:\/\/dmi65.com\/fr\/#organization\"},\"potentialAction\":[{\"@type\":\"SearchAction\",\"target\":{\"@type\":\"EntryPoint\",\"urlTemplate\":\"https:\/\/dmi65.com\/fr\/?s={search_term_string}\"},\"query-input\":{\"@type\":\"PropertyValueSpecification\",\"valueRequired\":true,\"valueName\":\"search_term_string\"}}],\"inLanguage\":\"fr-FR\"},{\"@type\":\"Organization\",\"@id\":\"https:\/\/dmi65.com\/fr\/#organization\",\"name\":\"DMI-65 & Quantum Filtration Pty Ltd\",\"url\":\"https:\/\/dmi65.com\/fr\/\",\"logo\":{\"@type\":\"ImageObject\",\"inLanguage\":\"fr-FR\",\"@id\":\"https:\/\/dmi65.com\/fr\/#\/schema\/logo\/image\/\",\"url\":\"https:\/\/dmi65.com\/wp-content\/uploads\/2020\/04\/dmi65.png\",\"contentUrl\":\"https:\/\/dmi65.com\/wp-content\/uploads\/2020\/04\/dmi65.png\",\"width\":440,\"height\":205,\"caption\":\"DMI-65 & Quantum Filtration Pty Ltd\"},\"image\":{\"@id\":\"https:\/\/dmi65.com\/fr\/#\/schema\/logo\/image\/\"},\"sameAs\":[\"https:\/\/www.linkedin.com\/company\/dmi-65\",\"https:\/\/www.youtube.com\/channel\/UCbXoMn5KBp2jrnx4KR_Qg4A\"]}]}<\/script>\n<!-- \/ Yoast SEO plugin. -->","yoast_head_json":{"title":"Support de filtration - Eau potable safe India - DMI-65\u00ae","description":"Avec une grande population - l\u2019Inde fait face \u00e0 des d\u00e9fis importants avec l\u2019eau potable propre et s\u00fbre qui peut \u00eatre assist\u00e9e avec les m\u00e9dias DMI-65.","robots":{"index":"index","follow":"follow","max-snippet":"max-snippet:-1","max-image-preview":"max-image-preview:large","max-video-preview":"max-video-preview:-1"},"canonical":"https:\/\/dmi65.com\/fr\/regions\/eau-potable-de-linde\/","og_locale":"fr_FR","og_type":"article","og_title":"Support de filtration - Eau potable safe India - DMI-65\u00ae","og_description":"Avec une grande population - l\u2019Inde fait face \u00e0 des d\u00e9fis importants avec l\u2019eau potable propre et s\u00fbre qui peut \u00eatre assist\u00e9e avec les m\u00e9dias DMI-65.","og_url":"https:\/\/dmi65.com\/fr\/regions\/eau-potable-de-linde\/","og_site_name":"DMI-65\u00ae","article_modified_time":"2020-08-10T12:27:01+00:00","og_image":[{"width":466,"height":200,"url":"https:\/\/dmi65.com\/wp-content\/uploads\/2020\/06\/dmi65_Logo_Blk.png","type":"image\/png"}],"twitter_card":"summary_large_image","twitter_misc":{"Dur\u00e9e de lecture estim\u00e9e":"3 minutes"},"schema":{"@context":"https:\/\/schema.org","@graph":[{"@type":"WebPage","@id":"https:\/\/dmi65.com\/fr\/regions\/eau-potable-de-linde\/","url":"https:\/\/dmi65.com\/fr\/regions\/eau-potable-de-linde\/","name":"Support de filtration - Eau potable safe India - DMI-65\u00ae","isPartOf":{"@id":"https:\/\/dmi65.com\/fr\/#website"},"datePublished":"2020-08-10T12:26:29+00:00","dateModified":"2020-08-10T12:27:01+00:00","description":"Avec une grande population - l\u2019Inde fait face \u00e0 des d\u00e9fis importants avec l\u2019eau potable propre et s\u00fbre qui peut \u00eatre assist\u00e9e avec les m\u00e9dias DMI-65.","breadcrumb":{"@id":"https:\/\/dmi65.com\/fr\/regions\/eau-potable-de-linde\/#breadcrumb"},"inLanguage":"fr-FR","potentialAction":[{"@type":"ReadAction","target":["https:\/\/dmi65.com\/fr\/regions\/eau-potable-de-linde\/"]}]},{"@type":"BreadcrumbList","@id":"https:\/\/dmi65.com\/fr\/regions\/eau-potable-de-linde\/#breadcrumb","itemListElement":[{"@type":"ListItem","position":1,"name":"Home","item":"https:\/\/dmi65.com\/fr\/"},{"@type":"ListItem","position":2,"name":"R\u00e9gions","item":"https:\/\/dmi65.com\/fr\/regions\/"},{"@type":"ListItem","position":3,"name":"Eau potable de l\u2019Inde"}]},{"@type":"WebSite","@id":"https:\/\/dmi65.com\/fr\/#website","url":"https:\/\/dmi65.com\/fr\/","name":"DMI-65\u00ae","description":"Water Filtration &amp; Reverse Osmosis Treatment, Catalytic Media","publisher":{"@id":"https:\/\/dmi65.com\/fr\/#organization"},"potentialAction":[{"@type":"SearchAction","target":{"@type":"EntryPoint","urlTemplate":"https:\/\/dmi65.com\/fr\/?s={search_term_string}"},"query-input":{"@type":"PropertyValueSpecification","valueRequired":true,"valueName":"search_term_string"}}],"inLanguage":"fr-FR"},{"@type":"Organization","@id":"https:\/\/dmi65.com\/fr\/#organization","name":"DMI-65 & Quantum Filtration Pty Ltd","url":"https:\/\/dmi65.com\/fr\/","logo":{"@type":"ImageObject","inLanguage":"fr-FR","@id":"https:\/\/dmi65.com\/fr\/#\/schema\/logo\/image\/","url":"https:\/\/dmi65.com\/wp-content\/uploads\/2020\/04\/dmi65.png","contentUrl":"https:\/\/dmi65.com\/wp-content\/uploads\/2020\/04\/dmi65.png","width":440,"height":205,"caption":"DMI-65 & Quantum Filtration Pty Ltd"},"image":{"@id":"https:\/\/dmi65.com\/fr\/#\/schema\/logo\/image\/"},"sameAs":["https:\/\/www.linkedin.com\/company\/dmi-65","https:\/\/www.youtube.com\/channel\/UCbXoMn5KBp2jrnx4KR_Qg4A"]}]}},"_links":{"self":[{"href":"https:\/\/dmi65.com\/fr\/wp-json\/wp\/v2\/pages\/9845","targetHints":{"allow":["GET"]}}],"collection":[{"href":"https:\/\/dmi65.com\/fr\/wp-json\/wp\/v2\/pages"}],"about":[{"href":"https:\/\/dmi65.com\/fr\/wp-json\/wp\/v2\/types\/page"}],"author":[{"embeddable":true,"href":"https:\/\/dmi65.com\/fr\/wp-json\/wp\/v2\/users\/1"}],"replies":[{"embeddable":true,"href":"https:\/\/dmi65.com\/fr\/wp-json\/wp\/v2\/comments?post=9845"}],"version-history":[{"count":3,"href":"https:\/\/dmi65.com\/fr\/wp-json\/wp\/v2\/pages\/9845\/revisions"}],"predecessor-version":[{"id":9850,"href":"https:\/\/dmi65.com\/fr\/wp-json\/wp\/v2\/pages\/9845\/revisions\/9850"}],"up":[{"embeddable":true,"href":"https:\/\/dmi65.com\/fr\/wp-json\/wp\/v2\/pages\/7122"}],"wp:attachment":[{"href":"https:\/\/dmi65.com\/fr\/wp-json\/wp\/v2\/media?parent=9845"}],"curies":[{"name":"wp","href":"https:\/\/api.w.org\/{rel}","templated":true}]}}