{"id":9239,"date":"2020-06-30T18:56:47","date_gmt":"2020-06-30T10:56:47","guid":{"rendered":"https:\/\/dmi65.com\/industries\/traitement-de-leau-pour-la-production-delectricite\/"},"modified":"2020-06-30T18:56:47","modified_gmt":"2020-06-30T10:56:47","slug":"traitement-de-leau-pour-la-production-delectricite","status":"publish","type":"page","link":"https:\/\/dmi65.com\/fr\/industries\/traitement-de-leau-pour-la-production-delectricite\/","title":{"rendered":"Traitement de l\u2019eau pour la production d\u2019\u00e9lectricit\u00e9"},"content":{"rendered":"<div class=\"wpb-content-wrapper\"><p>[vc_row][vc_column][vc_column_text css=\u00a0\u00bb.vc_custom_1593503585420{margin-top: 15px !important;margin-bottom: 15px !important;}\u00a0\u00bb]<strong>Traitement de l\u2019eau pour la production d\u2019\u00e9lectricit\u00e9 :<\/strong> En janvier 2016, Quantum Filtration Medium a effectu\u00e9 une s\u00e9rie de visites sur place afin d\u2019\u00e9valuer les options de modernisation de l\u2019usine de traitement de l\u2019eau qui fournit de l\u2019eau \u00e0 la <a href=\"http:\/\/www.edra.energy\/photo-gallery\/kuala-langat-power-plant\" target=\"_blank\" rel=\"noopener noreferrer\">centrale de Kuala Langat (KLPP).<\/a> L\u2019objectif \u00e9tait de mettre en \u00e9vidence les options \u00e0 faible co\u00fbt avec un faible impact sur la capacit\u00e9 de l\u2019usine \u00e0 accro\u00eetre la performance, l\u2019efficacit\u00e9 et la fiabilit\u00e9 de l\u2019usine, et la capacit\u00e9 de mieux faire face aux changements saisonniers de charge rencontr\u00e9s dans l\u2019approvisionnement en eau brute.<\/p>\n<p>L\u2019exploitation de KLPP a commenc\u00e9 depuis 1996 \u00e0 l\u2019aide de turbines \u00e0 gaz \u00e0 cycle combin\u00e9 et l\u2019usine contribue actuellement \u00e0 hauteur de 675 MW de capacit\u00e9 de production d\u2019\u00e9lectricit\u00e9 au r\u00e9seau. La capacit\u00e9 de l\u2019usine \u00e0 fournir de l\u2019\u00e9lectricit\u00e9 au r\u00e9seau conform\u00e9ment \u00e0 son obligation en vertu de l\u2019accord d\u2019achat d\u2019\u00e9lectricit\u00e9 d\u00e9pend d\u2019un certain nombre de facteurs, y compris un approvisionnement fiable en eau propre aux fins du refroidissement. En moyenne, KLPP tire 20 000 m\u00e8tres cubes d\u2019eau trait\u00e9e pour son fonctionnement quotidien. Pour un fonctionnement optimal et la dur\u00e9e de vie de la plante, l\u2019eau doit \u00eatre aussi propre que possible avec une faible teneur en substance organique ou inorganique qui aurait un impact sur le fonctionnement de la plante.<\/p>\n<p>Il y a quatre secteurs principaux de l\u2019usine o\u00f9 le potentiel d\u2019am\u00e9liorations consid\u00e9rables a \u00e9t\u00e9 identifi\u00e9.<br \/>\n\u2022 La possibilit\u00e9 d\u2019ajouter de l\u2019eau de forage \u00e0 l\u2019approvisionnement en eau brute<br \/>\n\u2022 Clarification de l\u2019eau brute avant d\u2019entrer dans la plante<br \/>\n\u2022 Optimisation du programme de d dosage flocculent\/polym\u00e8re (type inc. et taux de dosage)<br \/>\n\u2022 Changement des m\u00e9dias dans les filtres \u00e0 sable rapides en DMI65\u00ae[\/vc_column_text][\/vc_column][\/vc_row][vc_row][vc_column][vc_column_text css=\u00a0\u00bb.vc_custom_1593503610377{margin-bottom: 0px !important;}\u00a0\u00bb]<strong>BORE WATER ADDITION<\/strong><\/p>\n<p>It was suggested that the area surrounding the plant be assessed for suitability and potential quality and quantity of several bores to add to the plant raw water supply. The addition of bores would not only provide greater flexibility in terms of seasonal blending with river water to ensure sufficient quantities of water in the dry season, could also be used to lower suspended solids and turbidity loadings on the plant during the wet season.<\/p>\n<p>There is a likelihood that there will be traces of iron and manganese in the bore water, but the use of DMI65 filtration media will remove this and provide an improvement to the usual mechanical filtration duties.<\/p>\n<p><strong>CLARIFICATION<\/strong><\/p>\n<p>The high turbidity and suspended solids levels in the raw water could be greatly reduced by clarification prior to entering the water treatment plant. The existing plant is fixed in size and capacity, however a pre-clarification stage will dramatically reduce the load on the current plant.<\/p>\n<p>A traditional clarifier and upstream floc\/polymer dosing system to handle 1ML\/hr would cost well over USD $1M and take up a considerable land area to install and was therefore not practical in this case. With a very low retention time this type of system would also require very high chemical usage.<\/p>\n<p><strong>POLYMER OPTIMISATION<\/strong><\/p>\n<p>A range of polymer samples were supplied during the site visit. Jar testing has been carried out using the range of samples and highlighted a particular polymer most suited to this raw water. A local polymer supply company is able to supply a very similar product in powdered form and at a very reasonable price that would suit the mixing\/batching system mentioned above.<\/p>\n<p><strong>MEDIA CHANGE-OUT IN RAPID SAND FILTERS<\/strong><\/p>\n<p>During our visit one of the rapid sand filters was drained for inspection. The sand in the filters has never been changed and is now very hard-packed and is in need of replacement. The filter was filled whilst we were watching and the infiltration rate of the incoming water was very poor with most of the water just flowing across over the top of the sand and down through cracks in the hard packed sand rather than down through it. We proposed to replace the media with <a href=\"http:\/\/dmi65.com\/fr\/technique\/comment-il-fonctionne\/\">DMI65\u00ae filtration media<\/a>.<\/p>\n<p>The DMI65 will remove the existing and cope with any rise in iron or manganese levels that can be encountered in raw water sources with varying quality. The DMI65 requires a low level of free chlorine (0.2-0.3mg\/L) to activate the media. This is easily achieved as it only requires moving of the existing chlorine dosing point to just prior to the media filters. The chlorine residual will remain and still act as disinfection for the treated water lagoon.<\/p>\n<p>The DMI65\u00ae also provides the perfect filtration coefficient resulting in excellent mechanical filtration lowering suspended solids and turbidity levels.<\/p>\n<p>The addition of the DMI media and replacement of the filtration nozzles improved not only the quality of water from the media filters, but also the quantity of water through the filters.<\/p>\n<p>Sample Results<\/p>\n<p><img loading=\"lazy\" decoding=\"async\" class=\"alignnone wp-image-9046\" src=\"http:\/\/dmi65.com\/wp-content\/uploads\/2020\/06\/Lagoons.jpg\" alt=\"\" width=\"499\" height=\"287\" srcset=\"https:\/\/dmi65.com\/wp-content\/uploads\/2020\/06\/Lagoons.jpg 1780w, https:\/\/dmi65.com\/wp-content\/uploads\/2020\/06\/Lagoons-300x173.jpg 300w, https:\/\/dmi65.com\/wp-content\/uploads\/2020\/06\/Lagoons-1024x589.jpg 1024w, https:\/\/dmi65.com\/wp-content\/uploads\/2020\/06\/Lagoons-768x442.jpg 768w, https:\/\/dmi65.com\/wp-content\/uploads\/2020\/06\/Lagoons-1536x884.jpg 1536w\" sizes=\"auto, (max-width: 499px) 100vw, 499px\" \/><\/p>\n<p>With a peak NTU of 1000 and an average inlet TSS of 286 you can see that the outlet of lagoon B has been maintained generally around 80 NTU with an average of 86 NTU.<\/p>\n<p><strong>OVERALL PLANT OUTPUT<\/strong><\/p>\n<p>The results from the plant post media filters after the replacement of the old sand media with the new DMI65 media have been consistently excellent.<\/p>\n<p>The expected results from the media filters after the upgrade were:<\/p>\n<ul>\n<li>TSS &lt; 5mg\/L<\/li>\n<li>Turbidity &lt; 2 NTU<\/li>\n<\/ul>\n<p><strong>Sample Results<\/strong><\/p>\n<p>Media Filter Performance &#8211; NTU In Vs Out<\/p>\n<p><strong><img loading=\"lazy\" decoding=\"async\" class=\"alignnone wp-image-9057\" src=\"http:\/\/dmi65.com\/wp-content\/uploads\/2020\/06\/DMIFilters.jpg\" alt=\"\" width=\"500\" height=\"278\" srcset=\"https:\/\/dmi65.com\/wp-content\/uploads\/2020\/06\/DMIFilters.jpg 1568w, https:\/\/dmi65.com\/wp-content\/uploads\/2020\/06\/DMIFilters-300x167.jpg 300w, https:\/\/dmi65.com\/wp-content\/uploads\/2020\/06\/DMIFilters-1024x569.jpg 1024w, https:\/\/dmi65.com\/wp-content\/uploads\/2020\/06\/DMIFilters-768x427.jpg 768w, https:\/\/dmi65.com\/wp-content\/uploads\/2020\/06\/DMIFilters-1536x854.jpg 1536w\" sizes=\"auto, (max-width: 500px) 100vw, 500px\" \/>\u00a0<\/strong><\/p>\n<p>Summary<\/p>\n<p><span style=\"text-decoration: underline;\">Quantum believes that the upgrade has been a success, addressing the main objectives of the upgrade with excellent results.<\/span>[\/vc_column_text][vc_empty_space height=\u00a0\u00bb20px\u00a0\u00bb]<blockquote class=\"text-big shortcode-blockquote block-style-widget\"><p>George Municipal Water Works, Afrique du Sud, utilise plus de 550 tonnes m\u00e9triques de DMI-65\u00ae. L\u2019eau George est tr\u00e8s color\u00e9e contenant des acides humiques et fulvic &#8211; la couleur brute de l\u2019eau est approximative. 800 unit\u00e9s de couleur PtCo. Ce type d\u2019eau est consid\u00e9r\u00e9 comme l\u2019un des plus difficiles \u00e0 filtrer. L\u2019enl\u00e8vement du fer est tr\u00e8s efficace quel que soit le pH. Le fer r\u00e9siduel le plus \u00e9lev\u00e9 trouv\u00e9 \u00e9tait de 0,01 mg\/L. L\u2019enl\u00e8vement du mangan\u00e8se est \u00e9galement tr\u00e8s efficace. Le mangan\u00e8se restant le plus \u00e9lev\u00e9 trouv\u00e9 \u00e9tait 0.06 mg\/l Mn est mieux enlev\u00e9 au pH 8 plus \u00e9lev\u00e9. L\u2019avantage suppl\u00e9mentaire de l\u2019enl\u00e8vement de l\u2019aluminium, m\u00eame au pH sup\u00e9rieur. La turbidit\u00e9 la plus \u00e9lev\u00e9e enregistr\u00e9e \u00e9tait 0,06 NTU. Selon nos tests de laboratoire, la couleur la plus \u00e9lev\u00e9e \u00e9tait de 4 mg\/l PtCo, mais la plupart du temps la couleur \u00e9tait inf\u00e9rieure \u00e0 la couleur de l\u2019eau distill\u00e9e achet\u00e9e dans une pharmacie de George. L\u2019usine fonctionne depuis le d\u00e9but de janvier 2007 et continue d\u2019avoir d\u2019excellents r\u00e9sultats. George Municipal Water Works, utilise le m\u00eame DMI-65\u00ae les supports de filtre pendant plus de 13 ans, sans d\u00e9faillance ni diminution de la performance.<\/p>\n<\/blockquote>[vc_empty_space height=\u00a0\u00bb20px\u00a0\u00bb]<blockquote class=\"text-big shortcode-blockquote block-style-widget\"><p>L\u2019usine municipale de traitement de l\u2019eau de Witbank, \u00e0 Durban, en Afrique du Sud, se compose de 18 grands filtres \u00e0 sable rapide utilisant 1 200 tonnes de filtres pour retirer le fer et le mangan\u00e8se de la source locale d\u2019eau souterraine. Des sp\u00e9cialistes locaux du traitement de l\u2019eau et agent DMI-65\u00ae, Water Technologies Cape, ont d\u00e9montr\u00e9 les avantages de performance et de co\u00fbt de la mise \u00e0 niveau du syst\u00e8me en DMI-65\u00ae, par un essai pilote r\u00e9ussi en 2018. Les travaux de modernisation de l\u2019usine ont commenc\u00e9 en 2019 et devraient \u00eatre termin\u00e9s d\u2019ici la fin de 2020.<\/p>\n<\/blockquote>[\/vc_column][\/vc_row][vc_row css=\u00a0\u00bb.vc_custom_1593496115589{margin-top: 15px !important;}\u00a0\u00bb][vc_column]<div class=\"dt-fancy-separator\" style=\"width: 100%;\"><div class=\"dt-fancy-title\"><span class=\"separator-holder separator-left\"><\/span>\u00c9tudes de cas pour le traitement de l\u2019eau dans l\u2019industrie de la production d\u2019\u00e9lectricit\u00e9<span class=\"separator-holder separator-right\"><\/span><\/div><\/div>[vc_basic_grid post_type=\u00a0\u00bbpost\u00a0\u00bb max_items=\u00a0\u00bb2&Prime; element_width=\u00a0\u00bb6&Prime; item=\u00a0\u00bbmasonryGrid_Default\u00a0\u00bb grid_id=\u00a0\u00bbvc_gid:1593503547783-362694d3-af74-7&Prime; taxonomies=\u00a0\u00bb800&Prime; css=\u00a0\u00bb.vc_custom_1593499493079{margin-top: 30px !important;}\u00a0\u00bb][\/vc_column][\/vc_row][vc_row content_placement=\u00a0\u00bbmiddle\u00a0\u00bb css=\u00a0\u00bb.vc_custom_1592798106994{margin-top: 30px !important;padding-top: 20px !important;padding-right: 20px !important;padding-bottom: 5px !important;padding-left: 20px !important;}\u00a0\u00bb el_class=\u00a0\u00bbcta\u00a0\u00bb][vc_column]<div class=\"dt-fancy-separator\" style=\"width: 100%;\"><div class=\"dt-fancy-title\"><span class=\"separator-holder separator-left\"><\/span>Renseignez-vous pour savoir comment les supports de filtration DMI-65\u00ae peuvent \u00eatre utilis\u00e9s pour le traitement de l\u2019eau dans l\u2019industrie de la production d\u2019\u00e9lectricit\u00e9<span class=\"separator-holder separator-right\"><\/span><\/div><\/div>[vc_btn title=\u00a0\u00bbRenseignez-vous\u00a0\u00bb style=\u00a0\u00bbcustom\u00a0\u00bb custom_background=\u00a0\u00bb#162441&Prime; custom_text=\u00a0\u00bb#ffffff\u00a0\u00bb shape=\u00a0\u00bbsquare\u00a0\u00bb size=\u00a0\u00bblg\u00a0\u00bb align=\u00a0\u00bbcenter\u00a0\u00bb i_align=\u00a0\u00bbright\u00a0\u00bb i_icon_fontawesome=\u00a0\u00bbfas fa-chevron-right\u00a0\u00bb add_icon=\u00a0\u00bbtrue\u00a0\u00bb css=\u00a0\u00bb.vc_custom_1592793128520{margin-top: 20px !important;}\u00a0\u00bb el_class=\u00a0\u00bbctaButton sg-popup-id-8233&Prime;][\/vc_column][\/vc_row]<\/p>\n<\/div>","protected":false},"excerpt":{"rendered":"<p>[vc_row][vc_column][vc_column_text css=\u00a0\u00bb.vc_custom_1593503585420{margin-top: 15px !important;margin-bottom: 15px !important;}\u00a0\u00bb]Traitement de l\u2019eau pour la production d\u2019\u00e9lectricit\u00e9 : En janvier 2016, Quantum Filtration Medium a effectu\u00e9 une s\u00e9rie de visites sur place afin d\u2019\u00e9valuer les options de modernisation de l\u2019usine de traitement de l\u2019eau qui fournit de l\u2019eau \u00e0 la centrale de Kuala Langat (KLPP). L\u2019objectif \u00e9tait de mettre en&hellip;<\/p>\n","protected":false},"author":1,"featured_media":0,"parent":7099,"menu_order":0,"comment_status":"closed","ping_status":"closed","template":"","meta":{"content-type":"","footnotes":""},"class_list":["post-9239","page","type-page","status-publish","hentry","description-off"],"yoast_head":"<!-- This site is optimized with the Yoast SEO plugin v25.2 - https:\/\/yoast.com\/wordpress\/plugins\/seo\/ -->\n<title>Production d\u2019\u00e9nergie de traitement de l\u2019eau, filtration media - DMI-65\u00ae<\/title>\n<meta name=\"description\" content=\"DMI-65\u00ae peut \u00eatre utilis\u00e9 pour le traitement de l\u2019eau dans la production d\u2019\u00e9lectricit\u00e9, les centrales \u00e9lectriques et les industries qui produisent de l\u2019\u00e9lectricit\u00e9 \u00e0 partir de sources d\u2019\u00e9nergie primaires.\" \/>\n<meta name=\"robots\" content=\"index, follow, max-snippet:-1, max-image-preview:large, max-video-preview:-1\" \/>\n<link rel=\"canonical\" href=\"https:\/\/dmi65.com\/fr\/industries\/traitement-de-leau-pour-la-production-delectricite\/\" \/>\n<meta property=\"og:locale\" content=\"fr_FR\" \/>\n<meta property=\"og:type\" content=\"article\" \/>\n<meta property=\"og:title\" content=\"Production d\u2019\u00e9nergie de traitement de l\u2019eau, filtration media - DMI-65\u00ae\" \/>\n<meta property=\"og:description\" content=\"DMI-65\u00ae peut \u00eatre utilis\u00e9 pour le traitement de l\u2019eau dans la production d\u2019\u00e9lectricit\u00e9, les centrales \u00e9lectriques et les industries qui produisent de l\u2019\u00e9lectricit\u00e9 \u00e0 partir de sources d\u2019\u00e9nergie primaires.\" \/>\n<meta property=\"og:url\" content=\"https:\/\/dmi65.com\/fr\/industries\/traitement-de-leau-pour-la-production-delectricite\/\" \/>\n<meta property=\"og:site_name\" content=\"DMI-65\u00ae\" \/>\n<meta property=\"og:image\" content=\"http:\/\/dmi65.com\/wp-content\/uploads\/2020\/06\/Lagoons.jpg\" \/>\n<meta name=\"twitter:card\" content=\"summary_large_image\" \/>\n<meta name=\"twitter:label1\" content=\"Dur\u00e9e de lecture estim\u00e9e\" \/>\n\t<meta name=\"twitter:data1\" content=\"7 minutes\" \/>\n<script type=\"application\/ld+json\" class=\"yoast-schema-graph\">{\"@context\":\"https:\/\/schema.org\",\"@graph\":[{\"@type\":\"WebPage\",\"@id\":\"https:\/\/dmi65.com\/fr\/industries\/traitement-de-leau-pour-la-production-delectricite\/\",\"url\":\"https:\/\/dmi65.com\/fr\/industries\/traitement-de-leau-pour-la-production-delectricite\/\",\"name\":\"Production d\u2019\u00e9nergie de traitement de l\u2019eau, filtration media - DMI-65\u00ae\",\"isPartOf\":{\"@id\":\"https:\/\/dmi65.com\/fr\/#website\"},\"primaryImageOfPage\":{\"@id\":\"https:\/\/dmi65.com\/fr\/industries\/traitement-de-leau-pour-la-production-delectricite\/#primaryimage\"},\"image\":{\"@id\":\"https:\/\/dmi65.com\/fr\/industries\/traitement-de-leau-pour-la-production-delectricite\/#primaryimage\"},\"thumbnailUrl\":\"http:\/\/dmi65.com\/wp-content\/uploads\/2020\/06\/Lagoons.jpg\",\"datePublished\":\"2020-06-30T10:56:47+00:00\",\"description\":\"DMI-65\u00ae peut \u00eatre utilis\u00e9 pour le traitement de l\u2019eau dans la production d\u2019\u00e9lectricit\u00e9, les centrales \u00e9lectriques et les industries qui produisent de l\u2019\u00e9lectricit\u00e9 \u00e0 partir de sources d\u2019\u00e9nergie primaires.\",\"breadcrumb\":{\"@id\":\"https:\/\/dmi65.com\/fr\/industries\/traitement-de-leau-pour-la-production-delectricite\/#breadcrumb\"},\"inLanguage\":\"fr-FR\",\"potentialAction\":[{\"@type\":\"ReadAction\",\"target\":[\"https:\/\/dmi65.com\/fr\/industries\/traitement-de-leau-pour-la-production-delectricite\/\"]}]},{\"@type\":\"ImageObject\",\"inLanguage\":\"fr-FR\",\"@id\":\"https:\/\/dmi65.com\/fr\/industries\/traitement-de-leau-pour-la-production-delectricite\/#primaryimage\",\"url\":\"http:\/\/dmi65.com\/wp-content\/uploads\/2020\/06\/Lagoons.jpg\",\"contentUrl\":\"http:\/\/dmi65.com\/wp-content\/uploads\/2020\/06\/Lagoons.jpg\"},{\"@type\":\"BreadcrumbList\",\"@id\":\"https:\/\/dmi65.com\/fr\/industries\/traitement-de-leau-pour-la-production-delectricite\/#breadcrumb\",\"itemListElement\":[{\"@type\":\"ListItem\",\"position\":1,\"name\":\"Home\",\"item\":\"https:\/\/dmi65.com\/fr\/\"},{\"@type\":\"ListItem\",\"position\":2,\"name\":\"Industries\",\"item\":\"https:\/\/dmi65.com\/fr\/industries\/\"},{\"@type\":\"ListItem\",\"position\":3,\"name\":\"Traitement de l\u2019eau pour la production d\u2019\u00e9lectricit\u00e9\"}]},{\"@type\":\"WebSite\",\"@id\":\"https:\/\/dmi65.com\/fr\/#website\",\"url\":\"https:\/\/dmi65.com\/fr\/\",\"name\":\"DMI-65\u00ae\",\"description\":\"Water Filtration &amp; Reverse Osmosis Treatment, Catalytic Media\",\"publisher\":{\"@id\":\"https:\/\/dmi65.com\/fr\/#organization\"},\"potentialAction\":[{\"@type\":\"SearchAction\",\"target\":{\"@type\":\"EntryPoint\",\"urlTemplate\":\"https:\/\/dmi65.com\/fr\/?s={search_term_string}\"},\"query-input\":{\"@type\":\"PropertyValueSpecification\",\"valueRequired\":true,\"valueName\":\"search_term_string\"}}],\"inLanguage\":\"fr-FR\"},{\"@type\":\"Organization\",\"@id\":\"https:\/\/dmi65.com\/fr\/#organization\",\"name\":\"DMI-65 & Quantum Filtration Pty Ltd\",\"url\":\"https:\/\/dmi65.com\/fr\/\",\"logo\":{\"@type\":\"ImageObject\",\"inLanguage\":\"fr-FR\",\"@id\":\"https:\/\/dmi65.com\/fr\/#\/schema\/logo\/image\/\",\"url\":\"https:\/\/dmi65.com\/wp-content\/uploads\/2020\/04\/dmi65.png\",\"contentUrl\":\"https:\/\/dmi65.com\/wp-content\/uploads\/2020\/04\/dmi65.png\",\"width\":440,\"height\":205,\"caption\":\"DMI-65 & Quantum Filtration Pty Ltd\"},\"image\":{\"@id\":\"https:\/\/dmi65.com\/fr\/#\/schema\/logo\/image\/\"},\"sameAs\":[\"https:\/\/www.linkedin.com\/company\/dmi-65\",\"https:\/\/www.youtube.com\/channel\/UCbXoMn5KBp2jrnx4KR_Qg4A\"]}]}<\/script>\n<!-- \/ Yoast SEO plugin. -->","yoast_head_json":{"title":"Production d\u2019\u00e9nergie de traitement de l\u2019eau, filtration media - DMI-65\u00ae","description":"DMI-65\u00ae peut \u00eatre utilis\u00e9 pour le traitement de l\u2019eau dans la production d\u2019\u00e9lectricit\u00e9, les centrales \u00e9lectriques et les industries qui produisent de l\u2019\u00e9lectricit\u00e9 \u00e0 partir de sources d\u2019\u00e9nergie primaires.","robots":{"index":"index","follow":"follow","max-snippet":"max-snippet:-1","max-image-preview":"max-image-preview:large","max-video-preview":"max-video-preview:-1"},"canonical":"https:\/\/dmi65.com\/fr\/industries\/traitement-de-leau-pour-la-production-delectricite\/","og_locale":"fr_FR","og_type":"article","og_title":"Production d\u2019\u00e9nergie de traitement de l\u2019eau, filtration media - DMI-65\u00ae","og_description":"DMI-65\u00ae peut \u00eatre utilis\u00e9 pour le traitement de l\u2019eau dans la production d\u2019\u00e9lectricit\u00e9, les centrales \u00e9lectriques et les industries qui produisent de l\u2019\u00e9lectricit\u00e9 \u00e0 partir de sources d\u2019\u00e9nergie primaires.","og_url":"https:\/\/dmi65.com\/fr\/industries\/traitement-de-leau-pour-la-production-delectricite\/","og_site_name":"DMI-65\u00ae","og_image":[{"url":"http:\/\/dmi65.com\/wp-content\/uploads\/2020\/06\/Lagoons.jpg","type":"","width":"","height":""}],"twitter_card":"summary_large_image","twitter_misc":{"Dur\u00e9e de lecture estim\u00e9e":"7 minutes"},"schema":{"@context":"https:\/\/schema.org","@graph":[{"@type":"WebPage","@id":"https:\/\/dmi65.com\/fr\/industries\/traitement-de-leau-pour-la-production-delectricite\/","url":"https:\/\/dmi65.com\/fr\/industries\/traitement-de-leau-pour-la-production-delectricite\/","name":"Production d\u2019\u00e9nergie de traitement de l\u2019eau, filtration media - DMI-65\u00ae","isPartOf":{"@id":"https:\/\/dmi65.com\/fr\/#website"},"primaryImageOfPage":{"@id":"https:\/\/dmi65.com\/fr\/industries\/traitement-de-leau-pour-la-production-delectricite\/#primaryimage"},"image":{"@id":"https:\/\/dmi65.com\/fr\/industries\/traitement-de-leau-pour-la-production-delectricite\/#primaryimage"},"thumbnailUrl":"http:\/\/dmi65.com\/wp-content\/uploads\/2020\/06\/Lagoons.jpg","datePublished":"2020-06-30T10:56:47+00:00","description":"DMI-65\u00ae peut \u00eatre utilis\u00e9 pour le traitement de l\u2019eau dans la production d\u2019\u00e9lectricit\u00e9, les centrales \u00e9lectriques et les industries qui produisent de l\u2019\u00e9lectricit\u00e9 \u00e0 partir de sources d\u2019\u00e9nergie primaires.","breadcrumb":{"@id":"https:\/\/dmi65.com\/fr\/industries\/traitement-de-leau-pour-la-production-delectricite\/#breadcrumb"},"inLanguage":"fr-FR","potentialAction":[{"@type":"ReadAction","target":["https:\/\/dmi65.com\/fr\/industries\/traitement-de-leau-pour-la-production-delectricite\/"]}]},{"@type":"ImageObject","inLanguage":"fr-FR","@id":"https:\/\/dmi65.com\/fr\/industries\/traitement-de-leau-pour-la-production-delectricite\/#primaryimage","url":"http:\/\/dmi65.com\/wp-content\/uploads\/2020\/06\/Lagoons.jpg","contentUrl":"http:\/\/dmi65.com\/wp-content\/uploads\/2020\/06\/Lagoons.jpg"},{"@type":"BreadcrumbList","@id":"https:\/\/dmi65.com\/fr\/industries\/traitement-de-leau-pour-la-production-delectricite\/#breadcrumb","itemListElement":[{"@type":"ListItem","position":1,"name":"Home","item":"https:\/\/dmi65.com\/fr\/"},{"@type":"ListItem","position":2,"name":"Industries","item":"https:\/\/dmi65.com\/fr\/industries\/"},{"@type":"ListItem","position":3,"name":"Traitement de l\u2019eau pour la production d\u2019\u00e9lectricit\u00e9"}]},{"@type":"WebSite","@id":"https:\/\/dmi65.com\/fr\/#website","url":"https:\/\/dmi65.com\/fr\/","name":"DMI-65\u00ae","description":"Water Filtration &amp; Reverse Osmosis Treatment, Catalytic Media","publisher":{"@id":"https:\/\/dmi65.com\/fr\/#organization"},"potentialAction":[{"@type":"SearchAction","target":{"@type":"EntryPoint","urlTemplate":"https:\/\/dmi65.com\/fr\/?s={search_term_string}"},"query-input":{"@type":"PropertyValueSpecification","valueRequired":true,"valueName":"search_term_string"}}],"inLanguage":"fr-FR"},{"@type":"Organization","@id":"https:\/\/dmi65.com\/fr\/#organization","name":"DMI-65 & Quantum Filtration Pty Ltd","url":"https:\/\/dmi65.com\/fr\/","logo":{"@type":"ImageObject","inLanguage":"fr-FR","@id":"https:\/\/dmi65.com\/fr\/#\/schema\/logo\/image\/","url":"https:\/\/dmi65.com\/wp-content\/uploads\/2020\/04\/dmi65.png","contentUrl":"https:\/\/dmi65.com\/wp-content\/uploads\/2020\/04\/dmi65.png","width":440,"height":205,"caption":"DMI-65 & Quantum Filtration Pty Ltd"},"image":{"@id":"https:\/\/dmi65.com\/fr\/#\/schema\/logo\/image\/"},"sameAs":["https:\/\/www.linkedin.com\/company\/dmi-65","https:\/\/www.youtube.com\/channel\/UCbXoMn5KBp2jrnx4KR_Qg4A"]}]}},"_links":{"self":[{"href":"https:\/\/dmi65.com\/fr\/wp-json\/wp\/v2\/pages\/9239","targetHints":{"allow":["GET"]}}],"collection":[{"href":"https:\/\/dmi65.com\/fr\/wp-json\/wp\/v2\/pages"}],"about":[{"href":"https:\/\/dmi65.com\/fr\/wp-json\/wp\/v2\/types\/page"}],"author":[{"embeddable":true,"href":"https:\/\/dmi65.com\/fr\/wp-json\/wp\/v2\/users\/1"}],"replies":[{"embeddable":true,"href":"https:\/\/dmi65.com\/fr\/wp-json\/wp\/v2\/comments?post=9239"}],"version-history":[{"count":1,"href":"https:\/\/dmi65.com\/fr\/wp-json\/wp\/v2\/pages\/9239\/revisions"}],"predecessor-version":[{"id":9240,"href":"https:\/\/dmi65.com\/fr\/wp-json\/wp\/v2\/pages\/9239\/revisions\/9240"}],"up":[{"embeddable":true,"href":"https:\/\/dmi65.com\/fr\/wp-json\/wp\/v2\/pages\/7099"}],"wp:attachment":[{"href":"https:\/\/dmi65.com\/fr\/wp-json\/wp\/v2\/media?parent=9239"}],"curies":[{"name":"wp","href":"https:\/\/api.w.org\/{rel}","templated":true}]}}