{"id":9206,"date":"2020-06-30T18:52:52","date_gmt":"2020-06-30T10:52:52","guid":{"rendered":"https:\/\/dmi65.com\/industries\/traitement-de-leau-pour-lindustrie-du-papier-et-de-la-pate\/"},"modified":"2020-06-30T18:52:54","modified_gmt":"2020-06-30T10:52:54","slug":"traitement-de-leau-pour-lindustrie-du-papier-et-de-la-pate","status":"publish","type":"page","link":"https:\/\/dmi65.com\/fr\/industries\/traitement-de-leau-pour-lindustrie-du-papier-et-de-la-pate\/","title":{"rendered":"Traitement de l\u2019eau pour l\u2019industrie du papier et de la p\u00e2te"},"content":{"rendered":"<div class=\"wpb-content-wrapper\"><p>[vc_row][vc_column][vc_column_text css=\u00a0\u00bb.vc_custom_1593504327971{margin-top: 15px !important;margin-bottom: 15px !important;}\u00a0\u00bb]<strong>Traitement de l\u2019eau pour l\u2019industrie du papier et de la p\u00e2te :<\/strong> <a href=\"http:\/\/www.lautan-luas.com\/en\/\" target=\"_blank\" rel=\"noopener noreferrer\">Pt Lautan Luas Tbk,<\/a>fournisseur de produits chimiques et de produits chimiques pour papier et p\u00e2tes, est partenaire quantum filtration mediums et agent DMI-65\u00ae en Indon\u00e9sie et en Asie du Sud-Est.<\/p>\n<p>Lautan Luas fournit des milliers des meilleurs produits et produits chimiques disponibles et sp\u00e9cialis\u00e9s qui sont utilis\u00e9s dans l\u2019industrie de la fabrication de papier et de p\u00e2tes. Depuis plus de 20 ans, Lautan Luas utilise et pr\u00e9cise le DMI-65\u00ae comme la meilleure solution pour l\u2019\u00e9limination du fer et du mangan\u00e8se pour des industries comme la fabrication de papier et de p\u00e2tes.<\/p>\n<p>Le fer et le mangan\u00e8se \u00e0 des niveaux aussi bas 0,3 et 0,5 ppm respectivement peuvent cr\u00e9er des taches de nuisance et des taches sur les produits en papier. Lorsque les meilleurs produits de papier et de p\u00e2te de la plus haute qualit\u00e9 sont n\u00e9cessaires, l\u2019\u00e9limination du fer et du mangan\u00e8se de la source d\u2019eau d\u2019utilisation industrielle est primordiale. Les meilleures fabrications de produits en papier dans le monde trouvent pr\u00e9f\u00e9rable d\u2019enlever le fer et le mangan\u00e8se \u00e0 des niveaux ind\u00e9tectables, si possible. DMI-65\u00ae est une solution haute performance et rentable qui peut enlever le fer et le mangan\u00e8se \u00e0 moins de 0,05 mg\/L.<\/p>\n<p>En 2012 et 2013, Lautan Luas a fourni DMI-65\u00ae comme solution cl\u00e9 pour les usines de traitement de l\u2019eau asia Pulp and Paper Groups \u00e0 Pindo Deli, en Indon\u00e9sie.[\/vc_column_text][\/vc_column][\/vc_row][vc_row][vc_column][vc_empty_space height=\u00a0\u00bb20px\u00a0\u00bb][vc_column_text css=\u00a0\u00bb.vc_custom_1593504798632{margin-bottom: 0px !important;}\u00a0\u00bb]<\/p>\n<h4><strong>DMI-65\u00ae pour les industries du papier et des p\u00e2tes \u00e0 l\u2019eau<\/strong><\/h4>\n<p><strong>ENL\u00c8VEMENT DU FER ET DU MANGAN\u00c8SE :<\/strong> L\u2019accumulation de fer et de mangan\u00e8se dans le syst\u00e8me de filtre entra\u00eene des frais g\u00e9n\u00e9raux d\u2019entretien tr\u00e8s \u00e9lev\u00e9s, une perte de production et potentiellement une d\u00e9faillance du syst\u00e8me. DMI-65\u00ae \u00e9limine efficacement le fer dissous \u00e0 des niveaux presque ind\u00e9tectables aussi bas que 0,005mg\/L et le mangan\u00e8se \u00e0 0,001mg\/L ainsi que les particules, \u00e9liminant efficacement ce risque.<\/p>\n<p><strong>ENL\u00c8VEMENT DES SOLIDES SUSPENDUS TOTAUX ET TURBIDIT\u00c9 :<\/strong> Le DMI-65\u00ae fournit \u00e9galement le coefficient de filtration parfait r\u00e9sultant en une excellente filtration m\u00e9canique abaissant les solides suspendus totaux (TSS) \u00e0 moins de 1mg\/L et les niveaux de turbidit\u00e9 inf\u00e9rieurs \u00e0 1 NTU.<\/p>\n<p><strong>CO\u00dbTS R\u00c9DUITS :<\/strong> Le co\u00fbt total du syst\u00e8me de filtration d\u2019eau d\u2019enl\u00e8vement du fer et du mangan\u00e8se est nettement inf\u00e9rieur aux solutions alternatives, \u00e0 l\u2019efficacit\u00e9, mais \u00e0 la simplicit\u00e9 relative, des syst\u00e8mes bas\u00e9s sur le DMI-65\u00ae r\u00e9duit les d\u00e9penses initiales en immobilisations consacr\u00e9es \u00e0 la complexit\u00e9 des installations ainsi que les d\u00e9penses op\u00e9rationnelles en cours dans le traitement des produits chimiques, de l\u2019\u00e9nergie et du r\u00e9cup\u00e9ration des eaux us\u00e9es.<\/p>\n<p><strong>D\u00c9BIT \u00c9LEV\u00c9 :<\/strong> La technologie infus\u00e9e de DMI-65\u00ae favorise le taux d\u2019oxydation le plus \u00e9lev\u00e9 de tous les milieux de filtration catalytiques. Cela permet \u00e0 un d\u00e9bit d\u2019eau beaucoup plus \u00e9lev\u00e9 d\u2019atteindre le m\u00eame niveau d\u2019enl\u00e8vement du fer et du mangan\u00e8se. DMI-65 peut fonctionner \u00e0 des vitesses de filtration lin\u00e9aires jusqu\u2019\u00e0 deux fois plus que les m\u00e9dias conventionnels avec une r\u00e9duction correspondante des co\u00fbts d\u2019\u00e9quipement en capital.<\/p>\n<p><strong>CAPACIT\u00c9 DE CHARGE \u00c9LEV\u00c9E :<\/strong> DMI-65\u00ae a \u00e9galement une capacit\u00e9 de charge en fer et en mangan\u00e8se plus \u00e9lev\u00e9e qui peut prolonger la dur\u00e9e des courses de filtres et le temps entre le lavage de dos, r\u00e9duisant ainsi les temps d\u2019arr\u00eat, les frais d\u2019exploitation et le gaspillage.<\/p>\n<p><strong>R\u00c9G\u00c9N\u00c9RATION NON REQUISE :<\/strong> Le m\u00e9dia fonctionne avec une injection continue d\u2019hypochlorite de sodium \u00e0 de faibles niveaux r\u00e9siduels (0,1 \u00e0 0,3 mg\/L) qui \u00e9limine le besoin de permanganate de potassium.<\/p>\n<p><strong>VASTE ENVIRONNEMENT D\u2019EXPLOITATION :<\/strong> Des performances stables et satisfaisantes au pH de 5,8 \u00e0 8,6 pH et d\u2019une temp\u00e9rature maximale de fonctionnement de 113 \u00b0 F (45 \u00b0C) r\u00e9duit la n\u00e9cessit\u00e9 d\u2019investissements pour modifier l\u2019environnement d\u2019exploitation.<\/p>\n<p><strong>LONGUE DUR\u00c9E DE VIE:<\/strong> DMI-65\u00ae n\u2019est pas consomm\u00e9 dans le processus lui donnant une dur\u00e9e de vie op\u00e9rationnelle pr\u00e9vue d\u2019un point de 10 ans, offrant des avantages consid\u00e9rables par rapport \u00e0 d\u2019autres processus ou m\u00e9dias. Les m\u00e9dias ne montrent pas une capacit\u00e9 de d\u00e9composition pour faire son travail catalytique. Au cours de la p\u00e9riode de 5 \u00e0 10 ans, gr\u00e2ce \u00e0 de nombreuses op\u00e9rations de lavage de dos du lit pour enlever les solides retenus, une perte d\u2019attrition du support se produit par contact entre les particules et l\u2019abrasion m\u00e9canique.[\/vc_column_text][\/vc_column][\/vc_row][vc_row content_placement=\u00a0\u00bbmiddle\u00a0\u00bb css=\u00a0\u00bb.vc_custom_1592798106994{margin-top: 30px !important;padding-top: 20px !important;padding-right: 20px !important;padding-bottom: 5px !important;padding-left: 20px !important;}\u00a0\u00bb el_class=\u00a0\u00bbcta\u00a0\u00bb][vc_column]<div class=\"dt-fancy-separator\" style=\"width: 100%;\"><div class=\"dt-fancy-title\"><span class=\"separator-holder separator-left\"><\/span>Renseignez-vous pour savoir comment DMI-65\u00ae des supports de filtration pour les industries du papier et de la p\u00e2te.<span class=\"separator-holder separator-right\"><\/span><\/div><\/div>[vc_btn title=\u00a0\u00bbRenseignez-vous\u00a0\u00bb style=\u00a0\u00bbcustom\u00a0\u00bb custom_background=\u00a0\u00bb#162441&Prime; custom_text=\u00a0\u00bb#ffffff\u00a0\u00bb shape=\u00a0\u00bbsquare\u00a0\u00bb size=\u00a0\u00bblg\u00a0\u00bb align=\u00a0\u00bbcenter\u00a0\u00bb i_align=\u00a0\u00bbright\u00a0\u00bb i_icon_fontawesome=\u00a0\u00bbfas fa-chevron-right\u00a0\u00bb add_icon=\u00a0\u00bbtrue\u00a0\u00bb css=\u00a0\u00bb.vc_custom_1592793128520{margin-top: 20px !important;}\u00a0\u00bb el_class=\u00a0\u00bbctaButton sg-popup-id-8233&Prime;][\/vc_column][\/vc_row]<\/p>\n<\/div>","protected":false},"excerpt":{"rendered":"<p>[vc_row][vc_column][vc_column_text css=\u00a0\u00bb.vc_custom_1593504327971{margin-top: 15px !important;margin-bottom: 15px !important;}\u00a0\u00bb]Traitement de l\u2019eau pour l\u2019industrie du papier et de la p\u00e2te : Pt Lautan Luas Tbk,fournisseur de produits chimiques et de produits chimiques pour papier et p\u00e2tes, est partenaire quantum filtration mediums et agent DMI-65\u00ae en Indon\u00e9sie et en Asie du Sud-Est. Lautan Luas fournit des milliers des meilleurs produits&hellip;<\/p>\n","protected":false},"author":1,"featured_media":0,"parent":7099,"menu_order":0,"comment_status":"closed","ping_status":"closed","template":"","meta":{"content-type":"","footnotes":""},"class_list":["post-9206","page","type-page","status-publish","hentry","description-off"],"yoast_head":"<!-- This site is optimized with the Yoast SEO plugin v25.2 - https:\/\/yoast.com\/wordpress\/plugins\/seo\/ -->\n<title>Traitement de l\u2019eau pour papier et pulpe, filtration media - DMI-65\u00ae<\/title>\n<meta name=\"description\" content=\"DMI-65\u00ae est le meilleur traitement de l\u2019eau pour les industries du papier et de la p\u00e2te, pour l\u2019enl\u00e8vement du fer et du mangan\u00e8se pour les industries manufacturi\u00e8res.\" \/>\n<meta name=\"robots\" content=\"index, follow, max-snippet:-1, max-image-preview:large, max-video-preview:-1\" \/>\n<link rel=\"canonical\" href=\"https:\/\/dmi65.com\/fr\/industries\/traitement-de-leau-pour-lindustrie-du-papier-et-de-la-pate\/\" \/>\n<meta property=\"og:locale\" content=\"fr_FR\" \/>\n<meta property=\"og:type\" content=\"article\" \/>\n<meta property=\"og:title\" content=\"Traitement de l\u2019eau pour papier et pulpe, filtration media - DMI-65\u00ae\" \/>\n<meta property=\"og:description\" content=\"DMI-65\u00ae est le meilleur traitement de l\u2019eau pour les industries du papier et de la p\u00e2te, pour l\u2019enl\u00e8vement du fer et du mangan\u00e8se pour les industries manufacturi\u00e8res.\" \/>\n<meta property=\"og:url\" content=\"https:\/\/dmi65.com\/fr\/industries\/traitement-de-leau-pour-lindustrie-du-papier-et-de-la-pate\/\" \/>\n<meta property=\"og:site_name\" content=\"DMI-65\u00ae\" \/>\n<meta property=\"article:modified_time\" content=\"2020-06-30T10:52:54+00:00\" \/>\n<meta property=\"og:image\" content=\"https:\/\/dmi65.com\/wp-content\/uploads\/2020\/06\/dmi65_Logo_Blk.png\" \/>\n\t<meta property=\"og:image:width\" content=\"466\" \/>\n\t<meta property=\"og:image:height\" content=\"200\" \/>\n\t<meta property=\"og:image:type\" content=\"image\/png\" \/>\n<meta name=\"twitter:card\" content=\"summary_large_image\" \/>\n<meta name=\"twitter:label1\" content=\"Dur\u00e9e de lecture estim\u00e9e\" \/>\n\t<meta name=\"twitter:data1\" content=\"5 minutes\" \/>\n<script type=\"application\/ld+json\" class=\"yoast-schema-graph\">{\"@context\":\"https:\/\/schema.org\",\"@graph\":[{\"@type\":\"WebPage\",\"@id\":\"https:\/\/dmi65.com\/fr\/industries\/traitement-de-leau-pour-lindustrie-du-papier-et-de-la-pate\/\",\"url\":\"https:\/\/dmi65.com\/fr\/industries\/traitement-de-leau-pour-lindustrie-du-papier-et-de-la-pate\/\",\"name\":\"Traitement de l\u2019eau pour papier et pulpe, filtration media - DMI-65\u00ae\",\"isPartOf\":{\"@id\":\"https:\/\/dmi65.com\/fr\/#website\"},\"datePublished\":\"2020-06-30T10:52:52+00:00\",\"dateModified\":\"2020-06-30T10:52:54+00:00\",\"description\":\"DMI-65\u00ae est le meilleur traitement de l\u2019eau pour les industries du papier et de la p\u00e2te, pour l\u2019enl\u00e8vement du fer et du mangan\u00e8se pour les industries manufacturi\u00e8res.\",\"breadcrumb\":{\"@id\":\"https:\/\/dmi65.com\/fr\/industries\/traitement-de-leau-pour-lindustrie-du-papier-et-de-la-pate\/#breadcrumb\"},\"inLanguage\":\"fr-FR\",\"potentialAction\":[{\"@type\":\"ReadAction\",\"target\":[\"https:\/\/dmi65.com\/fr\/industries\/traitement-de-leau-pour-lindustrie-du-papier-et-de-la-pate\/\"]}]},{\"@type\":\"BreadcrumbList\",\"@id\":\"https:\/\/dmi65.com\/fr\/industries\/traitement-de-leau-pour-lindustrie-du-papier-et-de-la-pate\/#breadcrumb\",\"itemListElement\":[{\"@type\":\"ListItem\",\"position\":1,\"name\":\"Home\",\"item\":\"https:\/\/dmi65.com\/fr\/\"},{\"@type\":\"ListItem\",\"position\":2,\"name\":\"Industries\",\"item\":\"https:\/\/dmi65.com\/fr\/industries\/\"},{\"@type\":\"ListItem\",\"position\":3,\"name\":\"Traitement de l\u2019eau pour l\u2019industrie du papier et de la p\u00e2te\"}]},{\"@type\":\"WebSite\",\"@id\":\"https:\/\/dmi65.com\/fr\/#website\",\"url\":\"https:\/\/dmi65.com\/fr\/\",\"name\":\"DMI-65\u00ae\",\"description\":\"Water Filtration &amp; Reverse Osmosis Treatment, Catalytic Media\",\"publisher\":{\"@id\":\"https:\/\/dmi65.com\/fr\/#organization\"},\"potentialAction\":[{\"@type\":\"SearchAction\",\"target\":{\"@type\":\"EntryPoint\",\"urlTemplate\":\"https:\/\/dmi65.com\/fr\/?s={search_term_string}\"},\"query-input\":{\"@type\":\"PropertyValueSpecification\",\"valueRequired\":true,\"valueName\":\"search_term_string\"}}],\"inLanguage\":\"fr-FR\"},{\"@type\":\"Organization\",\"@id\":\"https:\/\/dmi65.com\/fr\/#organization\",\"name\":\"DMI-65 & Quantum Filtration Pty Ltd\",\"url\":\"https:\/\/dmi65.com\/fr\/\",\"logo\":{\"@type\":\"ImageObject\",\"inLanguage\":\"fr-FR\",\"@id\":\"https:\/\/dmi65.com\/fr\/#\/schema\/logo\/image\/\",\"url\":\"https:\/\/dmi65.com\/wp-content\/uploads\/2020\/04\/dmi65.png\",\"contentUrl\":\"https:\/\/dmi65.com\/wp-content\/uploads\/2020\/04\/dmi65.png\",\"width\":440,\"height\":205,\"caption\":\"DMI-65 & Quantum Filtration Pty Ltd\"},\"image\":{\"@id\":\"https:\/\/dmi65.com\/fr\/#\/schema\/logo\/image\/\"},\"sameAs\":[\"https:\/\/www.linkedin.com\/company\/dmi-65\",\"https:\/\/www.youtube.com\/channel\/UCbXoMn5KBp2jrnx4KR_Qg4A\"]}]}<\/script>\n<!-- \/ Yoast SEO plugin. -->","yoast_head_json":{"title":"Traitement de l\u2019eau pour papier et pulpe, filtration media - DMI-65\u00ae","description":"DMI-65\u00ae est le meilleur traitement de l\u2019eau pour les industries du papier et de la p\u00e2te, pour l\u2019enl\u00e8vement du fer et du mangan\u00e8se pour les industries manufacturi\u00e8res.","robots":{"index":"index","follow":"follow","max-snippet":"max-snippet:-1","max-image-preview":"max-image-preview:large","max-video-preview":"max-video-preview:-1"},"canonical":"https:\/\/dmi65.com\/fr\/industries\/traitement-de-leau-pour-lindustrie-du-papier-et-de-la-pate\/","og_locale":"fr_FR","og_type":"article","og_title":"Traitement de l\u2019eau pour papier et pulpe, filtration media - DMI-65\u00ae","og_description":"DMI-65\u00ae est le meilleur traitement de l\u2019eau pour les industries du papier et de la p\u00e2te, pour l\u2019enl\u00e8vement du fer et du mangan\u00e8se pour les industries manufacturi\u00e8res.","og_url":"https:\/\/dmi65.com\/fr\/industries\/traitement-de-leau-pour-lindustrie-du-papier-et-de-la-pate\/","og_site_name":"DMI-65\u00ae","article_modified_time":"2020-06-30T10:52:54+00:00","og_image":[{"width":466,"height":200,"url":"https:\/\/dmi65.com\/wp-content\/uploads\/2020\/06\/dmi65_Logo_Blk.png","type":"image\/png"}],"twitter_card":"summary_large_image","twitter_misc":{"Dur\u00e9e de lecture estim\u00e9e":"5 minutes"},"schema":{"@context":"https:\/\/schema.org","@graph":[{"@type":"WebPage","@id":"https:\/\/dmi65.com\/fr\/industries\/traitement-de-leau-pour-lindustrie-du-papier-et-de-la-pate\/","url":"https:\/\/dmi65.com\/fr\/industries\/traitement-de-leau-pour-lindustrie-du-papier-et-de-la-pate\/","name":"Traitement de l\u2019eau pour papier et pulpe, filtration media - DMI-65\u00ae","isPartOf":{"@id":"https:\/\/dmi65.com\/fr\/#website"},"datePublished":"2020-06-30T10:52:52+00:00","dateModified":"2020-06-30T10:52:54+00:00","description":"DMI-65\u00ae est le meilleur traitement de l\u2019eau pour les industries du papier et de la p\u00e2te, pour l\u2019enl\u00e8vement du fer et du mangan\u00e8se pour les industries manufacturi\u00e8res.","breadcrumb":{"@id":"https:\/\/dmi65.com\/fr\/industries\/traitement-de-leau-pour-lindustrie-du-papier-et-de-la-pate\/#breadcrumb"},"inLanguage":"fr-FR","potentialAction":[{"@type":"ReadAction","target":["https:\/\/dmi65.com\/fr\/industries\/traitement-de-leau-pour-lindustrie-du-papier-et-de-la-pate\/"]}]},{"@type":"BreadcrumbList","@id":"https:\/\/dmi65.com\/fr\/industries\/traitement-de-leau-pour-lindustrie-du-papier-et-de-la-pate\/#breadcrumb","itemListElement":[{"@type":"ListItem","position":1,"name":"Home","item":"https:\/\/dmi65.com\/fr\/"},{"@type":"ListItem","position":2,"name":"Industries","item":"https:\/\/dmi65.com\/fr\/industries\/"},{"@type":"ListItem","position":3,"name":"Traitement de l\u2019eau pour l\u2019industrie du papier et de la p\u00e2te"}]},{"@type":"WebSite","@id":"https:\/\/dmi65.com\/fr\/#website","url":"https:\/\/dmi65.com\/fr\/","name":"DMI-65\u00ae","description":"Water Filtration &amp; Reverse Osmosis Treatment, Catalytic Media","publisher":{"@id":"https:\/\/dmi65.com\/fr\/#organization"},"potentialAction":[{"@type":"SearchAction","target":{"@type":"EntryPoint","urlTemplate":"https:\/\/dmi65.com\/fr\/?s={search_term_string}"},"query-input":{"@type":"PropertyValueSpecification","valueRequired":true,"valueName":"search_term_string"}}],"inLanguage":"fr-FR"},{"@type":"Organization","@id":"https:\/\/dmi65.com\/fr\/#organization","name":"DMI-65 & Quantum Filtration Pty Ltd","url":"https:\/\/dmi65.com\/fr\/","logo":{"@type":"ImageObject","inLanguage":"fr-FR","@id":"https:\/\/dmi65.com\/fr\/#\/schema\/logo\/image\/","url":"https:\/\/dmi65.com\/wp-content\/uploads\/2020\/04\/dmi65.png","contentUrl":"https:\/\/dmi65.com\/wp-content\/uploads\/2020\/04\/dmi65.png","width":440,"height":205,"caption":"DMI-65 & Quantum Filtration Pty Ltd"},"image":{"@id":"https:\/\/dmi65.com\/fr\/#\/schema\/logo\/image\/"},"sameAs":["https:\/\/www.linkedin.com\/company\/dmi-65","https:\/\/www.youtube.com\/channel\/UCbXoMn5KBp2jrnx4KR_Qg4A"]}]}},"_links":{"self":[{"href":"https:\/\/dmi65.com\/fr\/wp-json\/wp\/v2\/pages\/9206","targetHints":{"allow":["GET"]}}],"collection":[{"href":"https:\/\/dmi65.com\/fr\/wp-json\/wp\/v2\/pages"}],"about":[{"href":"https:\/\/dmi65.com\/fr\/wp-json\/wp\/v2\/types\/page"}],"author":[{"embeddable":true,"href":"https:\/\/dmi65.com\/fr\/wp-json\/wp\/v2\/users\/1"}],"replies":[{"embeddable":true,"href":"https:\/\/dmi65.com\/fr\/wp-json\/wp\/v2\/comments?post=9206"}],"version-history":[{"count":3,"href":"https:\/\/dmi65.com\/fr\/wp-json\/wp\/v2\/pages\/9206\/revisions"}],"predecessor-version":[{"id":9212,"href":"https:\/\/dmi65.com\/fr\/wp-json\/wp\/v2\/pages\/9206\/revisions\/9212"}],"up":[{"embeddable":true,"href":"https:\/\/dmi65.com\/fr\/wp-json\/wp\/v2\/pages\/7099"}],"wp:attachment":[{"href":"https:\/\/dmi65.com\/fr\/wp-json\/wp\/v2\/media?parent=9206"}],"curies":[{"name":"wp","href":"https:\/\/api.w.org\/{rel}","templated":true}]}}