{"id":8614,"date":"2020-06-26T11:10:48","date_gmt":"2020-06-26T03:10:48","guid":{"rendered":"http:\/\/dmi65.com\/technique\/support-de-filtration-dmi-activation-et-configuration\/"},"modified":"2020-06-26T11:10:50","modified_gmt":"2020-06-26T03:10:50","slug":"support-de-filtration-dmi-activation-et-configuration","status":"publish","type":"page","link":"https:\/\/dmi65.com\/fr\/technique\/support-de-filtration-dmi-activation-et-configuration\/","title":{"rendered":"Support de filtration DMI &#8211; Activation et configuration"},"content":{"rendered":"<div class=\"wpb-content-wrapper\"><p>[vc_row][vc_column][vc_column_text]<strong>CONFIGURATION ET ACTIVATION DU FILTRE POUR DMI FILTRATION MEDIA<\/strong><\/p>\n<p><a href=\"https:\/\/en.wikipedia.org\/wiki\/Sodium_hypochlorite\" target=\"_blank\" rel=\"noopener noreferrer\">L\u2019hypochlorite de sodium<\/a> est utilis\u00e9e pour activer et conditionner les surfaces catalytiques du milieu de filtre DMI-65. La m\u00e9thode est d\u00e9crite ci-dessous suivie d\u2019un guide \u00e9tape par \u00e9tape. Le processus chimique de s\u00e9chage des surfaces catalytiques DMI-65 \u2013 se fait en trempant le milieu pendant au moins 3 heures avant son utilisation. Id\u00e9alement, plus la p\u00e9riode de trempage et de conditionnement est longue, plus les surfaces catalytiques deviennent fortes et dures.<\/p>\n<p>De l\u2019eau propre est ajout\u00e9e pour remplir l\u2019unit\u00e9 de filtration, remplir jusqu\u2019\u00e0 ce que 50 de la planche libre est submerg\u00e9e. Typiquement une solution de 12,5 hypochlorite de sodium est alors introduite dans l\u2019unit\u00e9 dans un rapport de 10 litres de 12,5 solution hypochlorite de sodium \u00e0 1m3 de DMI-65. DMI-65 est vers\u00e9 dans l\u2019unit\u00e9 de filtre, avec l\u2019allocation de support suffisant comme le quartz filtre, de sorte que le fond du lit DMI-65 se trouve au-dessus des c\u00f4t\u00e9s les plus bas backwash. Le m\u00e9lange est alors l\u00e9g\u00e8rement agit\u00e9 et la vanne de lavage s\u2019ouvre pour \u00e9vacuer l\u2019eau jusqu\u2019\u00e0 ce que l\u2019eau soit au niveau de la surface du milieu de filtration. La vanne de lavage est ensuite ferm\u00e9e. Le DMI-65 est ensuite tremp\u00e9 pendant au moins 3 heures. Plus le trempage est long, mieux c\u2019est.<\/p>\n<p>La vanne de lavage est alors ouverte et toute l\u2019eau est drain\u00e9e du syst\u00e8me. L\u2019hypochlorite de sodium de l\u2019eau de trempage sera concentr\u00e9e \u00e0 plusieurs centaines de ppm et le rejet doit \u00eatre consid\u00e9r\u00e9. Le milieu de filtration DMI est ensuite continuellement lav\u00e9 en continu tandis que l\u2019hypochlorite de sodium est continuellement inject\u00e9e, maintenant un niveau r\u00e9siduel de chlore d\u2019au moins 0,1 \u2013 0,3 mg\/L (ppm) dans l\u2019eau de lavage arri\u00e8re. Ce processus devrait se poursuivre jusqu\u2019\u00e0 ce que le niveau r\u00e9siduel de mangan\u00e8se dans l\u2019eau de lavage arri\u00e8re diminue \u00e0 une valeur \u00ab trois fois plus grande que la limite maximale de contaminants \u00bb de mangan\u00e8se dans votre r\u00e9gion. En r\u00e8gle g\u00e9n\u00e9rale, le taux de mangan\u00e8se doit \u00eatre r\u00e9duit \u00e0 environ 0,15 mg\/L (ou ppm). Dans ce processus, l\u2019exc\u00e8s de dioxyde de mangan\u00e8se laiss\u00e9 par le processus de fabrication de perfusions propri\u00e9taires, qui n\u2019ont pas gu\u00e9ri pour les couches catalytiques DMI-65 doivent \u00eatre lav\u00e9s dans les d\u00e9chets. Le temps pris pour que cela se produise est g\u00e9n\u00e9ralement entre 20 et 40 minutes et jusqu\u2019\u00e0 un certain nombre d\u2019heures pour des applications plus grandes, selon la vitesse de lavage arri\u00e8re et le volume du filtre.<\/p>\n<p>Une fois que la concentration de mangan\u00e8se est tomb\u00e9e \u00e0 0,15 ppm ou moins, l\u2019injection d\u2019hypochlorite ou de chlore est ajust\u00e9e pour porter le niveau de chlore r\u00e9siduel entre 0,1 et 0,3 ppm dans le filtrate. L\u2019utilisation d\u2019un agent r\u00e9ducteur tel que le thiosulphate de sodium peut \u00eatre n\u00e9cessaire pour neutraliser des niveaux \u00e9lev\u00e9s de chlore r\u00e9siduel lorsque le rejet de l\u2019eau de lavage arri\u00e8re n\u2019est pas autoris\u00e9.<\/p>\n<p>L\u2019hypochlorite et le chlore sont en \u00e9quilibre chimique dans l\u2019eau; la position de l\u2019\u00e9quilibre d\u00e9pend du pH et le faible pH (acide) favorise le chlore. Par cons\u00e9quent, le ratio prescrit de: 12,5 solution de chlore, \u00e0 un rapport de 10 litres par 1m3 de DMI-65, qui est utilis\u00e9 pour conditionner le DMI-65 sera naturellement \u00e0 un faible pH.<\/p>\n<p>L\u2019ajout de chlore \u00e0 l\u2019eau donne \u00e0 la fois de l\u2019acide chlorhydrique (HCl) et de l\u2019acide hypochlor\u00e9 et fera in\u00e9vitablement baisser le pH. Parce que l\u2019\u00e9chelle du pH est logarithmique, le pH 6 est 10 fois plus acide que le pH neutre 7. Et le pH 5 est 100 fois plus acide que neutre. Cela signifie que pendant la proc\u00e9dure de trempage et de conditionnement lorsque 10 litres de chlore (12,5) par 1m3 de DMI-65 abaisse le pH \u00e0 moins de pH 3, nous pouvons estimer que la solution est plus de 10.000 fois plus acide que neutre.<\/p>\n<p>Pendant le mode filtre de service, le dosage de chlore fort cause des conditions tr\u00e8s acides qui sont inf\u00e9rieures au pH 5.8. Cela ne devrait jamais se produire avec une pompe de dosage chimique programm\u00e9e \u00e9quip\u00e9e pour le dosage r\u00e9glement\u00e9 pour maintenir le fonctionnement dans une gamme neutre \u00e0 de base de pH. Il est certainement sage d\u2019avoir le syst\u00e8me de surveillance et l\u2019alarme en place pour maintenir le niveau r\u00e9siduel de chlore libre 0.1 &#8211; 0.3 ppm et un pH neutre \u00e0 base. Cela encouragera des taux \u00e9lev\u00e9s d\u2019oxydation des m\u00e9taux lourds cibles et une longue dur\u00e9e de vie.<\/p>\n<p><strong>Activation de la proc\u00e9dure DMI Filtration Media \u00c9tape par \u00e9tape<\/strong><\/p>\n<p>1. Remplissez le r\u00e9cipient filtrant la moiti\u00e9 de sa hauteur ou de son volume interne, ou un peu plus, avec de l\u2019eau propre et ajoutez un minimum de 10 litres d\u2019hypochlorite de sodium (12,5 NaClO) par m\u00e8tre cube de DMI-65. C\u2019est \u00e0 peu pr\u00e8s la m\u00eame chose que 10 fl oz de chlore (12,5) par pied cube de DMI-65. Voir la calculatrice fournie nomm\u00e9e \u00ab Chlore initial requis pour tremper le DMI-65 \u00e0 l\u2019\u00e9tape de mise en place \u00bb<\/p>\n<p>2. Versez le support suivi de DMI-65 dans le trou sup\u00e9rieur du filtre. La profondeur du lit doit \u00eatre selon la profondeur de conception du lit filtre (par exemple 750mm \u2013 1000mm ou 30 \u00ab\u00e0 40\u00bb) plus environ 5. Une planche gratuite de 40 au-dessus du DMI-65 est n\u00e9cessaire pour l\u2019expansion du lit pendant le lavage arri\u00e8re. Si le niveau d\u2019eau n\u2019est pas bien au-dessus du lit DMI-65 ajouter plus d\u2019eau propre. Consultez la calculatrice fournie nomm\u00e9e \u00ab Calculatrice LV-SV \u00bb pour calculer le volume et la profondeur de lit requis.<\/p>\n<p>3. Laissez le lit filtre DMI-65 tremper dans la solution de chlore pendant 3 heures ou plus. Plus le DMI-65 est long \u00e0 tremper, mieux c\u2019est. Le DMI-65 peut \u00eatre laiss\u00e9 \u00e0 tremper toute la nuit ou m\u00eame peut-\u00eatre au cours du week-end.<\/p>\n<p>4. Le chlore dans la solution utilis\u00e9e pour le trempage et le conditionnement du DMI-65 est \u00e0 plusieurs centaines de ppm. Lorsque la d\u00e9charge n\u2019est pas autoris\u00e9e, un agent r\u00e9ducteur tel que le thiosulphate de sodium doit \u00eatre utilis\u00e9 pour neutraliser le chlore avant de jeter dans les d\u00e9chets.<\/p>\n<p>5. Rincez le support de filtration DMI tout en injectant continuellement la solution de chlore. La vitesse de lavage arri\u00e8re devrait \u00eatre d\u2019environ 30 \u00e0 40 m3 \/ m2 \/ heure en fonction de la profondeur du lit. C\u2019est environ 12 &#8211; 15 gpm \/ pied carr\u00e9. Assurez-vous que le niveau de chlore r\u00e9siduel dans l\u2019eau de lavage arri\u00e8re est d\u2019au moins 0,1 \u00e0 0,3 ppm, mais pas plus \u00e9lev\u00e9 que la concentration maximale pr\u00e9vue pour l\u2019eau trait\u00e9e. Continuez \u00e0 laver le DMI-65 jusqu\u2019\u00e0 ce que le mangan\u00e8se r\u00e9siduel (Mn) dans l\u2019eau de lavage arri\u00e8re r\u00e9duise en valeur \u00e0 moins de 3 fois la limite maximale de contaminants (MCL) de votre r\u00e9gion. Par exemple, aux \u00c9tats-Unis, le MCL pour Mn est de 0,05 mg\/L. Par cons\u00e9quent, le DMI-65 doit \u00eatre lav\u00e9 au dos jusqu\u2019\u00e0 ce que le Mn r\u00e9siduel indique moins de 0,15 ppm (0,05 x 3 = 0,15 mg\/L).<\/p>\n<p>6. Assurez-vous que la vitesse de lavage arri\u00e8re est suffisante pour se d\u00e9velopper et augmenter le DMI-65 de sorte que le mat\u00e9riau tr\u00e8s fin est retir\u00e9 du lit. Au cours des premiers stades du lavage arri\u00e8re, il y aura beaucoup de particules noires fines enlev\u00e9es et l\u2019eau de lavage arri\u00e8re sera d\u2019une couleur fonc\u00e9e. Au cours des derni\u00e8res \u00e9tapes du lavage arri\u00e8re, l\u2019eau deviendra plus claire, en fonction du volume de support de filtration DMI, le temps que cela prend peut \u00eatre un certain nombre d\u2019heures. Surveiller le niveau r\u00e9siduel de Mn jusqu\u2019\u00e0 ce qu\u2019il soit tomb\u00e9 en dessous, \u00a0\u00bb trois fois le MCL \u00ab.<\/p>\n<p>7. Tournez le filtre en mode rin\u00e7age. La m\u00eame concentration de chlore doit \u00eatre inject\u00e9e pendant le rin\u00e7age afin de maintenir le reste de chlore libre de 0,1 \u00e0 0,3 ppm. Cette eau doit \u00eatre rejet\u00e9e dans les d\u00e9chets jusqu\u2019\u00e0 ce que les niveaux r\u00e9siduels de Mn tombent en dessous de la LMC. Cette limite peut varier d\u2019un pays \u00e0 l\u2019autre.<\/p>\n<p>8. Une fois que le niveau r\u00e9siduel d\u2019eau mn est tomb\u00e9 en dessous de la MCL locale en mode rin\u00e7age, tournez le filtre en mode service. D\u00e9marrez le mode service tout en injectant continuellement du chlore. Le chlore libre total peut \u00eatre r\u00e9duit si n\u00e9cessaire. Cependant, assurez-vous qu\u2019il y a toujours des r\u00e9sidus de chlore libres dans l\u2019eau trait\u00e9e. Il n\u2019est pas recommand\u00e9 de courir avec du chlore sans r\u00e9sidus de moins de 0,1 ppm. Le d\u00e9bit de service sera de l\u2019ordre d\u2019environ 5 m3 \u2013 20 m3 \/ m2 \/ heure ou 2 \u2013 8 gpm par pied carr\u00e9. Cela d\u00e9pend de la profondeur du lit filtre et de la qualit\u00e9 de l\u2019eau.<\/p>\n<p>9. Surveillance de la qualit\u00e9 de l\u2019eau brute<br \/>\nSi le fer r\u00e9siduel (Fe) et le mangan\u00e8se (Mn) \u00ab brisent \u00bb le lit de support DMI-65 \u00e0 des concentrations plus \u00e9lev\u00e9es que vos zones MCL, v\u00e9rifiez ce qui suit :<\/p>\n<p>\u2022 Y a-t-il un chlore r\u00e9siduel libre?<br \/>\n\u2022 Le pH est-il anormalement bas?<br \/>\n\u2022 Le lit filtre DMI-65 est-il suffisamment lav\u00e9?<br \/>\n\u2022 Le DMI-65 est-il vieux?<br \/>\n\u2022 Y a-t-il une d\u00e9faillance de l\u2019\u00e9quipement comme un syst\u00e8me de dosage chimique?<\/p>\n<p>10. Veuillez v\u00e9rifier que les \u00e9l\u00e9ments suivants ne sont pas en forte concentration dans l\u2019eau brute. Si ces \u00e9l\u00e9ments sont de fortes concentrations, veuillez <a href=\"http:\/\/dmi65.com\/fr\/contact\/\">contacter<\/a> Quantum Filtration Medium ou votre agent DMI-65 local.<\/p>\n<p>\u2022 Sel<br \/>\n\u2022 Ammoniac<br \/>\n\u2022 Silice<br \/>\n\u2022 Calcium et magn\u00e9sium (duret\u00e9 excessive)[\/vc_column_text][\/vc_column][\/vc_row][vc_row content_placement=\u00a0\u00bbmiddle\u00a0\u00bb css=\u00a0\u00bb.vc_custom_1592794121420{padding-top: 20px !important;padding-right: 20px !important;padding-bottom: 5px !important;padding-left: 20px !important;}\u00a0\u00bb el_class=\u00a0\u00bbcta\u00a0\u00bb][vc_column]<div class=\"dt-fancy-separator\" style=\"width: 100%;\"><div class=\"dt-fancy-title\"><span class=\"separator-holder separator-left\"><\/span>Pour plus d\u2019informations sur dmi-65\u00ae l\u2019activation et la configuration des m\u00e9dias de filtration, veuillez vous renseigner.<span class=\"separator-holder separator-right\"><\/span><\/div><\/div>[vc_btn title=\u00a0\u00bbQUESTIONS TECHNIQUES\u00a0\u00bb style=\u00a0\u00bbcustom\u00a0\u00bb custom_background=\u00a0\u00bb#162441&Prime; custom_text=\u00a0\u00bb#ffffff\u00a0\u00bb shape=\u00a0\u00bbsquare\u00a0\u00bb size=\u00a0\u00bblg\u00a0\u00bb align=\u00a0\u00bbcenter\u00a0\u00bb i_align=\u00a0\u00bbright\u00a0\u00bb i_icon_fontawesome=\u00a0\u00bbfas fa-chevron-right\u00a0\u00bb add_icon=\u00a0\u00bbtrue\u00a0\u00bb css=\u00a0\u00bb.vc_custom_1593050402705{margin-top: 20px !important;}\u00a0\u00bb el_class=\u00a0\u00bbctaButton sg-popup-id-8549&Prime;][\/vc_column][\/vc_row]<\/p>\n<\/div>","protected":false},"excerpt":{"rendered":"<p>[vc_row][vc_column][vc_column_text]CONFIGURATION ET ACTIVATION DU FILTRE POUR DMI FILTRATION MEDIA L\u2019hypochlorite de sodium est utilis\u00e9e pour activer et conditionner les surfaces catalytiques du milieu de filtre DMI-65. La m\u00e9thode est d\u00e9crite ci-dessous suivie d\u2019un guide \u00e9tape par \u00e9tape. Le processus chimique de s\u00e9chage des surfaces catalytiques DMI-65 \u2013 se fait en trempant le milieu pendant au&hellip;<\/p>\n","protected":false},"author":1,"featured_media":0,"parent":7162,"menu_order":0,"comment_status":"closed","ping_status":"closed","template":"","meta":{"content-type":"","footnotes":""},"class_list":["post-8614","page","type-page","status-publish","hentry","description-off"],"yoast_head":"<!-- This site is optimized with the Yoast SEO plugin v25.2 - https:\/\/yoast.com\/wordpress\/plugins\/seo\/ -->\n<title>Activation et configuration DMI Filtration Media - DMI-65\u00ae<\/title>\n<meta name=\"description\" content=\"Guide \u00e9tape par \u00e9tape pour l\u2019activation et la configuration des supports de filtration DMI, y compris la configuration du filtre et les processus de s\u00e9chage des surfaces catalytiques.\" \/>\n<meta name=\"robots\" content=\"index, follow, max-snippet:-1, max-image-preview:large, max-video-preview:-1\" \/>\n<link rel=\"canonical\" href=\"https:\/\/dmi65.com\/fr\/technique\/support-de-filtration-dmi-activation-et-configuration\/\" \/>\n<meta property=\"og:locale\" content=\"fr_FR\" \/>\n<meta property=\"og:type\" content=\"article\" \/>\n<meta property=\"og:title\" content=\"Activation et configuration DMI Filtration Media - DMI-65\u00ae\" \/>\n<meta property=\"og:description\" content=\"Guide \u00e9tape par \u00e9tape pour l\u2019activation et la configuration des supports de filtration DMI, y compris la configuration du filtre et les processus de s\u00e9chage des surfaces catalytiques.\" \/>\n<meta property=\"og:url\" content=\"https:\/\/dmi65.com\/fr\/technique\/support-de-filtration-dmi-activation-et-configuration\/\" \/>\n<meta property=\"og:site_name\" content=\"DMI-65\u00ae\" \/>\n<meta property=\"article:modified_time\" content=\"2020-06-26T03:10:50+00:00\" \/>\n<meta property=\"og:image\" content=\"https:\/\/dmi65.com\/wp-content\/uploads\/2020\/06\/dmi65_Logo_Blk.png\" \/>\n\t<meta property=\"og:image:width\" content=\"466\" \/>\n\t<meta property=\"og:image:height\" content=\"200\" \/>\n\t<meta property=\"og:image:type\" content=\"image\/png\" \/>\n<meta name=\"twitter:card\" content=\"summary_large_image\" \/>\n<meta name=\"twitter:label1\" content=\"Dur\u00e9e de lecture estim\u00e9e\" \/>\n\t<meta name=\"twitter:data1\" content=\"9 minutes\" \/>\n<script type=\"application\/ld+json\" class=\"yoast-schema-graph\">{\"@context\":\"https:\/\/schema.org\",\"@graph\":[{\"@type\":\"WebPage\",\"@id\":\"https:\/\/dmi65.com\/fr\/technique\/support-de-filtration-dmi-activation-et-configuration\/\",\"url\":\"https:\/\/dmi65.com\/fr\/technique\/support-de-filtration-dmi-activation-et-configuration\/\",\"name\":\"Activation et configuration DMI Filtration Media - DMI-65\u00ae\",\"isPartOf\":{\"@id\":\"https:\/\/dmi65.com\/fr\/#website\"},\"datePublished\":\"2020-06-26T03:10:48+00:00\",\"dateModified\":\"2020-06-26T03:10:50+00:00\",\"description\":\"Guide \u00e9tape par \u00e9tape pour l\u2019activation et la configuration des supports de filtration DMI, y compris la configuration du filtre et les processus de s\u00e9chage des surfaces catalytiques.\",\"breadcrumb\":{\"@id\":\"https:\/\/dmi65.com\/fr\/technique\/support-de-filtration-dmi-activation-et-configuration\/#breadcrumb\"},\"inLanguage\":\"fr-FR\",\"potentialAction\":[{\"@type\":\"ReadAction\",\"target\":[\"https:\/\/dmi65.com\/fr\/technique\/support-de-filtration-dmi-activation-et-configuration\/\"]}]},{\"@type\":\"BreadcrumbList\",\"@id\":\"https:\/\/dmi65.com\/fr\/technique\/support-de-filtration-dmi-activation-et-configuration\/#breadcrumb\",\"itemListElement\":[{\"@type\":\"ListItem\",\"position\":1,\"name\":\"Home\",\"item\":\"https:\/\/dmi65.com\/fr\/\"},{\"@type\":\"ListItem\",\"position\":2,\"name\":\"Technique\",\"item\":\"https:\/\/dmi65.com\/fr\/technique\/\"},{\"@type\":\"ListItem\",\"position\":3,\"name\":\"Support de filtration DMI &#8211; Activation et configuration\"}]},{\"@type\":\"WebSite\",\"@id\":\"https:\/\/dmi65.com\/fr\/#website\",\"url\":\"https:\/\/dmi65.com\/fr\/\",\"name\":\"DMI-65\u00ae\",\"description\":\"Water Filtration &amp; Reverse Osmosis Treatment, Catalytic Media\",\"publisher\":{\"@id\":\"https:\/\/dmi65.com\/fr\/#organization\"},\"potentialAction\":[{\"@type\":\"SearchAction\",\"target\":{\"@type\":\"EntryPoint\",\"urlTemplate\":\"https:\/\/dmi65.com\/fr\/?s={search_term_string}\"},\"query-input\":{\"@type\":\"PropertyValueSpecification\",\"valueRequired\":true,\"valueName\":\"search_term_string\"}}],\"inLanguage\":\"fr-FR\"},{\"@type\":\"Organization\",\"@id\":\"https:\/\/dmi65.com\/fr\/#organization\",\"name\":\"DMI-65 & Quantum Filtration Pty Ltd\",\"url\":\"https:\/\/dmi65.com\/fr\/\",\"logo\":{\"@type\":\"ImageObject\",\"inLanguage\":\"fr-FR\",\"@id\":\"https:\/\/dmi65.com\/fr\/#\/schema\/logo\/image\/\",\"url\":\"https:\/\/dmi65.com\/wp-content\/uploads\/2020\/04\/dmi65.png\",\"contentUrl\":\"https:\/\/dmi65.com\/wp-content\/uploads\/2020\/04\/dmi65.png\",\"width\":440,\"height\":205,\"caption\":\"DMI-65 & Quantum Filtration Pty Ltd\"},\"image\":{\"@id\":\"https:\/\/dmi65.com\/fr\/#\/schema\/logo\/image\/\"},\"sameAs\":[\"https:\/\/www.linkedin.com\/company\/dmi-65\",\"https:\/\/www.youtube.com\/channel\/UCbXoMn5KBp2jrnx4KR_Qg4A\"]}]}<\/script>\n<!-- \/ Yoast SEO plugin. -->","yoast_head_json":{"title":"Activation et configuration DMI Filtration Media - DMI-65\u00ae","description":"Guide \u00e9tape par \u00e9tape pour l\u2019activation et la configuration des supports de filtration DMI, y compris la configuration du filtre et les processus de s\u00e9chage des surfaces catalytiques.","robots":{"index":"index","follow":"follow","max-snippet":"max-snippet:-1","max-image-preview":"max-image-preview:large","max-video-preview":"max-video-preview:-1"},"canonical":"https:\/\/dmi65.com\/fr\/technique\/support-de-filtration-dmi-activation-et-configuration\/","og_locale":"fr_FR","og_type":"article","og_title":"Activation et configuration DMI Filtration Media - DMI-65\u00ae","og_description":"Guide \u00e9tape par \u00e9tape pour l\u2019activation et la configuration des supports de filtration DMI, y compris la configuration du filtre et les processus de s\u00e9chage des surfaces catalytiques.","og_url":"https:\/\/dmi65.com\/fr\/technique\/support-de-filtration-dmi-activation-et-configuration\/","og_site_name":"DMI-65\u00ae","article_modified_time":"2020-06-26T03:10:50+00:00","og_image":[{"width":466,"height":200,"url":"https:\/\/dmi65.com\/wp-content\/uploads\/2020\/06\/dmi65_Logo_Blk.png","type":"image\/png"}],"twitter_card":"summary_large_image","twitter_misc":{"Dur\u00e9e de lecture estim\u00e9e":"9 minutes"},"schema":{"@context":"https:\/\/schema.org","@graph":[{"@type":"WebPage","@id":"https:\/\/dmi65.com\/fr\/technique\/support-de-filtration-dmi-activation-et-configuration\/","url":"https:\/\/dmi65.com\/fr\/technique\/support-de-filtration-dmi-activation-et-configuration\/","name":"Activation et configuration DMI Filtration Media - DMI-65\u00ae","isPartOf":{"@id":"https:\/\/dmi65.com\/fr\/#website"},"datePublished":"2020-06-26T03:10:48+00:00","dateModified":"2020-06-26T03:10:50+00:00","description":"Guide \u00e9tape par \u00e9tape pour l\u2019activation et la configuration des supports de filtration DMI, y compris la configuration du filtre et les processus de s\u00e9chage des surfaces catalytiques.","breadcrumb":{"@id":"https:\/\/dmi65.com\/fr\/technique\/support-de-filtration-dmi-activation-et-configuration\/#breadcrumb"},"inLanguage":"fr-FR","potentialAction":[{"@type":"ReadAction","target":["https:\/\/dmi65.com\/fr\/technique\/support-de-filtration-dmi-activation-et-configuration\/"]}]},{"@type":"BreadcrumbList","@id":"https:\/\/dmi65.com\/fr\/technique\/support-de-filtration-dmi-activation-et-configuration\/#breadcrumb","itemListElement":[{"@type":"ListItem","position":1,"name":"Home","item":"https:\/\/dmi65.com\/fr\/"},{"@type":"ListItem","position":2,"name":"Technique","item":"https:\/\/dmi65.com\/fr\/technique\/"},{"@type":"ListItem","position":3,"name":"Support de filtration DMI &#8211; Activation et configuration"}]},{"@type":"WebSite","@id":"https:\/\/dmi65.com\/fr\/#website","url":"https:\/\/dmi65.com\/fr\/","name":"DMI-65\u00ae","description":"Water Filtration &amp; Reverse Osmosis Treatment, Catalytic Media","publisher":{"@id":"https:\/\/dmi65.com\/fr\/#organization"},"potentialAction":[{"@type":"SearchAction","target":{"@type":"EntryPoint","urlTemplate":"https:\/\/dmi65.com\/fr\/?s={search_term_string}"},"query-input":{"@type":"PropertyValueSpecification","valueRequired":true,"valueName":"search_term_string"}}],"inLanguage":"fr-FR"},{"@type":"Organization","@id":"https:\/\/dmi65.com\/fr\/#organization","name":"DMI-65 & Quantum Filtration Pty Ltd","url":"https:\/\/dmi65.com\/fr\/","logo":{"@type":"ImageObject","inLanguage":"fr-FR","@id":"https:\/\/dmi65.com\/fr\/#\/schema\/logo\/image\/","url":"https:\/\/dmi65.com\/wp-content\/uploads\/2020\/04\/dmi65.png","contentUrl":"https:\/\/dmi65.com\/wp-content\/uploads\/2020\/04\/dmi65.png","width":440,"height":205,"caption":"DMI-65 & Quantum Filtration Pty Ltd"},"image":{"@id":"https:\/\/dmi65.com\/fr\/#\/schema\/logo\/image\/"},"sameAs":["https:\/\/www.linkedin.com\/company\/dmi-65","https:\/\/www.youtube.com\/channel\/UCbXoMn5KBp2jrnx4KR_Qg4A"]}]}},"_links":{"self":[{"href":"https:\/\/dmi65.com\/fr\/wp-json\/wp\/v2\/pages\/8614","targetHints":{"allow":["GET"]}}],"collection":[{"href":"https:\/\/dmi65.com\/fr\/wp-json\/wp\/v2\/pages"}],"about":[{"href":"https:\/\/dmi65.com\/fr\/wp-json\/wp\/v2\/types\/page"}],"author":[{"embeddable":true,"href":"https:\/\/dmi65.com\/fr\/wp-json\/wp\/v2\/users\/1"}],"replies":[{"embeddable":true,"href":"https:\/\/dmi65.com\/fr\/wp-json\/wp\/v2\/comments?post=8614"}],"version-history":[{"count":0,"href":"https:\/\/dmi65.com\/fr\/wp-json\/wp\/v2\/pages\/8614\/revisions"}],"up":[{"embeddable":true,"href":"https:\/\/dmi65.com\/fr\/wp-json\/wp\/v2\/pages\/7162"}],"wp:attachment":[{"href":"https:\/\/dmi65.com\/fr\/wp-json\/wp\/v2\/media?parent=8614"}],"curies":[{"name":"wp","href":"https:\/\/api.w.org\/{rel}","templated":true}]}}