{"id":7210,"date":"2020-06-16T12:05:10","date_gmt":"2020-06-16T04:05:10","guid":{"rendered":"http:\/\/dmi65.com\/contact\/"},"modified":"2020-06-16T12:05:14","modified_gmt":"2020-06-16T04:05:14","slug":"contact","status":"publish","type":"page","link":"https:\/\/dmi65.com\/fr\/contact\/","title":{"rendered":"Contact"},"content":{"rendered":"<div class=\"wpb-content-wrapper\"><p>[vc_row css=\u00a0\u00bb.vc_custom_1592193885405{margin-bottom: 15px !important;}\u00a0\u00bb][vc_column]<div class=\"dt-fancy-separator title-left h4-size\" style=\"width: 100%;\"><div class=\"dt-fancy-title\"><span class=\"separator-holder separator-left\"><\/span>DMI-65 avec la technologie d\u2019infusion est un m\u00e9dia catalytique avanc\u00e9 d\u2019oxydation pour le fer d\u2019enl\u00e8vement et le mangan\u00e8se qui a \u00e9t\u00e9 utilis\u00e9 dans une grande vari\u00e9t\u00e9 d\u2019applications dans 40 pays dans le monde entier depuis plus de 15 ans. Fabriqu\u00e9 exclusivement en Australie-Occidentale par Quantum Filtration Medium Pty Ltd.<span class=\"separator-holder separator-right\"><\/span><\/div><\/div>[\/vc_column][\/vc_row][vc_row css=\u00a0\u00bb.vc_custom_1592193634485{margin-top: 15px !important;margin-bottom: 15px !important;padding-top: 15px !important;}\u00a0\u00bb][vc_column width=\u00a0\u00bb1\/2&Prime;][vc_column_text]<strong>DMI-65 Vasse Si\u00e8ge social<\/strong><\/p>\n<p>Support de filtration quantique de t\u00e9l\u00e9phone : +618 9755 8212<\/p>\n<p>Courriel : <a href=\"mailto:james@dmi65.com\">james@dmi65.com<\/a><\/p>\n<p><strong>DMI-65 Collie Warehouse:<\/strong><\/p>\n<p>T\u00e9l\u00e9phone Quantum Filtration Medium (+618) 9734 3641<\/p>\n<p>Courriel : <a href=\"mailto:info@dmi65.com\">info@dmi65.com<\/a><\/p>\n<p><strong>DMI-65 Perth Warehouse:<\/strong><\/p>\n<p>T\u00e9l\u00e9phone Quantum Filtration Medium (+61) 1300 303 281<\/p>\n<p>Courriel : <a href=\"mailto:info@dmi65.com\">info@dmi65.com<\/a>[\/vc_column_text][contact-form-7 id=\u00a0\u00bb0&Prime;][\/vc_column][vc_column width=\u00a0\u00bb1\/2&Prime;][vc_gmaps link=\u00a0\u00bb#E-8_JTNDaWZyYW1lJTIwc3JjJTNEJTIyaHR0cHMlM0ElMkYlMkZ3d3cuZ29vZ2xlLmNvbSUyRm1hcHMlMkZlbWJlZCUzRnBiJTNEJTIxMW0xNCUyMTFtOCUyMTFtMyUyMTFkMTMyODAuOTk5MDM1MDE2OTgzJTIxMmQxMTUuMjMxMzg4NyUyMTNkLTMzLjY3NjU5NjUlMjEzbTIlMjExaTEwMjQlMjEyaTc2OCUyMTRmMTMuMSUyMTNtMyUyMTFtMiUyMTFzMHgwJTI1M0EweDcxYmQ2OTliNDQ3ZGQwNzAlMjEyc1F1YW50dW0lMjUyMEZpbHRyYXRpb24lMjUyME1lZGl1bSUyNTIwUHR5JTI1MjBMdGQlMjE1ZTAlMjEzbTIlMjExc2VuJTIxMnNhdSUyMTR2MTU5MjE5MzAxNzk0NSUyMTVtMiUyMTFzZW4lMjEyc2F1JTIyJTIwd2lkdGglM0QlMjI2MDAlMjIlMjBoZWlnaHQlM0QlMjI0NTAlMjIlMjBmcmFtZWJvcmRlciUzRCUyMjAlMjIlMjBzdHlsZSUzRCUyMmJvcmRlciUzQTAlM0IlMjIlMjBhbGxvd2Z1bGxzY3JlZW4lM0QlMjIlMjIlMjBhcmlhLWhpZGRlbiUzRCUyMmZhbHNlJTIyJTIwdGFiaW5kZXglM0QlMjIwJTIyJTNFJTNDJTJGaWZyYW1lJTNF\u00a0\u00bb][\/vc_column][\/vc_row]<\/p>\n<\/div>","protected":false},"excerpt":{"rendered":"<p>[vc_row css=\u00a0\u00bb.vc_custom_1592193885405{margin-bottom: 15px !important;}\u00a0\u00bb][vc_column][\/vc_column][\/vc_row][vc_row css=\u00a0\u00bb.vc_custom_1592193634485{margin-top: 15px !important;margin-bottom: 15px !important;padding-top: 15px !important;}\u00a0\u00bb][vc_column width=\u00a0\u00bb1\/2&Prime;][vc_column_text]DMI-65 Vasse Si\u00e8ge social Support de filtration quantique de t\u00e9l\u00e9phone : +618 9755 8212 Courriel : james@dmi65.com DMI-65 Collie Warehouse: T\u00e9l\u00e9phone Quantum Filtration Medium (+618) 9734 3641 Courriel : info@dmi65.com DMI-65 Perth Warehouse: T\u00e9l\u00e9phone Quantum Filtration Medium (+61) 1300 303 281 Courriel : info@dmi65.com[\/vc_column_text][contact-form-7&hellip;<\/p>\n","protected":false},"author":1,"featured_media":0,"parent":0,"menu_order":70,"comment_status":"closed","ping_status":"closed","template":"","meta":{"content-type":"","footnotes":""},"class_list":["post-7210","page","type-page","status-publish","hentry","description-off"],"yoast_head":"<!-- This site is optimized with the Yoast SEO plugin v25.2 - https:\/\/yoast.com\/wordpress\/plugins\/seo\/ -->\n<title>Contact - DMI-65\u00ae, Distributeurs et experts en filtration d\u2019eau<\/title>\n<meta name=\"description\" content=\"DMI-65 avec la technologie d\u2019infusion est un m\u00e9dia catalytique d\u2019oxydation avanc\u00e9 pour le fer d\u2019enl\u00e8vement et le mangan\u00e8se peut \u00eatre utilis\u00e9 dans plusieurs industries.\" \/>\n<meta name=\"robots\" content=\"index, follow, max-snippet:-1, max-image-preview:large, max-video-preview:-1\" \/>\n<link rel=\"canonical\" href=\"https:\/\/dmi65.com\/fr\/contact\/\" \/>\n<meta property=\"og:locale\" content=\"fr_FR\" \/>\n<meta property=\"og:type\" content=\"article\" \/>\n<meta property=\"og:title\" content=\"Contact - DMI-65\u00ae, Distributeurs et experts en filtration d\u2019eau\" \/>\n<meta property=\"og:description\" content=\"DMI-65 avec la technologie d\u2019infusion est un m\u00e9dia catalytique d\u2019oxydation avanc\u00e9 pour le fer d\u2019enl\u00e8vement et le mangan\u00e8se peut \u00eatre utilis\u00e9 dans plusieurs industries.\" \/>\n<meta property=\"og:url\" content=\"https:\/\/dmi65.com\/fr\/contact\/\" \/>\n<meta property=\"og:site_name\" content=\"DMI-65\u00ae\" \/>\n<meta property=\"article:modified_time\" content=\"2020-06-16T04:05:14+00:00\" \/>\n<meta property=\"og:image\" content=\"https:\/\/dmi65.com\/wp-content\/uploads\/2020\/06\/dmi65_Logo_Blk.png\" \/>\n\t<meta property=\"og:image:width\" content=\"466\" \/>\n\t<meta property=\"og:image:height\" content=\"200\" \/>\n\t<meta property=\"og:image:type\" content=\"image\/png\" \/>\n<meta name=\"twitter:card\" content=\"summary_large_image\" \/>\n<meta name=\"twitter:label1\" content=\"Dur\u00e9e de lecture estim\u00e9e\" \/>\n\t<meta name=\"twitter:data1\" content=\"1 minute\" \/>\n<script type=\"application\/ld+json\" class=\"yoast-schema-graph\">{\"@context\":\"https:\/\/schema.org\",\"@graph\":[{\"@type\":\"WebPage\",\"@id\":\"https:\/\/dmi65.com\/fr\/contact\/\",\"url\":\"https:\/\/dmi65.com\/fr\/contact\/\",\"name\":\"Contact - DMI-65\u00ae, Distributeurs et experts en filtration d\u2019eau\",\"isPartOf\":{\"@id\":\"https:\/\/dmi65.com\/fr\/#website\"},\"datePublished\":\"2020-06-16T04:05:10+00:00\",\"dateModified\":\"2020-06-16T04:05:14+00:00\",\"description\":\"DMI-65 avec la technologie d\u2019infusion est un m\u00e9dia catalytique d\u2019oxydation avanc\u00e9 pour le fer d\u2019enl\u00e8vement et le mangan\u00e8se peut \u00eatre utilis\u00e9 dans plusieurs industries.\",\"breadcrumb\":{\"@id\":\"https:\/\/dmi65.com\/fr\/contact\/#breadcrumb\"},\"inLanguage\":\"fr-FR\",\"potentialAction\":[{\"@type\":\"ReadAction\",\"target\":[\"https:\/\/dmi65.com\/fr\/contact\/\"]}]},{\"@type\":\"BreadcrumbList\",\"@id\":\"https:\/\/dmi65.com\/fr\/contact\/#breadcrumb\",\"itemListElement\":[{\"@type\":\"ListItem\",\"position\":1,\"name\":\"Home\",\"item\":\"https:\/\/dmi65.com\/fr\/\"},{\"@type\":\"ListItem\",\"position\":2,\"name\":\"Contact\"}]},{\"@type\":\"WebSite\",\"@id\":\"https:\/\/dmi65.com\/fr\/#website\",\"url\":\"https:\/\/dmi65.com\/fr\/\",\"name\":\"DMI-65\u00ae\",\"description\":\"Water Filtration &amp; Reverse Osmosis Treatment, Catalytic Media\",\"publisher\":{\"@id\":\"https:\/\/dmi65.com\/fr\/#organization\"},\"potentialAction\":[{\"@type\":\"SearchAction\",\"target\":{\"@type\":\"EntryPoint\",\"urlTemplate\":\"https:\/\/dmi65.com\/fr\/?s={search_term_string}\"},\"query-input\":{\"@type\":\"PropertyValueSpecification\",\"valueRequired\":true,\"valueName\":\"search_term_string\"}}],\"inLanguage\":\"fr-FR\"},{\"@type\":\"Organization\",\"@id\":\"https:\/\/dmi65.com\/fr\/#organization\",\"name\":\"DMI-65 & Quantum Filtration Pty Ltd\",\"url\":\"https:\/\/dmi65.com\/fr\/\",\"logo\":{\"@type\":\"ImageObject\",\"inLanguage\":\"fr-FR\",\"@id\":\"https:\/\/dmi65.com\/fr\/#\/schema\/logo\/image\/\",\"url\":\"https:\/\/dmi65.com\/wp-content\/uploads\/2020\/04\/dmi65.png\",\"contentUrl\":\"https:\/\/dmi65.com\/wp-content\/uploads\/2020\/04\/dmi65.png\",\"width\":440,\"height\":205,\"caption\":\"DMI-65 & Quantum Filtration Pty Ltd\"},\"image\":{\"@id\":\"https:\/\/dmi65.com\/fr\/#\/schema\/logo\/image\/\"},\"sameAs\":[\"https:\/\/www.linkedin.com\/company\/dmi-65\",\"https:\/\/www.youtube.com\/channel\/UCbXoMn5KBp2jrnx4KR_Qg4A\"]}]}<\/script>\n<!-- \/ Yoast SEO plugin. -->","yoast_head_json":{"title":"Contact - DMI-65\u00ae, Distributeurs et experts en filtration d\u2019eau","description":"DMI-65 avec la technologie d\u2019infusion est un m\u00e9dia catalytique d\u2019oxydation avanc\u00e9 pour le fer d\u2019enl\u00e8vement et le mangan\u00e8se peut \u00eatre utilis\u00e9 dans plusieurs industries.","robots":{"index":"index","follow":"follow","max-snippet":"max-snippet:-1","max-image-preview":"max-image-preview:large","max-video-preview":"max-video-preview:-1"},"canonical":"https:\/\/dmi65.com\/fr\/contact\/","og_locale":"fr_FR","og_type":"article","og_title":"Contact - DMI-65\u00ae, Distributeurs et experts en filtration d\u2019eau","og_description":"DMI-65 avec la technologie d\u2019infusion est un m\u00e9dia catalytique d\u2019oxydation avanc\u00e9 pour le fer d\u2019enl\u00e8vement et le mangan\u00e8se peut \u00eatre utilis\u00e9 dans plusieurs industries.","og_url":"https:\/\/dmi65.com\/fr\/contact\/","og_site_name":"DMI-65\u00ae","article_modified_time":"2020-06-16T04:05:14+00:00","og_image":[{"width":466,"height":200,"url":"https:\/\/dmi65.com\/wp-content\/uploads\/2020\/06\/dmi65_Logo_Blk.png","type":"image\/png"}],"twitter_card":"summary_large_image","twitter_misc":{"Dur\u00e9e de lecture estim\u00e9e":"1 minute"},"schema":{"@context":"https:\/\/schema.org","@graph":[{"@type":"WebPage","@id":"https:\/\/dmi65.com\/fr\/contact\/","url":"https:\/\/dmi65.com\/fr\/contact\/","name":"Contact - DMI-65\u00ae, Distributeurs et experts en filtration d\u2019eau","isPartOf":{"@id":"https:\/\/dmi65.com\/fr\/#website"},"datePublished":"2020-06-16T04:05:10+00:00","dateModified":"2020-06-16T04:05:14+00:00","description":"DMI-65 avec la technologie d\u2019infusion est un m\u00e9dia catalytique d\u2019oxydation avanc\u00e9 pour le fer d\u2019enl\u00e8vement et le mangan\u00e8se peut \u00eatre utilis\u00e9 dans plusieurs industries.","breadcrumb":{"@id":"https:\/\/dmi65.com\/fr\/contact\/#breadcrumb"},"inLanguage":"fr-FR","potentialAction":[{"@type":"ReadAction","target":["https:\/\/dmi65.com\/fr\/contact\/"]}]},{"@type":"BreadcrumbList","@id":"https:\/\/dmi65.com\/fr\/contact\/#breadcrumb","itemListElement":[{"@type":"ListItem","position":1,"name":"Home","item":"https:\/\/dmi65.com\/fr\/"},{"@type":"ListItem","position":2,"name":"Contact"}]},{"@type":"WebSite","@id":"https:\/\/dmi65.com\/fr\/#website","url":"https:\/\/dmi65.com\/fr\/","name":"DMI-65\u00ae","description":"Water Filtration &amp; Reverse Osmosis Treatment, Catalytic Media","publisher":{"@id":"https:\/\/dmi65.com\/fr\/#organization"},"potentialAction":[{"@type":"SearchAction","target":{"@type":"EntryPoint","urlTemplate":"https:\/\/dmi65.com\/fr\/?s={search_term_string}"},"query-input":{"@type":"PropertyValueSpecification","valueRequired":true,"valueName":"search_term_string"}}],"inLanguage":"fr-FR"},{"@type":"Organization","@id":"https:\/\/dmi65.com\/fr\/#organization","name":"DMI-65 & Quantum Filtration Pty Ltd","url":"https:\/\/dmi65.com\/fr\/","logo":{"@type":"ImageObject","inLanguage":"fr-FR","@id":"https:\/\/dmi65.com\/fr\/#\/schema\/logo\/image\/","url":"https:\/\/dmi65.com\/wp-content\/uploads\/2020\/04\/dmi65.png","contentUrl":"https:\/\/dmi65.com\/wp-content\/uploads\/2020\/04\/dmi65.png","width":440,"height":205,"caption":"DMI-65 & Quantum Filtration Pty Ltd"},"image":{"@id":"https:\/\/dmi65.com\/fr\/#\/schema\/logo\/image\/"},"sameAs":["https:\/\/www.linkedin.com\/company\/dmi-65","https:\/\/www.youtube.com\/channel\/UCbXoMn5KBp2jrnx4KR_Qg4A"]}]}},"_links":{"self":[{"href":"https:\/\/dmi65.com\/fr\/wp-json\/wp\/v2\/pages\/7210","targetHints":{"allow":["GET"]}}],"collection":[{"href":"https:\/\/dmi65.com\/fr\/wp-json\/wp\/v2\/pages"}],"about":[{"href":"https:\/\/dmi65.com\/fr\/wp-json\/wp\/v2\/types\/page"}],"author":[{"embeddable":true,"href":"https:\/\/dmi65.com\/fr\/wp-json\/wp\/v2\/users\/1"}],"replies":[{"embeddable":true,"href":"https:\/\/dmi65.com\/fr\/wp-json\/wp\/v2\/comments?post=7210"}],"version-history":[{"count":0,"href":"https:\/\/dmi65.com\/fr\/wp-json\/wp\/v2\/pages\/7210\/revisions"}],"wp:attachment":[{"href":"https:\/\/dmi65.com\/fr\/wp-json\/wp\/v2\/media?parent=7210"}],"curies":[{"name":"wp","href":"https:\/\/api.w.org\/{rel}","templated":true}]}}