{"id":6290,"date":"2020-06-09T19:48:35","date_gmt":"2020-06-09T11:48:35","guid":{"rendered":"http:\/\/dmi65.com\/eau-filtration-avantages\/"},"modified":"2020-06-09T19:48:37","modified_gmt":"2020-06-09T11:48:37","slug":"eau-filtration-avantages","status":"publish","type":"page","link":"https:\/\/dmi65.com\/fr\/technique\/eau-filtration-avantages\/","title":{"rendered":"Avantages de filtration de l\u2019eau"},"content":{"rendered":"<div class=\"wpb-content-wrapper\"><p>[vc_row][vc_column]<div class=\"dt-fancy-separator title-left h2-size style-disabled\" style=\"width: 100%;\"><div class=\"dt-fancy-title\"><span class=\"separator-holder separator-left\"><\/span>Avantages de DMI-65 pour la filtration de l\u2019eau<span class=\"separator-holder separator-right\"><\/span><\/div><\/div>[vc_separator color=\u00a0\u00bbcustom\u00a0\u00bb accent_color=\u00a0\u00bb#162441&Prime; css=\u00a0\u00bb.vc_custom_1590629801215{margin-top: 15px !important;margin-bottom: 15px !important;}\u00a0\u00bb][vc_column_text]<\/p>\n<p style=\"text-align: left;\">DMI-65 est un m\u00e9dia r\u00e9volutionnaire de filtration catalytique de la technologie infusion con\u00e7u pour l\u2019enl\u00e8vement du fer et du mangan\u00e8se sans l\u2019utilisation du permanganate de potassium. La structure micro-poreuse unique de DMI-65 \u00e9limine efficacement le fer dissous \u00e0 aussi bas que 0,001 ppm et le mangan\u00e8se \u00e0 0,001 ppm. Le DMI-65 agit comme catalyseur d\u2019oxydation avec l\u2019oxydation imm\u00e9diate et la filtration des pr\u00e9cipit\u00e9s insolubles. Les m\u00e9dias sont largement utilis\u00e9s dans une grande vari\u00e9t\u00e9 d\u2019applications depuis plus de 30 ans.<\/p>\n<p>[\/vc_column_text]<div class=\"uavc-list-icon uavc-list-icon-wrapper ult-adjust-bottom-margin   vc_custom_1590633244219  vc_custom_1590633244219\"><ul class=\"uavc-list\"><li><div class=\"uavc-list-content\" id=\"list-icon-wrap-9775\">\n<div class=\"uavc-list-icon  \" data-animation=\"\" data-animation-delay=\"03\" style=\"margin-right:20px;\"><div class=\"ult-just-icon-wrapper  \"><div class=\"align-icon\" style=\"text-align:center;\">\n<div class=\"aio-icon none \"  style=\"color:#81d742;font-size:20px;display:inline-block;\">\n\t<i class=\"fas fa-check\"><\/i>\n<\/div><\/div><\/div>\n<\/div><span  data-ultimate-target='#list-icon-wrap-9775 .uavc-list-desc'  data-responsive-json-new='{\"font-size\":\"\",\"line-height\":\"\"}'  class=\"uavc-list-desc ult-responsive\" style=\"\"><strong>\u00c9limine le permanganate de potassium :<\/strong> Fonctionne avec l\u2019injection continue d\u2019hypochlorite de sodium \u00e0 de faibles niveaux r\u00e9siduels (0,1 \u00e0 0,3 ppm)<\/span><\/div><\/li><li><div class=\"uavc-list-content\" id=\"list-icon-wrap-4202\">\n<div class=\"uavc-list-icon  \" data-animation=\"\" data-animation-delay=\"03\" style=\"margin-right:20px;\"><div class=\"ult-just-icon-wrapper  \"><div class=\"align-icon\" style=\"text-align:center;\">\n<div class=\"aio-icon none \"  style=\"color:#81d742;font-size:20px;display:inline-block;\">\n\t<i class=\"fas fa-check\"><\/i>\n<\/div><\/div><\/div>\n<\/div><span  data-ultimate-target='#list-icon-wrap-4202 .uavc-list-desc'  data-responsive-json-new='{\"font-size\":\"\",\"line-height\":\"\"}'  class=\"uavc-list-desc ult-responsive\" style=\"\"><strong>Large gamme de pH:<\/strong> Performance stable et satisfaisante \u00e0 pH 5,8 \u00e0 8,6<\/p>\n<p><\/span><\/div><\/li><li><div class=\"uavc-list-content\" id=\"list-icon-wrap-4113\">\n<div class=\"uavc-list-icon  \" data-animation=\"\" data-animation-delay=\"03\" style=\"margin-right:20px;\"><div class=\"ult-just-icon-wrapper  \"><div class=\"align-icon\" style=\"text-align:center;\">\n<div class=\"aio-icon none \"  style=\"color:#81d742;font-size:20px;display:inline-block;\">\n\t<i class=\"fas fa-check\"><\/i>\n<\/div><\/div><\/div>\n<\/div><span  data-ultimate-target='#list-icon-wrap-4113 .uavc-list-desc'  data-responsive-json-new='{\"font-size\":\"\",\"line-height\":\"\"}'  class=\"uavc-list-desc ult-responsive\" style=\"\"><strong>Taux de d\u00e9bit \u00e9lev\u00e9s :<\/strong> DMI-65 peut fonctionner \u00e0 des vitesses de filtration lin\u00e9aires jusqu\u2019\u00e0 deux fois sup\u00e9rieure \u00e0 celle des supports conventionnels avec des temp\u00e9ratures d\u2019exploitation plus \u00e9lev\u00e9es. Temp\u00e9rature de fonctionnement maximale de 113 oF (45 oC)<\/p>\n<p><\/span><\/div><\/li><li><div class=\"uavc-list-content\" id=\"list-icon-wrap-3532\">\n<div class=\"uavc-list-icon  \" data-animation=\"\" data-animation-delay=\"03\" style=\"margin-right:20px;\"><div class=\"ult-just-icon-wrapper  \"><div class=\"align-icon\" style=\"text-align:center;\">\n<div class=\"aio-icon none \"  style=\"color:#81d742;font-size:20px;display:inline-block;\">\n\t<i class=\"fas fa-check\"><\/i>\n<\/div><\/div><\/div>\n<\/div><span  data-ultimate-target='#list-icon-wrap-3532 .uavc-list-desc'  data-responsive-json-new='{\"font-size\":\"\",\"line-height\":\"\"}'  class=\"uavc-list-desc ult-responsive\" style=\"\"><strong>Longue vie:<\/strong> DMI-65 n\u2019est pas consomm\u00e9 dans le processus offrant des avantages consid\u00e9rables par rapport \u00e0 d\u2019autres processus ou m\u00e9dias<\/p>\n<p><\/span><\/div><\/li><li><div class=\"uavc-list-content\" id=\"list-icon-wrap-1374\">\n<div class=\"uavc-list-icon  \" data-animation=\"\" data-animation-delay=\"03\" style=\"margin-right:20px;\"><div class=\"ult-just-icon-wrapper  \"><div class=\"align-icon\" style=\"text-align:center;\">\n<div class=\"aio-icon none \"  style=\"color:#81d742;font-size:20px;display:inline-block;\">\n\t<i class=\"fas fa-check\"><\/i>\n<\/div><\/div><\/div>\n<\/div><span  data-ultimate-target='#list-icon-wrap-1374 .uavc-list-desc'  data-responsive-json-new='{\"font-size\":\"\",\"line-height\":\"\"}'  class=\"uavc-list-desc ult-responsive\" style=\"\"><strong>R\u00e9g\u00e9n\u00e9ration non requise :<\/strong> Apr\u00e8s l\u2019activation initiale, il suffit d\u2019hypochlorite de sodium.<\/p>\n<p><\/span><\/div><\/li><li><div class=\"uavc-list-content\" id=\"list-icon-wrap-3429\">\n<div class=\"uavc-list-icon  \" data-animation=\"\" data-animation-delay=\"03\" style=\"margin-right:20px;\"><div class=\"ult-just-icon-wrapper  \"><div class=\"align-icon\" style=\"text-align:center;\">\n<div class=\"aio-icon none \"  style=\"color:#81d742;font-size:20px;display:inline-block;\">\n\t<i class=\"fas fa-check\"><\/i>\n<\/div><\/div><\/div>\n<\/div><span  data-ultimate-target='#list-icon-wrap-3429 .uavc-list-desc'  data-responsive-json-new='{\"font-size\":\"\",\"line-height\":\"\"}'  class=\"uavc-list-desc ult-responsive\" style=\"\"><strong>Compatibilit\u00e9 du syst\u00e8me :<\/strong> Les propri\u00e9t\u00e9s physiques sont similaires \u00e0 celles des m\u00e9dias concurrentiels permettant la conversion en DMI-65 sans modifications mat\u00e9rielles majeures<\/p>\n<p><\/span><\/div><\/li><li><div class=\"uavc-list-content\" id=\"list-icon-wrap-7230\">\n<div class=\"uavc-list-icon  \" data-animation=\"\" data-animation-delay=\"03\" style=\"margin-right:20px;\"><div class=\"ult-just-icon-wrapper  \"><div class=\"align-icon\" style=\"text-align:center;\">\n<div class=\"aio-icon none \"  style=\"color:#81d742;font-size:20px;display:inline-block;\">\n\t<i class=\"fas fa-check\"><\/i>\n<\/div><\/div><\/div>\n<\/div><span  data-ultimate-target='#list-icon-wrap-7230 .uavc-list-desc'  data-responsive-json-new='{\"font-size\":\"\",\"line-height\":\"\"}'  class=\"uavc-list-desc ult-responsive\" style=\"\"><strong>Enl\u00e8vement de l\u2019arsenic :<\/strong> Il a \u00e9t\u00e9 d\u00e9montr\u00e9 que le DMI-65 est efficace dans l\u2019\u00e9limination de l\u2019arsenic associ\u00e9 \u00e0 l\u2019influence contenant du fer. Si n\u00e9cessaire, le chlorure de fer peut \u00eatre introduit pour traiter les eaux \u00e0 faible teneur en fer influent ou pour am\u00e9liorer l\u2019\u00e9limination lors du traitement des eaux avec des niveaux \u00e9lev\u00e9s d\u2019arsenic<\/p>\n<p><\/span><\/div><\/li><\/ul><\/div>[\/vc_column][\/vc_row]<\/p>\n<\/div>","protected":false},"excerpt":{"rendered":"<p>[vc_row][vc_column][vc_separator color=\u00a0\u00bbcustom\u00a0\u00bb accent_color=\u00a0\u00bb#162441&Prime; css=\u00a0\u00bb.vc_custom_1590629801215{margin-top: 15px !important;margin-bottom: 15px !important;}\u00a0\u00bb][vc_column_text] DMI-65 est un m\u00e9dia r\u00e9volutionnaire de filtration catalytique de la technologie infusion con\u00e7u pour l\u2019enl\u00e8vement du fer et du mangan\u00e8se sans l\u2019utilisation du permanganate de potassium. La structure micro-poreuse unique de DMI-65 \u00e9limine efficacement le fer dissous \u00e0 aussi bas que 0,001 ppm et le mangan\u00e8se \u00e0&hellip;<\/p>\n","protected":false},"author":1,"featured_media":0,"parent":7162,"menu_order":0,"comment_status":"closed","ping_status":"closed","template":"","meta":{"content-type":"","footnotes":""},"class_list":["post-6290","page","type-page","status-publish","hentry","description-off"],"yoast_head":"<!-- This site is optimized with the Yoast SEO plugin v25.2 - https:\/\/yoast.com\/wordpress\/plugins\/seo\/ -->\n<title>Avantages de filtration de l\u2019eau - DMI-65\u00ae<\/title>\n<meta name=\"robots\" content=\"index, follow, max-snippet:-1, max-image-preview:large, max-video-preview:-1\" \/>\n<link rel=\"canonical\" href=\"https:\/\/dmi65.com\/fr\/technique\/eau-filtration-avantages\/\" \/>\n<meta property=\"og:locale\" content=\"fr_FR\" \/>\n<meta property=\"og:type\" content=\"article\" \/>\n<meta property=\"og:title\" content=\"Avantages de filtration de l\u2019eau - DMI-65\u00ae\" \/>\n<meta property=\"og:description\" content=\"[vc_row][vc_column][vc_separator color=\u00a0\u00bbcustom\u00a0\u00bb accent_color=\u00a0\u00bb#162441&Prime; css=\u00a0\u00bb.vc_custom_1590629801215{margin-top: 15px !important;margin-bottom: 15px !important;}\u00a0\u00bb][vc_column_text] DMI-65 est un m\u00e9dia r\u00e9volutionnaire de filtration catalytique de la technologie infusion con\u00e7u pour l\u2019enl\u00e8vement du fer et du mangan\u00e8se sans l\u2019utilisation du permanganate de potassium. La structure micro-poreuse unique de DMI-65 \u00e9limine efficacement le fer dissous \u00e0 aussi bas que 0,001 ppm et le mangan\u00e8se \u00e0&hellip;\" \/>\n<meta property=\"og:url\" content=\"https:\/\/dmi65.com\/fr\/technique\/eau-filtration-avantages\/\" \/>\n<meta property=\"og:site_name\" content=\"DMI-65\u00ae\" \/>\n<meta property=\"article:modified_time\" content=\"2020-06-09T11:48:37+00:00\" \/>\n<meta property=\"og:image\" content=\"https:\/\/dmi65.com\/wp-content\/uploads\/2020\/06\/dmi65_Logo_Blk.png\" \/>\n\t<meta property=\"og:image:width\" content=\"466\" \/>\n\t<meta property=\"og:image:height\" content=\"200\" \/>\n\t<meta property=\"og:image:type\" content=\"image\/png\" \/>\n<meta name=\"twitter:card\" content=\"summary_large_image\" \/>\n<meta name=\"twitter:label1\" content=\"Dur\u00e9e de lecture estim\u00e9e\" \/>\n\t<meta name=\"twitter:data1\" content=\"2 minutes\" \/>\n<script type=\"application\/ld+json\" class=\"yoast-schema-graph\">{\"@context\":\"https:\/\/schema.org\",\"@graph\":[{\"@type\":\"WebPage\",\"@id\":\"https:\/\/dmi65.com\/fr\/technique\/eau-filtration-avantages\/\",\"url\":\"https:\/\/dmi65.com\/fr\/technique\/eau-filtration-avantages\/\",\"name\":\"Avantages de filtration de l\u2019eau - DMI-65\u00ae\",\"isPartOf\":{\"@id\":\"https:\/\/dmi65.com\/fr\/#website\"},\"datePublished\":\"2020-06-09T11:48:35+00:00\",\"dateModified\":\"2020-06-09T11:48:37+00:00\",\"breadcrumb\":{\"@id\":\"https:\/\/dmi65.com\/fr\/technique\/eau-filtration-avantages\/#breadcrumb\"},\"inLanguage\":\"fr-FR\",\"potentialAction\":[{\"@type\":\"ReadAction\",\"target\":[\"https:\/\/dmi65.com\/fr\/technique\/eau-filtration-avantages\/\"]}]},{\"@type\":\"BreadcrumbList\",\"@id\":\"https:\/\/dmi65.com\/fr\/technique\/eau-filtration-avantages\/#breadcrumb\",\"itemListElement\":[{\"@type\":\"ListItem\",\"position\":1,\"name\":\"Home\",\"item\":\"https:\/\/dmi65.com\/fr\/\"},{\"@type\":\"ListItem\",\"position\":2,\"name\":\"Technique\",\"item\":\"https:\/\/dmi65.com\/fr\/technique\/\"},{\"@type\":\"ListItem\",\"position\":3,\"name\":\"Avantages de filtration de l\u2019eau\"}]},{\"@type\":\"WebSite\",\"@id\":\"https:\/\/dmi65.com\/fr\/#website\",\"url\":\"https:\/\/dmi65.com\/fr\/\",\"name\":\"DMI-65\u00ae\",\"description\":\"Water Filtration &amp; Reverse Osmosis Treatment, Catalytic Media\",\"publisher\":{\"@id\":\"https:\/\/dmi65.com\/fr\/#organization\"},\"potentialAction\":[{\"@type\":\"SearchAction\",\"target\":{\"@type\":\"EntryPoint\",\"urlTemplate\":\"https:\/\/dmi65.com\/fr\/?s={search_term_string}\"},\"query-input\":{\"@type\":\"PropertyValueSpecification\",\"valueRequired\":true,\"valueName\":\"search_term_string\"}}],\"inLanguage\":\"fr-FR\"},{\"@type\":\"Organization\",\"@id\":\"https:\/\/dmi65.com\/fr\/#organization\",\"name\":\"DMI-65 & Quantum Filtration Pty Ltd\",\"url\":\"https:\/\/dmi65.com\/fr\/\",\"logo\":{\"@type\":\"ImageObject\",\"inLanguage\":\"fr-FR\",\"@id\":\"https:\/\/dmi65.com\/fr\/#\/schema\/logo\/image\/\",\"url\":\"https:\/\/dmi65.com\/wp-content\/uploads\/2020\/04\/dmi65.png\",\"contentUrl\":\"https:\/\/dmi65.com\/wp-content\/uploads\/2020\/04\/dmi65.png\",\"width\":440,\"height\":205,\"caption\":\"DMI-65 & Quantum Filtration Pty Ltd\"},\"image\":{\"@id\":\"https:\/\/dmi65.com\/fr\/#\/schema\/logo\/image\/\"},\"sameAs\":[\"https:\/\/www.linkedin.com\/company\/dmi-65\",\"https:\/\/www.youtube.com\/channel\/UCbXoMn5KBp2jrnx4KR_Qg4A\"]}]}<\/script>\n<!-- \/ Yoast SEO plugin. -->","yoast_head_json":{"title":"Avantages de filtration de l\u2019eau - DMI-65\u00ae","robots":{"index":"index","follow":"follow","max-snippet":"max-snippet:-1","max-image-preview":"max-image-preview:large","max-video-preview":"max-video-preview:-1"},"canonical":"https:\/\/dmi65.com\/fr\/technique\/eau-filtration-avantages\/","og_locale":"fr_FR","og_type":"article","og_title":"Avantages de filtration de l\u2019eau - DMI-65\u00ae","og_description":"[vc_row][vc_column][vc_separator color=\u00a0\u00bbcustom\u00a0\u00bb accent_color=\u00a0\u00bb#162441&Prime; css=\u00a0\u00bb.vc_custom_1590629801215{margin-top: 15px !important;margin-bottom: 15px !important;}\u00a0\u00bb][vc_column_text] DMI-65 est un m\u00e9dia r\u00e9volutionnaire de filtration catalytique de la technologie infusion con\u00e7u pour l\u2019enl\u00e8vement du fer et du mangan\u00e8se sans l\u2019utilisation du permanganate de potassium. La structure micro-poreuse unique de DMI-65 \u00e9limine efficacement le fer dissous \u00e0 aussi bas que 0,001 ppm et le mangan\u00e8se \u00e0&hellip;","og_url":"https:\/\/dmi65.com\/fr\/technique\/eau-filtration-avantages\/","og_site_name":"DMI-65\u00ae","article_modified_time":"2020-06-09T11:48:37+00:00","og_image":[{"width":466,"height":200,"url":"https:\/\/dmi65.com\/wp-content\/uploads\/2020\/06\/dmi65_Logo_Blk.png","type":"image\/png"}],"twitter_card":"summary_large_image","twitter_misc":{"Dur\u00e9e de lecture estim\u00e9e":"2 minutes"},"schema":{"@context":"https:\/\/schema.org","@graph":[{"@type":"WebPage","@id":"https:\/\/dmi65.com\/fr\/technique\/eau-filtration-avantages\/","url":"https:\/\/dmi65.com\/fr\/technique\/eau-filtration-avantages\/","name":"Avantages de filtration de l\u2019eau - DMI-65\u00ae","isPartOf":{"@id":"https:\/\/dmi65.com\/fr\/#website"},"datePublished":"2020-06-09T11:48:35+00:00","dateModified":"2020-06-09T11:48:37+00:00","breadcrumb":{"@id":"https:\/\/dmi65.com\/fr\/technique\/eau-filtration-avantages\/#breadcrumb"},"inLanguage":"fr-FR","potentialAction":[{"@type":"ReadAction","target":["https:\/\/dmi65.com\/fr\/technique\/eau-filtration-avantages\/"]}]},{"@type":"BreadcrumbList","@id":"https:\/\/dmi65.com\/fr\/technique\/eau-filtration-avantages\/#breadcrumb","itemListElement":[{"@type":"ListItem","position":1,"name":"Home","item":"https:\/\/dmi65.com\/fr\/"},{"@type":"ListItem","position":2,"name":"Technique","item":"https:\/\/dmi65.com\/fr\/technique\/"},{"@type":"ListItem","position":3,"name":"Avantages de filtration de l\u2019eau"}]},{"@type":"WebSite","@id":"https:\/\/dmi65.com\/fr\/#website","url":"https:\/\/dmi65.com\/fr\/","name":"DMI-65\u00ae","description":"Water Filtration &amp; Reverse Osmosis Treatment, Catalytic Media","publisher":{"@id":"https:\/\/dmi65.com\/fr\/#organization"},"potentialAction":[{"@type":"SearchAction","target":{"@type":"EntryPoint","urlTemplate":"https:\/\/dmi65.com\/fr\/?s={search_term_string}"},"query-input":{"@type":"PropertyValueSpecification","valueRequired":true,"valueName":"search_term_string"}}],"inLanguage":"fr-FR"},{"@type":"Organization","@id":"https:\/\/dmi65.com\/fr\/#organization","name":"DMI-65 & Quantum Filtration Pty Ltd","url":"https:\/\/dmi65.com\/fr\/","logo":{"@type":"ImageObject","inLanguage":"fr-FR","@id":"https:\/\/dmi65.com\/fr\/#\/schema\/logo\/image\/","url":"https:\/\/dmi65.com\/wp-content\/uploads\/2020\/04\/dmi65.png","contentUrl":"https:\/\/dmi65.com\/wp-content\/uploads\/2020\/04\/dmi65.png","width":440,"height":205,"caption":"DMI-65 & Quantum Filtration Pty Ltd"},"image":{"@id":"https:\/\/dmi65.com\/fr\/#\/schema\/logo\/image\/"},"sameAs":["https:\/\/www.linkedin.com\/company\/dmi-65","https:\/\/www.youtube.com\/channel\/UCbXoMn5KBp2jrnx4KR_Qg4A"]}]}},"_links":{"self":[{"href":"https:\/\/dmi65.com\/fr\/wp-json\/wp\/v2\/pages\/6290","targetHints":{"allow":["GET"]}}],"collection":[{"href":"https:\/\/dmi65.com\/fr\/wp-json\/wp\/v2\/pages"}],"about":[{"href":"https:\/\/dmi65.com\/fr\/wp-json\/wp\/v2\/types\/page"}],"author":[{"embeddable":true,"href":"https:\/\/dmi65.com\/fr\/wp-json\/wp\/v2\/users\/1"}],"replies":[{"embeddable":true,"href":"https:\/\/dmi65.com\/fr\/wp-json\/wp\/v2\/comments?post=6290"}],"version-history":[{"count":0,"href":"https:\/\/dmi65.com\/fr\/wp-json\/wp\/v2\/pages\/6290\/revisions"}],"up":[{"embeddable":true,"href":"https:\/\/dmi65.com\/fr\/wp-json\/wp\/v2\/pages\/7162"}],"wp:attachment":[{"href":"https:\/\/dmi65.com\/fr\/wp-json\/wp\/v2\/media?parent=6290"}],"curies":[{"name":"wp","href":"https:\/\/api.w.org\/{rel}","templated":true}]}}